{"id":22618,"date":"2022-08-09T17:33:18","date_gmt":"2022-08-09T15:33:18","guid":{"rendered":"https:\/\/relaxsrl.com\/technische-unterstuetzung\/"},"modified":"2022-11-18T11:16:22","modified_gmt":"2022-11-18T10:16:22","slug":"technische-unterstuetzung","status":"publish","type":"page","link":"https:\/\/relaxsrl.com\/de\/technische-unterstuetzung\/","title":{"rendered":"Technische Unterst\u00fctzung"},"content":{"rendered":"<p>[vc_row full_width=&#8220;stretch_row&#8220; content_placement=&#8220;middle&#8220; el_class=&#8220;intro-row&#8220;][vc_column width=&#8220;5\/12&#8243;][vc_column_text]<\/p>\n<h1>Unterst\u00fctzung<br \/>\nTechnik<\/h1>\n<p>[\/vc_column_text][\/vc_column][vc_column width=&#8220;7\/12&#8243;][vc_column_text el_class=&#8220;abstract&#8220;]Wir stehen Ihnen zur Verf\u00fcgung, um Ihnen technische Unterst\u00fctzung zu Duschabtrennungen durch direkten Kontakt mit einem Einzelh\u00e4ndler oder per E-Mail mit einem unserer Experten zu geben. Wir bieten Ihnen auch die Antworten auf die Fragen, die uns am h\u00e4ufigsten gestellt werden.[\/vc_column_text][\/vc_column][\/vc_row][vc_row el_class=&#8220;row-path&#8220;][vc_column][vc_column_text][\/vc_column_text][\/vc_column][\/vc_row][vc_row equal_height=&#8220;yes&#8220; content_placement=&#8220;middle&#8220; el_class=&#8220;row-ambiente&#8220;][vc_column width=&#8220;7\/12&#8243;][vc_single_image image=&#8220;3553&#8243; img_size=&#8220;full&#8220; onclick=&#8220;custom_link&#8220; link=&#8220;https:\/\/relaxsrl.com\/de\/technische-unterstuetzung\/faq\/&#8220;][\/vc_column][vc_column width=&#8220;5\/12&#8243; css=&#8220;.vc_custom_1633415004219{background-image: url(http:\/\/relaxsrl.com\/wp-content\/uploads\/2021\/10\/FAQ-opaco.jpg?id=3546) !important;background-position: center !important;background-repeat: no-repeat !important;background-size: cover !important;}&#8220; el_class=&#8220;col-text&#8220;][vc_column_text]<\/p>\n<h3 style=\"text-align: center;\">Haben Sie die FAQ gesehen?<\/h3>\n<p style=\"text-align: center;\">Vielleicht hatte schon jemand das gleiche Problem wie Sie und wir haben es gel\u00f6st. Lesen Sie unsere Antworten.<\/p>\n<p>[\/vc_column_text][vc_btn title=&#8220;GEHEN ZU FAQ&#8220; style=&#8220;classic&#8220; shape=&#8220;square&#8220; color=&#8220;white&#8220; align=&#8220;center&#8220; link=&#8220;url:https%3A%2F%2Frelaxsrl.com%2Fde%2Ftechnische-unterstuetzung%2Ffaq%2F|title:FAQ&#8220; el_class=&#8220;btn-default-white&#8220;][\/vc_column][\/vc_row][vc_row equal_height=&#8220;yes&#8220; content_placement=&#8220;middle&#8220; el_class=&#8220;row-ambiente&#8220;][vc_column width=&#8220;5\/12&#8243; css=&#8220;.vc_custom_1643635051038{background-image: url(http:\/\/relaxsrl.com\/wp-content\/uploads\/2022\/01\/centri-assistenza-blur-1.jpg?id=16371) !important;background-position: center !important;background-repeat: no-repeat !important;background-size: cover !important;}&#8220; el_class=&#8220;col-text&#8220;][vc_column_text]<\/p>\n<h3 style=\"text-align: center;\">Schreiben Sie uns eine E-Mail<\/h3>\n<p style=\"text-align: center;\">Haben Sie eine spezielle Frage, die nicht beantwortet werden kann? Schreiben Sie uns jetzt und einer unserer Experten wird Ihnen antworten.<\/p>\n<p>[\/vc_column_text][vc_btn title=&#8220;KONTAKTIERE UNS&#8220; style=&#8220;classic&#8220; shape=&#8220;square&#8220; color=&#8220;white&#8220; align=&#8220;center&#8220; link=&#8220;url:https%3A%2F%2Frelaxsrl.com%2Fde%2Fkontakte%2F|title:Kontakte&#8220; el_class=&#8220;btn-default-white&#8220;][\/vc_column][vc_column width=&#8220;7\/12&#8243;][vc_single_image image=&#8220;3561&#8243; img_size=&#8220;full&#8220; onclick=&#8220;custom_link&#8220; link=&#8220;https:\/\/relaxsrl.com\/de\/kontakte\/&#8220;][\/vc_column][\/vc_row][vc_row equal_height=&#8220;yes&#8220; content_placement=&#8220;middle&#8220; el_class=&#8220;row-ambiente&#8220;][vc_column width=&#8220;7\/12&#8243;][vc_single_image image=&#8220;15532&#8243; img_size=&#8220;full&#8220; onclick=&#8220;custom_link&#8220; link=&#8220;https:\/\/relaxsrl.com\/de\/produkte\/download\/&#8220;][\/vc_column][vc_column width=&#8220;5\/12&#8243; css=&#8220;.vc_custom_1633415044544{background-image: url(http:\/\/relaxsrl.com\/wp-content\/uploads\/2021\/10\/Scrivici-opaco.jpg?id=3554) !important;background-position: center !important;background-repeat: no-repeat !important;background-size: cover !important;}&#8220; el_class=&#8220;col-text&#8220;][vc_column_text]<\/p>\n<h3 style=\"text-align: center;\">Download<\/h3>\n<p style=\"text-align: center;\">Hier finden Sie Montageanleitungen und technische Datenbl\u00e4tter.<\/p>\n<p>[\/vc_column_text][vc_btn title=&#8220;GEHEN SIE ZU DOWNLOADS&#8220; style=&#8220;classic&#8220; shape=&#8220;square&#8220; color=&#8220;white&#8220; align=&#8220;center&#8220; link=&#8220;url:https%3A%2F%2Frelaxsrl.com%2Fde%2Fprodukte%2Fdownload%2F|title:Suchen%20Sie%20nach%20Hilfecenter&#8220; el_class=&#8220;btn-default-white&#8220;][\/vc_column][\/vc_row][vc_row][vc_column][vc_empty_space height=&#8220;100px&#8220;][\/vc_column][\/vc_row]<\/p>\n","protected":false},"excerpt":{"rendered":"<p>[vc_row full_width=&#8220;stretch_row&#8220; content_placement=&#8220;middle&#8220; el_class=&#8220;intro-row&#8220;][vc_column width=&#8220;5\/12&#8243;][vc_column_text] Unterst\u00fctzung Technik [\/vc_column_text][\/vc_column][vc_column width=&#8220;7\/12&#8243;][vc_column_text el_class=&#8220;abstract&#8220;]Wir stehen Ihnen zur Verf\u00fcgung, um Ihnen technische Unterst\u00fctzung zu Duschabtrennungen durch direkten Kontakt mit einem Einzelh\u00e4ndler oder per E-Mail mit einem unserer Experten zu geben. Wir bieten Ihnen auch die Antworten auf die Fragen, die uns am h\u00e4ufigsten gestellt werden.[\/vc_column_text][\/vc_column][\/vc_row][vc_row el_class=&#8220;row-path&#8220;][vc_column][vc_column_text][\/vc_column_text][\/vc_column][\/vc_row][vc_row equal_height=&#8220;yes&#8220; content_placement=&#8220;middle&#8220; el_class=&#8220;row-ambiente&#8220;][vc_column width=&#8220;7\/12&#8243;][vc_single_image [&hellip;]<\/p>\n","protected":false},"author":3,"featured_media":16351,"parent":0,"menu_order":0,"comment_status":"closed","ping_status":"closed","template":"","meta":[],"acf":[],"yoast_head":"<!-- This site is optimized with the Yoast SEO Premium plugin v18.4 (Yoast SEO v18.8) - https:\/\/yoast.com\/wordpress\/plugins\/seo\/ -->\n<title>Technische Unterst\u00fctzung box doccia: veloci nella soluzioni<\/title>\n<meta name=\"description\" content=\"Mit unserer technischen Unterst\u00fctzung f\u00fcr Duschboxen stehen wir Ihnen \u00fcber den H\u00e4ndler oder per E-Mail mit einem unserer Experten zur Verf\u00fcgung.\" \/>\n<meta name=\"robots\" content=\"index, follow, max-snippet:-1, max-image-preview:large, max-video-preview:-1\" \/>\n<link rel=\"canonical\" href=\"https:\/\/relaxsrl.com\/de\/technische-unterstuetzung\/\" \/>\n<meta property=\"og:locale\" content=\"de_DE\" \/>\n<meta property=\"og:type\" content=\"article\" \/>\n<meta property=\"og:title\" content=\"Technische Unterst\u00fctzung box doccia: veloci nella soluzioni\" \/>\n<meta property=\"og:description\" content=\"Mit unserer technischen Unterst\u00fctzung f\u00fcr Duschboxen stehen wir Ihnen \u00fcber den H\u00e4ndler oder per E-Mail mit einem unserer Experten zur Verf\u00fcgung.\" \/>\n<meta property=\"og:url\" content=\"https:\/\/relaxsrl.com\/de\/technische-unterstuetzung\/\" \/>\n<meta property=\"og:site_name\" content=\"Relax srl\" \/>\n<meta property=\"article:modified_time\" content=\"2022-11-18T10:16:22+00:00\" \/>\n<meta name=\"twitter:card\" content=\"summary_large_image\" \/>\n<meta name=\"twitter:label1\" content=\"Gesch\u00e4tzte Lesezeit\" \/>\n\t<meta name=\"twitter:data1\" content=\"2 Minuten\" \/>\n<script type=\"application\/ld+json\" class=\"yoast-schema-graph\">{\"@context\":\"https:\/\/schema.org\",\"@graph\":[{\"@type\":\"WebSite\",\"@id\":\"https:\/\/relaxsrl.com\/#website\",\"url\":\"https:\/\/relaxsrl.com\/\",\"name\":\"Relax srl\",\"description\":\"\",\"potentialAction\":[{\"@type\":\"SearchAction\",\"target\":{\"@type\":\"EntryPoint\",\"urlTemplate\":\"https:\/\/relaxsrl.com\/?s={search_term_string}\"},\"query-input\":\"required name=search_term_string\"}],\"inLanguage\":\"de-DE\"},{\"@type\":\"ImageObject\",\"inLanguage\":\"de-DE\",\"@id\":\"https:\/\/relaxsrl.com\/de\/technische-unterstuetzung\/#primaryimage\",\"url\":\"https:\/\/relaxsrl.com\/website\/wp-content\/uploads\/2022\/01\/centri-assistenza.jpg\",\"contentUrl\":\"https:\/\/relaxsrl.com\/website\/wp-content\/uploads\/2022\/01\/centri-assistenza.jpg\",\"width\":960,\"height\":660,\"caption\":\"area architetti ricerca centro assistenza su mappa con puntine rosse\"},{\"@type\":\"WebPage\",\"@id\":\"https:\/\/relaxsrl.com\/de\/technische-unterstuetzung\/#webpage\",\"url\":\"https:\/\/relaxsrl.com\/de\/technische-unterstuetzung\/\",\"name\":\"Technische Unterst\u00fctzung box doccia: veloci nella soluzioni\",\"isPartOf\":{\"@id\":\"https:\/\/relaxsrl.com\/#website\"},\"primaryImageOfPage\":{\"@id\":\"https:\/\/relaxsrl.com\/de\/technische-unterstuetzung\/#primaryimage\"},\"datePublished\":\"2022-08-09T15:33:18+00:00\",\"dateModified\":\"2022-11-18T10:16:22+00:00\",\"description\":\"Mit unserer technischen Unterst\u00fctzung f\u00fcr Duschboxen stehen wir Ihnen \u00fcber den H\u00e4ndler oder per E-Mail mit einem unserer Experten zur Verf\u00fcgung.\",\"breadcrumb\":{\"@id\":\"https:\/\/relaxsrl.com\/de\/technische-unterstuetzung\/#breadcrumb\"},\"inLanguage\":\"de-DE\",\"potentialAction\":[{\"@type\":\"ReadAction\",\"target\":[\"https:\/\/relaxsrl.com\/de\/technische-unterstuetzung\/\"]}]},{\"@type\":\"BreadcrumbList\",\"@id\":\"https:\/\/relaxsrl.com\/de\/technische-unterstuetzung\/#breadcrumb\",\"itemListElement\":[{\"@type\":\"ListItem\",\"position\":1,\"name\":\"Technische Unterst\u00fctzung\"}]}]}<\/script>\n<!-- \/ Yoast SEO Premium plugin. -->","yoast_head_json":{"title":"Technische Unterst\u00fctzung box doccia: veloci nella soluzioni","description":"Mit unserer technischen Unterst\u00fctzung f\u00fcr Duschboxen stehen wir Ihnen \u00fcber den H\u00e4ndler oder per E-Mail mit einem unserer Experten zur Verf\u00fcgung.","robots":{"index":"index","follow":"follow","max-snippet":"max-snippet:-1","max-image-preview":"max-image-preview:large","max-video-preview":"max-video-preview:-1"},"canonical":"https:\/\/relaxsrl.com\/de\/technische-unterstuetzung\/","og_locale":"de_DE","og_type":"article","og_title":"Technische Unterst\u00fctzung box doccia: veloci nella soluzioni","og_description":"Mit unserer technischen Unterst\u00fctzung f\u00fcr Duschboxen stehen wir Ihnen \u00fcber den H\u00e4ndler oder per E-Mail mit einem unserer Experten zur Verf\u00fcgung.","og_url":"https:\/\/relaxsrl.com\/de\/technische-unterstuetzung\/","og_site_name":"Relax srl","article_modified_time":"2022-11-18T10:16:22+00:00","twitter_card":"summary_large_image","twitter_misc":{"Gesch\u00e4tzte Lesezeit":"2 Minuten"},"schema":{"@context":"https:\/\/schema.org","@graph":[{"@type":"WebSite","@id":"https:\/\/relaxsrl.com\/#website","url":"https:\/\/relaxsrl.com\/","name":"Relax srl","description":"","potentialAction":[{"@type":"SearchAction","target":{"@type":"EntryPoint","urlTemplate":"https:\/\/relaxsrl.com\/?s={search_term_string}"},"query-input":"required name=search_term_string"}],"inLanguage":"de-DE"},{"@type":"ImageObject","inLanguage":"de-DE","@id":"https:\/\/relaxsrl.com\/de\/technische-unterstuetzung\/#primaryimage","url":"https:\/\/relaxsrl.com\/website\/wp-content\/uploads\/2022\/01\/centri-assistenza.jpg","contentUrl":"https:\/\/relaxsrl.com\/website\/wp-content\/uploads\/2022\/01\/centri-assistenza.jpg","width":960,"height":660,"caption":"area architetti ricerca centro assistenza su mappa con puntine rosse"},{"@type":"WebPage","@id":"https:\/\/relaxsrl.com\/de\/technische-unterstuetzung\/#webpage","url":"https:\/\/relaxsrl.com\/de\/technische-unterstuetzung\/","name":"Technische Unterst\u00fctzung box doccia: veloci nella soluzioni","isPartOf":{"@id":"https:\/\/relaxsrl.com\/#website"},"primaryImageOfPage":{"@id":"https:\/\/relaxsrl.com\/de\/technische-unterstuetzung\/#primaryimage"},"datePublished":"2022-08-09T15:33:18+00:00","dateModified":"2022-11-18T10:16:22+00:00","description":"Mit unserer technischen Unterst\u00fctzung f\u00fcr Duschboxen stehen wir Ihnen \u00fcber den H\u00e4ndler oder per E-Mail mit einem unserer Experten zur Verf\u00fcgung.","breadcrumb":{"@id":"https:\/\/relaxsrl.com\/de\/technische-unterstuetzung\/#breadcrumb"},"inLanguage":"de-DE","potentialAction":[{"@type":"ReadAction","target":["https:\/\/relaxsrl.com\/de\/technische-unterstuetzung\/"]}]},{"@type":"BreadcrumbList","@id":"https:\/\/relaxsrl.com\/de\/technische-unterstuetzung\/#breadcrumb","itemListElement":[{"@type":"ListItem","position":1,"name":"Technische Unterst\u00fctzung"}]}]}},"_links":{"self":[{"href":"https:\/\/relaxsrl.com\/de\/wp-json\/wp\/v2\/pages\/22618"}],"collection":[{"href":"https:\/\/relaxsrl.com\/de\/wp-json\/wp\/v2\/pages"}],"about":[{"href":"https:\/\/relaxsrl.com\/de\/wp-json\/wp\/v2\/types\/page"}],"author":[{"embeddable":true,"href":"https:\/\/relaxsrl.com\/de\/wp-json\/wp\/v2\/users\/3"}],"replies":[{"embeddable":true,"href":"https:\/\/relaxsrl.com\/de\/wp-json\/wp\/v2\/comments?post=22618"}],"version-history":[{"count":6,"href":"https:\/\/relaxsrl.com\/de\/wp-json\/wp\/v2\/pages\/22618\/revisions"}],"predecessor-version":[{"id":24597,"href":"https:\/\/relaxsrl.com\/de\/wp-json\/wp\/v2\/pages\/22618\/revisions\/24597"}],"wp:featuredmedia":[{"embeddable":true,"href":"https:\/\/relaxsrl.com\/de\/wp-json\/wp\/v2\/media\/16351"}],"wp:attachment":[{"href":"https:\/\/relaxsrl.com\/de\/wp-json\/wp\/v2\/media?parent=22618"}],"curies":[{"name":"wp","href":"https:\/\/api.w.org\/{rel}","templated":true}]}}