{"id":22622,"date":"2022-08-09T17:42:33","date_gmt":"2022-08-09T15:42:33","guid":{"rendered":"https:\/\/relaxsrl.com\/technische-unterstuetzung\/faq\/"},"modified":"2022-11-15T12:03:56","modified_gmt":"2022-11-15T11:03:56","slug":"faq","status":"publish","type":"page","link":"https:\/\/relaxsrl.com\/de\/technische-unterstuetzung\/faq\/","title":{"rendered":"FAQ"},"content":{"rendered":"<p>[vc_row full_width=&#8220;stretch_row&#8220; content_placement=&#8220;middle&#8220; el_class=&#8220;intro-row intro-row-grey&#8220;][vc_column width=&#8220;5\/12&#8243;][vc_column_text]<\/p>\n<h1>FAQ<\/h1>\n<p>[\/vc_column_text][\/vc_column][vc_column width=&#8220;7\/12&#8243;][vc_column_text el_class=&#8220;abstract&#8220;]H\u00e4ufig gestellte Fragen zu unseren Produkten[\/vc_column_text][\/vc_column][\/vc_row][vc_row el_class=&#8220;row-path&#8220;][vc_column][vc_column_text][\/vc_column_text][\/vc_column][\/vc_row][vc_row][vc_column width=&#8220;1\/12&#8243;][\/vc_column][vc_column width=&#8220;10\/12&#8243;][vc_column_text]<\/p>\n<h2>Lass uns kennenlernen<\/h2>\n<p>[\/vc_column_text][vc_tta_accordion color=&#8220;white&#8220; active_section=&#8220;0&#8243; collapsible_all=&#8220;true&#8220; el_class=&#8220;faq&#8220;][vc_tta_section title=&#8220;Was ist denn Relax?&#8220; tab_id=&#8220;faq-1&#8243;][vc_column_text]Relax ist ein venezianisches Unternehmen, das 2003 gegr\u00fcndet wurde.<\/p>\n<p>Das Unternehmen mit einer Produktionsst\u00e4tte von 10.000 m2 handelt mit einer rein italienischen Lieferkette.[\/vc_column_text][\/vc_tta_section][vc_tta_section title=&#8220;Was stellt das Unternehmen her?&#8220; tab_id=&#8220;faq-2&#8243;][vc_column_text]Wir bieten L\u00f6sungen f\u00fcr Baderaume: Duschen, Duschfaltw\u00e4nde, Badewannen, Duschplatten und Zus\u00e4tze wie Duschk\u00f6pfe oder Regale. Alle Produkte sind mit Garantie f\u00fcr hohe Qualit\u00e4tsstandards zertifiziert.[\/vc_column_text][\/vc_tta_section][\/vc_tta_accordion][vc_empty_space height=&#8220;50px&#8220;][vc_column_text]<\/p>\n<h2>Was Sie vor dem Kauf wissen m\u00fcssen:<\/h2>\n<p>[\/vc_column_text][vc_tta_accordion color=&#8220;white&#8220; active_section=&#8220;0&#8243; collapsible_all=&#8220;true&#8220; el_class=&#8220;faq&#8220;][vc_tta_section title=&#8220;Welche Ma\u00dfe werden ben\u00f6tigt, um eine Duschabtrennung zu bestellen?&#8220; tab_id=&#8220;faq-3&#8243;][vc_column_text]Bei Nischen in der Wand empfehlen wir an drei Stellen zu messen, um die senkrechte Lage der W\u00e4nde einsch\u00e4tzen zu k\u00f6nnen: ca. 20 cm, 1 Meter und ca. 180 cm hoch vom Duschkopf.<\/p>\n<p>Bei dreieckigen Duschplatten ist die \u00e4u\u00dfere Gr\u00f6\u00dfe der Platte zu ermitteln, die zwischen den eingebauten Fliesen und dem \u00e4u\u00dferen Rand der Duschplatte gemessen wird.<br \/>\nF\u00fcr runde Duschteller empfehlen wir, dass Sie uns die Dicke des Tellerrandes und den Kr\u00fcmmungsradius mitteilen.<\/p>\n<p>Im Allgemeinen sind besondere Situationen wie Oberfl\u00e4chenverzierungen, Duschplatten mit besonderen Formen, Armaturenbrettern, schiefe W\u00e4nde usw. stets zu kennzeichnen.[\/vc_column_text][\/vc_tta_section][vc_tta_section title=&#8220;Welche Daten werden f\u00fcr eine ma\u00dfgeschneiderte Duschkabine ben\u00f6tigt?&#8220; tab_id=&#8220;faq-4&#8243;][vc_column_text]<\/p>\n<ul>\n<li>Abmessungen in Zentimetern aller Gr\u00f6\u00dfen<\/li>\n<li>Hinweise zu den T\u00fcr\u00f6ffnungen<\/li>\n<li>Gestaltung der gew\u00fcnschten Profile<\/li>\n<li>Gestaltung der gew\u00fcnschten Scheiben<\/li>\n<\/ul>\n<p>[\/vc_column_text][\/vc_tta_section][vc_tta_section title=&#8220;Wann muss ich die Ma\u00dfe messen, um eine Duschkabine zu bestellen?&#8220; tab_id=&#8220;faq-5&#8243;][vc_column_text]Am besten man misst die Ma\u00dfe nach dem Aufstellen der Duschplatte und immer nach dem Verlegen der Fliesen.\u00a0Alternativ dazu ist es notwendig die Gesamtdicke der Fliesen und des Leims, das Einrasten der Duschplatte und m\u00f6gliche schiefe W\u00e4nde im Voraus zu kennen.[\/vc_column_text][\/vc_tta_section][vc_tta_section title=&#8220;Was ist die feste dritte Seite?&#8220; tab_id=&#8220;faq-6&#8243;][vc_column_text]Die dritte feste Seite, oft auch nur als &#8222;fest&#8220; bezeichnet, ist diejenige Seite der Box (aus Glas), die eine Montage in der Wandmitte erm\u00f6glicht anstatt an der Ecke zwischen zwei W\u00e4nden.\u00a0Wir haben in den Beschreibungen der Boxen darauf hingewiesen, welche f\u00fcr diese Montage geeignet sind.[\/vc_column_text][\/vc_tta_section][vc_tta_section title=&#8220;Was ist eine Anti-kalk-Behandlung?&#8220; tab_id=&#8220;faq-7&#8243;][vc_column_text]Die Gl\u00e4ser vieler Duschkabinenmodelle sind mit einer handels\u00fcblichen Anti-kalk-Behandlung ausgestattet.\u00a0Diese beinhaltet die Anwendung eines nanotechnologischen Produkts, das das Verrutschen von Wassermolek\u00fclen auf der Glasoberfl\u00e4che f\u00f6rdert, indem es die Anstauung und Ablagerung von Kalk an den Duschw\u00e4nden verringert.[\/vc_column_text][\/vc_tta_section][vc_tta_section tab_id=&#8220;faq-8&#8243; title=&#8220;Was bedeutet \u201eSonderduschkabine\u201c?&#8220;][vc_column_text]Mit diesem Begriff werden zwei Arten von Duschkabinen identifiziert.\u00a0Die eine Art bezieht sich auf ma\u00dfgeschneiderte Duschkabinen, die nach dem Design und mit besonderen Ma\u00dfen im Vergleich zu den Marktstandards gefertigt wurden;\u00a0Die andere Art betrifft Duschkabinen, die f\u00fcr Menschen mit Behinderungen oder f\u00fcr nicht traditionellen Umgebungen, wie Batteriewaschduschen f\u00fcr Sportgemeinschaften, gebaut wurden.[\/vc_column_text][\/vc_tta_section][\/vc_tta_accordion][vc_empty_space height=&#8220;50px&#8220;][vc_column_text]<\/p>\n<h2>Was Sie vor der Montage wissen m\u00fcssen<\/h2>\n<p>[\/vc_column_text][vc_tta_accordion color=&#8220;white&#8220; active_section=&#8220;0&#8243; collapsible_all=&#8220;true&#8220; el_class=&#8220;faq&#8220;][vc_tta_section title=&#8220;F\u00fchrt Relax auch Montagen durch?&#8220; tab_id=&#8220;faq-9&#8243;][vc_column_text]F\u00fcr eine korrekte Montage empfehlen wir Ihnen, sich an die Verkaufsstelle, wo Sie die Produkte gekauft hatten.[\/vc_column_text][\/vc_tta_section][vc_tta_section title=&#8220;I materiali di fissaggio sono inclusi nella confezione?&#8220; tab_id=&#8220;faq-10&#8243;][vc_column_text]Ja, jedes Modell ist mit Schrauben und D\u00fcbeln in der ben\u00f6tigten Menge ausgestattet, die f\u00fcr die Befestigung an vollen oder gel\u00f6cherten Mauerwerken geeignet sind. Im Fall einer Befestigung an anderen Materialien (Metall, Gipskarton, einklappbare T\u00fcrrahmen oder andere) m\u00fcssen geeignete D\u00fcbel und Schrauben angebracht werden.[\/vc_column_text][\/vc_tta_section][vc_tta_section title=&#8220;Welche Art von Silikon soll zum Versiegeln verwendet werden?&#8220; tab_id=&#8220;faq-11&#8243;][vc_column_text]Wir empfehlen einen neutralen, durchsichtigen polymerbasierten Silikon-Siegel au\u00dferhalb der Kabine zu benutzen. Wir erinnern daran, dass es f\u00fcr eine korrekte Silikonanhaftung ratsam ist, die Applikationsfl\u00e4chen trocken zu halten und es w\u00e4re vorteilhaft die bewegbaren Teile nach dem Auftragen f\u00fcr mindestens 24 Stunden lang nicht zu verr\u00fccken.[\/vc_column_text][\/vc_tta_section][\/vc_tta_accordion][vc_empty_space height=&#8220;50px&#8220;][vc_column_text]<\/p>\n<h2>Nach dem Verkauf und Ersatzteile<\/h2>\n<p>[\/vc_column_text][vc_tta_accordion color=&#8220;white&#8220; active_section=&#8220;0&#8243; collapsible_all=&#8220;true&#8220; el_class=&#8220;faq&#8220;][vc_tta_section title=&#8220;Gibt es einen Kundendienst nach dem Verkauf?&#8220; tab_id=&#8220;faq-12&#8243;][vc_column_text]F\u00fcr technische Fragen und Installationsprobleme steht dir Relax unter der Nummer 0421 1765124 und unter der E-Mail-Adresse assistenza@relaxsrl.com gerne zur Verf\u00fcgung. \u00a0Wir nutzen zudem ein dichtes Netz von Technikern im ganzen Land, um Sie zu unterst\u00fctzen \u2013 siehe Liste unter diesem Link. Alle Techniker absolvieren regelm\u00e4\u00dfig Fortbildungskurse und sind am besten daf\u00fcr qualifiziert wichtige Messungen, Standard- und Sondermontagen und Wartungsarbeiten durchzuf\u00fchren.[\/vc_column_text][\/vc_tta_section][vc_tta_section title=&#8220;An wen kann ich mich f\u00fcr den Kauf und den Einbau von Ersatzteilen wenden?&#8220; tab_id=&#8220;faq-13&#8243;][vc_column_text]F\u00fcr den Kauf und den Einbau von Ersatzteilen empfehlen wir Ihre n\u00e4chstgelegene Kundenbetreuungsstelle, die unter diesem Link aufgelistet ist, zu kontaktieren.[\/vc_column_text][\/vc_tta_section][\/vc_tta_accordion][vc_empty_space height=&#8220;50px&#8220;][vc_column_text]<\/p>\n<h2>Zertifizierungen und Garantien<\/h2>\n<p>[\/vc_column_text][vc_tta_accordion color=&#8220;white&#8220; active_section=&#8220;0&#8243; collapsible_all=&#8220;true&#8220; el_class=&#8220;faq&#8220;][vc_tta_section title=&#8220;Haben die Relax-Produkte eine Garantie?&#8220; tab_id=&#8220;faq-14&#8243;][vc_column_text]Alle Relax-Produkte sind ab Kaufdatum 24 Monate in Garantie.\u00a0Um diese zu nutzen, reicht es, wenn Sie diese Ihrem H\u00e4ndler zusammen mit der gew\u00fcnschten Nachfrage zeigen.\u00a0Damit es schneller geht empfehlen wir Ihnen auch Bilder des Produktfehlers, der Ihrer Meinung nach vorhanden ist, zu \u00fcbermitteln.<\/p>\n<p>Eine herk\u00f6mmliche Garantie ist in folgenden F\u00e4llen ausgeschlossen:<\/p>\n<ul>\n<li>Einbau nicht vorschriftsgem\u00e4\u00df, d. h. partielle oder vollst\u00e4ndige Abweichung der Angaben in der Betriebsanleitung<\/li>\n<li>M\u00e4ngel bei schlechter Wartung und\/oder Reinigung<\/li>\n<li>M\u00e4ngel oder Abweichung des Produktes von Relax durch Zus\u00e4tze, \u00c4nderungen, Reparaturen oder Ersatzteile, die vom Hersteller nicht genehmigt wurden oder auf andere Weise von nicht autorisierten Personen vorgenommen wurden<\/li>\n<li>Bruch des vorgespannten Glases und Abnutzung der dazugeh\u00f6rigen Bauteile, wie Polster, Dichtungen, Magnete, Griffe, Eind\u00e4mmungen und Duscht\u00fcrrollen<\/li>\n<\/ul>\n<p>&nbsp;<\/p>\n<p>Die Duschkabinen, die bereits bei Erhalt besch\u00e4digt waren, d\u00fcrfen nicht eingebaut werden, da sonst die Garantie verf\u00e4llt.[\/vc_column_text][\/vc_tta_section][vc_tta_section title=&#8220;Haben die Relax Duschkabinen ein Qualit\u00e4tszertifikat?&#8220; tab_id=&#8220;faq-15&#8243;][vc_column_text]Ja, alle Relax-Duschkabinen entsprechen der Regel EN 14428 mit CE-G\u00fctesiegel und TUV-Zertifizierung.\u00a0Dieses Dokument belegt die folgenden wertvollen und getesteten Merkmale:<\/p>\n<ul>\n<li>Erm\u00fcdungsfestigkeit: Alle T\u00fcren haben mehr als 20.000 \u00d6ffnungs- und Schlie\u00dfzyklen.<\/li>\n<li>Stabilit\u00e4t: Die Duschwand h\u00e4lt einem stumpfen Gegenstand stand, wie die<\/li>\n<\/ul>\n<p>Simulationen einer fallenden Person in der Dusche (EN14428) zeigen.<\/p>\n<ul>\n<li>Wasserbest\u00e4ndigkeit: Aufnahme von Wasserspritzern bei normalem Gebraucht der Duschkabine (EN 14428).<\/li>\n<li>Materialien: Alle verwendeten Materialien haben den Reinigungstest Haltbarkeitstest und Fragmentierungstest bestanden.<\/li>\n<\/ul>\n<p>[\/vc_column_text][\/vc_tta_section][\/vc_tta_accordion][vc_empty_space height=&#8220;50px&#8220;][vc_column_text]<\/p>\n<h2>Reinigung und Wartung<\/h2>\n<p>[\/vc_column_text][vc_tta_accordion color=&#8220;white&#8220; active_section=&#8220;0&#8243; collapsible_all=&#8220;true&#8220; el_class=&#8220;faq&#8220;][vc_tta_section title=&#8220;Wie soll ich die Dusche putzen?&#8220; tab_id=&#8220;faq-16&#8243;][vc_column_text]Trocknen Sie die Duschkabine immer nach dem Gebrauch, damit keine Kalkflecken entstehen. Zur Reinigung verwenden Sie fl\u00fcssige Waschmittel und Wasser, mit einem weichen Tuch oder einem Schwamm, auch in den Aluminiumteilen, die von aggressiven Produkten betroffen w\u00e4ren. Im Fall von Glasscheiben mit Antikalkbehandlung wird die Reinigung noch einfacher \u2013 ein Putzlappen und nat\u00fcrliche Produkte sind am besten daf\u00fcr geeignet.<br \/>\nNicht zur Reinigung verwenden:<\/p>\n<ul>\n<li>Bleiche, Alkohol, Aceton, verschiedene L\u00f6sungsmittel oder besonders s\u00e4urehaltige Produkte<\/li>\n<li>Produkte aus Zellstoff oder Schleifmitteln<\/li>\n<li>Silikonhaltige Produkte, die die Wirkung von<\/li>\n<\/ul>\n<p>[\/vc_column_text][\/vc_tta_section][vc_tta_section title=&#8220;Wie entferne ich den Kalkstein?&#8220; tab_id=&#8220;faq-17&#8243;][vc_column_text]Entfernen Sie die Kalkablagerungen mit Essig, am besten lauwarm, oder mit einer Mischung aus Wasser und Zitrone. Warten Sie ein paar Minuten, bis das Produkt wirkt, dann entfernen Sie es mit einem weichen Tuch mit leichtem Druck und sp\u00fclen Sie es anschlie\u00dfend aus. Der Vorgang kann mehrmals wiederholt werden.<br \/>\nGenerell raten wir zu aggressiven Produkten ab, da diese die Veredelung der Aluminium -Profile beeintr\u00e4chtigen k\u00f6nnten. Wir empfehlen jedoch, die Scheiben nach dem Duschen immer mit einem Duschabzieher zu trocknen, damit kein Kalk entsteht.[\/vc_column_text][\/vc_tta_section][\/vc_tta_accordion][vc_empty_space height=&#8220;100px&#8220;][\/vc_column][vc_column width=&#8220;1\/12&#8243;][\/vc_column][\/vc_row]<\/p>\n","protected":false},"excerpt":{"rendered":"<p>[vc_row full_width=&#8220;stretch_row&#8220; content_placement=&#8220;middle&#8220; el_class=&#8220;intro-row intro-row-grey&#8220;][vc_column width=&#8220;5\/12&#8243;][vc_column_text] FAQ [\/vc_column_text][\/vc_column][vc_column width=&#8220;7\/12&#8243;][vc_column_text el_class=&#8220;abstract&#8220;]H\u00e4ufig gestellte Fragen zu unseren Produkten[\/vc_column_text][\/vc_column][\/vc_row][vc_row el_class=&#8220;row-path&#8220;][vc_column][vc_column_text][\/vc_column_text][\/vc_column][\/vc_row][vc_row][vc_column width=&#8220;1\/12&#8243;][\/vc_column][vc_column width=&#8220;10\/12&#8243;][vc_column_text] Lass uns kennenlernen [\/vc_column_text][vc_tta_accordion color=&#8220;white&#8220; active_section=&#8220;0&#8243; collapsible_all=&#8220;true&#8220; el_class=&#8220;faq&#8220;][vc_tta_section title=&#8220;Was ist denn Relax?&#8220; tab_id=&#8220;faq-1&#8243;][vc_column_text]Relax ist ein venezianisches Unternehmen, das 2003 gegr\u00fcndet wurde. Das Unternehmen mit einer Produktionsst\u00e4tte von 10.000 m2 handelt mit einer rein italienischen Lieferkette.[\/vc_column_text][\/vc_tta_section][vc_tta_section title=&#8220;Was stellt [&hellip;]<\/p>\n","protected":false},"author":3,"featured_media":16351,"parent":22618,"menu_order":0,"comment_status":"closed","ping_status":"closed","template":"","meta":[],"acf":[],"yoast_head":"<!-- This site is optimized with the Yoast SEO Premium plugin v18.4 (Yoast SEO v18.8) - https:\/\/yoast.com\/wordpress\/plugins\/seo\/ -->\n<title>FAQ - Relax srl<\/title>\n<meta name=\"description\" content=\"Unsere Antworten auf die Fragen, die uns am h\u00e4ufigsten gestellt werden. Vielleicht finden Sie hier die Antwort, die Sie suchen.\" \/>\n<meta name=\"robots\" content=\"index, follow, max-snippet:-1, max-image-preview:large, max-video-preview:-1\" \/>\n<link rel=\"canonical\" href=\"https:\/\/relaxsrl.com\/de\/technische-unterstuetzung\/faq\/\" \/>\n<meta property=\"og:locale\" content=\"de_DE\" \/>\n<meta property=\"og:type\" content=\"article\" \/>\n<meta property=\"og:title\" content=\"FAQ - Relax srl\" \/>\n<meta property=\"og:description\" content=\"Unsere Antworten auf die Fragen, die uns am h\u00e4ufigsten gestellt werden. Vielleicht finden Sie hier die Antwort, die Sie suchen.\" \/>\n<meta property=\"og:url\" content=\"https:\/\/relaxsrl.com\/de\/technische-unterstuetzung\/faq\/\" \/>\n<meta property=\"og:site_name\" content=\"Relax srl\" \/>\n<meta property=\"article:modified_time\" content=\"2022-11-15T11:03:56+00:00\" \/>\n<meta name=\"twitter:card\" content=\"summary_large_image\" \/>\n<meta name=\"twitter:label1\" content=\"Gesch\u00e4tzte Lesezeit\" \/>\n\t<meta name=\"twitter:data1\" content=\"6 Minuten\" \/>\n<script type=\"application\/ld+json\" class=\"yoast-schema-graph\">{\"@context\":\"https:\/\/schema.org\",\"@graph\":[{\"@type\":\"WebSite\",\"@id\":\"https:\/\/relaxsrl.com\/#website\",\"url\":\"https:\/\/relaxsrl.com\/\",\"name\":\"Relax srl\",\"description\":\"\",\"potentialAction\":[{\"@type\":\"SearchAction\",\"target\":{\"@type\":\"EntryPoint\",\"urlTemplate\":\"https:\/\/relaxsrl.com\/?s={search_term_string}\"},\"query-input\":\"required name=search_term_string\"}],\"inLanguage\":\"de-DE\"},{\"@type\":\"ImageObject\",\"inLanguage\":\"de-DE\",\"@id\":\"https:\/\/relaxsrl.com\/de\/technische-unterstuetzung\/faq\/#primaryimage\",\"url\":\"https:\/\/relaxsrl.com\/website\/wp-content\/uploads\/2022\/01\/centri-assistenza.jpg\",\"contentUrl\":\"https:\/\/relaxsrl.com\/website\/wp-content\/uploads\/2022\/01\/centri-assistenza.jpg\",\"width\":960,\"height\":660,\"caption\":\"area architetti ricerca centro assistenza su mappa con puntine rosse\"},{\"@type\":\"WebPage\",\"@id\":\"https:\/\/relaxsrl.com\/de\/technische-unterstuetzung\/faq\/#webpage\",\"url\":\"https:\/\/relaxsrl.com\/de\/technische-unterstuetzung\/faq\/\",\"name\":\"FAQ - Relax srl\",\"isPartOf\":{\"@id\":\"https:\/\/relaxsrl.com\/#website\"},\"primaryImageOfPage\":{\"@id\":\"https:\/\/relaxsrl.com\/de\/technische-unterstuetzung\/faq\/#primaryimage\"},\"datePublished\":\"2022-08-09T15:42:33+00:00\",\"dateModified\":\"2022-11-15T11:03:56+00:00\",\"description\":\"Unsere Antworten auf die Fragen, die uns am h\u00e4ufigsten gestellt werden. Vielleicht finden Sie hier die Antwort, die Sie suchen.\",\"breadcrumb\":{\"@id\":\"https:\/\/relaxsrl.com\/de\/technische-unterstuetzung\/faq\/#breadcrumb\"},\"inLanguage\":\"de-DE\",\"potentialAction\":[{\"@type\":\"ReadAction\",\"target\":[\"https:\/\/relaxsrl.com\/de\/technische-unterstuetzung\/faq\/\"]}]},{\"@type\":\"BreadcrumbList\",\"@id\":\"https:\/\/relaxsrl.com\/de\/technische-unterstuetzung\/faq\/#breadcrumb\",\"itemListElement\":[{\"@type\":\"ListItem\",\"position\":1,\"name\":\"Technische Unterst\u00fctzung\",\"item\":\"https:\/\/relaxsrl.com\/de\/technische-unterstuetzung\/\"},{\"@type\":\"ListItem\",\"position\":2,\"name\":\"FAQ\"}]}]}<\/script>\n<!-- \/ Yoast SEO Premium plugin. -->","yoast_head_json":{"title":"FAQ - Relax srl","description":"Unsere Antworten auf die Fragen, die uns am h\u00e4ufigsten gestellt werden. Vielleicht finden Sie hier die Antwort, die Sie suchen.","robots":{"index":"index","follow":"follow","max-snippet":"max-snippet:-1","max-image-preview":"max-image-preview:large","max-video-preview":"max-video-preview:-1"},"canonical":"https:\/\/relaxsrl.com\/de\/technische-unterstuetzung\/faq\/","og_locale":"de_DE","og_type":"article","og_title":"FAQ - Relax srl","og_description":"Unsere Antworten auf die Fragen, die uns am h\u00e4ufigsten gestellt werden. Vielleicht finden Sie hier die Antwort, die Sie suchen.","og_url":"https:\/\/relaxsrl.com\/de\/technische-unterstuetzung\/faq\/","og_site_name":"Relax srl","article_modified_time":"2022-11-15T11:03:56+00:00","twitter_card":"summary_large_image","twitter_misc":{"Gesch\u00e4tzte Lesezeit":"6 Minuten"},"schema":{"@context":"https:\/\/schema.org","@graph":[{"@type":"WebSite","@id":"https:\/\/relaxsrl.com\/#website","url":"https:\/\/relaxsrl.com\/","name":"Relax srl","description":"","potentialAction":[{"@type":"SearchAction","target":{"@type":"EntryPoint","urlTemplate":"https:\/\/relaxsrl.com\/?s={search_term_string}"},"query-input":"required name=search_term_string"}],"inLanguage":"de-DE"},{"@type":"ImageObject","inLanguage":"de-DE","@id":"https:\/\/relaxsrl.com\/de\/technische-unterstuetzung\/faq\/#primaryimage","url":"https:\/\/relaxsrl.com\/website\/wp-content\/uploads\/2022\/01\/centri-assistenza.jpg","contentUrl":"https:\/\/relaxsrl.com\/website\/wp-content\/uploads\/2022\/01\/centri-assistenza.jpg","width":960,"height":660,"caption":"area architetti ricerca centro assistenza su mappa con puntine rosse"},{"@type":"WebPage","@id":"https:\/\/relaxsrl.com\/de\/technische-unterstuetzung\/faq\/#webpage","url":"https:\/\/relaxsrl.com\/de\/technische-unterstuetzung\/faq\/","name":"FAQ - Relax srl","isPartOf":{"@id":"https:\/\/relaxsrl.com\/#website"},"primaryImageOfPage":{"@id":"https:\/\/relaxsrl.com\/de\/technische-unterstuetzung\/faq\/#primaryimage"},"datePublished":"2022-08-09T15:42:33+00:00","dateModified":"2022-11-15T11:03:56+00:00","description":"Unsere Antworten auf die Fragen, die uns am h\u00e4ufigsten gestellt werden. Vielleicht finden Sie hier die Antwort, die Sie suchen.","breadcrumb":{"@id":"https:\/\/relaxsrl.com\/de\/technische-unterstuetzung\/faq\/#breadcrumb"},"inLanguage":"de-DE","potentialAction":[{"@type":"ReadAction","target":["https:\/\/relaxsrl.com\/de\/technische-unterstuetzung\/faq\/"]}]},{"@type":"BreadcrumbList","@id":"https:\/\/relaxsrl.com\/de\/technische-unterstuetzung\/faq\/#breadcrumb","itemListElement":[{"@type":"ListItem","position":1,"name":"Technische Unterst\u00fctzung","item":"https:\/\/relaxsrl.com\/de\/technische-unterstuetzung\/"},{"@type":"ListItem","position":2,"name":"FAQ"}]}]}},"_links":{"self":[{"href":"https:\/\/relaxsrl.com\/de\/wp-json\/wp\/v2\/pages\/22622"}],"collection":[{"href":"https:\/\/relaxsrl.com\/de\/wp-json\/wp\/v2\/pages"}],"about":[{"href":"https:\/\/relaxsrl.com\/de\/wp-json\/wp\/v2\/types\/page"}],"author":[{"embeddable":true,"href":"https:\/\/relaxsrl.com\/de\/wp-json\/wp\/v2\/users\/3"}],"replies":[{"embeddable":true,"href":"https:\/\/relaxsrl.com\/de\/wp-json\/wp\/v2\/comments?post=22622"}],"version-history":[{"count":6,"href":"https:\/\/relaxsrl.com\/de\/wp-json\/wp\/v2\/pages\/22622\/revisions"}],"predecessor-version":[{"id":24458,"href":"https:\/\/relaxsrl.com\/de\/wp-json\/wp\/v2\/pages\/22622\/revisions\/24458"}],"up":[{"embeddable":true,"href":"https:\/\/relaxsrl.com\/de\/wp-json\/wp\/v2\/pages\/22618"}],"wp:featuredmedia":[{"embeddable":true,"href":"https:\/\/relaxsrl.com\/de\/wp-json\/wp\/v2\/media\/16351"}],"wp:attachment":[{"href":"https:\/\/relaxsrl.com\/de\/wp-json\/wp\/v2\/media?parent=22622"}],"curies":[{"name":"wp","href":"https:\/\/api.w.org\/{rel}","templated":true}]}}