{"id":22625,"date":"2022-08-09T17:52:09","date_gmt":"2022-08-09T15:52:09","guid":{"rendered":"https:\/\/relaxsrl.com\/unternehmen\/"},"modified":"2025-04-30T14:52:10","modified_gmt":"2025-04-30T12:52:10","slug":"unternehmen","status":"publish","type":"page","link":"https:\/\/relaxsrl.com\/de\/unternehmen\/","title":{"rendered":"Unternehmen"},"content":{"rendered":"<p>[vc_row full_width=&#8220;stretch_row&#8220; content_placement=&#8220;middle&#8220; el_class=&#8220;intro-row intro-row-grey&#8220;][vc_column][vc_column_text]<\/p>\n<h1>Relax, Made in Italy<\/h1>\n<p>[\/vc_column_text][\/vc_column][\/vc_row][vc_row el_class=&#8220;row-path&#8220;][vc_column][vc_column_text][\/vc_column_text][\/vc_column][\/vc_row][vc_row][vc_column][vc_single_image image=&#8220;11089&#8243; img_size=&#8220;full&#8220;][\/vc_column][\/vc_row][vc_row][vc_column width=&#8220;1\/6&#8243;][\/vc_column][vc_column width=&#8220;2\/3&#8243;][vc_empty_space height=&#8220;40px&#8220;][vc_column_text el_class=&#8220;txt-blue abstract weight500&#8243;]Unser RELAX ist mit dem Herzen in Venedig geboren, in die Welt projiziert, damit Menschen etwas bewirken k\u00f6nnen.\u00a0So ist es. Wir konzentrieren uns auf die Funktionalit\u00e4t des Produktes, h\u00f6ren uns die R\u00fcckmeldungen unserer Kunden an und investieren in die Innovationsf\u00e4higkeit der Forschung- und Entwicklungsabteilung, die sich damit besch\u00e4ftigt einfache L\u00f6sungen zum Leben, zum Montieren und zum Reinigen zu finden.[\/vc_column_text][vc_empty_space height=&#8220;35px&#8220;][\/vc_column][\/vc_row][vc_row][vc_column width=&#8220;1\/6&#8243;][\/vc_column][vc_column width=&#8220;2\/3&#8243;][vc_column_text]<\/p>\n<h2>RELAX seit 2003<\/h2>\n<p>Es ist 2003, als Dimitri Camolese und Adelino Conte sich trafen, um Relax zu gr\u00fcnden und um anfangs Duschkabinen zu produzieren. Das Engagement der beiden Unternehmer in Verbindung mit der Professionalit\u00e4t des Personals junger Fachkr\u00e4fte machen den Erfolg der neuen Realit\u00e4t von Anfang an aus. Im Laufe der Zeit festigt Relax seine Position auf dem Markt der Duschkabinen: das Unternehmen zeichnet sich durch innovative L\u00f6sungen f\u00fcr hochtechnologische und funktionelle Duschkabinen aus, die einfach zu montieren und zu reinigen sind, und die von unserer Forschungs- und Entwicklungsabteilung entwickelt wurden, oft auch patentiert.[\/vc_column_text][vc_empty_space height=&#8220;40px&#8220;][\/vc_column][\/vc_row][vc_row][vc_column width=&#8220;1\/6&#8243;][\/vc_column][vc_column width=&#8220;2\/3&#8243;][vc_column_text]<\/p>\n<h2>Eine enge Verbindung zum Gebiet<\/h2>\n<p>Relax wird in unmittelbarer N\u00e4he von Venedig gegr\u00fcndet, unsere Inspirationsquelle. Die Provinzhauptstadt der Region Venetien ist ein Beispiel f\u00fcr die perfekte Koexistenz von Kunst, Kultur und Umwelt mit ihrer Tradition von einzigartig hergestellten kunstvollen Produkten. Eine Stadt mit vielen Facetten, die uns immer weiter inspiriert. Die Liebe dieser Stadt zum Wasser, ihre F\u00e4higkeit, sich an die Modernit\u00e4t der Zeit anzupassen, und ihre unver\u00e4nderliche Sch\u00f6nheit sind Teil der Werte, die unsere Arbeit bestimmen und die wir versuchen, in unsere Produkte zu integrieren.[\/vc_column_text][vc_empty_space height=&#8220;40px&#8220;][\/vc_column][\/vc_row][vc_row][vc_column width=&#8220;1\/6&#8243;][\/vc_column][vc_column width=&#8220;2\/3&#8243;][vc_column_text]<\/p>\n<h2>Ein Erfolg nicht nur in Italien<\/h2>\n<p>Der stetig wachsende Umsatz machte Relax zu einer Sicherheit in der italienischen Industrielandschaft. Diese Leistung verdanken wir den Beteiligten: 35 Profis im Betrieb dazu die Mitarbeiter in den Showrooms, die Abteilungsleiter, das Servicepersonal und die gesamte Lieferkette. Sie sind die wahren Hauptakteure eines Erfolgs, der \u00fcber die Jahre hinweg anh\u00e4lt und in den bereits erreichten Gebieten weiter zunimmt, da Relax nicht nur landesweit pr\u00e4sent ist, sondern auch auf den internationalen M\u00e4rkten mittels Top-Produkten, die sowohl einfache, allt\u00e4gliche als auch komplexe Probleme l\u00f6sen.[\/vc_column_text][vc_empty_space height=&#8220;40px&#8220;][\/vc_column][\/vc_row][vc_row][vc_column width=&#8220;1\/6&#8243;][\/vc_column][vc_column width=&#8220;2\/3&#8243;][vc_column_text]<\/p>\n<h2>Die Zertifizierungskraft von TUV S\u00fcd<\/h2>\n<p>Im Jahr 2014 wurde Relax eine renommierte Auszeichnung verliehen, die auch die offizielle Best\u00e4tigung der G\u00fcltigkeit unserer Produkte ist: das TUV S\u00fcd Zertifikat. Ein Preis f\u00fcr die Professionalit\u00e4t der Mitarbeiter von Relax, f\u00fcr fortschrittliche Design- und Produktentwicklungssysteme, f\u00fcr rationale Produktionssysteme, f\u00fcr sorgf\u00e4ltige Warenkontrolle und f\u00fcr den aufmerksamen Kundendienst.[\/vc_column_text][vc_empty_space height=&#8220;40px&#8220;][\/vc_column][\/vc_row][vc_row][vc_column width=&#8220;1\/6&#8243;][\/vc_column][vc_column width=&#8220;2\/3&#8243;][vc_column_text]<\/p>\n<h2>Die Technologie in den Diensten der Qualit\u00e4t<\/h2>\n<p>Die Duschkabinen, mit denen wir uns etabliert haben, bestehen aus Glas und Aluminium, was Flexibilit\u00e4t und Strapazierf\u00e4higkeit bedeutet. Die Rohstoffe sind aber nur ein Ausgangspunkt, ein erster Schritt hin zur Qualit\u00e4t des Endprodukts. Um diese zu erreichen, sind unser Forschungslabor und unsere Mitarbeiter von entscheidender Bedeutung.<br \/>\nF\u00fcr jede Duschkabine sind beispielsweise das richtige Aluminium und Glas zu ermitteln, welche die beste Leistung versprechen. Unsere Fachleute entwickeln dann genaue Technologien zur Materialverarbeitung, mit einer st\u00e4ndigen Kontrolle des Herstellungsverfahrens und mit Durchf\u00fchrung aller m\u00f6glichen Tests. Dies gilt sowohl f\u00fcr die Duschkabinen als auch f\u00fcr alle anderen Artikel.<br \/>\nDie Qualit\u00e4tskontrolle ist der Garant f\u00fcr die Gesamtqualit\u00e4t der Relax-Produkte.[\/vc_column_text][vc_empty_space height=&#8220;40px&#8220;][\/vc_column][\/vc_row][vc_row el_id=&#8220;paragrafo-7&#8243;][vc_column width=&#8220;1\/6&#8243;][\/vc_column][vc_column width=&#8220;2\/3&#8243;][vc_column_text]<\/p>\n<h2>Nachhaltigkeit<\/h2>\n<p>Wir setzen uns t\u00e4glich f\u00fcr eine nachhaltige Entwicklung unserer Unternehmenswirklichkeit ein. Wir verwenden Materialien wie Glas und Aluminium, die zu 100% recyclebar sind, sowie auch die Verpackungen unserer Produkte. Im Laufe des Jahres 2021 haben wir uns daf\u00fcr entschieden, unseren neuen Katalog mit europ\u00e4isch zertifiziertem Papier aus einer kontrollierten und nachhaltigen Lieferkette zu drucken. Au\u00dferdem wird bei der H-UV-Drucktechnik der Umschlagsseite keine umweltsch\u00e4dliche Farbe eingesetzt.[\/vc_column_text][vc_empty_space height=&#8220;40px&#8220;][\/vc_column][\/vc_row][vc_row][vc_column width=&#8220;1\/6&#8243;][\/vc_column][vc_column width=&#8220;2\/3&#8243;][vc_column_text]<\/p>\n<h2>Leistungen insgesamt<\/h2>\n<p>Die Palette der Relax-Produkte ist abwechslungsreich und vollumf\u00e4nglich. Auf diese Weise erf\u00fcllen wir jegliche Bed\u00fcrfnisse des Verbrauchers. Je umfangreicher und vielf\u00e4ltiger das Angebot von Duschkabinen und anderen Artikeln ist, desto st\u00e4rker muss das Unternehmen sein, das es betreibt. Unseres ist sehr erfolgreich, angefangen bei der Verkaufskraft und den Servicezentren, die ein umfassendes Dienstleistungsangebot bieten, wie gewerbliche und technische Hilfe und die Beratung bez\u00fcglich jedem individuellen und ma\u00dfgeschneiderten Projekt. Unser Ziel? P\u00fcnktliche und schnelle Lieferungen. Erreicht.[\/vc_column_text][vc_empty_space height=&#8220;100px&#8220;][\/vc_column][\/vc_row][vc_row full_width=&#8220;stretch_row_content_no_spaces&#8220; equal_height=&#8220;yes&#8220; content_placement=&#8220;middle&#8220; el_class=&#8220;row-over-footer row-cta-over-footer&#8220;][vc_column width=&#8220;1\/2&#8243;][vc_single_image image=&#8220;2225&#8243; img_size=&#8220;full&#8220;][\/vc_column][vc_column width=&#8220;1\/2&#8243; css=&#8220;.vc_custom_1632996926557{background-image: url(http:\/\/relaxsrl.com\/wp-content\/uploads\/2021\/09\/cta-nicchia-opaco.jpg?id=2226) !important;background-position: center !important;background-repeat: no-repeat !important;background-size: cover !important;}&#8220; el_class=&#8220;row-cta-over-footer-col-text&#8220;][vc_row_inner][vc_column_inner width=&#8220;1\/4&#8243;][\/vc_column_inner][vc_column_inner width=&#8220;1\/2&#8243;][vc_column_text]<\/p>\n<h2 style=\"text-align: center;\">Lassen Sie sich inspirieren!<\/h2>\n<p style=\"text-align: center;\">Schauen Sie hier zeitgem\u00e4\u00dfe, moderne, rustikale und andere Einrichtungsbeispiele an. Relax erf\u00fcllt Ihre W\u00fcnsche.<\/p>\n<p>[\/vc_column_text][vc_btn title=&#8220;GEHEN ZU AMBIENTI&#8220; style=&#8220;classic&#8220; shape=&#8220;square&#8220; color=&#8220;white&#8220; align=&#8220;center&#8220; el_class=&#8220;btn-default-white&#8220; link=&#8220;url:https%3A%2F%2Frelaxsrl.com%2Fde%2Fprodukte%2Fbadezimmerambiente%2F|title:Konfigurator&#8220;][\/vc_column_inner][vc_column_inner width=&#8220;1\/4&#8243;][\/vc_column_inner][\/vc_row_inner][\/vc_column][\/vc_row]<\/p>\n","protected":false},"excerpt":{"rendered":"<p>[vc_row full_width=&#8220;stretch_row&#8220; content_placement=&#8220;middle&#8220; el_class=&#8220;intro-row intro-row-grey&#8220;][vc_column][vc_column_text] Relax, Made in Italy [\/vc_column_text][\/vc_column][\/vc_row][vc_row el_class=&#8220;row-path&#8220;][vc_column][vc_column_text][\/vc_column_text][\/vc_column][\/vc_row][vc_row][vc_column][vc_single_image image=&#8220;11089&#8243; img_size=&#8220;full&#8220;][\/vc_column][\/vc_row][vc_row][vc_column width=&#8220;1\/6&#8243;][\/vc_column][vc_column width=&#8220;2\/3&#8243;][vc_empty_space height=&#8220;40px&#8220;][vc_column_text el_class=&#8220;txt-blue abstract weight500&#8243;]Unser RELAX ist mit dem Herzen in Venedig geboren, in die Welt projiziert, damit Menschen etwas bewirken k\u00f6nnen.\u00a0So ist es. Wir konzentrieren uns auf die Funktionalit\u00e4t des Produktes, h\u00f6ren uns die R\u00fcckmeldungen unserer Kunden an und investieren [&hellip;]<\/p>\n","protected":false},"author":3,"featured_media":11089,"parent":0,"menu_order":0,"comment_status":"closed","ping_status":"closed","template":"","meta":[],"acf":[],"yoast_head":"<!-- This site is optimized with the Yoast SEO Premium plugin v18.4 (Yoast SEO v18.8) - https:\/\/yoast.com\/wordpress\/plugins\/seo\/ -->\n<title>Unternehmen - Relax produzione box doccia<\/title>\n<meta name=\"description\" content=\"Relax italienische Duschabtrennung Produktion in Venedig, Designprodukte und zertifizierte Qualit\u00e4t, erh\u00e4ltlich in vielen Ausf\u00fchrungen.\" \/>\n<meta name=\"robots\" content=\"index, follow, max-snippet:-1, max-image-preview:large, max-video-preview:-1\" \/>\n<link rel=\"canonical\" href=\"https:\/\/relaxsrl.com\/de\/unternehmen\/\" \/>\n<meta property=\"og:locale\" content=\"de_DE\" \/>\n<meta property=\"og:type\" content=\"article\" \/>\n<meta property=\"og:title\" content=\"Unternehmen - Relax produzione box doccia\" \/>\n<meta property=\"og:description\" content=\"Relax italienische Duschabtrennung Produktion in Venedig, Designprodukte und zertifizierte Qualit\u00e4t, erh\u00e4ltlich in vielen Ausf\u00fchrungen.\" \/>\n<meta property=\"og:url\" content=\"https:\/\/relaxsrl.com\/de\/unternehmen\/\" \/>\n<meta property=\"og:site_name\" content=\"Relax srl\" \/>\n<meta property=\"article:modified_time\" content=\"2025-04-30T12:52:10+00:00\" \/>\n<meta property=\"og:image\" content=\"https:\/\/relaxsrl.com\/website\/wp-content\/uploads\/2021\/11\/67A4458C_modificata.jpg\" \/>\n\t<meta property=\"og:image:width\" content=\"1920\" \/>\n\t<meta property=\"og:image:height\" content=\"1080\" \/>\n\t<meta property=\"og:image:type\" content=\"image\/jpeg\" \/>\n<meta name=\"twitter:card\" content=\"summary_large_image\" \/>\n<meta name=\"twitter:label1\" content=\"Gesch\u00e4tzte Lesezeit\" \/>\n\t<meta name=\"twitter:data1\" content=\"6 Minuten\" \/>\n<script type=\"application\/ld+json\" class=\"yoast-schema-graph\">{\"@context\":\"https:\/\/schema.org\",\"@graph\":[{\"@type\":\"WebSite\",\"@id\":\"https:\/\/relaxsrl.com\/#website\",\"url\":\"https:\/\/relaxsrl.com\/\",\"name\":\"Relax srl\",\"description\":\"\",\"potentialAction\":[{\"@type\":\"SearchAction\",\"target\":{\"@type\":\"EntryPoint\",\"urlTemplate\":\"https:\/\/relaxsrl.com\/?s={search_term_string}\"},\"query-input\":\"required name=search_term_string\"}],\"inLanguage\":\"de-DE\"},{\"@type\":\"ImageObject\",\"inLanguage\":\"de-DE\",\"@id\":\"https:\/\/relaxsrl.com\/de\/unternehmen\/#primaryimage\",\"url\":\"https:\/\/relaxsrl.com\/website\/wp-content\/uploads\/2021\/11\/67A4458C_modificata.jpg\",\"contentUrl\":\"https:\/\/relaxsrl.com\/website\/wp-content\/uploads\/2021\/11\/67A4458C_modificata.jpg\",\"width\":1920,\"height\":1080,\"caption\":\"Firmenzentrale entspannen\"},{\"@type\":\"WebPage\",\"@id\":\"https:\/\/relaxsrl.com\/de\/unternehmen\/#webpage\",\"url\":\"https:\/\/relaxsrl.com\/de\/unternehmen\/\",\"name\":\"Unternehmen - Relax produzione box doccia\",\"isPartOf\":{\"@id\":\"https:\/\/relaxsrl.com\/#website\"},\"primaryImageOfPage\":{\"@id\":\"https:\/\/relaxsrl.com\/de\/unternehmen\/#primaryimage\"},\"datePublished\":\"2022-08-09T15:52:09+00:00\",\"dateModified\":\"2025-04-30T12:52:10+00:00\",\"description\":\"Relax italienische Duschabtrennung Produktion in Venedig, Designprodukte und zertifizierte Qualit\u00e4t, erh\u00e4ltlich in vielen Ausf\u00fchrungen.\",\"breadcrumb\":{\"@id\":\"https:\/\/relaxsrl.com\/de\/unternehmen\/#breadcrumb\"},\"inLanguage\":\"de-DE\",\"potentialAction\":[{\"@type\":\"ReadAction\",\"target\":[\"https:\/\/relaxsrl.com\/de\/unternehmen\/\"]}]},{\"@type\":\"BreadcrumbList\",\"@id\":\"https:\/\/relaxsrl.com\/de\/unternehmen\/#breadcrumb\",\"itemListElement\":[{\"@type\":\"ListItem\",\"position\":1,\"name\":\"Unternehmen\"}]}]}<\/script>\n<!-- \/ Yoast SEO Premium plugin. -->","yoast_head_json":{"title":"Unternehmen - Relax produzione box doccia","description":"Relax italienische Duschabtrennung Produktion in Venedig, Designprodukte und zertifizierte Qualit\u00e4t, erh\u00e4ltlich in vielen Ausf\u00fchrungen.","robots":{"index":"index","follow":"follow","max-snippet":"max-snippet:-1","max-image-preview":"max-image-preview:large","max-video-preview":"max-video-preview:-1"},"canonical":"https:\/\/relaxsrl.com\/de\/unternehmen\/","og_locale":"de_DE","og_type":"article","og_title":"Unternehmen - Relax produzione box doccia","og_description":"Relax italienische Duschabtrennung Produktion in Venedig, Designprodukte und zertifizierte Qualit\u00e4t, erh\u00e4ltlich in vielen Ausf\u00fchrungen.","og_url":"https:\/\/relaxsrl.com\/de\/unternehmen\/","og_site_name":"Relax srl","article_modified_time":"2025-04-30T12:52:10+00:00","og_image":[{"width":1920,"height":1080,"url":"https:\/\/relaxsrl.com\/website\/wp-content\/uploads\/2021\/11\/67A4458C_modificata.jpg","type":"image\/jpeg"}],"twitter_card":"summary_large_image","twitter_misc":{"Gesch\u00e4tzte Lesezeit":"6 Minuten"},"schema":{"@context":"https:\/\/schema.org","@graph":[{"@type":"WebSite","@id":"https:\/\/relaxsrl.com\/#website","url":"https:\/\/relaxsrl.com\/","name":"Relax srl","description":"","potentialAction":[{"@type":"SearchAction","target":{"@type":"EntryPoint","urlTemplate":"https:\/\/relaxsrl.com\/?s={search_term_string}"},"query-input":"required name=search_term_string"}],"inLanguage":"de-DE"},{"@type":"ImageObject","inLanguage":"de-DE","@id":"https:\/\/relaxsrl.com\/de\/unternehmen\/#primaryimage","url":"https:\/\/relaxsrl.com\/website\/wp-content\/uploads\/2021\/11\/67A4458C_modificata.jpg","contentUrl":"https:\/\/relaxsrl.com\/website\/wp-content\/uploads\/2021\/11\/67A4458C_modificata.jpg","width":1920,"height":1080,"caption":"Firmenzentrale entspannen"},{"@type":"WebPage","@id":"https:\/\/relaxsrl.com\/de\/unternehmen\/#webpage","url":"https:\/\/relaxsrl.com\/de\/unternehmen\/","name":"Unternehmen - Relax produzione box doccia","isPartOf":{"@id":"https:\/\/relaxsrl.com\/#website"},"primaryImageOfPage":{"@id":"https:\/\/relaxsrl.com\/de\/unternehmen\/#primaryimage"},"datePublished":"2022-08-09T15:52:09+00:00","dateModified":"2025-04-30T12:52:10+00:00","description":"Relax italienische Duschabtrennung Produktion in Venedig, Designprodukte und zertifizierte Qualit\u00e4t, erh\u00e4ltlich in vielen Ausf\u00fchrungen.","breadcrumb":{"@id":"https:\/\/relaxsrl.com\/de\/unternehmen\/#breadcrumb"},"inLanguage":"de-DE","potentialAction":[{"@type":"ReadAction","target":["https:\/\/relaxsrl.com\/de\/unternehmen\/"]}]},{"@type":"BreadcrumbList","@id":"https:\/\/relaxsrl.com\/de\/unternehmen\/#breadcrumb","itemListElement":[{"@type":"ListItem","position":1,"name":"Unternehmen"}]}]}},"_links":{"self":[{"href":"https:\/\/relaxsrl.com\/de\/wp-json\/wp\/v2\/pages\/22625"}],"collection":[{"href":"https:\/\/relaxsrl.com\/de\/wp-json\/wp\/v2\/pages"}],"about":[{"href":"https:\/\/relaxsrl.com\/de\/wp-json\/wp\/v2\/types\/page"}],"author":[{"embeddable":true,"href":"https:\/\/relaxsrl.com\/de\/wp-json\/wp\/v2\/users\/3"}],"replies":[{"embeddable":true,"href":"https:\/\/relaxsrl.com\/de\/wp-json\/wp\/v2\/comments?post=22625"}],"version-history":[{"count":6,"href":"https:\/\/relaxsrl.com\/de\/wp-json\/wp\/v2\/pages\/22625\/revisions"}],"predecessor-version":[{"id":31773,"href":"https:\/\/relaxsrl.com\/de\/wp-json\/wp\/v2\/pages\/22625\/revisions\/31773"}],"wp:featuredmedia":[{"embeddable":true,"href":"https:\/\/relaxsrl.com\/de\/wp-json\/wp\/v2\/media\/11089"}],"wp:attachment":[{"href":"https:\/\/relaxsrl.com\/de\/wp-json\/wp\/v2\/media?parent=22625"}],"curies":[{"name":"wp","href":"https:\/\/api.w.org\/{rel}","templated":true}]}}