{"id":22635,"date":"2022-08-09T17:59:09","date_gmt":"2022-08-09T15:59:09","guid":{"rendered":"https:\/\/relaxsrl.com\/patente-relax\/"},"modified":"2022-11-18T17:02:45","modified_gmt":"2022-11-18T16:02:45","slug":"patente-relax","status":"publish","type":"page","link":"https:\/\/relaxsrl.com\/de\/patente-relax\/","title":{"rendered":"Patente Relax"},"content":{"rendered":"<p>[vc_row full_width=&#8220;stretch_row&#8220; content_placement=&#8220;middle&#8220; el_class=&#8220;intro-row&#8220;][vc_column][vc_column_text]<\/p>\n<h1>Patente Relax<\/h1>\n<p>[\/vc_column_text][\/vc_column][\/vc_row][vc_row el_class=&#8220;row-path&#8220;][vc_column][vc_column_text][\/vc_column_text][\/vc_column][\/vc_row][vc_row][vc_column width=&#8220;1\/6&#8243;][\/vc_column][vc_column width=&#8220;2\/3&#8243;][vc_empty_space height=&#8220;40px&#8220;][vc_column_text el_class=&#8220;txt-blue abstract weight500&#8243;]Relax hat sich \u00fcber die Jahre hinweg mit Leidenschaft und Erfahrung f\u00fcr die Patentierung einiger funktionaler und \u00e4sthetischer L\u00f6sungen entschieden, die das Ergebnis der Arbeit und des Einfallsreichtums unserer Forschungs- und Entwicklungsabteilung sind.[\/vc_column_text][vc_empty_space height=&#8220;35px&#8220;][\/vc_column][\/vc_row][vc_row][vc_column width=&#8220;1\/6&#8243;][\/vc_column][vc_column width=&#8220;2\/3&#8243;][vc_column_text]<\/p>\n<h2>Bobox<\/h2>\n<p>Es handelt sich um eine Duschkabine, die durch eine Kr\u00fcmmung des Glases nach innen gekennzeichnet ist, ein stilistisches Element, das durch ein dekoratives Patent gesch\u00fctzt ist und sie deshalb einzigartig und unverwechselbar ist. Diese \u00e4sthetische Eigenschaft, verbessert auch die Funktionalit\u00e4t, da es dazu beitragt das Wasser einzud\u00e4mmen.[\/vc_column_text][vc_empty_space height=&#8220;40px&#8220;][\/vc_column][\/vc_row][vc_row][vc_column width=&#8220;1\/6&#8243;][\/vc_column][vc_column width=&#8220;2\/3&#8243;][vc_column_text]<\/p>\n<h2>Puro<\/h2>\n<p>Die Duschkabine PURO ist durch ein dekoratives Patent gekennzeichnet. Das neue Highlight dieser Kabine, ist die Einf\u00fchrung eines austauschbaren oberen Profils, das die F\u00fchrungsr\u00e4der der T\u00fcre abdeckt.[\/vc_column_text][vc_empty_space height=&#8220;40px&#8220;][\/vc_column][\/vc_row][vc_row][vc_column width=&#8220;1\/6&#8243;][\/vc_column][vc_column width=&#8220;2\/3&#8243;][vc_column_text]<\/p>\n<h2>Unico<\/h2>\n<p>UNICO kann man, wie bei PURO, das obere Innengeh\u00e4use in verschiedenen Farben austauschen. Das dekorative Patent macht es einzigartig.[\/vc_column_text][vc_empty_space height=&#8220;40px&#8220;][\/vc_column][\/vc_row][vc_row][vc_column width=&#8220;1\/6&#8243;][\/vc_column][vc_column width=&#8220;2\/3&#8243;][vc_column_text]<\/p>\n<h2>Byblos<\/h2>\n<p>Die besondere Form des Byblos- Duschkopfes ist durch ein dekoratives Patent gesch\u00fctzt. Seine Rundungen und die abgerundeten Ecken sind neu bei den Duschk\u00f6pfen.[\/vc_column_text][vc_empty_space height=&#8220;40px&#8220;][\/vc_column][\/vc_row][vc_row][vc_column width=&#8220;1\/6&#8243;][\/vc_column][vc_column width=&#8220;2\/3&#8243;][vc_column_text]<\/p>\n<h2>Oblique MV<\/h2>\n<p>Es handelt sich um eine stabilisierende Konsole, die Design und Funktionalit\u00e4t verbindet, und sie wird gerade gepr\u00fcft, um ein Patent f\u00fcr industrielle Erfindungen zu erhalten.\u00a0Oblique MV hilft in den Situationen, in denen Sie zwar eine Haltestange ben\u00f6tigen, aber nicht gen\u00fcgend Platz auf der gegen\u00fcberliegenden Glaswand haben.[\/vc_column_text][vc_empty_space height=&#8220;100px&#8220;][\/vc_column][\/vc_row]<\/p>\n","protected":false},"excerpt":{"rendered":"<p>[vc_row full_width=&#8220;stretch_row&#8220; content_placement=&#8220;middle&#8220; el_class=&#8220;intro-row&#8220;][vc_column][vc_column_text] Patente Relax [\/vc_column_text][\/vc_column][\/vc_row][vc_row el_class=&#8220;row-path&#8220;][vc_column][vc_column_text][\/vc_column_text][\/vc_column][\/vc_row][vc_row][vc_column width=&#8220;1\/6&#8243;][\/vc_column][vc_column width=&#8220;2\/3&#8243;][vc_empty_space height=&#8220;40px&#8220;][vc_column_text el_class=&#8220;txt-blue abstract weight500&#8243;]Relax hat sich \u00fcber die Jahre hinweg mit Leidenschaft und Erfahrung f\u00fcr die Patentierung einiger funktionaler und \u00e4sthetischer L\u00f6sungen entschieden, die das Ergebnis der Arbeit und des Einfallsreichtums unserer Forschungs- und Entwicklungsabteilung sind.[\/vc_column_text][vc_empty_space height=&#8220;35px&#8220;][\/vc_column][\/vc_row][vc_row][vc_column width=&#8220;1\/6&#8243;][\/vc_column][vc_column width=&#8220;2\/3&#8243;][vc_column_text] Bobox Es handelt sich um eine [&hellip;]<\/p>\n","protected":false},"author":3,"featured_media":25153,"parent":0,"menu_order":0,"comment_status":"closed","ping_status":"closed","template":"","meta":[],"acf":[],"yoast_head":"<!-- This site is optimized with the Yoast SEO Premium plugin v18.4 (Yoast SEO v18.8) - https:\/\/yoast.com\/wordpress\/plugins\/seo\/ -->\n<title>Patente Relax - Relax srl<\/title>\n<meta name=\"description\" content=\"Relax hat im Laufe der Jahre einige \u00e4sthetische und funktionale L\u00f6sungen untersucht und patentieren lassen. Entdecken Sie sie.\" \/>\n<meta name=\"robots\" content=\"index, follow, max-snippet:-1, max-image-preview:large, max-video-preview:-1\" \/>\n<link rel=\"canonical\" href=\"https:\/\/relaxsrl.com\/de\/patente-relax\/\" \/>\n<meta property=\"og:locale\" content=\"de_DE\" \/>\n<meta property=\"og:type\" content=\"article\" \/>\n<meta property=\"og:title\" content=\"Patente Relax - Relax srl\" \/>\n<meta property=\"og:description\" content=\"Relax hat im Laufe der Jahre einige \u00e4sthetische und funktionale L\u00f6sungen untersucht und patentieren lassen. Entdecken Sie sie.\" \/>\n<meta property=\"og:url\" content=\"https:\/\/relaxsrl.com\/de\/patente-relax\/\" \/>\n<meta property=\"og:site_name\" content=\"Relax srl\" \/>\n<meta property=\"article:modified_time\" content=\"2022-11-18T16:02:45+00:00\" \/>\n<meta name=\"twitter:card\" content=\"summary_large_image\" \/>\n<meta name=\"twitter:label1\" content=\"Gesch\u00e4tzte Lesezeit\" \/>\n\t<meta name=\"twitter:data1\" content=\"2 Minuten\" \/>\n<script type=\"application\/ld+json\" class=\"yoast-schema-graph\">{\"@context\":\"https:\/\/schema.org\",\"@graph\":[{\"@type\":\"WebSite\",\"@id\":\"https:\/\/relaxsrl.com\/#website\",\"url\":\"https:\/\/relaxsrl.com\/\",\"name\":\"Relax srl\",\"description\":\"\",\"potentialAction\":[{\"@type\":\"SearchAction\",\"target\":{\"@type\":\"EntryPoint\",\"urlTemplate\":\"https:\/\/relaxsrl.com\/?s={search_term_string}\"},\"query-input\":\"required name=search_term_string\"}],\"inLanguage\":\"de-DE\"},{\"@type\":\"ImageObject\",\"inLanguage\":\"de-DE\",\"@id\":\"https:\/\/relaxsrl.com\/de\/patente-relax\/#primaryimage\",\"url\":\"https:\/\/relaxsrl.com\/website\/wp-content\/uploads\/2022\/12\/Articoli-Blog8.jpg\",\"contentUrl\":\"https:\/\/relaxsrl.com\/website\/wp-content\/uploads\/2022\/12\/Articoli-Blog8.jpg\",\"width\":730,\"height\":400,\"caption\":\"Bobox box doccia curvato premiato ADI\"},{\"@type\":\"WebPage\",\"@id\":\"https:\/\/relaxsrl.com\/de\/patente-relax\/#webpage\",\"url\":\"https:\/\/relaxsrl.com\/de\/patente-relax\/\",\"name\":\"Patente Relax - Relax srl\",\"isPartOf\":{\"@id\":\"https:\/\/relaxsrl.com\/#website\"},\"primaryImageOfPage\":{\"@id\":\"https:\/\/relaxsrl.com\/de\/patente-relax\/#primaryimage\"},\"datePublished\":\"2022-08-09T15:59:09+00:00\",\"dateModified\":\"2022-11-18T16:02:45+00:00\",\"description\":\"Relax hat im Laufe der Jahre einige \u00e4sthetische und funktionale L\u00f6sungen untersucht und patentieren lassen. Entdecken Sie sie.\",\"breadcrumb\":{\"@id\":\"https:\/\/relaxsrl.com\/de\/patente-relax\/#breadcrumb\"},\"inLanguage\":\"de-DE\",\"potentialAction\":[{\"@type\":\"ReadAction\",\"target\":[\"https:\/\/relaxsrl.com\/de\/patente-relax\/\"]}]},{\"@type\":\"BreadcrumbList\",\"@id\":\"https:\/\/relaxsrl.com\/de\/patente-relax\/#breadcrumb\",\"itemListElement\":[{\"@type\":\"ListItem\",\"position\":1,\"name\":\"Patente Relax\"}]}]}<\/script>\n<!-- \/ Yoast SEO Premium plugin. -->","yoast_head_json":{"title":"Patente Relax - Relax srl","description":"Relax hat im Laufe der Jahre einige \u00e4sthetische und funktionale L\u00f6sungen untersucht und patentieren lassen. Entdecken Sie sie.","robots":{"index":"index","follow":"follow","max-snippet":"max-snippet:-1","max-image-preview":"max-image-preview:large","max-video-preview":"max-video-preview:-1"},"canonical":"https:\/\/relaxsrl.com\/de\/patente-relax\/","og_locale":"de_DE","og_type":"article","og_title":"Patente Relax - Relax srl","og_description":"Relax hat im Laufe der Jahre einige \u00e4sthetische und funktionale L\u00f6sungen untersucht und patentieren lassen. Entdecken Sie sie.","og_url":"https:\/\/relaxsrl.com\/de\/patente-relax\/","og_site_name":"Relax srl","article_modified_time":"2022-11-18T16:02:45+00:00","twitter_card":"summary_large_image","twitter_misc":{"Gesch\u00e4tzte Lesezeit":"2 Minuten"},"schema":{"@context":"https:\/\/schema.org","@graph":[{"@type":"WebSite","@id":"https:\/\/relaxsrl.com\/#website","url":"https:\/\/relaxsrl.com\/","name":"Relax srl","description":"","potentialAction":[{"@type":"SearchAction","target":{"@type":"EntryPoint","urlTemplate":"https:\/\/relaxsrl.com\/?s={search_term_string}"},"query-input":"required name=search_term_string"}],"inLanguage":"de-DE"},{"@type":"ImageObject","inLanguage":"de-DE","@id":"https:\/\/relaxsrl.com\/de\/patente-relax\/#primaryimage","url":"https:\/\/relaxsrl.com\/website\/wp-content\/uploads\/2022\/12\/Articoli-Blog8.jpg","contentUrl":"https:\/\/relaxsrl.com\/website\/wp-content\/uploads\/2022\/12\/Articoli-Blog8.jpg","width":730,"height":400,"caption":"Bobox box doccia curvato premiato ADI"},{"@type":"WebPage","@id":"https:\/\/relaxsrl.com\/de\/patente-relax\/#webpage","url":"https:\/\/relaxsrl.com\/de\/patente-relax\/","name":"Patente Relax - Relax srl","isPartOf":{"@id":"https:\/\/relaxsrl.com\/#website"},"primaryImageOfPage":{"@id":"https:\/\/relaxsrl.com\/de\/patente-relax\/#primaryimage"},"datePublished":"2022-08-09T15:59:09+00:00","dateModified":"2022-11-18T16:02:45+00:00","description":"Relax hat im Laufe der Jahre einige \u00e4sthetische und funktionale L\u00f6sungen untersucht und patentieren lassen. Entdecken Sie sie.","breadcrumb":{"@id":"https:\/\/relaxsrl.com\/de\/patente-relax\/#breadcrumb"},"inLanguage":"de-DE","potentialAction":[{"@type":"ReadAction","target":["https:\/\/relaxsrl.com\/de\/patente-relax\/"]}]},{"@type":"BreadcrumbList","@id":"https:\/\/relaxsrl.com\/de\/patente-relax\/#breadcrumb","itemListElement":[{"@type":"ListItem","position":1,"name":"Patente Relax"}]}]}},"_links":{"self":[{"href":"https:\/\/relaxsrl.com\/de\/wp-json\/wp\/v2\/pages\/22635"}],"collection":[{"href":"https:\/\/relaxsrl.com\/de\/wp-json\/wp\/v2\/pages"}],"about":[{"href":"https:\/\/relaxsrl.com\/de\/wp-json\/wp\/v2\/types\/page"}],"author":[{"embeddable":true,"href":"https:\/\/relaxsrl.com\/de\/wp-json\/wp\/v2\/users\/3"}],"replies":[{"embeddable":true,"href":"https:\/\/relaxsrl.com\/de\/wp-json\/wp\/v2\/comments?post=22635"}],"version-history":[{"count":2,"href":"https:\/\/relaxsrl.com\/de\/wp-json\/wp\/v2\/pages\/22635\/revisions"}],"predecessor-version":[{"id":22637,"href":"https:\/\/relaxsrl.com\/de\/wp-json\/wp\/v2\/pages\/22635\/revisions\/22637"}],"wp:featuredmedia":[{"embeddable":true,"href":"https:\/\/relaxsrl.com\/de\/wp-json\/wp\/v2\/media\/25153"}],"wp:attachment":[{"href":"https:\/\/relaxsrl.com\/de\/wp-json\/wp\/v2\/media?parent=22635"}],"curies":[{"name":"wp","href":"https:\/\/api.w.org\/{rel}","templated":true}]}}