{"id":22638,"date":"2022-08-09T18:07:38","date_gmt":"2022-08-09T16:07:38","guid":{"rendered":"https:\/\/relaxsrl.com\/randkaesten-und-duschwannen\/"},"modified":"2022-12-21T18:07:34","modified_gmt":"2022-12-21T17:07:34","slug":"randkaesten-und-duschwannen","status":"publish","type":"page","link":"https:\/\/relaxsrl.com\/de\/randkaesten-und-duschwannen\/","title":{"rendered":"Randk\u00e4sten und Duschwannen"},"content":{"rendered":"<p>[vc_row full_width=&#8220;stretch_row&#8220; content_placement=&#8220;middle&#8220; el_class=&#8220;intro-row&#8220;][vc_column][vc_column_text]<\/p>\n<h1>Randk\u00e4sten und Duschwannen<\/h1>\n<p>[\/vc_column_text][\/vc_column][\/vc_row][vc_row el_class=&#8220;row-path&#8220;][vc_column][vc_column_text][\/vc_column_text][vc_single_image image=&#8220;23381&#8243; img_size=&#8220;full&#8220;][\/vc_column][\/vc_row][vc_row el_class=&#8220;row-path&#8220;][vc_column][vc_single_image image=&#8220;23381&#8243; img_size=&#8220;full&#8220;][vc_empty_space height=&#8220;35px&#8220;][\/vc_column][\/vc_row][vc_row][vc_column width=&#8220;1\/6&#8243;][\/vc_column][vc_column width=&#8220;2\/3&#8243;][vc_column_text el_class=&#8220;txt-blue abstract weight500&#8243;]Es gibt nichts Schlimmeres, als in der Montagephase des Kunden anzukommen und eine besondere Situation zu entdecken, die nicht ber\u00fccksichtigt wurde und die das Ergebnis beeintr\u00e4chtigen k\u00f6nnte. Besser ist es daher, die anzuerkennenden Grenzf\u00e4lle rechtzeitig gemeinsam zu pr\u00fcfen.[\/vc_column_text][vc_empty_space height=&#8220;35px&#8220;][\/vc_column][\/vc_row][vc_row][vc_column width=&#8220;1\/6&#8243;][\/vc_column][vc_column width=&#8220;2\/3&#8243;][vc_column_text]<\/p>\n<h2>Art und Gr\u00f6\u00dfe der Duschplatte<\/h2>\n<p>Es kann vorkommen, dass Sie manchmal flache Duschplatten (70 cm oder weniger), Duschk\u00f6pfe in unmittelbarer N\u00e4he der Duscht\u00fcr oder ungerade Duschplatten vorfinden, in diesen F\u00e4llen empfiehlt man eine Duschkabine mit Rahmen, vorzugsweise mit einer Schiebet\u00fcr, da somit eine h\u00f6here Wasserbest\u00e4ndigkeit gew\u00e4hrleistet werden kann. Au\u00dferdem sollte der Duschkopf so positioniert werden, dass das Wasser direkt auf die Duschplatte ablaufen kann und nicht gegen die W\u00e4nde der Kabine prallt.[\/vc_column_text][vc_empty_space height=&#8220;20px&#8220;][vc_single_image image=&#8220;5802&#8243; img_size=&#8220;full&#8220;][vc_empty_space height=&#8220;40px&#8220;][\/vc_column][\/vc_row][vc_row][vc_column width=&#8220;1\/6&#8243;][\/vc_column][vc_column width=&#8220;2\/3&#8243;][vc_column_text]<\/p>\n<h2>Art der Wand f\u00fcr die Befestigung<\/h2>\n<p>F\u00fcr den Fall, dass die Verankerungswand nicht durchstochen werden kann, empfehlen wir eine Duschkabine mit Rahmen, vorzugweise selbsttragend, die mit kurzen D\u00fcbeln und ein pr\u00e4zises Silikonisieren an der Wand befestigt werden kann.[\/vc_column_text][vc_empty_space height=&#8220;20px&#8220;][vc_single_image image=&#8220;5806&#8243; img_size=&#8220;full&#8220;][vc_empty_space height=&#8220;40px&#8220;][\/vc_column][\/vc_row][vc_row][vc_column width=&#8220;1\/6&#8243;][\/vc_column][vc_column width=&#8220;2\/3&#8243;][vc_column_text]<\/p>\n<h2>Art der Bodenbel\u00e4ge im Bad<\/h2>\n<p>Je nachdem welcher Bodenbelag vorhanden ist, \u00e4ndert sich die Art der Montage. Ist ein Holzboden vorhanden, so sollte die Duschplatte auf der Duschplatte und nicht auf dem Boden selbst platziert werden, da sie sonst bei jeder Anwendung nass werden k\u00f6nnte. Wir empfehlen eine Duschkabine mit Rahmen und einer Schiebet\u00fcr, da somit eine bessere Eind\u00e4mmung gew\u00e4hrleistet werden kann.[\/vc_column_text][vc_empty_space height=&#8220;20px&#8220;][vc_single_image image=&#8220;5810&#8243; img_size=&#8220;full&#8220;][vc_empty_space height=&#8220;40px&#8220;][\/vc_column][\/vc_row][vc_row][vc_column width=&#8220;1\/6&#8243;][\/vc_column][vc_column width=&#8220;2\/3&#8243;][vc_column_text]<\/p>\n<h2>Vorhandensein von Fenstern oder Schwierigkeiten<\/h2>\n<p>Es k\u00f6nnen oft bei der Montage der Duschkabine Probleme auftreten, wie Fenster oder andere Hindernisse, die das Positionieren der Kabine im vorher ausgesuchten Bereich im Badezimmer verhindern k\u00f6nnte. F\u00fcr unsere Produkte verwenden wir unter normalen Bedingungen St\u00fctzstangen, die senkrecht zum festen Glas der Duschkabine stehen. Wenn ein Hindernis die Verankerung der St\u00fctzstangen nicht zul\u00e4sst, empfehlen wir unsere L\u00f6sung Oblique, eine Konsole mit Stabilisationsfunktion, die die Haltestange auf elegante Weise ersetzt.[\/vc_column_text][vc_empty_space height=&#8220;20px&#8220;][vc_single_image image=&#8220;5814&#8243; img_size=&#8220;full&#8220;][vc_empty_space height=&#8220;40px&#8220;][\/vc_column][\/vc_row][vc_row][vc_column width=&#8220;1\/6&#8243;][\/vc_column][vc_column width=&#8220;2\/3&#8243;][vc_column_text]<\/p>\n<h2>Senkrechte W\u00e4nde<\/h2>\n<p>Ein weiterer Schl\u00fcsselfaktor, der ber\u00fccksichtigt werden sollte, ist, dass die W\u00e4nde senkrecht stehen, was auf dem ersten Blick so erscheinen kann, jedoch k\u00f6nnen sich diese sp\u00e4ter als leicht geneigt erweisen. Wir empfehlen immer eine vorherige Pr\u00fcfung, da die Dehnbarkeit einer Duschkabine m\u00f6glicherweise nicht ausreicht, um wichtige Neigungen auszugleichen.[\/vc_column_text][vc_empty_space height=&#8220;20px&#8220;][vc_single_image image=&#8220;5818&#8243; img_size=&#8220;full&#8220;][vc_empty_space height=&#8220;100px&#8220;][\/vc_column][\/vc_row]<\/p>\n","protected":false},"excerpt":{"rendered":"<p>[vc_row full_width=&#8220;stretch_row&#8220; content_placement=&#8220;middle&#8220; el_class=&#8220;intro-row&#8220;][vc_column][vc_column_text] Randk\u00e4sten und Duschwannen [\/vc_column_text][\/vc_column][\/vc_row][vc_row el_class=&#8220;row-path&#8220;][vc_column][vc_column_text][\/vc_column_text][vc_single_image image=&#8220;23381&#8243; img_size=&#8220;full&#8220;][\/vc_column][\/vc_row][vc_row el_class=&#8220;row-path&#8220;][vc_column][vc_single_image image=&#8220;23381&#8243; img_size=&#8220;full&#8220;][vc_empty_space height=&#8220;35px&#8220;][\/vc_column][\/vc_row][vc_row][vc_column width=&#8220;1\/6&#8243;][\/vc_column][vc_column width=&#8220;2\/3&#8243;][vc_column_text el_class=&#8220;txt-blue abstract weight500&#8243;]Es gibt nichts Schlimmeres, als in der Montagephase des Kunden anzukommen und eine besondere Situation zu entdecken, die nicht ber\u00fccksichtigt wurde und die das Ergebnis beeintr\u00e4chtigen k\u00f6nnte. Besser ist es daher, die anzuerkennenden Grenzf\u00e4lle rechtzeitig gemeinsam [&hellip;]<\/p>\n","protected":false},"author":3,"featured_media":20730,"parent":0,"menu_order":0,"comment_status":"closed","ping_status":"closed","template":"","meta":[],"acf":[],"yoast_head":"<!-- This site is optimized with the Yoast SEO Premium plugin v18.4 (Yoast SEO v18.8) - https:\/\/yoast.com\/wordpress\/plugins\/seo\/ -->\n<title>Randk\u00e4sten und Duschwannen - Relax srl<\/title>\n<meta name=\"description\" content=\"Erfahren Sie, wie Sie Situationen und Grenzf\u00e4lle beim Einbau der Duschabtrennung l\u00f6sen. Eine kurze Anleitung.\" \/>\n<meta name=\"robots\" content=\"index, follow, max-snippet:-1, max-image-preview:large, max-video-preview:-1\" \/>\n<link rel=\"canonical\" href=\"https:\/\/relaxsrl.com\/de\/randkaesten-und-duschwannen\/\" \/>\n<meta property=\"og:locale\" content=\"de_DE\" \/>\n<meta property=\"og:type\" content=\"article\" \/>\n<meta property=\"og:title\" content=\"Randk\u00e4sten und Duschwannen - Relax srl\" \/>\n<meta property=\"og:description\" content=\"Erfahren Sie, wie Sie Situationen und Grenzf\u00e4lle beim Einbau der Duschabtrennung l\u00f6sen. Eine kurze Anleitung.\" \/>\n<meta property=\"og:url\" content=\"https:\/\/relaxsrl.com\/de\/randkaesten-und-duschwannen\/\" \/>\n<meta property=\"og:site_name\" content=\"Relax srl\" \/>\n<meta property=\"article:modified_time\" content=\"2022-12-21T17:07:34+00:00\" \/>\n<meta name=\"twitter:card\" content=\"summary_large_image\" \/>\n<meta name=\"twitter:label1\" content=\"Gesch\u00e4tzte Lesezeit\" \/>\n\t<meta name=\"twitter:data1\" content=\"3 Minuten\" \/>\n<script type=\"application\/ld+json\" class=\"yoast-schema-graph\">{\"@context\":\"https:\/\/schema.org\",\"@graph\":[{\"@type\":\"WebSite\",\"@id\":\"https:\/\/relaxsrl.com\/#website\",\"url\":\"https:\/\/relaxsrl.com\/\",\"name\":\"Relax srl\",\"description\":\"\",\"potentialAction\":[{\"@type\":\"SearchAction\",\"target\":{\"@type\":\"EntryPoint\",\"urlTemplate\":\"https:\/\/relaxsrl.com\/?s={search_term_string}\"},\"query-input\":\"required name=search_term_string\"}],\"inLanguage\":\"de-DE\"},{\"@type\":\"ImageObject\",\"inLanguage\":\"de-DE\",\"@id\":\"https:\/\/relaxsrl.com\/de\/randkaesten-und-duschwannen\/#primaryimage\",\"url\":\"https:\/\/relaxsrl.com\/website\/wp-content\/uploads\/2022\/06\/Oblique3.jpg\",\"contentUrl\":\"https:\/\/relaxsrl.com\/website\/wp-content\/uploads\/2022\/06\/Oblique3.jpg\",\"width\":730,\"height\":600,\"caption\":\"mensola funzionale\"},{\"@type\":\"WebPage\",\"@id\":\"https:\/\/relaxsrl.com\/de\/randkaesten-und-duschwannen\/#webpage\",\"url\":\"https:\/\/relaxsrl.com\/de\/randkaesten-und-duschwannen\/\",\"name\":\"Randk\u00e4sten und Duschwannen - Relax srl\",\"isPartOf\":{\"@id\":\"https:\/\/relaxsrl.com\/#website\"},\"primaryImageOfPage\":{\"@id\":\"https:\/\/relaxsrl.com\/de\/randkaesten-und-duschwannen\/#primaryimage\"},\"datePublished\":\"2022-08-09T16:07:38+00:00\",\"dateModified\":\"2022-12-21T17:07:34+00:00\",\"description\":\"Erfahren Sie, wie Sie Situationen und Grenzf\u00e4lle beim Einbau der Duschabtrennung l\u00f6sen. Eine kurze Anleitung.\",\"breadcrumb\":{\"@id\":\"https:\/\/relaxsrl.com\/de\/randkaesten-und-duschwannen\/#breadcrumb\"},\"inLanguage\":\"de-DE\",\"potentialAction\":[{\"@type\":\"ReadAction\",\"target\":[\"https:\/\/relaxsrl.com\/de\/randkaesten-und-duschwannen\/\"]}]},{\"@type\":\"BreadcrumbList\",\"@id\":\"https:\/\/relaxsrl.com\/de\/randkaesten-und-duschwannen\/#breadcrumb\",\"itemListElement\":[{\"@type\":\"ListItem\",\"position\":1,\"name\":\"Randk\u00e4sten und Duschwannen\"}]}]}<\/script>\n<!-- \/ Yoast SEO Premium plugin. -->","yoast_head_json":{"title":"Randk\u00e4sten und Duschwannen - Relax srl","description":"Erfahren Sie, wie Sie Situationen und Grenzf\u00e4lle beim Einbau der Duschabtrennung l\u00f6sen. Eine kurze Anleitung.","robots":{"index":"index","follow":"follow","max-snippet":"max-snippet:-1","max-image-preview":"max-image-preview:large","max-video-preview":"max-video-preview:-1"},"canonical":"https:\/\/relaxsrl.com\/de\/randkaesten-und-duschwannen\/","og_locale":"de_DE","og_type":"article","og_title":"Randk\u00e4sten und Duschwannen - Relax srl","og_description":"Erfahren Sie, wie Sie Situationen und Grenzf\u00e4lle beim Einbau der Duschabtrennung l\u00f6sen. Eine kurze Anleitung.","og_url":"https:\/\/relaxsrl.com\/de\/randkaesten-und-duschwannen\/","og_site_name":"Relax srl","article_modified_time":"2022-12-21T17:07:34+00:00","twitter_card":"summary_large_image","twitter_misc":{"Gesch\u00e4tzte Lesezeit":"3 Minuten"},"schema":{"@context":"https:\/\/schema.org","@graph":[{"@type":"WebSite","@id":"https:\/\/relaxsrl.com\/#website","url":"https:\/\/relaxsrl.com\/","name":"Relax srl","description":"","potentialAction":[{"@type":"SearchAction","target":{"@type":"EntryPoint","urlTemplate":"https:\/\/relaxsrl.com\/?s={search_term_string}"},"query-input":"required name=search_term_string"}],"inLanguage":"de-DE"},{"@type":"ImageObject","inLanguage":"de-DE","@id":"https:\/\/relaxsrl.com\/de\/randkaesten-und-duschwannen\/#primaryimage","url":"https:\/\/relaxsrl.com\/website\/wp-content\/uploads\/2022\/06\/Oblique3.jpg","contentUrl":"https:\/\/relaxsrl.com\/website\/wp-content\/uploads\/2022\/06\/Oblique3.jpg","width":730,"height":600,"caption":"mensola funzionale"},{"@type":"WebPage","@id":"https:\/\/relaxsrl.com\/de\/randkaesten-und-duschwannen\/#webpage","url":"https:\/\/relaxsrl.com\/de\/randkaesten-und-duschwannen\/","name":"Randk\u00e4sten und Duschwannen - Relax srl","isPartOf":{"@id":"https:\/\/relaxsrl.com\/#website"},"primaryImageOfPage":{"@id":"https:\/\/relaxsrl.com\/de\/randkaesten-und-duschwannen\/#primaryimage"},"datePublished":"2022-08-09T16:07:38+00:00","dateModified":"2022-12-21T17:07:34+00:00","description":"Erfahren Sie, wie Sie Situationen und Grenzf\u00e4lle beim Einbau der Duschabtrennung l\u00f6sen. Eine kurze Anleitung.","breadcrumb":{"@id":"https:\/\/relaxsrl.com\/de\/randkaesten-und-duschwannen\/#breadcrumb"},"inLanguage":"de-DE","potentialAction":[{"@type":"ReadAction","target":["https:\/\/relaxsrl.com\/de\/randkaesten-und-duschwannen\/"]}]},{"@type":"BreadcrumbList","@id":"https:\/\/relaxsrl.com\/de\/randkaesten-und-duschwannen\/#breadcrumb","itemListElement":[{"@type":"ListItem","position":1,"name":"Randk\u00e4sten und Duschwannen"}]}]}},"_links":{"self":[{"href":"https:\/\/relaxsrl.com\/de\/wp-json\/wp\/v2\/pages\/22638"}],"collection":[{"href":"https:\/\/relaxsrl.com\/de\/wp-json\/wp\/v2\/pages"}],"about":[{"href":"https:\/\/relaxsrl.com\/de\/wp-json\/wp\/v2\/types\/page"}],"author":[{"embeddable":true,"href":"https:\/\/relaxsrl.com\/de\/wp-json\/wp\/v2\/users\/3"}],"replies":[{"embeddable":true,"href":"https:\/\/relaxsrl.com\/de\/wp-json\/wp\/v2\/comments?post=22638"}],"version-history":[{"count":6,"href":"https:\/\/relaxsrl.com\/de\/wp-json\/wp\/v2\/pages\/22638\/revisions"}],"predecessor-version":[{"id":25197,"href":"https:\/\/relaxsrl.com\/de\/wp-json\/wp\/v2\/pages\/22638\/revisions\/25197"}],"wp:featuredmedia":[{"embeddable":true,"href":"https:\/\/relaxsrl.com\/de\/wp-json\/wp\/v2\/media\/20730"}],"wp:attachment":[{"href":"https:\/\/relaxsrl.com\/de\/wp-json\/wp\/v2\/media?parent=22638"}],"curies":[{"name":"wp","href":"https:\/\/api.w.org\/{rel}","templated":true}]}}