{"id":22642,"date":"2022-08-10T11:38:46","date_gmt":"2022-08-10T09:38:46","guid":{"rendered":"https:\/\/relaxsrl.com\/wie-sie-eine-passende-duschkabine-waehlen\/"},"modified":"2022-11-18T11:21:19","modified_gmt":"2022-11-18T10:21:19","slug":"wie-sie-eine-passende-duschkabine-waehlen","status":"publish","type":"page","link":"https:\/\/relaxsrl.com\/de\/wie-sie-eine-passende-duschkabine-waehlen\/","title":{"rendered":"Wie Sie eine passende Duschkabine w\u00e4hlen"},"content":{"rendered":"<p>[vc_row full_width=&#8220;stretch_row&#8220; content_placement=&#8220;middle&#8220; el_class=&#8220;intro-row&#8220;][vc_column][vc_column_text]<\/p>\n<h1>Wie Sie eine passende Duschkabine w\u00e4hlen<\/h1>\n<p>[\/vc_column_text][\/vc_column][\/vc_row][vc_row el_class=&#8220;row-path&#8220;][vc_column][vc_column_text][\/vc_column_text][\/vc_column][\/vc_row][vc_row][vc_column width=&#8220;1\/6&#8243;][\/vc_column][vc_column width=&#8220;2\/3&#8243;][vc_column_text el_class=&#8220;txt-blue abstract weight500&#8243;]Bei der Auswahl der Duschkabine, die Ihren Bed\u00fcrfnissen am besten entspricht, sollten Sie auf eine Reihe von Faktoren wie Design, \u00d6ffnungsarten und Materialien achten. Das Zusammenspiel dieser drei Elemente kann unendliche Kombinationen ergeben. Design, \u00d6ffnungsarten und Materialien sind eng miteinander verbunden, zum Beispiel gibt es Materialien, die sich eher f\u00fcr ein spezifisches Design eignen (wie die Endbearbeitung vom Glas Grau Europa) oder \u00d6ffnungsarten, die einen einfachen Stil bevorzugen, gepr\u00e4gt durch Langlebigkeit und einfache Handhabung.[\/vc_column_text][vc_empty_space height=&#8220;35px&#8220;][\/vc_column][\/vc_row][vc_row el_id=&#8220;paragrafo-1&#8243;][vc_column width=&#8220;1\/6&#8243;][\/vc_column][vc_column width=&#8220;2\/3&#8243;][vc_column_text]<\/p>\n<h2>Duschkabinen mit Rahmen<\/h2>\n<p>Zu den wichtigsten Vorteilen z\u00e4hlen:<\/p>\n<ul>\n<li>einfache Montage<\/li>\n<li>hohe Strapazierf\u00e4higkeit und Schutz gegen unbeabsichtigte Besch\u00e4digungen<\/li>\n<li>maggiore tenuta all\u2019acqua<\/li>\n<\/ul>\n<p>Der einzige Nachteil ist eine l\u00e4ngere und komplexere Reinigung.[\/vc_column_text][vc_empty_space height=&#8220;20px&#8220;][vc_single_image image=&#8220;5735&#8243; img_size=&#8220;full&#8220;][vc_empty_space height=&#8220;40px&#8220;][\/vc_column][\/vc_row][vc_row el_id=&#8220;paragrafo-2&#8243;][vc_column width=&#8220;1\/6&#8243;][\/vc_column][vc_column width=&#8220;2\/3&#8243;][vc_column_text]<\/p>\n<h2>Duschkabinen ohne Rahmen<\/h2>\n<p>Die Vorteile einer rahmenlosen Duschkabine sind:<\/p>\n<ul>\n<li>sie f\u00e4llt im Badezimmer mehr auf<\/li>\n<li>eine besonders leichte Reinigung<\/li>\n<\/ul>\n<p>&nbsp;<\/p>\n<p>Anschlie\u00dfend sind zwei Situationen zu ber\u00fccksichtigen, wenn Sie eine Duschkabine ohne Rahmen bevorzugen:<\/p>\n<ul>\n<li>die Wasserbest\u00e4ndigkeit ist heikel im Fall einer kleinen Duschkabine<\/li>\n<li>Bei der Montage ist mehr Vorsicht geboten, um Br\u00fcche zu vermeiden<\/li>\n<\/ul>\n<p>[\/vc_column_text][vc_empty_space height=&#8220;20px&#8220;][vc_single_image image=&#8220;5739&#8243; img_size=&#8220;full&#8220;][\/vc_column][\/vc_row][vc_row el_id=&#8220;paragrafo-3&#8243;][vc_column width=&#8220;1\/6&#8243;][\/vc_column][vc_column width=&#8220;2\/3&#8243;][vc_empty_space height=&#8220;40px&#8220;][vc_column_text]<\/p>\n<h2>Arten der \u00d6ffnung<\/h2>\n<p>Die Wahl der \u00d6ffnungsart ist einer der heikelsten Momente bei der Auswahl einer Duschbox und kann den Raum rund um die Duschkabine und das Badezimmer radikal ver\u00e4ndern. Welche \u00d6ffnungen gibt es unter den Relax-Produkten?[\/vc_column_text][vc_empty_space height=&#8220;20px&#8220;][\/vc_column][\/vc_row][vc_row][vc_column width=&#8220;1\/6&#8243;][\/vc_column][vc_column width=&#8220;2\/3&#8243;][vc_row_inner equal_height=&#8220;yes&#8220; content_placement=&#8220;middle&#8220;][vc_column_inner width=&#8220;1\/2&#8243;][vc_single_image image=&#8220;5744&#8243; img_size=&#8220;full&#8220;][vc_empty_space height=&#8220;20px&#8220;][\/vc_column_inner][vc_column_inner width=&#8220;1\/2&#8243;][vc_empty_space height=&#8220;20px&#8220;][vc_column_text]<\/p>\n<h3>Walk-in<\/h3>\n<p>Es ist keine echte \u00d6ffnung, da keine T\u00fcr vorhanden ist, sondern es ist eine M\u00f6glichkeit, die durch die Beschaffenheit unserer Produkte geboten wird.[\/vc_column_text][vc_empty_space height=&#8220;20px&#8220;][\/vc_column_inner][\/vc_row_inner][\/vc_column][\/vc_row][vc_row][vc_column][vc_empty_space height=&#8220;40px&#8220;][\/vc_column][\/vc_row][vc_row][vc_column width=&#8220;1\/6&#8243;][\/vc_column][vc_column width=&#8220;2\/3&#8243;][vc_row_inner equal_height=&#8220;yes&#8220; content_placement=&#8220;middle&#8220;][vc_column_inner width=&#8220;1\/2&#8243;][vc_empty_space height=&#8220;20px&#8220;][vc_column_text]<\/p>\n<h3>Fl\u00fcgelt\u00fcr<\/h3>\n<p>Klassisch, elegant, zeitlos. Das Schlie\u00dfen einer Fl\u00fcgelt\u00fcr unterscheidet sich von den anderen durch die M\u00f6glichkeit nach innen und au\u00dfen zu \u00f6ffnen.[\/vc_column_text][vc_empty_space height=&#8220;20px&#8220;][\/vc_column_inner][vc_column_inner width=&#8220;1\/2&#8243;][vc_single_image image=&#8220;5750&#8243; img_size=&#8220;full&#8220;][vc_empty_space height=&#8220;20px&#8220;][\/vc_column_inner][\/vc_row_inner][\/vc_column][\/vc_row][vc_row][vc_column][vc_empty_space height=&#8220;40px&#8220;][\/vc_column][\/vc_row][vc_row][vc_column width=&#8220;1\/6&#8243;][\/vc_column][vc_column width=&#8220;2\/3&#8243;][vc_row_inner equal_height=&#8220;yes&#8220; content_placement=&#8220;middle&#8220;][vc_column_inner][vc_column_text]<\/p>\n<h3>Schiebet\u00fcr<\/h3>\n<p>Eignet sich besonders gut f\u00fcr kleine B\u00e4der, erm\u00f6glicht eine intelligente Raumplanung und die T\u00fcr nimmt keinen Platz weg, da sie sich parallel zur fixen Seite \u00f6ffnet[\/vc_column_text][vc_empty_space height=&#8220;20px&#8220;][vc_single_image image=&#8220;5757&#8243; img_size=&#8220;full&#8220;][vc_empty_space height=&#8220;20px&#8220;][\/vc_column_inner][\/vc_row_inner][\/vc_column][\/vc_row][vc_row][vc_column][vc_empty_space height=&#8220;40px&#8220;][\/vc_column][\/vc_row][vc_row][vc_column width=&#8220;1\/6&#8243;][\/vc_column][vc_column width=&#8220;2\/3&#8243;][vc_row_inner equal_height=&#8220;yes&#8220; content_placement=&#8220;middle&#8220;][vc_column_inner width=&#8220;1\/2&#8243;][vc_empty_space height=&#8220;20px&#8220;][vc_column_text]<\/p>\n<h3>Pivot-T\u00fcr<\/h3>\n<p>Eine T\u00fcrvorlage mit Pivot-Scharnier, 18 cm von der Wand entfernt \u2013 volle Nutzung der Wand neben der T\u00fcr.[\/vc_column_text][vc_empty_space height=&#8220;20px&#8220;][\/vc_column_inner][vc_column_inner width=&#8220;1\/2&#8243;][vc_single_image image=&#8220;5761&#8243; img_size=&#8220;full&#8220;][vc_empty_space height=&#8220;20px&#8220;][\/vc_column_inner][\/vc_row_inner][\/vc_column][\/vc_row][vc_row][vc_column][vc_empty_space height=&#8220;40px&#8220;][\/vc_column][\/vc_row][vc_row][vc_column width=&#8220;1\/6&#8243;][\/vc_column][vc_column width=&#8220;2\/3&#8243;][vc_row_inner equal_height=&#8220;yes&#8220; content_placement=&#8220;middle&#8220;][vc_column_inner width=&#8220;1\/2&#8243;][vc_single_image image=&#8220;5765&#8243; img_size=&#8220;full&#8220;][vc_empty_space height=&#8220;20px&#8220;][\/vc_column_inner][vc_column_inner width=&#8220;1\/2&#8243;][vc_empty_space height=&#8220;20px&#8220;][vc_column_text]<\/p>\n<h3>Faltt\u00fcr<\/h3>\n<p>Die T\u00fcr wird auch \u201eZierharmonikat\u00fcr\u201c genannt. Es ist eine platzsparende Eingangsart, die erm\u00f6glicht, dass sie sich auf sich selbst zuklappt und somit nicht viel Platz ben\u00f6tigt.[\/vc_column_text][vc_empty_space height=&#8220;20px&#8220;][\/vc_column_inner][\/vc_row_inner][\/vc_column][\/vc_row][vc_row][vc_column][vc_empty_space height=&#8220;40px&#8220;][\/vc_column][\/vc_row][vc_row][vc_column width=&#8220;1\/6&#8243;][\/vc_column][vc_column width=&#8220;2\/3&#8243;][vc_row_inner equal_height=&#8220;yes&#8220; content_placement=&#8220;middle&#8220;][vc_column_inner width=&#8220;1\/2&#8243;][vc_empty_space height=&#8220;20px&#8220;][vc_column_text]<\/p>\n<h3>Saloon T\u00fcr<\/h3>\n<p>Doppelte T\u00fcr\u00f6ffnung nach innen und au\u00dfen m\u00f6glich, sie ist eher funktionell als \u00e4sthetisch. Perfekt als L\u00f6sung f\u00fcr Nischen.[\/vc_column_text][vc_empty_space height=&#8220;20px&#8220;][\/vc_column_inner][vc_column_inner width=&#8220;1\/2&#8243;][vc_single_image image=&#8220;5769&#8243; img_size=&#8220;full&#8220;][vc_empty_space height=&#8220;20px&#8220;][\/vc_column_inner][\/vc_row_inner][\/vc_column][\/vc_row][vc_row][vc_column][vc_empty_space height=&#8220;100px&#8220;][\/vc_column][\/vc_row]<\/p>\n","protected":false},"excerpt":{"rendered":"<p>[vc_row full_width=&#8220;stretch_row&#8220; content_placement=&#8220;middle&#8220; el_class=&#8220;intro-row&#8220;][vc_column][vc_column_text] Wie Sie eine passende Duschkabine w\u00e4hlen [\/vc_column_text][\/vc_column][\/vc_row][vc_row el_class=&#8220;row-path&#8220;][vc_column][vc_column_text][\/vc_column_text][\/vc_column][\/vc_row][vc_row][vc_column width=&#8220;1\/6&#8243;][\/vc_column][vc_column width=&#8220;2\/3&#8243;][vc_column_text el_class=&#8220;txt-blue abstract weight500&#8243;]Bei der Auswahl der Duschkabine, die Ihren Bed\u00fcrfnissen am besten entspricht, sollten Sie auf eine Reihe von Faktoren wie Design, \u00d6ffnungsarten und Materialien achten. Das Zusammenspiel dieser drei Elemente kann unendliche Kombinationen ergeben. Design, \u00d6ffnungsarten und Materialien sind eng [&hellip;]<\/p>\n","protected":false},"author":3,"featured_media":5735,"parent":0,"menu_order":0,"comment_status":"closed","ping_status":"closed","template":"","meta":[],"acf":[],"yoast_head":"<!-- This site is optimized with the Yoast SEO Premium plugin v18.4 (Yoast SEO v18.8) - https:\/\/yoast.com\/wordpress\/plugins\/seo\/ -->\n<title>Wie Sie eine passende Duschkabine w\u00e4hlen - Relax srl<\/title>\n<meta name=\"description\" content=\"Die Wahl der Duschkabine ist nie einfach. Wir helfen Ihnen, sich zurechtzufinden und das f\u00fcr Sie Richtige auszuw\u00e4hlen.\" \/>\n<meta name=\"robots\" content=\"index, follow, max-snippet:-1, max-image-preview:large, max-video-preview:-1\" \/>\n<link rel=\"canonical\" href=\"https:\/\/relaxsrl.com\/de\/wie-sie-eine-passende-duschkabine-waehlen\/\" \/>\n<meta property=\"og:locale\" content=\"de_DE\" \/>\n<meta property=\"og:type\" content=\"article\" \/>\n<meta property=\"og:title\" content=\"Wie Sie eine passende Duschkabine w\u00e4hlen - Relax srl\" \/>\n<meta property=\"og:description\" content=\"Die Wahl der Duschkabine ist nie einfach. Wir helfen Ihnen, sich zurechtzufinden und das f\u00fcr Sie Richtige auszuw\u00e4hlen.\" \/>\n<meta property=\"og:url\" content=\"https:\/\/relaxsrl.com\/de\/wie-sie-eine-passende-duschkabine-waehlen\/\" \/>\n<meta property=\"og:site_name\" content=\"Relax srl\" \/>\n<meta property=\"article:modified_time\" content=\"2022-11-18T10:21:19+00:00\" \/>\n<meta name=\"twitter:card\" content=\"summary_large_image\" \/>\n<meta name=\"twitter:label1\" content=\"Gesch\u00e4tzte Lesezeit\" \/>\n\t<meta name=\"twitter:data1\" content=\"5 Minuten\" \/>\n<script type=\"application\/ld+json\" class=\"yoast-schema-graph\">{\"@context\":\"https:\/\/schema.org\",\"@graph\":[{\"@type\":\"WebSite\",\"@id\":\"https:\/\/relaxsrl.com\/#website\",\"url\":\"https:\/\/relaxsrl.com\/\",\"name\":\"Relax srl\",\"description\":\"\",\"potentialAction\":[{\"@type\":\"SearchAction\",\"target\":{\"@type\":\"EntryPoint\",\"urlTemplate\":\"https:\/\/relaxsrl.com\/?s={search_term_string}\"},\"query-input\":\"required name=search_term_string\"}],\"inLanguage\":\"de-DE\"},{\"@type\":\"ImageObject\",\"inLanguage\":\"de-DE\",\"@id\":\"https:\/\/relaxsrl.com\/de\/wie-sie-eine-passende-duschkabine-waehlen\/#primaryimage\",\"url\":\"https:\/\/relaxsrl.com\/website\/wp-content\/uploads\/2021\/10\/FOTO10.jpg\",\"contentUrl\":\"https:\/\/relaxsrl.com\/website\/wp-content\/uploads\/2021\/10\/FOTO10.jpg\",\"width\":1000,\"height\":667,\"caption\":\"Runde Duschkabine mit Schiebet\u00fcren\"},{\"@type\":\"WebPage\",\"@id\":\"https:\/\/relaxsrl.com\/de\/wie-sie-eine-passende-duschkabine-waehlen\/#webpage\",\"url\":\"https:\/\/relaxsrl.com\/de\/wie-sie-eine-passende-duschkabine-waehlen\/\",\"name\":\"Wie Sie eine passende Duschkabine w\u00e4hlen - Relax srl\",\"isPartOf\":{\"@id\":\"https:\/\/relaxsrl.com\/#website\"},\"primaryImageOfPage\":{\"@id\":\"https:\/\/relaxsrl.com\/de\/wie-sie-eine-passende-duschkabine-waehlen\/#primaryimage\"},\"datePublished\":\"2022-08-10T09:38:46+00:00\",\"dateModified\":\"2022-11-18T10:21:19+00:00\",\"description\":\"Die Wahl der Duschkabine ist nie einfach. Wir helfen Ihnen, sich zurechtzufinden und das f\u00fcr Sie Richtige auszuw\u00e4hlen.\",\"breadcrumb\":{\"@id\":\"https:\/\/relaxsrl.com\/de\/wie-sie-eine-passende-duschkabine-waehlen\/#breadcrumb\"},\"inLanguage\":\"de-DE\",\"potentialAction\":[{\"@type\":\"ReadAction\",\"target\":[\"https:\/\/relaxsrl.com\/de\/wie-sie-eine-passende-duschkabine-waehlen\/\"]}]},{\"@type\":\"BreadcrumbList\",\"@id\":\"https:\/\/relaxsrl.com\/de\/wie-sie-eine-passende-duschkabine-waehlen\/#breadcrumb\",\"itemListElement\":[{\"@type\":\"ListItem\",\"position\":1,\"name\":\"Wie Sie eine passende Duschkabine w\u00e4hlen\"}]}]}<\/script>\n<!-- \/ Yoast SEO Premium plugin. -->","yoast_head_json":{"title":"Wie Sie eine passende Duschkabine w\u00e4hlen - Relax srl","description":"Die Wahl der Duschkabine ist nie einfach. Wir helfen Ihnen, sich zurechtzufinden und das f\u00fcr Sie Richtige auszuw\u00e4hlen.","robots":{"index":"index","follow":"follow","max-snippet":"max-snippet:-1","max-image-preview":"max-image-preview:large","max-video-preview":"max-video-preview:-1"},"canonical":"https:\/\/relaxsrl.com\/de\/wie-sie-eine-passende-duschkabine-waehlen\/","og_locale":"de_DE","og_type":"article","og_title":"Wie Sie eine passende Duschkabine w\u00e4hlen - Relax srl","og_description":"Die Wahl der Duschkabine ist nie einfach. Wir helfen Ihnen, sich zurechtzufinden und das f\u00fcr Sie Richtige auszuw\u00e4hlen.","og_url":"https:\/\/relaxsrl.com\/de\/wie-sie-eine-passende-duschkabine-waehlen\/","og_site_name":"Relax srl","article_modified_time":"2022-11-18T10:21:19+00:00","twitter_card":"summary_large_image","twitter_misc":{"Gesch\u00e4tzte Lesezeit":"5 Minuten"},"schema":{"@context":"https:\/\/schema.org","@graph":[{"@type":"WebSite","@id":"https:\/\/relaxsrl.com\/#website","url":"https:\/\/relaxsrl.com\/","name":"Relax srl","description":"","potentialAction":[{"@type":"SearchAction","target":{"@type":"EntryPoint","urlTemplate":"https:\/\/relaxsrl.com\/?s={search_term_string}"},"query-input":"required name=search_term_string"}],"inLanguage":"de-DE"},{"@type":"ImageObject","inLanguage":"de-DE","@id":"https:\/\/relaxsrl.com\/de\/wie-sie-eine-passende-duschkabine-waehlen\/#primaryimage","url":"https:\/\/relaxsrl.com\/website\/wp-content\/uploads\/2021\/10\/FOTO10.jpg","contentUrl":"https:\/\/relaxsrl.com\/website\/wp-content\/uploads\/2021\/10\/FOTO10.jpg","width":1000,"height":667,"caption":"Runde Duschkabine mit Schiebet\u00fcren"},{"@type":"WebPage","@id":"https:\/\/relaxsrl.com\/de\/wie-sie-eine-passende-duschkabine-waehlen\/#webpage","url":"https:\/\/relaxsrl.com\/de\/wie-sie-eine-passende-duschkabine-waehlen\/","name":"Wie Sie eine passende Duschkabine w\u00e4hlen - Relax srl","isPartOf":{"@id":"https:\/\/relaxsrl.com\/#website"},"primaryImageOfPage":{"@id":"https:\/\/relaxsrl.com\/de\/wie-sie-eine-passende-duschkabine-waehlen\/#primaryimage"},"datePublished":"2022-08-10T09:38:46+00:00","dateModified":"2022-11-18T10:21:19+00:00","description":"Die Wahl der Duschkabine ist nie einfach. Wir helfen Ihnen, sich zurechtzufinden und das f\u00fcr Sie Richtige auszuw\u00e4hlen.","breadcrumb":{"@id":"https:\/\/relaxsrl.com\/de\/wie-sie-eine-passende-duschkabine-waehlen\/#breadcrumb"},"inLanguage":"de-DE","potentialAction":[{"@type":"ReadAction","target":["https:\/\/relaxsrl.com\/de\/wie-sie-eine-passende-duschkabine-waehlen\/"]}]},{"@type":"BreadcrumbList","@id":"https:\/\/relaxsrl.com\/de\/wie-sie-eine-passende-duschkabine-waehlen\/#breadcrumb","itemListElement":[{"@type":"ListItem","position":1,"name":"Wie Sie eine passende Duschkabine w\u00e4hlen"}]}]}},"_links":{"self":[{"href":"https:\/\/relaxsrl.com\/de\/wp-json\/wp\/v2\/pages\/22642"}],"collection":[{"href":"https:\/\/relaxsrl.com\/de\/wp-json\/wp\/v2\/pages"}],"about":[{"href":"https:\/\/relaxsrl.com\/de\/wp-json\/wp\/v2\/types\/page"}],"author":[{"embeddable":true,"href":"https:\/\/relaxsrl.com\/de\/wp-json\/wp\/v2\/users\/3"}],"replies":[{"embeddable":true,"href":"https:\/\/relaxsrl.com\/de\/wp-json\/wp\/v2\/comments?post=22642"}],"version-history":[{"count":5,"href":"https:\/\/relaxsrl.com\/de\/wp-json\/wp\/v2\/pages\/22642\/revisions"}],"predecessor-version":[{"id":24602,"href":"https:\/\/relaxsrl.com\/de\/wp-json\/wp\/v2\/pages\/22642\/revisions\/24602"}],"wp:featuredmedia":[{"embeddable":true,"href":"https:\/\/relaxsrl.com\/de\/wp-json\/wp\/v2\/media\/5735"}],"wp:attachment":[{"href":"https:\/\/relaxsrl.com\/de\/wp-json\/wp\/v2\/media?parent=22642"}],"curies":[{"name":"wp","href":"https:\/\/api.w.org\/{rel}","templated":true}]}}