{"id":22646,"date":"2022-08-10T11:49:42","date_gmt":"2022-08-10T09:49:42","guid":{"rendered":"https:\/\/relaxsrl.com\/wie-eine-hochwertige-duschkabine-entsteht\/"},"modified":"2022-08-10T11:49:45","modified_gmt":"2022-08-10T09:49:45","slug":"wie-eine-hochwertige-duschkabine-entsteht","status":"publish","type":"page","link":"https:\/\/relaxsrl.com\/de\/wie-eine-hochwertige-duschkabine-entsteht\/","title":{"rendered":"Wie eine hochwertige Duschkabine entsteht"},"content":{"rendered":"<p>[vc_row full_width=&#8220;stretch_row&#8220; content_placement=&#8220;middle&#8220; el_class=&#8220;intro-row&#8220;][vc_column][vc_column_text]<\/p>\n<h1>Wie eine hochwertige Duschkabine entsteht<\/h1>\n<p>[\/vc_column_text][\/vc_column][\/vc_row][vc_row el_class=&#8220;row-path&#8220;][vc_column][vc_column_text][\/vc_column_text][\/vc_column][\/vc_row][vc_row][vc_column width=&#8220;1\/6&#8243;][\/vc_column][vc_column width=&#8220;2\/3&#8243;][vc_column_text el_class=&#8220;txt-blue abstract weight500&#8243;]Die Relax-Duschkabinen entstehen und entwickeln sich dank unvergleichlicher F\u00e4higkeiten und Kenntnisse: von einer extremen Form des Glases bis hin zur Qualit\u00e4t der Verarbeitung von strukturierten Aluminiumteilen. Hinter dem Endergebnis verbirgt sich das Fachwissen von Akteuren, die jeden Tag am Produktionsprozess teilnehmen und ihn vollst\u00e4ndig \u00fcberwachen.[\/vc_column_text][vc_empty_space height=&#8220;35px&#8220;][\/vc_column][\/vc_row][vc_row][vc_column width=&#8220;1\/6&#8243;][\/vc_column][vc_column width=&#8220;2\/3&#8243;][vc_column_text]<\/p>\n<h2>Die Kontrolle der Rohstoffe<\/h2>\n<p>Der Produktionsprozess von Relax beginnt mit der Bewertung der angelieferten Rohstoffe, welche quantitativ und qualitativ sofort kontrolliert werden. Insbesondere werden Ma\u00dfpr\u00fcfungen des Glases und erg\u00e4nzenden Materialien wie Schrauben und Zubeh\u00f6r durchgef\u00fchrt.<br \/>\nWir w\u00e4hlen die wertvollsten Rohstoffe der lokalen Lieferanten aus, die wie wir das \u201eMade in Italy\u201c weltweit bekannt machen wollen. Das ist das Geheimnis, das Relax seit vielen Jahren bewahrt, ein Schl\u00fcsselfaktor, um die Qualit\u00e4t unserer Produkte zu verstehen, die aus st\u00e4ndiger Innovation und dem Wissen besteht, dass sie immer die besten Rohstoffe haben.[\/vc_column_text][vc_empty_space height=&#8220;40px&#8220;][\/vc_column][\/vc_row][vc_row][vc_column width=&#8220;1\/6&#8243;][\/vc_column][vc_column width=&#8220;2\/3&#8243;][vc_column_text]<\/p>\n<h2>Das Schneiden und Verarbeiten von Aluminium<\/h2>\n<p>Wir stellen sicher, dass das Material f\u00fcr Ihre Duschkabinen den geltenden Spezifikationen und Vorschriften entspricht. St\u00e4ndige Kontrollen w\u00e4hrend des Herstellungsprozesses garantieren stets sichere und zuverl\u00e4ssige Produkte. Es ist ein manueller Prozess, der gewiss an erfahrenen H\u00e4nden \u00fcberlassen wird.[\/vc_column_text][vc_empty_space height=&#8220;40px&#8220;][\/vc_column][\/vc_row][vc_row][vc_column width=&#8220;1\/6&#8243;][\/vc_column][vc_column width=&#8220;2\/3&#8243;][vc_column_text]<\/p>\n<h2>Das Schneiden und Verarbeiten von Aluminium<\/h2>\n<p>Wir haben Werkst\u00e4tten sowohl f\u00fcr das Schneiden des Aluminiums als auch f\u00fcr die Verarbeitung am Aluminium zusammen mit einem Mitarbeiter, der den gesamten Prozess \u00fcberwacht. Das Fr\u00e4sen und Bohren sind die Kernprozesse unserer Arbeitsg\u00e4nge, die selbstst\u00e4ndig in einer Maschinenhalle durchgef\u00fchrt werden, welche st\u00e4ndig erweitert wird. Wir k\u00f6nnen mit Sicherheit sagen, dass Technologien und Kompetenzen, die zusammenarbeiten, Produkte von hervorragenden Qualit\u00e4ten hervorbringen.[\/vc_column_text][vc_empty_space height=&#8220;40px&#8220;][\/vc_column][\/vc_row][vc_row][vc_column width=&#8220;1\/6&#8243;][\/vc_column][vc_column width=&#8220;2\/3&#8243;][vc_column_text]<\/p>\n<h2>Das Kleben<\/h2>\n<p>Wir rollen das Silikon per Hand manuell in den Aluminiumgruben aus, in dem das Glas hineinkommt. Danach wird alles geklebt. Wir sind der Meinung, dass der sicherste und effektivste Weg, das Ganze von Hand zu erledigen, damit wir sicher sein k\u00f6nnen, dass die Qualit\u00e4tsstandards, die uns auszeichnen, eingehalten werden.[\/vc_column_text][vc_empty_space height=&#8220;40px&#8220;][\/vc_column][\/vc_row][vc_row][vc_column width=&#8220;1\/6&#8243;][\/vc_column][vc_column width=&#8220;2\/3&#8243;][vc_column_text]<\/p>\n<h2>Die Montage<\/h2>\n<p>Und zu guter Letzt: Die Montage sorgt daf\u00fcr, dass eine Duschkabine vollst\u00e4ndig, sicher und zuverl\u00e4ssig ist. Das ist der letzte Schritt, um eine ausgezeichnete Duschkabine in eine Relax Duschkabine umzuwandeln.[\/vc_column_text][vc_empty_space height=&#8220;40px&#8220;][\/vc_column][\/vc_row][vc_row][vc_column width=&#8220;1\/6&#8243;][\/vc_column][vc_column width=&#8220;2\/3&#8243;][vc_column_text]<\/p>\n<h2>Das Packaging<\/h2>\n<p>Wir bereiten unsere Duschkabinen immer f\u00fcr den finalen Kunden zu. In jeder Verpackung sind farbige Beh\u00e4lter, um die Identifikation der Elemente bei der Montage zu erleichtern. Die Verpackungsphase f\u00fcr den Versand ist eine der am heikelste: Wir treffen alle Vorsichtsma\u00dfnahmen, damit jede Duschkabine am Zielort eintrifft. Wir verwenden Schutzstyropor, um sicherzustellen, dass das Glas vor jedem Sturz gesch\u00fctzt ist.[\/vc_column_text][vc_empty_space height=&#8220;40px&#8220;][\/vc_column][\/vc_row][vc_row][vc_column width=&#8220;1\/6&#8243;][\/vc_column][vc_column width=&#8220;2\/3&#8243;][vc_column_text]<\/p>\n<h2>Die Lagerung<\/h2>\n<p>Wir haben au\u00dferdem jede Duschkabine auf Lager, bereit zur Lieferung.  Unter den vielen angebotenen L\u00f6sungen stellen wir sicher, dass einige Duschkabinen sofort lieferbar sind, diese sind im Katalog gekennzeichnet.[\/vc_column_text][vc_empty_space height=&#8220;100px&#8220;][\/vc_column][\/vc_row]<\/p>\n","protected":false},"excerpt":{"rendered":"<p>[vc_row full_width=&#8220;stretch_row&#8220; content_placement=&#8220;middle&#8220; el_class=&#8220;intro-row&#8220;][vc_column][vc_column_text] Wie eine hochwertige Duschkabine entsteht [\/vc_column_text][\/vc_column][\/vc_row][vc_row el_class=&#8220;row-path&#8220;][vc_column][vc_column_text][\/vc_column_text][\/vc_column][\/vc_row][vc_row][vc_column width=&#8220;1\/6&#8243;][\/vc_column][vc_column width=&#8220;2\/3&#8243;][vc_column_text el_class=&#8220;txt-blue abstract weight500&#8243;]Die Relax-Duschkabinen entstehen und entwickeln sich dank unvergleichlicher F\u00e4higkeiten und Kenntnisse: von einer extremen Form des Glases bis hin zur Qualit\u00e4t der Verarbeitung von strukturierten Aluminiumteilen. Hinter dem Endergebnis verbirgt sich das Fachwissen von Akteuren, die jeden Tag am Produktionsprozess [&hellip;]<\/p>\n","protected":false},"author":3,"featured_media":23843,"parent":0,"menu_order":0,"comment_status":"closed","ping_status":"closed","template":"","meta":[],"acf":[],"yoast_head":"<!-- This site is optimized with the Yoast SEO Premium plugin v18.4 (Yoast SEO v18.8) - https:\/\/yoast.com\/wordpress\/plugins\/seo\/ -->\n<title>Wie eine hochwertige Duschkabine entsteht - Relax srl<\/title>\n<meta name=\"description\" content=\"Verfolgen Sie mit uns den Produktionsprozess, der aus dem Rohmaterial eine Duschabtrennung in Relax-Qualit\u00e4t macht.\" \/>\n<meta name=\"robots\" content=\"index, follow, max-snippet:-1, max-image-preview:large, max-video-preview:-1\" \/>\n<link rel=\"canonical\" href=\"https:\/\/relaxsrl.com\/de\/wie-eine-hochwertige-duschkabine-entsteht\/\" \/>\n<meta property=\"og:locale\" content=\"de_DE\" \/>\n<meta property=\"og:type\" content=\"article\" \/>\n<meta property=\"og:title\" content=\"Wie eine hochwertige Duschkabine entsteht - Relax srl\" \/>\n<meta property=\"og:description\" content=\"Verfolgen Sie mit uns den Produktionsprozess, der aus dem Rohmaterial eine Duschabtrennung in Relax-Qualit\u00e4t macht.\" \/>\n<meta property=\"og:url\" content=\"https:\/\/relaxsrl.com\/de\/wie-eine-hochwertige-duschkabine-entsteht\/\" \/>\n<meta property=\"og:site_name\" content=\"Relax srl\" \/>\n<meta property=\"article:modified_time\" content=\"2022-08-10T09:49:45+00:00\" \/>\n<meta name=\"twitter:card\" content=\"summary_large_image\" \/>\n<meta name=\"twitter:label1\" content=\"Gesch\u00e4tzte Lesezeit\" \/>\n\t<meta name=\"twitter:data1\" content=\"4 Minuten\" \/>\n<script type=\"application\/ld+json\" class=\"yoast-schema-graph\">{\"@context\":\"https:\/\/schema.org\",\"@graph\":[{\"@type\":\"WebSite\",\"@id\":\"https:\/\/relaxsrl.com\/#website\",\"url\":\"https:\/\/relaxsrl.com\/\",\"name\":\"Relax srl\",\"description\":\"\",\"potentialAction\":[{\"@type\":\"SearchAction\",\"target\":{\"@type\":\"EntryPoint\",\"urlTemplate\":\"https:\/\/relaxsrl.com\/?s={search_term_string}\"},\"query-input\":\"required name=search_term_string\"}],\"inLanguage\":\"de-DE\"},{\"@type\":\"ImageObject\",\"inLanguage\":\"de-DE\",\"@id\":\"https:\/\/relaxsrl.com\/de\/wie-eine-hochwertige-duschkabine-entsteht\/#primaryimage\",\"url\":\"https:\/\/relaxsrl.com\/website\/wp-content\/uploads\/2022\/09\/Articoli-Blog-3.jpg\",\"contentUrl\":\"https:\/\/relaxsrl.com\/website\/wp-content\/uploads\/2022\/09\/Articoli-Blog-3.jpg\",\"width\":1500,\"height\":800,\"caption\":\"Cabina doccia 80x80 angolare con ante scorrevoli vista dall'alto\"},{\"@type\":\"WebPage\",\"@id\":\"https:\/\/relaxsrl.com\/de\/wie-eine-hochwertige-duschkabine-entsteht\/#webpage\",\"url\":\"https:\/\/relaxsrl.com\/de\/wie-eine-hochwertige-duschkabine-entsteht\/\",\"name\":\"Wie eine hochwertige Duschkabine entsteht - Relax srl\",\"isPartOf\":{\"@id\":\"https:\/\/relaxsrl.com\/#website\"},\"primaryImageOfPage\":{\"@id\":\"https:\/\/relaxsrl.com\/de\/wie-eine-hochwertige-duschkabine-entsteht\/#primaryimage\"},\"datePublished\":\"2022-08-10T09:49:42+00:00\",\"dateModified\":\"2022-08-10T09:49:45+00:00\",\"description\":\"Verfolgen Sie mit uns den Produktionsprozess, der aus dem Rohmaterial eine Duschabtrennung in Relax-Qualit\u00e4t macht.\",\"breadcrumb\":{\"@id\":\"https:\/\/relaxsrl.com\/de\/wie-eine-hochwertige-duschkabine-entsteht\/#breadcrumb\"},\"inLanguage\":\"de-DE\",\"potentialAction\":[{\"@type\":\"ReadAction\",\"target\":[\"https:\/\/relaxsrl.com\/de\/wie-eine-hochwertige-duschkabine-entsteht\/\"]}]},{\"@type\":\"BreadcrumbList\",\"@id\":\"https:\/\/relaxsrl.com\/de\/wie-eine-hochwertige-duschkabine-entsteht\/#breadcrumb\",\"itemListElement\":[{\"@type\":\"ListItem\",\"position\":1,\"name\":\"Wie eine hochwertige Duschkabine entsteht\"}]}]}<\/script>\n<!-- \/ Yoast SEO Premium plugin. -->","yoast_head_json":{"title":"Wie eine hochwertige Duschkabine entsteht - Relax srl","description":"Verfolgen Sie mit uns den Produktionsprozess, der aus dem Rohmaterial eine Duschabtrennung in Relax-Qualit\u00e4t macht.","robots":{"index":"index","follow":"follow","max-snippet":"max-snippet:-1","max-image-preview":"max-image-preview:large","max-video-preview":"max-video-preview:-1"},"canonical":"https:\/\/relaxsrl.com\/de\/wie-eine-hochwertige-duschkabine-entsteht\/","og_locale":"de_DE","og_type":"article","og_title":"Wie eine hochwertige Duschkabine entsteht - Relax srl","og_description":"Verfolgen Sie mit uns den Produktionsprozess, der aus dem Rohmaterial eine Duschabtrennung in Relax-Qualit\u00e4t macht.","og_url":"https:\/\/relaxsrl.com\/de\/wie-eine-hochwertige-duschkabine-entsteht\/","og_site_name":"Relax srl","article_modified_time":"2022-08-10T09:49:45+00:00","twitter_card":"summary_large_image","twitter_misc":{"Gesch\u00e4tzte Lesezeit":"4 Minuten"},"schema":{"@context":"https:\/\/schema.org","@graph":[{"@type":"WebSite","@id":"https:\/\/relaxsrl.com\/#website","url":"https:\/\/relaxsrl.com\/","name":"Relax srl","description":"","potentialAction":[{"@type":"SearchAction","target":{"@type":"EntryPoint","urlTemplate":"https:\/\/relaxsrl.com\/?s={search_term_string}"},"query-input":"required name=search_term_string"}],"inLanguage":"de-DE"},{"@type":"ImageObject","inLanguage":"de-DE","@id":"https:\/\/relaxsrl.com\/de\/wie-eine-hochwertige-duschkabine-entsteht\/#primaryimage","url":"https:\/\/relaxsrl.com\/website\/wp-content\/uploads\/2022\/09\/Articoli-Blog-3.jpg","contentUrl":"https:\/\/relaxsrl.com\/website\/wp-content\/uploads\/2022\/09\/Articoli-Blog-3.jpg","width":1500,"height":800,"caption":"Cabina doccia 80x80 angolare con ante scorrevoli vista dall'alto"},{"@type":"WebPage","@id":"https:\/\/relaxsrl.com\/de\/wie-eine-hochwertige-duschkabine-entsteht\/#webpage","url":"https:\/\/relaxsrl.com\/de\/wie-eine-hochwertige-duschkabine-entsteht\/","name":"Wie eine hochwertige Duschkabine entsteht - Relax srl","isPartOf":{"@id":"https:\/\/relaxsrl.com\/#website"},"primaryImageOfPage":{"@id":"https:\/\/relaxsrl.com\/de\/wie-eine-hochwertige-duschkabine-entsteht\/#primaryimage"},"datePublished":"2022-08-10T09:49:42+00:00","dateModified":"2022-08-10T09:49:45+00:00","description":"Verfolgen Sie mit uns den Produktionsprozess, der aus dem Rohmaterial eine Duschabtrennung in Relax-Qualit\u00e4t macht.","breadcrumb":{"@id":"https:\/\/relaxsrl.com\/de\/wie-eine-hochwertige-duschkabine-entsteht\/#breadcrumb"},"inLanguage":"de-DE","potentialAction":[{"@type":"ReadAction","target":["https:\/\/relaxsrl.com\/de\/wie-eine-hochwertige-duschkabine-entsteht\/"]}]},{"@type":"BreadcrumbList","@id":"https:\/\/relaxsrl.com\/de\/wie-eine-hochwertige-duschkabine-entsteht\/#breadcrumb","itemListElement":[{"@type":"ListItem","position":1,"name":"Wie eine hochwertige Duschkabine entsteht"}]}]}},"_links":{"self":[{"href":"https:\/\/relaxsrl.com\/de\/wp-json\/wp\/v2\/pages\/22646"}],"collection":[{"href":"https:\/\/relaxsrl.com\/de\/wp-json\/wp\/v2\/pages"}],"about":[{"href":"https:\/\/relaxsrl.com\/de\/wp-json\/wp\/v2\/types\/page"}],"author":[{"embeddable":true,"href":"https:\/\/relaxsrl.com\/de\/wp-json\/wp\/v2\/users\/3"}],"replies":[{"embeddable":true,"href":"https:\/\/relaxsrl.com\/de\/wp-json\/wp\/v2\/comments?post=22646"}],"version-history":[{"count":2,"href":"https:\/\/relaxsrl.com\/de\/wp-json\/wp\/v2\/pages\/22646\/revisions"}],"predecessor-version":[{"id":22648,"href":"https:\/\/relaxsrl.com\/de\/wp-json\/wp\/v2\/pages\/22646\/revisions\/22648"}],"wp:featuredmedia":[{"embeddable":true,"href":"https:\/\/relaxsrl.com\/de\/wp-json\/wp\/v2\/media\/23843"}],"wp:attachment":[{"href":"https:\/\/relaxsrl.com\/de\/wp-json\/wp\/v2\/media?parent=22646"}],"curies":[{"name":"wp","href":"https:\/\/api.w.org\/{rel}","templated":true}]}}