{"id":22649,"date":"2022-08-10T11:53:34","date_gmt":"2022-08-10T09:53:34","guid":{"rendered":"https:\/\/relaxsrl.com\/zertifizierungen-fuer-duschkabinen\/"},"modified":"2022-11-18T11:25:34","modified_gmt":"2022-11-18T10:25:34","slug":"zertifizierungen-fuer-duschkabinen","status":"publish","type":"page","link":"https:\/\/relaxsrl.com\/de\/zertifizierungen-fuer-duschkabinen\/","title":{"rendered":"Zertifizierungen f\u00fcr Duschkabinen"},"content":{"rendered":"<p>[vc_row full_width=&#8220;stretch_row&#8220; content_placement=&#8220;middle&#8220; el_class=&#8220;intro-row&#8220;][vc_column][vc_column_text]<\/p>\n<h1>Zertifizierungen Relax<\/h1>\n<p>[\/vc_column_text][\/vc_column][\/vc_row][vc_row el_class=&#8220;row-path&#8220;][vc_column][vc_column_text][\/vc_column_text][\/vc_column][\/vc_row][vc_row][vc_column width=&#8220;1\/6&#8243;][\/vc_column][vc_column width=&#8220;2\/3&#8243;][vc_column_text el_class=&#8220;txt-blue abstract weight500&#8243;]Sicherheit und Zuverl\u00e4ssigkeit sind f\u00fcr Relax unverzichtbare Qualit\u00e4ten, weshalb wir uns auf das wichtigste europ\u00e4ische Zertifizierungsinstitut verlassen, um unsere Duschboxen den strengsten Tests zu unterziehen.[\/vc_column_text][vc_empty_space height=&#8220;35px&#8220;][\/vc_column][\/vc_row][vc_row][vc_column width=&#8220;1\/6&#8243;][\/vc_column][vc_column width=&#8220;2\/3&#8243;][vc_column_text]<\/p>\n<h2>Zertifizierungen T\u00dcV S\u00dcD<\/h2>\n<p>T\u00dcV S\u00dcD-Zertifizierungen erm\u00f6glichen uns, unsere Produkte Tag f\u00fcr Tag zu verbessern und sie so sicherer und langlebiger zu machen.<br \/>\nInsbesondere zeigen die Zertifikate, dass unsere Duschkabinen in Folgenden Dingen ausgezeichnet sind:<\/p>\n<ul>\n<li>\n<h3>Strapazierf\u00e4higkeit und Anstrengung<\/h3>\n<p>Mehr als 20.000 \u00d6ffnungs- und Schlie\u00dfzyklen der T\u00fcren. Eine Haltbarkeitsgarantie f\u00fcr die h\u00e4ufigste T\u00e4tigkeit einer Duschkabine.<\/li>\n<li>\n<h3>Stabilit\u00e4t<\/h3>\n<p>Im Fall eines Sturzes einer Person in der Duschkabine h\u00e4lt die Duschwand dem Aufprall stand. In diesem Fall garantiert Qualit\u00e4t die Sicherheit der Person.<\/li>\n<li>\n<h3>Wasserdichte<\/h3>\n<p>Das Auslaufen des Wassers aus der Duschkabine ist f\u00fcr viele ein Problem, und wir haben daf\u00fcr gesorgt, dass unsere Duschkabinen den h\u00f6chsten Anforderungen, was die Wasserbest\u00e4ndigkeit betrifft, gen\u00fcgt.<\/li>\n<li>\n<h3>Materialien<\/h3>\n<p>Die Materialien, die wir verwenden, unterscheiden sich durch ihre F\u00e4higkeiten, wie eine leichte Reinigung, Haltbarkeit, Schutz der Sicherheit der Menschen.<\/li>\n<\/ul>\n<p>[\/vc_column_text][vc_empty_space height=&#8220;100px&#8220;][\/vc_column][\/vc_row]<\/p>\n","protected":false},"excerpt":{"rendered":"<p>[vc_row full_width=&#8220;stretch_row&#8220; content_placement=&#8220;middle&#8220; el_class=&#8220;intro-row&#8220;][vc_column][vc_column_text] Zertifizierungen Relax [\/vc_column_text][\/vc_column][\/vc_row][vc_row el_class=&#8220;row-path&#8220;][vc_column][vc_column_text][\/vc_column_text][\/vc_column][\/vc_row][vc_row][vc_column width=&#8220;1\/6&#8243;][\/vc_column][vc_column width=&#8220;2\/3&#8243;][vc_column_text el_class=&#8220;txt-blue abstract weight500&#8243;]Sicherheit und Zuverl\u00e4ssigkeit sind f\u00fcr Relax unverzichtbare Qualit\u00e4ten, weshalb wir uns auf das wichtigste europ\u00e4ische Zertifizierungsinstitut verlassen, um unsere Duschboxen den strengsten Tests zu unterziehen.[\/vc_column_text][vc_empty_space height=&#8220;35px&#8220;][\/vc_column][\/vc_row][vc_row][vc_column width=&#8220;1\/6&#8243;][\/vc_column][vc_column width=&#8220;2\/3&#8243;][vc_column_text] Zertifizierungen T\u00dcV S\u00dcD T\u00dcV S\u00dcD-Zertifizierungen erm\u00f6glichen uns, unsere Produkte Tag f\u00fcr Tag zu verbessern und [&hellip;]<\/p>\n","protected":false},"author":3,"featured_media":22173,"parent":0,"menu_order":0,"comment_status":"closed","ping_status":"closed","template":"","meta":[],"acf":[],"yoast_head":"<!-- This site is optimized with the Yoast SEO Premium plugin v18.4 (Yoast SEO v18.8) - https:\/\/yoast.com\/wordpress\/plugins\/seo\/ -->\n<title>Zertifizierungen f\u00fcr Duschkabinen - Relax srl<\/title>\n<meta name=\"description\" content=\"Sicherheit und Zuverl\u00e4ssigkeit sind wesentliche Eigenschaften von Relax. Mit den Zertifizierungen unserer Duschabtrennungen garantieren wir T\u00dcV S\u00dcD-Qualit\u00e4t.\" \/>\n<meta name=\"robots\" content=\"index, follow, max-snippet:-1, max-image-preview:large, max-video-preview:-1\" \/>\n<link rel=\"canonical\" href=\"https:\/\/relaxsrl.com\/de\/zertifizierungen-fuer-duschkabinen\/\" \/>\n<meta property=\"og:locale\" content=\"de_DE\" \/>\n<meta property=\"og:type\" content=\"article\" \/>\n<meta property=\"og:title\" content=\"Zertifizierungen f\u00fcr Duschkabinen - Relax srl\" \/>\n<meta property=\"og:description\" content=\"Sicherheit und Zuverl\u00e4ssigkeit sind wesentliche Eigenschaften von Relax. Mit den Zertifizierungen unserer Duschabtrennungen garantieren wir T\u00dcV S\u00dcD-Qualit\u00e4t.\" \/>\n<meta property=\"og:url\" content=\"https:\/\/relaxsrl.com\/de\/zertifizierungen-fuer-duschkabinen\/\" \/>\n<meta property=\"og:site_name\" content=\"Relax srl\" \/>\n<meta property=\"article:modified_time\" content=\"2022-11-18T10:25:34+00:00\" \/>\n<meta name=\"twitter:card\" content=\"summary_large_image\" \/>\n<meta name=\"twitter:label1\" content=\"Gesch\u00e4tzte Lesezeit\" \/>\n\t<meta name=\"twitter:data1\" content=\"1 Minute\" \/>\n<script type=\"application\/ld+json\" class=\"yoast-schema-graph\">{\"@context\":\"https:\/\/schema.org\",\"@graph\":[{\"@type\":\"WebSite\",\"@id\":\"https:\/\/relaxsrl.com\/#website\",\"url\":\"https:\/\/relaxsrl.com\/\",\"name\":\"Relax srl\",\"description\":\"\",\"potentialAction\":[{\"@type\":\"SearchAction\",\"target\":{\"@type\":\"EntryPoint\",\"urlTemplate\":\"https:\/\/relaxsrl.com\/?s={search_term_string}\"},\"query-input\":\"required name=search_term_string\"}],\"inLanguage\":\"de-DE\"},{\"@type\":\"ImageObject\",\"inLanguage\":\"de-DE\",\"@id\":\"https:\/\/relaxsrl.com\/de\/zertifizierungen-fuer-duschkabinen\/#primaryimage\",\"url\":\"https:\/\/relaxsrl.com\/website\/wp-content\/uploads\/2022\/07\/tuv-1.jpg\",\"contentUrl\":\"https:\/\/relaxsrl.com\/website\/wp-content\/uploads\/2022\/07\/tuv-1.jpg\",\"width\":1500,\"height\":800},{\"@type\":\"WebPage\",\"@id\":\"https:\/\/relaxsrl.com\/de\/zertifizierungen-fuer-duschkabinen\/#webpage\",\"url\":\"https:\/\/relaxsrl.com\/de\/zertifizierungen-fuer-duschkabinen\/\",\"name\":\"Zertifizierungen f\u00fcr Duschkabinen - Relax srl\",\"isPartOf\":{\"@id\":\"https:\/\/relaxsrl.com\/#website\"},\"primaryImageOfPage\":{\"@id\":\"https:\/\/relaxsrl.com\/de\/zertifizierungen-fuer-duschkabinen\/#primaryimage\"},\"datePublished\":\"2022-08-10T09:53:34+00:00\",\"dateModified\":\"2022-11-18T10:25:34+00:00\",\"description\":\"Sicherheit und Zuverl\u00e4ssigkeit sind wesentliche Eigenschaften von Relax. Mit den Zertifizierungen unserer Duschabtrennungen garantieren wir T\u00dcV S\u00dcD-Qualit\u00e4t.\",\"breadcrumb\":{\"@id\":\"https:\/\/relaxsrl.com\/de\/zertifizierungen-fuer-duschkabinen\/#breadcrumb\"},\"inLanguage\":\"de-DE\",\"potentialAction\":[{\"@type\":\"ReadAction\",\"target\":[\"https:\/\/relaxsrl.com\/de\/zertifizierungen-fuer-duschkabinen\/\"]}]},{\"@type\":\"BreadcrumbList\",\"@id\":\"https:\/\/relaxsrl.com\/de\/zertifizierungen-fuer-duschkabinen\/#breadcrumb\",\"itemListElement\":[{\"@type\":\"ListItem\",\"position\":1,\"name\":\"Zertifizierungen f\u00fcr Duschkabinen\"}]}]}<\/script>\n<!-- \/ Yoast SEO Premium plugin. -->","yoast_head_json":{"title":"Zertifizierungen f\u00fcr Duschkabinen - Relax srl","description":"Sicherheit und Zuverl\u00e4ssigkeit sind wesentliche Eigenschaften von Relax. Mit den Zertifizierungen unserer Duschabtrennungen garantieren wir T\u00dcV S\u00dcD-Qualit\u00e4t.","robots":{"index":"index","follow":"follow","max-snippet":"max-snippet:-1","max-image-preview":"max-image-preview:large","max-video-preview":"max-video-preview:-1"},"canonical":"https:\/\/relaxsrl.com\/de\/zertifizierungen-fuer-duschkabinen\/","og_locale":"de_DE","og_type":"article","og_title":"Zertifizierungen f\u00fcr Duschkabinen - Relax srl","og_description":"Sicherheit und Zuverl\u00e4ssigkeit sind wesentliche Eigenschaften von Relax. Mit den Zertifizierungen unserer Duschabtrennungen garantieren wir T\u00dcV S\u00dcD-Qualit\u00e4t.","og_url":"https:\/\/relaxsrl.com\/de\/zertifizierungen-fuer-duschkabinen\/","og_site_name":"Relax srl","article_modified_time":"2022-11-18T10:25:34+00:00","twitter_card":"summary_large_image","twitter_misc":{"Gesch\u00e4tzte Lesezeit":"1 Minute"},"schema":{"@context":"https:\/\/schema.org","@graph":[{"@type":"WebSite","@id":"https:\/\/relaxsrl.com\/#website","url":"https:\/\/relaxsrl.com\/","name":"Relax srl","description":"","potentialAction":[{"@type":"SearchAction","target":{"@type":"EntryPoint","urlTemplate":"https:\/\/relaxsrl.com\/?s={search_term_string}"},"query-input":"required name=search_term_string"}],"inLanguage":"de-DE"},{"@type":"ImageObject","inLanguage":"de-DE","@id":"https:\/\/relaxsrl.com\/de\/zertifizierungen-fuer-duschkabinen\/#primaryimage","url":"https:\/\/relaxsrl.com\/website\/wp-content\/uploads\/2022\/07\/tuv-1.jpg","contentUrl":"https:\/\/relaxsrl.com\/website\/wp-content\/uploads\/2022\/07\/tuv-1.jpg","width":1500,"height":800},{"@type":"WebPage","@id":"https:\/\/relaxsrl.com\/de\/zertifizierungen-fuer-duschkabinen\/#webpage","url":"https:\/\/relaxsrl.com\/de\/zertifizierungen-fuer-duschkabinen\/","name":"Zertifizierungen f\u00fcr Duschkabinen - Relax srl","isPartOf":{"@id":"https:\/\/relaxsrl.com\/#website"},"primaryImageOfPage":{"@id":"https:\/\/relaxsrl.com\/de\/zertifizierungen-fuer-duschkabinen\/#primaryimage"},"datePublished":"2022-08-10T09:53:34+00:00","dateModified":"2022-11-18T10:25:34+00:00","description":"Sicherheit und Zuverl\u00e4ssigkeit sind wesentliche Eigenschaften von Relax. Mit den Zertifizierungen unserer Duschabtrennungen garantieren wir T\u00dcV S\u00dcD-Qualit\u00e4t.","breadcrumb":{"@id":"https:\/\/relaxsrl.com\/de\/zertifizierungen-fuer-duschkabinen\/#breadcrumb"},"inLanguage":"de-DE","potentialAction":[{"@type":"ReadAction","target":["https:\/\/relaxsrl.com\/de\/zertifizierungen-fuer-duschkabinen\/"]}]},{"@type":"BreadcrumbList","@id":"https:\/\/relaxsrl.com\/de\/zertifizierungen-fuer-duschkabinen\/#breadcrumb","itemListElement":[{"@type":"ListItem","position":1,"name":"Zertifizierungen f\u00fcr Duschkabinen"}]}]}},"_links":{"self":[{"href":"https:\/\/relaxsrl.com\/de\/wp-json\/wp\/v2\/pages\/22649"}],"collection":[{"href":"https:\/\/relaxsrl.com\/de\/wp-json\/wp\/v2\/pages"}],"about":[{"href":"https:\/\/relaxsrl.com\/de\/wp-json\/wp\/v2\/types\/page"}],"author":[{"embeddable":true,"href":"https:\/\/relaxsrl.com\/de\/wp-json\/wp\/v2\/users\/3"}],"replies":[{"embeddable":true,"href":"https:\/\/relaxsrl.com\/de\/wp-json\/wp\/v2\/comments?post=22649"}],"version-history":[{"count":3,"href":"https:\/\/relaxsrl.com\/de\/wp-json\/wp\/v2\/pages\/22649\/revisions"}],"predecessor-version":[{"id":24604,"href":"https:\/\/relaxsrl.com\/de\/wp-json\/wp\/v2\/pages\/22649\/revisions\/24604"}],"wp:featuredmedia":[{"embeddable":true,"href":"https:\/\/relaxsrl.com\/de\/wp-json\/wp\/v2\/media\/22173"}],"wp:attachment":[{"href":"https:\/\/relaxsrl.com\/de\/wp-json\/wp\/v2\/media?parent=22649"}],"curies":[{"name":"wp","href":"https:\/\/api.w.org\/{rel}","templated":true}]}}