{"id":22656,"date":"2022-08-10T11:57:39","date_gmt":"2022-08-10T09:57:39","guid":{"rendered":"https:\/\/relaxsrl.com\/kontakte\/"},"modified":"2025-09-01T08:26:17","modified_gmt":"2025-09-01T06:26:17","slug":"kontakte","status":"publish","type":"page","link":"https:\/\/relaxsrl.com\/de\/kontakte\/","title":{"rendered":"Kontakte"},"content":{"rendered":"<p>[vc_row full_width=&#8220;stretch_row&#8220; content_placement=&#8220;middle&#8220; el_class=&#8220;intro-row&#8220;][vc_column width=&#8220;5\/12&#8243;][vc_column_text]<\/p>\n<h1>Kontakte<\/h1>\n<p>[\/vc_column_text][\/vc_column][vc_column width=&#8220;7\/12&#8243;][vc_column_text el_class=&#8220;abstract&#8220;]Wenden Sie sich f\u00fcr alle Ihre Bed\u00fcrfnisse an Relax.[\/vc_column_text][\/vc_column][\/vc_row][vc_row el_class=&#8220;row-path&#8220;][vc_column][vc_column_text][\/vc_column_text][\/vc_column][\/vc_row][vc_row][vc_column width=&#8220;1\/2&#8243;][vc_column_text]<\/p>\n<h2>Kontakte<\/h2>\n<p>&nbsp;<\/p>\n<p>Tel. <a href=\"tel:+390421323159\">+39.0421.323159<\/a><br \/>\nTel. <a href=\"tel:+3904211765124\">+39.0421.1765124<\/a><br \/>\nEmail: <a href=\"mailto:info@relaxsrl.com\">info@relaxsrl.com<\/a><\/p>\n<p>&nbsp;<\/p>\n<p><strong>Adresse:<\/strong><br \/>\nStra\u00dfe Leonardo da Vinci, 2\/A<br \/>\n30020 \u2013 Torre di Mosto (Venedig) IT[\/vc_column_text][vc_empty_space height=&#8220;50px&#8220;][\/vc_column][vc_column width=&#8220;1\/2&#8243;][vc_column_text]<\/p>\n<h2>Schreiben Sie uns<\/h2>\n<p>F\u00fcllen Sie das folgende Formular aus und einer unserer Experten wird Ihnen so schnell wie m\u00f6glich antworten.[\/vc_column_text][vc_empty_space height=&#8220;20px&#8220;]<div role=\"form\" class=\"wpcf7\" id=\"wpcf7-f21757-o1\" lang=\"it-IT\" dir=\"ltr\">\n<div class=\"screen-reader-response\"><p role=\"status\" aria-live=\"polite\" aria-atomic=\"true\"><\/p> <ul><\/ul><\/div>\n<form action=\"\/de\/wp-json\/wp\/v2\/pages\/22656#wpcf7-f21757-o1\" method=\"post\" class=\"wpcf7-form init wpcf7-acceptance-as-validation\" novalidate=\"novalidate\" data-status=\"init\">\n<div style=\"display: none;\">\n<input type=\"hidden\" name=\"_wpcf7\" value=\"21757\" \/>\n<input type=\"hidden\" name=\"_wpcf7_version\" value=\"5.5.6\" \/>\n<input type=\"hidden\" name=\"_wpcf7_locale\" value=\"it_IT\" \/>\n<input type=\"hidden\" name=\"_wpcf7_unit_tag\" value=\"wpcf7-f21757-o1\" \/>\n<input type=\"hidden\" name=\"_wpcf7_container_post\" value=\"0\" \/>\n<input type=\"hidden\" name=\"_wpcf7_posted_data_hash\" value=\"\" \/>\n<input type=\"hidden\" name=\"_wpcf7_recaptcha_response\" value=\"\" \/>\n<\/div>\n<div  class='vc_row wpb_row vc_row-fluid contact-form-font'>\n<div class='wpb_column vc_column_container vc_col-sm-12'>\n<div class='vc_column-inner'>\n<div class='form-group form-group-50 form-group-50-l'>\n<div class='form-group-label'><label>&nbsp;<\/label><\/div>\n<div class='form-group-element'><span class=\"wpcf7-form-control-wrap nome\"><input type=\"text\" name=\"nome\" value=\"\" size=\"40\" class=\"wpcf7-form-control wpcf7-text wpcf7-validates-as-required\" aria-required=\"true\" aria-invalid=\"false\" placeholder=\"Vorname*\" \/><\/span><\/div>\n<\/div>\n<div class='form-group form-group-50 form-group-50-r'>\n<div class='form-group-label'><label>&nbsp;<\/label><\/div>\n<div class='form-group-element'><span class=\"wpcf7-form-control-wrap cognome\"><input type=\"text\" name=\"cognome\" value=\"\" size=\"40\" class=\"wpcf7-form-control wpcf7-text wpcf7-validates-as-required\" aria-required=\"true\" aria-invalid=\"false\" placeholder=\"Nachname*\" \/><\/span><\/div>\n<\/div>\n<div style='clear:both;'><\/div>\n<div class='form-group'>\n<div class='form-group-label'><label>&nbsp;<\/label><\/div>\n<div class='form-group-element'><span class=\"wpcf7-form-control-wrap user_pass\"><input type=\"email\" name=\"user_pass\" value=\"\" size=\"40\" class=\"wpcf7-form-control wpcf7-text wpcf7-email wpcf7-validates-as-required wpcf7-validates-as-email\" aria-required=\"true\" aria-invalid=\"false\" placeholder=\"Email*\" \/><\/span><\/div>\n<\/div>\n<div style='clear:both;'><\/div>\n<div class='form-group'>\n<div class='form-group-label'><label>&nbsp;<\/label><\/div>\n<div class='form-group-element'><span class=\"wpcf7-form-control-wrap telefono\"><input type=\"tel\" name=\"telefono\" value=\"\" size=\"40\" class=\"wpcf7-form-control wpcf7-text wpcf7-tel wpcf7-validates-as-required wpcf7-validates-as-tel\" aria-required=\"true\" aria-invalid=\"false\" placeholder=\"Telefon*\" \/><\/span><\/div>\n<\/div>\n<div style='clear:both;'><\/div>\n<div class='form-group'>\n<div class='form-group-label'><label>&nbsp;<\/label><\/div>\n<div class='form-group-element'><span class=\"wpcf7-form-control-wrap richiesta\"><textarea name=\"richiesta\" cols=\"40\" rows=\"10\" class=\"wpcf7-form-control wpcf7-textarea\" aria-invalid=\"false\" placeholder=\"Wie k\u00f6nnen wir Ihnen helfen?\"><\/textarea><\/span><\/div>\n<\/div>\n<div class='form-group'>\n<div class='form-group-label'><label>&nbsp;<\/label><\/div>\n<div class='form-group form-group-trattamentodati'><span class=\"wpcf7-form-control-wrap trattamento-dati\"><span class=\"wpcf7-form-control wpcf7-acceptance\"><span class=\"wpcf7-list-item\"><label><input type=\"checkbox\" name=\"trattamento-dati\" value=\"1\" aria-invalid=\"false\" \/><span class=\"wpcf7-list-item-label\">Ich erkl\u00e4re, dass ich die unter <a href=\"http:\/\/relaxsrl.com\/de\/privacy-policy\/\"> Link <\/a> verf\u00fcgbaren Informationen gelesen und verstanden habe, auf die in den Artikeln verwiesen wird. 13 und 14 der DSGVO 2016\/679 und der geltenden nationalen Gesetzgebung.<\/span><\/label><\/span><\/span><\/span><\/div>\n<div class='form-group form-group-newsletter'><span class=\"wpcf7-form-control-wrap newsletter\"><span class=\"wpcf7-form-control wpcf7-acceptance optional\"><span class=\"wpcf7-list-item\"><label><input type=\"checkbox\" name=\"newsletter\" value=\"1\" aria-invalid=\"false\" \/><span class=\"wpcf7-list-item-label\">Newsletter. Ich erkl\u00e4re, dass ich die <a href=\"http:\/\/relaxsrl.com\/de\/info-newsletter\/\"> Newsletter-Informationen <\/a> gelesen und verstanden habe und stimme der Verarbeitung meiner personenbezogenen Daten zum Versenden des informativen, kommerziellen Newsletters zu und Werbung per E-Mail. Die Bereitstellung von Daten zu diesem Zweck ist freiwillig und kann jederzeit widerrufen werden.<\/span><\/label><\/span><\/span><\/span><\/div>\n<p><br><\/p>\n<div class='form-group form-group-submit'><input type=\"submit\" value=\"SENDEN\" class=\"wpcf7-form-control has-spinner wpcf7-submit\" \/><\/div>\n<\/div>\n<\/div>\n<\/div>\n<div class=\"wpcf7-response-output\" aria-hidden=\"true\"><\/div><\/form><\/div>[\/vc_column][\/vc_row][vc_row][vc_column][vc_empty_space height=&#8220;100px&#8220;][\/vc_column][\/vc_row]<\/p>\n","protected":false},"excerpt":{"rendered":"<p>[vc_row full_width=&#8220;stretch_row&#8220; content_placement=&#8220;middle&#8220; el_class=&#8220;intro-row&#8220;][vc_column width=&#8220;5\/12&#8243;][vc_column_text] Kontakte [\/vc_column_text][\/vc_column][vc_column width=&#8220;7\/12&#8243;][vc_column_text el_class=&#8220;abstract&#8220;]Wenden Sie sich f\u00fcr alle Ihre Bed\u00fcrfnisse an Relax.[\/vc_column_text][\/vc_column][\/vc_row][vc_row el_class=&#8220;row-path&#8220;][vc_column][vc_column_text][\/vc_column_text][\/vc_column][\/vc_row][vc_row][vc_column width=&#8220;1\/2&#8243;][vc_column_text] Kontakte &nbsp; Tel. +39.0421.323159 Tel. +39.0421.1765124 Email: info@relaxsrl.com &nbsp; Adresse: Stra\u00dfe Leonardo da Vinci, 2\/A 30020 \u2013 Torre di Mosto (Venedig) IT[\/vc_column_text][vc_empty_space height=&#8220;50px&#8220;][\/vc_column][vc_column width=&#8220;1\/2&#8243;][vc_column_text] Schreiben Sie uns F\u00fcllen Sie das folgende Formular aus und einer unserer [&hellip;]<\/p>\n","protected":false},"author":3,"featured_media":3561,"parent":0,"menu_order":0,"comment_status":"closed","ping_status":"closed","template":"","meta":[],"acf":[],"yoast_head":"<!-- This site is optimized with the Yoast SEO Premium plugin v18.4 (Yoast SEO v18.8) - https:\/\/yoast.com\/wordpress\/plugins\/seo\/ -->\n<title>Kontakte - Relax srl<\/title>\n<meta name=\"description\" content=\"Kontaktieren Sie uns f\u00fcr alle Ihre Bed\u00fcrfnisse. F\u00fcllen Sie das Formular aus und einer unserer Experten wird so schnell wie m\u00f6glich antworten.\" \/>\n<meta name=\"robots\" content=\"index, follow, max-snippet:-1, max-image-preview:large, max-video-preview:-1\" \/>\n<link rel=\"canonical\" href=\"https:\/\/relaxsrl.com\/de\/kontakte\/\" \/>\n<meta property=\"og:locale\" content=\"de_DE\" \/>\n<meta property=\"og:type\" content=\"article\" \/>\n<meta property=\"og:title\" content=\"Kontakte - Relax srl\" \/>\n<meta property=\"og:description\" content=\"Kontaktieren Sie uns f\u00fcr alle Ihre Bed\u00fcrfnisse. F\u00fcllen Sie das Formular aus und einer unserer Experten wird so schnell wie m\u00f6glich antworten.\" \/>\n<meta property=\"og:url\" content=\"https:\/\/relaxsrl.com\/de\/kontakte\/\" \/>\n<meta property=\"og:site_name\" content=\"Relax srl\" \/>\n<meta property=\"article:modified_time\" content=\"2025-09-01T06:26:17+00:00\" \/>\n<meta property=\"og:image\" content=\"https:\/\/relaxsrl.com\/website\/wp-content\/uploads\/2021\/10\/Scrivici.jpg\" \/>\n\t<meta property=\"og:image:width\" content=\"960\" \/>\n\t<meta property=\"og:image:height\" content=\"660\" \/>\n\t<meta property=\"og:image:type\" content=\"image\/jpeg\" \/>\n<meta name=\"twitter:card\" content=\"summary_large_image\" \/>\n<meta name=\"twitter:label1\" content=\"Gesch\u00e4tzte Lesezeit\" \/>\n\t<meta name=\"twitter:data1\" content=\"1 Minute\" \/>\n<script type=\"application\/ld+json\" class=\"yoast-schema-graph\">{\"@context\":\"https:\/\/schema.org\",\"@graph\":[{\"@type\":\"WebSite\",\"@id\":\"https:\/\/relaxsrl.com\/#website\",\"url\":\"https:\/\/relaxsrl.com\/\",\"name\":\"Relax srl\",\"description\":\"\",\"potentialAction\":[{\"@type\":\"SearchAction\",\"target\":{\"@type\":\"EntryPoint\",\"urlTemplate\":\"https:\/\/relaxsrl.com\/?s={search_term_string}\"},\"query-input\":\"required name=search_term_string\"}],\"inLanguage\":\"de-DE\"},{\"@type\":\"ImageObject\",\"inLanguage\":\"de-DE\",\"@id\":\"https:\/\/relaxsrl.com\/de\/kontakte\/#primaryimage\",\"url\":\"https:\/\/relaxsrl.com\/website\/wp-content\/uploads\/2021\/10\/Scrivici.jpg\",\"contentUrl\":\"https:\/\/relaxsrl.com\/website\/wp-content\/uploads\/2021\/10\/Scrivici.jpg\",\"width\":960,\"height\":660,\"caption\":\"M\u00e4dchen verwendet Computer, um E-Mails zu schreiben\"},{\"@type\":\"WebPage\",\"@id\":\"https:\/\/relaxsrl.com\/de\/kontakte\/#webpage\",\"url\":\"https:\/\/relaxsrl.com\/de\/kontakte\/\",\"name\":\"Kontakte - Relax srl\",\"isPartOf\":{\"@id\":\"https:\/\/relaxsrl.com\/#website\"},\"primaryImageOfPage\":{\"@id\":\"https:\/\/relaxsrl.com\/de\/kontakte\/#primaryimage\"},\"datePublished\":\"2022-08-10T09:57:39+00:00\",\"dateModified\":\"2025-09-01T06:26:17+00:00\",\"description\":\"Kontaktieren Sie uns f\u00fcr alle Ihre Bed\u00fcrfnisse. F\u00fcllen Sie das Formular aus und einer unserer Experten wird so schnell wie m\u00f6glich antworten.\",\"breadcrumb\":{\"@id\":\"https:\/\/relaxsrl.com\/de\/kontakte\/#breadcrumb\"},\"inLanguage\":\"de-DE\",\"potentialAction\":[{\"@type\":\"ReadAction\",\"target\":[\"https:\/\/relaxsrl.com\/de\/kontakte\/\"]}]},{\"@type\":\"BreadcrumbList\",\"@id\":\"https:\/\/relaxsrl.com\/de\/kontakte\/#breadcrumb\",\"itemListElement\":[{\"@type\":\"ListItem\",\"position\":1,\"name\":\"Kontakte\"}]}]}<\/script>\n<!-- \/ Yoast SEO Premium plugin. -->","yoast_head_json":{"title":"Kontakte - Relax srl","description":"Kontaktieren Sie uns f\u00fcr alle Ihre Bed\u00fcrfnisse. F\u00fcllen Sie das Formular aus und einer unserer Experten wird so schnell wie m\u00f6glich antworten.","robots":{"index":"index","follow":"follow","max-snippet":"max-snippet:-1","max-image-preview":"max-image-preview:large","max-video-preview":"max-video-preview:-1"},"canonical":"https:\/\/relaxsrl.com\/de\/kontakte\/","og_locale":"de_DE","og_type":"article","og_title":"Kontakte - Relax srl","og_description":"Kontaktieren Sie uns f\u00fcr alle Ihre Bed\u00fcrfnisse. F\u00fcllen Sie das Formular aus und einer unserer Experten wird so schnell wie m\u00f6glich antworten.","og_url":"https:\/\/relaxsrl.com\/de\/kontakte\/","og_site_name":"Relax srl","article_modified_time":"2025-09-01T06:26:17+00:00","og_image":[{"width":960,"height":660,"url":"https:\/\/relaxsrl.com\/website\/wp-content\/uploads\/2021\/10\/Scrivici.jpg","type":"image\/jpeg"}],"twitter_card":"summary_large_image","twitter_misc":{"Gesch\u00e4tzte Lesezeit":"1 Minute"},"schema":{"@context":"https:\/\/schema.org","@graph":[{"@type":"WebSite","@id":"https:\/\/relaxsrl.com\/#website","url":"https:\/\/relaxsrl.com\/","name":"Relax srl","description":"","potentialAction":[{"@type":"SearchAction","target":{"@type":"EntryPoint","urlTemplate":"https:\/\/relaxsrl.com\/?s={search_term_string}"},"query-input":"required name=search_term_string"}],"inLanguage":"de-DE"},{"@type":"ImageObject","inLanguage":"de-DE","@id":"https:\/\/relaxsrl.com\/de\/kontakte\/#primaryimage","url":"https:\/\/relaxsrl.com\/website\/wp-content\/uploads\/2021\/10\/Scrivici.jpg","contentUrl":"https:\/\/relaxsrl.com\/website\/wp-content\/uploads\/2021\/10\/Scrivici.jpg","width":960,"height":660,"caption":"M\u00e4dchen verwendet Computer, um E-Mails zu schreiben"},{"@type":"WebPage","@id":"https:\/\/relaxsrl.com\/de\/kontakte\/#webpage","url":"https:\/\/relaxsrl.com\/de\/kontakte\/","name":"Kontakte - Relax srl","isPartOf":{"@id":"https:\/\/relaxsrl.com\/#website"},"primaryImageOfPage":{"@id":"https:\/\/relaxsrl.com\/de\/kontakte\/#primaryimage"},"datePublished":"2022-08-10T09:57:39+00:00","dateModified":"2025-09-01T06:26:17+00:00","description":"Kontaktieren Sie uns f\u00fcr alle Ihre Bed\u00fcrfnisse. F\u00fcllen Sie das Formular aus und einer unserer Experten wird so schnell wie m\u00f6glich antworten.","breadcrumb":{"@id":"https:\/\/relaxsrl.com\/de\/kontakte\/#breadcrumb"},"inLanguage":"de-DE","potentialAction":[{"@type":"ReadAction","target":["https:\/\/relaxsrl.com\/de\/kontakte\/"]}]},{"@type":"BreadcrumbList","@id":"https:\/\/relaxsrl.com\/de\/kontakte\/#breadcrumb","itemListElement":[{"@type":"ListItem","position":1,"name":"Kontakte"}]}]}},"_links":{"self":[{"href":"https:\/\/relaxsrl.com\/de\/wp-json\/wp\/v2\/pages\/22656"}],"collection":[{"href":"https:\/\/relaxsrl.com\/de\/wp-json\/wp\/v2\/pages"}],"about":[{"href":"https:\/\/relaxsrl.com\/de\/wp-json\/wp\/v2\/types\/page"}],"author":[{"embeddable":true,"href":"https:\/\/relaxsrl.com\/de\/wp-json\/wp\/v2\/users\/3"}],"replies":[{"embeddable":true,"href":"https:\/\/relaxsrl.com\/de\/wp-json\/wp\/v2\/comments?post=22656"}],"version-history":[{"count":15,"href":"https:\/\/relaxsrl.com\/de\/wp-json\/wp\/v2\/pages\/22656\/revisions"}],"predecessor-version":[{"id":31959,"href":"https:\/\/relaxsrl.com\/de\/wp-json\/wp\/v2\/pages\/22656\/revisions\/31959"}],"wp:featuredmedia":[{"embeddable":true,"href":"https:\/\/relaxsrl.com\/de\/wp-json\/wp\/v2\/media\/3561"}],"wp:attachment":[{"href":"https:\/\/relaxsrl.com\/de\/wp-json\/wp\/v2\/media?parent=22656"}],"curies":[{"name":"wp","href":"https:\/\/api.w.org\/{rel}","templated":true}]}}