{"id":22662,"date":"2022-08-10T12:14:08","date_gmt":"2022-08-10T10:14:08","guid":{"rendered":"https:\/\/relaxsrl.com\/cookie-policy\/"},"modified":"2023-06-14T17:37:35","modified_gmt":"2023-06-14T15:37:35","slug":"cookie-policy","status":"publish","type":"page","link":"https:\/\/relaxsrl.com\/de\/cookie-policy\/","title":{"rendered":"Cookie policy"},"content":{"rendered":"<p>[vc_row][vc_column][vc_empty_space height=&#8220;50px&#8220;][vc_column_text]<\/p>\n<h1><strong> INFORMATIONEN ZU COOKIES <\/strong><\/h1>\n<p>&nbsp;<\/p>\n<p><strong>Was sind Cookies? <\/strong><\/p>\n<p>Cookies sind kleine Textfolgen, die auf Ihrem Computer gespeichert werden, wenn Sie bestimmte Seiten im Internet besuchen. Cookies k\u00f6nnen verschiedene Funktionen erf\u00fcllen, z. B. erm\u00f6glichen sie Ihnen, effizient zwischen den verschiedenen Seiten zu navigieren, speichern Ihre Pr\u00e4ferenzen und k\u00f6nnen im Allgemeinen den Aufenthalt des Benutzers auf der Website verbessern.<\/p>\n<p>Einige Cookies werden verwendet, um Computerauthentifizierung, Sitzungs\u00fcberwachung und Speicherung spezifischer Informationen \u00fcber Benutzer durchzuf\u00fchren, die auf eine Webseite zugreifen. Diese sogenannten technischen Cookies sind oft n\u00fctzlich, weil sie das Surfen und die Nutzung des Internets immer schneller machen k\u00f6nnen, weil sie zum Beispiel eingreifen, um bestimmte Verfahren zu erleichtern, wenn Sie online einkaufen, wenn Sie sich in zugangsbeschr\u00e4nkten Bereichen anmelden oder wann eine Website erkennt automatisch die Sprache, die Sie normalerweise verwenden.<\/p>\n<p>Eine bestimmte Art von Cookies, Analyse oder \u00dcberwachung genannt, wird von Website-Managern verwendet, um Informationen in aggregierter Form \u00fcber die Anzahl der Benutzer und wie sie die Website besuchen, zu sammeln und dann allgemeine Statistiken \u00fcber den Dienst und seine Nutzung zu verarbeiten.<\/p>\n<p>Andere Cookies k\u00f6nnen stattdessen verwendet werden, um Benutzer beim Surfen zu \u00fcberwachen und zu profilieren, ihre Bewegungen und Gewohnheiten der Webkonsultation oder des Konsums zu untersuchen, auch um Werbung f\u00fcr gezielte und personalisierte Dienste zu senden. In diesem Fall sprechen wir von Profilierungs- oder Marketing-Cookies.<\/p>\n<p>Es kann auch vorkommen, dass eine Webseite Cookies von anderen Websites enth\u00e4lt und in verschiedenen Elementen enthalten ist, die auf der Seite selbst gehostet werden, wie z. B. Werbebanner, Bilder, Videos usw. Wir sprechen in diesen F\u00e4llen von den sogenannten Dritten -Party-Cookies, die normalerweise f\u00fcr Profiling-Zwecke verwendet werden. Daher k\u00f6nnen die Cookies, die Sie auf Ihren PC, Ihr Smartphone und Ihr Tablet herunterladen, auch von anderen Subjekten als denen gelesen werden, die die von Ihnen besuchten Webseiten verwalten.<\/p>\n<p>&nbsp;<\/p>\n<p>Wenn Sie mehr wissen m\u00f6chten, besuchen Sie die folgenden Websites:<\/p>\n<p>www.allaboutcookies.org<\/p>\n<p>www.youronlinechoices.eu<\/p>\n<p>www.garanteprivacy.it\/cookie<\/p>\n<p>&nbsp;<\/p>\n<p><strong> Wie kann ich Cookies deaktivieren? <\/strong><\/p>\n<p>Die meisten Browser akzeptieren Cookies automatisch, aber Sie k\u00f6nnen Ihren Browser daran hindern, sie zu akzeptieren, indem Sie seine Sicherheitseinstellungen \u00e4ndern (Microsoft Edge, Google Chrome, Mozilla Firefox, Safari usw.).<\/p>\n<p>&nbsp;<\/p>\n<p>Microsoft Edge<\/p>\n<p>Klicken Sie auf das Symbol mit den drei horizontal platzierten Punkten in der oberen rechten Ecke und w\u00e4hlen Sie \u201eEinstellungen\u201c. W\u00e4hlen Sie das Men\u00fc \u201eDatenschutz, Suche und Dienste\u201c und \u201eCookies und Website-Berechtigungen\u201c. Hier k\u00f6nnen Sie die Einstellungen Ihrer Cookies anpassen.<\/p>\n<p>&nbsp;<\/p>\n<p>Google Chrome<\/p>\n<p>Klicken Sie auf das Symbol mit den drei Punkten, das vertikal in der oberen rechten Ecke platziert ist, und w\u00e4hlen Sie \u201eDatenschutz und Sicherheit\u201c. Hier k\u00f6nnen Sie die Einstellungen Ihrer Cookies anpassen.<\/p>\n<p>&nbsp;<\/p>\n<p>Mozilla-Firefox<\/p>\n<p>W\u00e4hlen Sie aus dem Dropdown-Men\u00fc (drei \u00fcberlappende horizontale Balken) in der oberen rechten Ecke \u201eEinstellungen\u201c und \u201eDatenschutz und Sicherheit\u201c. Hier k\u00f6nnen Sie die Einstellungen Ihrer Cookies anpassen.<\/p>\n<p>&nbsp;<\/p>\n<p>Safari<\/p>\n<p>W\u00e4hlen Sie im Einstellungsmen\u00fc \u201eEinstellungen\u201c und klicken Sie auf \u201eDatenschutz\u201c. Hier k\u00f6nnen Sie die Einstellungen Ihrer Cookies anpassen.<\/p>\n<p>&nbsp;<\/p>\n<p><strong> Von der Website www.relaxsrl.com verwendete Cookies <\/strong><\/p>\n<p>Diese Informationen werden zur Erf\u00fcllung der Verpflichtungen gem\u00e4\u00df Art. 13 GDPR 2016\/679, sowie die Bestimmungen der Richtlinie 2002\/58 \/ EG, aktualisiert durch die Richtlinie 2009\/136 \/ EG, zum Thema Cookies und betrifft ausschlie\u00dflich diese Website.<\/p>\n<p><strong> Technische Cookies, einschlie\u00dflich Sitzungscookies (wesentlich f\u00fcr die Seitenverwaltung): <\/strong><\/p>\n<p>Die von dieser Website verwendeten technischen Cookies sind f\u00fcr den Betrieb der Website selbst, f\u00fcr die Bereitstellung damit verbundener Dienste und f\u00fcr die Gew\u00e4hrleistung der normalen Navigation und Nutzung der Website durch den Benutzer unbedingt erforderlich.<\/p>\n<p>&nbsp;<\/p>\n<table width=\"99%\">\n<tbody>\n<tr>\n<td width=\"33%\"><strong>Name<\/strong><\/td>\n<td width=\"11%\"><strong>Provider<\/strong><\/td>\n<td width=\"28%\"><strong>Zielfernrohr<\/strong><\/td>\n<td width=\"12%\"><strong>Termin<\/strong><\/td>\n<td width=\"14%\"><strong>Kerl<\/strong><\/td>\n<\/tr>\n<tr>\n<td width=\"33%\"><\/td>\n<td width=\"11%\"><\/td>\n<td width=\"28%\"><\/td>\n<td width=\"12%\"><\/td>\n<td width=\"14%\"><\/td>\n<\/tr>\n<tr>\n<td width=\"33%\">PHPSESSID<\/td>\n<td width=\"11%\">relaxsrl.com<\/td>\n<td width=\"28%\">Dieses Cookie erm\u00f6glicht es Websites, Serialisierungsstatusdaten zu speichern. Auf der Website wird es verwendet, um eine Benutzersitzung aufzubauen und Statusdaten \u00fcber ein tempor\u00e4res Cookie zu \u00fcbermitteln, das allgemein als Sitzungscookie bezeichnet wird.<\/td>\n<td width=\"12%\">Sitzung. Es endet, wenn der Browser geschlossen wird<\/td>\n<td width=\"14%\">Natives technisches PHP-Cookie<\/td>\n<\/tr>\n<tr>\n<td width=\"33%\">wordpress_<\/td>\n<td width=\"11%\">relaxsrl.com<\/td>\n<td width=\"28%\">Wenn sich ein Benutzer im Verwaltungsbereich der Website anmeldet, wird dieses Cookie verwendet, um Authentifizierungsdaten zu speichern. Seine Verwendung ist auf den Bereich des Administrationsbereichs beschr\u00e4nkt.<\/td>\n<td width=\"12%\">Sitzung. Es endet, wenn der Browser geschlossen wird.<\/td>\n<td width=\"14%\">Technisches WordPress-Cookie<\/td>\n<\/tr>\n<tr>\n<td width=\"33%\">wordpress_logged_in_{hash}<\/td>\n<td width=\"11%\">relaxsrl.com<\/td>\n<td width=\"28%\">Nach der Anmeldung im Verwaltungsbereich setzt WordPress dieses Cookie, das anzeigt, wann Sie angemeldet sind und wer Sie sind, um die Benutzeroberfl\u00e4che besser nutzen zu k\u00f6nnen.<\/td>\n<td width=\"12%\">Sitzung. Es endet, wenn der Browser geschlossen wird.<\/td>\n<td width=\"14%\">Technisches WordPress-Cookie<\/td>\n<\/tr>\n<tr>\n<td width=\"33%\">wp-wpml_current_language<\/td>\n<td width=\"11%\">relaxsrl.com<\/td>\n<td width=\"28%\">Dieses Cookie wird verwendet, um die Sprachpr\u00e4ferenz des Besuchers zu verfolgen<\/td>\n<td width=\"12%\">1 Tag<\/td>\n<td width=\"14%\">Technisches Cookie des WordPress WPML-Plugins<\/td>\n<\/tr>\n<tr>\n<td width=\"33%\">wp-wpml_current_admin_language_{hash}<\/td>\n<td width=\"11%\">relaxsrl.com<\/td>\n<td width=\"28%\">Dieses Cookie wird verwendet, um die Sprachpr\u00e4ferenz des Benutzers nachzuverfolgen, nachdem er sich als registrierter Benutzer angemeldet hat.<\/td>\n<td width=\"12%\">1 Tag<\/td>\n<td width=\"14%\">Technisches Cookie des WordPress WPML-Plugins<\/td>\n<\/tr>\n<tr>\n<td width=\"33%\">wc_cart_hash_<\/td>\n<td width=\"11%\"><\/td>\n<td width=\"28%\">Das Cookie enth\u00e4lt Informationen \u00fcber den Warenkorb als Ganzes und hilft WooCommerce zu erkennen, wenn sich die Warenkorbdaten \u00e4ndern.<\/td>\n<td width=\"12%\">Hartn\u00e4ckig<\/td>\n<td width=\"14%\">Technisches WordPress-Cookie<\/td>\n<\/tr>\n<tr>\n<td width=\"33%\">wc_fragments_<\/td>\n<td width=\"11%\"><\/td>\n<td width=\"28%\">Das Cookie enth\u00e4lt Informationen \u00fcber den Warenkorb als Ganzes und hilft WooCommerce zu erkennen, wenn sich die Warenkorbdaten \u00e4ndern.<\/td>\n<td width=\"12%\">Sitzung. Es endet, wenn der Browser geschlossen wird.<\/td>\n<td width=\"14%\">Technisches WordPress-Cookie<\/td>\n<\/tr>\n<tr>\n<td width=\"33%\">CookieConsent<\/td>\n<td width=\"11%\"><a href=\"http:\/\/www.cookiebot.com\/goto\/privacy-policy\/\">Cookiebot<\/a><\/td>\n<td width=\"28%\">Dieses Cookie speichert den Cookie-Zustimmungsstatus des Benutzers f\u00fcr die aktuelle Domain<\/td>\n<td width=\"12%\">1 Jahre<\/td>\n<td width=\"14%\">Technisches Cookiebot-Cookie<\/td>\n<\/tr>\n<\/tbody>\n<\/table>\n<p>&nbsp;<\/p>\n<p>&nbsp;<\/p>\n<p><strong> Marketing-\/Profiling-Cookies, eingebettete Inhalte und Plug-ins f\u00fcr soziale Netzwerke <\/strong><\/p>\n<p>Marketing-Cookies werden verwendet, um Besucher \u00fcber Websites hinweg zu verfolgen. Die Absicht besteht darin, relevante und ansprechende Anzeigen f\u00fcr den einzelnen Benutzer anzuzeigen und daher diejenigen, die f\u00fcr Publisher und Werbetreibende von Drittanbietern von gr\u00f6\u00dftem Wert sind. Dies sind in der Regel Cookies von Drittanbietern. Diese Cookies k\u00f6nnen deaktiviert werden, einige Website-Dienste sind jedoch m\u00f6glicherweise nicht nutzbar.<\/p>\n<p>Diese Seite verwendet auch Social Plugins zum Teilen und Einbetten von Inhalten von Facebook, Linkedin, Instagram, Pinterest und allgemein ggf. einbettbare Inhalte von anderen Plattformen.<\/p>\n<p>&nbsp;<\/p>\n<p>Hier sind einige n\u00fctzliche Links zu den Cookie-Richtlinien der genannten Drittanbieter:<\/p>\n<p>Linkedin http:\/\/www.linkedin.com\/legal\/cookie-policy?trk=hb_ft_cookie<\/p>\n<p>Facebook http:\/\/www.facebook.com\/help\/cookies\/<\/p>\n<p>Instagram http:\/\/instagram.com\/about\/legal\/privacy\/<\/p>\n<p>Pinterest http:\/\/about.pinterest.com\/it\/privacy-policy<\/p>\n<p>&nbsp;<\/p>\n<table width=\"99%\">\n<tbody>\n<tr>\n<td width=\"19%\"><strong>Name<\/strong><\/td>\n<td width=\"13%\"><strong>Provider<\/strong><\/td>\n<td width=\"33%\"><strong>Zielfernrohr<\/strong><\/td>\n<td width=\"16%\"><strong>Termin<\/strong><\/td>\n<td width=\"17%\"><strong>Tipo<\/strong><\/td>\n<\/tr>\n<tr>\n<td width=\"19%\">ga<\/td>\n<td width=\"13%\"><a href=\"http:\/\/policies.google.com\/privacy\">Google<\/a><\/td>\n<td width=\"33%\">Dieses Cookie zeichnet eine eindeutige ID auf, die verwendet wird, um statistische Daten dar\u00fcber zu generieren, wie der Besucher die Website nutzt.<\/td>\n<td width=\"16%\">2 Jahre<\/td>\n<td width=\"17%\">Cookies von Drittanbietern (Google Analytics)<\/td>\n<\/tr>\n<tr>\n<td width=\"19%\">_gat<\/td>\n<td width=\"13%\"><a href=\"http:\/\/policies.google.com\/privacy\">Google<\/a><\/td>\n<td width=\"33%\">Dieses Cookie wird von Google Analytics verwendet, um die H\u00e4ufigkeit von Anfragen zu begrenzen<\/td>\n<td width=\"16%\">1 Tag<\/td>\n<td width=\"17%\">Cookies von Drittanbietern (Google Analytics)<\/td>\n<\/tr>\n<tr>\n<td width=\"19%\">_gid<\/td>\n<td width=\"13%\"><a href=\"http:\/\/policies.google.com\/privacy\">Google<\/a><\/td>\n<td width=\"33%\">Dieses Cookie zeichnet eine eindeutige ID auf, die verwendet wird, um statistische Daten dar\u00fcber zu generieren, wie der Besucher die Website nutzt.<\/td>\n<td width=\"16%\">1 Tag<\/td>\n<td width=\"17%\">Cookies von Drittanbietern (Google Analytics)<\/td>\n<\/tr>\n<tr>\n<td width=\"19%\">ads\/ga-audiences<\/td>\n<td width=\"13%\"><a href=\"http:\/\/policies.google.com\/privacy\">Google<\/a><\/td>\n<td width=\"33%\">Das Cookie wird von Google AdWords verwendet, um Benutzer basierend auf ihrem Surfverhalten erneut anzusprechen<\/td>\n<td width=\"16%\">Sitzung. Es endet, wenn der Browser geschlossen wird.<\/td>\n<td width=\"17%\">Cookies von Drittanbietern (Google Analytics)<\/td>\n<\/tr>\n<tr>\n<td width=\"19%\">_fbp<\/td>\n<td width=\"13%\"><a href=\"http:\/\/www.facebook.com\/policy.php\">Facebook<\/a><\/td>\n<td width=\"33%\">Dieses Cookie wird von Facebook verwendet, um eine Reihe von Werbeprodukten wie Echtzeitangebote von Drittanbietern bereitzustellen.<\/td>\n<td width=\"16%\">3 Monate<\/td>\n<td width=\"17%\">Cookies von Drittanbietern (Facebook)<\/td>\n<\/tr>\n<tr>\n<td width=\"19%\">tr<\/td>\n<td width=\"13%\"><a href=\"http:\/\/www.facebook.com\/policy.php\">Facebook<\/a><\/td>\n<td width=\"33%\">Wird von Facebook verwendet, um eine Reihe von Werbeprodukten als Echtzeitangebote von Drittwerbetreibenden bereitzustellen.<\/td>\n<td width=\"16%\">Sitzung. Es endet, wenn der Browser geschlossen wird.<\/td>\n<td width=\"17%\">Cookies von Drittanbietern (Facebook)<\/td>\n<\/tr>\n<\/tbody>\n<\/table>\n<p><strong><u>\u00a0<\/u><\/strong><\/p>\n<p><strong> Dauer von Cookies <\/strong><\/p>\n<p>Die von der Website www.relaxsrl.com verwendeten Cookies enden nach den in den obigen Tabellen angegebenen Fristen.<\/p>\n<p><strong> Datenschutzrichtlinie der Website www.relaxsrl.com <\/strong><\/p>\n<p>F\u00fcr weitere Informationen und eine vollst\u00e4ndige Datenschutzrichtlinie der Website www.relaxsrl.com klicken Sie <a href=\"https:\/\/relaxsrl.com\/de\/privacy-policy\/\"> hier<\/a>.<\/p>\n<p>Um Ihre Pr\u00e4ferenzen f\u00fcr von der Website www.relaxsrl.com installierte Cookies zu \u00e4ndern, klicken Sie <a href=\"https:\/\/relaxsrl.com\/de\/cookie-erklaerung\/\"> <u> hier<\/u><\/a>.<\/p>\n<p>&nbsp;<\/p>\n<p><strong> F\u00fcr weitere Informationen k\u00f6nnen Sie sich an den Datenverantwortlichen wenden: <\/strong><\/p>\n<p><strong>RELAX SRL<\/strong><\/p>\n<p>Via Leonardo da Vinci, 2A &#8211; 30020 Torre di Mosto (VE) <strong> &#8211; <\/strong> Italien<\/p>\n<p><strong> Tel. <\/strong> +39 0421 1765124 &#8211; Fax +39 0421 466654<\/p>\n<p><strong> E-Mail <\/strong> info@relaxsrl.com<\/p>\n<p>&nbsp;<\/p>\n<p>Letzte \u00c4nderung: 15.11.2021[\/vc_column_text][vc_empty_space height=&#8220;100px&#8220;][\/vc_column][\/vc_row]<\/p>\n","protected":false},"excerpt":{"rendered":"<p>[vc_row][vc_column][vc_empty_space height=&#8220;50px&#8220;][vc_column_text] INFORMATIONEN ZU COOKIES &nbsp; Was sind Cookies? Cookies sind kleine Textfolgen, die auf Ihrem Computer gespeichert werden, wenn Sie bestimmte Seiten im Internet besuchen. Cookies k\u00f6nnen verschiedene Funktionen erf\u00fcllen, z. B. erm\u00f6glichen sie Ihnen, effizient zwischen den verschiedenen Seiten zu navigieren, speichern Ihre Pr\u00e4ferenzen und k\u00f6nnen im Allgemeinen den Aufenthalt des Benutzers auf [&hellip;]<\/p>\n","protected":false},"author":3,"featured_media":25662,"parent":0,"menu_order":0,"comment_status":"closed","ping_status":"closed","template":"","meta":[],"acf":[],"yoast_head":"<!-- This site is optimized with the Yoast SEO Premium plugin v18.4 (Yoast SEO v18.8) - https:\/\/yoast.com\/wordpress\/plugins\/seo\/ -->\n<title>Cookie policy - Relax srl<\/title>\n<meta name=\"description\" content=\"Welche Cookies verwenden wir auf unserer Website? Wenn Sie mehr dar\u00fcber erfahren m\u00f6chten, wie sie funktionieren, klicken Sie hier.\" \/>\n<meta name=\"robots\" content=\"noindex, follow\" \/>\n<meta property=\"og:locale\" content=\"de_DE\" \/>\n<meta property=\"og:type\" content=\"article\" \/>\n<meta property=\"og:title\" content=\"Cookie policy - Relax srl\" \/>\n<meta property=\"og:description\" content=\"Welche Cookies verwenden wir auf unserer Website? Wenn Sie mehr dar\u00fcber erfahren m\u00f6chten, wie sie funktionieren, klicken Sie hier.\" \/>\n<meta property=\"og:url\" content=\"https:\/\/relaxsrl.com\/de\/cookie-policy\/\" \/>\n<meta property=\"og:site_name\" content=\"Relax srl\" \/>\n<meta property=\"article:modified_time\" content=\"2023-06-14T15:37:35+00:00\" \/>\n<meta property=\"og:image\" content=\"https:\/\/relaxsrl.com\/website\/wp-content\/uploads\/2023\/02\/X_NEUTRA_RELAX.jpg\" \/>\n\t<meta property=\"og:image:width\" content=\"500\" \/>\n\t<meta property=\"og:image:height\" content=\"500\" \/>\n\t<meta property=\"og:image:type\" content=\"image\/jpeg\" \/>\n<meta name=\"twitter:card\" content=\"summary_large_image\" \/>\n<meta name=\"twitter:label1\" content=\"Gesch\u00e4tzte Lesezeit\" \/>\n\t<meta name=\"twitter:data1\" content=\"7 Minuten\" \/>\n<script type=\"application\/ld+json\" class=\"yoast-schema-graph\">{\"@context\":\"https:\/\/schema.org\",\"@graph\":[{\"@type\":\"WebSite\",\"@id\":\"https:\/\/relaxsrl.com\/#website\",\"url\":\"https:\/\/relaxsrl.com\/\",\"name\":\"Relax srl\",\"description\":\"\",\"potentialAction\":[{\"@type\":\"SearchAction\",\"target\":{\"@type\":\"EntryPoint\",\"urlTemplate\":\"https:\/\/relaxsrl.com\/?s={search_term_string}\"},\"query-input\":\"required name=search_term_string\"}],\"inLanguage\":\"de-DE\"},{\"@type\":\"ImageObject\",\"inLanguage\":\"de-DE\",\"@id\":\"https:\/\/relaxsrl.com\/de\/cookie-policy\/#primaryimage\",\"url\":\"https:\/\/relaxsrl.com\/website\/wp-content\/uploads\/2023\/02\/X_NEUTRA_RELAX.jpg\",\"contentUrl\":\"https:\/\/relaxsrl.com\/website\/wp-content\/uploads\/2023\/02\/X_NEUTRA_RELAX.jpg\",\"width\":500,\"height\":500},{\"@type\":\"WebPage\",\"@id\":\"https:\/\/relaxsrl.com\/de\/cookie-policy\/#webpage\",\"url\":\"https:\/\/relaxsrl.com\/de\/cookie-policy\/\",\"name\":\"Cookie policy - Relax srl\",\"isPartOf\":{\"@id\":\"https:\/\/relaxsrl.com\/#website\"},\"primaryImageOfPage\":{\"@id\":\"https:\/\/relaxsrl.com\/de\/cookie-policy\/#primaryimage\"},\"datePublished\":\"2022-08-10T10:14:08+00:00\",\"dateModified\":\"2023-06-14T15:37:35+00:00\",\"description\":\"Welche Cookies verwenden wir auf unserer Website? Wenn Sie mehr dar\u00fcber erfahren m\u00f6chten, wie sie funktionieren, klicken Sie hier.\",\"breadcrumb\":{\"@id\":\"https:\/\/relaxsrl.com\/de\/cookie-policy\/#breadcrumb\"},\"inLanguage\":\"de-DE\",\"potentialAction\":[{\"@type\":\"ReadAction\",\"target\":[\"https:\/\/relaxsrl.com\/de\/cookie-policy\/\"]}]},{\"@type\":\"BreadcrumbList\",\"@id\":\"https:\/\/relaxsrl.com\/de\/cookie-policy\/#breadcrumb\",\"itemListElement\":[{\"@type\":\"ListItem\",\"position\":1,\"name\":\"Cookie policy\"}]}]}<\/script>\n<!-- \/ Yoast SEO Premium plugin. -->","yoast_head_json":{"title":"Cookie policy - Relax srl","description":"Welche Cookies verwenden wir auf unserer Website? Wenn Sie mehr dar\u00fcber erfahren m\u00f6chten, wie sie funktionieren, klicken Sie hier.","robots":{"index":"noindex","follow":"follow"},"og_locale":"de_DE","og_type":"article","og_title":"Cookie policy - Relax srl","og_description":"Welche Cookies verwenden wir auf unserer Website? Wenn Sie mehr dar\u00fcber erfahren m\u00f6chten, wie sie funktionieren, klicken Sie hier.","og_url":"https:\/\/relaxsrl.com\/de\/cookie-policy\/","og_site_name":"Relax srl","article_modified_time":"2023-06-14T15:37:35+00:00","og_image":[{"width":500,"height":500,"url":"https:\/\/relaxsrl.com\/website\/wp-content\/uploads\/2023\/02\/X_NEUTRA_RELAX.jpg","type":"image\/jpeg"}],"twitter_card":"summary_large_image","twitter_misc":{"Gesch\u00e4tzte Lesezeit":"7 Minuten"},"schema":{"@context":"https:\/\/schema.org","@graph":[{"@type":"WebSite","@id":"https:\/\/relaxsrl.com\/#website","url":"https:\/\/relaxsrl.com\/","name":"Relax srl","description":"","potentialAction":[{"@type":"SearchAction","target":{"@type":"EntryPoint","urlTemplate":"https:\/\/relaxsrl.com\/?s={search_term_string}"},"query-input":"required name=search_term_string"}],"inLanguage":"de-DE"},{"@type":"ImageObject","inLanguage":"de-DE","@id":"https:\/\/relaxsrl.com\/de\/cookie-policy\/#primaryimage","url":"https:\/\/relaxsrl.com\/website\/wp-content\/uploads\/2023\/02\/X_NEUTRA_RELAX.jpg","contentUrl":"https:\/\/relaxsrl.com\/website\/wp-content\/uploads\/2023\/02\/X_NEUTRA_RELAX.jpg","width":500,"height":500},{"@type":"WebPage","@id":"https:\/\/relaxsrl.com\/de\/cookie-policy\/#webpage","url":"https:\/\/relaxsrl.com\/de\/cookie-policy\/","name":"Cookie policy - Relax srl","isPartOf":{"@id":"https:\/\/relaxsrl.com\/#website"},"primaryImageOfPage":{"@id":"https:\/\/relaxsrl.com\/de\/cookie-policy\/#primaryimage"},"datePublished":"2022-08-10T10:14:08+00:00","dateModified":"2023-06-14T15:37:35+00:00","description":"Welche Cookies verwenden wir auf unserer Website? Wenn Sie mehr dar\u00fcber erfahren m\u00f6chten, wie sie funktionieren, klicken Sie hier.","breadcrumb":{"@id":"https:\/\/relaxsrl.com\/de\/cookie-policy\/#breadcrumb"},"inLanguage":"de-DE","potentialAction":[{"@type":"ReadAction","target":["https:\/\/relaxsrl.com\/de\/cookie-policy\/"]}]},{"@type":"BreadcrumbList","@id":"https:\/\/relaxsrl.com\/de\/cookie-policy\/#breadcrumb","itemListElement":[{"@type":"ListItem","position":1,"name":"Cookie policy"}]}]}},"_links":{"self":[{"href":"https:\/\/relaxsrl.com\/de\/wp-json\/wp\/v2\/pages\/22662"}],"collection":[{"href":"https:\/\/relaxsrl.com\/de\/wp-json\/wp\/v2\/pages"}],"about":[{"href":"https:\/\/relaxsrl.com\/de\/wp-json\/wp\/v2\/types\/page"}],"author":[{"embeddable":true,"href":"https:\/\/relaxsrl.com\/de\/wp-json\/wp\/v2\/users\/3"}],"replies":[{"embeddable":true,"href":"https:\/\/relaxsrl.com\/de\/wp-json\/wp\/v2\/comments?post=22662"}],"version-history":[{"count":4,"href":"https:\/\/relaxsrl.com\/de\/wp-json\/wp\/v2\/pages\/22662\/revisions"}],"predecessor-version":[{"id":28926,"href":"https:\/\/relaxsrl.com\/de\/wp-json\/wp\/v2\/pages\/22662\/revisions\/28926"}],"wp:featuredmedia":[{"embeddable":true,"href":"https:\/\/relaxsrl.com\/de\/wp-json\/wp\/v2\/media\/25662"}],"wp:attachment":[{"href":"https:\/\/relaxsrl.com\/de\/wp-json\/wp\/v2\/media?parent=22662"}],"curies":[{"name":"wp","href":"https:\/\/api.w.org\/{rel}","templated":true}]}}