{"id":22675,"date":"2022-08-10T14:36:50","date_gmt":"2022-08-10T12:36:50","guid":{"rendered":"https:\/\/relaxsrl.com\/massgeschneidert\/"},"modified":"2022-11-18T15:53:12","modified_gmt":"2022-11-18T14:53:12","slug":"massgeschneidert","status":"publish","type":"page","link":"https:\/\/relaxsrl.com\/de\/massgeschneidert\/","title":{"rendered":"Ma\u00dfgeschneidert"},"content":{"rendered":"<p>[vc_row full_width=&#8220;stretch_row&#8220; content_placement=&#8220;middle&#8220; el_class=&#8220;intro-row&#8220;][vc_column][vc_column_text]<\/p>\n<h1>Duschkabine nach Ma\u00df<\/h1>\n<p>[\/vc_column_text][\/vc_column][\/vc_row][vc_row el_class=&#8220;row-path&#8220;][vc_column][vc_column_text][\/vc_column_text][\/vc_column][\/vc_row][vc_row][vc_column width=&#8220;1\/6&#8243;][\/vc_column][vc_column width=&#8220;2\/3&#8243;][vc_column_text el_class=&#8220;txt-blue abstract weight500&#8243;]Die Relax Duschabtrennungen k\u00f6nnen in H\u00f6he, Breite und Tiefe nach Ma\u00df gefertigt werden. Wir l\u00f6sen typische Situationen wie Dachboden, Fenster, niedrige Mauern oder Vorspr\u00fcnge. Mit kundenspezifischen Produkten bieten wir L\u00f6sungen mit speziellen Profilen, mit denen Sie Zeit und Geld sparen k\u00f6nnen.[\/vc_column_text][vc_empty_space height=&#8220;35px&#8220;][\/vc_column][\/vc_row][vc_row][vc_column width=&#8220;1\/6&#8243;][\/vc_column][vc_column width=&#8220;2\/3&#8243;][vc_column_text]<\/p>\n<h2>Vollst\u00e4ndige Anpassung<\/h2>\n<p>Eine ma\u00dfgeschneiderte L\u00f6sung muss in der Lage sein, auch komplexe Situationen zu l\u00f6sen und die Umgebung und die umgebenden R\u00e4ume aufzuwerten. Aus diesem Grund geben wir unseren Kunden die M\u00f6glichkeit, <strong>spezielle Glaszuschnitte<\/strong> zu verwenden, damit sie sich perfekt in das gew\u00fcnschte Wohnambiente einf\u00fcgen.[\/vc_column_text][vc_empty_space height=&#8220;40px&#8220;][\/vc_column][\/vc_row][vc_row][vc_column width=&#8220;1\/6&#8243;][\/vc_column][vc_column width=&#8220;2\/3&#8243;][vc_column_text]<\/p>\n<h2>Finden Sie die L\u00f6sung<\/h2>\n<p>Im Laufe der Jahre haben wir verschiedene Arten von Badezimmern analysiert, um mit unseren Produkten schnell eine passende L\u00f6sung f\u00fcr jedes von ihnen zu finden. Und wenn wir eine Anfrage nicht erf\u00fcllen konnten, haben wir eine L\u00f6sung erfunden: Dies ist der Fall bei <a href=\"http:\/\/relaxsrl.com\/prodotto\/oblique-mv\/\"> Oblique MV<\/a>, das Regal, das die Duschkabine tr\u00e4gt, wenn keine St\u00fctzstange vorhanden ist.[\/vc_column_text][vc_empty_space height=&#8220;100px&#8220;][\/vc_column][\/vc_row]<\/p>\n","protected":false},"excerpt":{"rendered":"<p>[vc_row full_width=&#8220;stretch_row&#8220; content_placement=&#8220;middle&#8220; el_class=&#8220;intro-row&#8220;][vc_column][vc_column_text] Duschkabine nach Ma\u00df [\/vc_column_text][\/vc_column][\/vc_row][vc_row el_class=&#8220;row-path&#8220;][vc_column][vc_column_text][\/vc_column_text][\/vc_column][\/vc_row][vc_row][vc_column width=&#8220;1\/6&#8243;][\/vc_column][vc_column width=&#8220;2\/3&#8243;][vc_column_text el_class=&#8220;txt-blue abstract weight500&#8243;]Die Relax Duschabtrennungen k\u00f6nnen in H\u00f6he, Breite und Tiefe nach Ma\u00df gefertigt werden. Wir l\u00f6sen typische Situationen wie Dachboden, Fenster, niedrige Mauern oder Vorspr\u00fcnge. Mit kundenspezifischen Produkten bieten wir L\u00f6sungen mit speziellen Profilen, mit denen Sie Zeit und Geld sparen k\u00f6nnen.[\/vc_column_text][vc_empty_space height=&#8220;35px&#8220;][\/vc_column][\/vc_row][vc_row][vc_column [&hellip;]<\/p>\n","protected":false},"author":3,"featured_media":9129,"parent":0,"menu_order":0,"comment_status":"closed","ping_status":"closed","template":"","meta":[],"acf":[],"yoast_head":"<!-- This site is optimized with the Yoast SEO Premium plugin v18.4 (Yoast SEO v18.8) - https:\/\/yoast.com\/wordpress\/plugins\/seo\/ -->\n<title>Ma\u00dfgeschneidert - Relax srl<\/title>\n<meta name=\"description\" content=\"Die Relax Duschabtrennungen k\u00f6nnen in H\u00f6he, Breite und Tiefe nach Ma\u00df gefertigt werden. Wir l\u00f6sen komplexe Situationen.\" \/>\n<meta name=\"robots\" content=\"index, follow, max-snippet:-1, max-image-preview:large, max-video-preview:-1\" \/>\n<link rel=\"canonical\" href=\"https:\/\/relaxsrl.com\/de\/massgeschneidert\/\" \/>\n<meta property=\"og:locale\" content=\"de_DE\" \/>\n<meta property=\"og:type\" content=\"article\" \/>\n<meta property=\"og:title\" content=\"Ma\u00dfgeschneidert - Relax srl\" \/>\n<meta property=\"og:description\" content=\"Die Relax Duschabtrennungen k\u00f6nnen in H\u00f6he, Breite und Tiefe nach Ma\u00df gefertigt werden. Wir l\u00f6sen komplexe Situationen.\" \/>\n<meta property=\"og:url\" content=\"https:\/\/relaxsrl.com\/de\/massgeschneidert\/\" \/>\n<meta property=\"og:site_name\" content=\"Relax srl\" \/>\n<meta property=\"article:modified_time\" content=\"2022-11-18T14:53:12+00:00\" \/>\n<meta name=\"twitter:card\" content=\"summary_large_image\" \/>\n<meta name=\"twitter:label1\" content=\"Gesch\u00e4tzte Lesezeit\" \/>\n\t<meta name=\"twitter:data1\" content=\"1 Minute\" \/>\n<script type=\"application\/ld+json\" class=\"yoast-schema-graph\">{\"@context\":\"https:\/\/schema.org\",\"@graph\":[{\"@type\":\"WebSite\",\"@id\":\"https:\/\/relaxsrl.com\/#website\",\"url\":\"https:\/\/relaxsrl.com\/\",\"name\":\"Relax srl\",\"description\":\"\",\"potentialAction\":[{\"@type\":\"SearchAction\",\"target\":{\"@type\":\"EntryPoint\",\"urlTemplate\":\"https:\/\/relaxsrl.com\/?s={search_term_string}\"},\"query-input\":\"required name=search_term_string\"}],\"inLanguage\":\"de-DE\"},{\"@type\":\"ImageObject\",\"inLanguage\":\"de-DE\",\"@id\":\"https:\/\/relaxsrl.com\/de\/massgeschneidert\/#primaryimage\",\"url\":\"https:\/\/relaxsrl.com\/website\/wp-content\/uploads\/2021\/10\/Senza-titolo-2.jpg\",\"contentUrl\":\"https:\/\/relaxsrl.com\/website\/wp-content\/uploads\/2021\/10\/Senza-titolo-2.jpg\",\"width\":961,\"height\":660,\"caption\":\"Ma\u00dfgeschneiderte Umgebung mit niedriger Mauer\"},{\"@type\":\"WebPage\",\"@id\":\"https:\/\/relaxsrl.com\/de\/massgeschneidert\/#webpage\",\"url\":\"https:\/\/relaxsrl.com\/de\/massgeschneidert\/\",\"name\":\"Ma\u00dfgeschneidert - Relax srl\",\"isPartOf\":{\"@id\":\"https:\/\/relaxsrl.com\/#website\"},\"primaryImageOfPage\":{\"@id\":\"https:\/\/relaxsrl.com\/de\/massgeschneidert\/#primaryimage\"},\"datePublished\":\"2022-08-10T12:36:50+00:00\",\"dateModified\":\"2022-11-18T14:53:12+00:00\",\"description\":\"Die Relax Duschabtrennungen k\u00f6nnen in H\u00f6he, Breite und Tiefe nach Ma\u00df gefertigt werden. Wir l\u00f6sen komplexe Situationen.\",\"breadcrumb\":{\"@id\":\"https:\/\/relaxsrl.com\/de\/massgeschneidert\/#breadcrumb\"},\"inLanguage\":\"de-DE\",\"potentialAction\":[{\"@type\":\"ReadAction\",\"target\":[\"https:\/\/relaxsrl.com\/de\/massgeschneidert\/\"]}]},{\"@type\":\"BreadcrumbList\",\"@id\":\"https:\/\/relaxsrl.com\/de\/massgeschneidert\/#breadcrumb\",\"itemListElement\":[{\"@type\":\"ListItem\",\"position\":1,\"name\":\"Ma\u00dfgeschneidert\"}]}]}<\/script>\n<!-- \/ Yoast SEO Premium plugin. -->","yoast_head_json":{"title":"Ma\u00dfgeschneidert - Relax srl","description":"Die Relax Duschabtrennungen k\u00f6nnen in H\u00f6he, Breite und Tiefe nach Ma\u00df gefertigt werden. Wir l\u00f6sen komplexe Situationen.","robots":{"index":"index","follow":"follow","max-snippet":"max-snippet:-1","max-image-preview":"max-image-preview:large","max-video-preview":"max-video-preview:-1"},"canonical":"https:\/\/relaxsrl.com\/de\/massgeschneidert\/","og_locale":"de_DE","og_type":"article","og_title":"Ma\u00dfgeschneidert - Relax srl","og_description":"Die Relax Duschabtrennungen k\u00f6nnen in H\u00f6he, Breite und Tiefe nach Ma\u00df gefertigt werden. Wir l\u00f6sen komplexe Situationen.","og_url":"https:\/\/relaxsrl.com\/de\/massgeschneidert\/","og_site_name":"Relax srl","article_modified_time":"2022-11-18T14:53:12+00:00","twitter_card":"summary_large_image","twitter_misc":{"Gesch\u00e4tzte Lesezeit":"1 Minute"},"schema":{"@context":"https:\/\/schema.org","@graph":[{"@type":"WebSite","@id":"https:\/\/relaxsrl.com\/#website","url":"https:\/\/relaxsrl.com\/","name":"Relax srl","description":"","potentialAction":[{"@type":"SearchAction","target":{"@type":"EntryPoint","urlTemplate":"https:\/\/relaxsrl.com\/?s={search_term_string}"},"query-input":"required name=search_term_string"}],"inLanguage":"de-DE"},{"@type":"ImageObject","inLanguage":"de-DE","@id":"https:\/\/relaxsrl.com\/de\/massgeschneidert\/#primaryimage","url":"https:\/\/relaxsrl.com\/website\/wp-content\/uploads\/2021\/10\/Senza-titolo-2.jpg","contentUrl":"https:\/\/relaxsrl.com\/website\/wp-content\/uploads\/2021\/10\/Senza-titolo-2.jpg","width":961,"height":660,"caption":"Ma\u00dfgeschneiderte Umgebung mit niedriger Mauer"},{"@type":"WebPage","@id":"https:\/\/relaxsrl.com\/de\/massgeschneidert\/#webpage","url":"https:\/\/relaxsrl.com\/de\/massgeschneidert\/","name":"Ma\u00dfgeschneidert - Relax srl","isPartOf":{"@id":"https:\/\/relaxsrl.com\/#website"},"primaryImageOfPage":{"@id":"https:\/\/relaxsrl.com\/de\/massgeschneidert\/#primaryimage"},"datePublished":"2022-08-10T12:36:50+00:00","dateModified":"2022-11-18T14:53:12+00:00","description":"Die Relax Duschabtrennungen k\u00f6nnen in H\u00f6he, Breite und Tiefe nach Ma\u00df gefertigt werden. Wir l\u00f6sen komplexe Situationen.","breadcrumb":{"@id":"https:\/\/relaxsrl.com\/de\/massgeschneidert\/#breadcrumb"},"inLanguage":"de-DE","potentialAction":[{"@type":"ReadAction","target":["https:\/\/relaxsrl.com\/de\/massgeschneidert\/"]}]},{"@type":"BreadcrumbList","@id":"https:\/\/relaxsrl.com\/de\/massgeschneidert\/#breadcrumb","itemListElement":[{"@type":"ListItem","position":1,"name":"Ma\u00dfgeschneidert"}]}]}},"_links":{"self":[{"href":"https:\/\/relaxsrl.com\/de\/wp-json\/wp\/v2\/pages\/22675"}],"collection":[{"href":"https:\/\/relaxsrl.com\/de\/wp-json\/wp\/v2\/pages"}],"about":[{"href":"https:\/\/relaxsrl.com\/de\/wp-json\/wp\/v2\/types\/page"}],"author":[{"embeddable":true,"href":"https:\/\/relaxsrl.com\/de\/wp-json\/wp\/v2\/users\/3"}],"replies":[{"embeddable":true,"href":"https:\/\/relaxsrl.com\/de\/wp-json\/wp\/v2\/comments?post=22675"}],"version-history":[{"count":3,"href":"https:\/\/relaxsrl.com\/de\/wp-json\/wp\/v2\/pages\/22675\/revisions"}],"predecessor-version":[{"id":24623,"href":"https:\/\/relaxsrl.com\/de\/wp-json\/wp\/v2\/pages\/22675\/revisions\/24623"}],"wp:featuredmedia":[{"embeddable":true,"href":"https:\/\/relaxsrl.com\/de\/wp-json\/wp\/v2\/media\/9129"}],"wp:attachment":[{"href":"https:\/\/relaxsrl.com\/de\/wp-json\/wp\/v2\/media?parent=22675"}],"curies":[{"name":"wp","href":"https:\/\/api.w.org\/{rel}","templated":true}]}}