{"id":22678,"date":"2022-08-10T14:49:35","date_gmt":"2022-08-10T12:49:35","guid":{"rendered":"https:\/\/relaxsrl.com\/anleitung-zur-auswahl\/"},"modified":"2024-11-18T11:24:08","modified_gmt":"2024-11-18T10:24:08","slug":"anleitung-zur-auswahl","status":"publish","type":"page","link":"https:\/\/relaxsrl.com\/de\/anleitung-zur-auswahl\/","title":{"rendered":"Anleitung zur Auswahl"},"content":{"rendered":"<p>[vc_row full_width=&#8220;stretch_row&#8220; content_placement=&#8220;middle&#8220; el_class=&#8220;intro-row intro-row-grey&#8220;][vc_column width=&#8220;5\/12&#8243;][vc_column_text]<\/p>\n<h1>Anleitung zur Auswahl Duschkabine<\/h1>\n<p>[\/vc_column_text][\/vc_column][vc_column width=&#8220;7\/12&#8243;][vc_column_text el_class=&#8220;abstract&#8220;]Mit dem Ratgeber zur Auswahl der Duschkabine zeigen wir Ihnen, was Sie am besten wissen m\u00fcssen, um eine bewusste Wahl zu treffen, Fehler zu vermeiden und die Duschkabine auszuw\u00e4hlen, die Ihren Bed\u00fcrfnissen entspricht.[\/vc_column_text][\/vc_column][\/vc_row][vc_row el_class=&#8220;row-path&#8220;][vc_column][vc_column_text][\/vc_column_text][\/vc_column][\/vc_row][vc_row][vc_column width=&#8220;1\/3&#8243; css=&#8220;.vc_custom_1629963014738{padding-right: 40px !important;}&#8220; el_class=&#8220;guida-alla-scelta-col&#8220;][vc_column_text]<\/p>\n<h3>Typen von Duschkabinen<\/h3>\n<div class=\"divider-blue\"><\/div>\n<p>Die Wahl der Duschkabine ist \u00e4sthetisch und praktisch, wobei zu beachten ist, dass unterschiedliche Typen f\u00fcr unterschiedliche Bed\u00fcrfnisse und R\u00e4ume geeignet sind.<\/p>\n<ul>\n<li><a href=\"https:\/\/relaxsrl.com\/de\/anleitung-zur-auswahl\/duschkabine-walk-in\/\">Walk-In<\/a><\/li>\n<li><a href=\"https:\/\/relaxsrl.com\/de\/anleitung-zur-auswahl\/eckduschkabine\/\">Eckdusche<\/a><\/li>\n<li><a href=\"https:\/\/relaxsrl.com\/de\/anleitung-zur-auswahl\/nischendusche\/\">Nischendusche<\/a><\/li>\n<li><a href=\"https:\/\/relaxsrl.com\/de\/anleitung-zur-auswahl\/halbrunde-duschkabine\/\">Runddusche <\/a><\/li>\n<li><a href=\"https:\/\/relaxsrl.com\/de\/anleitung-zur-auswahl\/dreiseitige-duschkabine\/\">3 Seiten<\/a><\/li>\n<li><a href=\"https:\/\/relaxsrl.com\/de\/produkte\/typen\/badewannenaufsatz\/\">Badewannenaufsatz<\/a><\/li>\n<li><a href=\"https:\/\/relaxsrl.com\/de\/anleitung-zur-auswahl\/duschkabinen-fuer-behinderte-oder-senioren\/\">F\u00fcr Behinderte oder Senioren<\/a><\/li>\n<li><a href=\"https:\/\/relaxsrl.com\/de\/anleitung-zur-auswahl\/massgefertigte-duschkabine\/\">Ma\u00dfgefertigt<\/a><\/li>\n<li><a href=\"https:\/\/relaxsrl.com\/de\/anleitung-zur-auswahl\/vierseitige-duschkabine\/\">4 Seiten<\/a><\/li>\n<\/ul>\n<p>[\/vc_column_text][\/vc_column][vc_column width=&#8220;1\/3&#8243; css=&#8220;.vc_custom_1629963085231{padding-right: 40px !important;}&#8220; el_class=&#8220;guida-alla-scelta-col&#8220;][vc_column_text el_class=&#8220;guida-alla-scelta-txt&#8220;]<\/p>\n<h3>\u00d6ffnung Duschkabine<\/h3>\n<div class=\"divider-blue\"><\/div>\n<p>Es gibt f\u00fcnf Duschkabinen, einige davon unter verschiedenen Namen. Die Walk-in-Dusche erfordert kein \u00d6ffnen.<\/p>\n<ul>\n<li><a href=\"https:\/\/relaxsrl.com\/de\/anleitung-zur-auswahl\/duschkabine-mit-fluegeltuere\/\">Fl\u00fcgelt\u00fcr<\/a><\/li>\n<li><a href=\"https:\/\/relaxsrl.com\/de\/anleitung-zur-auswahl\/duschkabine-mit-pivot-tuer\/\">Pivott\u00fcr<\/a><\/li>\n<li><a href=\"https:\/\/relaxsrl.com\/de\/anleitung-zur-auswahl\/duschkabine-mit-saloon-tuer\/\">Saloont\u00fcr<\/a><\/li>\n<li><a href=\"https:\/\/relaxsrl.com\/de\/anleitung-zur-auswahl\/duschkabine-mit-schiebetuer\/\">Schiebet\u00fcr<\/a><\/li>\n<li><a href=\"https:\/\/relaxsrl.com\/de\/anleitung-zur-auswahl\/duschkabine-mit-falttuere\/\">Faltt\u00fcre<\/a><\/li>\n<\/ul>\n<p>[\/vc_column_text][\/vc_column][vc_column width=&#8220;1\/3&#8243; css=&#8220;.vc_custom_1629963103728{padding-right: 40px !important;}&#8220; el_class=&#8220;guida-alla-scelta-col&#8220;][vc_column_text el_class=&#8220;guida-alla-scelta-txt&#8220;]<\/p>\n<h3>Materialien und Ausstattungen f\u00fcr Duschkabinen<\/h3>\n<div class=\"divider-blue\"><\/div>\n<p>Hochwertige Duschkabinen verf\u00fcgen \u00fcber Glasw\u00e4nde in verschiedenen Ausf\u00fchrungen und werden mit Profilen aus verschiedenen Materialien erg\u00e4nzt.<\/p>\n<ul>\n<li><a href=\"https:\/\/relaxsrl.com\/de\/abschluesse\/\">Profilbearbeitung<\/a><\/li>\n<li><a href=\"https:\/\/relaxsrl.com\/de\/anleitung-zur-auswahl\/duschkabine-aus-glas\/\">Glas und Kristall<\/a><\/li>\n<li><a href=\"https:\/\/relaxsrl.com\/de\/anleitung-zur-auswahl\/endbearbeitung-fuer-duschkabinen\/\">Veredlung in Glas<\/a><\/li>\n<li><a href=\"https:\/\/relaxsrl.com\/de\/anleitung-zur-auswahl\/profile-fuer-die-duschkabine\/\">Profile<\/a><\/li>\n<\/ul>\n<p>[\/vc_column_text][\/vc_column][\/vc_row][vc_row][vc_column width=&#8220;1\/3&#8243; css=&#8220;.vc_custom_1629963201496{padding-right: 40px !important;}&#8220; el_class=&#8220;guida-alla-scelta-col&#8220;][vc_column_text el_class=&#8220;guida-alla-scelta-txt&#8220;]<\/p>\n<h3>Stilrichtungen und Duschkabinen<\/h3>\n<div class=\"divider-blue\"><\/div>\n<p>Wie man eine Duschkabine in ein Badezimmer einbauen kann, das bereits einen eigenen Stil hat? Ein paar Ideen, wie Sie Ihre ganz individuell gestalten k\u00f6nnen.<\/p>\n<ul>\n<li><a href=\"https:\/\/relaxsrl.com\/de\/anleitung-zur-auswahl\/designduschkabinen\/\">Duschkabine von Design <\/a><\/li>\n<li><a href=\"https:\/\/relaxsrl.com\/de\/anleitung-zur-auswahl\/elegante-duschkabinen-fuer-unterwegs\/\">Elegante Duschkabine<\/a><\/li>\n<li><a href=\"https:\/\/relaxsrl.com\/de\/anleitung-zur-auswahl\/lineare-duschkabine\/\">Lineare Duschkabine<\/a><\/li>\n<li><a href=\"https:\/\/relaxsrl.com\/de\/anleitung-zur-auswahl\/industrielle-duschkabine\/\">Industrielle Duschkabine<\/a><\/li>\n<\/ul>\n<p>[\/vc_column_text][\/vc_column][vc_column width=&#8220;1\/3&#8243; css=&#8220;.vc_custom_1629963238798{padding-right: 40px !important;}&#8220; el_class=&#8220;guida-alla-scelta-col&#8220;][vc_column_text el_class=&#8220;guida-alla-scelta-txt&#8220;]<\/p>\n<h3>Gr\u00f6\u00dfe\/Dimensionen<\/h3>\n<div class=\"divider-blue\"><\/div>\n<p>Duschkabinen sind meist in Gr\u00f6\u00dfen und Ausstattungen individualisierbar, Standard-L\u00f6sungen bieten bereits verschiedene L\u00f6sungen.<\/p>\n<ul>\n<li><a href=\"https:\/\/relaxsrl.com\/de\/anleitung-zur-auswahl\/grosse-duschkabine\/\">Gro\u00dfe Duschkabine<\/a><\/li>\n<li><a href=\"https:\/\/relaxsrl.com\/de\/anleitung-zur-auswahl\/duschkabine-fuer-zwei\/\">Duschkabine f\u00fcr zwei<\/a><\/li>\n<li><a href=\"https:\/\/relaxsrl.com\/de\/anleitung-zur-auswahl\/kleine-duschkabine\/\">Kleine Duschkabine<\/a><\/li>\n<li><a href=\"https:\/\/relaxsrl.com\/de\/anleitung-zur-auswahl\/platzsparende-duschkabine\/\">Platzsparende Duschkabine<\/a><\/li>\n<\/ul>\n<p>[\/vc_column_text][\/vc_column][vc_column width=&#8220;1\/3&#8243; css=&#8220;.vc_custom_1629963244261{padding-right: 40px !important;}&#8220; el_class=&#8220;guida-alla-scelta-col&#8220;][vc_column_text el_class=&#8220;guida-alla-scelta-txt&#8220;]<\/p>\n<h3>Anleitung zur Auswahl Duschkabine ZU WISSEN<\/h3>\n<div class=\"divider-blue\"><\/div>\n<ul style=\"margin-top: 25px;\">\n<li><a href=\"https:\/\/relaxsrl.com\/de\/technische-unterstuetzung\/faq\/#faq-3\">Welche Ma\u00dfnahmen sind erforderlich, um eine Duschabtrennung zu bestellen?<\/a><\/li>\n<li><a href=\"https:\/\/relaxsrl.com\/de\/technische-unterstuetzung\/faq\/#faq-5\">Wann muss ich die Ma\u00dfe nehmen, um die Duschabtrennung zu bestellen?<\/a><\/li>\n<li><a href=\"https:\/\/relaxsrl.com\/de\/technische-unterstuetzung\/faq\/#faq-6\">Was ist die dritte feste Seite?<\/a><\/li>\n<li><a href=\"https:\/\/relaxsrl.com\/de\/technische-unterstuetzung\/faq\/#faq-7\">Was ist die Entkalkungsbehandlung?<\/a><\/li>\n<li><a href=\"https:\/\/relaxsrl.com\/de\/technische-unterstuetzung\/faq\/#faq-8\">Was bedeutet \u201eSonderdusche\u201c?<\/a><\/li>\n<li><a href=\"https:\/\/relaxsrl.com\/de\/technische-unterstuetzung\/faq\/\">Andere Fragen?<\/a><\/li>\n<\/ul>\n<p>[\/vc_column_text][\/vc_column][\/vc_row]<\/p>\n","protected":false},"excerpt":{"rendered":"<p>[vc_row full_width=&#8220;stretch_row&#8220; content_placement=&#8220;middle&#8220; el_class=&#8220;intro-row intro-row-grey&#8220;][vc_column width=&#8220;5\/12&#8243;][vc_column_text] Anleitung zur Auswahl Duschkabine [\/vc_column_text][\/vc_column][vc_column width=&#8220;7\/12&#8243;][vc_column_text el_class=&#8220;abstract&#8220;]Mit dem Ratgeber zur Auswahl der Duschkabine zeigen wir Ihnen, was Sie am besten wissen m\u00fcssen, um eine bewusste Wahl zu treffen, Fehler zu vermeiden und die Duschkabine auszuw\u00e4hlen, die Ihren Bed\u00fcrfnissen entspricht.[\/vc_column_text][\/vc_column][\/vc_row][vc_row el_class=&#8220;row-path&#8220;][vc_column][vc_column_text][\/vc_column_text][\/vc_column][\/vc_row][vc_row][vc_column width=&#8220;1\/3&#8243; css=&#8220;.vc_custom_1629963014738{padding-right: 40px !important;}&#8220; el_class=&#8220;guida-alla-scelta-col&#8220;][vc_column_text] Typen von Duschkabinen Die [&hellip;]<\/p>\n","protected":false},"author":3,"featured_media":24757,"parent":0,"menu_order":0,"comment_status":"closed","ping_status":"closed","template":"","meta":[],"acf":[],"yoast_head":"<!-- This site is optimized with the Yoast SEO Premium plugin v18.4 (Yoast SEO v18.8) - https:\/\/yoast.com\/wordpress\/plugins\/seo\/ -->\n<title>Anleitung zur Auswahl Duschkabine<\/title>\n<meta name=\"description\" content=\"Die Auswahlhilfe hilft Ihnen bei der Auswahl der Duschabtrennung, die Ihren Anforderungen am besten entspricht.\" \/>\n<meta name=\"robots\" content=\"index, follow, max-snippet:-1, max-image-preview:large, max-video-preview:-1\" \/>\n<link rel=\"canonical\" href=\"https:\/\/relaxsrl.com\/de\/anleitung-zur-auswahl\/\" \/>\n<meta property=\"og:locale\" content=\"de_DE\" \/>\n<meta property=\"og:type\" content=\"article\" \/>\n<meta property=\"og:title\" content=\"Anleitung zur Auswahl Duschkabine\" \/>\n<meta property=\"og:description\" content=\"Die Auswahlhilfe hilft Ihnen bei der Auswahl der Duschabtrennung, die Ihren Anforderungen am besten entspricht.\" \/>\n<meta property=\"og:url\" content=\"https:\/\/relaxsrl.com\/de\/anleitung-zur-auswahl\/\" \/>\n<meta property=\"og:site_name\" content=\"Relax srl\" \/>\n<meta property=\"article:modified_time\" content=\"2024-11-18T10:24:08+00:00\" \/>\n<meta property=\"og:image\" content=\"https:\/\/relaxsrl.com\/website\/wp-content\/uploads\/2022\/11\/Articoli-Blog3-2.jpg\" \/>\n\t<meta property=\"og:image:width\" content=\"730\" \/>\n\t<meta property=\"og:image:height\" content=\"600\" \/>\n\t<meta property=\"og:image:type\" content=\"image\/jpeg\" \/>\n<meta name=\"twitter:card\" content=\"summary_large_image\" \/>\n<meta name=\"twitter:label1\" content=\"Gesch\u00e4tzte Lesezeit\" \/>\n\t<meta name=\"twitter:data1\" content=\"2 Minuten\" \/>\n<script type=\"application\/ld+json\" class=\"yoast-schema-graph\">{\"@context\":\"https:\/\/schema.org\",\"@graph\":[{\"@type\":\"WebSite\",\"@id\":\"https:\/\/relaxsrl.com\/#website\",\"url\":\"https:\/\/relaxsrl.com\/\",\"name\":\"Relax srl\",\"description\":\"\",\"potentialAction\":[{\"@type\":\"SearchAction\",\"target\":{\"@type\":\"EntryPoint\",\"urlTemplate\":\"https:\/\/relaxsrl.com\/?s={search_term_string}\"},\"query-input\":\"required name=search_term_string\"}],\"inLanguage\":\"de-DE\"},{\"@type\":\"ImageObject\",\"inLanguage\":\"de-DE\",\"@id\":\"https:\/\/relaxsrl.com\/de\/anleitung-zur-auswahl\/#primaryimage\",\"url\":\"https:\/\/relaxsrl.com\/website\/wp-content\/uploads\/2022\/11\/Articoli-Blog3-2.jpg\",\"contentUrl\":\"https:\/\/relaxsrl.com\/website\/wp-content\/uploads\/2022\/11\/Articoli-Blog3-2.jpg\",\"width\":730,\"height\":600,\"caption\":\"Scorrimento box doccia anta a soffietto\"},{\"@type\":\"WebPage\",\"@id\":\"https:\/\/relaxsrl.com\/de\/anleitung-zur-auswahl\/#webpage\",\"url\":\"https:\/\/relaxsrl.com\/de\/anleitung-zur-auswahl\/\",\"name\":\"Anleitung zur Auswahl Duschkabine\",\"isPartOf\":{\"@id\":\"https:\/\/relaxsrl.com\/#website\"},\"primaryImageOfPage\":{\"@id\":\"https:\/\/relaxsrl.com\/de\/anleitung-zur-auswahl\/#primaryimage\"},\"datePublished\":\"2022-08-10T12:49:35+00:00\",\"dateModified\":\"2024-11-18T10:24:08+00:00\",\"description\":\"Die Auswahlhilfe hilft Ihnen bei der Auswahl der Duschabtrennung, die Ihren Anforderungen am besten entspricht.\",\"breadcrumb\":{\"@id\":\"https:\/\/relaxsrl.com\/de\/anleitung-zur-auswahl\/#breadcrumb\"},\"inLanguage\":\"de-DE\",\"potentialAction\":[{\"@type\":\"ReadAction\",\"target\":[\"https:\/\/relaxsrl.com\/de\/anleitung-zur-auswahl\/\"]}]},{\"@type\":\"BreadcrumbList\",\"@id\":\"https:\/\/relaxsrl.com\/de\/anleitung-zur-auswahl\/#breadcrumb\",\"itemListElement\":[{\"@type\":\"ListItem\",\"position\":1,\"name\":\"Anleitung zur Auswahl\"}]}]}<\/script>\n<!-- \/ Yoast SEO Premium plugin. -->","yoast_head_json":{"title":"Anleitung zur Auswahl Duschkabine","description":"Die Auswahlhilfe hilft Ihnen bei der Auswahl der Duschabtrennung, die Ihren Anforderungen am besten entspricht.","robots":{"index":"index","follow":"follow","max-snippet":"max-snippet:-1","max-image-preview":"max-image-preview:large","max-video-preview":"max-video-preview:-1"},"canonical":"https:\/\/relaxsrl.com\/de\/anleitung-zur-auswahl\/","og_locale":"de_DE","og_type":"article","og_title":"Anleitung zur Auswahl Duschkabine","og_description":"Die Auswahlhilfe hilft Ihnen bei der Auswahl der Duschabtrennung, die Ihren Anforderungen am besten entspricht.","og_url":"https:\/\/relaxsrl.com\/de\/anleitung-zur-auswahl\/","og_site_name":"Relax srl","article_modified_time":"2024-11-18T10:24:08+00:00","og_image":[{"width":730,"height":600,"url":"https:\/\/relaxsrl.com\/website\/wp-content\/uploads\/2022\/11\/Articoli-Blog3-2.jpg","type":"image\/jpeg"}],"twitter_card":"summary_large_image","twitter_misc":{"Gesch\u00e4tzte Lesezeit":"2 Minuten"},"schema":{"@context":"https:\/\/schema.org","@graph":[{"@type":"WebSite","@id":"https:\/\/relaxsrl.com\/#website","url":"https:\/\/relaxsrl.com\/","name":"Relax srl","description":"","potentialAction":[{"@type":"SearchAction","target":{"@type":"EntryPoint","urlTemplate":"https:\/\/relaxsrl.com\/?s={search_term_string}"},"query-input":"required name=search_term_string"}],"inLanguage":"de-DE"},{"@type":"ImageObject","inLanguage":"de-DE","@id":"https:\/\/relaxsrl.com\/de\/anleitung-zur-auswahl\/#primaryimage","url":"https:\/\/relaxsrl.com\/website\/wp-content\/uploads\/2022\/11\/Articoli-Blog3-2.jpg","contentUrl":"https:\/\/relaxsrl.com\/website\/wp-content\/uploads\/2022\/11\/Articoli-Blog3-2.jpg","width":730,"height":600,"caption":"Scorrimento box doccia anta a soffietto"},{"@type":"WebPage","@id":"https:\/\/relaxsrl.com\/de\/anleitung-zur-auswahl\/#webpage","url":"https:\/\/relaxsrl.com\/de\/anleitung-zur-auswahl\/","name":"Anleitung zur Auswahl Duschkabine","isPartOf":{"@id":"https:\/\/relaxsrl.com\/#website"},"primaryImageOfPage":{"@id":"https:\/\/relaxsrl.com\/de\/anleitung-zur-auswahl\/#primaryimage"},"datePublished":"2022-08-10T12:49:35+00:00","dateModified":"2024-11-18T10:24:08+00:00","description":"Die Auswahlhilfe hilft Ihnen bei der Auswahl der Duschabtrennung, die Ihren Anforderungen am besten entspricht.","breadcrumb":{"@id":"https:\/\/relaxsrl.com\/de\/anleitung-zur-auswahl\/#breadcrumb"},"inLanguage":"de-DE","potentialAction":[{"@type":"ReadAction","target":["https:\/\/relaxsrl.com\/de\/anleitung-zur-auswahl\/"]}]},{"@type":"BreadcrumbList","@id":"https:\/\/relaxsrl.com\/de\/anleitung-zur-auswahl\/#breadcrumb","itemListElement":[{"@type":"ListItem","position":1,"name":"Anleitung zur Auswahl"}]}]}},"_links":{"self":[{"href":"https:\/\/relaxsrl.com\/de\/wp-json\/wp\/v2\/pages\/22678"}],"collection":[{"href":"https:\/\/relaxsrl.com\/de\/wp-json\/wp\/v2\/pages"}],"about":[{"href":"https:\/\/relaxsrl.com\/de\/wp-json\/wp\/v2\/types\/page"}],"author":[{"embeddable":true,"href":"https:\/\/relaxsrl.com\/de\/wp-json\/wp\/v2\/users\/3"}],"replies":[{"embeddable":true,"href":"https:\/\/relaxsrl.com\/de\/wp-json\/wp\/v2\/comments?post=22678"}],"version-history":[{"count":5,"href":"https:\/\/relaxsrl.com\/de\/wp-json\/wp\/v2\/pages\/22678\/revisions"}],"predecessor-version":[{"id":31322,"href":"https:\/\/relaxsrl.com\/de\/wp-json\/wp\/v2\/pages\/22678\/revisions\/31322"}],"wp:featuredmedia":[{"embeddable":true,"href":"https:\/\/relaxsrl.com\/de\/wp-json\/wp\/v2\/media\/24757"}],"wp:attachment":[{"href":"https:\/\/relaxsrl.com\/de\/wp-json\/wp\/v2\/media?parent=22678"}],"curies":[{"name":"wp","href":"https:\/\/api.w.org\/{rel}","templated":true}]}}