{"id":22681,"date":"2022-08-10T14:59:40","date_gmt":"2022-08-10T12:59:40","guid":{"rendered":"https:\/\/relaxsrl.com\/anleitung-zur-auswahl\/duschkabine-mit-fluegeltuere\/"},"modified":"2022-11-15T11:14:27","modified_gmt":"2022-11-15T10:14:27","slug":"duschkabine-mit-fluegeltuere","status":"publish","type":"page","link":"https:\/\/relaxsrl.com\/de\/anleitung-zur-auswahl\/duschkabine-mit-fluegeltuere\/","title":{"rendered":"Duschkabine mit Fl\u00fcgelt\u00fcre"},"content":{"rendered":"<p>[vc_row full_width=&#8220;stretch_row&#8220; content_placement=&#8220;middle&#8220; el_class=&#8220;intro-row intro-row-grey&#8220;][vc_column][vc_column_text]<\/p>\n<h1>Duschkabine mit Fl\u00fcgelt\u00fcre<\/h1>\n<p>[\/vc_column_text][\/vc_column][\/vc_row][vc_row el_class=&#8220;row-path&#8220;][vc_column][vc_column_text][\/vc_column_text][\/vc_column][\/vc_row][vc_row][vc_column][vc_single_image image=&#8220;2304&#8243; img_size=&#8220;full&#8220; alignment=&#8220;center&#8220;][\/vc_column][\/vc_row][vc_row][vc_column width=&#8220;1\/6&#8243;][\/vc_column][vc_column width=&#8220;2\/3&#8243;][vc_empty_space height=&#8220;40px&#8220;][vc_column_text el_class=&#8220;txt-blue abstract weight500&#8243;]Die klappbare \u00d6ffnung f\u00fcr die Duschkabine ist eine der h\u00e4ufigsten. In unz\u00e4hligen Sorten erh\u00e4ltlich, praktisch und mit vollst\u00e4ndiger \u00d6ffnung, ideal f\u00fcr Personen mit eingeschr\u00e4nkter Mobilit\u00e4t.[\/vc_column_text][vc_empty_space height=&#8220;35px&#8220;][\/vc_column][\/vc_row][vc_row][vc_column width=&#8220;1\/6&#8243;][\/vc_column][vc_column width=&#8220;2\/3&#8243;][vc_column_text]<\/p>\n<ul>\n<li><a class=\"link-interno link-interno-paragrafo-1\" href=\"#\">Caratteristiche dell\u2019anta a battente<\/a><\/li>\n<li>Arten von Dreht\u00fcren\n<ul>\n<li><a class=\"link-interno link-interno-paragrafo-2\" href=\"#\">Fl\u00fcgelt\u00fcr in Nische mit Rahmen<\/a><\/li>\n<li><a class=\"link-interno link-interno-paragrafo-3\" href=\"#\">Fl\u00fcgelt\u00fcr in Nische ohne Rahmen<\/a><\/li>\n<li><a class=\"link-interno link-interno-paragrafo-4\" href=\"#\">Fl\u00fcgelt\u00fcr ohne Profile <\/a><\/li>\n<\/ul>\n<\/li>\n<li><a class=\"link-interno link-interno-paragrafo-5\" href=\"#\">Vorteile Fl\u00fcgelt\u00fcr<\/a><\/li>\n<li><a class=\"link-interno link-interno-paragrafo-6\" href=\"#\">Das sollten Sie vermeiden<\/a><\/li>\n<\/ul>\n<p>[\/vc_column_text][vc_empty_space height=&#8220;40px&#8220;][\/vc_column][\/vc_row][vc_row el_id=&#8220;paragrafo-1&#8243;][vc_column width=&#8220;1\/6&#8243;][\/vc_column][vc_column width=&#8220;2\/3&#8243;][vc_column_text]<\/p>\n<h2>Merkmale der Fl\u00fcgelt\u00fcr<\/h2>\n<p>Die Duschkabine hat eine T\u00fcr, die auf der Duschplatte, dem Geb\u00e4lk oder einer anderen Duschkabinenwand zur Ablage steht. Diese zeichnet sich durch ein Scharnier aus, in der Regel ein auf die Glasscheibe geklebtes Aluminiumprofil, das an der Wand befestigt ist.<br \/>\nBei einer Duschplatte, die kabellos am Boden befestigt ist, hat der Hochrei\u00dfverschluss einen Mehrwert, da er beim \u00d6ffnen der T\u00fcr angehoben wird, um zu verhindern, dass die untere Dichtung, die auf dem unteren Glas angebracht wird, um das Wasser zur\u00fcckzuhalten, auf den Boden kriecht. So bleibt die Dichtung \u00fcber die Zeit erhalten.<br \/>\nEine Fl\u00fcgelt\u00fcr von maximal 100 cm wird empfohlen, um die Haltbarkeit zu gew\u00e4hrleisten, da das Gewicht alles auf der T\u00fcre tr\u00e4gt. Um h\u00f6here Ma\u00dfnahmen zu handhaben, kann ein Fixpunkt hinzugef\u00fcgt werden.<br \/>\nDie Duschkabine mit Fl\u00fcgelt\u00fcre kann montiert werden:<\/p>\n<ul>\n<li>in einer Nische mit einer T\u00fcr<\/li>\n<li>eckig mit zwei T\u00fcren oder einer T\u00fcr und einer festen Seite<\/li>\n<li>3 Seiten mit einer T\u00fcr und zwei festen Seitenw\u00e4nden<\/li>\n<\/ul>\n<p>[\/vc_column_text][vc_empty_space height=&#8220;40px&#8220;][\/vc_column][\/vc_row][vc_row][vc_column width=&#8220;1\/6&#8243;][\/vc_column][vc_column width=&#8220;2\/3&#8243;][vc_column_text]<\/p>\n<h2>Typen der Fl\u00fcgelt\u00fcre<\/h2>\n<p>[\/vc_column_text][vc_empty_space height=&#8220;20px&#8220;][\/vc_column][\/vc_row][vc_row el_id=&#8220;paragrafo-2&#8243;][vc_column width=&#8220;1\/6&#8243;][\/vc_column][vc_column width=&#8220;2\/3&#8243;][vc_column_text]<\/p>\n<h3>Fl\u00fcgelt\u00fcr in Nische mit Rahmen<\/h3>\n<p>Die Fl\u00fcgelt\u00fcr mit Rahmen ist oben und unten profiliert. Es ist die L\u00f6sung, die verwendet wird, wenn die Duschkabine b\u00fcndig an der Duschplatte befestigt ist, da sie deren Wasserdichtigkeit und Stabilit\u00e4t erh\u00f6ht.[\/vc_column_text][vc_empty_space height=&#8220;20px&#8220;][\/vc_column][\/vc_row][vc_row el_id=&#8220;paragrafo-3&#8243;][vc_column width=&#8220;1\/6&#8243;][\/vc_column][vc_column width=&#8220;2\/3&#8243;][vc_column_text]<\/p>\n<h3>Fl\u00fcgelt\u00fcr ohne Rahmen<\/h3>\n<p>Die Fl\u00fcgelt\u00fcr ohne Rahmen wird durch die \u00e4sthetische Reinigung mit dem Glaseffekt ohne obere und tiefere Einschr\u00e4nkungen bevorzugt[\/vc_column_text][vc_empty_space height=&#8220;20px&#8220;][\/vc_column][\/vc_row][vc_row el_id=&#8220;paragrafo-4&#8243;][vc_column width=&#8220;1\/6&#8243;][\/vc_column][vc_column width=&#8220;2\/3&#8243;][vc_column_text]<\/p>\n<h3>Fl\u00fcgelt\u00fcr in Nische ohne Profile<\/h3>\n<p>Die Scharniert\u00fcr ohne Profile ist die szenografischste, essentiellste und minimalste L\u00f6sung, da ihr sogar das Wandprofil fehlt, da die Scharniere direkt an der Wand befestigt sind. Es kann nur verwendet werden, wenn die Wand absolut gerade ist, da es eine maximale Anpassung von 3 mm hat (normalerweise betr\u00e4gt die Anpassung 2 cm). Es versteht sich von selbst, dass es am schnellsten zu reinigen ist, da es keine Profile gibt.[\/vc_column_text][vc_empty_space height=&#8220;40px&#8220;][\/vc_column][\/vc_row][vc_row el_id=&#8220;paragrafo-5&#8243;][vc_column width=&#8220;1\/6&#8243;][\/vc_column][vc_column width=&#8220;2\/3&#8243;][vc_column_text]<\/p>\n<h2>Vorteile der Dreht\u00fcr<\/h2>\n<p>Die Fl\u00fcgelt\u00fcr \u00f6ffnet sich fast vollst\u00e4ndig, so dass sie die bestm\u00f6gliche Zug\u00e4nglichkeit garantiert, die insbesondere von behinderten Menschen oder Menschen mit eingeschr\u00e4nkter Mobilit\u00e4t gesch\u00e4tzt wird, wie dies bei vielen \u00e4lteren Menschen der Fall ist. Betr\u00e4gt die T\u00fcr\u00f6ffnung zum Beispiel 90 cm, betr\u00e4gt der Stauraum 81 cm. Die breite \u00d6ffnung erleichtert die Reinigung der Duschkabine und der T\u00fcr. Ben\u00f6tigt einen Duschkopf von mindestens 80&#215;80 cm, um den Platz komfortabel zu nutzen.[\/vc_column_text][vc_empty_space height=&#8220;40px&#8220;][\/vc_column][\/vc_row][vc_row el_id=&#8220;paragrafo-6&#8243;][vc_column width=&#8220;1\/6&#8243;][\/vc_column][vc_column width=&#8220;2\/3&#8243;][vc_column_text]<\/p>\n<h2>Das sollten Sie vermeiden<\/h2>\n<p>Ist die Badezimmert\u00fcr klein, ist die Fl\u00fcgelt\u00fcr nicht empfehlenswert, da sie Platz vor der Kabine zum \u00d6ffnen braucht, welches bereits mit Sanit\u00e4ranlagen und M\u00f6beln besetzt sein k\u00f6nnte. In der Tat gibt es auch Dreht\u00fcren, die nach innen ge\u00f6ffnet werden k\u00f6nnen, aber sie ben\u00f6tigen einen Raum, der gro\u00df genug ist, um der Person Zutritt zu erm\u00f6glichen, um das Vorhandensein der T\u00fcr selbst zu erm\u00f6glichen..<br \/>\nWer das Abtropfen der T\u00fcre nach der Dusche auf dem Boden hasst, vor allem wenn es so empfindlich ist wie manche H\u00f6lzer, sollte sich am besten auf ein anderes \u00d6ffnungssystem, zum Beispiel die Schiebt\u00fcr, orientieren oder sich f\u00fcr die \u00d6ffnung nach innen entscheiden, wenn der Platz ausreicht.[\/vc_column_text][vc_empty_space height=&#8220;40px&#8220;][\/vc_column][\/vc_row][vc_row][vc_column][vc_empty_space height=&#8220;50px&#8220;][vc_column_text]<\/p>\n<h3 style=\"text-align: center;\">Einige Beispiele von Duscht\u00fcren Relax<\/h3>\n<p>[\/vc_column_text][vc_empty_space height=&#8220;30px&#8220;]<div class=\"woocommerce columns-4 \"><ul class=\"products columns-4\">\n<li class=\"product type-product post-21188 status-publish first instock product_cat-niche-battante product_cat-guide-de-selection-battante product_cat-battente-de-5 product_cat-battente-de product_cat-box-doccia-de product_cat-box-doccia-en product_cat-cabine-de-douche product_cat-cardine-ru product_cat-cardine-en product_cat-cardine-fr product_cat-cardine-de product_cat-collections product_cat-collections-en product_cat-selection-guide-en product_cat-guida-alla-scelta-de product_cat-guide-de-selection product_cat-niche-hinged product_cat-selection-guide-hinged-door product_cat-nicchia-de product_cat-niche-fr product_cat-niche product_cat-collezioni-de product_cat-tipologia-prodotto-en product_cat-tipologia-prodotto-de product_cat-type-de-produit product_cat-1618 product_cat-1568 product_cat-1638 product_cat-1597 product_cat-1637 product_cat-1594 product_cat-1617 has-post-thumbnail shipping-taxable product-type-simple\">\n\t<div class=\"woocommerce-loop-product__short_description\" itemprop=\"description\"><a href=\"https:\/\/relaxsrl.com\/de\/produkt\/cardine-mb1\/\" class=\"woocommerce-LoopProduct-link woocommerce-loop-product__link\"><p>Duschabtrennung in Nische mit Wandscharnieren, 6 mm Verstellung und \u00d6ffnung zur Wand.<\/p>\n<\/a><\/div><\/li>\n<li class=\"product type-product post-21171 status-publish instock product_cat-angolare-de product_cat-angolare-en product_cat-angulaire product_cat-angulaire-battante product_cat-guide-de-selection-battante product_cat-battente-de-2 product_cat-battente-de-5 product_cat-box-doccia-en product_cat-box-doccia-de product_cat-cabine-de-douche product_cat-collections product_cat-collections-en product_cat-selection-guide-en product_cat-guida-alla-scelta-de product_cat-guide-de-selection product_cat-hinged product_cat-selection-guide-hinged-door product_cat-light-de product_cat-light-en product_cat-light-ru product_cat-light-fr product_cat-collezioni-de product_cat-tipologia-prodotto-de product_cat-tipologia-prodotto-en product_cat-type-de-produit product_cat-1618 product_cat-1568 product_cat-1627 product_cat-1597 product_cat-1594 product_cat-1617 product_cat-1626 has-post-thumbnail shipping-taxable product-type-simple\">\n\t<div class=\"woocommerce-loop-product__short_description\" itemprop=\"description\"><a href=\"https:\/\/relaxsrl.com\/de\/produkt\/light-ab-light-f1\/\" class=\"woocommerce-LoopProduct-link woocommerce-loop-product__link\"><p>Duschabtrennung ohne Profile mit Fl\u00fcgelt\u00fcr und feststehender Seite.<\/p>\n<\/a><\/div><\/li>\n<li class=\"product type-product post-21074 status-publish instock product_cat-3-lati-en product_cat-3-lati-de product_cat-3-lati-fr product_cat-3- product_cat-niche-battante product_cat-guide-de-selection-battante product_cat-battente-fr product_cat-battente-de-3 product_cat-battente-de-5 product_cat-battente product_cat-battente-de product_cat-box-doccia-de product_cat-box-doccia-en product_cat-cabine-de-douche product_cat-collections product_cat-collections-en product_cat-selection-guide-en product_cat-guida-alla-scelta-de product_cat-guide-de-selection product_cat-niche-hinged product_cat-selection-guide-hinged-door product_cat-lyra-de product_cat-lyra-en product_cat-lyra-ru product_cat-lyra-fr product_cat-nicchia-de product_cat-niche-fr product_cat-niche product_cat-collezioni-de product_cat-tipologia-prodotto-en product_cat-tipologia-prodotto-de product_cat-type-de-produit product_cat-1618 product_cat-1568 product_cat-3-- product_cat-1597 product_cat-1638 product_cat-1637 product_cat-1594 product_cat-1617 has-post-thumbnail shipping-taxable product-type-simple\">\n\t<div class=\"woocommerce-loop-product__short_description\" itemprop=\"description\"><a href=\"https:\/\/relaxsrl.com\/de\/produkt\/lyra-b1\/\" class=\"woocommerce-LoopProduct-link woocommerce-loop-product__link\"><p>Lyra B1 ist eine Duschkabine in einer Nische mit Schwingt\u00fcr.<\/p>\n<\/a><\/div><\/li>\n<\/ul>\n<\/div>[\/vc_column][\/vc_row][vc_row full_width=&#8220;stretch_row_content_no_spaces&#8220; equal_height=&#8220;yes&#8220; content_placement=&#8220;middle&#8220; el_class=&#8220;row-over-footer row-cta-over-footer&#8220;][vc_column width=&#8220;1\/2&#8243;][vc_single_image image=&#8220;2309&#8243; img_size=&#8220;full&#8220;][\/vc_column][vc_column width=&#8220;1\/2&#8243; css=&#8220;.vc_custom_1632906971459{background-image: url(http:\/\/relaxsrl.com\/wp-content\/uploads\/2021\/09\/cta-battente-opaco.jpg?id=2310) !important;background-position: center !important;background-repeat: no-repeat !important;background-size: cover !important;}&#8220; el_class=&#8220;row-cta-over-footer-col-text&#8220;][vc_row_inner][vc_column_inner width=&#8220;1\/4&#8243;][\/vc_column_inner][vc_column_inner width=&#8220;1\/2&#8243;][vc_column_text]<\/p>\n<h2 style=\"text-align: center;\">Entdecken Sie die Duschkabinen mit Fl\u00fcgelt\u00fcren von Relax<\/h2>\n<p style=\"text-align: center;\">Nutzen Sie den Relax-Duschkabinenkonfigurator, um unsere Fl\u00fcgelt\u00fcren-Vorschl\u00e4ge zusammenzubauen.<\/p>\n<p>[\/vc_column_text][vc_btn title=&#8220;GEHEN SIE ZUM KONFIGURATOR&#8220; style=&#8220;classic&#8220; shape=&#8220;square&#8220; color=&#8220;white&#8220; align=&#8220;center&#8220; el_class=&#8220;btn-default-white&#8220; link=&#8220;url:https%3A%2F%2Frelaxsrl.com%2Fde%2Fprodukte%2Fkonfigurator%2F|title:Konfigurator&#8220;][\/vc_column_inner][vc_column_inner width=&#8220;1\/4&#8243;][\/vc_column_inner][\/vc_row_inner][\/vc_column][\/vc_row]<\/p>\n","protected":false},"excerpt":{"rendered":"<p>[vc_row full_width=&#8220;stretch_row&#8220; content_placement=&#8220;middle&#8220; el_class=&#8220;intro-row intro-row-grey&#8220;][vc_column][vc_column_text] Duschkabine mit Fl\u00fcgelt\u00fcre [\/vc_column_text][\/vc_column][\/vc_row][vc_row el_class=&#8220;row-path&#8220;][vc_column][vc_column_text][\/vc_column_text][\/vc_column][\/vc_row][vc_row][vc_column][vc_single_image image=&#8220;2304&#8243; img_size=&#8220;full&#8220; alignment=&#8220;center&#8220;][\/vc_column][\/vc_row][vc_row][vc_column width=&#8220;1\/6&#8243;][\/vc_column][vc_column width=&#8220;2\/3&#8243;][vc_empty_space height=&#8220;40px&#8220;][vc_column_text el_class=&#8220;txt-blue abstract weight500&#8243;]Die klappbare \u00d6ffnung f\u00fcr die Duschkabine ist eine der h\u00e4ufigsten. In unz\u00e4hligen Sorten erh\u00e4ltlich, praktisch und mit vollst\u00e4ndiger \u00d6ffnung, ideal f\u00fcr Personen mit eingeschr\u00e4nkter Mobilit\u00e4t.[\/vc_column_text][vc_empty_space height=&#8220;35px&#8220;][\/vc_column][\/vc_row][vc_row][vc_column width=&#8220;1\/6&#8243;][\/vc_column][vc_column width=&#8220;2\/3&#8243;][vc_column_text] Caratteristiche dell\u2019anta a battente Arten von Dreht\u00fcren Fl\u00fcgelt\u00fcr in [&hellip;]<\/p>\n","protected":false},"author":3,"featured_media":2304,"parent":22678,"menu_order":0,"comment_status":"closed","ping_status":"closed","template":"","meta":[],"acf":[],"yoast_head":"<!-- This site is optimized with the Yoast SEO Premium plugin v18.4 (Yoast SEO v18.8) - https:\/\/yoast.com\/wordpress\/plugins\/seo\/ -->\n<title>Duschkabine mit Fl\u00fcgelt\u00fcre - Relax srl<\/title>\n<meta name=\"description\" content=\"Die klappbare \u00d6ffnung f\u00fcr die Duschkabine ist eine der h\u00e4ufigsten.\" \/>\n<meta name=\"robots\" content=\"index, follow, max-snippet:-1, max-image-preview:large, max-video-preview:-1\" \/>\n<link rel=\"canonical\" href=\"https:\/\/relaxsrl.com\/de\/anleitung-zur-auswahl\/duschkabine-mit-fluegeltuere\/\" \/>\n<meta property=\"og:locale\" content=\"de_DE\" \/>\n<meta property=\"og:type\" content=\"article\" \/>\n<meta property=\"og:title\" content=\"Duschkabine mit Fl\u00fcgelt\u00fcre - Relax srl\" \/>\n<meta property=\"og:description\" content=\"Die klappbare \u00d6ffnung f\u00fcr die Duschkabine ist eine der h\u00e4ufigsten.\" \/>\n<meta property=\"og:url\" content=\"https:\/\/relaxsrl.com\/de\/anleitung-zur-auswahl\/duschkabine-mit-fluegeltuere\/\" \/>\n<meta property=\"og:site_name\" content=\"Relax srl\" \/>\n<meta property=\"article:modified_time\" content=\"2022-11-15T10:14:27+00:00\" \/>\n<meta name=\"twitter:card\" content=\"summary_large_image\" \/>\n<meta name=\"twitter:label1\" content=\"Gesch\u00e4tzte Lesezeit\" \/>\n\t<meta name=\"twitter:data1\" content=\"6 Minuten\" \/>\n<script type=\"application\/ld+json\" class=\"yoast-schema-graph\">{\"@context\":\"https:\/\/schema.org\",\"@graph\":[{\"@type\":\"WebSite\",\"@id\":\"https:\/\/relaxsrl.com\/#website\",\"url\":\"https:\/\/relaxsrl.com\/\",\"name\":\"Relax srl\",\"description\":\"\",\"potentialAction\":[{\"@type\":\"SearchAction\",\"target\":{\"@type\":\"EntryPoint\",\"urlTemplate\":\"https:\/\/relaxsrl.com\/?s={search_term_string}\"},\"query-input\":\"required name=search_term_string\"}],\"inLanguage\":\"de-DE\"},{\"@type\":\"ImageObject\",\"inLanguage\":\"de-DE\",\"@id\":\"https:\/\/relaxsrl.com\/de\/anleitung-zur-auswahl\/duschkabine-mit-fluegeltuere\/#primaryimage\",\"url\":\"https:\/\/relaxsrl.com\/website\/wp-content\/uploads\/2021\/09\/WALL_PL_2.jpg\",\"contentUrl\":\"https:\/\/relaxsrl.com\/website\/wp-content\/uploads\/2021\/09\/WALL_PL_2.jpg\",\"width\":900,\"height\":600,\"caption\":\"box doccia in nicchia minimal con anta battente e lato fisso in linea\"},{\"@type\":\"WebPage\",\"@id\":\"https:\/\/relaxsrl.com\/de\/anleitung-zur-auswahl\/duschkabine-mit-fluegeltuere\/#webpage\",\"url\":\"https:\/\/relaxsrl.com\/de\/anleitung-zur-auswahl\/duschkabine-mit-fluegeltuere\/\",\"name\":\"Duschkabine mit Fl\u00fcgelt\u00fcre - Relax srl\",\"isPartOf\":{\"@id\":\"https:\/\/relaxsrl.com\/#website\"},\"primaryImageOfPage\":{\"@id\":\"https:\/\/relaxsrl.com\/de\/anleitung-zur-auswahl\/duschkabine-mit-fluegeltuere\/#primaryimage\"},\"datePublished\":\"2022-08-10T12:59:40+00:00\",\"dateModified\":\"2022-11-15T10:14:27+00:00\",\"description\":\"Die klappbare \u00d6ffnung f\u00fcr die Duschkabine ist eine der h\u00e4ufigsten.\",\"breadcrumb\":{\"@id\":\"https:\/\/relaxsrl.com\/de\/anleitung-zur-auswahl\/duschkabine-mit-fluegeltuere\/#breadcrumb\"},\"inLanguage\":\"de-DE\",\"potentialAction\":[{\"@type\":\"ReadAction\",\"target\":[\"https:\/\/relaxsrl.com\/de\/anleitung-zur-auswahl\/duschkabine-mit-fluegeltuere\/\"]}]},{\"@type\":\"BreadcrumbList\",\"@id\":\"https:\/\/relaxsrl.com\/de\/anleitung-zur-auswahl\/duschkabine-mit-fluegeltuere\/#breadcrumb\",\"itemListElement\":[{\"@type\":\"ListItem\",\"position\":1,\"name\":\"Anleitung zur Auswahl\",\"item\":\"https:\/\/relaxsrl.com\/de\/anleitung-zur-auswahl\/\"},{\"@type\":\"ListItem\",\"position\":2,\"name\":\"Duschkabine mit Fl\u00fcgelt\u00fcre\"}]}]}<\/script>\n<!-- \/ Yoast SEO Premium plugin. -->","yoast_head_json":{"title":"Duschkabine mit Fl\u00fcgelt\u00fcre - Relax srl","description":"Die klappbare \u00d6ffnung f\u00fcr die Duschkabine ist eine der h\u00e4ufigsten.","robots":{"index":"index","follow":"follow","max-snippet":"max-snippet:-1","max-image-preview":"max-image-preview:large","max-video-preview":"max-video-preview:-1"},"canonical":"https:\/\/relaxsrl.com\/de\/anleitung-zur-auswahl\/duschkabine-mit-fluegeltuere\/","og_locale":"de_DE","og_type":"article","og_title":"Duschkabine mit Fl\u00fcgelt\u00fcre - Relax srl","og_description":"Die klappbare \u00d6ffnung f\u00fcr die Duschkabine ist eine der h\u00e4ufigsten.","og_url":"https:\/\/relaxsrl.com\/de\/anleitung-zur-auswahl\/duschkabine-mit-fluegeltuere\/","og_site_name":"Relax srl","article_modified_time":"2022-11-15T10:14:27+00:00","twitter_card":"summary_large_image","twitter_misc":{"Gesch\u00e4tzte Lesezeit":"6 Minuten"},"schema":{"@context":"https:\/\/schema.org","@graph":[{"@type":"WebSite","@id":"https:\/\/relaxsrl.com\/#website","url":"https:\/\/relaxsrl.com\/","name":"Relax srl","description":"","potentialAction":[{"@type":"SearchAction","target":{"@type":"EntryPoint","urlTemplate":"https:\/\/relaxsrl.com\/?s={search_term_string}"},"query-input":"required name=search_term_string"}],"inLanguage":"de-DE"},{"@type":"ImageObject","inLanguage":"de-DE","@id":"https:\/\/relaxsrl.com\/de\/anleitung-zur-auswahl\/duschkabine-mit-fluegeltuere\/#primaryimage","url":"https:\/\/relaxsrl.com\/website\/wp-content\/uploads\/2021\/09\/WALL_PL_2.jpg","contentUrl":"https:\/\/relaxsrl.com\/website\/wp-content\/uploads\/2021\/09\/WALL_PL_2.jpg","width":900,"height":600,"caption":"box doccia in nicchia minimal con anta battente e lato fisso in linea"},{"@type":"WebPage","@id":"https:\/\/relaxsrl.com\/de\/anleitung-zur-auswahl\/duschkabine-mit-fluegeltuere\/#webpage","url":"https:\/\/relaxsrl.com\/de\/anleitung-zur-auswahl\/duschkabine-mit-fluegeltuere\/","name":"Duschkabine mit Fl\u00fcgelt\u00fcre - Relax srl","isPartOf":{"@id":"https:\/\/relaxsrl.com\/#website"},"primaryImageOfPage":{"@id":"https:\/\/relaxsrl.com\/de\/anleitung-zur-auswahl\/duschkabine-mit-fluegeltuere\/#primaryimage"},"datePublished":"2022-08-10T12:59:40+00:00","dateModified":"2022-11-15T10:14:27+00:00","description":"Die klappbare \u00d6ffnung f\u00fcr die Duschkabine ist eine der h\u00e4ufigsten.","breadcrumb":{"@id":"https:\/\/relaxsrl.com\/de\/anleitung-zur-auswahl\/duschkabine-mit-fluegeltuere\/#breadcrumb"},"inLanguage":"de-DE","potentialAction":[{"@type":"ReadAction","target":["https:\/\/relaxsrl.com\/de\/anleitung-zur-auswahl\/duschkabine-mit-fluegeltuere\/"]}]},{"@type":"BreadcrumbList","@id":"https:\/\/relaxsrl.com\/de\/anleitung-zur-auswahl\/duschkabine-mit-fluegeltuere\/#breadcrumb","itemListElement":[{"@type":"ListItem","position":1,"name":"Anleitung zur Auswahl","item":"https:\/\/relaxsrl.com\/de\/anleitung-zur-auswahl\/"},{"@type":"ListItem","position":2,"name":"Duschkabine mit Fl\u00fcgelt\u00fcre"}]}]}},"_links":{"self":[{"href":"https:\/\/relaxsrl.com\/de\/wp-json\/wp\/v2\/pages\/22681"}],"collection":[{"href":"https:\/\/relaxsrl.com\/de\/wp-json\/wp\/v2\/pages"}],"about":[{"href":"https:\/\/relaxsrl.com\/de\/wp-json\/wp\/v2\/types\/page"}],"author":[{"embeddable":true,"href":"https:\/\/relaxsrl.com\/de\/wp-json\/wp\/v2\/users\/3"}],"replies":[{"embeddable":true,"href":"https:\/\/relaxsrl.com\/de\/wp-json\/wp\/v2\/comments?post=22681"}],"version-history":[{"count":10,"href":"https:\/\/relaxsrl.com\/de\/wp-json\/wp\/v2\/pages\/22681\/revisions"}],"predecessor-version":[{"id":24442,"href":"https:\/\/relaxsrl.com\/de\/wp-json\/wp\/v2\/pages\/22681\/revisions\/24442"}],"up":[{"embeddable":true,"href":"https:\/\/relaxsrl.com\/de\/wp-json\/wp\/v2\/pages\/22678"}],"wp:featuredmedia":[{"embeddable":true,"href":"https:\/\/relaxsrl.com\/de\/wp-json\/wp\/v2\/media\/2304"}],"wp:attachment":[{"href":"https:\/\/relaxsrl.com\/de\/wp-json\/wp\/v2\/media?parent=22681"}],"curies":[{"name":"wp","href":"https:\/\/api.w.org\/{rel}","templated":true}]}}