{"id":22685,"date":"2022-08-10T15:03:03","date_gmt":"2022-08-10T13:03:03","guid":{"rendered":"https:\/\/relaxsrl.com\/anleitung-zur-auswahl\/duschkabine-mit-pivot-tuer\/"},"modified":"2024-11-18T10:58:28","modified_gmt":"2024-11-18T09:58:28","slug":"duschkabine-mit-pivot-tuer","status":"publish","type":"page","link":"https:\/\/relaxsrl.com\/de\/anleitung-zur-auswahl\/duschkabine-mit-pivot-tuer\/","title":{"rendered":"Duschkabine mit Pivot T\u00fcr"},"content":{"rendered":"<p>[vc_row full_width=&#8220;stretch_row&#8220; content_placement=&#8220;middle&#8220; el_class=&#8220;intro-row intro-row-grey&#8220;][vc_column][vc_column_text]<\/p>\n<h1>Duschkabine mit Pivot T\u00fcr<\/h1>\n<p>[\/vc_column_text][\/vc_column][\/vc_row][vc_row el_class=&#8220;row-path&#8220;][vc_column][vc_column_text][\/vc_column_text][\/vc_column][\/vc_row][vc_row][vc_column][vc_single_image image=&#8220;31271&#8243; img_size=&#8220;full&#8220;][\/vc_column][\/vc_row][vc_row][vc_column width=&#8220;1\/6&#8243;][\/vc_column][vc_column width=&#8220;2\/3&#8243;][vc_empty_space height=&#8220;40px&#8220;][vc_column_text el_class=&#8220;txt-blue abstract weight500&#8243;]Die Pivot-T\u00fcr f\u00fcr die Eck- oder Nischenduschkabinen ist eine begehrte L\u00f6sung \u2013 ideal, wenn an der Wand parallel zur \u00d6ffnung ein K\u00fchler angebracht ist.[\/vc_column_text][vc_empty_space height=&#8220;35px&#8220;][\/vc_column][\/vc_row][vc_row][vc_column width=&#8220;1\/6&#8243;][\/vc_column][vc_column width=&#8220;2\/3&#8243;][vc_column_text]<\/p>\n<ul>\n<li><a class=\"link-interno link-interno-paragrafo-1\" href=\"#\">Pivot T\u00fcre: Eigenschaften<\/a><\/li>\n<li><a class=\"link-interno link-interno-paragrafo-2\" href=\"#\">Pivot T\u00fcr: Ma\u00dfe<\/a><\/li>\n<\/ul>\n<p>[\/vc_column_text][vc_empty_space height=&#8220;40px&#8220;][\/vc_column][\/vc_row][vc_row el_id=&#8220;paragrafo-1&#8243;][vc_column width=&#8220;1\/6&#8243;][\/vc_column][vc_column width=&#8220;2\/3&#8243;][vc_column_text]<\/p>\n<h2>Pivot T\u00fcre: Merkmale<\/h2>\n<p>Der Duschkabinenraum mit Pivot-\u00d6ffnung hat sowohl im Innen- als auch im Au\u00dfenbereich eine T\u00fcr, die sich je nach Modell auf Schrauben, die in einem Abstand von 9 cm bis 18 cm von der Wand montiert sind. Dadurch verringert sich der nutzbare Eintrittsraum.<br \/>\nNach dem \u00d6ffnen der T\u00fcr, die gegen\u00fcber der Wand dezentral ist, stellt sie sich zur Wand hin, ohne gegen sie zu sto\u00dfen. Ideal ist es also, wenn dieser Platz mit einem Wandk\u00fchler oder einer Handtuchhalterung belegt werden soll.[\/vc_column_text][vc_empty_space height=&#8220;40px&#8220;][\/vc_column][\/vc_row][vc_row el_id=&#8220;paragrafo-2&#8243;][vc_column width=&#8220;1\/6&#8243;][\/vc_column][vc_column width=&#8220;2\/3&#8243;][vc_column_text]<\/p>\n<h2>Pivot T\u00fcre: Ma\u00dfe<\/h2>\n<p>Die Duschkabine mit Pivot-T\u00fcr ist eine bevorzugte L\u00f6sung, die in der Regel mit 6- oder 8-mm-Gl\u00e4sern angeboten wird. Da das Gewicht der T\u00fcre nur an zwei Stellen entladen wird, d. h. Stellen, an denen die Stifte angebracht sind, gibt es pr\u00e4zise Grenzen f\u00fcr:<\/p>\n<ul>\n<li>Maximale Breite von 100 cm, sodass gro\u00dfe Duschen immer mit einem festen Teil an der T\u00fcr befestigt werden k\u00f6nnen, der bis zu erheblichen Abmessungen variieren kann<\/li>\n<li>Deshalb wird je nach gew\u00fcnschter Gr\u00f6\u00dfe die maximale Breite berechnet, um den Qualit\u00e4tsstandards zu entsprechen, z. B. Relax folgt den Standard Tuv S\u00fcd, die 20.000 \u00d6ffnungen und Verschl\u00fcsse pro T\u00fcre garantieren<\/li>\n<\/ul>\n<p>[\/vc_column_text][vc_empty_space height=&#8220;40px&#8220;][\/vc_column][\/vc_row][vc_row][vc_column][vc_empty_space height=&#8220;50px&#8220;][vc_column_text]<\/p>\n<h3 style=\"text-align: center;\">Einige Beispiele von Relax Duscht\u00fcren<\/h3>\n<p>[\/vc_column_text][vc_empty_space height=&#8220;30px&#8220;]<div class=\"woocommerce columns-4 \"><ul class=\"products columns-4\">\n<li class=\"product type-product post-21196 status-publish first instock product_cat-angolare-en product_cat-angolare-de-2 product_cat-angolare-de product_cat-guide-de-selection-angulaire product_cat-angulaire product_cat-selection-guide-angular product_cat-box-doccia-en product_cat-box-doccia-de product_cat-box-doccia-lineare product_cat-cabine-de-douche product_cat-guide-de-selection-cabine-de-douche-lineaire product_cat-collections product_cat-collections-en product_cat-selection-guide-en product_cat-guida-alla-scelta-de product_cat-guide-de-selection product_cat-kubik-en product_cat-kubik-fr product_cat-kubik-de product_cat-kubik-ru product_cat-selection-guide-linear-shower-enclosures product_cat-pivot-de product_cat-angulaire-pivot product_cat-guide-de-selection-pivot product_cat-pivot-de-4 product_cat-selection-guide-pivot product_cat-angular-pivot product_cat-collezioni-de product_cat-tipologia-prodotto-de product_cat-tipologia-prodotto-en product_cat-type-de-produit product_cat-1618 product_cat-1568 product_cat-1601 product_cat-1628 product_cat-1609 product_cat-1594 product_cat-1617 product_cat-1596 product_cat-1626 has-post-thumbnail shipping-taxable product-type-simple\">\n\t<div class=\"woocommerce-loop-product__short_description\" itemprop=\"description\"><a href=\"https:\/\/relaxsrl.com\/de\/produkt\/kubik-ab-kubik-f\/\" class=\"woocommerce-LoopProduct-link woocommerce-loop-product__link\"><p>Duschabtrennung mit Schwenkt\u00fcr, mit \u00d6ffnung nach innen und au\u00dfen.<\/p>\n<\/a><\/div><\/li>\n<li class=\"product type-product post-21199 status-publish instock product_cat-angolare-de product_cat-angolare-en product_cat-angulaire product_cat-box-doccia-de product_cat-box-doccia-en product_cat-cabine-de-douche product_cat-collections product_cat-collections-en product_cat-selection-guide-en product_cat-guida-alla-scelta-de product_cat-guide-de-selection product_cat-kubik-en product_cat-kubik-fr product_cat-kubik-ru product_cat-kubik-de product_cat-pivot-de product_cat-selection-guide-pivot product_cat-pivot-de-4 product_cat-angular-pivot product_cat-angulaire-pivot product_cat-guide-de-selection-pivot product_cat-collezioni-de product_cat-tipologia-prodotto-en product_cat-tipologia-prodotto-de product_cat-type-de-produit product_cat-1618 product_cat-1568 product_cat-1628 product_cat-1609 product_cat-1594 product_cat-1617 product_cat-1626 has-post-thumbnail shipping-taxable product-type-simple\">\n\t<div class=\"woocommerce-loop-product__short_description\" itemprop=\"description\"><a href=\"https:\/\/relaxsrl.com\/de\/produkt\/kubik-pa-kubik-f\/\" class=\"woocommerce-LoopProduct-link woocommerce-loop-product__link\"><p>Duschabtrennung mit fester und schwenkbarer T\u00fcr mit Innen- und Au\u00dfen\u00f6ffnung und Schwenk\u00f6ffnung.<\/p>\n<\/a><\/div><\/li>\n<li class=\"product type-product post-21100 status-publish instock product_cat-3-lati-fr product_cat-3-lati-de product_cat-3-lati-en product_cat-3- product_cat-box-doccia-de product_cat-box-doccia-en product_cat-cabine-de-douche product_cat-collections product_cat-collections-en product_cat-selection-guide-en product_cat-guida-alla-scelta-de product_cat-guide-de-selection product_cat-nicchia-de product_cat-niche-fr product_cat-niche product_cat-selection-guide-pivot product_cat-guide-de-selection-pivot product_cat-pivot-de-2 product_cat-pivot product_cat-niche-pivot product_cat-pivot-de-3 product_cat-pivot-de-4 product_cat-niche-pivot-fr product_cat-collezioni-de product_cat-tipologia-prodotto-en product_cat-tipologia-prodotto-de product_cat-type-de-produit product_cat-unico-fr product_cat-unico-ru product_cat-unico-de product_cat-unico-en product_cat-1618 product_cat-1568 product_cat-1637 product_cat-3--- product_cat-1631 product_cat-1609 product_cat-1594 product_cat-1617 has-post-thumbnail shipping-taxable product-type-simple\">\n\t<div class=\"woocommerce-loop-product__short_description\" itemprop=\"description\"><a href=\"https:\/\/relaxsrl.com\/de\/produkt\/unico-b1\/\" class=\"woocommerce-LoopProduct-link woocommerce-loop-product__link\"><p>Duschabtrennung in Nische mit Fl\u00fcgelt\u00fcr und anpassbarem oberen Zierprofil.<\/p>\n<\/a><\/div><\/li>\n<\/ul>\n<\/div>[\/vc_column][\/vc_row][vc_row full_width=&#8220;stretch_row_content_no_spaces&#8220; equal_height=&#8220;yes&#8220; content_placement=&#8220;middle&#8220; el_class=&#8220;row-over-footer row-cta-over-footer&#8220;][vc_column width=&#8220;1\/2&#8243;][vc_single_image image=&#8220;31281&#8243; img_size=&#8220;full&#8220;][\/vc_column][vc_column width=&#8220;1\/2&#8243; css=&#8220;.vc_custom_1632907596628{background-image: url(http:\/\/relaxsrl.com\/wp-content\/uploads\/2021\/09\/cta-pivot-opaco.jpg?id=2342) !important;background-position: center !important;background-repeat: no-repeat !important;background-size: cover !important;}&#8220; el_class=&#8220;row-cta-over-footer-col-text&#8220;][vc_row_inner][vc_column_inner width=&#8220;1\/4&#8243;][\/vc_column_inner][vc_column_inner width=&#8220;1\/2&#8243;][vc_column_text]<\/p>\n<h2 style=\"text-align: center;\">Duschkabinen mit T\u00fcren von Relax entdecken<\/h2>\n<p style=\"text-align: center;\">Mit dem Duschkabinenkonfigurator Relax sehen Sie unsere Vorschl\u00e4ge f\u00fcr Pivot-Kabinen<\/p>\n<p>[\/vc_column_text][vc_btn title=&#8220;GEHEN SIE ZUM KONFIGURATOR&#8220; style=&#8220;classic&#8220; shape=&#8220;square&#8220; color=&#8220;white&#8220; align=&#8220;center&#8220; el_class=&#8220;btn-default-white&#8220; link=&#8220;url:https%3A%2F%2Frelaxsrl.com%2Fde%2Fprodukte%2Fkonfigurator%2F|title:Konfigurator&#8220;][\/vc_column_inner][vc_column_inner width=&#8220;1\/4&#8243;][\/vc_column_inner][\/vc_row_inner][\/vc_column][\/vc_row]<\/p>\n","protected":false},"excerpt":{"rendered":"<p>[vc_row full_width=&#8220;stretch_row&#8220; content_placement=&#8220;middle&#8220; el_class=&#8220;intro-row intro-row-grey&#8220;][vc_column][vc_column_text] Duschkabine mit Pivot T\u00fcr [\/vc_column_text][\/vc_column][\/vc_row][vc_row el_class=&#8220;row-path&#8220;][vc_column][vc_column_text][\/vc_column_text][\/vc_column][\/vc_row][vc_row][vc_column][vc_single_image image=&#8220;31271&#8243; img_size=&#8220;full&#8220;][\/vc_column][\/vc_row][vc_row][vc_column width=&#8220;1\/6&#8243;][\/vc_column][vc_column width=&#8220;2\/3&#8243;][vc_empty_space height=&#8220;40px&#8220;][vc_column_text el_class=&#8220;txt-blue abstract weight500&#8243;]Die Pivot-T\u00fcr f\u00fcr die Eck- oder Nischenduschkabinen ist eine begehrte L\u00f6sung \u2013 ideal, wenn an der Wand parallel zur \u00d6ffnung ein K\u00fchler angebracht ist.[\/vc_column_text][vc_empty_space height=&#8220;35px&#8220;][\/vc_column][\/vc_row][vc_row][vc_column width=&#8220;1\/6&#8243;][\/vc_column][vc_column width=&#8220;2\/3&#8243;][vc_column_text] Pivot T\u00fcre: Eigenschaften Pivot T\u00fcr: Ma\u00dfe [\/vc_column_text][vc_empty_space height=&#8220;40px&#8220;][\/vc_column][\/vc_row][vc_row el_id=&#8220;paragrafo-1&#8243;][vc_column width=&#8220;1\/6&#8243;][\/vc_column][vc_column [&hellip;]<\/p>\n","protected":false},"author":3,"featured_media":31271,"parent":22678,"menu_order":0,"comment_status":"closed","ping_status":"closed","template":"","meta":[],"acf":[],"yoast_head":"<!-- This site is optimized with the Yoast SEO Premium plugin v18.4 (Yoast SEO v18.8) - https:\/\/yoast.com\/wordpress\/plugins\/seo\/ -->\n<title>Duschkabine mit Pivot T\u00fcr - Relax srl<\/title>\n<meta name=\"description\" content=\"Die Schwenkt\u00fcr f\u00fcr Eck- oder Nischenduschabtrennungen ist eine ideale L\u00f6sung, wenn ein Objekt parallel zur \u00d6ffnung an der Wand montiert wird.\" \/>\n<meta name=\"robots\" content=\"index, follow, max-snippet:-1, max-image-preview:large, max-video-preview:-1\" \/>\n<link rel=\"canonical\" href=\"https:\/\/relaxsrl.com\/de\/anleitung-zur-auswahl\/duschkabine-mit-pivot-tuer\/\" \/>\n<meta property=\"og:locale\" content=\"de_DE\" \/>\n<meta property=\"og:type\" content=\"article\" \/>\n<meta property=\"og:title\" content=\"Duschkabine mit Pivot T\u00fcr - Relax srl\" \/>\n<meta property=\"og:description\" content=\"Die Schwenkt\u00fcr f\u00fcr Eck- oder Nischenduschabtrennungen ist eine ideale L\u00f6sung, wenn ein Objekt parallel zur \u00d6ffnung an der Wand montiert wird.\" \/>\n<meta property=\"og:url\" content=\"https:\/\/relaxsrl.com\/de\/anleitung-zur-auswahl\/duschkabine-mit-pivot-tuer\/\" \/>\n<meta property=\"og:site_name\" content=\"Relax srl\" \/>\n<meta property=\"article:modified_time\" content=\"2024-11-18T09:58:28+00:00\" \/>\n<meta property=\"og:image\" content=\"https:\/\/relaxsrl.com\/website\/wp-content\/uploads\/2024\/11\/APERTURA_1.jpg\" \/>\n\t<meta property=\"og:image:width\" content=\"1920\" \/>\n\t<meta property=\"og:image:height\" content=\"1080\" \/>\n\t<meta property=\"og:image:type\" content=\"image\/jpeg\" \/>\n<meta name=\"twitter:card\" content=\"summary_large_image\" \/>\n<meta name=\"twitter:label1\" content=\"Gesch\u00e4tzte Lesezeit\" \/>\n\t<meta name=\"twitter:data1\" content=\"2 Minuten\" \/>\n<script type=\"application\/ld+json\" class=\"yoast-schema-graph\">{\"@context\":\"https:\/\/schema.org\",\"@graph\":[{\"@type\":\"WebSite\",\"@id\":\"https:\/\/relaxsrl.com\/#website\",\"url\":\"https:\/\/relaxsrl.com\/\",\"name\":\"Relax srl\",\"description\":\"\",\"potentialAction\":[{\"@type\":\"SearchAction\",\"target\":{\"@type\":\"EntryPoint\",\"urlTemplate\":\"https:\/\/relaxsrl.com\/?s={search_term_string}\"},\"query-input\":\"required name=search_term_string\"}],\"inLanguage\":\"de-DE\"},{\"@type\":\"ImageObject\",\"inLanguage\":\"de-DE\",\"@id\":\"https:\/\/relaxsrl.com\/de\/anleitung-zur-auswahl\/duschkabine-mit-pivot-tuer\/#primaryimage\",\"url\":\"https:\/\/relaxsrl.com\/website\/wp-content\/uploads\/2024\/11\/APERTURA_1.jpg\",\"contentUrl\":\"https:\/\/relaxsrl.com\/website\/wp-content\/uploads\/2024\/11\/APERTURA_1.jpg\",\"width\":1920,\"height\":1080},{\"@type\":\"WebPage\",\"@id\":\"https:\/\/relaxsrl.com\/de\/anleitung-zur-auswahl\/duschkabine-mit-pivot-tuer\/#webpage\",\"url\":\"https:\/\/relaxsrl.com\/de\/anleitung-zur-auswahl\/duschkabine-mit-pivot-tuer\/\",\"name\":\"Duschkabine mit Pivot T\u00fcr - Relax srl\",\"isPartOf\":{\"@id\":\"https:\/\/relaxsrl.com\/#website\"},\"primaryImageOfPage\":{\"@id\":\"https:\/\/relaxsrl.com\/de\/anleitung-zur-auswahl\/duschkabine-mit-pivot-tuer\/#primaryimage\"},\"datePublished\":\"2022-08-10T13:03:03+00:00\",\"dateModified\":\"2024-11-18T09:58:28+00:00\",\"description\":\"Die Schwenkt\u00fcr f\u00fcr Eck- oder Nischenduschabtrennungen ist eine ideale L\u00f6sung, wenn ein Objekt parallel zur \u00d6ffnung an der Wand montiert wird.\",\"breadcrumb\":{\"@id\":\"https:\/\/relaxsrl.com\/de\/anleitung-zur-auswahl\/duschkabine-mit-pivot-tuer\/#breadcrumb\"},\"inLanguage\":\"de-DE\",\"potentialAction\":[{\"@type\":\"ReadAction\",\"target\":[\"https:\/\/relaxsrl.com\/de\/anleitung-zur-auswahl\/duschkabine-mit-pivot-tuer\/\"]}]},{\"@type\":\"BreadcrumbList\",\"@id\":\"https:\/\/relaxsrl.com\/de\/anleitung-zur-auswahl\/duschkabine-mit-pivot-tuer\/#breadcrumb\",\"itemListElement\":[{\"@type\":\"ListItem\",\"position\":1,\"name\":\"Anleitung zur Auswahl\",\"item\":\"https:\/\/relaxsrl.com\/de\/anleitung-zur-auswahl\/\"},{\"@type\":\"ListItem\",\"position\":2,\"name\":\"Duschkabine mit Pivot T\u00fcr\"}]}]}<\/script>\n<!-- \/ Yoast SEO Premium plugin. -->","yoast_head_json":{"title":"Duschkabine mit Pivot T\u00fcr - Relax srl","description":"Die Schwenkt\u00fcr f\u00fcr Eck- oder Nischenduschabtrennungen ist eine ideale L\u00f6sung, wenn ein Objekt parallel zur \u00d6ffnung an der Wand montiert wird.","robots":{"index":"index","follow":"follow","max-snippet":"max-snippet:-1","max-image-preview":"max-image-preview:large","max-video-preview":"max-video-preview:-1"},"canonical":"https:\/\/relaxsrl.com\/de\/anleitung-zur-auswahl\/duschkabine-mit-pivot-tuer\/","og_locale":"de_DE","og_type":"article","og_title":"Duschkabine mit Pivot T\u00fcr - Relax srl","og_description":"Die Schwenkt\u00fcr f\u00fcr Eck- oder Nischenduschabtrennungen ist eine ideale L\u00f6sung, wenn ein Objekt parallel zur \u00d6ffnung an der Wand montiert wird.","og_url":"https:\/\/relaxsrl.com\/de\/anleitung-zur-auswahl\/duschkabine-mit-pivot-tuer\/","og_site_name":"Relax srl","article_modified_time":"2024-11-18T09:58:28+00:00","og_image":[{"width":1920,"height":1080,"url":"https:\/\/relaxsrl.com\/website\/wp-content\/uploads\/2024\/11\/APERTURA_1.jpg","type":"image\/jpeg"}],"twitter_card":"summary_large_image","twitter_misc":{"Gesch\u00e4tzte Lesezeit":"2 Minuten"},"schema":{"@context":"https:\/\/schema.org","@graph":[{"@type":"WebSite","@id":"https:\/\/relaxsrl.com\/#website","url":"https:\/\/relaxsrl.com\/","name":"Relax srl","description":"","potentialAction":[{"@type":"SearchAction","target":{"@type":"EntryPoint","urlTemplate":"https:\/\/relaxsrl.com\/?s={search_term_string}"},"query-input":"required name=search_term_string"}],"inLanguage":"de-DE"},{"@type":"ImageObject","inLanguage":"de-DE","@id":"https:\/\/relaxsrl.com\/de\/anleitung-zur-auswahl\/duschkabine-mit-pivot-tuer\/#primaryimage","url":"https:\/\/relaxsrl.com\/website\/wp-content\/uploads\/2024\/11\/APERTURA_1.jpg","contentUrl":"https:\/\/relaxsrl.com\/website\/wp-content\/uploads\/2024\/11\/APERTURA_1.jpg","width":1920,"height":1080},{"@type":"WebPage","@id":"https:\/\/relaxsrl.com\/de\/anleitung-zur-auswahl\/duschkabine-mit-pivot-tuer\/#webpage","url":"https:\/\/relaxsrl.com\/de\/anleitung-zur-auswahl\/duschkabine-mit-pivot-tuer\/","name":"Duschkabine mit Pivot T\u00fcr - Relax srl","isPartOf":{"@id":"https:\/\/relaxsrl.com\/#website"},"primaryImageOfPage":{"@id":"https:\/\/relaxsrl.com\/de\/anleitung-zur-auswahl\/duschkabine-mit-pivot-tuer\/#primaryimage"},"datePublished":"2022-08-10T13:03:03+00:00","dateModified":"2024-11-18T09:58:28+00:00","description":"Die Schwenkt\u00fcr f\u00fcr Eck- oder Nischenduschabtrennungen ist eine ideale L\u00f6sung, wenn ein Objekt parallel zur \u00d6ffnung an der Wand montiert wird.","breadcrumb":{"@id":"https:\/\/relaxsrl.com\/de\/anleitung-zur-auswahl\/duschkabine-mit-pivot-tuer\/#breadcrumb"},"inLanguage":"de-DE","potentialAction":[{"@type":"ReadAction","target":["https:\/\/relaxsrl.com\/de\/anleitung-zur-auswahl\/duschkabine-mit-pivot-tuer\/"]}]},{"@type":"BreadcrumbList","@id":"https:\/\/relaxsrl.com\/de\/anleitung-zur-auswahl\/duschkabine-mit-pivot-tuer\/#breadcrumb","itemListElement":[{"@type":"ListItem","position":1,"name":"Anleitung zur Auswahl","item":"https:\/\/relaxsrl.com\/de\/anleitung-zur-auswahl\/"},{"@type":"ListItem","position":2,"name":"Duschkabine mit Pivot T\u00fcr"}]}]}},"_links":{"self":[{"href":"https:\/\/relaxsrl.com\/de\/wp-json\/wp\/v2\/pages\/22685"}],"collection":[{"href":"https:\/\/relaxsrl.com\/de\/wp-json\/wp\/v2\/pages"}],"about":[{"href":"https:\/\/relaxsrl.com\/de\/wp-json\/wp\/v2\/types\/page"}],"author":[{"embeddable":true,"href":"https:\/\/relaxsrl.com\/de\/wp-json\/wp\/v2\/users\/3"}],"replies":[{"embeddable":true,"href":"https:\/\/relaxsrl.com\/de\/wp-json\/wp\/v2\/comments?post=22685"}],"version-history":[{"count":6,"href":"https:\/\/relaxsrl.com\/de\/wp-json\/wp\/v2\/pages\/22685\/revisions"}],"predecessor-version":[{"id":31295,"href":"https:\/\/relaxsrl.com\/de\/wp-json\/wp\/v2\/pages\/22685\/revisions\/31295"}],"up":[{"embeddable":true,"href":"https:\/\/relaxsrl.com\/de\/wp-json\/wp\/v2\/pages\/22678"}],"wp:featuredmedia":[{"embeddable":true,"href":"https:\/\/relaxsrl.com\/de\/wp-json\/wp\/v2\/media\/31271"}],"wp:attachment":[{"href":"https:\/\/relaxsrl.com\/de\/wp-json\/wp\/v2\/media?parent=22685"}],"curies":[{"name":"wp","href":"https:\/\/api.w.org\/{rel}","templated":true}]}}