{"id":22693,"date":"2022-08-10T15:12:09","date_gmt":"2022-08-10T13:12:09","guid":{"rendered":"https:\/\/relaxsrl.com\/anleitung-zur-auswahl\/duschkabine-mit-saloon-tuer\/"},"modified":"2022-11-18T12:06:58","modified_gmt":"2022-11-18T11:06:58","slug":"duschkabine-mit-saloon-tuer","status":"publish","type":"page","link":"https:\/\/relaxsrl.com\/de\/anleitung-zur-auswahl\/duschkabine-mit-saloon-tuer\/","title":{"rendered":"Duschkabine mit Saloon T\u00fcr"},"content":{"rendered":"<p>[vc_row full_width=&#8220;stretch_row&#8220; content_placement=&#8220;middle&#8220; el_class=&#8220;intro-row intro-row-grey&#8220;][vc_column][vc_column_text]<\/p>\n<h1>Duschkabine mit Saloon T\u00fcr<\/h1>\n<p>[\/vc_column_text][\/vc_column][\/vc_row][vc_row el_class=&#8220;row-path&#8220;][vc_column][vc_column_text][\/vc_column_text][\/vc_column][\/vc_row][vc_row][vc_column][vc_single_image image=&#8220;2350&#8243; img_size=&#8220;full&#8220;][\/vc_column][\/vc_row][vc_row][vc_column width=&#8220;1\/6&#8243;][\/vc_column][vc_column width=&#8220;2\/3&#8243;][vc_empty_space height=&#8220;40px&#8220;][vc_column_text el_class=&#8220;txt-blue abstract weight500&#8243;]Die Duschkabine mit zwei Saloon-T\u00fcren erm\u00f6glicht eine 180\u00b0 \u00d6ffnung beider T\u00fcren, sowohl nach au\u00dfen als auch nach innen. Auf diese Weise wird der Platz im Raum \u00fcberhaupt nicht verschwendet.[\/vc_column_text][vc_empty_space height=&#8220;35px&#8220;][\/vc_column][\/vc_row][vc_row][vc_column width=&#8220;1\/6&#8243;][\/vc_column][vc_column width=&#8220;2\/3&#8243;][vc_column_text]<\/p>\n<ul>\n<li><a class=\"link-interno link-interno-paragrafo-1\" href=\"#\">Merkmale der Saloon T\u00fcr<\/a><\/li>\n<li>Duschkabinen mit Saloon T\u00fcr\n<ul>\n<li><a class=\"link-interno link-interno-paragrafo-2\" href=\"#\">Duschkabinen mit Rahmen<\/a><\/li>\n<li><a class=\"link-interno link-interno-paragrafo-3\" href=\"#\">Duschkabinen ohne Rahmen<\/a><\/li>\n<\/ul>\n<\/li>\n<li><a class=\"link-interno link-interno-paragrafo-4\" href=\"#\">Vorteile der Saloon T\u00fcr<\/a><\/li>\n<li><a class=\"link-interno link-interno-paragrafo-5\" href=\"#\">Das sollten Sie vermeiden<\/a><\/li>\n<\/ul>\n<p>[\/vc_column_text][vc_empty_space height=&#8220;40px&#8220;][\/vc_column][\/vc_row][vc_row el_id=&#8220;paragrafo-1&#8243;][vc_column width=&#8220;1\/6&#8243;][\/vc_column][vc_column width=&#8220;2\/3&#8243;][vc_column_text]<\/p>\n<h2>Merkmale der Saloon-T\u00fcr<\/h2>\n<p>Wie der Name schon sagt, zeichnet sich diese Duschkabine durch zwei voneinander unabh\u00e4ngige T\u00fcren aus, die sich sowohl nach innen als auch nach au\u00dfen \u00f6ffnen lassen, wie die T\u00fcren des \u00f6ffentlichen Lokals in unz\u00e4hligen Westernfilmen.<br \/>\nSie sind bei kleinen Badezimmern sehr gefragt. Die Saloon-T\u00fcr ist eine platzsparende L\u00f6sung, da sie sich fast vollst\u00e4ndig \u00f6ffnet und somit die nutzbare Eintrittsfl\u00e4che maximiert. Saloon-T\u00fcren werden in der Regel mit Glas mit einer Dicke von 4 mm oder 6 mm angeboten.[\/vc_column_text][vc_empty_space height=&#8220;40px&#8220;][\/vc_column][\/vc_row][vc_row][vc_column width=&#8220;1\/6&#8243;][\/vc_column][vc_column width=&#8220;2\/3&#8243;][vc_column_text]<\/p>\n<h2>Duschkabinen mit Saloon-T\u00fcr<\/h2>\n<p>[\/vc_column_text][vc_empty_space height=&#8220;20px&#8220;][\/vc_column][\/vc_row][vc_row el_id=&#8220;paragrafo-2&#8243;][vc_column width=&#8220;1\/6&#8243;][\/vc_column][vc_column width=&#8220;2\/3&#8243;][vc_column_text]<\/p>\n<h3>Duschkabine mit Rahmen<\/h3>\n<p>Die Duschkabine mit Rahmen und Saloon-T\u00fcren ist in Nischen, Winkel oder 3 Seiten montiert. Sie ist mit Scharnieren ausgestattet, die alle im Au\u00dfenbereich in der Umrandung arbeiten, oder sie kann Bolzen verwenden, wobei Letzteres die Positionierung des K\u00fchlers oder des Reinigungstuch-Halters in der Wand erm\u00f6glicht, ohne dass die ge\u00f6ffnete T\u00fcr diese zuf\u00e4llig trifft und zerbricht oder besch\u00e4digt wird. Rahmenmontierte Scharniere sind die g\u00e4ngigste L\u00f6sung, da der Rahmen dem Duschk\u00f6rper Festigkeit verleiht und das Profil im unteren Teil des Rahmens das Entweichen von Wasser verhindert. Im Rahmen der Qualit\u00e4tstests von Relax \u00fcbertreffen Duschkabinen mit Rahmen die Duschkabinen mit Wasserdichtigkeit sehr leicht.[\/vc_column_text][vc_empty_space height=&#8220;20px&#8220;][\/vc_column][\/vc_row][vc_row el_id=&#8220;paragrafo-3&#8243;][vc_column width=&#8220;1\/6&#8243;][\/vc_column][vc_column width=&#8220;2\/3&#8243;][vc_column_text]<\/p>\n<h3>Duschkabine ohne Rahmen<\/h3>\n<p>Die Duschkabine ohne Rahmen und Saloon-T\u00fcren, die in Nischen- oder Eckkabinen verwendet wird, kommt denjenigen entgegen, die eine Duschkabine mit Saloon-T\u00fcren, die durch das Vorhandensein von zwei Glaspanels benachteiligt ist, \u00e4sthetisch finden. Die Version ohne Rahmen macht die Duschkabine optisch weniger schwer. In diesem Fall werden die Scharniere direkt an der Wand montiert, und die Wasserdichtigkeit wird durch die im unteren Teil angebrachten Beschl\u00e4ge gew\u00e4hrleistet. Um einen vorzeitigen Verschlei\u00df durch Kriechen in das untere minimale Dammprofil oder in die Duschplatte zu vermeiden, sind die Rei\u00dfverschl\u00fcsse mit einem Aufsatz versehen, wenn diese b\u00fcndig am Boden befestigt sind. Au\u00dferdem sorgt dieses System f\u00fcr eine bessere Ausrichtung der T\u00fcren und somit f\u00fcr eine bessere Wasseraufnahme.[\/vc_column_text][vc_empty_space height=&#8220;40px&#8220;][\/vc_column][\/vc_row][vc_row el_id=&#8220;paragrafo-4&#8243;][vc_column width=&#8220;1\/6&#8243;][\/vc_column][vc_column width=&#8220;2\/3&#8243;][vc_column_text]<\/p>\n<h2>Vorteile der Saloon-T\u00fcr<\/h2>\n<p>Auf einem vertikalen Profil montiert, damit sie um 180\u00b0 um sich selbst drehen kann, ist sie sehr einfach zu bedienen, denn sie braucht nur einen Schub und \u00f6ffnet sich innen oder au\u00dfen komplett. Im ersten Fall erleichtert es die Reinigung, im zweiten Fall erleichtert es das Abtropfen in den Duschraum und nicht auf dem Boden und l\u00f6st bei wenig Platz das \u00d6ffnen. Deshalb ist sie als platzsparende Duschkabine f\u00fcr kleine B\u00e4der eine gute L\u00f6sung. Der einfache und sofortige Zugang zur Duschkabine ist praktisch f\u00fcr Personen mit motorischen Schwierigkeiten.[\/vc_column_text][vc_empty_space height=&#8220;40px&#8220;][\/vc_column][\/vc_row][vc_row el_id=&#8220;paragrafo-5&#8243;][vc_column width=&#8220;1\/6&#8243;][\/vc_column][vc_column width=&#8220;2\/3&#8243;][vc_column_text]<\/p>\n<h2>Das sollten Sie vermeiden<\/h2>\n<p>Ist der Au\u00dfenbereich der Duschkabine begrenzt oder mit anderen Einrichtungsgegenst\u00e4nden belegt, kann die Saloon-T\u00fcr nur innen ge\u00f6ffnet werden und die Reinigung wird dadurch erschwert. Wenn die T\u00fcren nach au\u00dfen ge\u00f6ffnet sind, ist das Abtropfen auf dem Boden unvermeidlich. Die Auswahl ist zu vermeiden, wenn die Duschkabine eine Tiefe von weniger als 70\/80 cm aufweist, noch mehr, wenn der Duschkopf vor dem Eingang der Kabinen steht und dadurch zu einem Hindernis wird.[\/vc_column_text][vc_empty_space height=&#8220;40px&#8220;][\/vc_column][\/vc_row][vc_row][vc_column][vc_empty_space height=&#8220;50px&#8220;][vc_column_text]<\/p>\n<h3 style=\"text-align: center;\">Einige Beispiele von Saloont\u00fcren Relax<\/h3>\n<p>[\/vc_column_text][vc_empty_space height=&#8220;30px&#8220;]<div class=\"woocommerce columns-4 \"><ul class=\"products columns-4\">\n<li class=\"product type-product post-21125 status-publish first instock product_cat-3-lati-en product_cat-3-lati-fr product_cat-3-lati-de product_cat-3- product_cat-box-doccia-de product_cat-box-doccia-en product_cat-cabine-de-douche product_cat-collections-en product_cat-collections product_cat-guida-alla-scelta-de product_cat-selection-guide-en product_cat-guide-de-selection product_cat-light-de product_cat-light-en product_cat-light-ru product_cat-light-fr product_cat-nicchia-de product_cat-niche-fr product_cat-niche product_cat-saloon-de-4 product_cat-niche-saloon product_cat-niche-saloon-fr product_cat-saloon product_cat-guide-de-selection-saloon product_cat-saloon-de-2 product_cat-saloon-de-3 product_cat-selection-guide-saloon product_cat-collezioni-de product_cat-tipologia-prodotto-de product_cat-tipologia-prodotto-en product_cat-type-de-produit product_cat-1618 product_cat-1568 product_cat-1637 product_cat-1594 product_cat-1630 product_cat-1612 product_cat-3--- product_cat-1617 has-post-thumbnail shipping-taxable product-type-simple\">\n\t<div class=\"woocommerce-loop-product__short_description\" itemprop=\"description\"><a href=\"https:\/\/relaxsrl.com\/de\/produkt\/light-b2\/\" class=\"woocommerce-LoopProduct-link woocommerce-loop-product__link\"><p>Box doccia senza profili con porta saloon.<\/p>\n<\/a><\/div><\/li>\n<li class=\"product type-product post-21088 status-publish instock product_cat-3-lati-de product_cat-3-lati-fr product_cat-3- product_cat-box-doccia-de product_cat-cabine-de-douche product_cat-collections product_cat-guida-alla-scelta-de product_cat-guide-de-selection product_cat-nicchia-de product_cat-niche-fr product_cat-saloon-de-2 product_cat-saloon-de-3 product_cat-niche-saloon-fr product_cat-saloon-de-4 product_cat-guide-de-selection-saloon product_cat-saloon product_cat-collezioni-de product_cat-smart-fr product_cat-smart-ru product_cat-smart-de product_cat-tipologia-prodotto-de product_cat-type-de-produit product_cat-1618 product_cat-1568 product_cat-1637 product_cat-1594 product_cat-3--- product_cat-1630 product_cat-1612 product_cat-1617 has-post-thumbnail shipping-taxable product-type-simple\">\n\t<div class=\"woocommerce-loop-product__short_description\" itemprop=\"description\"><a href=\"https:\/\/relaxsrl.com\/de\/produkt\/smart-b2\/\" class=\"woocommerce-LoopProduct-link woocommerce-loop-product__link\"><p>Duschabtrennung in Nische mit Salont\u00fcr und mit T\u00fcrhebesystem.<\/p>\n<\/a><\/div><\/li>\n<li class=\"product type-product post-21070 status-publish instock product_cat-3-lati-de product_cat-3-lati-en product_cat-3-lati-fr product_cat-3- product_cat-angolare-en product_cat-angolare-de product_cat-angulaire product_cat-box-doccia-de product_cat-box-doccia-en product_cat-cabine-de-douche product_cat-collections-en product_cat-collections product_cat-selection-guide-en product_cat-guida-alla-scelta-de product_cat-guide-de-selection product_cat-lyra-en product_cat-lyra-fr product_cat-lyra-de product_cat-lyra-ru product_cat-saloon product_cat-saloon-de product_cat-selection-guide-saloon product_cat-saloon-de-2 product_cat-angulaire-saloon product_cat-angular-saloon product_cat-saloon-de-3 product_cat-guide-de-selection-saloon product_cat-collezioni-de product_cat-tipologia-prodotto-de product_cat-tipologia-prodotto-en product_cat-type-de-produit product_cat-1618 product_cat-1568 product_cat-1594 product_cat-3--- product_cat-1612 product_cat-1629 product_cat-1617 product_cat-1626 has-post-thumbnail shipping-taxable product-type-simple\">\n\t<div class=\"woocommerce-loop-product__short_description\" itemprop=\"description\"><a href=\"https:\/\/relaxsrl.com\/de\/produkt\/lyra-b2-lyra-f\/\" class=\"woocommerce-LoopProduct-link woocommerce-loop-product__link\"><p>Lyra B2+F ist eine eckige Duschkabine mit doppelter Schwingt\u00fcr.<\/p>\n<\/a><\/div><\/li>\n<\/ul>\n<\/div>[\/vc_column][\/vc_row][vc_row full_width=&#8220;stretch_row_content_no_spaces&#8220; equal_height=&#8220;yes&#8220; content_placement=&#8220;middle&#8220; el_class=&#8220;row-over-footer row-cta-over-footer&#8220;][vc_column width=&#8220;1\/2&#8243;][vc_single_image image=&#8220;2354&#8243; img_size=&#8220;full&#8220;][\/vc_column][vc_column width=&#8220;1\/2&#8243; css=&#8220;.vc_custom_1632907719034{background-image: url(http:\/\/relaxsrl.com\/wp-content\/uploads\/2021\/09\/cta-saloon-opaco.jpg?id=2355) !important;background-position: center !important;background-repeat: no-repeat !important;background-size: cover !important;}&#8220; el_class=&#8220;row-cta-over-footer-col-text&#8220;][vc_row_inner][vc_column_inner width=&#8220;1\/4&#8243;][\/vc_column_inner][vc_column_inner width=&#8220;1\/2&#8243;][vc_column_text]<\/p>\n<h2 style=\"text-align: center;\">Schauen Sie sich die Duschkabinen-Saloons von Relax an<\/h2>\n<p style=\"text-align: center;\">Mit dem Relax Duschkabinenkonfigurator finden Sie die f\u00fcr Sie passenden Saloont\u00fcren.<\/p>\n<p>[\/vc_column_text][vc_btn title=&#8220;GEHE SIE ZUM KONFIGURATOR&#8220; style=&#8220;classic&#8220; shape=&#8220;square&#8220; color=&#8220;white&#8220; align=&#8220;center&#8220; el_class=&#8220;btn-default-white&#8220; link=&#8220;url:https%3A%2F%2Frelaxsrl.com%2Fde%2Fprodukte%2Fkonfigurator%2F|title:Konfigurator&#8220;][\/vc_column_inner][vc_column_inner width=&#8220;1\/4&#8243;][\/vc_column_inner][\/vc_row_inner][\/vc_column][\/vc_row]<\/p>\n","protected":false},"excerpt":{"rendered":"<p>[vc_row full_width=&#8220;stretch_row&#8220; content_placement=&#8220;middle&#8220; el_class=&#8220;intro-row intro-row-grey&#8220;][vc_column][vc_column_text] Duschkabine mit Saloon T\u00fcr [\/vc_column_text][\/vc_column][\/vc_row][vc_row el_class=&#8220;row-path&#8220;][vc_column][vc_column_text][\/vc_column_text][\/vc_column][\/vc_row][vc_row][vc_column][vc_single_image image=&#8220;2350&#8243; img_size=&#8220;full&#8220;][\/vc_column][\/vc_row][vc_row][vc_column width=&#8220;1\/6&#8243;][\/vc_column][vc_column width=&#8220;2\/3&#8243;][vc_empty_space height=&#8220;40px&#8220;][vc_column_text el_class=&#8220;txt-blue abstract weight500&#8243;]Die Duschkabine mit zwei Saloon-T\u00fcren erm\u00f6glicht eine 180\u00b0 \u00d6ffnung beider T\u00fcren, sowohl nach au\u00dfen als auch nach innen. Auf diese Weise wird der Platz im Raum \u00fcberhaupt nicht verschwendet.[\/vc_column_text][vc_empty_space height=&#8220;35px&#8220;][\/vc_column][\/vc_row][vc_row][vc_column width=&#8220;1\/6&#8243;][\/vc_column][vc_column width=&#8220;2\/3&#8243;][vc_column_text] Merkmale der Saloon T\u00fcr Duschkabinen [&hellip;]<\/p>\n","protected":false},"author":3,"featured_media":2350,"parent":22678,"menu_order":0,"comment_status":"closed","ping_status":"closed","template":"","meta":[],"acf":[],"yoast_head":"<!-- This site is optimized with the Yoast SEO Premium plugin v18.4 (Yoast SEO v18.8) - https:\/\/yoast.com\/wordpress\/plugins\/seo\/ -->\n<title>Duschkabine mit Saloon T\u00fcr - Relax srl<\/title>\n<meta name=\"description\" content=\"Die Duschwand mit Salont\u00fcr l\u00e4sst sich sowohl nach au\u00dfen als auch nach innen \u00f6ffnen. Ideal f\u00fcr kleine R\u00e4ume.\" \/>\n<meta name=\"robots\" content=\"index, follow, max-snippet:-1, max-image-preview:large, max-video-preview:-1\" \/>\n<link rel=\"canonical\" href=\"https:\/\/relaxsrl.com\/de\/anleitung-zur-auswahl\/duschkabine-mit-saloon-tuer\/\" \/>\n<meta property=\"og:locale\" content=\"de_DE\" \/>\n<meta property=\"og:type\" content=\"article\" \/>\n<meta property=\"og:title\" content=\"Duschkabine mit Saloon T\u00fcr - Relax srl\" \/>\n<meta property=\"og:description\" content=\"Die Duschwand mit Salont\u00fcr l\u00e4sst sich sowohl nach au\u00dfen als auch nach innen \u00f6ffnen. Ideal f\u00fcr kleine R\u00e4ume.\" \/>\n<meta property=\"og:url\" content=\"https:\/\/relaxsrl.com\/de\/anleitung-zur-auswahl\/duschkabine-mit-saloon-tuer\/\" \/>\n<meta property=\"og:site_name\" content=\"Relax srl\" \/>\n<meta property=\"article:modified_time\" content=\"2022-11-18T11:06:58+00:00\" \/>\n<meta name=\"twitter:card\" content=\"summary_large_image\" \/>\n<meta name=\"twitter:label1\" content=\"Gesch\u00e4tzte Lesezeit\" \/>\n\t<meta name=\"twitter:data1\" content=\"5 Minuten\" \/>\n<script type=\"application\/ld+json\" class=\"yoast-schema-graph\">{\"@context\":\"https:\/\/schema.org\",\"@graph\":[{\"@type\":\"WebSite\",\"@id\":\"https:\/\/relaxsrl.com\/#website\",\"url\":\"https:\/\/relaxsrl.com\/\",\"name\":\"Relax srl\",\"description\":\"\",\"potentialAction\":[{\"@type\":\"SearchAction\",\"target\":{\"@type\":\"EntryPoint\",\"urlTemplate\":\"https:\/\/relaxsrl.com\/?s={search_term_string}\"},\"query-input\":\"required name=search_term_string\"}],\"inLanguage\":\"de-DE\"},{\"@type\":\"ImageObject\",\"inLanguage\":\"de-DE\",\"@id\":\"https:\/\/relaxsrl.com\/de\/anleitung-zur-auswahl\/duschkabine-mit-saloon-tuer\/#primaryimage\",\"url\":\"https:\/\/relaxsrl.com\/website\/wp-content\/uploads\/2021\/09\/UNICO_B2.jpg\",\"contentUrl\":\"https:\/\/relaxsrl.com\/website\/wp-content\/uploads\/2021\/09\/UNICO_B2.jpg\",\"width\":1920,\"height\":1281,\"caption\":\"Duschabtrennung mit Salont\u00fcr in Nische\"},{\"@type\":\"WebPage\",\"@id\":\"https:\/\/relaxsrl.com\/de\/anleitung-zur-auswahl\/duschkabine-mit-saloon-tuer\/#webpage\",\"url\":\"https:\/\/relaxsrl.com\/de\/anleitung-zur-auswahl\/duschkabine-mit-saloon-tuer\/\",\"name\":\"Duschkabine mit Saloon T\u00fcr - Relax srl\",\"isPartOf\":{\"@id\":\"https:\/\/relaxsrl.com\/#website\"},\"primaryImageOfPage\":{\"@id\":\"https:\/\/relaxsrl.com\/de\/anleitung-zur-auswahl\/duschkabine-mit-saloon-tuer\/#primaryimage\"},\"datePublished\":\"2022-08-10T13:12:09+00:00\",\"dateModified\":\"2022-11-18T11:06:58+00:00\",\"description\":\"Die Duschwand mit Salont\u00fcr l\u00e4sst sich sowohl nach au\u00dfen als auch nach innen \u00f6ffnen. Ideal f\u00fcr kleine R\u00e4ume.\",\"breadcrumb\":{\"@id\":\"https:\/\/relaxsrl.com\/de\/anleitung-zur-auswahl\/duschkabine-mit-saloon-tuer\/#breadcrumb\"},\"inLanguage\":\"de-DE\",\"potentialAction\":[{\"@type\":\"ReadAction\",\"target\":[\"https:\/\/relaxsrl.com\/de\/anleitung-zur-auswahl\/duschkabine-mit-saloon-tuer\/\"]}]},{\"@type\":\"BreadcrumbList\",\"@id\":\"https:\/\/relaxsrl.com\/de\/anleitung-zur-auswahl\/duschkabine-mit-saloon-tuer\/#breadcrumb\",\"itemListElement\":[{\"@type\":\"ListItem\",\"position\":1,\"name\":\"Anleitung zur Auswahl\",\"item\":\"https:\/\/relaxsrl.com\/de\/anleitung-zur-auswahl\/\"},{\"@type\":\"ListItem\",\"position\":2,\"name\":\"Duschkabine mit Saloon T\u00fcr\"}]}]}<\/script>\n<!-- \/ Yoast SEO Premium plugin. -->","yoast_head_json":{"title":"Duschkabine mit Saloon T\u00fcr - Relax srl","description":"Die Duschwand mit Salont\u00fcr l\u00e4sst sich sowohl nach au\u00dfen als auch nach innen \u00f6ffnen. Ideal f\u00fcr kleine R\u00e4ume.","robots":{"index":"index","follow":"follow","max-snippet":"max-snippet:-1","max-image-preview":"max-image-preview:large","max-video-preview":"max-video-preview:-1"},"canonical":"https:\/\/relaxsrl.com\/de\/anleitung-zur-auswahl\/duschkabine-mit-saloon-tuer\/","og_locale":"de_DE","og_type":"article","og_title":"Duschkabine mit Saloon T\u00fcr - Relax srl","og_description":"Die Duschwand mit Salont\u00fcr l\u00e4sst sich sowohl nach au\u00dfen als auch nach innen \u00f6ffnen. Ideal f\u00fcr kleine R\u00e4ume.","og_url":"https:\/\/relaxsrl.com\/de\/anleitung-zur-auswahl\/duschkabine-mit-saloon-tuer\/","og_site_name":"Relax srl","article_modified_time":"2022-11-18T11:06:58+00:00","twitter_card":"summary_large_image","twitter_misc":{"Gesch\u00e4tzte Lesezeit":"5 Minuten"},"schema":{"@context":"https:\/\/schema.org","@graph":[{"@type":"WebSite","@id":"https:\/\/relaxsrl.com\/#website","url":"https:\/\/relaxsrl.com\/","name":"Relax srl","description":"","potentialAction":[{"@type":"SearchAction","target":{"@type":"EntryPoint","urlTemplate":"https:\/\/relaxsrl.com\/?s={search_term_string}"},"query-input":"required name=search_term_string"}],"inLanguage":"de-DE"},{"@type":"ImageObject","inLanguage":"de-DE","@id":"https:\/\/relaxsrl.com\/de\/anleitung-zur-auswahl\/duschkabine-mit-saloon-tuer\/#primaryimage","url":"https:\/\/relaxsrl.com\/website\/wp-content\/uploads\/2021\/09\/UNICO_B2.jpg","contentUrl":"https:\/\/relaxsrl.com\/website\/wp-content\/uploads\/2021\/09\/UNICO_B2.jpg","width":1920,"height":1281,"caption":"Duschabtrennung mit Salont\u00fcr in Nische"},{"@type":"WebPage","@id":"https:\/\/relaxsrl.com\/de\/anleitung-zur-auswahl\/duschkabine-mit-saloon-tuer\/#webpage","url":"https:\/\/relaxsrl.com\/de\/anleitung-zur-auswahl\/duschkabine-mit-saloon-tuer\/","name":"Duschkabine mit Saloon T\u00fcr - Relax srl","isPartOf":{"@id":"https:\/\/relaxsrl.com\/#website"},"primaryImageOfPage":{"@id":"https:\/\/relaxsrl.com\/de\/anleitung-zur-auswahl\/duschkabine-mit-saloon-tuer\/#primaryimage"},"datePublished":"2022-08-10T13:12:09+00:00","dateModified":"2022-11-18T11:06:58+00:00","description":"Die Duschwand mit Salont\u00fcr l\u00e4sst sich sowohl nach au\u00dfen als auch nach innen \u00f6ffnen. Ideal f\u00fcr kleine R\u00e4ume.","breadcrumb":{"@id":"https:\/\/relaxsrl.com\/de\/anleitung-zur-auswahl\/duschkabine-mit-saloon-tuer\/#breadcrumb"},"inLanguage":"de-DE","potentialAction":[{"@type":"ReadAction","target":["https:\/\/relaxsrl.com\/de\/anleitung-zur-auswahl\/duschkabine-mit-saloon-tuer\/"]}]},{"@type":"BreadcrumbList","@id":"https:\/\/relaxsrl.com\/de\/anleitung-zur-auswahl\/duschkabine-mit-saloon-tuer\/#breadcrumb","itemListElement":[{"@type":"ListItem","position":1,"name":"Anleitung zur Auswahl","item":"https:\/\/relaxsrl.com\/de\/anleitung-zur-auswahl\/"},{"@type":"ListItem","position":2,"name":"Duschkabine mit Saloon T\u00fcr"}]}]}},"_links":{"self":[{"href":"https:\/\/relaxsrl.com\/de\/wp-json\/wp\/v2\/pages\/22693"}],"collection":[{"href":"https:\/\/relaxsrl.com\/de\/wp-json\/wp\/v2\/pages"}],"about":[{"href":"https:\/\/relaxsrl.com\/de\/wp-json\/wp\/v2\/types\/page"}],"author":[{"embeddable":true,"href":"https:\/\/relaxsrl.com\/de\/wp-json\/wp\/v2\/users\/3"}],"replies":[{"embeddable":true,"href":"https:\/\/relaxsrl.com\/de\/wp-json\/wp\/v2\/comments?post=22693"}],"version-history":[{"count":5,"href":"https:\/\/relaxsrl.com\/de\/wp-json\/wp\/v2\/pages\/22693\/revisions"}],"predecessor-version":[{"id":24446,"href":"https:\/\/relaxsrl.com\/de\/wp-json\/wp\/v2\/pages\/22693\/revisions\/24446"}],"up":[{"embeddable":true,"href":"https:\/\/relaxsrl.com\/de\/wp-json\/wp\/v2\/pages\/22678"}],"wp:featuredmedia":[{"embeddable":true,"href":"https:\/\/relaxsrl.com\/de\/wp-json\/wp\/v2\/media\/2350"}],"wp:attachment":[{"href":"https:\/\/relaxsrl.com\/de\/wp-json\/wp\/v2\/media?parent=22693"}],"curies":[{"name":"wp","href":"https:\/\/api.w.org\/{rel}","templated":true}]}}