{"id":22697,"date":"2022-08-10T15:21:17","date_gmt":"2022-08-10T13:21:17","guid":{"rendered":"https:\/\/relaxsrl.com\/anleitung-zur-auswahl\/duschkabine-mit-falttuere\/"},"modified":"2024-11-18T10:59:47","modified_gmt":"2024-11-18T09:59:47","slug":"duschkabine-mit-falttuere","status":"publish","type":"page","link":"https:\/\/relaxsrl.com\/de\/anleitung-zur-auswahl\/duschkabine-mit-falttuere\/","title":{"rendered":"Duschkabine mit Faltt\u00fcre"},"content":{"rendered":"<p>[vc_row full_width=&#8220;stretch_row&#8220; content_placement=&#8220;middle&#8220; el_class=&#8220;intro-row intro-row-grey&#8220;][vc_column][vc_column_text]<\/p>\n<h1>Duschkabine mit Faltt\u00fcre<\/h1>\n<p>[\/vc_column_text][\/vc_column][\/vc_row][vc_row el_class=&#8220;row-path&#8220;][vc_column][vc_column_text][\/vc_column_text][\/vc_column][\/vc_row][vc_row][vc_column][vc_single_image image=&#8220;31276&#8243; img_size=&#8220;full&#8220;][\/vc_column][\/vc_row][vc_row][vc_column width=&#8220;1\/6&#8243;][\/vc_column][vc_column width=&#8220;2\/3&#8243;][vc_empty_space height=&#8220;40px&#8220;][vc_column_text el_class=&#8220;txt-blue abstract weight500&#8243;]In der Duschkabine mit Faltt\u00fcren, auch Bucht\u00fcren, Akkordeon- oder Schwebet\u00fcren genannt, k\u00f6nnen die T\u00fcren in eine obere und untere Schiene oder ein Scharniersystem eingebaut werden, das den Rahmen vermeidet.[\/vc_column_text][vc_empty_space height=&#8220;35px&#8220;][\/vc_column][\/vc_row][vc_row][vc_column width=&#8220;1\/6&#8243;][\/vc_column][vc_column width=&#8220;2\/3&#8243;][vc_column_text]<\/p>\n<ul>\n<li><a class=\"link-interno link-interno-paragrafo-1\" href=\"#\">Faltt\u00fcr: Eigenschaften<\/a><\/li>\n<li>Faltt\u00fcr und Typen von Duschkabinen\n<ul>\n<li><a class=\"link-interno link-interno-paragrafo-2\" href=\"#\">Duschkabine mit Rahmen<\/a><\/li>\n<li><a class=\"link-interno link-interno-paragrafo-3\" href=\"#\">Duschkabine ohne Rahmen<\/a><\/li>\n<\/ul>\n<\/li>\n<li><a class=\"link-interno link-interno-paragrafo-4\" href=\"#\">Vorteile der Faltt\u00fcr<\/a><\/li>\n<li><a class=\"link-interno link-interno-paragrafo-5\" href=\"#\">Das sollten Sie vermeiden<\/a><\/li>\n<\/ul>\n<p>[\/vc_column_text][vc_empty_space height=&#8220;40px&#8220;][\/vc_column][\/vc_row][vc_row el_id=&#8220;paragrafo-1&#8243;][vc_column width=&#8220;1\/6&#8243;][\/vc_column][vc_column width=&#8220;2\/3&#8243;][vc_column_text]<\/p>\n<h2>Faltt\u00fcre: Eigenschaften<\/h2>\n<p>Die Faltt\u00fcr ist durch zwei Glasscheiben gekennzeichnet, die in der Regel 4 mm oder 6 mm lang sind und mit Scharnieren oder Gelenkprofilen versehen sind, die das \u00d6ffnen oder Zusammenfalten der Blenden erm\u00f6glichen. Diese L\u00f6sung wird in kleinen Badezimmern sehr h\u00e4ufig verwendet, da sie eine optimale Nutzung des Zugangs zum Duschbereich erm\u00f6glicht. Beispiel: Wird es in einer 80-cm-Nische platziert, betr\u00e4gt der nutzbare Eingangsbereich 65 cm.[\/vc_column_text][vc_empty_space height=&#8220;40px&#8220;][\/vc_column][\/vc_row][vc_row][vc_column width=&#8220;1\/6&#8243;][\/vc_column][vc_column width=&#8220;2\/3&#8243;][vc_column_text]<\/p>\n<h2>Faltt\u00fcre und Duschkabinentypen<\/h2>\n<p>[\/vc_column_text][vc_empty_space height=&#8220;20px&#8220;][\/vc_column][\/vc_row][vc_row el_id=&#8220;paragrafo-2&#8243;][vc_column width=&#8220;1\/6&#8243;][\/vc_column][vc_column width=&#8220;2\/3&#8243;][vc_column_text]<\/p>\n<h3>Duschkabine mit Rahmen<\/h3>\n<p>Die Duschkabine mit Rahmen und Faltt\u00fcre kann in einer Nische, in einer Ecke, mit einer T\u00fcr und einer festen Platte sowie drei Seiten mit der T\u00fcr in der Mitte montiert werden. Sie verf\u00fcgt im oberen Teil \u00fcber ein Profil, in dem ein Stift l\u00e4uft, der die Erweiterung der Glasscheiben oder das Zusammenfalten des Glases erm\u00f6glicht. In diesem Fall k\u00f6nnen die Faltt\u00fcren entweder innen und au\u00dfen oder nur innen ge\u00f6ffnet werden, was von denjenigen verlangt wird, die kein Wasser auf den Boden abflie\u00dfen lassen wollen. Die innen- und \u00e4u\u00dfere \u00d6ffnung muss mit einem Verschluss versehen sein, der die T\u00fcren in einer Reihe h\u00e4lt, damit sie sich weder nach innen noch nach au\u00dfen biegen, da sie ansonsten w\u00e4hrend der Dusche Wasser hindurch und hinaus sp\u00fclen k\u00f6nnen. Die \u00d6ffnung nur im Innenbereich kann eingeschr\u00e4nkt werden, wenn die Person in der Dusche sich schlecht f\u00fchlt und sich am Glas festh\u00e4lt. Der Zugang k\u00f6nnte so problematisch sein, dass das Glas zerbrechen muss, um sie zu retten. Der Light PS von Relax l\u00f6st die Situation mit einem Sicherheitssystem im oberen Profil. Aktiviert, \u00f6ffnet es die T\u00fcr komplett nach au\u00dfen, eine L\u00f6sung, die auch f\u00fcr die Reinigung der T\u00fcre n\u00fctzlich ist, die dann auch von au\u00dfen statt stehend \u00fcber der Duschplatte ausgef\u00fchrt werden kann.<br \/>\nDer Lyra PS von Relax mit Rahmen ist ebenfalls mit einem Sicherheitssystem ausgestattet, das die T\u00fcr\u00f6ffnung von innen und au\u00dfen erm\u00f6glicht.[\/vc_column_text][vc_empty_space height=&#8220;20px&#8220;][\/vc_column][\/vc_row][vc_row el_id=&#8220;paragrafo-3&#8243;][vc_column width=&#8220;1\/6&#8243;][\/vc_column][vc_column width=&#8220;2\/3&#8243;][vc_column_text]<\/p>\n<h3>Duschkabine ohne Rahmen<\/h3>\n<p>Die Duschkabine ohne Rahmen mit Faltt\u00fcre wird in einer Nische mit einer oder zwei T\u00fcren oder in einem Eck mit zwei T\u00fcren oder mit einer T\u00fcr und einer festen Platte verwendet. Sie wird mit einem System zum Anheben von Lasten empfohlen, wenn sie aus zwei Gr\u00fcnden ge\u00f6ffnet wird. Da die T\u00fcren mit einer unteren Dichtung ausgestattet sind, sind sie beim \u00d6ffnen und Schlie\u00dfen nicht auf dem Dammprofil oder bei Montage direkt auf der Duschplatte zu ziehen und k\u00f6nnen somit ihre Kapazit\u00e4t des Wasseraufhaltens besser erhalten. Zweitens erleichtert das System die Ausrichtung von T\u00fcren, wenn sie geschlossen sind, und dadurch wird die Wasserdichtigkeit wirksamer gew\u00e4hrleistet.[\/vc_column_text][vc_empty_space height=&#8220;40px&#8220;][\/vc_column][\/vc_row][vc_row el_id=&#8220;paragrafo-4&#8243;][vc_column width=&#8220;1\/6&#8243;][\/vc_column][vc_column width=&#8220;2\/3&#8243;][vc_column_text]<\/p>\n<h2>Vorteile der Faltt\u00fcr<\/h2>\n<p>In der klappbaren Duschkabine, nutzen die Faltt\u00fcren den gesamten Eingangsbereich, der sowohl f\u00fcr k\u00f6rperlich behinderte Personen sehr komfortabel ist, als auch wenn eine platzsparende Duschkabine ben\u00f6tigt wird, weil der Au\u00dfenbereich bereits mit M\u00f6beln oder Sanit\u00e4ranlagen besetzt ist und der Duschbereich sehr klein ist. Die neuen Modelle verf\u00fcgen entweder \u00fcber eine leichte Rahmenkonstruktion und eine bessere \u00c4sthetik als in der Vergangenheit oder sind gar ohne Rahmen. Oft sind sie mit dem praktischen Reinigungsausl\u00f6ser und dem Antipanik-\u00d6ffnungssystem nach au\u00dfen ausgestattet, was hilft, wenn jemand in der Kabine feststeckt.[\/vc_column_text][vc_empty_space height=&#8220;40px&#8220;][\/vc_column][\/vc_row][vc_row el_id=&#8220;paragrafo-5&#8243;][vc_column width=&#8220;1\/6&#8243;][\/vc_column][vc_column width=&#8220;2\/3&#8243;][vc_column_text]<\/p>\n<h2>Das sollten Sie vermeiden<\/h2>\n<p>Die Faltt\u00fcr in der Duschkabine ist nicht empfehlenswert, wenn die Armaturen so positioniert sind, dass die vollst\u00e4ndige \u00d6ffnung der T\u00fcre nicht m\u00f6glich ist oder wenn der Boden aus Holz gefertigt ist, da das Modell abtropfen kann und das Material langfristig besch\u00e4digen kann.<br \/>\nEs sollte nicht in gro\u00dfen Dimensionen verwendet werden, au\u00dferdem wird es oft als \u00e4sthetisch benachteiligt angesehen, da sie aus zwei Glasscheiben besteht, die die Struktur optisch nicht angenehm machen.[\/vc_column_text][vc_empty_space height=&#8220;40px&#8220;][\/vc_column][\/vc_row][vc_row][vc_column][vc_empty_space height=&#8220;50px&#8220;][vc_column_text]<\/p>\n<h3 style=\"text-align: center;\">Einige Beispiele von Faltt\u00fcren f\u00fcr Duschkabinen Relax<\/h3>\n<p>[\/vc_column_text][vc_empty_space height=&#8220;30px&#8220;]<div class=\"woocommerce columns-4 \"><ul class=\"products columns-4\">\n<li class=\"product type-product post-21120 status-publish first instock product_cat-box-doccia-de product_cat-box-doccia-en product_cat-cabine-de-douche product_cat-collections-en product_cat-collections product_cat-selection-guide-foldable product_cat-niche-folding product_cat-guida-alla-scelta-de product_cat-selection-guide-en product_cat-guide-de-selection product_cat-light-en product_cat-light-ru product_cat-light-fr product_cat-light-de product_cat-nicchia-de product_cat-niche product_cat-niche-fr product_cat-guide-de-selection-pliable product_cat-niche-pliable product_cat-collezioni-de product_cat-soffietto-de-2 product_cat-soffietto-de-3 product_cat-tipologia-prodotto-de product_cat-tipologia-prodotto-en product_cat-type-de-produit product_cat-1618 product_cat-1568 product_cat-1637 product_cat-1594 product_cat-1634 product_cat-1611 product_cat-1617 has-post-thumbnail shipping-taxable product-type-simple\">\n\t<div class=\"woocommerce-loop-product__short_description\" itemprop=\"description\"><a href=\"https:\/\/relaxsrl.com\/de\/produkt\/light-s1\/\" class=\"woocommerce-LoopProduct-link woocommerce-loop-product__link\"><p>Profillose Duschabtrennung in Nische mit Faltt\u00fcr.<\/p>\n<\/a><\/div><\/li>\n<li class=\"product type-product post-21118 status-publish instock product_cat-3-lati-fr product_cat-3-lati-de product_cat-3-lati-en product_cat-3- product_cat-box-doccia-de product_cat-box-doccia-en product_cat-cabine-de-douche product_cat-collections-en product_cat-collections product_cat-selection-guide-foldable product_cat-niche-folding product_cat-selection-guide-en product_cat-guida-alla-scelta-de product_cat-guide-de-selection product_cat-light-fr product_cat-light-de product_cat-light-ru product_cat-light-en product_cat-nicchia-de product_cat-niche product_cat-niche-fr product_cat-niche-pliable product_cat-guide-de-selection-pliable product_cat-collezioni-de product_cat-soffietto-fr product_cat-soffietto-de-2 product_cat-soffietto-de-3 product_cat-soffietto-de-4 product_cat-tipologia-prodotto-de product_cat-tipologia-prodotto-en product_cat-type-de-produit product_cat-1618 product_cat-1568 product_cat-1637 product_cat-1594 product_cat-3--- product_cat-1634 product_cat-1611 product_cat-1617 has-post-thumbnail shipping-taxable product-type-simple\">\n\t<div class=\"woocommerce-loop-product__short_description\" itemprop=\"description\"><a href=\"https:\/\/relaxsrl.com\/de\/produkt\/light-ps\/\" class=\"woocommerce-LoopProduct-link woocommerce-loop-product__link\"><p>Duschabtrennung in Nische mit Faltt\u00fcr.<\/p>\n<\/a><\/div><\/li>\n<li class=\"product type-product post-21068 status-publish instock product_cat-3-lati-en product_cat-3-lati-de product_cat-3-lati-fr product_cat-3- product_cat-box-doccia-en product_cat-box-doccia-de product_cat-cabina-doccia-piccola product_cat-cabine-de-douche product_cat-collections-en product_cat-collections product_cat-selection-guide-foldable product_cat-niche-folding product_cat-selection-guide-en product_cat-guida-alla-scelta-de product_cat-guide-de-selection product_cat-lyra-en product_cat-lyra-fr product_cat-lyra-de product_cat-lyra-ru product_cat-nicchia-de product_cat-niche product_cat-niche-fr product_cat-guide-de-selection-petite-cabine-de-douche product_cat-guide-de-selection-pliable product_cat-niche-pliable product_cat-collezioni-de product_cat-selection-guide-small-shower-enclosure product_cat-soffietto-de-2 product_cat-soffietto-de-3 product_cat-soffietto-de-4 product_cat-soffietto-fr product_cat-tipologia-prodotto-de product_cat-tipologia-prodotto-en product_cat-type-de-produit product_cat-1618 product_cat-1568 product_cat-1604 product_cat-1637 product_cat-1594 product_cat-3--- product_cat-1634 product_cat-1611 product_cat-1617 has-post-thumbnail shipping-taxable product-type-simple\">\n\t<div class=\"woocommerce-loop-product__short_description\" itemprop=\"description\"><a href=\"https:\/\/relaxsrl.com\/de\/produkt\/lyra-ps\/\" class=\"woocommerce-LoopProduct-link woocommerce-loop-product__link\"><p>Lyra PS ist eine eckige Duschkabine mit einer Faltt\u00fcr.<\/p>\n<\/a><\/div><\/li>\n<\/ul>\n<\/div>[\/vc_column][\/vc_row][vc_row full_width=&#8220;stretch_row_content_no_spaces&#8220; equal_height=&#8220;yes&#8220; content_placement=&#8220;middle&#8220; el_class=&#8220;row-over-footer row-cta-over-footer&#8220;][vc_column width=&#8220;1\/2&#8243;][vc_single_image image=&#8220;2380&#8243; img_size=&#8220;full&#8220;][\/vc_column][vc_column width=&#8220;1\/2&#8243; css=&#8220;.vc_custom_1632908025195{background-image: url(http:\/\/relaxsrl.com\/wp-content\/uploads\/2021\/09\/cta-soffietto-opaco.jpg?id=2381) !important;background-position: center !important;background-repeat: no-repeat !important;background-size: cover !important;}&#8220; el_class=&#8220;row-cta-over-footer-col-text&#8220;][vc_row_inner][vc_column_inner width=&#8220;1\/4&#8243;][\/vc_column_inner][vc_column_inner width=&#8220;1\/2&#8243;][vc_column_text]<\/p>\n<h2 style=\"text-align: center;\">Entdecken Sie die Duschkabinen von Relax<\/h2>\n<p style=\"text-align: center;\">Testen Sie den Relax-Duschkabinenkonfigurator, um die Faltt\u00fcren in Ihre ideale Duschkabine zu platzieren.<\/p>\n<p>[\/vc_column_text][vc_btn title=&#8220;GEHE SIE ZUM KONFIGURATOR&#8220; style=&#8220;classic&#8220; shape=&#8220;square&#8220; color=&#8220;white&#8220; align=&#8220;center&#8220; el_class=&#8220;btn-default-white&#8220; link=&#8220;url:https%3A%2F%2Frelaxsrl.com%2Fde%2Fprodukte%2Fkonfigurator%2F|title:Konfigurator&#8220;][\/vc_column_inner][vc_column_inner width=&#8220;1\/4&#8243;][\/vc_column_inner][\/vc_row_inner][\/vc_column][\/vc_row]<\/p>\n","protected":false},"excerpt":{"rendered":"<p>[vc_row full_width=&#8220;stretch_row&#8220; content_placement=&#8220;middle&#8220; el_class=&#8220;intro-row intro-row-grey&#8220;][vc_column][vc_column_text] Duschkabine mit Faltt\u00fcre [\/vc_column_text][\/vc_column][\/vc_row][vc_row el_class=&#8220;row-path&#8220;][vc_column][vc_column_text][\/vc_column_text][\/vc_column][\/vc_row][vc_row][vc_column][vc_single_image image=&#8220;31276&#8243; img_size=&#8220;full&#8220;][\/vc_column][\/vc_row][vc_row][vc_column width=&#8220;1\/6&#8243;][\/vc_column][vc_column width=&#8220;2\/3&#8243;][vc_empty_space height=&#8220;40px&#8220;][vc_column_text el_class=&#8220;txt-blue abstract weight500&#8243;]In der Duschkabine mit Faltt\u00fcren, auch Bucht\u00fcren, Akkordeon- oder Schwebet\u00fcren genannt, k\u00f6nnen die T\u00fcren in eine obere und untere Schiene oder ein Scharniersystem eingebaut werden, das den Rahmen vermeidet.[\/vc_column_text][vc_empty_space height=&#8220;35px&#8220;][\/vc_column][\/vc_row][vc_row][vc_column width=&#8220;1\/6&#8243;][\/vc_column][vc_column width=&#8220;2\/3&#8243;][vc_column_text] Faltt\u00fcr: Eigenschaften Faltt\u00fcr und Typen von [&hellip;]<\/p>\n","protected":false},"author":3,"featured_media":31287,"parent":22678,"menu_order":0,"comment_status":"closed","ping_status":"closed","template":"","meta":[],"acf":[],"yoast_head":"<!-- This site is optimized with the Yoast SEO Premium plugin v18.4 (Yoast SEO v18.8) - https:\/\/yoast.com\/wordpress\/plugins\/seo\/ -->\n<title>Duschkabine mit Faltt\u00fcre - Relax srl<\/title>\n<meta name=\"description\" content=\"Bei der Duschkabine mit Faltt\u00fcren, auch Faltt\u00fcren genannt, schlie\u00dfen die T\u00fcren von selbst und erleichtern so den Einstieg.\" \/>\n<meta name=\"robots\" content=\"index, follow, max-snippet:-1, max-image-preview:large, max-video-preview:-1\" \/>\n<link rel=\"canonical\" href=\"https:\/\/relaxsrl.com\/de\/anleitung-zur-auswahl\/duschkabine-mit-falttuere\/\" \/>\n<meta property=\"og:locale\" content=\"de_DE\" \/>\n<meta property=\"og:type\" content=\"article\" \/>\n<meta property=\"og:title\" content=\"Duschkabine mit Faltt\u00fcre - Relax srl\" \/>\n<meta property=\"og:description\" content=\"Bei der Duschkabine mit Faltt\u00fcren, auch Faltt\u00fcren genannt, schlie\u00dfen die T\u00fcren von selbst und erleichtern so den Einstieg.\" \/>\n<meta property=\"og:url\" content=\"https:\/\/relaxsrl.com\/de\/anleitung-zur-auswahl\/duschkabine-mit-falttuere\/\" \/>\n<meta property=\"og:site_name\" content=\"Relax srl\" \/>\n<meta property=\"article:modified_time\" content=\"2024-11-18T09:59:47+00:00\" \/>\n<meta property=\"og:image\" content=\"https:\/\/relaxsrl.com\/website\/wp-content\/uploads\/2024\/11\/APERTURA_12-1.jpg\" \/>\n\t<meta property=\"og:image:width\" content=\"1920\" \/>\n\t<meta property=\"og:image:height\" content=\"1080\" \/>\n\t<meta property=\"og:image:type\" content=\"image\/jpeg\" \/>\n<meta name=\"twitter:card\" content=\"summary_large_image\" \/>\n<meta name=\"twitter:label1\" content=\"Gesch\u00e4tzte Lesezeit\" \/>\n\t<meta name=\"twitter:data1\" content=\"4 Minuten\" \/>\n<script type=\"application\/ld+json\" class=\"yoast-schema-graph\">{\"@context\":\"https:\/\/schema.org\",\"@graph\":[{\"@type\":\"WebSite\",\"@id\":\"https:\/\/relaxsrl.com\/#website\",\"url\":\"https:\/\/relaxsrl.com\/\",\"name\":\"Relax srl\",\"description\":\"\",\"potentialAction\":[{\"@type\":\"SearchAction\",\"target\":{\"@type\":\"EntryPoint\",\"urlTemplate\":\"https:\/\/relaxsrl.com\/?s={search_term_string}\"},\"query-input\":\"required name=search_term_string\"}],\"inLanguage\":\"de-DE\"},{\"@type\":\"ImageObject\",\"inLanguage\":\"de-DE\",\"@id\":\"https:\/\/relaxsrl.com\/de\/anleitung-zur-auswahl\/duschkabine-mit-falttuere\/#primaryimage\",\"url\":\"https:\/\/relaxsrl.com\/website\/wp-content\/uploads\/2024\/11\/APERTURA_12-1.jpg\",\"contentUrl\":\"https:\/\/relaxsrl.com\/website\/wp-content\/uploads\/2024\/11\/APERTURA_12-1.jpg\",\"width\":1920,\"height\":1080},{\"@type\":\"WebPage\",\"@id\":\"https:\/\/relaxsrl.com\/de\/anleitung-zur-auswahl\/duschkabine-mit-falttuere\/#webpage\",\"url\":\"https:\/\/relaxsrl.com\/de\/anleitung-zur-auswahl\/duschkabine-mit-falttuere\/\",\"name\":\"Duschkabine mit Faltt\u00fcre - Relax srl\",\"isPartOf\":{\"@id\":\"https:\/\/relaxsrl.com\/#website\"},\"primaryImageOfPage\":{\"@id\":\"https:\/\/relaxsrl.com\/de\/anleitung-zur-auswahl\/duschkabine-mit-falttuere\/#primaryimage\"},\"datePublished\":\"2022-08-10T13:21:17+00:00\",\"dateModified\":\"2024-11-18T09:59:47+00:00\",\"description\":\"Bei der Duschkabine mit Faltt\u00fcren, auch Faltt\u00fcren genannt, schlie\u00dfen die T\u00fcren von selbst und erleichtern so den Einstieg.\",\"breadcrumb\":{\"@id\":\"https:\/\/relaxsrl.com\/de\/anleitung-zur-auswahl\/duschkabine-mit-falttuere\/#breadcrumb\"},\"inLanguage\":\"de-DE\",\"potentialAction\":[{\"@type\":\"ReadAction\",\"target\":[\"https:\/\/relaxsrl.com\/de\/anleitung-zur-auswahl\/duschkabine-mit-falttuere\/\"]}]},{\"@type\":\"BreadcrumbList\",\"@id\":\"https:\/\/relaxsrl.com\/de\/anleitung-zur-auswahl\/duschkabine-mit-falttuere\/#breadcrumb\",\"itemListElement\":[{\"@type\":\"ListItem\",\"position\":1,\"name\":\"Anleitung zur Auswahl\",\"item\":\"https:\/\/relaxsrl.com\/de\/anleitung-zur-auswahl\/\"},{\"@type\":\"ListItem\",\"position\":2,\"name\":\"Duschkabine mit Faltt\u00fcre\"}]}]}<\/script>\n<!-- \/ Yoast SEO Premium plugin. -->","yoast_head_json":{"title":"Duschkabine mit Faltt\u00fcre - Relax srl","description":"Bei der Duschkabine mit Faltt\u00fcren, auch Faltt\u00fcren genannt, schlie\u00dfen die T\u00fcren von selbst und erleichtern so den Einstieg.","robots":{"index":"index","follow":"follow","max-snippet":"max-snippet:-1","max-image-preview":"max-image-preview:large","max-video-preview":"max-video-preview:-1"},"canonical":"https:\/\/relaxsrl.com\/de\/anleitung-zur-auswahl\/duschkabine-mit-falttuere\/","og_locale":"de_DE","og_type":"article","og_title":"Duschkabine mit Faltt\u00fcre - Relax srl","og_description":"Bei der Duschkabine mit Faltt\u00fcren, auch Faltt\u00fcren genannt, schlie\u00dfen die T\u00fcren von selbst und erleichtern so den Einstieg.","og_url":"https:\/\/relaxsrl.com\/de\/anleitung-zur-auswahl\/duschkabine-mit-falttuere\/","og_site_name":"Relax srl","article_modified_time":"2024-11-18T09:59:47+00:00","og_image":[{"width":1920,"height":1080,"url":"https:\/\/relaxsrl.com\/website\/wp-content\/uploads\/2024\/11\/APERTURA_12-1.jpg","type":"image\/jpeg"}],"twitter_card":"summary_large_image","twitter_misc":{"Gesch\u00e4tzte Lesezeit":"4 Minuten"},"schema":{"@context":"https:\/\/schema.org","@graph":[{"@type":"WebSite","@id":"https:\/\/relaxsrl.com\/#website","url":"https:\/\/relaxsrl.com\/","name":"Relax srl","description":"","potentialAction":[{"@type":"SearchAction","target":{"@type":"EntryPoint","urlTemplate":"https:\/\/relaxsrl.com\/?s={search_term_string}"},"query-input":"required name=search_term_string"}],"inLanguage":"de-DE"},{"@type":"ImageObject","inLanguage":"de-DE","@id":"https:\/\/relaxsrl.com\/de\/anleitung-zur-auswahl\/duschkabine-mit-falttuere\/#primaryimage","url":"https:\/\/relaxsrl.com\/website\/wp-content\/uploads\/2024\/11\/APERTURA_12-1.jpg","contentUrl":"https:\/\/relaxsrl.com\/website\/wp-content\/uploads\/2024\/11\/APERTURA_12-1.jpg","width":1920,"height":1080},{"@type":"WebPage","@id":"https:\/\/relaxsrl.com\/de\/anleitung-zur-auswahl\/duschkabine-mit-falttuere\/#webpage","url":"https:\/\/relaxsrl.com\/de\/anleitung-zur-auswahl\/duschkabine-mit-falttuere\/","name":"Duschkabine mit Faltt\u00fcre - Relax srl","isPartOf":{"@id":"https:\/\/relaxsrl.com\/#website"},"primaryImageOfPage":{"@id":"https:\/\/relaxsrl.com\/de\/anleitung-zur-auswahl\/duschkabine-mit-falttuere\/#primaryimage"},"datePublished":"2022-08-10T13:21:17+00:00","dateModified":"2024-11-18T09:59:47+00:00","description":"Bei der Duschkabine mit Faltt\u00fcren, auch Faltt\u00fcren genannt, schlie\u00dfen die T\u00fcren von selbst und erleichtern so den Einstieg.","breadcrumb":{"@id":"https:\/\/relaxsrl.com\/de\/anleitung-zur-auswahl\/duschkabine-mit-falttuere\/#breadcrumb"},"inLanguage":"de-DE","potentialAction":[{"@type":"ReadAction","target":["https:\/\/relaxsrl.com\/de\/anleitung-zur-auswahl\/duschkabine-mit-falttuere\/"]}]},{"@type":"BreadcrumbList","@id":"https:\/\/relaxsrl.com\/de\/anleitung-zur-auswahl\/duschkabine-mit-falttuere\/#breadcrumb","itemListElement":[{"@type":"ListItem","position":1,"name":"Anleitung zur Auswahl","item":"https:\/\/relaxsrl.com\/de\/anleitung-zur-auswahl\/"},{"@type":"ListItem","position":2,"name":"Duschkabine mit Faltt\u00fcre"}]}]}},"_links":{"self":[{"href":"https:\/\/relaxsrl.com\/de\/wp-json\/wp\/v2\/pages\/22697"}],"collection":[{"href":"https:\/\/relaxsrl.com\/de\/wp-json\/wp\/v2\/pages"}],"about":[{"href":"https:\/\/relaxsrl.com\/de\/wp-json\/wp\/v2\/types\/page"}],"author":[{"embeddable":true,"href":"https:\/\/relaxsrl.com\/de\/wp-json\/wp\/v2\/users\/3"}],"replies":[{"embeddable":true,"href":"https:\/\/relaxsrl.com\/de\/wp-json\/wp\/v2\/comments?post=22697"}],"version-history":[{"count":5,"href":"https:\/\/relaxsrl.com\/de\/wp-json\/wp\/v2\/pages\/22697\/revisions"}],"predecessor-version":[{"id":31297,"href":"https:\/\/relaxsrl.com\/de\/wp-json\/wp\/v2\/pages\/22697\/revisions\/31297"}],"up":[{"embeddable":true,"href":"https:\/\/relaxsrl.com\/de\/wp-json\/wp\/v2\/pages\/22678"}],"wp:featuredmedia":[{"embeddable":true,"href":"https:\/\/relaxsrl.com\/de\/wp-json\/wp\/v2\/media\/31287"}],"wp:attachment":[{"href":"https:\/\/relaxsrl.com\/de\/wp-json\/wp\/v2\/media?parent=22697"}],"curies":[{"name":"wp","href":"https:\/\/api.w.org\/{rel}","templated":true}]}}