{"id":22701,"date":"2022-08-10T15:25:16","date_gmt":"2022-08-10T13:25:16","guid":{"rendered":"https:\/\/relaxsrl.com\/anleitung-zur-auswahl\/duschkabine-mit-schiebetuer\/"},"modified":"2022-11-18T12:07:59","modified_gmt":"2022-11-18T11:07:59","slug":"duschkabine-mit-schiebetuer","status":"publish","type":"page","link":"https:\/\/relaxsrl.com\/de\/anleitung-zur-auswahl\/duschkabine-mit-schiebetuer\/","title":{"rendered":"Duschkabine mit Schiebet\u00fcr"},"content":{"rendered":"<p>[vc_row full_width=&#8220;stretch_row&#8220; content_placement=&#8220;middle&#8220; el_class=&#8220;intro-row intro-row-grey&#8220;][vc_column][vc_column_text]<\/p>\n<h1>Duschkabine mit Schiebet\u00fcr<\/h1>\n<p>[\/vc_column_text][\/vc_column][\/vc_row][vc_row el_class=&#8220;row-path&#8220;][vc_column][vc_column_text][\/vc_column_text][\/vc_column][\/vc_row][vc_row][vc_column][vc_single_image image=&#8220;2363&#8243; img_size=&#8220;full&#8220;][\/vc_column][\/vc_row][vc_row][vc_column width=&#8220;1\/6&#8243;][\/vc_column][vc_column width=&#8220;2\/3&#8243;][vc_empty_space height=&#8220;40px&#8220;][vc_column_text el_class=&#8220;txt-blue abstract weight500&#8243;]Die Duschkabine mit Schiebet\u00fcren besteht aus einer oder mehreren festen Paneelen und einer oder mehreren Schiebeplatten, je nach Gr\u00f6\u00dfe der Duschkabine.[\/vc_column_text][vc_empty_space height=&#8220;35px&#8220;][\/vc_column][\/vc_row][vc_row][vc_column width=&#8220;1\/6&#8243;][\/vc_column][vc_column width=&#8220;2\/3&#8243;][vc_column_text]<\/p>\n<ul>\n<li><a class=\"link-interno link-interno-paragrafo-1\" href=\"#\">Schiebet\u00fcr: Eigenschaften der Schiebet\u00fcr<\/a><\/li>\n<li><a class=\"link-interno link-interno-paragrafo-2\" href=\"#\">Schiebet\u00fcr: Zubeh\u00f6r<\/a><\/li>\n<li><a class=\"link-interno link-interno-paragrafo-3\" href=\"#\">Vorteile der Schiebet\u00fcr<\/a><\/li>\n<li><a class=\"link-interno link-interno-paragrafo-4\" href=\"#\">Das sollten Sie vermeiden <\/a><\/li>\n<\/ul>\n<p>[\/vc_column_text][vc_empty_space height=&#8220;40px&#8220;][\/vc_column][\/vc_row][vc_row el_id=&#8220;paragrafo-1&#8243;][vc_column width=&#8220;1\/6&#8243;][\/vc_column][vc_column width=&#8220;2\/3&#8243;][vc_column_text]<\/p>\n<h2>Schiebet\u00fcr: Zubeh\u00f6r<\/h2>\n<p>Es gibt Versionen von Schiebet\u00fcren mit Soft Close, das hei\u00dft ein Soft-Close-System, die das Schlie\u00dfen der T\u00fcr verlangsamt, damit sie nicht aufprallen kann. Es wird in den Duschkabinen ab 120 cm angeboten, d.h. bei Eckduschkabinen mit T\u00fcr und einem festen Teil oder bei Nischenduschkabinen. Bei einer Eckduschkabine mit zwei T\u00fcren sind die in der Regel geringen Abmessungen f\u00fcr diese L\u00f6sung technisch nicht geeignet.<br \/>\nBei einigen Modellen besteht die M\u00f6glichkeit, die T\u00fcre von unten zu l\u00f6sen und das Glas an der Oberseite zu befestigen, um die Fenster einfacher zu reinigen. Zum Beispiel bieten wir dies im Relax an, wenn spezielle Gr\u00f6\u00dfen ben\u00f6tigt werden, bei denen sich die feste T\u00fcr und die Schiebet\u00fcr \u00fcberschneiden.[\/vc_column_text][vc_empty_space height=&#8220;40px&#8220;][\/vc_column][\/vc_row][vc_row el_id=&#8220;paragrafo-2&#8243;][vc_column width=&#8220;1\/6&#8243;][\/vc_column][vc_column width=&#8220;2\/3&#8243;][vc_column_text]<\/p>\n<h2>Schiebet\u00fcr: Zubeh\u00f6r<\/h2>\n<p>Es gibt Versionen von Schiebet\u00fcren mit Soft Close, das hei\u00dft ein Soft-Close-System, die das Schlie\u00dfen der T\u00fcr verlangsamt, damit sie nicht aufprallen kann. Es wird in den Duschkabinen ab 120 cm angeboten, d.h. bei Eckduschkabinen mit T\u00fcr und einem festen Teil oder bei Nischenduschkabinen. Bei einer Eckduschkabine mit zwei T\u00fcren sind die in der Regel geringen Abmessungen f\u00fcr diese L\u00f6sung technisch nicht geeignet.<br \/>\nBei einigen Modellen besteht die M\u00f6glichkeit, die T\u00fcre von unten zu l\u00f6sen und das Glas an der Oberseite zu befestigen, um die Fenster einfacher zu reinigen. Zum Beispiel bieten wir dies im Relax an, wenn spezielle Gr\u00f6\u00dfen ben\u00f6tigt werden, bei denen sich die feste T\u00fcr und die Schiebet\u00fcr \u00fcberschneiden.[\/vc_column_text][vc_empty_space height=&#8220;40px&#8220;][\/vc_column][\/vc_row][vc_row el_id=&#8220;paragrafo-3&#8243;][vc_column width=&#8220;1\/6&#8243;][\/vc_column][vc_column width=&#8220;2\/3&#8243;][vc_column_text]<\/p>\n<h2>Vorteile der Schiebet\u00fcr<\/h2>\n<p>Die Duschkabinen mit Schiebet\u00fcr bieten absolute Freiheit bei der Wahl der Gr\u00f6\u00dfe, da alle Duschkabinen einfach auf der festen Seite bedient werden k\u00f6nnen. Die perfekte L\u00f6sung mit T\u00fcren, die keinen Platz im restlichen Raum einnehmen und keine Tropfen an die Au\u00dfenseite der Duschkabinen abgeben, au\u00dferdem auch gut luftdicht, insbesondere wenn es einen Unterbau gibt.[\/vc_column_text][vc_empty_space height=&#8220;40px&#8220;][\/vc_column][\/vc_row][vc_row el_id=&#8220;paragrafo-4&#8243;][vc_column width=&#8220;1\/6&#8243;][\/vc_column][vc_column width=&#8220;2\/3&#8243;][vc_column_text]<\/p>\n<h2>Das sollten Sie vermeiden<\/h2>\n<p>Die L\u00f6sung mit Schiebet\u00fcren reduziert den Zugang. Es ist daher zu ber\u00fccksichtigen, dass die Struktur aus Profilen, festem Glas und \u00fcberlappenden Scheiben die tats\u00e4chliche Eintrittsfl\u00e4che mindestens halbieren wird. Aus diesem Grund ist die Schiebet\u00fcr in der Nische nicht empfehlenswert, wenn die zu verwendende Seite weniger als 100 cm lang ist. Ein weiteres Element, das davon abraten kann, ist die Verwendung von optisch beeintr\u00e4chtigten Aluminiumrahmen.[\/vc_column_text][vc_empty_space height=&#8220;40px&#8220;][\/vc_column][\/vc_row][vc_row][vc_column][vc_empty_space height=&#8220;50px&#8220;][vc_column_text]<\/p>\n<h3 style=\"text-align: center;\">Einige Beispiele von Duscht\u00fcren Relax<\/h3>\n<p>[\/vc_column_text][vc_empty_space height=&#8220;30px&#8220;]<div class=\"woocommerce columns-4 \"><ul class=\"products columns-4\">\n<li class=\"product type-product post-21158 status-publish first instock product_cat-3-lati-de product_cat-3-lati-en product_cat-3-lati-fr product_cat-3- product_cat-angolare-en product_cat-angolare-de product_cat-angulaire product_cat-axia-fr product_cat-axia-en product_cat-axia-de product_cat-axia-ru product_cat-box-doccia-de product_cat-box-doccia-en product_cat-box-doccia-industriale product_cat-cabine-de-douche product_cat-guide-de-selection-cabines-de-douche-industrielles product_cat-collections product_cat-collections-en product_cat-angulaire-coulissante product_cat-guide-de-selection-coulissante product_cat-guida-alla-scelta-de product_cat-selection-guide-en product_cat-guide-de-selection product_cat-selection-guide product_cat-collezioni-de product_cat-scorrevole-fr product_cat-scorrevole-de-6 product_cat-selection-guide-scorrevole product_cat-scorrevole product_cat-scorrevole-de product_cat-scorrevole-de-2 product_cat-angular-sliding product_cat-tipologia-prodotto-de product_cat-tipologia-prodotto-en product_cat-type-de-produit product_cat-1618 product_cat-1568 product_cat-1599 product_cat-1610 product_cat-1632 product_cat-3--- product_cat-1594 product_cat-1617 product_cat-1626 has-post-thumbnail shipping-taxable product-type-simple\">\n\t<div class=\"woocommerce-loop-product__short_description\" itemprop=\"description\"><a href=\"https:\/\/relaxsrl.com\/de\/produkt\/axia-sf-axia-f\/\" class=\"woocommerce-LoopProduct-link woocommerce-loop-product__link\"><p>Duschabtrennung mit Schiebet\u00fcr und sichtbarem Schiebesystem.<\/p>\n<\/a><\/div><\/li>\n<li class=\"product type-product post-21112 status-publish instock product_cat-3-lati-de product_cat-3-lati-en product_cat-3-lati-fr product_cat-3- product_cat-angolare-en product_cat-angolare-de product_cat-angulaire product_cat-selection-guide-big-shower-enclosures product_cat-box-doccia-de product_cat-box-doccia-en product_cat-cabina-doccia-grande product_cat-cabine-de-douche product_cat-collections product_cat-collections-en product_cat-angulaire-coulissante product_cat-guide-de-selection-coulissante product_cat-evox-fr product_cat-evox-de product_cat-evox-ru product_cat-evox-en product_cat-guide-de-selection-grande-cabine-de-douche product_cat-selection-guide-en product_cat-guida-alla-scelta-de product_cat-guide-de-selection product_cat-collezioni-de product_cat-scorrevole-fr product_cat-scorrevole-de-6 product_cat-scorrevole-de product_cat-scorrevole-de-2 product_cat-scorrevole product_cat-selection-guide-scorrevole product_cat-angular-sliding product_cat-tipologia-prodotto-de product_cat-tipologia-prodotto-en product_cat-type-de-produit product_cat-1603 product_cat-1618 product_cat-1568 product_cat-1610 product_cat-1632 product_cat-3--- product_cat-1594 product_cat-1617 product_cat-1626 has-post-thumbnail shipping-taxable product-type-simple\">\n\t<div class=\"woocommerce-loop-product__short_description\" itemprop=\"description\"><a href=\"https:\/\/relaxsrl.com\/de\/produkt\/evox-sf-evox-f\/\" class=\"woocommerce-LoopProduct-link woocommerce-loop-product__link\"><p>Eckduschabtrennung mit Schiebet\u00fcr, fester Seitenwand und Soft-Close-System.<\/p>\n<\/a><\/div><\/li>\n<li class=\"product type-product post-28952 status-publish instock product_cat-3-lati-en product_cat-3-lati-fr product_cat-3-lati-de product_cat-3- product_cat-angolare-de product_cat-angolare-en product_cat-angulaire product_cat-selection-guide-big-shower-enclosures product_cat-box-doccia-de product_cat-box-doccia-en product_cat-cabina-doccia-grande product_cat-cabine-de-douche product_cat-collections product_cat-collections-en product_cat-guide-de-selection-coulissante product_cat-angulaire-coulissante product_cat-evox-ru product_cat-evox-fr product_cat-evox-de product_cat-evox-en product_cat-guide-de-selection-grande-cabine-de-douche product_cat-selection-guide-en product_cat-guida-alla-scelta-de product_cat-guide-de-selection product_cat-collezioni-de product_cat-scorrevole-de-2 product_cat-scorrevole product_cat-scorrevole-de-6 product_cat-scorrevole-fr product_cat-selection-guide-scorrevole product_cat-scorrevole-de product_cat-angular-sliding product_cat-tipologia-prodotto-en product_cat-tipologia-prodotto-de product_cat-type-de-produit product_cat-1603 product_cat-1618 product_cat-1568 product_cat-3--- product_cat-1610 product_cat-1632 product_cat-1594 product_cat-1617 product_cat-1626 has-post-thumbnail shipping-taxable product-type-simple\">\n\t<div class=\"woocommerce-loop-product__short_description\" itemprop=\"description\"><a href=\"https:\/\/relaxsrl.com\/de\/produkt\/evox-sf-f-f4\/\" class=\"woocommerce-LoopProduct-link woocommerce-loop-product__link\"><p>Mittelwand-Duschkabine mit Schiebet\u00fcr, zwei festen Seiten und Soft-Close-System.<\/p>\n<\/a><\/div><\/li>\n<li class=\"product type-product post-21104 status-publish last instock product_cat-3-lati-en product_cat-3-lati-de product_cat-3-lati-fr product_cat-3- product_cat-angolare-en product_cat-angolare-de product_cat-angulaire product_cat-box-doccia-en product_cat-box-doccia-de product_cat-cabine-de-douche product_cat-collections product_cat-collections-en product_cat-angulaire-coulissante product_cat-guide-de-selection-coulissante product_cat-guida-alla-scelta-de product_cat-selection-guide-en product_cat-guide-de-selection product_cat-collezioni-de product_cat-scorrevole-de product_cat-scorrevole-de-2 product_cat-scorrevole-de-6 product_cat-scorrevole product_cat-selection-guide-scorrevole product_cat-scorrevole-fr product_cat-angular-sliding product_cat-tipologia-prodotto-de product_cat-tipologia-prodotto-en product_cat-type-de-produit product_cat-unico-fr product_cat-unico-de product_cat-unico-ru product_cat-unico-en product_cat-1618 product_cat-1568 product_cat-3--- product_cat-1610 product_cat-1632 product_cat-1594 product_cat-1617 product_cat-1626 has-post-thumbnail shipping-taxable product-type-simple\">\n\t<div class=\"woocommerce-loop-product__short_description\" itemprop=\"description\"><a href=\"https:\/\/relaxsrl.com\/de\/produkt\/unico-a-unico-a\/\" class=\"woocommerce-LoopProduct-link woocommerce-loop-product__link\"><p>Duschabtrennung mit doppelter Schiebet\u00fcr und anpassbarem oberen Zierprofil.<\/p>\n<\/a><\/div><\/li>\n<\/ul>\n<\/div>[\/vc_column][\/vc_row][vc_row full_width=&#8220;stretch_row_content_no_spaces&#8220; equal_height=&#8220;yes&#8220; content_placement=&#8220;middle&#8220; el_class=&#8220;row-over-footer row-cta-over-footer&#8220;][vc_column width=&#8220;1\/2&#8243;][vc_single_image image=&#8220;2367&#8243; img_size=&#8220;full&#8220;][\/vc_column][vc_column width=&#8220;1\/2&#8243; css=&#8220;.vc_custom_1632907844123{background-image: url(http:\/\/relaxsrl.com\/wp-content\/uploads\/2021\/09\/cta-scorrevole-opaco.jpg?id=2368) !important;background-position: center !important;background-repeat: no-repeat !important;background-size: cover !important;}&#8220; el_class=&#8220;row-cta-over-footer-col-text&#8220;][vc_row_inner][vc_column_inner width=&#8220;1\/4&#8243;][\/vc_column_inner][vc_column_inner width=&#8220;1\/2&#8243;][vc_column_text]<\/p>\n<h2 style=\"text-align: center;\">Gestalten Sie Ihre Duschkabine mit Schiebet\u00fcren Relax<\/h2>\n<p style=\"text-align: center;\">Zeichnen Sie mit dem praktischen Duschkabinenkonfigurator Relax die Dusche mit Schiebet\u00fcren f\u00fcr Sie.<\/p>\n<p>[\/vc_column_text][vc_btn title=&#8220;GEHE SIE ZUM KONFIGURATOR&#8220; style=&#8220;classic&#8220; shape=&#8220;square&#8220; color=&#8220;white&#8220; align=&#8220;center&#8220; el_class=&#8220;btn-default-white&#8220; link=&#8220;url:https%3A%2F%2Frelaxsrl.com%2Fde%2Fprodukte%2Fkonfigurator%2F|title:GEHE%20SIE%20ZUM%20KONFIGURATOR&#8220;][\/vc_column_inner][vc_column_inner width=&#8220;1\/4&#8243;][\/vc_column_inner][\/vc_row_inner][\/vc_column][\/vc_row]<\/p>\n","protected":false},"excerpt":{"rendered":"<p>[vc_row full_width=&#8220;stretch_row&#8220; content_placement=&#8220;middle&#8220; el_class=&#8220;intro-row intro-row-grey&#8220;][vc_column][vc_column_text] Duschkabine mit Schiebet\u00fcr [\/vc_column_text][\/vc_column][\/vc_row][vc_row el_class=&#8220;row-path&#8220;][vc_column][vc_column_text][\/vc_column_text][\/vc_column][\/vc_row][vc_row][vc_column][vc_single_image image=&#8220;2363&#8243; img_size=&#8220;full&#8220;][\/vc_column][\/vc_row][vc_row][vc_column width=&#8220;1\/6&#8243;][\/vc_column][vc_column width=&#8220;2\/3&#8243;][vc_empty_space height=&#8220;40px&#8220;][vc_column_text el_class=&#8220;txt-blue abstract weight500&#8243;]Die Duschkabine mit Schiebet\u00fcren besteht aus einer oder mehreren festen Paneelen und einer oder mehreren Schiebeplatten, je nach Gr\u00f6\u00dfe der Duschkabine.[\/vc_column_text][vc_empty_space height=&#8220;35px&#8220;][\/vc_column][\/vc_row][vc_row][vc_column width=&#8220;1\/6&#8243;][\/vc_column][vc_column width=&#8220;2\/3&#8243;][vc_column_text] Schiebet\u00fcr: Eigenschaften der Schiebet\u00fcr Schiebet\u00fcr: Zubeh\u00f6r Vorteile der Schiebet\u00fcr Das sollten Sie vermeiden [\/vc_column_text][vc_empty_space [&hellip;]<\/p>\n","protected":false},"author":3,"featured_media":2363,"parent":22678,"menu_order":0,"comment_status":"closed","ping_status":"closed","template":"","meta":[],"acf":[],"yoast_head":"<!-- This site is optimized with the Yoast SEO Premium plugin v18.4 (Yoast SEO v18.8) - https:\/\/yoast.com\/wordpress\/plugins\/seo\/ -->\n<title>Duschkabine mit Schiebet\u00fcr - Relax srl<\/title>\n<meta name=\"description\" content=\"Die Schiebet\u00fcr-Duschabtrennung besteht je nach Gr\u00f6\u00dfe der Duschabtrennung aus Schiebepaneelen auf einer Laufschiene.\" \/>\n<meta name=\"robots\" content=\"index, follow, max-snippet:-1, max-image-preview:large, max-video-preview:-1\" \/>\n<link rel=\"canonical\" href=\"https:\/\/relaxsrl.com\/de\/anleitung-zur-auswahl\/duschkabine-mit-schiebetuer\/\" \/>\n<meta property=\"og:locale\" content=\"de_DE\" \/>\n<meta property=\"og:type\" content=\"article\" \/>\n<meta property=\"og:title\" content=\"Duschkabine mit Schiebet\u00fcr - Relax srl\" \/>\n<meta property=\"og:description\" content=\"Die Schiebet\u00fcr-Duschabtrennung besteht je nach Gr\u00f6\u00dfe der Duschabtrennung aus Schiebepaneelen auf einer Laufschiene.\" \/>\n<meta property=\"og:url\" content=\"https:\/\/relaxsrl.com\/de\/anleitung-zur-auswahl\/duschkabine-mit-schiebetuer\/\" \/>\n<meta property=\"og:site_name\" content=\"Relax srl\" \/>\n<meta property=\"article:modified_time\" content=\"2022-11-18T11:07:59+00:00\" \/>\n<meta name=\"twitter:card\" content=\"summary_large_image\" \/>\n<meta name=\"twitter:label1\" content=\"Gesch\u00e4tzte Lesezeit\" \/>\n\t<meta name=\"twitter:data1\" content=\"4 Minuten\" \/>\n<script type=\"application\/ld+json\" class=\"yoast-schema-graph\">{\"@context\":\"https:\/\/schema.org\",\"@graph\":[{\"@type\":\"WebSite\",\"@id\":\"https:\/\/relaxsrl.com\/#website\",\"url\":\"https:\/\/relaxsrl.com\/\",\"name\":\"Relax srl\",\"description\":\"\",\"potentialAction\":[{\"@type\":\"SearchAction\",\"target\":{\"@type\":\"EntryPoint\",\"urlTemplate\":\"https:\/\/relaxsrl.com\/?s={search_term_string}\"},\"query-input\":\"required name=search_term_string\"}],\"inLanguage\":\"de-DE\"},{\"@type\":\"ImageObject\",\"inLanguage\":\"de-DE\",\"@id\":\"https:\/\/relaxsrl.com\/de\/anleitung-zur-auswahl\/duschkabine-mit-schiebetuer\/#primaryimage\",\"url\":\"https:\/\/relaxsrl.com\/website\/wp-content\/uploads\/2021\/09\/EVOX_SC1_1.jpg\",\"contentUrl\":\"https:\/\/relaxsrl.com\/website\/wp-content\/uploads\/2021\/09\/EVOX_SC1_1.jpg\",\"width\":1500,\"height\":1042,\"caption\":\"Duschabtrennung mit Schiebet\u00fcr in Nische\"},{\"@type\":\"WebPage\",\"@id\":\"https:\/\/relaxsrl.com\/de\/anleitung-zur-auswahl\/duschkabine-mit-schiebetuer\/#webpage\",\"url\":\"https:\/\/relaxsrl.com\/de\/anleitung-zur-auswahl\/duschkabine-mit-schiebetuer\/\",\"name\":\"Duschkabine mit Schiebet\u00fcr - Relax srl\",\"isPartOf\":{\"@id\":\"https:\/\/relaxsrl.com\/#website\"},\"primaryImageOfPage\":{\"@id\":\"https:\/\/relaxsrl.com\/de\/anleitung-zur-auswahl\/duschkabine-mit-schiebetuer\/#primaryimage\"},\"datePublished\":\"2022-08-10T13:25:16+00:00\",\"dateModified\":\"2022-11-18T11:07:59+00:00\",\"description\":\"Die Schiebet\u00fcr-Duschabtrennung besteht je nach Gr\u00f6\u00dfe der Duschabtrennung aus Schiebepaneelen auf einer Laufschiene.\",\"breadcrumb\":{\"@id\":\"https:\/\/relaxsrl.com\/de\/anleitung-zur-auswahl\/duschkabine-mit-schiebetuer\/#breadcrumb\"},\"inLanguage\":\"de-DE\",\"potentialAction\":[{\"@type\":\"ReadAction\",\"target\":[\"https:\/\/relaxsrl.com\/de\/anleitung-zur-auswahl\/duschkabine-mit-schiebetuer\/\"]}]},{\"@type\":\"BreadcrumbList\",\"@id\":\"https:\/\/relaxsrl.com\/de\/anleitung-zur-auswahl\/duschkabine-mit-schiebetuer\/#breadcrumb\",\"itemListElement\":[{\"@type\":\"ListItem\",\"position\":1,\"name\":\"Anleitung zur Auswahl\",\"item\":\"https:\/\/relaxsrl.com\/de\/anleitung-zur-auswahl\/\"},{\"@type\":\"ListItem\",\"position\":2,\"name\":\"Duschkabine mit Schiebet\u00fcr\"}]}]}<\/script>\n<!-- \/ Yoast SEO Premium plugin. -->","yoast_head_json":{"title":"Duschkabine mit Schiebet\u00fcr - Relax srl","description":"Die Schiebet\u00fcr-Duschabtrennung besteht je nach Gr\u00f6\u00dfe der Duschabtrennung aus Schiebepaneelen auf einer Laufschiene.","robots":{"index":"index","follow":"follow","max-snippet":"max-snippet:-1","max-image-preview":"max-image-preview:large","max-video-preview":"max-video-preview:-1"},"canonical":"https:\/\/relaxsrl.com\/de\/anleitung-zur-auswahl\/duschkabine-mit-schiebetuer\/","og_locale":"de_DE","og_type":"article","og_title":"Duschkabine mit Schiebet\u00fcr - Relax srl","og_description":"Die Schiebet\u00fcr-Duschabtrennung besteht je nach Gr\u00f6\u00dfe der Duschabtrennung aus Schiebepaneelen auf einer Laufschiene.","og_url":"https:\/\/relaxsrl.com\/de\/anleitung-zur-auswahl\/duschkabine-mit-schiebetuer\/","og_site_name":"Relax srl","article_modified_time":"2022-11-18T11:07:59+00:00","twitter_card":"summary_large_image","twitter_misc":{"Gesch\u00e4tzte Lesezeit":"4 Minuten"},"schema":{"@context":"https:\/\/schema.org","@graph":[{"@type":"WebSite","@id":"https:\/\/relaxsrl.com\/#website","url":"https:\/\/relaxsrl.com\/","name":"Relax srl","description":"","potentialAction":[{"@type":"SearchAction","target":{"@type":"EntryPoint","urlTemplate":"https:\/\/relaxsrl.com\/?s={search_term_string}"},"query-input":"required name=search_term_string"}],"inLanguage":"de-DE"},{"@type":"ImageObject","inLanguage":"de-DE","@id":"https:\/\/relaxsrl.com\/de\/anleitung-zur-auswahl\/duschkabine-mit-schiebetuer\/#primaryimage","url":"https:\/\/relaxsrl.com\/website\/wp-content\/uploads\/2021\/09\/EVOX_SC1_1.jpg","contentUrl":"https:\/\/relaxsrl.com\/website\/wp-content\/uploads\/2021\/09\/EVOX_SC1_1.jpg","width":1500,"height":1042,"caption":"Duschabtrennung mit Schiebet\u00fcr in Nische"},{"@type":"WebPage","@id":"https:\/\/relaxsrl.com\/de\/anleitung-zur-auswahl\/duschkabine-mit-schiebetuer\/#webpage","url":"https:\/\/relaxsrl.com\/de\/anleitung-zur-auswahl\/duschkabine-mit-schiebetuer\/","name":"Duschkabine mit Schiebet\u00fcr - Relax srl","isPartOf":{"@id":"https:\/\/relaxsrl.com\/#website"},"primaryImageOfPage":{"@id":"https:\/\/relaxsrl.com\/de\/anleitung-zur-auswahl\/duschkabine-mit-schiebetuer\/#primaryimage"},"datePublished":"2022-08-10T13:25:16+00:00","dateModified":"2022-11-18T11:07:59+00:00","description":"Die Schiebet\u00fcr-Duschabtrennung besteht je nach Gr\u00f6\u00dfe der Duschabtrennung aus Schiebepaneelen auf einer Laufschiene.","breadcrumb":{"@id":"https:\/\/relaxsrl.com\/de\/anleitung-zur-auswahl\/duschkabine-mit-schiebetuer\/#breadcrumb"},"inLanguage":"de-DE","potentialAction":[{"@type":"ReadAction","target":["https:\/\/relaxsrl.com\/de\/anleitung-zur-auswahl\/duschkabine-mit-schiebetuer\/"]}]},{"@type":"BreadcrumbList","@id":"https:\/\/relaxsrl.com\/de\/anleitung-zur-auswahl\/duschkabine-mit-schiebetuer\/#breadcrumb","itemListElement":[{"@type":"ListItem","position":1,"name":"Anleitung zur Auswahl","item":"https:\/\/relaxsrl.com\/de\/anleitung-zur-auswahl\/"},{"@type":"ListItem","position":2,"name":"Duschkabine mit Schiebet\u00fcr"}]}]}},"_links":{"self":[{"href":"https:\/\/relaxsrl.com\/de\/wp-json\/wp\/v2\/pages\/22701"}],"collection":[{"href":"https:\/\/relaxsrl.com\/de\/wp-json\/wp\/v2\/pages"}],"about":[{"href":"https:\/\/relaxsrl.com\/de\/wp-json\/wp\/v2\/types\/page"}],"author":[{"embeddable":true,"href":"https:\/\/relaxsrl.com\/de\/wp-json\/wp\/v2\/users\/3"}],"replies":[{"embeddable":true,"href":"https:\/\/relaxsrl.com\/de\/wp-json\/wp\/v2\/comments?post=22701"}],"version-history":[{"count":4,"href":"https:\/\/relaxsrl.com\/de\/wp-json\/wp\/v2\/pages\/22701\/revisions"}],"predecessor-version":[{"id":24447,"href":"https:\/\/relaxsrl.com\/de\/wp-json\/wp\/v2\/pages\/22701\/revisions\/24447"}],"up":[{"embeddable":true,"href":"https:\/\/relaxsrl.com\/de\/wp-json\/wp\/v2\/pages\/22678"}],"wp:featuredmedia":[{"embeddable":true,"href":"https:\/\/relaxsrl.com\/de\/wp-json\/wp\/v2\/media\/2363"}],"wp:attachment":[{"href":"https:\/\/relaxsrl.com\/de\/wp-json\/wp\/v2\/media?parent=22701"}],"curies":[{"name":"wp","href":"https:\/\/api.w.org\/{rel}","templated":true}]}}