{"id":22705,"date":"2022-08-10T15:47:25","date_gmt":"2022-08-10T13:47:25","guid":{"rendered":"https:\/\/relaxsrl.com\/anleitung-zur-auswahl\/eckduschkabine\/"},"modified":"2022-11-15T11:16:41","modified_gmt":"2022-11-15T10:16:41","slug":"eckduschkabine","status":"publish","type":"page","link":"https:\/\/relaxsrl.com\/de\/anleitung-zur-auswahl\/eckduschkabine\/","title":{"rendered":"Eckduschkabine"},"content":{"rendered":"<p>[vc_row full_width=&#8220;stretch_row&#8220; content_placement=&#8220;middle&#8220; el_class=&#8220;intro-row intro-row-grey&#8220;][vc_column][vc_column_text]<\/p>\n<h1>Eckduschkabine<\/h1>\n<p>[\/vc_column_text][\/vc_column][\/vc_row][vc_row el_class=&#8220;row-path&#8220;][vc_column][vc_column_text][\/vc_column_text][\/vc_column][\/vc_row][vc_row][vc_column][vc_single_image image=&#8220;2207&#8243; img_size=&#8220;full&#8220;][\/vc_column][\/vc_row][vc_row][vc_column width=&#8220;1\/6&#8243;][\/vc_column][vc_column width=&#8220;2\/3&#8243;][vc_empty_space height=&#8220;40px&#8220;][vc_column_text el_class=&#8220;txt-blue abstract weight500&#8243;]Die Eckduschkabine oder zweiseitige Kabine ist die g\u00e4ngigste L\u00f6sung, denn sie bietet unz\u00e4hlige Modelle und \u00d6ffnungen f\u00fcr ganz unterschiedliche L\u00f6sungen, von den g\u00fcnstigsten zu den teuersten, mit unterschiedlichen Stilen.[\/vc_column_text][vc_empty_space height=&#8220;35px&#8220;][\/vc_column][\/vc_row][vc_row][vc_column width=&#8220;1\/6&#8243;][\/vc_column][vc_column width=&#8220;2\/3&#8243;][vc_column_text]<\/p>\n<ul>\n<li><a class=\"link-interno link-interno-paragrafo-1\" href=\"#\">Eckduschkabine : Eigenschaften<\/a><\/li>\n<li><a class=\"link-interno link-interno-paragrafo-2\" href=\"#\">Eckduschkabine: T\u00fcren<\/a><\/li>\n<li><a class=\"link-interno link-interno-paragrafo-3\" href=\"#\">Vorteile der Eckdusche<\/a><\/li>\n<\/ul>\n<p>[\/vc_column_text][vc_empty_space height=&#8220;40px&#8220;][\/vc_column][\/vc_row][vc_row el_id=&#8220;paragrafo-1&#8243;][vc_column width=&#8220;1\/6&#8243;][\/vc_column][vc_column width=&#8220;2\/3&#8243;][vc_column_text]<\/p>\n<h2>Eckdusche: Eigenschaften<\/h2>\n<p>In der Eckduschkabine wird eine Duschkabine mit zwei Seiten an einer Badezimmerecke aufgestellt, die aus einer Kreuzung von zwei W\u00e4nden besteht. Aus diesem Grund wird sie auch als zweiseitige Duschkabine bezeichnet.<br \/>\nSie kann sowohl aus zwei T\u00fcren als auch nur einer T\u00fcr und einer festeingebauten Platte bestehen; mit einer Duschplatte \u00fcber dem Boden oder am Fu\u00dfboden, aber auch ohne Duschplatte mit der Dusche direkt auf die Fliesen montiert.<br \/>\nDie Option ist vielseitig einsetzbar bei der Anzahl der Modelle, damit sowohl g\u00fcnstige Duschkabinen als auch Luxus-Duschkabinen entstehen k\u00f6nnen, aber auch eine platzsparende kleine Duschkabine oder umgekehrt eine gro\u00dfe oder f\u00fcr zwei Personen geeignete Duschkabine. Diese wird oft als L\u00f6sung f\u00fcr den Ersatz der Wanne verwendet.[\/vc_column_text][vc_empty_space height=&#8220;40px&#8220;][\/vc_column][\/vc_row][vc_row el_id=&#8220;paragrafo-2&#8243;][vc_column width=&#8220;1\/6&#8243;][\/vc_column][vc_column width=&#8220;2\/3&#8243;][vc_column_text]<\/p>\n<h2>Eckduschkabine: T\u00fcren<\/h2>\n<ul>\n<li>Walk-in f\u00fcr sehr praktische und optisch leichte L\u00f6sungen. Da es sich um eine L\u00f6sung ohne T\u00fcr handelt, wird die Verwendung empfohlen, wenn mehr als 120 cm Platz zur Verf\u00fcgung steht und der Duschkopf in der R\u00fcckwand gegen\u00fcber dem Eingang steht.<br \/>\nBei kleineren Abmessungen m\u00fcssten Spritzer von Wasser im Freien beim Gebrauch akzeptiert werden . Achtung: mit Relax kann die Walk-In-Wand von der T\u00fcr aus auch nachtr\u00e4glich erg\u00e4nzt werden.<\/li>\n<li>Faltt\u00fcr f\u00fcr alle Arten von L\u00f6sungen, von den g\u00fcnstigsten zu den teuersten . Auch f\u00fcr Menschen mit Behinderungen oder eingeschr\u00e4nkter Mobilit\u00e4t ist das Zusammenspiel mit zwei Fl\u00fcgelt\u00fcren optimal. Die Eckduschkabine mit einer Fl\u00fcgelt\u00fcr kann entweder zwei T\u00fcren oder eine Fl\u00fcgelt\u00fcr und eine fest angebrachte Platte haben, um dem Vorhandensein eines M\u00f6bels oder Sanit\u00e4ranlage auf der Seite abzuhelfen. Die T\u00fcren k\u00f6nnen von innen und au\u00dfen ge\u00f6ffnet sein. Beim \u00e4u\u00dferen \u00d6ffnen m\u00fcsste das Abtropfen auf dem Boden akzeptiert werden.<\/li>\n<li>Pivot f\u00fcr Duschkabinen Design, oder auch luxuri\u00f6se , schlichte und moderne Kabinen. Ideale L\u00f6sung, wenn Sie die Wand in der N\u00e4he der T\u00fcr nutzen m\u00f6chten: je nach Ihrer Duschkabine variiert der Abstand zwischen Wand und vollst\u00e4ndig ge\u00f6ffneter T\u00fcr zwischen 9 und 18 cm. Auch Pivot-T\u00fcren k\u00f6nnen, wie die Fl\u00fcgelt\u00fcren, von au\u00dfen- und innen ge\u00f6ffnet werden.<\/li>\n<li>Schiebet\u00fcr als L\u00f6sung f\u00fcr alle Arten von g\u00fcnstigen L\u00f6sungen bis zu luxuri\u00f6sen, insbesondere wenn Sanit\u00e4ranlagen und M\u00f6bel in der N\u00e4he sind und der Boden vor dem Auslaufen von Wasser gesch\u00fctzt werden soll. Auch hier gibt es L\u00f6sungen mit zwei T\u00fcren oder einer T\u00fcr und einer festangebrachten Platte. Die erste L\u00f6sung ist platzsparend bei kleinem Raum, die zweite eignet sich f\u00fcr ein gro\u00dfes Badezimmer.<\/li>\n<li>Faltt\u00fcre wird meistens in kleinen B\u00e4dern angewendet. Mit zwei Faltt\u00fcren ist sie eine Option f\u00fcr Behinderte und Personen mit eingeschr\u00e4nkter Mobilit\u00e4t sowie f\u00fcr kleinen Raum. Mit einer Faltt\u00fcr und einer festangebrachten Platte ist es praktisch, wenn M\u00f6bel oder Sanit\u00e4ranlagen auf einer Seite vorhanden sind. Beide L\u00f6sungen k\u00f6nnen verwendet werden, wenn das Auslaufen von Wasser auf dem Boden kein Problem darstellt und es keine Armaturen gibt, die das Einsammeln der T\u00fcren verhindern.<\/li>\n<li>Saloon f\u00fcr eine g\u00fcnstige L\u00f6sung und wenn es au\u00dferhalb der Dusche kleine Bewegungsfl\u00e4chen gibt.<\/li>\n<\/ul>\n<p>[\/vc_column_text][vc_empty_space height=&#8220;40px&#8220;][\/vc_column][\/vc_row][vc_row el_id=&#8220;paragrafo-3&#8243;][vc_column width=&#8220;1\/6&#8243;][\/vc_column][vc_column width=&#8220;2\/3&#8243;][vc_column_text]<\/p>\n<h2>Vorteile der Eckduschkabine<\/h2>\n<p>Die Eckduschkabine ist eine der g\u00e4ngigsten L\u00f6sungen, da sie vielseitig einsetzbar ist und eine der freien Ecken des Badezimmers einnimmt und damit oft einen sehr guten Beitrag zur Optimierung der Innenr\u00e4ume leistet.<br \/>\nEinige Beispiele der Relax Duschkabinen[\/vc_column_text][vc_empty_space height=&#8220;40px&#8220;][\/vc_column][\/vc_row][vc_row][vc_column][vc_empty_space height=&#8220;50px&#8220;][vc_column_text]<\/p>\n<h3 style=\"text-align: center;\">Einige Beispiele der Relax Duschkabinen<\/h3>\n<p>[\/vc_column_text][vc_empty_space height=&#8220;30px&#8220;]<div class=\"woocommerce columns-4 \"><ul class=\"products columns-4\">\n<li class=\"product type-product post-21213 status-publish first instock product_cat-3-lati-en product_cat-3-lati-fr product_cat-3-lati-de product_cat-3- product_cat-angolare-de product_cat-angolare-de-2 product_cat-angolare-en product_cat-angulaire product_cat-guide-de-selection-angulaire product_cat-selection-guide-angular product_cat-angulaire-battante product_cat-battente-de-3 product_cat-battente product_cat-battente-fr product_cat-battente-de-2 product_cat-box-doccia-en product_cat-box-doccia-de product_cat-cabine-de-douche product_cat-collections-en product_cat-collections product_cat-guida-alla-scelta-de product_cat-selection-guide-en product_cat-guide-de-selection product_cat-hinged product_cat-collezioni-de product_cat-tipologia-prodotto-en product_cat-tipologia-prodotto-de product_cat-type-de-produit product_cat-wall-en product_cat-wall-fr product_cat-wall-ru product_cat-wall-de product_cat-1618 product_cat-1568 product_cat-3-- product_cat-1627 product_cat-1594 product_cat-1617 product_cat-1596 product_cat-1626 has-post-thumbnail shipping-taxable product-type-simple\">\n\t<div class=\"woocommerce-loop-product__short_description\" itemprop=\"description\"><a href=\"https:\/\/relaxsrl.com\/de\/produkt\/wall-a-wall-ab\/\" class=\"woocommerce-LoopProduct-link woocommerce-loop-product__link\"><p>Duschabtrennung mit Fl\u00fcgelt\u00fcr gekennzeichnet durch Innen- und Au\u00dfen\u00f6ffnung.<\/p>\n<\/a><\/div><\/li>\n<li class=\"product type-product post-21196 status-publish instock product_cat-angolare-de-2 product_cat-angolare-en product_cat-angolare-de product_cat-guide-de-selection-angulaire product_cat-angulaire product_cat-selection-guide-angular product_cat-box-doccia-en product_cat-box-doccia-de product_cat-box-doccia-lineare product_cat-cabine-de-douche product_cat-guide-de-selection-cabine-de-douche-lineaire product_cat-collections product_cat-collections-en product_cat-selection-guide-en product_cat-guida-alla-scelta-de product_cat-guide-de-selection product_cat-kubik-en product_cat-kubik-fr product_cat-kubik-de product_cat-kubik-ru product_cat-selection-guide-linear-shower-enclosures product_cat-pivot-de product_cat-angulaire-pivot product_cat-guide-de-selection-pivot product_cat-pivot-de-4 product_cat-selection-guide-pivot product_cat-angular-pivot product_cat-collezioni-de product_cat-tipologia-prodotto-de product_cat-tipologia-prodotto-en product_cat-type-de-produit product_cat-1618 product_cat-1568 product_cat-1601 product_cat-1628 product_cat-1609 product_cat-1594 product_cat-1617 product_cat-1596 product_cat-1626 has-post-thumbnail shipping-taxable product-type-simple\">\n\t<div class=\"woocommerce-loop-product__short_description\" itemprop=\"description\"><a href=\"https:\/\/relaxsrl.com\/de\/produkt\/kubik-ab-kubik-f\/\" class=\"woocommerce-LoopProduct-link woocommerce-loop-product__link\"><p>Duschabtrennung mit Schwenkt\u00fcr, mit \u00d6ffnung nach innen und au\u00dfen.<\/p>\n<\/a><\/div><\/li>\n<li class=\"product type-product post-26789 status-publish instock product_cat-angolare-de-2 product_cat-angolare-en product_cat-angolare-de product_cat-angulaire product_cat-guide-de-selection-angulaire product_cat-selection-guide-angular product_cat-box-doccia-en product_cat-box-doccia-de product_cat-cabine-de-douche product_cat-infinito-ru product_cat-infinito-en product_cat-infinito-fr product_cat-infinito-de product_cat-non-classe product_cat-scorrevole product_cat-scorrevole-fr product_cat-scorrevole-de-2 product_cat-senza-categoria-de product_cat-tipologia-prodotto-en product_cat-tipologia-prodotto-de product_cat-type-de-produit product_cat-without-category product_cat-1616 product_cat-1618 product_cat-3--- product_cat-1617 product_cat-1596 product_cat-1626 has-post-thumbnail shipping-taxable product-type-simple\">\n\t<div class=\"woocommerce-loop-product__short_description\" itemprop=\"description\"><a href=\"https:\/\/relaxsrl.com\/de\/produkt\/infinito-sff\/\" class=\"woocommerce-LoopProduct-link woocommerce-loop-product__link\"><p>Eckduschabtrennung mit Magnetschwebe-Schiebet\u00fcr.<\/p>\n<\/a><\/div><\/li>\n<li class=\"product type-product post-21093 status-publish last instock product_cat-3-lati-de product_cat-3-lati-en product_cat-3-lati-fr product_cat-3- product_cat-angolare-de-2 product_cat-angolare-de product_cat-angolare-en product_cat-guide-de-selection-angulaire product_cat-angulaire product_cat-selection-guide-angular product_cat-box-doccia-en product_cat-box-doccia-de product_cat-cabine-de-douche product_cat-collections-en product_cat-collections product_cat-angulaire-coulissante product_cat-selection-guide-en product_cat-guida-alla-scelta-de product_cat-guide-de-selection product_cat-collezioni-de product_cat-scorrevole-fr product_cat-scorrevole product_cat-scorrevole-de-2 product_cat-scorrevole-de product_cat-angular-sliding product_cat-smart-ru product_cat-smart-en product_cat-smart-fr product_cat-smart-de product_cat-tipologia-prodotto-en product_cat-tipologia-prodotto-de product_cat-type-de-produit product_cat-1618 product_cat-1568 product_cat-3--- product_cat-1632 product_cat-1594 product_cat-1617 product_cat-1596 product_cat-1626 has-post-thumbnail shipping-taxable product-type-simple\">\n\t<div class=\"woocommerce-loop-product__short_description\" itemprop=\"description\"><a href=\"https:\/\/relaxsrl.com\/de\/produkt\/smart-a-smart-a\/\" class=\"woocommerce-LoopProduct-link woocommerce-loop-product__link\"><p>Duschabtrennung mit doppelter Schiebet\u00fcr und Schnellverschlusssystem der T\u00fcr.<\/p>\n<\/a><\/div><\/li>\n<\/ul>\n<\/div>[\/vc_column][\/vc_row][vc_row full_width=&#8220;stretch_row_content_no_spaces&#8220; equal_height=&#8220;yes&#8220; content_placement=&#8220;middle&#8220; el_class=&#8220;row-over-footer row-cta-over-footer&#8220;][vc_column width=&#8220;1\/2&#8243;][vc_single_image image=&#8220;2212&#8243; img_size=&#8220;full&#8220;][\/vc_column][vc_column width=&#8220;1\/2&#8243; css=&#8220;.vc_custom_1632904716354{background-image: url(http:\/\/relaxsrl.com\/wp-content\/uploads\/2021\/09\/cta-angolare-opaco.jpg?id=2213) !important;background-position: center !important;background-repeat: no-repeat !important;background-size: cover !important;}&#8220; el_class=&#8220;row-cta-over-footer-col-text&#8220;][vc_row_inner][vc_column_inner width=&#8220;1\/4&#8243;][\/vc_column_inner][vc_column_inner width=&#8220;1\/2&#8243;][vc_column_text]<\/p>\n<h2 style=\"text-align: center;\">Entdecken Sie die Relax-Eckduschkabine<\/h2>\n<p style=\"text-align: center;\">Mit unserem Konfigurator finden Sie Ihre Relax-L\u00f6sung f\u00fcr die Eckdusche.<\/p>\n<p>[\/vc_column_text][vc_btn title=&#8220;GEHE SIE ZUM KONFIGURATOR&#8220; style=&#8220;classic&#8220; shape=&#8220;square&#8220; color=&#8220;white&#8220; align=&#8220;center&#8220; el_class=&#8220;btn-default-white&#8220; link=&#8220;url:https%3A%2F%2Frelaxsrl.com%2Fde%2Fprodukte%2Fkonfigurator%2F|title:Konfigurator&#8220;][\/vc_column_inner][vc_column_inner width=&#8220;1\/4&#8243;][\/vc_column_inner][\/vc_row_inner][\/vc_column][\/vc_row]<\/p>\n","protected":false},"excerpt":{"rendered":"<p>[vc_row full_width=&#8220;stretch_row&#8220; content_placement=&#8220;middle&#8220; el_class=&#8220;intro-row intro-row-grey&#8220;][vc_column][vc_column_text] Eckduschkabine [\/vc_column_text][\/vc_column][\/vc_row][vc_row el_class=&#8220;row-path&#8220;][vc_column][vc_column_text][\/vc_column_text][\/vc_column][\/vc_row][vc_row][vc_column][vc_single_image image=&#8220;2207&#8243; img_size=&#8220;full&#8220;][\/vc_column][\/vc_row][vc_row][vc_column width=&#8220;1\/6&#8243;][\/vc_column][vc_column width=&#8220;2\/3&#8243;][vc_empty_space height=&#8220;40px&#8220;][vc_column_text el_class=&#8220;txt-blue abstract weight500&#8243;]Die Eckduschkabine oder zweiseitige Kabine ist die g\u00e4ngigste L\u00f6sung, denn sie bietet unz\u00e4hlige Modelle und \u00d6ffnungen f\u00fcr ganz unterschiedliche L\u00f6sungen, von den g\u00fcnstigsten zu den teuersten, mit unterschiedlichen Stilen.[\/vc_column_text][vc_empty_space height=&#8220;35px&#8220;][\/vc_column][\/vc_row][vc_row][vc_column width=&#8220;1\/6&#8243;][\/vc_column][vc_column width=&#8220;2\/3&#8243;][vc_column_text] Eckduschkabine : Eigenschaften Eckduschkabine: T\u00fcren Vorteile der Eckdusche [&hellip;]<\/p>\n","protected":false},"author":3,"featured_media":4603,"parent":22678,"menu_order":0,"comment_status":"closed","ping_status":"closed","template":"","meta":[],"acf":[],"yoast_head":"<!-- This site is optimized with the Yoast SEO Premium plugin v18.4 (Yoast SEO v18.8) - https:\/\/yoast.com\/wordpress\/plugins\/seo\/ -->\n<title>Eckduschkabine - Relax srl<\/title>\n<meta name=\"description\" content=\"Die Eckduschkabine oder zweiseitige Kabine ist die g\u00e4ngigste L\u00f6sung, denn sie bietet unz\u00e4hlige Modelle und \u00d6ffnungen f\u00fcr ganz unterschiedliche L\u00f6sungen, von den g\u00fcnstigsten zu den teuersten, mit unterschiedlichen Stilen.\" \/>\n<meta name=\"robots\" content=\"index, follow, max-snippet:-1, max-image-preview:large, max-video-preview:-1\" \/>\n<link rel=\"canonical\" href=\"https:\/\/relaxsrl.com\/de\/anleitung-zur-auswahl\/eckduschkabine\/\" \/>\n<meta property=\"og:locale\" content=\"de_DE\" \/>\n<meta property=\"og:type\" content=\"article\" \/>\n<meta property=\"og:title\" content=\"Eckduschkabine - Relax srl\" \/>\n<meta property=\"og:description\" content=\"Die Eckduschkabine oder zweiseitige Kabine ist die g\u00e4ngigste L\u00f6sung, denn sie bietet unz\u00e4hlige Modelle und \u00d6ffnungen f\u00fcr ganz unterschiedliche L\u00f6sungen, von den g\u00fcnstigsten zu den teuersten, mit unterschiedlichen Stilen.\" \/>\n<meta property=\"og:url\" content=\"https:\/\/relaxsrl.com\/de\/anleitung-zur-auswahl\/eckduschkabine\/\" \/>\n<meta property=\"og:site_name\" content=\"Relax srl\" \/>\n<meta property=\"article:modified_time\" content=\"2022-11-15T10:16:41+00:00\" \/>\n<meta name=\"twitter:card\" content=\"summary_large_image\" \/>\n<meta name=\"twitter:label1\" content=\"Gesch\u00e4tzte Lesezeit\" \/>\n\t<meta name=\"twitter:data1\" content=\"5 Minuten\" \/>\n<script type=\"application\/ld+json\" class=\"yoast-schema-graph\">{\"@context\":\"https:\/\/schema.org\",\"@graph\":[{\"@type\":\"WebSite\",\"@id\":\"https:\/\/relaxsrl.com\/#website\",\"url\":\"https:\/\/relaxsrl.com\/\",\"name\":\"Relax srl\",\"description\":\"\",\"potentialAction\":[{\"@type\":\"SearchAction\",\"target\":{\"@type\":\"EntryPoint\",\"urlTemplate\":\"https:\/\/relaxsrl.com\/?s={search_term_string}\"},\"query-input\":\"required name=search_term_string\"}],\"inLanguage\":\"de-DE\"},{\"@type\":\"ImageObject\",\"inLanguage\":\"de-DE\",\"@id\":\"https:\/\/relaxsrl.com\/de\/anleitung-zur-auswahl\/eckduschkabine\/#primaryimage\",\"url\":\"https:\/\/relaxsrl.com\/website\/wp-content\/uploads\/2021\/09\/AXIA-SFF_slide2.jpg\",\"contentUrl\":\"https:\/\/relaxsrl.com\/website\/wp-content\/uploads\/2021\/09\/AXIA-SFF_slide2.jpg\",\"width\":1920,\"height\":1080,\"caption\":\"axia sf+f box doccia ad angolo con anta scorrevole\"},{\"@type\":\"WebPage\",\"@id\":\"https:\/\/relaxsrl.com\/de\/anleitung-zur-auswahl\/eckduschkabine\/#webpage\",\"url\":\"https:\/\/relaxsrl.com\/de\/anleitung-zur-auswahl\/eckduschkabine\/\",\"name\":\"Eckduschkabine - Relax srl\",\"isPartOf\":{\"@id\":\"https:\/\/relaxsrl.com\/#website\"},\"primaryImageOfPage\":{\"@id\":\"https:\/\/relaxsrl.com\/de\/anleitung-zur-auswahl\/eckduschkabine\/#primaryimage\"},\"datePublished\":\"2022-08-10T13:47:25+00:00\",\"dateModified\":\"2022-11-15T10:16:41+00:00\",\"description\":\"Die Eckduschkabine oder zweiseitige Kabine ist die g\u00e4ngigste L\u00f6sung, denn sie bietet unz\u00e4hlige Modelle und \u00d6ffnungen f\u00fcr ganz unterschiedliche L\u00f6sungen, von den g\u00fcnstigsten zu den teuersten, mit unterschiedlichen Stilen.\",\"breadcrumb\":{\"@id\":\"https:\/\/relaxsrl.com\/de\/anleitung-zur-auswahl\/eckduschkabine\/#breadcrumb\"},\"inLanguage\":\"de-DE\",\"potentialAction\":[{\"@type\":\"ReadAction\",\"target\":[\"https:\/\/relaxsrl.com\/de\/anleitung-zur-auswahl\/eckduschkabine\/\"]}]},{\"@type\":\"BreadcrumbList\",\"@id\":\"https:\/\/relaxsrl.com\/de\/anleitung-zur-auswahl\/eckduschkabine\/#breadcrumb\",\"itemListElement\":[{\"@type\":\"ListItem\",\"position\":1,\"name\":\"Anleitung zur Auswahl\",\"item\":\"https:\/\/relaxsrl.com\/de\/anleitung-zur-auswahl\/\"},{\"@type\":\"ListItem\",\"position\":2,\"name\":\"Eckduschkabine\"}]}]}<\/script>\n<!-- \/ Yoast SEO Premium plugin. -->","yoast_head_json":{"title":"Eckduschkabine - Relax srl","description":"Die Eckduschkabine oder zweiseitige Kabine ist die g\u00e4ngigste L\u00f6sung, denn sie bietet unz\u00e4hlige Modelle und \u00d6ffnungen f\u00fcr ganz unterschiedliche L\u00f6sungen, von den g\u00fcnstigsten zu den teuersten, mit unterschiedlichen Stilen.","robots":{"index":"index","follow":"follow","max-snippet":"max-snippet:-1","max-image-preview":"max-image-preview:large","max-video-preview":"max-video-preview:-1"},"canonical":"https:\/\/relaxsrl.com\/de\/anleitung-zur-auswahl\/eckduschkabine\/","og_locale":"de_DE","og_type":"article","og_title":"Eckduschkabine - Relax srl","og_description":"Die Eckduschkabine oder zweiseitige Kabine ist die g\u00e4ngigste L\u00f6sung, denn sie bietet unz\u00e4hlige Modelle und \u00d6ffnungen f\u00fcr ganz unterschiedliche L\u00f6sungen, von den g\u00fcnstigsten zu den teuersten, mit unterschiedlichen Stilen.","og_url":"https:\/\/relaxsrl.com\/de\/anleitung-zur-auswahl\/eckduschkabine\/","og_site_name":"Relax srl","article_modified_time":"2022-11-15T10:16:41+00:00","twitter_card":"summary_large_image","twitter_misc":{"Gesch\u00e4tzte Lesezeit":"5 Minuten"},"schema":{"@context":"https:\/\/schema.org","@graph":[{"@type":"WebSite","@id":"https:\/\/relaxsrl.com\/#website","url":"https:\/\/relaxsrl.com\/","name":"Relax srl","description":"","potentialAction":[{"@type":"SearchAction","target":{"@type":"EntryPoint","urlTemplate":"https:\/\/relaxsrl.com\/?s={search_term_string}"},"query-input":"required name=search_term_string"}],"inLanguage":"de-DE"},{"@type":"ImageObject","inLanguage":"de-DE","@id":"https:\/\/relaxsrl.com\/de\/anleitung-zur-auswahl\/eckduschkabine\/#primaryimage","url":"https:\/\/relaxsrl.com\/website\/wp-content\/uploads\/2021\/09\/AXIA-SFF_slide2.jpg","contentUrl":"https:\/\/relaxsrl.com\/website\/wp-content\/uploads\/2021\/09\/AXIA-SFF_slide2.jpg","width":1920,"height":1080,"caption":"axia sf+f box doccia ad angolo con anta scorrevole"},{"@type":"WebPage","@id":"https:\/\/relaxsrl.com\/de\/anleitung-zur-auswahl\/eckduschkabine\/#webpage","url":"https:\/\/relaxsrl.com\/de\/anleitung-zur-auswahl\/eckduschkabine\/","name":"Eckduschkabine - Relax srl","isPartOf":{"@id":"https:\/\/relaxsrl.com\/#website"},"primaryImageOfPage":{"@id":"https:\/\/relaxsrl.com\/de\/anleitung-zur-auswahl\/eckduschkabine\/#primaryimage"},"datePublished":"2022-08-10T13:47:25+00:00","dateModified":"2022-11-15T10:16:41+00:00","description":"Die Eckduschkabine oder zweiseitige Kabine ist die g\u00e4ngigste L\u00f6sung, denn sie bietet unz\u00e4hlige Modelle und \u00d6ffnungen f\u00fcr ganz unterschiedliche L\u00f6sungen, von den g\u00fcnstigsten zu den teuersten, mit unterschiedlichen Stilen.","breadcrumb":{"@id":"https:\/\/relaxsrl.com\/de\/anleitung-zur-auswahl\/eckduschkabine\/#breadcrumb"},"inLanguage":"de-DE","potentialAction":[{"@type":"ReadAction","target":["https:\/\/relaxsrl.com\/de\/anleitung-zur-auswahl\/eckduschkabine\/"]}]},{"@type":"BreadcrumbList","@id":"https:\/\/relaxsrl.com\/de\/anleitung-zur-auswahl\/eckduschkabine\/#breadcrumb","itemListElement":[{"@type":"ListItem","position":1,"name":"Anleitung zur Auswahl","item":"https:\/\/relaxsrl.com\/de\/anleitung-zur-auswahl\/"},{"@type":"ListItem","position":2,"name":"Eckduschkabine"}]}]}},"_links":{"self":[{"href":"https:\/\/relaxsrl.com\/de\/wp-json\/wp\/v2\/pages\/22705"}],"collection":[{"href":"https:\/\/relaxsrl.com\/de\/wp-json\/wp\/v2\/pages"}],"about":[{"href":"https:\/\/relaxsrl.com\/de\/wp-json\/wp\/v2\/types\/page"}],"author":[{"embeddable":true,"href":"https:\/\/relaxsrl.com\/de\/wp-json\/wp\/v2\/users\/3"}],"replies":[{"embeddable":true,"href":"https:\/\/relaxsrl.com\/de\/wp-json\/wp\/v2\/comments?post=22705"}],"version-history":[{"count":4,"href":"https:\/\/relaxsrl.com\/de\/wp-json\/wp\/v2\/pages\/22705\/revisions"}],"predecessor-version":[{"id":24450,"href":"https:\/\/relaxsrl.com\/de\/wp-json\/wp\/v2\/pages\/22705\/revisions\/24450"}],"up":[{"embeddable":true,"href":"https:\/\/relaxsrl.com\/de\/wp-json\/wp\/v2\/pages\/22678"}],"wp:featuredmedia":[{"embeddable":true,"href":"https:\/\/relaxsrl.com\/de\/wp-json\/wp\/v2\/media\/4603"}],"wp:attachment":[{"href":"https:\/\/relaxsrl.com\/de\/wp-json\/wp\/v2\/media?parent=22705"}],"curies":[{"name":"wp","href":"https:\/\/api.w.org\/{rel}","templated":true}]}}