{"id":22709,"date":"2022-08-10T15:51:03","date_gmt":"2022-08-10T13:51:03","guid":{"rendered":"https:\/\/relaxsrl.com\/anleitung-zur-auswahl\/vierseitige-duschkabine\/"},"modified":"2022-08-10T15:51:05","modified_gmt":"2022-08-10T13:51:05","slug":"vierseitige-duschkabine","status":"publish","type":"page","link":"https:\/\/relaxsrl.com\/de\/anleitung-zur-auswahl\/vierseitige-duschkabine\/","title":{"rendered":"Vierseitige Duschkabine"},"content":{"rendered":"<p>[vc_row full_width=&#8220;stretch_row&#8220; content_placement=&#8220;middle&#8220; el_class=&#8220;intro-row intro-row-grey&#8220;][vc_column][vc_column_text]<\/p>\n<h1>Vierseitige Duschkabine<\/h1>\n<p>[\/vc_column_text][\/vc_column][\/vc_row][vc_row el_class=&#8220;row-path&#8220;][vc_column][vc_column_text][\/vc_column_text][\/vc_column][\/vc_row][vc_row][vc_column][\/vc_column][\/vc_row][vc_row][vc_column width=&#8220;1\/6&#8243;][\/vc_column][vc_column width=&#8220;2\/3&#8243;][vc_column_text el_class=&#8220;txt-blue abstract weight500&#8243;]Die vierseitige oder freistehende Duschabtrennung ist selbsttragend und muss daher nicht an der Wand befestigt werden. Manchmal wird es in der Mitte des Raums als szenografische L\u00f6sung verwendet.[\/vc_column_text][vc_empty_space height=&#8220;35px&#8220;][\/vc_column][\/vc_row][vc_row el_id=&#8220;paragrafo-1&#8243;][vc_column width=&#8220;1\/6&#8243;][\/vc_column][vc_column width=&#8220;2\/3&#8243;][vc_column_text]<\/p>\n<h2>Vierseitige Duschkabine: Eigenschaften<\/h2>\n<p>Es ist eine Duschkabine, die aus allen vier Seiten besteht, d. h. die Scheiben sind selbsttragend und m\u00fcssen nicht an der Wand befestigt werden. Diese ist auch als Freiluft-Duschkabine bekannt. Diese L\u00f6sung l\u00f6st F\u00e4lle, in denen die W\u00e4nde unregelm\u00e4\u00dfig sind, zum Beispiel wegen Bilderrahmen, oder wenn das Durchstechen der festen Wand nicht m\u00f6glich ist und die Wandprofile nicht richtig und sicher befestigt werden k\u00f6nnen. Manchmal wird sie auch als sehr auff\u00e4llige \u00e4sthetische L\u00f6sung verwendet, obwohl sie viele Alumini-umprofile ben\u00f6tigt, die eine starke Auswirkung auf die Optik haben und oft nicht erw\u00fcnscht sind. Gro\u00dfe Gr\u00f6\u00dfen dieser Duschkabine werden abgeraten, da die Stabilit\u00e4t beeintr\u00e4chtigt wird.<\/p>\n<p>Das ist eher eine theoretische als eine praktische L\u00f6sung.<br \/>\nDaf\u00fcr gibt es zwei Gr\u00fcnde:<\/p>\n<ul>\n<li>Die technischen Aspekte, die eine vierseitige Duschkabine erforderten, wurden mit weiteren techni-schen Neuerungen \u00fcberholt<\/li>\n<li>\u00c4sthetisch gesehen hat die erh\u00f6hte Nachfrage nach Duschkabinen mit wenig Aluminium dazu gef\u00fchrt, dass die Nachfrage fast auf Null gefallen ist<\/li>\n<\/ul>\n<p>[\/vc_column_text][vc_empty_space height=&#8220;40px&#8220;][\/vc_column][\/vc_row][vc_row][vc_column][vc_empty_space height=&#8220;100px&#8220;][\/vc_column][\/vc_row]<\/p>\n","protected":false},"excerpt":{"rendered":"<p>[vc_row full_width=&#8220;stretch_row&#8220; content_placement=&#8220;middle&#8220; el_class=&#8220;intro-row intro-row-grey&#8220;][vc_column][vc_column_text] Vierseitige Duschkabine [\/vc_column_text][\/vc_column][\/vc_row][vc_row el_class=&#8220;row-path&#8220;][vc_column][vc_column_text][\/vc_column_text][\/vc_column][\/vc_row][vc_row][vc_column][\/vc_column][\/vc_row][vc_row][vc_column width=&#8220;1\/6&#8243;][\/vc_column][vc_column width=&#8220;2\/3&#8243;][vc_column_text el_class=&#8220;txt-blue abstract weight500&#8243;]Die vierseitige oder freistehende Duschabtrennung ist selbsttragend und muss daher nicht an der Wand befestigt werden. Manchmal wird es in der Mitte des Raums als szenografische L\u00f6sung verwendet.[\/vc_column_text][vc_empty_space height=&#8220;35px&#8220;][\/vc_column][\/vc_row][vc_row el_id=&#8220;paragrafo-1&#8243;][vc_column width=&#8220;1\/6&#8243;][\/vc_column][vc_column width=&#8220;2\/3&#8243;][vc_column_text] Vierseitige Duschkabine: Eigenschaften Es ist eine Duschkabine, die aus allen [&hellip;]<\/p>\n","protected":false},"author":3,"featured_media":0,"parent":22678,"menu_order":0,"comment_status":"closed","ping_status":"closed","template":"","meta":[],"acf":[],"yoast_head":"<!-- This site is optimized with the Yoast SEO Premium plugin v18.4 (Yoast SEO v18.8) - https:\/\/yoast.com\/wordpress\/plugins\/seo\/ -->\n<title>Vierseitige Duschkabine - Relax srl<\/title>\n<meta name=\"description\" content=\"Die vierseitige oder freistehende Duschabtrennung ist selbsttragend. Wird oft in der Mitte des Raums als szenografische L\u00f6sung verwendet.\" \/>\n<meta name=\"robots\" content=\"index, follow, max-snippet:-1, max-image-preview:large, max-video-preview:-1\" \/>\n<link rel=\"canonical\" href=\"https:\/\/relaxsrl.com\/de\/anleitung-zur-auswahl\/vierseitige-duschkabine\/\" \/>\n<meta property=\"og:locale\" content=\"de_DE\" \/>\n<meta property=\"og:type\" content=\"article\" \/>\n<meta property=\"og:title\" content=\"Vierseitige Duschkabine - Relax srl\" \/>\n<meta property=\"og:description\" content=\"Die vierseitige oder freistehende Duschabtrennung ist selbsttragend. Wird oft in der Mitte des Raums als szenografische L\u00f6sung verwendet.\" \/>\n<meta property=\"og:url\" content=\"https:\/\/relaxsrl.com\/de\/anleitung-zur-auswahl\/vierseitige-duschkabine\/\" \/>\n<meta property=\"og:site_name\" content=\"Relax srl\" \/>\n<meta property=\"article:modified_time\" content=\"2022-08-10T13:51:05+00:00\" \/>\n<meta name=\"twitter:card\" content=\"summary_large_image\" \/>\n<meta name=\"twitter:label1\" content=\"Gesch\u00e4tzte Lesezeit\" \/>\n\t<meta name=\"twitter:data1\" content=\"2 Minuten\" \/>\n<script type=\"application\/ld+json\" class=\"yoast-schema-graph\">{\"@context\":\"https:\/\/schema.org\",\"@graph\":[{\"@type\":\"WebSite\",\"@id\":\"https:\/\/relaxsrl.com\/#website\",\"url\":\"https:\/\/relaxsrl.com\/\",\"name\":\"Relax srl\",\"description\":\"\",\"potentialAction\":[{\"@type\":\"SearchAction\",\"target\":{\"@type\":\"EntryPoint\",\"urlTemplate\":\"https:\/\/relaxsrl.com\/?s={search_term_string}\"},\"query-input\":\"required name=search_term_string\"}],\"inLanguage\":\"de-DE\"},{\"@type\":\"WebPage\",\"@id\":\"https:\/\/relaxsrl.com\/de\/anleitung-zur-auswahl\/vierseitige-duschkabine\/#webpage\",\"url\":\"https:\/\/relaxsrl.com\/de\/anleitung-zur-auswahl\/vierseitige-duschkabine\/\",\"name\":\"Vierseitige Duschkabine - Relax srl\",\"isPartOf\":{\"@id\":\"https:\/\/relaxsrl.com\/#website\"},\"datePublished\":\"2022-08-10T13:51:03+00:00\",\"dateModified\":\"2022-08-10T13:51:05+00:00\",\"description\":\"Die vierseitige oder freistehende Duschabtrennung ist selbsttragend. Wird oft in der Mitte des Raums als szenografische L\u00f6sung verwendet.\",\"breadcrumb\":{\"@id\":\"https:\/\/relaxsrl.com\/de\/anleitung-zur-auswahl\/vierseitige-duschkabine\/#breadcrumb\"},\"inLanguage\":\"de-DE\",\"potentialAction\":[{\"@type\":\"ReadAction\",\"target\":[\"https:\/\/relaxsrl.com\/de\/anleitung-zur-auswahl\/vierseitige-duschkabine\/\"]}]},{\"@type\":\"BreadcrumbList\",\"@id\":\"https:\/\/relaxsrl.com\/de\/anleitung-zur-auswahl\/vierseitige-duschkabine\/#breadcrumb\",\"itemListElement\":[{\"@type\":\"ListItem\",\"position\":1,\"name\":\"Anleitung zur Auswahl\",\"item\":\"https:\/\/relaxsrl.com\/de\/anleitung-zur-auswahl\/\"},{\"@type\":\"ListItem\",\"position\":2,\"name\":\"Vierseitige Duschkabine\"}]}]}<\/script>\n<!-- \/ Yoast SEO Premium plugin. -->","yoast_head_json":{"title":"Vierseitige Duschkabine - Relax srl","description":"Die vierseitige oder freistehende Duschabtrennung ist selbsttragend. Wird oft in der Mitte des Raums als szenografische L\u00f6sung verwendet.","robots":{"index":"index","follow":"follow","max-snippet":"max-snippet:-1","max-image-preview":"max-image-preview:large","max-video-preview":"max-video-preview:-1"},"canonical":"https:\/\/relaxsrl.com\/de\/anleitung-zur-auswahl\/vierseitige-duschkabine\/","og_locale":"de_DE","og_type":"article","og_title":"Vierseitige Duschkabine - Relax srl","og_description":"Die vierseitige oder freistehende Duschabtrennung ist selbsttragend. Wird oft in der Mitte des Raums als szenografische L\u00f6sung verwendet.","og_url":"https:\/\/relaxsrl.com\/de\/anleitung-zur-auswahl\/vierseitige-duschkabine\/","og_site_name":"Relax srl","article_modified_time":"2022-08-10T13:51:05+00:00","twitter_card":"summary_large_image","twitter_misc":{"Gesch\u00e4tzte Lesezeit":"2 Minuten"},"schema":{"@context":"https:\/\/schema.org","@graph":[{"@type":"WebSite","@id":"https:\/\/relaxsrl.com\/#website","url":"https:\/\/relaxsrl.com\/","name":"Relax srl","description":"","potentialAction":[{"@type":"SearchAction","target":{"@type":"EntryPoint","urlTemplate":"https:\/\/relaxsrl.com\/?s={search_term_string}"},"query-input":"required name=search_term_string"}],"inLanguage":"de-DE"},{"@type":"WebPage","@id":"https:\/\/relaxsrl.com\/de\/anleitung-zur-auswahl\/vierseitige-duschkabine\/#webpage","url":"https:\/\/relaxsrl.com\/de\/anleitung-zur-auswahl\/vierseitige-duschkabine\/","name":"Vierseitige Duschkabine - Relax srl","isPartOf":{"@id":"https:\/\/relaxsrl.com\/#website"},"datePublished":"2022-08-10T13:51:03+00:00","dateModified":"2022-08-10T13:51:05+00:00","description":"Die vierseitige oder freistehende Duschabtrennung ist selbsttragend. Wird oft in der Mitte des Raums als szenografische L\u00f6sung verwendet.","breadcrumb":{"@id":"https:\/\/relaxsrl.com\/de\/anleitung-zur-auswahl\/vierseitige-duschkabine\/#breadcrumb"},"inLanguage":"de-DE","potentialAction":[{"@type":"ReadAction","target":["https:\/\/relaxsrl.com\/de\/anleitung-zur-auswahl\/vierseitige-duschkabine\/"]}]},{"@type":"BreadcrumbList","@id":"https:\/\/relaxsrl.com\/de\/anleitung-zur-auswahl\/vierseitige-duschkabine\/#breadcrumb","itemListElement":[{"@type":"ListItem","position":1,"name":"Anleitung zur Auswahl","item":"https:\/\/relaxsrl.com\/de\/anleitung-zur-auswahl\/"},{"@type":"ListItem","position":2,"name":"Vierseitige Duschkabine"}]}]}},"_links":{"self":[{"href":"https:\/\/relaxsrl.com\/de\/wp-json\/wp\/v2\/pages\/22709"}],"collection":[{"href":"https:\/\/relaxsrl.com\/de\/wp-json\/wp\/v2\/pages"}],"about":[{"href":"https:\/\/relaxsrl.com\/de\/wp-json\/wp\/v2\/types\/page"}],"author":[{"embeddable":true,"href":"https:\/\/relaxsrl.com\/de\/wp-json\/wp\/v2\/users\/3"}],"replies":[{"embeddable":true,"href":"https:\/\/relaxsrl.com\/de\/wp-json\/wp\/v2\/comments?post=22709"}],"version-history":[{"count":2,"href":"https:\/\/relaxsrl.com\/de\/wp-json\/wp\/v2\/pages\/22709\/revisions"}],"predecessor-version":[{"id":22711,"href":"https:\/\/relaxsrl.com\/de\/wp-json\/wp\/v2\/pages\/22709\/revisions\/22711"}],"up":[{"embeddable":true,"href":"https:\/\/relaxsrl.com\/de\/wp-json\/wp\/v2\/pages\/22678"}],"wp:attachment":[{"href":"https:\/\/relaxsrl.com\/de\/wp-json\/wp\/v2\/media?parent=22709"}],"curies":[{"name":"wp","href":"https:\/\/api.w.org\/{rel}","templated":true}]}}