{"id":22712,"date":"2022-08-10T15:58:47","date_gmt":"2022-08-10T13:58:47","guid":{"rendered":"https:\/\/relaxsrl.com\/anleitung-zur-auswahl\/nischendusche\/"},"modified":"2026-02-25T15:22:55","modified_gmt":"2026-02-25T14:22:55","slug":"nischendusche","status":"publish","type":"page","link":"https:\/\/relaxsrl.com\/de\/anleitung-zur-auswahl\/nischendusche\/","title":{"rendered":"Nischendusche"},"content":{"rendered":"<p>[vc_row full_width=&#8220;stretch_row&#8220; content_placement=&#8220;middle&#8220; el_class=&#8220;intro-row intro-row-grey&#8220;][vc_column][vc_column_text]<\/p>\n<h1>Nischendusche<\/h1>\n<p>[\/vc_column_text][\/vc_column][\/vc_row][vc_row el_class=&#8220;row-path&#8220;][vc_column][vc_column_text][\/vc_column_text][\/vc_column][\/vc_row][vc_row][vc_column][vc_single_image image=&#8220;31256&#8243; img_size=&#8220;full&#8220;][\/vc_column][\/vc_row][vc_row][vc_column width=&#8220;1\/6&#8243;][\/vc_column][vc_column width=&#8220;2\/3&#8243;][vc_empty_space height=&#8220;40px&#8220;][vc_column_text el_class=&#8220;txt-blue abstract weight500&#8243;]Die Nischenduschkabine, auch einseitige Duschkabine genannt, hat nur eine offene Seite und ist zwischen drei W\u00e4nden eingeklemmt, die ein C bilden und aus Mauerwerk oder Gipskartonplatten bestehen.[\/vc_column_text][vc_empty_space height=&#8220;35px&#8220;][\/vc_column][\/vc_row][vc_row][vc_column width=&#8220;1\/6&#8243;][\/vc_column][vc_column width=&#8220;2\/3&#8243;][vc_column_text]<\/p>\n<ul>\n<li><a class=\"link-interno link-interno-paragrafo-1\" href=\"#\">Eigenschaften der Nischenduschkabine<\/a><\/li>\n<li><a class=\"link-interno link-interno-paragrafo-2\" href=\"#\">T\u00fcren f\u00fcr Nischenduschkabinen<\/a>\n<ul>\n<li><a class=\"link-interno link-interno-paragrafo-3\" href=\"#\">Nischendusche mit Fl\u00fcgelt\u00fcre<\/a><\/li>\n<li><a class=\"link-interno link-interno-paragrafo-4\" href=\"#\">Nischendusche mit Pivot T\u00fcr<\/a><\/li>\n<li><a class=\"link-interno link-interno-paragrafo-5\" href=\"#\">Nischendusche mit Saloon-T\u00fcr<\/a><\/li>\n<li><a class=\"link-interno link-interno-paragrafo-6\" href=\"#\">Nischendusche mit Schiebet\u00fcr<\/a><\/li>\n<li><a class=\"link-interno link-interno-paragrafo-7\" href=\"#\">Nischendusche mit Faltt\u00fcre<\/a><\/li>\n<\/ul>\n<\/li>\n<li><a class=\"link-interno link-interno-paragrafo-8\" href=\"#\">Vorteile der Nischendusche<\/a><\/li>\n<\/ul>\n<p>[\/vc_column_text][vc_empty_space height=&#8220;40px&#8220;][\/vc_column][\/vc_row][vc_row el_id=&#8220;paragrafo-1&#8243;][vc_column width=&#8220;1\/6&#8243;][\/vc_column][vc_column width=&#8220;2\/3&#8243;][vc_column_text]<\/p>\n<h2>Eigenschaften der Nischendusche<\/h2>\n<p>Kennzeichnend f\u00fcr die Nischendusche ist nur eine Glasseite, auf der sich die T\u00fcr befindet, auf den \u00fcbrigen Seiten hingegen W\u00e4nde. Es nutzt einen bereits vorhandenen Gang des Bades, auch in unregelm\u00e4\u00dfiger Form, oder baut ihn durch eine oder mehrere W\u00e4nde aus Gipskarton oder Mauerwerk auf. Diese k\u00f6nnen mit Konzepten f\u00fcr die K\u00f6rperpflege erg\u00e4nzt werden, die auf die spezifischen Bed\u00fcrfnisse der Besitzer zugeschnitten sind, zus\u00e4tzlich k\u00f6nnen diese auf der Au\u00dfenseite auch zum Anbringen von H\u00e4ngeschr\u00e4nke oder Sanit\u00e4tsartikel genutzt werden.[\/vc_column_text][vc_empty_space height=&#8220;40px&#8220;][\/vc_column][\/vc_row][vc_row el_id=&#8220;paragrafo-2&#8243;][vc_column width=&#8220;1\/6&#8243;][\/vc_column][vc_column width=&#8220;2\/3&#8243;][vc_column_text]<\/p>\n<h2>T\u00fcren f\u00fcr Nischenduschkabinen<\/h2>\n<p>Wenn die Duschkabine auf einer Seite breit ist, zum Beispiel mit einem Einstieg von 120 cm und dar\u00fcber, ben\u00f6tigt sie ein Gestell aus einer T\u00fcr und einem oder mehreren festen Teilen. Es eignet sich somit f\u00fcr jede Art von Verschluss, so dass jeder seine eigene Wahl treffen kann und so seine eigene einseitige Duschkabine bequem und elegant gestalten kann.[\/vc_column_text][vc_empty_space height=&#8220;20px&#8220;][\/vc_column][\/vc_row][vc_row el_id=&#8220;paragrafo-3&#8243;][vc_column width=&#8220;1\/6&#8243;][\/vc_column][vc_column width=&#8220;2\/3&#8243;][vc_column_text]<\/p>\n<h3>Nischendusche mit Fl\u00fcgelt\u00fcre<\/h3>\n<p>Die Nischenduschkabine mit nur einer Fl\u00fcgelt\u00fcr kann auch eine sehr gro\u00dfe Gr\u00f6\u00dfe erreichen, wenn Sie eine feste Platte rechts, links oder beidseitig in einer Reihe anbringen. Generell hat die aufklappbare T\u00fcr Grenzen, da zu viel Gewicht die Scharniere auf lange Sicht besch\u00e4digen kann. Achten Sie immer darauf, dass das Glas beim \u00d6ffnen nicht in andere Badezimmerelemente eingreift (z. B. Sanit\u00e4tsanlagen), da der Eintrittsraum zu klein ist.[\/vc_column_text][vc_empty_space height=&#8220;20px&#8220;][\/vc_column][\/vc_row][vc_row el_id=&#8220;paragrafo-4&#8243;][vc_column width=&#8220;1\/6&#8243;][\/vc_column][vc_column width=&#8220;2\/3&#8243;][vc_column_text]<\/p>\n<h3>Nischendusche mit Pivot T\u00fcr<\/h3>\n<p>Bitte beachten Sie, dass die Pivot-Scharniere den n\u00fctzlichen Eintrittsraum reduzieren und das \u00d6ffnen auf der anderen Seite erleichtern.[\/vc_column_text][vc_empty_space height=&#8220;20px&#8220;][\/vc_column][\/vc_row][vc_row el_id=&#8220;paragrafo-5&#8243;][vc_column width=&#8220;1\/6&#8243;][\/vc_column][vc_column width=&#8220;2\/3&#8243;][vc_column_text]<\/p>\n<h3>Nischendusche mit Saloon-T\u00fcr<\/h3>\n<p>Sie ist praktisch eine vollst\u00e4ndige, einfache und schnelle \u00d6ffnung mit dem Nachteil (falls wahrgenommen) des Abtropfens. Sieht die L\u00f6sung mit Rahmen oder ohne Rahmen vor.[\/vc_column_text][vc_empty_space height=&#8220;20px&#8220;][\/vc_column][\/vc_row][vc_row el_id=&#8220;paragrafo-6&#8243;][vc_column width=&#8220;1\/6&#8243;][\/vc_column][vc_column width=&#8220;2\/3&#8243;][vc_column_text]<\/p>\n<h3>Nischendusche mit Schiebet\u00fcr<\/h3>\n<p>Sie ist f\u00fcr eine Gr\u00f6\u00dfe von 100 cm geeignet, da sie unterhalb des nutzbaren Eintrittsraums unter 39 cm liegen w\u00fcrde. Es ist vorzuziehen, wenn die Nische flach ist oder das Wasser nicht auf dem Boden auslaufen soll.[\/vc_column_text][vc_empty_space height=&#8220;20px&#8220;][\/vc_column][\/vc_row][vc_row el_id=&#8220;paragrafo-7&#8243;][vc_column width=&#8220;1\/6&#8243;][\/vc_column][vc_column width=&#8220;2\/3&#8243;][vc_column_text]<\/p>\n<h3>Duschkabine in Nische mit Faltt\u00fcre<\/h3>\n<p>Die Nischenduschkabine mit nur einer Faltt\u00fcr kann bis maximal 100 cm gro\u00df werden, was den Vorteil hat, dass es fast den gesamten nominellen Eintrittsbereich bietet. Sieht die L\u00f6sung mit Rahmen oder ohne Rahmen vor.[\/vc_column_text][vc_empty_space height=&#8220;40px&#8220;][\/vc_column][\/vc_row][vc_row el_id=&#8220;paragrafo-8&#8243;][vc_column width=&#8220;1\/6&#8243;][\/vc_column][vc_column width=&#8220;2\/3&#8243;][vc_column_text]<\/p>\n<h2>Vorteile der Nischendusche<\/h2>\n<p>Die Nischendusche passt sich dank der Ausstattung jedem Einrichtungsstil an, jedem Budget von den g\u00fcnstigsten zu den teuersten, und wird von jedem bevorzugt, der einen intimen Raum m\u00f6chte, der gut vom Rest des Raumes getrennt ist. Eignet sich hervorragend zur Raumoptimierung und um Ordnung ins Bad zu bringen, sei es als separater Bereich oder weil man im Inneren Ablagefl\u00e4chen f\u00fcr Shampoos, Sp\u00fclung, Duschen und Scrubs einrichten kann. Zudem braucht es keine Bohrung, um die Duschkabine und die Regale zu montieren, eine T\u00e4tigkeit, die Bohrt\u00e4tigkeit, die potenziell gef\u00e4hrlich ist und deshalb Experten \u00fcberlassen werden sollte.[\/vc_column_text][vc_empty_space height=&#8220;40px&#8220;][\/vc_column][\/vc_row][vc_row][vc_column][vc_empty_space height=&#8220;50px&#8220;][vc_column_text]<\/p>\n<h3 style=\"text-align: center;\">Einige Beispiele f\u00fcr Nischenduschkabinen Relax<\/h3>\n<p>[\/vc_column_text][vc_empty_space height=&#8220;30px&#8220;]<div class=\"woocommerce columns-4 \"><ul class=\"products columns-4\">\n<li class=\"product type-product post-21203 status-publish first instock product_cat-niche-battante product_cat-battente-de product_cat-box-doccia-de product_cat-box-doccia-en product_cat-cabine-de-douche product_cat-collections-en product_cat-collections product_cat-selection-guide-en product_cat-guida-alla-scelta-de product_cat-guide-de-selection product_cat-niche-hinged product_cat-nicchia-de product_cat-nicchia-de-2 product_cat-niche-fr product_cat-guide-de-selection-niche product_cat-selection-guide-niche product_cat-niche product_cat-collezioni-de product_cat-tipologia-prodotto-en product_cat-tipologia-prodotto-de product_cat-type-de-produit product_cat-wall-de product_cat-wall-ru product_cat-wall-en product_cat-wall-fr product_cat-1618 product_cat-1568 product_cat-1638 product_cat-1607 product_cat-1637 product_cat-1594 product_cat-1617 has-post-thumbnail shipping-taxable product-type-simple\">\n\t<div class=\"woocommerce-loop-product__short_description\" itemprop=\"description\"><a href=\"https:\/\/relaxsrl.com\/de\/produkt\/wall-b1\/\" class=\"woocommerce-LoopProduct-link woocommerce-loop-product__link\"><p>Duschabtrennung in Nische mit Fl\u00fcgelt\u00fcr mit Innen- und Au\u00dfen\u00f6ffnung.<\/p>\n<\/a><\/div><\/li>\n<li class=\"product type-product post-21200 status-publish instock product_cat-box-doccia-en product_cat-box-doccia-de product_cat-cabine-de-douche product_cat-collections-en product_cat-collections product_cat-selection-guide-en product_cat-guida-alla-scelta-de product_cat-guide-de-selection product_cat-kubik-de product_cat-kubik-ru product_cat-kubik-fr product_cat-kubik-en product_cat-nicchia-de product_cat-nicchia-de-2 product_cat-guide-de-selection-niche product_cat-selection-guide-niche product_cat-niche product_cat-niche-fr product_cat-niche-pivot product_cat-pivot-de-3 product_cat-niche-pivot-fr product_cat-collezioni-de product_cat-tipologia-prodotto-de product_cat-tipologia-prodotto-en product_cat-type-de-produit product_cat-1618 product_cat-1568 product_cat-1637 product_cat-1607 product_cat-1631 product_cat-1594 product_cat-1617 has-post-thumbnail shipping-taxable product-type-simple\">\n\t<div class=\"woocommerce-loop-product__short_description\" itemprop=\"description\"><a href=\"https:\/\/relaxsrl.com\/de\/produkt\/kubik-b1\/\" class=\"woocommerce-LoopProduct-link woocommerce-loop-product__link\"><p>Duschabtrennung in Nische mit Schwenkt\u00fcr, gekennzeichnet durch Innen- und Au\u00dfen\u00f6ffnung.<\/p>\n<\/a><\/div><\/li>\n<li class=\"product type-product post-21160 status-publish instock product_cat-axia-fr product_cat-axia-ru product_cat-axia-de product_cat-axia-en product_cat-box-doccia-en product_cat-box-doccia-de product_cat-cabine-de-douche product_cat-collections product_cat-collections-en product_cat-niche-coulissante product_cat-selection-guide-en product_cat-guida-alla-scelta-de product_cat-guide-de-selection product_cat-nicchia-de-2 product_cat-nicchia-de product_cat-guide-de-selection-niche product_cat-selection-guide-niche product_cat-niche-fr product_cat-niche product_cat-collezioni-de product_cat-scorrevole-de-5 product_cat-niche-sliding product_cat-tipologia-prodotto-de product_cat-tipologia-prodotto-en product_cat-type-de-produit product_cat-1618 product_cat-1568 product_cat-1607 product_cat-1637 product_cat-1639 product_cat-1594 product_cat-1617 has-post-thumbnail shipping-taxable product-type-simple\">\n\t<div class=\"woocommerce-loop-product__short_description\" itemprop=\"description\"><a href=\"https:\/\/relaxsrl.com\/de\/produkt\/axia-sc1\/\" class=\"woocommerce-LoopProduct-link woocommerce-loop-product__link\"><p>Duschabtrennung in Nische mit Schiebet\u00fcr und sichtbarem Schiebesystem.<\/p>\n<\/a><\/div><\/li>\n<li class=\"product type-product post-26790 status-publish last instock product_cat-angolare-de product_cat-angolare-en product_cat-angulaire product_cat-box-doccia-en product_cat-box-doccia-de product_cat-box-doccia-lineare product_cat-cabine-de-douche product_cat-guide-de-selection-cabine-de-douche-lineaire product_cat-calamo-ru product_cat-calamo-en product_cat-calamo-fr product_cat-calamo-de product_cat-angulaire-coulissante product_cat-selection-guide-linear-shower-enclosures product_cat-nicchia-de-2 product_cat-guide-de-selection-niche product_cat-selection-guide-niche product_cat-non-classe product_cat-scorrevole-de product_cat-senza-categoria-de product_cat-angular-sliding product_cat-tipologia-prodotto-de product_cat-tipologia-prodotto-en product_cat-type-de-produit product_cat-without-category product_cat-1616 product_cat-1618 product_cat-1601 product_cat-1607 product_cat-1632 product_cat-1617 product_cat-1626 has-post-thumbnail shipping-taxable product-type-simple\">\n\t<div class=\"woocommerce-loop-product__short_description\" itemprop=\"description\"><a href=\"https:\/\/relaxsrl.com\/de\/produkt\/calamo-a-a\/\" class=\"woocommerce-LoopProduct-link woocommerce-loop-product__link\"><p>Duschabtrennung mit doppelter Eckschiebet\u00fcr.<\/p>\n<\/a><\/div><\/li>\n<\/ul>\n<\/div>[\/vc_column][\/vc_row][vc_row full_width=&#8220;stretch_row_content_no_spaces&#8220; equal_height=&#8220;yes&#8220; content_placement=&#8220;middle&#8220; el_class=&#8220;row-over-footer row-cta-over-footer&#8220;][vc_column width=&#8220;1\/2&#8243;][vc_single_image image=&#8220;32110&#8243; img_size=&#8220;full&#8220;][\/vc_column][vc_column width=&#8220;1\/2&#8243; css=&#8220;.vc_custom_1772029355258{background-image: url(https:\/\/relaxsrl.com\/website\/wp-content\/uploads\/2026\/02\/calamo-blur-CTA.jpg?id=32105) !important;background-position: center !important;background-repeat: no-repeat !important;background-size: cover !important;}&#8220; el_class=&#8220;row-cta-over-footer-col-text&#8220;][vc_row_inner][vc_column_inner width=&#8220;1\/4&#8243;][\/vc_column_inner][vc_column_inner width=&#8220;1\/2&#8243;][vc_column_text]<\/p>\n<h2 style=\"text-align: center;\">Schauen Sie sich die Duschkabinen von Relax an<\/h2>\n<p style=\"text-align: center;\">Nutzen Sie unseren Konfigurator, um die unz\u00e4hligen Relax-L\u00f6sungen f\u00fcr Nischenduschkabinen zu finden.<\/p>\n<p>[\/vc_column_text][vc_btn title=&#8220;GEHE SIE ZUM KONFIGURATOR&#8220; style=&#8220;classic&#8220; shape=&#8220;square&#8220; color=&#8220;white&#8220; align=&#8220;center&#8220; el_class=&#8220;btn-default-white&#8220; link=&#8220;url:https%3A%2F%2Frelaxsrl.com%2Fde%2Fprodukte%2Fkonfigurator%2F|title:Konfigurator&#8220;][\/vc_column_inner][vc_column_inner width=&#8220;1\/4&#8243;][\/vc_column_inner][\/vc_row_inner][\/vc_column][\/vc_row]<\/p>\n","protected":false},"excerpt":{"rendered":"<p>[vc_row full_width=&#8220;stretch_row&#8220; content_placement=&#8220;middle&#8220; el_class=&#8220;intro-row intro-row-grey&#8220;][vc_column][vc_column_text] Nischendusche [\/vc_column_text][\/vc_column][\/vc_row][vc_row el_class=&#8220;row-path&#8220;][vc_column][vc_column_text][\/vc_column_text][\/vc_column][\/vc_row][vc_row][vc_column][vc_single_image image=&#8220;31256&#8243; img_size=&#8220;full&#8220;][\/vc_column][\/vc_row][vc_row][vc_column width=&#8220;1\/6&#8243;][\/vc_column][vc_column width=&#8220;2\/3&#8243;][vc_empty_space height=&#8220;40px&#8220;][vc_column_text el_class=&#8220;txt-blue abstract weight500&#8243;]Die Nischenduschkabine, auch einseitige Duschkabine genannt, hat nur eine offene Seite und ist zwischen drei W\u00e4nden eingeklemmt, die ein C bilden und aus Mauerwerk oder Gipskartonplatten bestehen.[\/vc_column_text][vc_empty_space height=&#8220;35px&#8220;][\/vc_column][\/vc_row][vc_row][vc_column width=&#8220;1\/6&#8243;][\/vc_column][vc_column width=&#8220;2\/3&#8243;][vc_column_text] Eigenschaften der Nischenduschkabine T\u00fcren f\u00fcr Nischenduschkabinen Nischendusche mit Fl\u00fcgelt\u00fcre Nischendusche [&hellip;]<\/p>\n","protected":false},"author":3,"featured_media":31256,"parent":22678,"menu_order":0,"comment_status":"closed","ping_status":"closed","template":"","meta":[],"acf":[],"yoast_head":"<!-- This site is optimized with the Yoast SEO Premium plugin v18.4 (Yoast SEO v18.8) - https:\/\/yoast.com\/wordpress\/plugins\/seo\/ -->\n<title>Nischendusche - Relax srl<\/title>\n<meta name=\"description\" content=\"Die Nischenduschkabine, auch einseitige Duschkabine genannt, hat nur eine offene Seite und ist zwischen drei W\u00e4nden eingeklemmt, die ein C bilden und aus Mauerwerk oder Gipskartonplatten bestehen.\" \/>\n<meta name=\"robots\" content=\"index, follow, max-snippet:-1, max-image-preview:large, max-video-preview:-1\" \/>\n<link rel=\"canonical\" href=\"https:\/\/relaxsrl.com\/de\/anleitung-zur-auswahl\/nischendusche\/\" \/>\n<meta property=\"og:locale\" content=\"de_DE\" \/>\n<meta property=\"og:type\" content=\"article\" \/>\n<meta property=\"og:title\" content=\"Nischendusche - Relax srl\" \/>\n<meta property=\"og:description\" content=\"Die Nischenduschkabine, auch einseitige Duschkabine genannt, hat nur eine offene Seite und ist zwischen drei W\u00e4nden eingeklemmt, die ein C bilden und aus Mauerwerk oder Gipskartonplatten bestehen.\" \/>\n<meta property=\"og:url\" content=\"https:\/\/relaxsrl.com\/de\/anleitung-zur-auswahl\/nischendusche\/\" \/>\n<meta property=\"og:site_name\" content=\"Relax srl\" \/>\n<meta property=\"article:modified_time\" content=\"2026-02-25T14:22:55+00:00\" \/>\n<meta property=\"og:image\" content=\"https:\/\/relaxsrl.com\/website\/wp-content\/uploads\/2024\/11\/TIPO-BOX-DOCCIA_2-1.jpg\" \/>\n\t<meta property=\"og:image:width\" content=\"1920\" \/>\n\t<meta property=\"og:image:height\" content=\"1080\" \/>\n\t<meta property=\"og:image:type\" content=\"image\/jpeg\" \/>\n<meta name=\"twitter:card\" content=\"summary_large_image\" \/>\n<meta name=\"twitter:label1\" content=\"Gesch\u00e4tzte Lesezeit\" \/>\n\t<meta name=\"twitter:data1\" content=\"4 Minuten\" \/>\n<script type=\"application\/ld+json\" class=\"yoast-schema-graph\">{\"@context\":\"https:\/\/schema.org\",\"@graph\":[{\"@type\":\"WebSite\",\"@id\":\"https:\/\/relaxsrl.com\/#website\",\"url\":\"https:\/\/relaxsrl.com\/\",\"name\":\"Relax srl\",\"description\":\"\",\"potentialAction\":[{\"@type\":\"SearchAction\",\"target\":{\"@type\":\"EntryPoint\",\"urlTemplate\":\"https:\/\/relaxsrl.com\/?s={search_term_string}\"},\"query-input\":\"required name=search_term_string\"}],\"inLanguage\":\"de-DE\"},{\"@type\":\"ImageObject\",\"inLanguage\":\"de-DE\",\"@id\":\"https:\/\/relaxsrl.com\/de\/anleitung-zur-auswahl\/nischendusche\/#primaryimage\",\"url\":\"https:\/\/relaxsrl.com\/website\/wp-content\/uploads\/2024\/11\/TIPO-BOX-DOCCIA_2-1.jpg\",\"contentUrl\":\"https:\/\/relaxsrl.com\/website\/wp-content\/uploads\/2024\/11\/TIPO-BOX-DOCCIA_2-1.jpg\",\"width\":1920,\"height\":1080},{\"@type\":\"WebPage\",\"@id\":\"https:\/\/relaxsrl.com\/de\/anleitung-zur-auswahl\/nischendusche\/#webpage\",\"url\":\"https:\/\/relaxsrl.com\/de\/anleitung-zur-auswahl\/nischendusche\/\",\"name\":\"Nischendusche - Relax srl\",\"isPartOf\":{\"@id\":\"https:\/\/relaxsrl.com\/#website\"},\"primaryImageOfPage\":{\"@id\":\"https:\/\/relaxsrl.com\/de\/anleitung-zur-auswahl\/nischendusche\/#primaryimage\"},\"datePublished\":\"2022-08-10T13:58:47+00:00\",\"dateModified\":\"2026-02-25T14:22:55+00:00\",\"description\":\"Die Nischenduschkabine, auch einseitige Duschkabine genannt, hat nur eine offene Seite und ist zwischen drei W\u00e4nden eingeklemmt, die ein C bilden und aus Mauerwerk oder Gipskartonplatten bestehen.\",\"breadcrumb\":{\"@id\":\"https:\/\/relaxsrl.com\/de\/anleitung-zur-auswahl\/nischendusche\/#breadcrumb\"},\"inLanguage\":\"de-DE\",\"potentialAction\":[{\"@type\":\"ReadAction\",\"target\":[\"https:\/\/relaxsrl.com\/de\/anleitung-zur-auswahl\/nischendusche\/\"]}]},{\"@type\":\"BreadcrumbList\",\"@id\":\"https:\/\/relaxsrl.com\/de\/anleitung-zur-auswahl\/nischendusche\/#breadcrumb\",\"itemListElement\":[{\"@type\":\"ListItem\",\"position\":1,\"name\":\"Anleitung zur Auswahl\",\"item\":\"https:\/\/relaxsrl.com\/de\/anleitung-zur-auswahl\/\"},{\"@type\":\"ListItem\",\"position\":2,\"name\":\"Nischendusche\"}]}]}<\/script>\n<!-- \/ Yoast SEO Premium plugin. -->","yoast_head_json":{"title":"Nischendusche - Relax srl","description":"Die Nischenduschkabine, auch einseitige Duschkabine genannt, hat nur eine offene Seite und ist zwischen drei W\u00e4nden eingeklemmt, die ein C bilden und aus Mauerwerk oder Gipskartonplatten bestehen.","robots":{"index":"index","follow":"follow","max-snippet":"max-snippet:-1","max-image-preview":"max-image-preview:large","max-video-preview":"max-video-preview:-1"},"canonical":"https:\/\/relaxsrl.com\/de\/anleitung-zur-auswahl\/nischendusche\/","og_locale":"de_DE","og_type":"article","og_title":"Nischendusche - Relax srl","og_description":"Die Nischenduschkabine, auch einseitige Duschkabine genannt, hat nur eine offene Seite und ist zwischen drei W\u00e4nden eingeklemmt, die ein C bilden und aus Mauerwerk oder Gipskartonplatten bestehen.","og_url":"https:\/\/relaxsrl.com\/de\/anleitung-zur-auswahl\/nischendusche\/","og_site_name":"Relax srl","article_modified_time":"2026-02-25T14:22:55+00:00","og_image":[{"width":1920,"height":1080,"url":"https:\/\/relaxsrl.com\/website\/wp-content\/uploads\/2024\/11\/TIPO-BOX-DOCCIA_2-1.jpg","type":"image\/jpeg"}],"twitter_card":"summary_large_image","twitter_misc":{"Gesch\u00e4tzte Lesezeit":"4 Minuten"},"schema":{"@context":"https:\/\/schema.org","@graph":[{"@type":"WebSite","@id":"https:\/\/relaxsrl.com\/#website","url":"https:\/\/relaxsrl.com\/","name":"Relax srl","description":"","potentialAction":[{"@type":"SearchAction","target":{"@type":"EntryPoint","urlTemplate":"https:\/\/relaxsrl.com\/?s={search_term_string}"},"query-input":"required name=search_term_string"}],"inLanguage":"de-DE"},{"@type":"ImageObject","inLanguage":"de-DE","@id":"https:\/\/relaxsrl.com\/de\/anleitung-zur-auswahl\/nischendusche\/#primaryimage","url":"https:\/\/relaxsrl.com\/website\/wp-content\/uploads\/2024\/11\/TIPO-BOX-DOCCIA_2-1.jpg","contentUrl":"https:\/\/relaxsrl.com\/website\/wp-content\/uploads\/2024\/11\/TIPO-BOX-DOCCIA_2-1.jpg","width":1920,"height":1080},{"@type":"WebPage","@id":"https:\/\/relaxsrl.com\/de\/anleitung-zur-auswahl\/nischendusche\/#webpage","url":"https:\/\/relaxsrl.com\/de\/anleitung-zur-auswahl\/nischendusche\/","name":"Nischendusche - Relax srl","isPartOf":{"@id":"https:\/\/relaxsrl.com\/#website"},"primaryImageOfPage":{"@id":"https:\/\/relaxsrl.com\/de\/anleitung-zur-auswahl\/nischendusche\/#primaryimage"},"datePublished":"2022-08-10T13:58:47+00:00","dateModified":"2026-02-25T14:22:55+00:00","description":"Die Nischenduschkabine, auch einseitige Duschkabine genannt, hat nur eine offene Seite und ist zwischen drei W\u00e4nden eingeklemmt, die ein C bilden und aus Mauerwerk oder Gipskartonplatten bestehen.","breadcrumb":{"@id":"https:\/\/relaxsrl.com\/de\/anleitung-zur-auswahl\/nischendusche\/#breadcrumb"},"inLanguage":"de-DE","potentialAction":[{"@type":"ReadAction","target":["https:\/\/relaxsrl.com\/de\/anleitung-zur-auswahl\/nischendusche\/"]}]},{"@type":"BreadcrumbList","@id":"https:\/\/relaxsrl.com\/de\/anleitung-zur-auswahl\/nischendusche\/#breadcrumb","itemListElement":[{"@type":"ListItem","position":1,"name":"Anleitung zur Auswahl","item":"https:\/\/relaxsrl.com\/de\/anleitung-zur-auswahl\/"},{"@type":"ListItem","position":2,"name":"Nischendusche"}]}]}},"_links":{"self":[{"href":"https:\/\/relaxsrl.com\/de\/wp-json\/wp\/v2\/pages\/22712"}],"collection":[{"href":"https:\/\/relaxsrl.com\/de\/wp-json\/wp\/v2\/pages"}],"about":[{"href":"https:\/\/relaxsrl.com\/de\/wp-json\/wp\/v2\/types\/page"}],"author":[{"embeddable":true,"href":"https:\/\/relaxsrl.com\/de\/wp-json\/wp\/v2\/users\/3"}],"replies":[{"embeddable":true,"href":"https:\/\/relaxsrl.com\/de\/wp-json\/wp\/v2\/comments?post=22712"}],"version-history":[{"count":6,"href":"https:\/\/relaxsrl.com\/de\/wp-json\/wp\/v2\/pages\/22712\/revisions"}],"predecessor-version":[{"id":32115,"href":"https:\/\/relaxsrl.com\/de\/wp-json\/wp\/v2\/pages\/22712\/revisions\/32115"}],"up":[{"embeddable":true,"href":"https:\/\/relaxsrl.com\/de\/wp-json\/wp\/v2\/pages\/22678"}],"wp:featuredmedia":[{"embeddable":true,"href":"https:\/\/relaxsrl.com\/de\/wp-json\/wp\/v2\/media\/31256"}],"wp:attachment":[{"href":"https:\/\/relaxsrl.com\/de\/wp-json\/wp\/v2\/media?parent=22712"}],"curies":[{"name":"wp","href":"https:\/\/api.w.org\/{rel}","templated":true}]}}