{"id":22716,"date":"2022-08-10T16:05:07","date_gmt":"2022-08-10T14:05:07","guid":{"rendered":"https:\/\/relaxsrl.com\/anleitung-zur-auswahl\/designduschkabinen\/"},"modified":"2022-11-18T11:40:38","modified_gmt":"2022-11-18T10:40:38","slug":"designduschkabinen","status":"publish","type":"page","link":"https:\/\/relaxsrl.com\/de\/anleitung-zur-auswahl\/designduschkabinen\/","title":{"rendered":"Designduschkabinen"},"content":{"rendered":"<p>[vc_row full_width=&#8220;stretch_row&#8220; content_placement=&#8220;middle&#8220; el_class=&#8220;intro-row intro-row-grey&#8220;][vc_column][vc_column_text]<\/p>\n<h1>Designduschkabinen<\/h1>\n<p>[\/vc_column_text][\/vc_column][\/vc_row][vc_row el_class=&#8220;row-path&#8220;][vc_column][vc_column_text][\/vc_column_text][\/vc_column][\/vc_row][vc_row][vc_column][vc_single_image image=&#8220;8792&#8243; img_size=&#8220;full&#8220;][\/vc_column][\/vc_row][vc_row][vc_column width=&#8220;1\/6&#8243;][\/vc_column][vc_column width=&#8220;2\/3&#8243;][vc_empty_space height=&#8220;40px&#8220;][vc_column_text el_class=&#8220;txt-blue abstract weight500&#8243;]Der moderne Stil erfordert Raum f\u00fcr \u00c4sthetik und Funktionalit\u00e4t. Eine Design-Duschkabine macht darin den Unterschied, ist edel und elegant, egal wie gro\u00df sie ist.[\/vc_column_text][vc_empty_space height=&#8220;35px&#8220;][\/vc_column][\/vc_row][vc_row el_id=&#8220;paragrafo-1&#8243;][vc_column width=&#8220;1\/6&#8243;][\/vc_column][vc_column width=&#8220;2\/3&#8243;][vc_column_text]<\/p>\n<h2>Eigenschaften der Designduschkabine<\/h2>\n<p>Ein zeitgen\u00f6ssisches, trendiges Bad hat eine saubere, lineare Geometrie. Wesentlich wird die moderne Dusche, am besten b\u00fcndig mit dem Boden montiert, so dass die Fugen nicht durch die Duschplatte unterbrochen werden, sondern das Gef\u00fchl der Verl\u00e4ngerung des Bodens erzeugen, was eine enorme optische Wirkung hat.<br \/>\nEine moderne Designduschkabine findet neben sch\u00f6nen L\u00f6sungen auch clevere L\u00f6sungen f\u00fcr die Bed\u00fcrfnisse, die die Kunden am meisten interessieren. Beispielsweise die Optimierung des Raumes durch die Ermittlung von L\u00f6sungen mit variabler Tiefe, ohne notwendigerweise auf Speziall\u00f6sungen zur\u00fcckzugreifen. Oder die Interpretation eines Modeprodukts wie der Walk-in-Dusche ohne Probleme wegen Spritzwasser au\u00dferhalb der Dusche. Oder die Umwandlung der Duschkabine von zu Hause in eine multifunktionale Duschkabine zu einem fairen Preis, inklusive integriertem Duschkopf, Chromotherapie und Duschpaneel.[\/vc_column_text][vc_empty_space height=&#8220;40px&#8220;][\/vc_column][\/vc_row][vc_row][vc_column width=&#8220;1\/6&#8243;][\/vc_column][vc_column width=&#8220;2\/3&#8243;][vc_column_text]<\/p>\n<h2>Die Herausforderungen einer Design-Duschabtrennung<\/h2>\n<p>Eine Duschkabine mit raffiniertem Stil, \u00fcber den Tellerrand hinaus, f\u00fcr eine einzigartige Badezimmerumgebung. Dies ist die Herausforderung von Relax bei der Suche nach einer Design-Duschabtrennung, die <strong> Funktionalit\u00e4t und \u00e4sthetische Forschung <\/strong> erf\u00fcllt. Eine perfekte Kombination, die es versteht, den Kontext, in dem sich die Dusche befindet, dank der Wesentlichkeit der Elemente, aus denen sie besteht, zu verbessern.[\/vc_column_text][vc_empty_space height=&#8220;40px&#8220;][\/vc_column][\/vc_row][vc_row][vc_column][vc_empty_space height=&#8220;50px&#8220;][vc_column_text]<\/p>\n<h3 style=\"text-align: center;\">Einige Beispiele aus der Design-Duschkabine Relax<\/h3>\n<p>[\/vc_column_text][vc_empty_space height=&#8220;30px&#8220;]<div class=\"woocommerce columns-4 \"><ul class=\"products columns-4\">\n<li class=\"product type-product post-21216 status-publish first instock product_cat-bobox-fr product_cat-bobox-en product_cat-bobox-ru product_cat-bobox-de product_cat-box-doccia-de product_cat-box-doccia-en product_cat-box-doccia-di-design product_cat-cabine-de-douche product_cat-guide-de-selection-cabine-de-douche-design product_cat-collections-en product_cat-collections product_cat-selection-guide-design-shower-enclosures product_cat-guida-alla-scelta-de product_cat-selection-guide-en product_cat-guide-de-selection product_cat-nicchia-de product_cat-niche product_cat-niche-fr product_cat-collezioni-de product_cat-tipologia-prodotto-en product_cat-tipologia-prodotto-de product_cat-type-de-produit product_cat-walk-in-de product_cat-niche-walk-in product_cat-walk-in-de-3 product_cat-walk-in-fr product_cat-walk-in-en-4 product_cat-walk-in-en product_cat-1600 product_cat-1618 product_cat-1568 product_cat-1637 product_cat-1640 product_cat-1649 product_cat-1594 product_cat-1617 has-post-thumbnail shipping-taxable product-type-simple\">\n\t<div class=\"woocommerce-loop-product__short_description\" itemprop=\"description\"><a href=\"https:\/\/relaxsrl.com\/de\/produkt\/bobox-c\/\" class=\"woocommerce-LoopProduct-link woocommerce-loop-product__link\"><p>Begehbare Duschabtrennung, die sich durch einen doppelten Glasradius auszeichnet.<\/p>\n<\/a><\/div><\/li>\n<\/ul>\n<\/div>[\/vc_column][\/vc_row][vc_row full_width=&#8220;stretch_row_content_no_spaces&#8220; equal_height=&#8220;yes&#8220; content_placement=&#8220;middle&#8220; el_class=&#8220;row-over-footer row-cta-over-footer&#8220;][vc_column width=&#8220;1\/2&#8243;][vc_single_image image=&#8220;2447&#8243; img_size=&#8220;full&#8220;][\/vc_column][vc_column width=&#8220;1\/2&#8243; css=&#8220;.vc_custom_1632909138868{background-image: url(http:\/\/relaxsrl.com\/wp-content\/uploads\/2021\/09\/cta-design-opaco.jpg?id=2448) !important;background-position: center !important;background-repeat: no-repeat !important;background-size: cover !important;}&#8220; el_class=&#8220;row-cta-over-footer-col-text&#8220;][vc_row_inner][vc_column_inner width=&#8220;1\/4&#8243;][\/vc_column_inner][vc_column_inner width=&#8220;1\/2&#8243;][vc_column_text]<\/p>\n<h2 style=\"text-align: center;\">M\u00f6chten Sie noch mehr Design-Duschkabinen sehen?<\/h2>\n<p style=\"text-align: center;\">Bl\u00e4ttern Sie im Produktkatalog Relax, um Inspirationen f\u00fcr das passende Designbad zu finden.<\/p>\n<p>[\/vc_column_text][vc_btn title=&#8220;KATALOG HERUNTERLADEN&#8220; style=&#8220;classic&#8220; shape=&#8220;square&#8220; color=&#8220;white&#8220; align=&#8220;center&#8220; el_class=&#8220;btn-default-white&#8220; link=&#8220;url:http%3A%2F%2Frelaxsrl.com%2Fdocs%2Fcataloghi%2Fcatalogo_relax.pdf|title:KATALOG%20HERUNTERLADEN|target:_blank|&#8220;][\/vc_column_inner][vc_column_inner width=&#8220;1\/4&#8243;][\/vc_column_inner][\/vc_row_inner][\/vc_column][\/vc_row]<\/p>\n","protected":false},"excerpt":{"rendered":"<p>[vc_row full_width=&#8220;stretch_row&#8220; content_placement=&#8220;middle&#8220; el_class=&#8220;intro-row intro-row-grey&#8220;][vc_column][vc_column_text] Designduschkabinen [\/vc_column_text][\/vc_column][\/vc_row][vc_row el_class=&#8220;row-path&#8220;][vc_column][vc_column_text][\/vc_column_text][\/vc_column][\/vc_row][vc_row][vc_column][vc_single_image image=&#8220;8792&#8243; img_size=&#8220;full&#8220;][\/vc_column][\/vc_row][vc_row][vc_column width=&#8220;1\/6&#8243;][\/vc_column][vc_column width=&#8220;2\/3&#8243;][vc_empty_space height=&#8220;40px&#8220;][vc_column_text el_class=&#8220;txt-blue abstract weight500&#8243;]Der moderne Stil erfordert Raum f\u00fcr \u00c4sthetik und Funktionalit\u00e4t. Eine Design-Duschkabine macht darin den Unterschied, ist edel und elegant, egal wie gro\u00df sie ist.[\/vc_column_text][vc_empty_space height=&#8220;35px&#8220;][\/vc_column][\/vc_row][vc_row el_id=&#8220;paragrafo-1&#8243;][vc_column width=&#8220;1\/6&#8243;][\/vc_column][vc_column width=&#8220;2\/3&#8243;][vc_column_text] Eigenschaften der Designduschkabine Ein zeitgen\u00f6ssisches, trendiges Bad hat eine saubere, lineare Geometrie. [&hellip;]<\/p>\n","protected":false},"author":3,"featured_media":8792,"parent":22678,"menu_order":0,"comment_status":"closed","ping_status":"closed","template":"","meta":[],"acf":[],"yoast_head":"<!-- This site is optimized with the Yoast SEO Premium plugin v18.4 (Yoast SEO v18.8) - https:\/\/yoast.com\/wordpress\/plugins\/seo\/ -->\n<title>Designduschkabinen - Relax srl<\/title>\n<meta name=\"description\" content=\"Der moderne Stil erfordert Raum f\u00fcr \u00c4sthetik und Funktionalit\u00e4t. Eine Design-Duschkabine macht darin den Unterschied, ist edel und elegant, egal wie gro\u00df sie ist.\" \/>\n<meta name=\"robots\" content=\"index, follow, max-snippet:-1, max-image-preview:large, max-video-preview:-1\" \/>\n<link rel=\"canonical\" href=\"https:\/\/relaxsrl.com\/de\/anleitung-zur-auswahl\/designduschkabinen\/\" \/>\n<meta property=\"og:locale\" content=\"de_DE\" \/>\n<meta property=\"og:type\" content=\"article\" \/>\n<meta property=\"og:title\" content=\"Designduschkabinen - Relax srl\" \/>\n<meta property=\"og:description\" content=\"Der moderne Stil erfordert Raum f\u00fcr \u00c4sthetik und Funktionalit\u00e4t. Eine Design-Duschkabine macht darin den Unterschied, ist edel und elegant, egal wie gro\u00df sie ist.\" \/>\n<meta property=\"og:url\" content=\"https:\/\/relaxsrl.com\/de\/anleitung-zur-auswahl\/designduschkabinen\/\" \/>\n<meta property=\"og:site_name\" content=\"Relax srl\" \/>\n<meta property=\"article:modified_time\" content=\"2022-11-18T10:40:38+00:00\" \/>\n<meta name=\"twitter:card\" content=\"summary_large_image\" \/>\n<meta name=\"twitter:label1\" content=\"Gesch\u00e4tzte Lesezeit\" \/>\n\t<meta name=\"twitter:data1\" content=\"3 Minuten\" \/>\n<script type=\"application\/ld+json\" class=\"yoast-schema-graph\">{\"@context\":\"https:\/\/schema.org\",\"@graph\":[{\"@type\":\"WebSite\",\"@id\":\"https:\/\/relaxsrl.com\/#website\",\"url\":\"https:\/\/relaxsrl.com\/\",\"name\":\"Relax srl\",\"description\":\"\",\"potentialAction\":[{\"@type\":\"SearchAction\",\"target\":{\"@type\":\"EntryPoint\",\"urlTemplate\":\"https:\/\/relaxsrl.com\/?s={search_term_string}\"},\"query-input\":\"required name=search_term_string\"}],\"inLanguage\":\"de-DE\"},{\"@type\":\"ImageObject\",\"inLanguage\":\"de-DE\",\"@id\":\"https:\/\/relaxsrl.com\/de\/anleitung-zur-auswahl\/designduschkabinen\/#primaryimage\",\"url\":\"https:\/\/relaxsrl.com\/website\/wp-content\/uploads\/2021\/10\/Per-web-1.jpg\",\"contentUrl\":\"https:\/\/relaxsrl.com\/website\/wp-content\/uploads\/2021\/10\/Per-web-1.jpg\",\"width\":1100,\"height\":420,\"caption\":\"Draufsicht auf eine begehbare Designer-Duschabtrennung in einer Nische\"},{\"@type\":\"WebPage\",\"@id\":\"https:\/\/relaxsrl.com\/de\/anleitung-zur-auswahl\/designduschkabinen\/#webpage\",\"url\":\"https:\/\/relaxsrl.com\/de\/anleitung-zur-auswahl\/designduschkabinen\/\",\"name\":\"Designduschkabinen - Relax srl\",\"isPartOf\":{\"@id\":\"https:\/\/relaxsrl.com\/#website\"},\"primaryImageOfPage\":{\"@id\":\"https:\/\/relaxsrl.com\/de\/anleitung-zur-auswahl\/designduschkabinen\/#primaryimage\"},\"datePublished\":\"2022-08-10T14:05:07+00:00\",\"dateModified\":\"2022-11-18T10:40:38+00:00\",\"description\":\"Der moderne Stil erfordert Raum f\u00fcr \u00c4sthetik und Funktionalit\u00e4t. Eine Design-Duschkabine macht darin den Unterschied, ist edel und elegant, egal wie gro\u00df sie ist.\",\"breadcrumb\":{\"@id\":\"https:\/\/relaxsrl.com\/de\/anleitung-zur-auswahl\/designduschkabinen\/#breadcrumb\"},\"inLanguage\":\"de-DE\",\"potentialAction\":[{\"@type\":\"ReadAction\",\"target\":[\"https:\/\/relaxsrl.com\/de\/anleitung-zur-auswahl\/designduschkabinen\/\"]}]},{\"@type\":\"BreadcrumbList\",\"@id\":\"https:\/\/relaxsrl.com\/de\/anleitung-zur-auswahl\/designduschkabinen\/#breadcrumb\",\"itemListElement\":[{\"@type\":\"ListItem\",\"position\":1,\"name\":\"Anleitung zur Auswahl\",\"item\":\"https:\/\/relaxsrl.com\/de\/anleitung-zur-auswahl\/\"},{\"@type\":\"ListItem\",\"position\":2,\"name\":\"Designduschkabinen\"}]}]}<\/script>\n<!-- \/ Yoast SEO Premium plugin. -->","yoast_head_json":{"title":"Designduschkabinen - Relax srl","description":"Der moderne Stil erfordert Raum f\u00fcr \u00c4sthetik und Funktionalit\u00e4t. Eine Design-Duschkabine macht darin den Unterschied, ist edel und elegant, egal wie gro\u00df sie ist.","robots":{"index":"index","follow":"follow","max-snippet":"max-snippet:-1","max-image-preview":"max-image-preview:large","max-video-preview":"max-video-preview:-1"},"canonical":"https:\/\/relaxsrl.com\/de\/anleitung-zur-auswahl\/designduschkabinen\/","og_locale":"de_DE","og_type":"article","og_title":"Designduschkabinen - Relax srl","og_description":"Der moderne Stil erfordert Raum f\u00fcr \u00c4sthetik und Funktionalit\u00e4t. Eine Design-Duschkabine macht darin den Unterschied, ist edel und elegant, egal wie gro\u00df sie ist.","og_url":"https:\/\/relaxsrl.com\/de\/anleitung-zur-auswahl\/designduschkabinen\/","og_site_name":"Relax srl","article_modified_time":"2022-11-18T10:40:38+00:00","twitter_card":"summary_large_image","twitter_misc":{"Gesch\u00e4tzte Lesezeit":"3 Minuten"},"schema":{"@context":"https:\/\/schema.org","@graph":[{"@type":"WebSite","@id":"https:\/\/relaxsrl.com\/#website","url":"https:\/\/relaxsrl.com\/","name":"Relax srl","description":"","potentialAction":[{"@type":"SearchAction","target":{"@type":"EntryPoint","urlTemplate":"https:\/\/relaxsrl.com\/?s={search_term_string}"},"query-input":"required name=search_term_string"}],"inLanguage":"de-DE"},{"@type":"ImageObject","inLanguage":"de-DE","@id":"https:\/\/relaxsrl.com\/de\/anleitung-zur-auswahl\/designduschkabinen\/#primaryimage","url":"https:\/\/relaxsrl.com\/website\/wp-content\/uploads\/2021\/10\/Per-web-1.jpg","contentUrl":"https:\/\/relaxsrl.com\/website\/wp-content\/uploads\/2021\/10\/Per-web-1.jpg","width":1100,"height":420,"caption":"Draufsicht auf eine begehbare Designer-Duschabtrennung in einer Nische"},{"@type":"WebPage","@id":"https:\/\/relaxsrl.com\/de\/anleitung-zur-auswahl\/designduschkabinen\/#webpage","url":"https:\/\/relaxsrl.com\/de\/anleitung-zur-auswahl\/designduschkabinen\/","name":"Designduschkabinen - Relax srl","isPartOf":{"@id":"https:\/\/relaxsrl.com\/#website"},"primaryImageOfPage":{"@id":"https:\/\/relaxsrl.com\/de\/anleitung-zur-auswahl\/designduschkabinen\/#primaryimage"},"datePublished":"2022-08-10T14:05:07+00:00","dateModified":"2022-11-18T10:40:38+00:00","description":"Der moderne Stil erfordert Raum f\u00fcr \u00c4sthetik und Funktionalit\u00e4t. Eine Design-Duschkabine macht darin den Unterschied, ist edel und elegant, egal wie gro\u00df sie ist.","breadcrumb":{"@id":"https:\/\/relaxsrl.com\/de\/anleitung-zur-auswahl\/designduschkabinen\/#breadcrumb"},"inLanguage":"de-DE","potentialAction":[{"@type":"ReadAction","target":["https:\/\/relaxsrl.com\/de\/anleitung-zur-auswahl\/designduschkabinen\/"]}]},{"@type":"BreadcrumbList","@id":"https:\/\/relaxsrl.com\/de\/anleitung-zur-auswahl\/designduschkabinen\/#breadcrumb","itemListElement":[{"@type":"ListItem","position":1,"name":"Anleitung zur Auswahl","item":"https:\/\/relaxsrl.com\/de\/anleitung-zur-auswahl\/"},{"@type":"ListItem","position":2,"name":"Designduschkabinen"}]}]}},"_links":{"self":[{"href":"https:\/\/relaxsrl.com\/de\/wp-json\/wp\/v2\/pages\/22716"}],"collection":[{"href":"https:\/\/relaxsrl.com\/de\/wp-json\/wp\/v2\/pages"}],"about":[{"href":"https:\/\/relaxsrl.com\/de\/wp-json\/wp\/v2\/types\/page"}],"author":[{"embeddable":true,"href":"https:\/\/relaxsrl.com\/de\/wp-json\/wp\/v2\/users\/3"}],"replies":[{"embeddable":true,"href":"https:\/\/relaxsrl.com\/de\/wp-json\/wp\/v2\/comments?post=22716"}],"version-history":[{"count":4,"href":"https:\/\/relaxsrl.com\/de\/wp-json\/wp\/v2\/pages\/22716\/revisions"}],"predecessor-version":[{"id":24438,"href":"https:\/\/relaxsrl.com\/de\/wp-json\/wp\/v2\/pages\/22716\/revisions\/24438"}],"up":[{"embeddable":true,"href":"https:\/\/relaxsrl.com\/de\/wp-json\/wp\/v2\/pages\/22678"}],"wp:featuredmedia":[{"embeddable":true,"href":"https:\/\/relaxsrl.com\/de\/wp-json\/wp\/v2\/media\/8792"}],"wp:attachment":[{"href":"https:\/\/relaxsrl.com\/de\/wp-json\/wp\/v2\/media?parent=22716"}],"curies":[{"name":"wp","href":"https:\/\/api.w.org\/{rel}","templated":true}]}}