{"id":22720,"date":"2022-08-10T16:08:09","date_gmt":"2022-08-10T14:08:09","guid":{"rendered":"https:\/\/relaxsrl.com\/anleitung-zur-auswahl\/elegante-duschkabinen-fuer-unterwegs\/"},"modified":"2024-11-18T11:14:29","modified_gmt":"2024-11-18T10:14:29","slug":"elegante-duschkabinen-fuer-unterwegs","status":"publish","type":"page","link":"https:\/\/relaxsrl.com\/de\/anleitung-zur-auswahl\/elegante-duschkabinen-fuer-unterwegs\/","title":{"rendered":"Elegante Duschkabinen f\u00fcr unterwegs"},"content":{"rendered":"<p>[vc_row full_width=&#8220;stretch_row&#8220; content_placement=&#8220;middle&#8220; el_class=&#8220;intro-row intro-row-grey&#8220;][vc_column][vc_column_text]<\/p>\n<h1>Elegante Duschkabinen f\u00fcr unterwegs<\/h1>\n<p>[\/vc_column_text][\/vc_column][\/vc_row][vc_row el_class=&#8220;row-path&#8220;][vc_column][vc_column_text][\/vc_column_text][\/vc_column][\/vc_row][vc_row][vc_column][vc_single_image image=&#8220;31302&#8243; img_size=&#8220;full&#8220;][\/vc_column][\/vc_row][vc_row][vc_column width=&#8220;1\/6&#8243;][\/vc_column][vc_column width=&#8220;2\/3&#8243;][vc_empty_space height=&#8220;40px&#8220;][vc_column_text el_class=&#8220;txt-blue abstract weight500&#8243;]Wenn man von Duschkabinen mit traditionellem oder klassischem Design spricht, meint man damit einen raffinierten Stil, der sich durch einzigartige und wertvolle Elemente auszeichnet. So ein Bad einzurichten, bedeutet, sich f\u00fcr Eleganz zu entscheiden.[\/vc_column_text][vc_empty_space height=&#8220;35px&#8220;][\/vc_column][\/vc_row][vc_row][vc_column width=&#8220;1\/6&#8243;][\/vc_column][vc_column width=&#8220;2\/3&#8243;][vc_column_text]<\/p>\n<ul>\n<li><a class=\"link-interno link-interno-paragrafo-1\" href=\"#\">Eigenschaften der stilvollen Duschkabine<\/a><\/li>\n<li>Stilvolle Duschkabine: Strukturelles Zubeh\u00f6r\n<ul>\n<li><a class=\"link-interno link-interno-paragrafo-2\" href=\"#\">Versteckte Schienen<\/a><\/li>\n<li><a class=\"link-interno link-interno-paragrafo-3\" href=\"#\">Dichtung am Rahmen integriert<\/a><\/li>\n<li><a class=\"link-interno link-interno-paragrafo-4\" href=\"#\">\u00d6ffnen der T\u00fcr<\/a><\/li>\n<\/ul>\n<\/li>\n<\/ul>\n<p>[\/vc_column_text][vc_empty_space height=&#8220;40px&#8220;][\/vc_column][\/vc_row][vc_row el_id=&#8220;paragrafo-1&#8243;][vc_column width=&#8220;1\/6&#8243;][\/vc_column][vc_column width=&#8220;2\/3&#8243;][vc_column_text]<\/p>\n<h2>Stilvolle Duschkabine Eigenschaften<\/h2>\n<p>Nichts ist zuf\u00e4llig in einer Duschkabine mit traditionellem Design, einem Geschmack von &#8222;evergreen&#8220;. Die Details sind reichhaltig, um auch in das \u00fcppigste Badezimmer zu passen, die Materialien sind strapazierf\u00e4hig und hochwertig. Eine besonders gute Wahl ist dabei das Aluminium: Es eignet sich hervorragend f\u00fcr eine besonders schonende, langlebige und pflegeleichte Einrichtung.<br \/>\nDie klassische Duschkabine ist mit einem Rahmen ausgestattet, der entweder d\u00fcnn oder gut markant sein kann. In beiden F\u00e4llen erm\u00f6glicht er die Verwendung von gro\u00dfen Schiebet\u00fcren und einer gro\u00dfen Auswahl bei der Individualisierung des Rahmens. Genauer gesagt werden die Profile und St\u00f6psel des Griffs zu dekorativen Mustern, die mit anderen Badezimmerelementen wie zweifarbigen Wasserh\u00e4hnen, M\u00f6beln oder anderen Accessoires kombiniert werden k\u00f6nnen.[\/vc_column_text][vc_empty_space height=&#8220;40px&#8220;][\/vc_column][\/vc_row][vc_row][vc_column width=&#8220;1\/6&#8243;][\/vc_column][vc_column width=&#8220;2\/3&#8243;][vc_column_text]<\/p>\n<h2>Stilvolle Duschkabinen: Strukturelles Zubeh\u00f6r<\/h2>\n<p>[\/vc_column_text][vc_empty_space height=&#8220;20px&#8220;][\/vc_column][\/vc_row][vc_row el_id=&#8220;paragrafo-2&#8243;][vc_column width=&#8220;1\/6&#8243;][\/vc_column][vc_column width=&#8220;2\/3&#8243;][vc_column_text]<\/p>\n<h3>Versteckte Schienen<\/h3>\n<p>Die Schiebet\u00fcr kann mit speziellen Schienen versehen werden, die statt sichtbar zu sein, mit einem Aluminium-Geh\u00e4use abgedeckt werden. Die L\u00f6sung ist \u00e4sthetisch, denn sie macht das Ergebnis raffiniert und ist auch funktionell, da die Reinigung der Duschkabine einfacher und schneller wird.[\/vc_column_text][vc_empty_space height=&#8220;20px&#8220;][\/vc_column][\/vc_row][vc_row el_id=&#8220;paragrafo-3&#8243;][vc_column width=&#8220;1\/6&#8243;][\/vc_column][vc_column width=&#8220;2\/3&#8243;][vc_column_text]<\/p>\n<h3>Dichtung im Rahmen integriert<\/h3>\n<p>W\u00e4hrend die Dichtung bei vielen Duschkabinen in der T\u00fcr montiert ist, bietet die direkt im unteren Profil angebrachte Dichtung in einer eleganten Duschkabine einen signifikanten funktionellen Vorteil beim Wasserschutz, der sich deutlich verbessert.[\/vc_column_text][vc_empty_space height=&#8220;20px&#8220;][\/vc_column][\/vc_row][vc_row el_id=&#8220;paragrafo-4&#8243;][vc_column width=&#8220;1\/6&#8243;][\/vc_column][vc_column width=&#8220;2\/3&#8243;][vc_column_text]<\/p>\n<h3>\u00d6ffnen der T\u00fcr<\/h3>\n<p>Eine stilvolle Duschkabine kann mit einer einfachen Druckbewegung nicht auf das System der T\u00fcrentriegelung verzichten. Eine funktionelle Wahl, die die Reinigung der Duschkabine erleichtert.[\/vc_column_text][vc_empty_space height=&#8220;40px&#8220;][\/vc_column][\/vc_row][vc_row][vc_column][vc_empty_space height=&#8220;50px&#8220;][vc_column_text]<\/p>\n<h3 style=\"text-align: center;\">Einige Beispiele f\u00fcr stilvolle Relax-Duschkabinen<\/h3>\n<p>[\/vc_column_text][vc_empty_space height=&#8220;30px&#8220;]<div class=\"woocommerce columns-4 \"><ul class=\"products columns-4\">\n<li class=\"product type-product post-21103 status-publish first instock product_cat-3-lati-de product_cat-3-lati-en product_cat-3-lati-fr product_cat-3- product_cat-box-doccia-de product_cat-box-doccia-en product_cat-box-doccia-eleganti product_cat-cabine-de-douche product_cat-guide-de-selection-cabines-de-douche-elegantes product_cat-collections product_cat-collections-en product_cat-niche-coulissante product_cat-selection-guide-elegant-shower-enclosures product_cat-selection-guide-en product_cat-guida-alla-scelta-de product_cat-guide-de-selection product_cat-nicchia-de product_cat-niche product_cat-niche-fr product_cat-collezioni-de product_cat-scorrevole-de-5 product_cat-scorrevole-fr product_cat-scorrevole-de-2 product_cat-scorrevole product_cat-niche-sliding product_cat-tipologia-prodotto-de product_cat-tipologia-prodotto-en product_cat-type-de-produit product_cat-unico-fr product_cat-unico-en product_cat-unico-de product_cat-unico-ru product_cat-1618 product_cat-1568 product_cat-1637 product_cat-1639 product_cat-3--- product_cat-1594 product_cat-1617 product_cat-1598 has-post-thumbnail shipping-taxable product-type-simple\">\n\t<div class=\"woocommerce-loop-product__short_description\" itemprop=\"description\"><a href=\"https:\/\/relaxsrl.com\/de\/produkt\/unico-sc1\/\" class=\"woocommerce-LoopProduct-link woocommerce-loop-product__link\"><p>Duschabtrennung in Nische mit Schiebet\u00fcr und anpassbarem oberen Zierprofil.<\/p>\n<\/a><\/div><\/li>\n<\/ul>\n<\/div>[\/vc_column][\/vc_row][vc_row full_width=&#8220;stretch_row_content_no_spaces&#8220; equal_height=&#8220;yes&#8220; content_placement=&#8220;middle&#8220; el_class=&#8220;row-over-footer row-cta-over-footer&#8220;][vc_column width=&#8220;1\/2&#8243;][vc_single_image image=&#8220;2460&#8243; img_size=&#8220;full&#8220;][\/vc_column][vc_column width=&#8220;1\/2&#8243; css=&#8220;.vc_custom_1632909267235{background-image: url(http:\/\/relaxsrl.com\/wp-content\/uploads\/2021\/09\/cta-eleganti-opaco.jpg?id=2461) !important;background-position: center !important;background-repeat: no-repeat !important;background-size: cover !important;}&#8220; el_class=&#8220;row-cta-over-footer-col-text&#8220;][vc_row_inner][vc_column_inner width=&#8220;1\/4&#8243;][\/vc_column_inner][vc_column_inner width=&#8220;1\/2&#8243;][vc_column_text]<\/p>\n<h2 style=\"text-align: center;\">Bewundern Sie andere stilvolle Duschkabinen<\/h2>\n<p style=\"text-align: center;\">Der Relax-Katalog enth\u00e4lt viele Beispiele f\u00fcr stilvolle Duschkabinen \u2013 Auch f\u00fcr ihr Bad gibt es die Passende.<\/p>\n<p>[\/vc_column_text][vc_btn title=&#8220;KATALOG HERUNTERLADEN&#8220; style=&#8220;classic&#8220; shape=&#8220;square&#8220; color=&#8220;white&#8220; align=&#8220;center&#8220; el_class=&#8220;btn-default-white&#8220; link=&#8220;url:http%3A%2F%2Frelaxsrl.com%2Fdocs%2Fcataloghi%2Fcatalogo_relax.pdf|target:_blank|&#8220;][\/vc_column_inner][vc_column_inner width=&#8220;1\/4&#8243;][\/vc_column_inner][\/vc_row_inner][\/vc_column][\/vc_row]<\/p>\n","protected":false},"excerpt":{"rendered":"<p>[vc_row full_width=&#8220;stretch_row&#8220; content_placement=&#8220;middle&#8220; el_class=&#8220;intro-row intro-row-grey&#8220;][vc_column][vc_column_text] Elegante Duschkabinen f\u00fcr unterwegs [\/vc_column_text][\/vc_column][\/vc_row][vc_row el_class=&#8220;row-path&#8220;][vc_column][vc_column_text][\/vc_column_text][\/vc_column][\/vc_row][vc_row][vc_column][vc_single_image image=&#8220;31302&#8243; img_size=&#8220;full&#8220;][\/vc_column][\/vc_row][vc_row][vc_column width=&#8220;1\/6&#8243;][\/vc_column][vc_column width=&#8220;2\/3&#8243;][vc_empty_space height=&#8220;40px&#8220;][vc_column_text el_class=&#8220;txt-blue abstract weight500&#8243;]Wenn man von Duschkabinen mit traditionellem oder klassischem Design spricht, meint man damit einen raffinierten Stil, der sich durch einzigartige und wertvolle Elemente auszeichnet. So ein Bad einzurichten, bedeutet, sich f\u00fcr Eleganz zu entscheiden.[\/vc_column_text][vc_empty_space height=&#8220;35px&#8220;][\/vc_column][\/vc_row][vc_row][vc_column width=&#8220;1\/6&#8243;][\/vc_column][vc_column width=&#8220;2\/3&#8243;][vc_column_text] [&hellip;]<\/p>\n","protected":false},"author":3,"featured_media":31302,"parent":22678,"menu_order":0,"comment_status":"closed","ping_status":"closed","template":"","meta":[],"acf":[],"yoast_head":"<!-- This site is optimized with the Yoast SEO Premium plugin v18.4 (Yoast SEO v18.8) - https:\/\/yoast.com\/wordpress\/plugins\/seo\/ -->\n<title>Elegante Duschkabinen f\u00fcr unterwegs - Relax srl<\/title>\n<meta name=\"description\" content=\"Wenn man von Duschkabinen mit traditionellem oder klassischem Design spricht, meint man damit einen raffinierten Stil, der sich durch einzigartige und wertvolle Elemente auszeichnet. So ein Bad einzurichten, bedeutet, sich f\u00fcr Eleganz zu entscheiden.\" \/>\n<meta name=\"robots\" content=\"index, follow, max-snippet:-1, max-image-preview:large, max-video-preview:-1\" \/>\n<link rel=\"canonical\" href=\"https:\/\/relaxsrl.com\/de\/anleitung-zur-auswahl\/elegante-duschkabinen-fuer-unterwegs\/\" \/>\n<meta property=\"og:locale\" content=\"de_DE\" \/>\n<meta property=\"og:type\" content=\"article\" \/>\n<meta property=\"og:title\" content=\"Elegante Duschkabinen f\u00fcr unterwegs - Relax srl\" \/>\n<meta property=\"og:description\" content=\"Wenn man von Duschkabinen mit traditionellem oder klassischem Design spricht, meint man damit einen raffinierten Stil, der sich durch einzigartige und wertvolle Elemente auszeichnet. So ein Bad einzurichten, bedeutet, sich f\u00fcr Eleganz zu entscheiden.\" \/>\n<meta property=\"og:url\" content=\"https:\/\/relaxsrl.com\/de\/anleitung-zur-auswahl\/elegante-duschkabinen-fuer-unterwegs\/\" \/>\n<meta property=\"og:site_name\" content=\"Relax srl\" \/>\n<meta property=\"article:modified_time\" content=\"2024-11-18T10:14:29+00:00\" \/>\n<meta property=\"og:image\" content=\"https:\/\/relaxsrl.com\/website\/wp-content\/uploads\/2024\/11\/STILE-BOX-DOCCIA_1.jpg\" \/>\n\t<meta property=\"og:image:width\" content=\"1920\" \/>\n\t<meta property=\"og:image:height\" content=\"1080\" \/>\n\t<meta property=\"og:image:type\" content=\"image\/jpeg\" \/>\n<meta name=\"twitter:card\" content=\"summary_large_image\" \/>\n<meta name=\"twitter:label1\" content=\"Gesch\u00e4tzte Lesezeit\" \/>\n\t<meta name=\"twitter:data1\" content=\"3 Minuten\" \/>\n<script type=\"application\/ld+json\" class=\"yoast-schema-graph\">{\"@context\":\"https:\/\/schema.org\",\"@graph\":[{\"@type\":\"WebSite\",\"@id\":\"https:\/\/relaxsrl.com\/#website\",\"url\":\"https:\/\/relaxsrl.com\/\",\"name\":\"Relax srl\",\"description\":\"\",\"potentialAction\":[{\"@type\":\"SearchAction\",\"target\":{\"@type\":\"EntryPoint\",\"urlTemplate\":\"https:\/\/relaxsrl.com\/?s={search_term_string}\"},\"query-input\":\"required name=search_term_string\"}],\"inLanguage\":\"de-DE\"},{\"@type\":\"ImageObject\",\"inLanguage\":\"de-DE\",\"@id\":\"https:\/\/relaxsrl.com\/de\/anleitung-zur-auswahl\/elegante-duschkabinen-fuer-unterwegs\/#primaryimage\",\"url\":\"https:\/\/relaxsrl.com\/website\/wp-content\/uploads\/2024\/11\/STILE-BOX-DOCCIA_1.jpg\",\"contentUrl\":\"https:\/\/relaxsrl.com\/website\/wp-content\/uploads\/2024\/11\/STILE-BOX-DOCCIA_1.jpg\",\"width\":1920,\"height\":1080},{\"@type\":\"WebPage\",\"@id\":\"https:\/\/relaxsrl.com\/de\/anleitung-zur-auswahl\/elegante-duschkabinen-fuer-unterwegs\/#webpage\",\"url\":\"https:\/\/relaxsrl.com\/de\/anleitung-zur-auswahl\/elegante-duschkabinen-fuer-unterwegs\/\",\"name\":\"Elegante Duschkabinen f\u00fcr unterwegs - Relax srl\",\"isPartOf\":{\"@id\":\"https:\/\/relaxsrl.com\/#website\"},\"primaryImageOfPage\":{\"@id\":\"https:\/\/relaxsrl.com\/de\/anleitung-zur-auswahl\/elegante-duschkabinen-fuer-unterwegs\/#primaryimage\"},\"datePublished\":\"2022-08-10T14:08:09+00:00\",\"dateModified\":\"2024-11-18T10:14:29+00:00\",\"description\":\"Wenn man von Duschkabinen mit traditionellem oder klassischem Design spricht, meint man damit einen raffinierten Stil, der sich durch einzigartige und wertvolle Elemente auszeichnet. So ein Bad einzurichten, bedeutet, sich f\u00fcr Eleganz zu entscheiden.\",\"breadcrumb\":{\"@id\":\"https:\/\/relaxsrl.com\/de\/anleitung-zur-auswahl\/elegante-duschkabinen-fuer-unterwegs\/#breadcrumb\"},\"inLanguage\":\"de-DE\",\"potentialAction\":[{\"@type\":\"ReadAction\",\"target\":[\"https:\/\/relaxsrl.com\/de\/anleitung-zur-auswahl\/elegante-duschkabinen-fuer-unterwegs\/\"]}]},{\"@type\":\"BreadcrumbList\",\"@id\":\"https:\/\/relaxsrl.com\/de\/anleitung-zur-auswahl\/elegante-duschkabinen-fuer-unterwegs\/#breadcrumb\",\"itemListElement\":[{\"@type\":\"ListItem\",\"position\":1,\"name\":\"Anleitung zur Auswahl\",\"item\":\"https:\/\/relaxsrl.com\/de\/anleitung-zur-auswahl\/\"},{\"@type\":\"ListItem\",\"position\":2,\"name\":\"Elegante Duschkabinen f\u00fcr unterwegs\"}]}]}<\/script>\n<!-- \/ Yoast SEO Premium plugin. -->","yoast_head_json":{"title":"Elegante Duschkabinen f\u00fcr unterwegs - Relax srl","description":"Wenn man von Duschkabinen mit traditionellem oder klassischem Design spricht, meint man damit einen raffinierten Stil, der sich durch einzigartige und wertvolle Elemente auszeichnet. So ein Bad einzurichten, bedeutet, sich f\u00fcr Eleganz zu entscheiden.","robots":{"index":"index","follow":"follow","max-snippet":"max-snippet:-1","max-image-preview":"max-image-preview:large","max-video-preview":"max-video-preview:-1"},"canonical":"https:\/\/relaxsrl.com\/de\/anleitung-zur-auswahl\/elegante-duschkabinen-fuer-unterwegs\/","og_locale":"de_DE","og_type":"article","og_title":"Elegante Duschkabinen f\u00fcr unterwegs - Relax srl","og_description":"Wenn man von Duschkabinen mit traditionellem oder klassischem Design spricht, meint man damit einen raffinierten Stil, der sich durch einzigartige und wertvolle Elemente auszeichnet. So ein Bad einzurichten, bedeutet, sich f\u00fcr Eleganz zu entscheiden.","og_url":"https:\/\/relaxsrl.com\/de\/anleitung-zur-auswahl\/elegante-duschkabinen-fuer-unterwegs\/","og_site_name":"Relax srl","article_modified_time":"2024-11-18T10:14:29+00:00","og_image":[{"width":1920,"height":1080,"url":"https:\/\/relaxsrl.com\/website\/wp-content\/uploads\/2024\/11\/STILE-BOX-DOCCIA_1.jpg","type":"image\/jpeg"}],"twitter_card":"summary_large_image","twitter_misc":{"Gesch\u00e4tzte Lesezeit":"3 Minuten"},"schema":{"@context":"https:\/\/schema.org","@graph":[{"@type":"WebSite","@id":"https:\/\/relaxsrl.com\/#website","url":"https:\/\/relaxsrl.com\/","name":"Relax srl","description":"","potentialAction":[{"@type":"SearchAction","target":{"@type":"EntryPoint","urlTemplate":"https:\/\/relaxsrl.com\/?s={search_term_string}"},"query-input":"required name=search_term_string"}],"inLanguage":"de-DE"},{"@type":"ImageObject","inLanguage":"de-DE","@id":"https:\/\/relaxsrl.com\/de\/anleitung-zur-auswahl\/elegante-duschkabinen-fuer-unterwegs\/#primaryimage","url":"https:\/\/relaxsrl.com\/website\/wp-content\/uploads\/2024\/11\/STILE-BOX-DOCCIA_1.jpg","contentUrl":"https:\/\/relaxsrl.com\/website\/wp-content\/uploads\/2024\/11\/STILE-BOX-DOCCIA_1.jpg","width":1920,"height":1080},{"@type":"WebPage","@id":"https:\/\/relaxsrl.com\/de\/anleitung-zur-auswahl\/elegante-duschkabinen-fuer-unterwegs\/#webpage","url":"https:\/\/relaxsrl.com\/de\/anleitung-zur-auswahl\/elegante-duschkabinen-fuer-unterwegs\/","name":"Elegante Duschkabinen f\u00fcr unterwegs - Relax srl","isPartOf":{"@id":"https:\/\/relaxsrl.com\/#website"},"primaryImageOfPage":{"@id":"https:\/\/relaxsrl.com\/de\/anleitung-zur-auswahl\/elegante-duschkabinen-fuer-unterwegs\/#primaryimage"},"datePublished":"2022-08-10T14:08:09+00:00","dateModified":"2024-11-18T10:14:29+00:00","description":"Wenn man von Duschkabinen mit traditionellem oder klassischem Design spricht, meint man damit einen raffinierten Stil, der sich durch einzigartige und wertvolle Elemente auszeichnet. So ein Bad einzurichten, bedeutet, sich f\u00fcr Eleganz zu entscheiden.","breadcrumb":{"@id":"https:\/\/relaxsrl.com\/de\/anleitung-zur-auswahl\/elegante-duschkabinen-fuer-unterwegs\/#breadcrumb"},"inLanguage":"de-DE","potentialAction":[{"@type":"ReadAction","target":["https:\/\/relaxsrl.com\/de\/anleitung-zur-auswahl\/elegante-duschkabinen-fuer-unterwegs\/"]}]},{"@type":"BreadcrumbList","@id":"https:\/\/relaxsrl.com\/de\/anleitung-zur-auswahl\/elegante-duschkabinen-fuer-unterwegs\/#breadcrumb","itemListElement":[{"@type":"ListItem","position":1,"name":"Anleitung zur Auswahl","item":"https:\/\/relaxsrl.com\/de\/anleitung-zur-auswahl\/"},{"@type":"ListItem","position":2,"name":"Elegante Duschkabinen f\u00fcr unterwegs"}]}]}},"_links":{"self":[{"href":"https:\/\/relaxsrl.com\/de\/wp-json\/wp\/v2\/pages\/22720"}],"collection":[{"href":"https:\/\/relaxsrl.com\/de\/wp-json\/wp\/v2\/pages"}],"about":[{"href":"https:\/\/relaxsrl.com\/de\/wp-json\/wp\/v2\/types\/page"}],"author":[{"embeddable":true,"href":"https:\/\/relaxsrl.com\/de\/wp-json\/wp\/v2\/users\/3"}],"replies":[{"embeddable":true,"href":"https:\/\/relaxsrl.com\/de\/wp-json\/wp\/v2\/comments?post=22720"}],"version-history":[{"count":10,"href":"https:\/\/relaxsrl.com\/de\/wp-json\/wp\/v2\/pages\/22720\/revisions"}],"predecessor-version":[{"id":31317,"href":"https:\/\/relaxsrl.com\/de\/wp-json\/wp\/v2\/pages\/22720\/revisions\/31317"}],"up":[{"embeddable":true,"href":"https:\/\/relaxsrl.com\/de\/wp-json\/wp\/v2\/pages\/22678"}],"wp:featuredmedia":[{"embeddable":true,"href":"https:\/\/relaxsrl.com\/de\/wp-json\/wp\/v2\/media\/31302"}],"wp:attachment":[{"href":"https:\/\/relaxsrl.com\/de\/wp-json\/wp\/v2\/media?parent=22720"}],"curies":[{"name":"wp","href":"https:\/\/api.w.org\/{rel}","templated":true}]}}