{"id":22724,"date":"2022-08-10T16:11:08","date_gmt":"2022-08-10T14:11:08","guid":{"rendered":"https:\/\/relaxsrl.com\/anleitung-zur-auswahl\/lineare-duschkabine\/"},"modified":"2024-11-18T11:12:58","modified_gmt":"2024-11-18T10:12:58","slug":"lineare-duschkabine","status":"publish","type":"page","link":"https:\/\/relaxsrl.com\/de\/anleitung-zur-auswahl\/lineare-duschkabine\/","title":{"rendered":"Lineare Duschkabine"},"content":{"rendered":"<p>[vc_row full_width=&#8220;stretch_row&#8220; content_placement=&#8220;middle&#8220; el_class=&#8220;intro-row intro-row-grey&#8220;][vc_column][vc_column_text]<\/p>\n<h1>Lineare Duschkabine<\/h1>\n<p>[\/vc_column_text][\/vc_column][\/vc_row][vc_row el_class=&#8220;row-path&#8220;][vc_column][vc_column_text][\/vc_column_text][\/vc_column][\/vc_row][vc_row][vc_column][vc_single_image image=&#8220;31307&#8243; img_size=&#8220;full&#8220;][\/vc_column][\/vc_row][vc_row][vc_column width=&#8220;1\/6&#8243;][\/vc_column][vc_column width=&#8220;2\/3&#8243;][vc_empty_space height=&#8220;40px&#8220;][vc_column_text el_class=&#8220;txt-blue abstract weight500&#8243;]Die geradlinige Duschkabine passt perfekt in den minimalistischen angesagten, raffinierten Stil. Es zeichnet sich durch einfache Elemente f\u00fcr ein Ergebnis aus, das auf die Wesentlichkeit abzielt.[\/vc_column_text][vc_empty_space height=&#8220;35px&#8220;][\/vc_column][\/vc_row][vc_row][vc_column width=&#8220;1\/6&#8243;][\/vc_column][vc_column width=&#8220;2\/3&#8243;][vc_column_text]<\/p>\n<ul>\n<li><a class=\"link-interno link-interno-paragrafo-1\" href=\"#\">Eigenschaften der linearen Duschkabine<\/a><\/li>\n<li>Lineare Duschkabine: Strukturelles Zubeh\u00f6r\n<ul>\n<li><a class=\"link-interno link-interno-paragrafo-2\" href=\"#\">integrierte Stabilisationsstange<\/a><\/li>\n<li><a class=\"link-interno link-interno-paragrafo-3\" href=\"#\">Drehscharniere<\/a><\/li>\n<li><a class=\"link-interno link-interno-paragrafo-4\" href=\"#\">Wandscharniere<\/a><\/li>\n<\/ul>\n<\/li>\n<\/ul>\n<p>[\/vc_column_text][vc_empty_space height=&#8220;40px&#8220;][\/vc_column][\/vc_row][vc_row el_id=&#8220;paragrafo-1&#8243;][vc_column width=&#8220;1\/6&#8243;][\/vc_column][vc_column width=&#8220;2\/3&#8243;][vc_column_text]<\/p>\n<h2>Eigenschaften der linearen Duschkabine<\/h2>\n<p>Die lineare Duschkabine ist ein minimalistischer angesagter Trend, der die Aufwertung der Einfachheit der Elemente in den Mittelpunkt der Einrichtungsentscheidungen stellt, um die M\u00f6bel im Wohnbereich hervorzuheben. Der minimalistische Geschmack bevorzugt Praktisches gegen\u00fcber \u00dcberma\u00df, so werden unn\u00f6tige und sich wiederholende Elemente entfernt und ein einfaches, ausgewogenes Produkt angestrebt. Die Eleganz der Aluminium Elemente f\u00fcgt sich nat\u00fcrlich in die Auswahl des minimalistischen Designs ein. Der Rahmen ist meist d\u00fcnn oder die Kristalle werden sogar mit Wandverschl\u00fcssen an die Wand montiert, um den gro\u00dfen Eindruck einer Duschkabine komplett aus Glas zu erzielen.[\/vc_column_text][vc_empty_space height=&#8220;40px&#8220;][\/vc_column][\/vc_row][vc_row][vc_column width=&#8220;1\/6&#8243;][\/vc_column][vc_column width=&#8220;2\/3&#8243;][vc_column_text]<\/p>\n<h2>Lineare Duschkabine: Strukturelles Zubeh\u00f6r<\/h2>\n<p>[\/vc_column_text][vc_empty_space height=&#8220;20px&#8220;][\/vc_column][\/vc_row][vc_row el_id=&#8220;paragrafo-2&#8243;][vc_column width=&#8220;1\/6&#8243;][\/vc_column][vc_column width=&#8220;2\/3&#8243;][vc_column_text]<\/p>\n<h3>Integrierte Stabilisationsstange<\/h3>\n<p>Mit der direkt in die Duschkabine integrierten Stabilisationsstange werden die Au\u00dfenstangen, die optisch schwer sind, entfernt und die minimale Stabilit\u00e4t und \u00c4sthetik gew\u00e4hrleistet.[\/vc_column_text][vc_empty_space height=&#8220;20px&#8220;][\/vc_column][\/vc_row][vc_row el_id=&#8220;paragrafo-3&#8243;][vc_column width=&#8220;1\/6&#8243;][\/vc_column][vc_column width=&#8220;2\/3&#8243;][vc_column_text]<\/p>\n<h3>Drehscharniere<\/h3>\n<p>Bei Fl\u00fcgelt\u00fcren k\u00f6nnen die Drehscharniere so verwendet werden, dass sie so weit von der Wand entfernt platziert werden k\u00f6nnen, dass die T\u00fcr horizontal an der Wand ge\u00f6ffnet wird. So k\u00f6nnen Sie den Reinigungstuch- oder K\u00fchler einsetzen, ohne dass beim \u00d6ffnen der Flasche ein Aufprall erfolgt und das Glas dadurch nicht zerbricht. [\/vc_column_text][vc_empty_space height=&#8220;20px&#8220;][\/vc_column][\/vc_row][vc_row el_id=&#8220;paragrafo-4&#8243;][vc_column width=&#8220;1\/6&#8243;][\/vc_column][vc_column width=&#8220;2\/3&#8243;][vc_column_text]<\/p>\n<h3>Wandscharniere<\/h3>\n<p>F\u00fcr ein minimalistisches Duschkabinenzimmer ohne Rahmen sorgen die Wandscharniere f\u00fcr die Befestigung von Paneelen und Glasfasert\u00fcren mit optisch eleganten Ergebnissen. Sie k\u00f6nnen in der Farbe individuell gestaltet und mit einem T\u00fcrh\u00f6hensystem ausgestattet werden, damit die untere T\u00fcrdichtung nicht durch Reiben auf dem Boden oder der Duschplatte abgenutzt werden kann.[\/vc_column_text][vc_empty_space height=&#8220;40px&#8220;][\/vc_column][\/vc_row][vc_row][vc_column][vc_empty_space height=&#8220;50px&#8220;][vc_column_text]<\/p>\n<h3 style=\"text-align: center;\">Einige Beispiele der linearen Duschkabine von Relax<\/h3>\n<p>[\/vc_column_text][vc_empty_space height=&#8220;30px&#8220;]<div class=\"woocommerce columns-4 \"><ul class=\"products columns-4\">\n<li class=\"product type-product post-21196 status-publish first instock product_cat-angolare-en product_cat-angolare-de-2 product_cat-angolare-de product_cat-angulaire product_cat-guide-de-selection-angulaire product_cat-selection-guide-angular product_cat-box-doccia-en product_cat-box-doccia-de product_cat-box-doccia-lineare product_cat-cabine-de-douche product_cat-guide-de-selection-cabine-de-douche-lineaire product_cat-collections product_cat-collections-en product_cat-selection-guide-en product_cat-guida-alla-scelta-de product_cat-guide-de-selection product_cat-kubik-ru product_cat-kubik-en product_cat-kubik-fr product_cat-kubik-de product_cat-selection-guide-linear-shower-enclosures product_cat-angular-pivot product_cat-pivot-de product_cat-angulaire-pivot product_cat-guide-de-selection-pivot product_cat-pivot-de-4 product_cat-selection-guide-pivot product_cat-collezioni-de product_cat-tipologia-prodotto-de product_cat-tipologia-prodotto-en product_cat-type-de-produit product_cat-1618 product_cat-1568 product_cat-1601 product_cat-1628 product_cat-1609 product_cat-1594 product_cat-1617 product_cat-1596 product_cat-1626 has-post-thumbnail shipping-taxable product-type-simple\">\n\t<div class=\"woocommerce-loop-product__short_description\" itemprop=\"description\"><a href=\"https:\/\/relaxsrl.com\/de\/produkt\/kubik-ab-kubik-f\/\" class=\"woocommerce-LoopProduct-link woocommerce-loop-product__link\"><p>Duschabtrennung mit Schwenkt\u00fcr, mit \u00d6ffnung nach innen und au\u00dfen.<\/p>\n<\/a><\/div><\/li>\n<li class=\"product type-product post-21187 status-publish instock product_cat-angolare-en product_cat-angolare-de product_cat-angulaire product_cat-angulaire-battante product_cat-battente-de-2 product_cat-box-doccia-de product_cat-box-doccia-en product_cat-box-doccia-lineare product_cat-cabine-de-douche product_cat-guide-de-selection-cabine-de-douche-lineaire product_cat-cardine-en product_cat-cardine-fr product_cat-cardine-de product_cat-cardine-ru product_cat-collections-en product_cat-collections product_cat-selection-guide-en product_cat-guida-alla-scelta-de product_cat-guide-de-selection product_cat-hinged product_cat-selection-guide-linear-shower-enclosures product_cat-collezioni-de product_cat-tipologia-prodotto-de product_cat-tipologia-prodotto-en product_cat-type-de-produit product_cat-1618 product_cat-1568 product_cat-1601 product_cat-1627 product_cat-1594 product_cat-1617 product_cat-1626 has-post-thumbnail shipping-taxable product-type-simple\">\n\t<div class=\"woocommerce-loop-product__short_description\" itemprop=\"description\"><a href=\"https:\/\/relaxsrl.com\/de\/produkt\/cardine-mab-mab\/\" class=\"woocommerce-LoopProduct-link woocommerce-loop-product__link\"><p>Duschabtrennung mit Doppelfl\u00fcgelt\u00fcr. Anpassbare Scharniere.<\/p>\n<\/a><\/div><\/li>\n<li class=\"product type-product post-26790 status-publish instock product_cat-angolare-de product_cat-angolare-en product_cat-angulaire product_cat-box-doccia-en product_cat-box-doccia-de product_cat-box-doccia-lineare product_cat-cabine-de-douche product_cat-guide-de-selection-cabine-de-douche-lineaire product_cat-calamo-de product_cat-calamo-ru product_cat-calamo-en product_cat-calamo-fr product_cat-angulaire-coulissante product_cat-selection-guide-linear-shower-enclosures product_cat-nicchia-de-2 product_cat-selection-guide-niche product_cat-guide-de-selection-niche product_cat-non-classe product_cat-scorrevole-de product_cat-senza-categoria-de product_cat-angular-sliding product_cat-tipologia-prodotto-de product_cat-tipologia-prodotto-en product_cat-type-de-produit product_cat-without-category product_cat-1616 product_cat-1618 product_cat-1601 product_cat-1607 product_cat-1632 product_cat-1617 product_cat-1626 has-post-thumbnail shipping-taxable product-type-simple\">\n\t<div class=\"woocommerce-loop-product__short_description\" itemprop=\"description\"><a href=\"https:\/\/relaxsrl.com\/de\/produkt\/calamo-a-a\/\" class=\"woocommerce-LoopProduct-link woocommerce-loop-product__link\"><p>Duschabtrennung mit doppelter Eckschiebet\u00fcr.<\/p>\n<\/a><\/div><\/li>\n<li class=\"product type-product post-26791 status-publish last instock product_cat-box-doccia-en product_cat-box-doccia-de product_cat-box-doccia-lineare product_cat-cabine-de-douche product_cat-guide-de-selection-cabine-de-douche-lineaire product_cat-calamo-de product_cat-calamo-ru product_cat-calamo-en product_cat-calamo-fr product_cat-niche-coulissante product_cat-selection-guide-linear-shower-enclosures product_cat-nicchia-de product_cat-nicchia-de-2 product_cat-niche-fr product_cat-selection-guide-niche product_cat-niche product_cat-guide-de-selection-niche product_cat-non-classe product_cat-scorrevole-de-5 product_cat-senza-categoria-de product_cat-niche-sliding product_cat-tipologia-prodotto-de product_cat-tipologia-prodotto-en product_cat-type-de-produit product_cat-without-category product_cat-1616 product_cat-1618 product_cat-1601 product_cat-1637 product_cat-1607 product_cat-1639 product_cat-1617 has-post-thumbnail shipping-taxable product-type-simple\">\n\t<div class=\"woocommerce-loop-product__short_description\" itemprop=\"description\"><a href=\"https:\/\/relaxsrl.com\/de\/produkt\/calamo-sc1\/\" class=\"woocommerce-LoopProduct-link woocommerce-loop-product__link\"><p>Schiebet\u00fcr-Duschabtrennung in Nische.<\/p>\n<\/a><\/div><\/li>\n<\/ul>\n<\/div>[\/vc_column][\/vc_row][vc_row full_width=&#8220;stretch_row_content_no_spaces&#8220; equal_height=&#8220;yes&#8220; content_placement=&#8220;middle&#8220; el_class=&#8220;row-over-footer row-cta-over-footer&#8220;][vc_column width=&#8220;1\/2&#8243;][vc_single_image image=&#8220;2473&#8243; img_size=&#8220;full&#8220;][\/vc_column][vc_column width=&#8220;1\/2&#8243; css=&#8220;.vc_custom_1632909397961{background-image: url(http:\/\/relaxsrl.com\/wp-content\/uploads\/2021\/09\/cta-lineare-vetro-opaco.jpg?id=2474) !important;background-position: center !important;background-repeat: no-repeat !important;background-size: cover !important;}&#8220; el_class=&#8220;row-cta-over-footer-col-text&#8220;][vc_row_inner][vc_column_inner width=&#8220;1\/4&#8243;][\/vc_column_inner][vc_column_inner width=&#8220;1\/2&#8243;][vc_column_text]<\/p>\n<h2 style=\"text-align: center;\">M\u00f6chten Sie weitere Beispiele einer linearen Duschkabine?<\/h2>\n<p style=\"text-align: center;\">Sicher! Schauen Sie sich den Produktkatalog von Relax an und lassen Sie sich von Ihrer minimalistischen Duschkabine inspirieren.<\/p>\n<p>[\/vc_column_text][vc_btn title=&#8220;KATALOG HERUNTERLADEN&#8220; style=&#8220;classic&#8220; shape=&#8220;square&#8220; color=&#8220;white&#8220; align=&#8220;center&#8220; el_class=&#8220;btn-default-white&#8220; link=&#8220;url:http%3A%2F%2Frelaxsrl.com%2Fdocs%2Fcataloghi%2Fcatalogo_relax.pdf|target:_blank|&#8220;][\/vc_column_inner][vc_column_inner width=&#8220;1\/4&#8243;][\/vc_column_inner][\/vc_row_inner][\/vc_column][\/vc_row]<\/p>\n","protected":false},"excerpt":{"rendered":"<p>[vc_row full_width=&#8220;stretch_row&#8220; content_placement=&#8220;middle&#8220; el_class=&#8220;intro-row intro-row-grey&#8220;][vc_column][vc_column_text] Lineare Duschkabine [\/vc_column_text][\/vc_column][\/vc_row][vc_row el_class=&#8220;row-path&#8220;][vc_column][vc_column_text][\/vc_column_text][\/vc_column][\/vc_row][vc_row][vc_column][vc_single_image image=&#8220;31307&#8243; img_size=&#8220;full&#8220;][\/vc_column][\/vc_row][vc_row][vc_column width=&#8220;1\/6&#8243;][\/vc_column][vc_column width=&#8220;2\/3&#8243;][vc_empty_space height=&#8220;40px&#8220;][vc_column_text el_class=&#8220;txt-blue abstract weight500&#8243;]Die geradlinige Duschkabine passt perfekt in den minimalistischen angesagten, raffinierten Stil. Es zeichnet sich durch einfache Elemente f\u00fcr ein Ergebnis aus, das auf die Wesentlichkeit abzielt.[\/vc_column_text][vc_empty_space height=&#8220;35px&#8220;][\/vc_column][\/vc_row][vc_row][vc_column width=&#8220;1\/6&#8243;][\/vc_column][vc_column width=&#8220;2\/3&#8243;][vc_column_text] Eigenschaften der linearen Duschkabine Lineare Duschkabine: Strukturelles Zubeh\u00f6r integrierte Stabilisationsstange [&hellip;]<\/p>\n","protected":false},"author":3,"featured_media":31307,"parent":22678,"menu_order":0,"comment_status":"closed","ping_status":"closed","template":"","meta":[],"acf":[],"yoast_head":"<!-- This site is optimized with the Yoast SEO Premium plugin v18.4 (Yoast SEO v18.8) - https:\/\/yoast.com\/wordpress\/plugins\/seo\/ -->\n<title>Lineare Duschkabine - Relax srl<\/title>\n<meta name=\"description\" content=\"Die geradlinige Duschkabine passt perfekt in den minimalistischen angesagten, raffinierten Stil. Es zeichnet sich durch einfache Elemente f\u00fcr ein Ergebnis aus, das auf die Wesentlichkeit abzielt.\" \/>\n<meta name=\"robots\" content=\"index, follow, max-snippet:-1, max-image-preview:large, max-video-preview:-1\" \/>\n<link rel=\"canonical\" href=\"https:\/\/relaxsrl.com\/de\/anleitung-zur-auswahl\/lineare-duschkabine\/\" \/>\n<meta property=\"og:locale\" content=\"de_DE\" \/>\n<meta property=\"og:type\" content=\"article\" \/>\n<meta property=\"og:title\" content=\"Lineare Duschkabine - Relax srl\" \/>\n<meta property=\"og:description\" content=\"Die geradlinige Duschkabine passt perfekt in den minimalistischen angesagten, raffinierten Stil. Es zeichnet sich durch einfache Elemente f\u00fcr ein Ergebnis aus, das auf die Wesentlichkeit abzielt.\" \/>\n<meta property=\"og:url\" content=\"https:\/\/relaxsrl.com\/de\/anleitung-zur-auswahl\/lineare-duschkabine\/\" \/>\n<meta property=\"og:site_name\" content=\"Relax srl\" \/>\n<meta property=\"article:modified_time\" content=\"2024-11-18T10:12:58+00:00\" \/>\n<meta property=\"og:image\" content=\"https:\/\/relaxsrl.com\/website\/wp-content\/uploads\/2024\/11\/STILE-BOX-DOCCIA_12.jpg\" \/>\n\t<meta property=\"og:image:width\" content=\"1920\" \/>\n\t<meta property=\"og:image:height\" content=\"1080\" \/>\n\t<meta property=\"og:image:type\" content=\"image\/jpeg\" \/>\n<meta name=\"twitter:card\" content=\"summary_large_image\" \/>\n<meta name=\"twitter:label1\" content=\"Gesch\u00e4tzte Lesezeit\" \/>\n\t<meta name=\"twitter:data1\" content=\"3 Minuten\" \/>\n<script type=\"application\/ld+json\" class=\"yoast-schema-graph\">{\"@context\":\"https:\/\/schema.org\",\"@graph\":[{\"@type\":\"WebSite\",\"@id\":\"https:\/\/relaxsrl.com\/#website\",\"url\":\"https:\/\/relaxsrl.com\/\",\"name\":\"Relax srl\",\"description\":\"\",\"potentialAction\":[{\"@type\":\"SearchAction\",\"target\":{\"@type\":\"EntryPoint\",\"urlTemplate\":\"https:\/\/relaxsrl.com\/?s={search_term_string}\"},\"query-input\":\"required name=search_term_string\"}],\"inLanguage\":\"de-DE\"},{\"@type\":\"ImageObject\",\"inLanguage\":\"de-DE\",\"@id\":\"https:\/\/relaxsrl.com\/de\/anleitung-zur-auswahl\/lineare-duschkabine\/#primaryimage\",\"url\":\"https:\/\/relaxsrl.com\/website\/wp-content\/uploads\/2024\/11\/STILE-BOX-DOCCIA_12.jpg\",\"contentUrl\":\"https:\/\/relaxsrl.com\/website\/wp-content\/uploads\/2024\/11\/STILE-BOX-DOCCIA_12.jpg\",\"width\":1920,\"height\":1080},{\"@type\":\"WebPage\",\"@id\":\"https:\/\/relaxsrl.com\/de\/anleitung-zur-auswahl\/lineare-duschkabine\/#webpage\",\"url\":\"https:\/\/relaxsrl.com\/de\/anleitung-zur-auswahl\/lineare-duschkabine\/\",\"name\":\"Lineare Duschkabine - Relax srl\",\"isPartOf\":{\"@id\":\"https:\/\/relaxsrl.com\/#website\"},\"primaryImageOfPage\":{\"@id\":\"https:\/\/relaxsrl.com\/de\/anleitung-zur-auswahl\/lineare-duschkabine\/#primaryimage\"},\"datePublished\":\"2022-08-10T14:11:08+00:00\",\"dateModified\":\"2024-11-18T10:12:58+00:00\",\"description\":\"Die geradlinige Duschkabine passt perfekt in den minimalistischen angesagten, raffinierten Stil. Es zeichnet sich durch einfache Elemente f\u00fcr ein Ergebnis aus, das auf die Wesentlichkeit abzielt.\",\"breadcrumb\":{\"@id\":\"https:\/\/relaxsrl.com\/de\/anleitung-zur-auswahl\/lineare-duschkabine\/#breadcrumb\"},\"inLanguage\":\"de-DE\",\"potentialAction\":[{\"@type\":\"ReadAction\",\"target\":[\"https:\/\/relaxsrl.com\/de\/anleitung-zur-auswahl\/lineare-duschkabine\/\"]}]},{\"@type\":\"BreadcrumbList\",\"@id\":\"https:\/\/relaxsrl.com\/de\/anleitung-zur-auswahl\/lineare-duschkabine\/#breadcrumb\",\"itemListElement\":[{\"@type\":\"ListItem\",\"position\":1,\"name\":\"Anleitung zur Auswahl\",\"item\":\"https:\/\/relaxsrl.com\/de\/anleitung-zur-auswahl\/\"},{\"@type\":\"ListItem\",\"position\":2,\"name\":\"Lineare Duschkabine\"}]}]}<\/script>\n<!-- \/ Yoast SEO Premium plugin. -->","yoast_head_json":{"title":"Lineare Duschkabine - Relax srl","description":"Die geradlinige Duschkabine passt perfekt in den minimalistischen angesagten, raffinierten Stil. Es zeichnet sich durch einfache Elemente f\u00fcr ein Ergebnis aus, das auf die Wesentlichkeit abzielt.","robots":{"index":"index","follow":"follow","max-snippet":"max-snippet:-1","max-image-preview":"max-image-preview:large","max-video-preview":"max-video-preview:-1"},"canonical":"https:\/\/relaxsrl.com\/de\/anleitung-zur-auswahl\/lineare-duschkabine\/","og_locale":"de_DE","og_type":"article","og_title":"Lineare Duschkabine - Relax srl","og_description":"Die geradlinige Duschkabine passt perfekt in den minimalistischen angesagten, raffinierten Stil. Es zeichnet sich durch einfache Elemente f\u00fcr ein Ergebnis aus, das auf die Wesentlichkeit abzielt.","og_url":"https:\/\/relaxsrl.com\/de\/anleitung-zur-auswahl\/lineare-duschkabine\/","og_site_name":"Relax srl","article_modified_time":"2024-11-18T10:12:58+00:00","og_image":[{"width":1920,"height":1080,"url":"https:\/\/relaxsrl.com\/website\/wp-content\/uploads\/2024\/11\/STILE-BOX-DOCCIA_12.jpg","type":"image\/jpeg"}],"twitter_card":"summary_large_image","twitter_misc":{"Gesch\u00e4tzte Lesezeit":"3 Minuten"},"schema":{"@context":"https:\/\/schema.org","@graph":[{"@type":"WebSite","@id":"https:\/\/relaxsrl.com\/#website","url":"https:\/\/relaxsrl.com\/","name":"Relax srl","description":"","potentialAction":[{"@type":"SearchAction","target":{"@type":"EntryPoint","urlTemplate":"https:\/\/relaxsrl.com\/?s={search_term_string}"},"query-input":"required name=search_term_string"}],"inLanguage":"de-DE"},{"@type":"ImageObject","inLanguage":"de-DE","@id":"https:\/\/relaxsrl.com\/de\/anleitung-zur-auswahl\/lineare-duschkabine\/#primaryimage","url":"https:\/\/relaxsrl.com\/website\/wp-content\/uploads\/2024\/11\/STILE-BOX-DOCCIA_12.jpg","contentUrl":"https:\/\/relaxsrl.com\/website\/wp-content\/uploads\/2024\/11\/STILE-BOX-DOCCIA_12.jpg","width":1920,"height":1080},{"@type":"WebPage","@id":"https:\/\/relaxsrl.com\/de\/anleitung-zur-auswahl\/lineare-duschkabine\/#webpage","url":"https:\/\/relaxsrl.com\/de\/anleitung-zur-auswahl\/lineare-duschkabine\/","name":"Lineare Duschkabine - Relax srl","isPartOf":{"@id":"https:\/\/relaxsrl.com\/#website"},"primaryImageOfPage":{"@id":"https:\/\/relaxsrl.com\/de\/anleitung-zur-auswahl\/lineare-duschkabine\/#primaryimage"},"datePublished":"2022-08-10T14:11:08+00:00","dateModified":"2024-11-18T10:12:58+00:00","description":"Die geradlinige Duschkabine passt perfekt in den minimalistischen angesagten, raffinierten Stil. Es zeichnet sich durch einfache Elemente f\u00fcr ein Ergebnis aus, das auf die Wesentlichkeit abzielt.","breadcrumb":{"@id":"https:\/\/relaxsrl.com\/de\/anleitung-zur-auswahl\/lineare-duschkabine\/#breadcrumb"},"inLanguage":"de-DE","potentialAction":[{"@type":"ReadAction","target":["https:\/\/relaxsrl.com\/de\/anleitung-zur-auswahl\/lineare-duschkabine\/"]}]},{"@type":"BreadcrumbList","@id":"https:\/\/relaxsrl.com\/de\/anleitung-zur-auswahl\/lineare-duschkabine\/#breadcrumb","itemListElement":[{"@type":"ListItem","position":1,"name":"Anleitung zur Auswahl","item":"https:\/\/relaxsrl.com\/de\/anleitung-zur-auswahl\/"},{"@type":"ListItem","position":2,"name":"Lineare Duschkabine"}]}]}},"_links":{"self":[{"href":"https:\/\/relaxsrl.com\/de\/wp-json\/wp\/v2\/pages\/22724"}],"collection":[{"href":"https:\/\/relaxsrl.com\/de\/wp-json\/wp\/v2\/pages"}],"about":[{"href":"https:\/\/relaxsrl.com\/de\/wp-json\/wp\/v2\/types\/page"}],"author":[{"embeddable":true,"href":"https:\/\/relaxsrl.com\/de\/wp-json\/wp\/v2\/users\/3"}],"replies":[{"embeddable":true,"href":"https:\/\/relaxsrl.com\/de\/wp-json\/wp\/v2\/comments?post=22724"}],"version-history":[{"count":10,"href":"https:\/\/relaxsrl.com\/de\/wp-json\/wp\/v2\/pages\/22724\/revisions"}],"predecessor-version":[{"id":31313,"href":"https:\/\/relaxsrl.com\/de\/wp-json\/wp\/v2\/pages\/22724\/revisions\/31313"}],"up":[{"embeddable":true,"href":"https:\/\/relaxsrl.com\/de\/wp-json\/wp\/v2\/pages\/22678"}],"wp:featuredmedia":[{"embeddable":true,"href":"https:\/\/relaxsrl.com\/de\/wp-json\/wp\/v2\/media\/31307"}],"wp:attachment":[{"href":"https:\/\/relaxsrl.com\/de\/wp-json\/wp\/v2\/media?parent=22724"}],"curies":[{"name":"wp","href":"https:\/\/api.w.org\/{rel}","templated":true}]}}