{"id":22728,"date":"2022-08-10T16:13:14","date_gmt":"2022-08-10T14:13:14","guid":{"rendered":"https:\/\/relaxsrl.com\/anleitung-zur-auswahl\/industrielle-duschkabine\/"},"modified":"2022-11-15T11:18:24","modified_gmt":"2022-11-15T10:18:24","slug":"industrielle-duschkabine","status":"publish","type":"page","link":"https:\/\/relaxsrl.com\/de\/anleitung-zur-auswahl\/industrielle-duschkabine\/","title":{"rendered":"Industrielle Duschkabine"},"content":{"rendered":"<p>[vc_row full_width=&#8220;stretch_row&#8220; content_placement=&#8220;middle&#8220; el_class=&#8220;intro-row intro-row-grey&#8220;][vc_column][vc_column_text]<\/p>\n<h1>Industrielle Duschkabine<\/h1>\n<p>[\/vc_column_text][\/vc_column][\/vc_row][vc_row el_class=&#8220;row-path&#8220;][vc_column][vc_column_text][\/vc_column_text][\/vc_column][\/vc_row][vc_row][vc_column][vc_single_image image=&#8220;2783&#8243; img_size=&#8220;full&#8220;][\/vc_column][\/vc_row][vc_row][vc_column width=&#8220;1\/6&#8243;][\/vc_column][vc_column width=&#8220;2\/3&#8243;][vc_empty_space height=&#8220;40px&#8220;][vc_column_text el_class=&#8220;txt-blue abstract weight500&#8243;]Das Industrial Design setzt sich aus einer funktionalen und essenziellen Einrichtung zusammen, die sich durch einfache Linien auszeichnet, die sich perfekt f\u00fcr eine Duschkabine mit schwarzen oder bronzef\u00f6rmigen Profilen eignen, die im Badezimmer eine Hauptrolle spielen.[\/vc_column_text][vc_empty_space height=&#8220;35px&#8220;][\/vc_column][\/vc_row][vc_row el_id=&#8220;paragrafo-1&#8243;][vc_column width=&#8220;1\/6&#8243;][\/vc_column][vc_column width=&#8220;2\/3&#8243;][vc_column_text]<\/p>\n<h2>Was ist Industriestil?<\/h2>\n<p>Der Industriestil ist ein Stil mit einem Look, der sich durch die Wiederverwendung vergangener Objekte und Oberfl\u00e4chen auf aktuelle Ereignisse bezieht. Es beginnt mit der Wahl des Wohnraums, wobei R\u00e4ume mit gro\u00dfen Abmessungen, m\u00f6glicherweise industrieller Art, bevorzugt werden, in denen keine internen Trennw\u00e4nde vorhanden sind. Es zeichnet sich durch ein <strong> Design <\/strong> aus, das auf n\u00fcchternen, essentiellen und gut ausgepr\u00e4gten Linien basiert: Auf diese Weise werden die M\u00f6bel <strong> funktional <\/strong> f\u00fcr den Raum, in den sie fallen, sch\u00f6n in ihrer Einfachheit und aus widerstandsf\u00e4higen Materialien.[\/vc_column_text][vc_empty_space height=&#8220;40px&#8220;][\/vc_column][\/vc_row][vc_row el_id=&#8220;paragrafo-2&#8243;][vc_column width=&#8220;1\/6&#8243;][\/vc_column][vc_column width=&#8220;2\/3&#8243;][vc_column_text]<\/p>\n<h2>Industrielle Duschkabine: Eigenschaften<\/h2>\n<p>Das industrielle Design mit seinem Einrichtungsstil, der Materialien wie Holz und sichtbare Metalle bevorzugt, ist auch im Badezimmer angekommen. Sie verleiht der Umwelt eine etwas altmodische Note und verlangt nach einer industriellen Duschkabine. Wenn Sie sich daf\u00fcr entscheiden, bleibt die Duschkabine mit den schwarzen Profilen der absolute Star im Raum.<br \/>\nDer industrielle Stil bewegt sich im Zuge \u00e4sthetischer \u00dcberlegungen im Zusammenhang mit dem Konzept der &#8222;Wiederherstellung und Umgestaltung&#8220; fast im Kontext der industriellen Arch\u00e4ologie. Aluminium Profile sind deshalb bevorzugt, da sie ein umweltfreundliches Material und 100 % recyclebar f\u00fcr einfache Duschkabinen und Designs sind. Die Farbe Schwarz oder Bronze wird auch durch Oxidation gewonnen, ein chemisches Verfahren, das eine undurchl\u00e4ssige, korrosions- und kratzfeste Farbe gew\u00e4hrleistet, die nicht dauerhaft ver\u00e4ndert werden kann.[\/vc_column_text][vc_empty_space height=&#8220;40px&#8220;][\/vc_column][\/vc_row][vc_row][vc_column][vc_empty_space height=&#8220;50px&#8220;][vc_column_text]<\/p>\n<h3 style=\"text-align: center;\">Einige Beispiele aus der industriellen Duschkabine Relax<\/h3>\n<p>[\/vc_column_text][vc_empty_space height=&#8220;30px&#8220;]<div class=\"woocommerce columns-4 \"><ul class=\"products columns-4\">\n<li class=\"product type-product post-21214 status-publish first instock product_cat-3-lati-en product_cat-3-lati-fr product_cat-3-lati-de product_cat-3- product_cat-angolare-de product_cat-angolare-en product_cat-angulaire product_cat-box-doccia-de product_cat-box-doccia-en product_cat-box-doccia-industriale product_cat-cabina-doccia-per-2 product_cat-cabine-de-douche product_cat-guide-de-selection-cabine-de-douche-pour-2 product_cat-guide-de-selection-cabines-de-douche-industrielles product_cat-collections-en product_cat-collections product_cat-guida-alla-scelta-de product_cat-selection-guide-en product_cat-guide-de-selection product_cat-selection-guide product_cat-collezioni-de product_cat-selection-guide-shower-enclosure-for-2 product_cat-tipologia-prodotto-en product_cat-tipologia-prodotto-de product_cat-type-de-produit product_cat-walk-in-de-4 product_cat-walk-in-en-5 product_cat-3-lati-walk-in-fr product_cat-angulaire-walk-in product_cat-walk-in-fr product_cat-guide-de-selection-walk-in product_cat-walk-in-en-3 product_cat-walk-in-en product_cat-walk-in-de-7 product_cat-walk-in-de product_cat-walk-in-de-5 product_cat-walk-in-en-2 product_cat-wall-ru product_cat-wall-fr product_cat-wall-en product_cat-wall-de product_cat-1618 product_cat------x-2 product_cat-1568 product_cat-1599 product_cat-1649 product_cat-3---- product_cat-1615 product_cat-1636 product_cat-1594 product_cat-1617 product_cat-1626 has-post-thumbnail shipping-taxable product-type-simple\">\n\t<div class=\"woocommerce-loop-product__short_description\" itemprop=\"description\"><a href=\"https:\/\/relaxsrl.com\/de\/produkt\/wall-a\/\" class=\"woocommerce-LoopProduct-link woocommerce-loop-product__link\"><p>Traditionelle begehbare Duschkabine, die von einer Metallstange getragen wird.<\/p>\n<\/a><\/div><\/li>\n<li class=\"product type-product post-21205 status-publish instock product_cat-box-doccia-de product_cat-box-doccia-en product_cat-box-doccia-industriale product_cat-cabine-de-douche product_cat-guide-de-selection-cabines-de-douche-industrielles product_cat-collections-en product_cat-collections product_cat-guida-alla-scelta-de product_cat-selection-guide-en product_cat-guide-de-selection product_cat-selection-guide product_cat-nicchia-de product_cat-niche product_cat-niche-fr product_cat-collezioni-de product_cat-tipologia-prodotto-en product_cat-tipologia-prodotto-de product_cat-type-de-produit product_cat-niche-walk-in product_cat-walk-in-de-3 product_cat-walk-in-en-4 product_cat-walk-in-fr product_cat-walk-in-en product_cat-walk-in-de product_cat-wall-fr product_cat-wall-ru product_cat-wall-de product_cat-wall-en product_cat-1618 product_cat-1568 product_cat-1637 product_cat-1599 product_cat-1649 product_cat-1640 product_cat-1594 product_cat-1617 has-post-thumbnail shipping-taxable product-type-simple\">\n\t<div class=\"woocommerce-loop-product__short_description\" itemprop=\"description\"><a href=\"https:\/\/relaxsrl.com\/de\/produkt\/wall-c\/\" class=\"woocommerce-LoopProduct-link woocommerce-loop-product__link\"><p>Begehbare Duschkabine mit doppeltem Eingang.<\/p>\n<\/a><\/div><\/li>\n<li class=\"product type-product post-21158 status-publish instock product_cat-3-lati-fr product_cat-3-lati-de product_cat-3-lati-en product_cat-3- product_cat-angolare-en product_cat-angolare-de product_cat-angulaire product_cat-axia-fr product_cat-axia-en product_cat-axia-de product_cat-axia-ru product_cat-box-doccia-de product_cat-box-doccia-en product_cat-box-doccia-industriale product_cat-cabine-de-douche product_cat-guide-de-selection-cabines-de-douche-industrielles product_cat-collections-en product_cat-collections product_cat-guide-de-selection-coulissante product_cat-angulaire-coulissante product_cat-guida-alla-scelta-de product_cat-selection-guide-en product_cat-guide-de-selection product_cat-selection-guide product_cat-collezioni-de product_cat-scorrevole-de product_cat-scorrevole-de-2 product_cat-scorrevole-fr product_cat-scorrevole-de-6 product_cat-selection-guide-scorrevole product_cat-scorrevole product_cat-angular-sliding product_cat-tipologia-prodotto-en product_cat-tipologia-prodotto-de product_cat-type-de-produit product_cat-1618 product_cat-1568 product_cat-1599 product_cat-3--- product_cat-1610 product_cat-1632 product_cat-1594 product_cat-1617 product_cat-1626 has-post-thumbnail shipping-taxable product-type-simple\">\n\t<div class=\"woocommerce-loop-product__short_description\" itemprop=\"description\"><a href=\"https:\/\/relaxsrl.com\/de\/produkt\/axia-sf-axia-f\/\" class=\"woocommerce-LoopProduct-link woocommerce-loop-product__link\"><p>Duschabtrennung mit Schiebet\u00fcr und sichtbarem Schiebesystem.<\/p>\n<\/a><\/div><\/li>\n<\/ul>\n<\/div>[\/vc_column][\/vc_row][vc_row full_width=&#8220;stretch_row_content_no_spaces&#8220; equal_height=&#8220;yes&#8220; content_placement=&#8220;middle&#8220; el_class=&#8220;row-over-footer row-cta-over-footer&#8220;][vc_column width=&#8220;1\/2&#8243;][vc_single_image image=&#8220;2487&#8243; img_size=&#8220;full&#8220;][\/vc_column][vc_column width=&#8220;1\/2&#8243; css=&#8220;.vc_custom_1632909535145{background-image: url(http:\/\/relaxsrl.com\/wp-content\/uploads\/2021\/09\/cta-industriali-opaco.jpg?id=2488) !important;background-position: center !important;background-repeat: no-repeat !important;background-size: cover !important;}&#8220; el_class=&#8220;row-cta-over-footer-col-text&#8220;][vc_row_inner][vc_column_inner width=&#8220;1\/4&#8243;][\/vc_column_inner][vc_column_inner width=&#8220;1\/2&#8243;][vc_column_text]<\/p>\n<h2 style=\"text-align: center;\">Bewundern Sie andere Industrieduschkabinen<\/h2>\n<p style=\"text-align: center;\">Jetzt geht\u2019s zu Ihren Ideen: Bl\u00e4ttern Sie im Produktkatalog Relax, der Inspiration f\u00fcr Ihre industrielle Duschkabine bietet.<\/p>\n<p>[\/vc_column_text][vc_btn title=&#8220;KATALOG HERUNTERLADEN&#8220; style=&#8220;classic&#8220; shape=&#8220;square&#8220; color=&#8220;white&#8220; align=&#8220;center&#8220; el_class=&#8220;btn-default-white&#8220; link=&#8220;url:http%3A%2F%2Frelaxsrl.com%2Fdocs%2Fcataloghi%2Fcatalogo_relax.pdf|target:_blank|&#8220;][\/vc_column_inner][vc_column_inner width=&#8220;1\/4&#8243;][\/vc_column_inner][\/vc_row_inner][\/vc_column][\/vc_row]<\/p>\n","protected":false},"excerpt":{"rendered":"<p>[vc_row full_width=&#8220;stretch_row&#8220; content_placement=&#8220;middle&#8220; el_class=&#8220;intro-row intro-row-grey&#8220;][vc_column][vc_column_text] Industrielle Duschkabine [\/vc_column_text][\/vc_column][\/vc_row][vc_row el_class=&#8220;row-path&#8220;][vc_column][vc_column_text][\/vc_column_text][\/vc_column][\/vc_row][vc_row][vc_column][vc_single_image image=&#8220;2783&#8243; img_size=&#8220;full&#8220;][\/vc_column][\/vc_row][vc_row][vc_column width=&#8220;1\/6&#8243;][\/vc_column][vc_column width=&#8220;2\/3&#8243;][vc_empty_space height=&#8220;40px&#8220;][vc_column_text el_class=&#8220;txt-blue abstract weight500&#8243;]Das Industrial Design setzt sich aus einer funktionalen und essenziellen Einrichtung zusammen, die sich durch einfache Linien auszeichnet, die sich perfekt f\u00fcr eine Duschkabine mit schwarzen oder bronzef\u00f6rmigen Profilen eignen, die im Badezimmer eine Hauptrolle spielen.[\/vc_column_text][vc_empty_space height=&#8220;35px&#8220;][\/vc_column][\/vc_row][vc_row el_id=&#8220;paragrafo-1&#8243;][vc_column width=&#8220;1\/6&#8243;][\/vc_column][vc_column [&hellip;]<\/p>\n","protected":false},"author":3,"featured_media":2783,"parent":22678,"menu_order":0,"comment_status":"closed","ping_status":"closed","template":"","meta":[],"acf":[],"yoast_head":"<!-- This site is optimized with the Yoast SEO Premium plugin v18.4 (Yoast SEO v18.8) - https:\/\/yoast.com\/wordpress\/plugins\/seo\/ -->\n<title>Industrielle Duschkabine - Relax srl<\/title>\n<meta name=\"description\" content=\"Das Industrial Design setzt sich aus einer funktionalen und essenziellen Einrichtung zusammen, die sich durch einfache Linien auszeichnet, die sich perfekt f\u00fcr eine Duschkabine mit schwarzen oder bronzef\u00f6rmigen Profilen eignen, die im Badezimmer eine Hauptrolle spielen.\" \/>\n<meta name=\"robots\" content=\"index, follow, max-snippet:-1, max-image-preview:large, max-video-preview:-1\" \/>\n<link rel=\"canonical\" href=\"https:\/\/relaxsrl.com\/de\/anleitung-zur-auswahl\/industrielle-duschkabine\/\" \/>\n<meta property=\"og:locale\" content=\"de_DE\" \/>\n<meta property=\"og:type\" content=\"article\" \/>\n<meta property=\"og:title\" content=\"Industrielle Duschkabine - Relax srl\" \/>\n<meta property=\"og:description\" content=\"Das Industrial Design setzt sich aus einer funktionalen und essenziellen Einrichtung zusammen, die sich durch einfache Linien auszeichnet, die sich perfekt f\u00fcr eine Duschkabine mit schwarzen oder bronzef\u00f6rmigen Profilen eignen, die im Badezimmer eine Hauptrolle spielen.\" \/>\n<meta property=\"og:url\" content=\"https:\/\/relaxsrl.com\/de\/anleitung-zur-auswahl\/industrielle-duschkabine\/\" \/>\n<meta property=\"og:site_name\" content=\"Relax srl\" \/>\n<meta property=\"article:modified_time\" content=\"2022-11-15T10:18:24+00:00\" \/>\n<meta name=\"twitter:card\" content=\"summary_large_image\" \/>\n<meta name=\"twitter:label1\" content=\"Gesch\u00e4tzte Lesezeit\" \/>\n\t<meta name=\"twitter:data1\" content=\"3 Minuten\" \/>\n<script type=\"application\/ld+json\" class=\"yoast-schema-graph\">{\"@context\":\"https:\/\/schema.org\",\"@graph\":[{\"@type\":\"WebSite\",\"@id\":\"https:\/\/relaxsrl.com\/#website\",\"url\":\"https:\/\/relaxsrl.com\/\",\"name\":\"Relax srl\",\"description\":\"\",\"potentialAction\":[{\"@type\":\"SearchAction\",\"target\":{\"@type\":\"EntryPoint\",\"urlTemplate\":\"https:\/\/relaxsrl.com\/?s={search_term_string}\"},\"query-input\":\"required name=search_term_string\"}],\"inLanguage\":\"de-DE\"},{\"@type\":\"ImageObject\",\"inLanguage\":\"de-DE\",\"@id\":\"https:\/\/relaxsrl.com\/de\/anleitung-zur-auswahl\/industrielle-duschkabine\/#primaryimage\",\"url\":\"https:\/\/relaxsrl.com\/website\/wp-content\/uploads\/2021\/09\/AXIA_SC1_1.jpg\",\"contentUrl\":\"https:\/\/relaxsrl.com\/website\/wp-content\/uploads\/2021\/09\/AXIA_SC1_1.jpg\",\"width\":1920,\"height\":1281,\"caption\":\"Duschabtrennung im Industriestil in Nische, mit transparentem Glas und schwarzem sichtbarem Gleitprofil. Im Schlafzimmer\"},{\"@type\":\"WebPage\",\"@id\":\"https:\/\/relaxsrl.com\/de\/anleitung-zur-auswahl\/industrielle-duschkabine\/#webpage\",\"url\":\"https:\/\/relaxsrl.com\/de\/anleitung-zur-auswahl\/industrielle-duschkabine\/\",\"name\":\"Industrielle Duschkabine - Relax srl\",\"isPartOf\":{\"@id\":\"https:\/\/relaxsrl.com\/#website\"},\"primaryImageOfPage\":{\"@id\":\"https:\/\/relaxsrl.com\/de\/anleitung-zur-auswahl\/industrielle-duschkabine\/#primaryimage\"},\"datePublished\":\"2022-08-10T14:13:14+00:00\",\"dateModified\":\"2022-11-15T10:18:24+00:00\",\"description\":\"Das Industrial Design setzt sich aus einer funktionalen und essenziellen Einrichtung zusammen, die sich durch einfache Linien auszeichnet, die sich perfekt f\u00fcr eine Duschkabine mit schwarzen oder bronzef\u00f6rmigen Profilen eignen, die im Badezimmer eine Hauptrolle spielen.\",\"breadcrumb\":{\"@id\":\"https:\/\/relaxsrl.com\/de\/anleitung-zur-auswahl\/industrielle-duschkabine\/#breadcrumb\"},\"inLanguage\":\"de-DE\",\"potentialAction\":[{\"@type\":\"ReadAction\",\"target\":[\"https:\/\/relaxsrl.com\/de\/anleitung-zur-auswahl\/industrielle-duschkabine\/\"]}]},{\"@type\":\"BreadcrumbList\",\"@id\":\"https:\/\/relaxsrl.com\/de\/anleitung-zur-auswahl\/industrielle-duschkabine\/#breadcrumb\",\"itemListElement\":[{\"@type\":\"ListItem\",\"position\":1,\"name\":\"Anleitung zur Auswahl\",\"item\":\"https:\/\/relaxsrl.com\/de\/anleitung-zur-auswahl\/\"},{\"@type\":\"ListItem\",\"position\":2,\"name\":\"Industrielle Duschkabine\"}]}]}<\/script>\n<!-- \/ Yoast SEO Premium plugin. -->","yoast_head_json":{"title":"Industrielle Duschkabine - Relax srl","description":"Das Industrial Design setzt sich aus einer funktionalen und essenziellen Einrichtung zusammen, die sich durch einfache Linien auszeichnet, die sich perfekt f\u00fcr eine Duschkabine mit schwarzen oder bronzef\u00f6rmigen Profilen eignen, die im Badezimmer eine Hauptrolle spielen.","robots":{"index":"index","follow":"follow","max-snippet":"max-snippet:-1","max-image-preview":"max-image-preview:large","max-video-preview":"max-video-preview:-1"},"canonical":"https:\/\/relaxsrl.com\/de\/anleitung-zur-auswahl\/industrielle-duschkabine\/","og_locale":"de_DE","og_type":"article","og_title":"Industrielle Duschkabine - Relax srl","og_description":"Das Industrial Design setzt sich aus einer funktionalen und essenziellen Einrichtung zusammen, die sich durch einfache Linien auszeichnet, die sich perfekt f\u00fcr eine Duschkabine mit schwarzen oder bronzef\u00f6rmigen Profilen eignen, die im Badezimmer eine Hauptrolle spielen.","og_url":"https:\/\/relaxsrl.com\/de\/anleitung-zur-auswahl\/industrielle-duschkabine\/","og_site_name":"Relax srl","article_modified_time":"2022-11-15T10:18:24+00:00","twitter_card":"summary_large_image","twitter_misc":{"Gesch\u00e4tzte Lesezeit":"3 Minuten"},"schema":{"@context":"https:\/\/schema.org","@graph":[{"@type":"WebSite","@id":"https:\/\/relaxsrl.com\/#website","url":"https:\/\/relaxsrl.com\/","name":"Relax srl","description":"","potentialAction":[{"@type":"SearchAction","target":{"@type":"EntryPoint","urlTemplate":"https:\/\/relaxsrl.com\/?s={search_term_string}"},"query-input":"required name=search_term_string"}],"inLanguage":"de-DE"},{"@type":"ImageObject","inLanguage":"de-DE","@id":"https:\/\/relaxsrl.com\/de\/anleitung-zur-auswahl\/industrielle-duschkabine\/#primaryimage","url":"https:\/\/relaxsrl.com\/website\/wp-content\/uploads\/2021\/09\/AXIA_SC1_1.jpg","contentUrl":"https:\/\/relaxsrl.com\/website\/wp-content\/uploads\/2021\/09\/AXIA_SC1_1.jpg","width":1920,"height":1281,"caption":"Duschabtrennung im Industriestil in Nische, mit transparentem Glas und schwarzem sichtbarem Gleitprofil. Im Schlafzimmer"},{"@type":"WebPage","@id":"https:\/\/relaxsrl.com\/de\/anleitung-zur-auswahl\/industrielle-duschkabine\/#webpage","url":"https:\/\/relaxsrl.com\/de\/anleitung-zur-auswahl\/industrielle-duschkabine\/","name":"Industrielle Duschkabine - Relax srl","isPartOf":{"@id":"https:\/\/relaxsrl.com\/#website"},"primaryImageOfPage":{"@id":"https:\/\/relaxsrl.com\/de\/anleitung-zur-auswahl\/industrielle-duschkabine\/#primaryimage"},"datePublished":"2022-08-10T14:13:14+00:00","dateModified":"2022-11-15T10:18:24+00:00","description":"Das Industrial Design setzt sich aus einer funktionalen und essenziellen Einrichtung zusammen, die sich durch einfache Linien auszeichnet, die sich perfekt f\u00fcr eine Duschkabine mit schwarzen oder bronzef\u00f6rmigen Profilen eignen, die im Badezimmer eine Hauptrolle spielen.","breadcrumb":{"@id":"https:\/\/relaxsrl.com\/de\/anleitung-zur-auswahl\/industrielle-duschkabine\/#breadcrumb"},"inLanguage":"de-DE","potentialAction":[{"@type":"ReadAction","target":["https:\/\/relaxsrl.com\/de\/anleitung-zur-auswahl\/industrielle-duschkabine\/"]}]},{"@type":"BreadcrumbList","@id":"https:\/\/relaxsrl.com\/de\/anleitung-zur-auswahl\/industrielle-duschkabine\/#breadcrumb","itemListElement":[{"@type":"ListItem","position":1,"name":"Anleitung zur Auswahl","item":"https:\/\/relaxsrl.com\/de\/anleitung-zur-auswahl\/"},{"@type":"ListItem","position":2,"name":"Industrielle Duschkabine"}]}]}},"_links":{"self":[{"href":"https:\/\/relaxsrl.com\/de\/wp-json\/wp\/v2\/pages\/22728"}],"collection":[{"href":"https:\/\/relaxsrl.com\/de\/wp-json\/wp\/v2\/pages"}],"about":[{"href":"https:\/\/relaxsrl.com\/de\/wp-json\/wp\/v2\/types\/page"}],"author":[{"embeddable":true,"href":"https:\/\/relaxsrl.com\/de\/wp-json\/wp\/v2\/users\/3"}],"replies":[{"embeddable":true,"href":"https:\/\/relaxsrl.com\/de\/wp-json\/wp\/v2\/comments?post=22728"}],"version-history":[{"count":4,"href":"https:\/\/relaxsrl.com\/de\/wp-json\/wp\/v2\/pages\/22728\/revisions"}],"predecessor-version":[{"id":24454,"href":"https:\/\/relaxsrl.com\/de\/wp-json\/wp\/v2\/pages\/22728\/revisions\/24454"}],"up":[{"embeddable":true,"href":"https:\/\/relaxsrl.com\/de\/wp-json\/wp\/v2\/pages\/22678"}],"wp:featuredmedia":[{"embeddable":true,"href":"https:\/\/relaxsrl.com\/de\/wp-json\/wp\/v2\/media\/2783"}],"wp:attachment":[{"href":"https:\/\/relaxsrl.com\/de\/wp-json\/wp\/v2\/media?parent=22728"}],"curies":[{"name":"wp","href":"https:\/\/api.w.org\/{rel}","templated":true}]}}