{"id":22732,"date":"2022-08-10T16:36:37","date_gmt":"2022-08-10T14:36:37","guid":{"rendered":"https:\/\/relaxsrl.com\/anleitung-zur-auswahl\/halbrunde-duschkabine\/"},"modified":"2022-11-15T11:17:35","modified_gmt":"2022-11-15T10:17:35","slug":"halbrunde-duschkabine","status":"publish","type":"page","link":"https:\/\/relaxsrl.com\/de\/anleitung-zur-auswahl\/halbrunde-duschkabine\/","title":{"rendered":"Halbrunde Duschkabine"},"content":{"rendered":"<p>[vc_row full_width=&#8220;stretch_row&#8220; content_placement=&#8220;middle&#8220; el_class=&#8220;intro-row intro-row-grey&#8220;][vc_column][vc_column_text]<\/p>\n<h1>Halbrunde Duschkabine<\/h1>\n<p>[\/vc_column_text][\/vc_column][\/vc_row][vc_row el_class=&#8220;row-path&#8220;][vc_column][vc_column_text][\/vc_column_text][\/vc_column][\/vc_row][vc_row][vc_column][vc_single_image image=&#8220;2234&#8243; img_size=&#8220;full&#8220;][\/vc_column][\/vc_row][vc_row][vc_column width=&#8220;1\/6&#8243;][\/vc_column][vc_column width=&#8220;2\/3&#8243;][vc_empty_space height=&#8220;40px&#8220;][vc_column_text el_class=&#8220;txt-blue abstract weight500&#8243;]Die halbrunde Duschkabine setzt auf runde Scheiben und fehlende Kanten, erg\u00e4nzt durch Fl\u00fcgelt\u00fcren oder Schiebet\u00fcren zum Montieren auf Dusch- oder Bodenplatten.[\/vc_column_text][vc_empty_space height=&#8220;35px&#8220;][\/vc_column][\/vc_row][vc_row][vc_column width=&#8220;1\/6&#8243;][\/vc_column][vc_column width=&#8220;2\/3&#8243;][vc_column_text]<\/p>\n<ul>\n<li><a class=\"link-interno link-interno-paragrafo-1\" href=\"#\">Halbrunde Duschkabine: Eigenschaften<\/a><\/li>\n<li>Halbrunde Duschkabine: T\u00fcren\n<ul>\n<li><a class=\"link-interno link-interno-paragrafo-2\" href=\"#\">Halbrunde Duschkabine mit Fl\u00fcgelt\u00fcren<\/a><\/li>\n<li><a class=\"link-interno link-interno-paragrafo-3\" href=\"#\">Halbrunde Duschkabine mit Schiebet\u00fcren<\/a><\/li>\n<\/ul>\n<\/li>\n<\/ul>\n<p>[\/vc_column_text][vc_empty_space height=&#8220;40px&#8220;][\/vc_column][\/vc_row][vc_row el_id=&#8220;paragrafo-1&#8243;][vc_column width=&#8220;1\/6&#8243;][\/vc_column][vc_column width=&#8220;2\/3&#8243;][vc_column_text]<\/p>\n<h2>Halbrunde Duschkabine: Eigenschaften<\/h2>\n<p>Der halbrunde Duschkabinenraum liegt in einer Ecke und ist durch kurvenreiche Scheiben gekennzeichnet, die beste Wahl bei denen, die keine scharfen Kanten m\u00f6gen. Sie wird auch als kreisf\u00f6rmige oder runde Duschkabine bezeichnet und kann mit einer Fl\u00fcgelh\u00f6he oder einem Schieberegler auf einer Dusch- oder Bodenplatte montiert werden. Diese ist weniger ger\u00e4umig als ein \u00e4quivalenter eckiger Duschkabinenraum. Die meisten Gr\u00f6\u00dfen sind 80x80cm oder 90x90cm. Es gibt auch eine asymmetrische halbrunde Duschkabine (mit den Gr\u00f6\u00dfen 70&#215;90, 60&#215;120, 70&#215;140, 80&#215;100 und 80&#215;120 cm)Diese ist sowohl f\u00fcr die schmalen als auch die langen B\u00e4der interessant, denn es l\u00e4sst sich auf einer Seite so verl\u00e4ngern, dass die gleiche Gr\u00f6\u00dfe in der Tiefe erhalten bleibt, aber mit mehr Platz.[\/vc_column_text][vc_empty_space height=&#8220;40px&#8220;][\/vc_column][\/vc_row][vc_row][vc_column width=&#8220;1\/6&#8243;][\/vc_column][vc_column width=&#8220;2\/3&#8243;][vc_column_text]<\/p>\n<h2>Halbrunde Duschkabine: T\u00fcren<\/h2>\n<p>[\/vc_column_text][vc_empty_space height=&#8220;20px&#8220;][\/vc_column][\/vc_row][vc_row el_id=&#8220;paragrafo-2&#8243;][vc_column width=&#8220;1\/6&#8243;][\/vc_column][vc_column width=&#8220;2\/3&#8243;][vc_column_text]<\/p>\n<h3>Halbrunde Duschkabine mit Fl\u00fcgelt\u00fcren<\/h3>\n<p>Da die T\u00fcr\u00f6ffnung mit einer oder zwei T\u00fcren fast den gesamten nutzbaren Eingangsraum nutzt, sorgt sie f\u00fcr eine hervorragende Zug\u00e4nglichkeit, die insbesondere von Menschen mit Behinderungen oder mit eingeschr\u00e4nkter Mobilit\u00e4t gesch\u00e4tzt wird, wie dies bei vielen \u00e4lteren Menschen der Fall ist. In solchen F\u00e4llen sollte die Duschkabine vorzugsweise aus Draht bestehen. Die gro\u00dfz\u00fcgige \u00d6ffnung erleichtert die Reinigung der Duschkabine und der T\u00fcr. Offene T\u00fcren k\u00f6nnen auf dem Boden abtropfen.<br \/>\nHalbrunde Duschkabine mit Schiebet\u00fcren<br \/>\nSchiebet\u00fcren l\u00f6sen Probleme mit dem Wasser auf dem Boden, da diese nicht von den eigenen Schienen kommen, sowie Probleme mit allf\u00e4lligen Sanit\u00e4ranlagen und M\u00f6bel in der N\u00e4he, da sie keine \u00d6ffnung nach au\u00dfen ben\u00f6tigen.[\/vc_column_text][vc_empty_space height=&#8220;20px&#8220;][\/vc_column][\/vc_row][vc_row el_id=&#8220;paragrafo-3&#8243;][vc_column width=&#8220;1\/6&#8243;][\/vc_column][vc_column width=&#8220;2\/3&#8243;][vc_column_text]<\/p>\n<h3>Halbrunde Duschabtrennung mit Schiebet\u00fcren<\/h3>\n<p>Die Schiebet\u00fcren l\u00f6sen sowohl das Problem von Wasser auf dem Boden, weil sie nicht aus ihren Schienen kommen, als auch die L\u00f6sung von Sanit\u00e4ranlagen und M\u00f6beln in der N\u00e4he, weil au\u00dferhalb der Duschkabine nicht gen\u00fcgend \u00d6ffnungsraum vorhanden ist.[\/vc_column_text][vc_empty_space height=&#8220;40px&#8220;][\/vc_column][\/vc_row][vc_row][vc_column][vc_empty_space height=&#8220;50px&#8220;][vc_column_text]<\/p>\n<h3 style=\"text-align: center;\">Einige Beispiele Relax Halbrunde Duschkabinen<\/h3>\n<p>[\/vc_column_text][vc_empty_space height=&#8220;30px&#8220;]<div class=\"woocommerce columns-4 \"><ul class=\"products columns-4\">\n<li class=\"product type-product post-21115 status-publish first instock product_cat-semi-circulaire-battante product_cat-battente-de-6 product_cat-box-doccia-de product_cat-box-doccia-en product_cat-cabine-de-douche product_cat-collections product_cat-collections-en product_cat-selection-guide-en product_cat-guida-alla-scelta-de product_cat-guide-de-selection product_cat-semicircular-hinged product_cat-light-en product_cat-light-ru product_cat-light-fr product_cat-light-de product_cat-collezioni-de product_cat-guide-de-selection-semi-circulaire product_cat-semi-circulaire product_cat-semicircolare product_cat-semicircolari-de product_cat-selection-guide-semicircular product_cat-semicircular product_cat-tipologia-prodotto-en product_cat-tipologia-prodotto-de product_cat-type-de-produit product_cat-1618 product_cat-1568 product_cat-1642 product_cat-1641 product_cat-1613 product_cat-1594 product_cat-1617 has-post-thumbnail shipping-taxable product-type-simple\">\n\t<div class=\"woocommerce-loop-product__short_description\" itemprop=\"description\"><a href=\"https:\/\/relaxsrl.com\/de\/produkt\/light-rb\/\" class=\"woocommerce-LoopProduct-link woocommerce-loop-product__link\"><p>Halbrunde Duschabtrennung mit zwei Fl\u00fcgelt\u00fcren.<\/p>\n<\/a><\/div><\/li>\n<li class=\"product type-product post-21084 status-publish instock product_cat-3-lati-en product_cat-3-lati-fr product_cat-3-lati-de product_cat-3- product_cat-box-doccia-de product_cat-box-doccia-en product_cat-cabine-de-douche product_cat-collections product_cat-collections-en product_cat-coulissante product_cat-selection-guide-en product_cat-guida-alla-scelta-de product_cat-guide-de-selection product_cat-collezioni-de product_cat-scorrevole product_cat-scorrevole-de-4 product_cat-scorrevole-de-2 product_cat-scorrevole-fr product_cat-semi-circulaire product_cat-guide-de-selection-semi-circulaire product_cat-semicircolare product_cat-semicircolari-de product_cat-selection-guide-semicircular product_cat-semicircular product_cat-semicircular-sliding product_cat-smart-ru product_cat-smart-en product_cat-smart-fr product_cat-smart-de product_cat-tipologia-prodotto-en product_cat-tipologia-prodotto-de product_cat-type-de-produit product_cat-1618 product_cat-1568 product_cat-1641 product_cat-1613 product_cat-3--- product_cat-1643 product_cat-1594 product_cat-1617 has-post-thumbnail shipping-taxable product-type-simple\">\n\t<div class=\"woocommerce-loop-product__short_description\" itemprop=\"description\"><a href=\"https:\/\/relaxsrl.com\/de\/produkt\/smart-r2-s\/\" class=\"woocommerce-LoopProduct-link woocommerce-loop-product__link\"><p>Halbrunde Duschabtrennung, gekennzeichnet durch eine doppelte Schiebet\u00fcr.<\/p>\n<\/a><\/div><\/li>\n<\/ul>\n<\/div>[\/vc_column][\/vc_row][vc_row full_width=&#8220;stretch_row_content_no_spaces&#8220; equal_height=&#8220;yes&#8220; content_placement=&#8220;middle&#8220; el_class=&#8220;row-over-footer row-cta-over-footer&#8220;][vc_column width=&#8220;1\/2&#8243;][vc_single_image image=&#8220;2238&#8243; img_size=&#8220;full&#8220;][\/vc_column][vc_column width=&#8220;1\/2&#8243; css=&#8220;.vc_custom_1632905300502{background-image: url(http:\/\/relaxsrl.com\/wp-content\/uploads\/2021\/09\/cta-semicircolare-opaco.jpg?id=2239) !important;background-position: center !important;background-repeat: no-repeat !important;background-size: cover !important;}&#8220; el_class=&#8220;row-cta-over-footer-col-text&#8220;][vc_row_inner][vc_column_inner width=&#8220;1\/4&#8243;][\/vc_column_inner][vc_column_inner width=&#8220;1\/2&#8243;][vc_column_text]<\/p>\n<h2 style=\"text-align: center;\">Entdecken Sie die halbrunden Duschkabinen Relax<\/h2>\n<p style=\"text-align: center;\">Nutzen Sie unseren Konfigurator, um halbrunde Relaxkabinen-Vorschl\u00e4ge zu sehen.<\/p>\n<p>[\/vc_column_text][vc_btn title=&#8220;GEHE SIE ZUM KONFIGURATOR&#8220; style=&#8220;classic&#8220; shape=&#8220;square&#8220; color=&#8220;white&#8220; align=&#8220;center&#8220; el_class=&#8220;btn-default-white&#8220; link=&#8220;url:https%3A%2F%2Frelaxsrl.com%2Fde%2Fprodukte%2Fkonfigurator%2F|title:Konfigurator&#8220;][\/vc_column_inner][vc_column_inner width=&#8220;1\/4&#8243;][\/vc_column_inner][\/vc_row_inner][\/vc_column][\/vc_row]<\/p>\n","protected":false},"excerpt":{"rendered":"<p>[vc_row full_width=&#8220;stretch_row&#8220; content_placement=&#8220;middle&#8220; el_class=&#8220;intro-row intro-row-grey&#8220;][vc_column][vc_column_text] Halbrunde Duschkabine [\/vc_column_text][\/vc_column][\/vc_row][vc_row el_class=&#8220;row-path&#8220;][vc_column][vc_column_text][\/vc_column_text][\/vc_column][\/vc_row][vc_row][vc_column][vc_single_image image=&#8220;2234&#8243; img_size=&#8220;full&#8220;][\/vc_column][\/vc_row][vc_row][vc_column width=&#8220;1\/6&#8243;][\/vc_column][vc_column width=&#8220;2\/3&#8243;][vc_empty_space height=&#8220;40px&#8220;][vc_column_text el_class=&#8220;txt-blue abstract weight500&#8243;]Die halbrunde Duschkabine setzt auf runde Scheiben und fehlende Kanten, erg\u00e4nzt durch Fl\u00fcgelt\u00fcren oder Schiebet\u00fcren zum Montieren auf Dusch- oder Bodenplatten.[\/vc_column_text][vc_empty_space height=&#8220;35px&#8220;][\/vc_column][\/vc_row][vc_row][vc_column width=&#8220;1\/6&#8243;][\/vc_column][vc_column width=&#8220;2\/3&#8243;][vc_column_text] Halbrunde Duschkabine: Eigenschaften Halbrunde Duschkabine: T\u00fcren Halbrunde Duschkabine mit Fl\u00fcgelt\u00fcren Halbrunde Duschkabine mit Schiebet\u00fcren [\/vc_column_text][vc_empty_space [&hellip;]<\/p>\n","protected":false},"author":3,"featured_media":2234,"parent":22678,"menu_order":0,"comment_status":"closed","ping_status":"closed","template":"","meta":[],"acf":[],"yoast_head":"<!-- This site is optimized with the Yoast SEO Premium plugin v18.4 (Yoast SEO v18.8) - https:\/\/yoast.com\/wordpress\/plugins\/seo\/ -->\n<title>Halbrunde Duschkabine - Relax srl<\/title>\n<meta name=\"description\" content=\"Die halbrunde Duschkabine setzt auf runde Scheiben und fehlende Kanten, erg\u00e4nzt durch Fl\u00fcgelt\u00fcren oder Schiebet\u00fcren zum Montieren auf Dusch- oder Bodenplatten.\" \/>\n<meta name=\"robots\" content=\"index, follow, max-snippet:-1, max-image-preview:large, max-video-preview:-1\" \/>\n<link rel=\"canonical\" href=\"https:\/\/relaxsrl.com\/de\/anleitung-zur-auswahl\/halbrunde-duschkabine\/\" \/>\n<meta property=\"og:locale\" content=\"de_DE\" \/>\n<meta property=\"og:type\" content=\"article\" \/>\n<meta property=\"og:title\" content=\"Halbrunde Duschkabine - Relax srl\" \/>\n<meta property=\"og:description\" content=\"Die halbrunde Duschkabine setzt auf runde Scheiben und fehlende Kanten, erg\u00e4nzt durch Fl\u00fcgelt\u00fcren oder Schiebet\u00fcren zum Montieren auf Dusch- oder Bodenplatten.\" \/>\n<meta property=\"og:url\" content=\"https:\/\/relaxsrl.com\/de\/anleitung-zur-auswahl\/halbrunde-duschkabine\/\" \/>\n<meta property=\"og:site_name\" content=\"Relax srl\" \/>\n<meta property=\"article:modified_time\" content=\"2022-11-15T10:17:35+00:00\" \/>\n<meta name=\"twitter:card\" content=\"summary_large_image\" \/>\n<meta name=\"twitter:label1\" content=\"Gesch\u00e4tzte Lesezeit\" \/>\n\t<meta name=\"twitter:data1\" content=\"4 Minuten\" \/>\n<script type=\"application\/ld+json\" class=\"yoast-schema-graph\">{\"@context\":\"https:\/\/schema.org\",\"@graph\":[{\"@type\":\"WebSite\",\"@id\":\"https:\/\/relaxsrl.com\/#website\",\"url\":\"https:\/\/relaxsrl.com\/\",\"name\":\"Relax srl\",\"description\":\"\",\"potentialAction\":[{\"@type\":\"SearchAction\",\"target\":{\"@type\":\"EntryPoint\",\"urlTemplate\":\"https:\/\/relaxsrl.com\/?s={search_term_string}\"},\"query-input\":\"required name=search_term_string\"}],\"inLanguage\":\"de-DE\"},{\"@type\":\"ImageObject\",\"inLanguage\":\"de-DE\",\"@id\":\"https:\/\/relaxsrl.com\/de\/anleitung-zur-auswahl\/halbrunde-duschkabine\/#primaryimage\",\"url\":\"https:\/\/relaxsrl.com\/website\/wp-content\/uploads\/2021\/09\/LYRA_R2.jpg\",\"contentUrl\":\"https:\/\/relaxsrl.com\/website\/wp-content\/uploads\/2021\/09\/LYRA_R2.jpg\",\"width\":1920,\"height\":1281,\"caption\":\"Halbrunde Eckduschkabine Lyra R2\"},{\"@type\":\"WebPage\",\"@id\":\"https:\/\/relaxsrl.com\/de\/anleitung-zur-auswahl\/halbrunde-duschkabine\/#webpage\",\"url\":\"https:\/\/relaxsrl.com\/de\/anleitung-zur-auswahl\/halbrunde-duschkabine\/\",\"name\":\"Halbrunde Duschkabine - Relax srl\",\"isPartOf\":{\"@id\":\"https:\/\/relaxsrl.com\/#website\"},\"primaryImageOfPage\":{\"@id\":\"https:\/\/relaxsrl.com\/de\/anleitung-zur-auswahl\/halbrunde-duschkabine\/#primaryimage\"},\"datePublished\":\"2022-08-10T14:36:37+00:00\",\"dateModified\":\"2022-11-15T10:17:35+00:00\",\"description\":\"Die halbrunde Duschkabine setzt auf runde Scheiben und fehlende Kanten, erg\u00e4nzt durch Fl\u00fcgelt\u00fcren oder Schiebet\u00fcren zum Montieren auf Dusch- oder Bodenplatten.\",\"breadcrumb\":{\"@id\":\"https:\/\/relaxsrl.com\/de\/anleitung-zur-auswahl\/halbrunde-duschkabine\/#breadcrumb\"},\"inLanguage\":\"de-DE\",\"potentialAction\":[{\"@type\":\"ReadAction\",\"target\":[\"https:\/\/relaxsrl.com\/de\/anleitung-zur-auswahl\/halbrunde-duschkabine\/\"]}]},{\"@type\":\"BreadcrumbList\",\"@id\":\"https:\/\/relaxsrl.com\/de\/anleitung-zur-auswahl\/halbrunde-duschkabine\/#breadcrumb\",\"itemListElement\":[{\"@type\":\"ListItem\",\"position\":1,\"name\":\"Anleitung zur Auswahl\",\"item\":\"https:\/\/relaxsrl.com\/de\/anleitung-zur-auswahl\/\"},{\"@type\":\"ListItem\",\"position\":2,\"name\":\"Halbrunde Duschkabine\"}]}]}<\/script>\n<!-- \/ Yoast SEO Premium plugin. -->","yoast_head_json":{"title":"Halbrunde Duschkabine - Relax srl","description":"Die halbrunde Duschkabine setzt auf runde Scheiben und fehlende Kanten, erg\u00e4nzt durch Fl\u00fcgelt\u00fcren oder Schiebet\u00fcren zum Montieren auf Dusch- oder Bodenplatten.","robots":{"index":"index","follow":"follow","max-snippet":"max-snippet:-1","max-image-preview":"max-image-preview:large","max-video-preview":"max-video-preview:-1"},"canonical":"https:\/\/relaxsrl.com\/de\/anleitung-zur-auswahl\/halbrunde-duschkabine\/","og_locale":"de_DE","og_type":"article","og_title":"Halbrunde Duschkabine - Relax srl","og_description":"Die halbrunde Duschkabine setzt auf runde Scheiben und fehlende Kanten, erg\u00e4nzt durch Fl\u00fcgelt\u00fcren oder Schiebet\u00fcren zum Montieren auf Dusch- oder Bodenplatten.","og_url":"https:\/\/relaxsrl.com\/de\/anleitung-zur-auswahl\/halbrunde-duschkabine\/","og_site_name":"Relax srl","article_modified_time":"2022-11-15T10:17:35+00:00","twitter_card":"summary_large_image","twitter_misc":{"Gesch\u00e4tzte Lesezeit":"4 Minuten"},"schema":{"@context":"https:\/\/schema.org","@graph":[{"@type":"WebSite","@id":"https:\/\/relaxsrl.com\/#website","url":"https:\/\/relaxsrl.com\/","name":"Relax srl","description":"","potentialAction":[{"@type":"SearchAction","target":{"@type":"EntryPoint","urlTemplate":"https:\/\/relaxsrl.com\/?s={search_term_string}"},"query-input":"required name=search_term_string"}],"inLanguage":"de-DE"},{"@type":"ImageObject","inLanguage":"de-DE","@id":"https:\/\/relaxsrl.com\/de\/anleitung-zur-auswahl\/halbrunde-duschkabine\/#primaryimage","url":"https:\/\/relaxsrl.com\/website\/wp-content\/uploads\/2021\/09\/LYRA_R2.jpg","contentUrl":"https:\/\/relaxsrl.com\/website\/wp-content\/uploads\/2021\/09\/LYRA_R2.jpg","width":1920,"height":1281,"caption":"Halbrunde Eckduschkabine Lyra R2"},{"@type":"WebPage","@id":"https:\/\/relaxsrl.com\/de\/anleitung-zur-auswahl\/halbrunde-duschkabine\/#webpage","url":"https:\/\/relaxsrl.com\/de\/anleitung-zur-auswahl\/halbrunde-duschkabine\/","name":"Halbrunde Duschkabine - Relax srl","isPartOf":{"@id":"https:\/\/relaxsrl.com\/#website"},"primaryImageOfPage":{"@id":"https:\/\/relaxsrl.com\/de\/anleitung-zur-auswahl\/halbrunde-duschkabine\/#primaryimage"},"datePublished":"2022-08-10T14:36:37+00:00","dateModified":"2022-11-15T10:17:35+00:00","description":"Die halbrunde Duschkabine setzt auf runde Scheiben und fehlende Kanten, erg\u00e4nzt durch Fl\u00fcgelt\u00fcren oder Schiebet\u00fcren zum Montieren auf Dusch- oder Bodenplatten.","breadcrumb":{"@id":"https:\/\/relaxsrl.com\/de\/anleitung-zur-auswahl\/halbrunde-duschkabine\/#breadcrumb"},"inLanguage":"de-DE","potentialAction":[{"@type":"ReadAction","target":["https:\/\/relaxsrl.com\/de\/anleitung-zur-auswahl\/halbrunde-duschkabine\/"]}]},{"@type":"BreadcrumbList","@id":"https:\/\/relaxsrl.com\/de\/anleitung-zur-auswahl\/halbrunde-duschkabine\/#breadcrumb","itemListElement":[{"@type":"ListItem","position":1,"name":"Anleitung zur Auswahl","item":"https:\/\/relaxsrl.com\/de\/anleitung-zur-auswahl\/"},{"@type":"ListItem","position":2,"name":"Halbrunde Duschkabine"}]}]}},"_links":{"self":[{"href":"https:\/\/relaxsrl.com\/de\/wp-json\/wp\/v2\/pages\/22732"}],"collection":[{"href":"https:\/\/relaxsrl.com\/de\/wp-json\/wp\/v2\/pages"}],"about":[{"href":"https:\/\/relaxsrl.com\/de\/wp-json\/wp\/v2\/types\/page"}],"author":[{"embeddable":true,"href":"https:\/\/relaxsrl.com\/de\/wp-json\/wp\/v2\/users\/3"}],"replies":[{"embeddable":true,"href":"https:\/\/relaxsrl.com\/de\/wp-json\/wp\/v2\/comments?post=22732"}],"version-history":[{"count":4,"href":"https:\/\/relaxsrl.com\/de\/wp-json\/wp\/v2\/pages\/22732\/revisions"}],"predecessor-version":[{"id":24453,"href":"https:\/\/relaxsrl.com\/de\/wp-json\/wp\/v2\/pages\/22732\/revisions\/24453"}],"up":[{"embeddable":true,"href":"https:\/\/relaxsrl.com\/de\/wp-json\/wp\/v2\/pages\/22678"}],"wp:featuredmedia":[{"embeddable":true,"href":"https:\/\/relaxsrl.com\/de\/wp-json\/wp\/v2\/media\/2234"}],"wp:attachment":[{"href":"https:\/\/relaxsrl.com\/de\/wp-json\/wp\/v2\/media?parent=22732"}],"curies":[{"name":"wp","href":"https:\/\/api.w.org\/{rel}","templated":true}]}}