{"id":22742,"date":"2022-08-10T16:43:31","date_gmt":"2022-08-10T14:43:31","guid":{"rendered":"https:\/\/relaxsrl.com\/rechtliche-hinweise\/"},"modified":"2023-06-14T17:53:09","modified_gmt":"2023-06-14T15:53:09","slug":"rechtliche-hinweise","status":"publish","type":"page","link":"https:\/\/relaxsrl.com\/de\/rechtliche-hinweise\/","title":{"rendered":"Rechtliche Hinweise"},"content":{"rendered":"<p>[vc_row][vc_column][vc_column_text]<\/p>\n<h1>Rechtliche Hinweise<\/h1>\n<p><strong> UNTERNEHMENSDATEN <\/strong><br \/>\nFirmenname: RELAX SRL<br \/>\nFirmensitz: Stra\u00dfe Leonardo da Vinci, 2A &#8211; 30020 Torre di Mosto (VE)<br \/>\nSteuernummer: 03409730276<br \/>\nUmsatzsteuer-Identifikationsnummer: 03409730276<br \/>\nPec: relax-srl@pec.it<br \/>\nStammkapital Euro 100.000,00 voll eingezahlt<br \/>\nHandelsregisteramt: Venedig<br \/>\nR.E.A.: VE-305994<\/p>\n<p>&nbsp;<\/p>\n<p><strong> INFORMATION UND ZUSTIMMUNG <\/strong><br \/>\n<u> <a href=\"http:\/\/relaxsrl.com\/information-customers-data-processing\/\" target=\"_blank\" rel=\"noopener\"> Kundeninformationen zur Datenverarbeitung <\/a> <\/u><br \/>\n<u> <a href=\"http:\/\/relaxsrl.com\/information-suppliers-on-data-treatment\/\" target=\"_blank\" rel=\"noopener\"> Anbieterinformationen zur Datenverarbeitung\u00a0<\/a><br \/>\n<u> <a href=\"http:\/\/relaxsrl.com\/privacy-policy\/\"> Datenschutzrichtlinie der Website www.relaxsrl.com <\/a> <\/u><br \/>\n<u> <a href=\"http:\/\/relaxsrl.com\/cookie-policy\/\"> Cookie-Richtlinie der Website www.relaxsrl.com<\/a><\/u><\/u><\/p>\n<p>&nbsp;<\/p>\n<p><strong> INFORMATIONEN UND OPTIONALE ZUSTIMMUNG <\/strong><br \/>\n<u> <a href=\"http:\/\/relaxsrl.com\/newsletter-policy\/\"> Newsletter-Richtlinie der Website www.relaxsrl.com <\/a> <\/u><br \/>\n<u> <a href=\"http:\/\/relaxsrl.com\/informativa-recruitment\/\"> Rekrutierungsinformationen der Website www.relaxsrl.com<\/a><\/u><\/p>\n<p>&nbsp;<\/p>\n<p><strong> WARNHINWEISE ZU URHEBERRECHTEN UND EINGETRAGENEN MARKEN <\/strong><br \/>\nDer gesamte Inhalt dieser Website ist urheberrechtlich gesch\u00fctzt \u00a9 2021 von RELAX SRL oder seinen Lieferanten. Alle Rechte sind den Eigent\u00fcmern in \u00dcbereinstimmung mit dem Gesetz vorbehalten.<\/p>\n<p>Gem\u00e4\u00df Art. 1, Absatz 1 des Gesetzesdekrets vom 22. M\u00e4rz 2004, n. 72, ge\u00e4ndert durch das Umwandlungsgesetz vom 21. Mai 2004 n. 128 haben die Werke auf dieser Website die Verpflichtungen erf\u00fcllt, die sich aus der Gesetzgebung zum Urheberrecht und verwandten Schutzrechten ergeben.<br \/>\nVervielf\u00e4ltigung, \u00f6ffentliche Wiedergabe, \u00f6ffentliche Zug\u00e4nglichmachung, Vermietung und Verleih, \u00f6ffentliche Auff\u00fchrung und Verbreitung ohne Zustimmung des Rechteinhabers sind untersagt.<br \/>\nZuwiderhandlungen unterliegen den in Art. 6 vorgesehenen Strafen. 171, 171-bis, 171-ter, 174-bis und 174-ter des Gesetzes 633\/1941.<br \/>\nDas angegebene Copyright bezieht sich auf die Verarbeitung und Darstellungsform der Texte selbst.<\/p>\n<p>Alle Mitteilungen in Bezug auf mutma\u00dfliche Urheberrechtsverletzungen m\u00fcssen schriftlich eingereicht und an den von RELAX SRL ernannten Vertreter unter der folgenden Adresse, Faxnummer oder E-Mail-Adresse gesendet werden:<\/p>\n<p>&nbsp;<\/p>\n<p><strong>RELAX SRL<\/strong><br \/>\nStra\u00dfe Leonardo da Vinci, 2A &#8211; 30020 Torre di Mosto (VE)<br \/>\nTel. +39 0421 1765124 &#8211; Fax +39 0421 466654<br \/>\nEmail: <u> <a href=\"mailto:info@relaxsrl.com\"> info@relaxsrl.com <\/a> <\/u>[\/vc_column_text][vc_empty_space height=&#8220;100px&#8220;][\/vc_column][\/vc_row]<\/p>\n","protected":false},"excerpt":{"rendered":"<p>[vc_row][vc_column][vc_column_text] Rechtliche Hinweise UNTERNEHMENSDATEN Firmenname: RELAX SRL Firmensitz: Stra\u00dfe Leonardo da Vinci, 2A &#8211; 30020 Torre di Mosto (VE) Steuernummer: 03409730276 Umsatzsteuer-Identifikationsnummer: 03409730276 Pec: relax-srl@pec.it Stammkapital Euro 100.000,00 voll eingezahlt Handelsregisteramt: Venedig R.E.A.: VE-305994 &nbsp; INFORMATION UND ZUSTIMMUNG Kundeninformationen zur Datenverarbeitung Anbieterinformationen zur Datenverarbeitung\u00a0 Datenschutzrichtlinie der Website www.relaxsrl.com Cookie-Richtlinie der Website www.relaxsrl.com &nbsp; INFORMATIONEN UND [&hellip;]<\/p>\n","protected":false},"author":3,"featured_media":25662,"parent":0,"menu_order":0,"comment_status":"closed","ping_status":"closed","template":"","meta":[],"acf":[],"yoast_head":"<!-- This site is optimized with the Yoast SEO Premium plugin v18.4 (Yoast SEO v18.8) - https:\/\/yoast.com\/wordpress\/plugins\/seo\/ -->\n<title>Rechtliche Hinweise - Relax srl<\/title>\n<meta name=\"robots\" content=\"noindex, follow\" \/>\n<meta property=\"og:locale\" content=\"de_DE\" \/>\n<meta property=\"og:type\" content=\"article\" \/>\n<meta property=\"og:title\" content=\"Rechtliche Hinweise - Relax srl\" \/>\n<meta property=\"og:description\" content=\"[vc_row][vc_column][vc_column_text] Rechtliche Hinweise UNTERNEHMENSDATEN Firmenname: RELAX SRL Firmensitz: Stra\u00dfe Leonardo da Vinci, 2A &#8211; 30020 Torre di Mosto (VE) Steuernummer: 03409730276 Umsatzsteuer-Identifikationsnummer: 03409730276 Pec: relax-srl@pec.it Stammkapital Euro 100.000,00 voll eingezahlt Handelsregisteramt: Venedig R.E.A.: VE-305994 &nbsp; INFORMATION UND ZUSTIMMUNG Kundeninformationen zur Datenverarbeitung Anbieterinformationen zur Datenverarbeitung\u00a0 Datenschutzrichtlinie der Website www.relaxsrl.com Cookie-Richtlinie der Website www.relaxsrl.com &nbsp; INFORMATIONEN UND [&hellip;]\" \/>\n<meta property=\"og:url\" content=\"https:\/\/relaxsrl.com\/de\/rechtliche-hinweise\/\" \/>\n<meta property=\"og:site_name\" content=\"Relax srl\" \/>\n<meta property=\"article:modified_time\" content=\"2023-06-14T15:53:09+00:00\" \/>\n<meta property=\"og:image\" content=\"https:\/\/relaxsrl.com\/website\/wp-content\/uploads\/2023\/02\/X_NEUTRA_RELAX.jpg\" \/>\n\t<meta property=\"og:image:width\" content=\"500\" \/>\n\t<meta property=\"og:image:height\" content=\"500\" \/>\n\t<meta property=\"og:image:type\" content=\"image\/jpeg\" \/>\n<meta name=\"twitter:card\" content=\"summary_large_image\" \/>\n<meta name=\"twitter:label1\" content=\"Gesch\u00e4tzte Lesezeit\" \/>\n\t<meta name=\"twitter:data1\" content=\"1 Minute\" \/>\n<script type=\"application\/ld+json\" class=\"yoast-schema-graph\">{\"@context\":\"https:\/\/schema.org\",\"@graph\":[{\"@type\":\"WebSite\",\"@id\":\"https:\/\/relaxsrl.com\/#website\",\"url\":\"https:\/\/relaxsrl.com\/\",\"name\":\"Relax srl\",\"description\":\"\",\"potentialAction\":[{\"@type\":\"SearchAction\",\"target\":{\"@type\":\"EntryPoint\",\"urlTemplate\":\"https:\/\/relaxsrl.com\/?s={search_term_string}\"},\"query-input\":\"required name=search_term_string\"}],\"inLanguage\":\"de-DE\"},{\"@type\":\"ImageObject\",\"inLanguage\":\"de-DE\",\"@id\":\"https:\/\/relaxsrl.com\/de\/rechtliche-hinweise\/#primaryimage\",\"url\":\"https:\/\/relaxsrl.com\/website\/wp-content\/uploads\/2023\/02\/X_NEUTRA_RELAX.jpg\",\"contentUrl\":\"https:\/\/relaxsrl.com\/website\/wp-content\/uploads\/2023\/02\/X_NEUTRA_RELAX.jpg\",\"width\":500,\"height\":500},{\"@type\":\"WebPage\",\"@id\":\"https:\/\/relaxsrl.com\/de\/rechtliche-hinweise\/#webpage\",\"url\":\"https:\/\/relaxsrl.com\/de\/rechtliche-hinweise\/\",\"name\":\"Rechtliche Hinweise - Relax srl\",\"isPartOf\":{\"@id\":\"https:\/\/relaxsrl.com\/#website\"},\"primaryImageOfPage\":{\"@id\":\"https:\/\/relaxsrl.com\/de\/rechtliche-hinweise\/#primaryimage\"},\"datePublished\":\"2022-08-10T14:43:31+00:00\",\"dateModified\":\"2023-06-14T15:53:09+00:00\",\"breadcrumb\":{\"@id\":\"https:\/\/relaxsrl.com\/de\/rechtliche-hinweise\/#breadcrumb\"},\"inLanguage\":\"de-DE\",\"potentialAction\":[{\"@type\":\"ReadAction\",\"target\":[\"https:\/\/relaxsrl.com\/de\/rechtliche-hinweise\/\"]}]},{\"@type\":\"BreadcrumbList\",\"@id\":\"https:\/\/relaxsrl.com\/de\/rechtliche-hinweise\/#breadcrumb\",\"itemListElement\":[{\"@type\":\"ListItem\",\"position\":1,\"name\":\"Rechtliche Hinweise\"}]}]}<\/script>\n<!-- \/ Yoast SEO Premium plugin. -->","yoast_head_json":{"title":"Rechtliche Hinweise - Relax srl","robots":{"index":"noindex","follow":"follow"},"og_locale":"de_DE","og_type":"article","og_title":"Rechtliche Hinweise - Relax srl","og_description":"[vc_row][vc_column][vc_column_text] Rechtliche Hinweise UNTERNEHMENSDATEN Firmenname: RELAX SRL Firmensitz: Stra\u00dfe Leonardo da Vinci, 2A &#8211; 30020 Torre di Mosto (VE) Steuernummer: 03409730276 Umsatzsteuer-Identifikationsnummer: 03409730276 Pec: relax-srl@pec.it Stammkapital Euro 100.000,00 voll eingezahlt Handelsregisteramt: Venedig R.E.A.: VE-305994 &nbsp; INFORMATION UND ZUSTIMMUNG Kundeninformationen zur Datenverarbeitung Anbieterinformationen zur Datenverarbeitung\u00a0 Datenschutzrichtlinie der Website www.relaxsrl.com Cookie-Richtlinie der Website www.relaxsrl.com &nbsp; INFORMATIONEN UND [&hellip;]","og_url":"https:\/\/relaxsrl.com\/de\/rechtliche-hinweise\/","og_site_name":"Relax srl","article_modified_time":"2023-06-14T15:53:09+00:00","og_image":[{"width":500,"height":500,"url":"https:\/\/relaxsrl.com\/website\/wp-content\/uploads\/2023\/02\/X_NEUTRA_RELAX.jpg","type":"image\/jpeg"}],"twitter_card":"summary_large_image","twitter_misc":{"Gesch\u00e4tzte Lesezeit":"1 Minute"},"schema":{"@context":"https:\/\/schema.org","@graph":[{"@type":"WebSite","@id":"https:\/\/relaxsrl.com\/#website","url":"https:\/\/relaxsrl.com\/","name":"Relax srl","description":"","potentialAction":[{"@type":"SearchAction","target":{"@type":"EntryPoint","urlTemplate":"https:\/\/relaxsrl.com\/?s={search_term_string}"},"query-input":"required name=search_term_string"}],"inLanguage":"de-DE"},{"@type":"ImageObject","inLanguage":"de-DE","@id":"https:\/\/relaxsrl.com\/de\/rechtliche-hinweise\/#primaryimage","url":"https:\/\/relaxsrl.com\/website\/wp-content\/uploads\/2023\/02\/X_NEUTRA_RELAX.jpg","contentUrl":"https:\/\/relaxsrl.com\/website\/wp-content\/uploads\/2023\/02\/X_NEUTRA_RELAX.jpg","width":500,"height":500},{"@type":"WebPage","@id":"https:\/\/relaxsrl.com\/de\/rechtliche-hinweise\/#webpage","url":"https:\/\/relaxsrl.com\/de\/rechtliche-hinweise\/","name":"Rechtliche Hinweise - Relax srl","isPartOf":{"@id":"https:\/\/relaxsrl.com\/#website"},"primaryImageOfPage":{"@id":"https:\/\/relaxsrl.com\/de\/rechtliche-hinweise\/#primaryimage"},"datePublished":"2022-08-10T14:43:31+00:00","dateModified":"2023-06-14T15:53:09+00:00","breadcrumb":{"@id":"https:\/\/relaxsrl.com\/de\/rechtliche-hinweise\/#breadcrumb"},"inLanguage":"de-DE","potentialAction":[{"@type":"ReadAction","target":["https:\/\/relaxsrl.com\/de\/rechtliche-hinweise\/"]}]},{"@type":"BreadcrumbList","@id":"https:\/\/relaxsrl.com\/de\/rechtliche-hinweise\/#breadcrumb","itemListElement":[{"@type":"ListItem","position":1,"name":"Rechtliche Hinweise"}]}]}},"_links":{"self":[{"href":"https:\/\/relaxsrl.com\/de\/wp-json\/wp\/v2\/pages\/22742"}],"collection":[{"href":"https:\/\/relaxsrl.com\/de\/wp-json\/wp\/v2\/pages"}],"about":[{"href":"https:\/\/relaxsrl.com\/de\/wp-json\/wp\/v2\/types\/page"}],"author":[{"embeddable":true,"href":"https:\/\/relaxsrl.com\/de\/wp-json\/wp\/v2\/users\/3"}],"replies":[{"embeddable":true,"href":"https:\/\/relaxsrl.com\/de\/wp-json\/wp\/v2\/comments?post=22742"}],"version-history":[{"count":3,"href":"https:\/\/relaxsrl.com\/de\/wp-json\/wp\/v2\/pages\/22742\/revisions"}],"predecessor-version":[{"id":28928,"href":"https:\/\/relaxsrl.com\/de\/wp-json\/wp\/v2\/pages\/22742\/revisions\/28928"}],"wp:featuredmedia":[{"embeddable":true,"href":"https:\/\/relaxsrl.com\/de\/wp-json\/wp\/v2\/media\/25662"}],"wp:attachment":[{"href":"https:\/\/relaxsrl.com\/de\/wp-json\/wp\/v2\/media?parent=22742"}],"curies":[{"name":"wp","href":"https:\/\/api.w.org\/{rel}","templated":true}]}}