{"id":22745,"date":"2022-08-10T16:46:36","date_gmt":"2022-08-10T14:46:36","guid":{"rendered":"https:\/\/relaxsrl.com\/kundeninformationen-zur-datenverarbeitung\/"},"modified":"2022-11-18T15:52:06","modified_gmt":"2022-11-18T14:52:06","slug":"kundeninformationen-zur-datenverarbeitung","status":"publish","type":"page","link":"https:\/\/relaxsrl.com\/de\/kundeninformationen-zur-datenverarbeitung\/","title":{"rendered":"Kundeninformationen zur Datenverarbeitung"},"content":{"rendered":"<p>[vc_row][vc_column][vc_column_text]<\/p>\n<h1>Kundeninformation zur Datenverarbeitung<\/h1>\n<p><strong> Informationen gem\u00e4\u00df und f\u00fcr die Zwecke von Artikeln 13 und 14 der DSGVO 2016\/679 und der geltenden nationalen Gesetzgebung zum Schutz der Verarbeitung personenbezogener Daten. <\/strong><\/p>\n<p>&nbsp;<\/p>\n<p>Mit diesen Informationen stellt RELAX SRL dem Interessenten die in den Artikeln genannten Informationen zur Verf\u00fcgung 13 und 14 der DSGVO 2016\/679 \u00fcber die Verarbeitung der ihn betreffenden personenbezogenen Daten.<\/p>\n<p>&nbsp;<\/p>\n<p><strong> Datenverantwortlicher. <\/strong><\/p>\n<p>Der Datenverantwortliche ist RELAX SRL mit Sitz in Via Leonardo da Vinci, 2A &#8211; 30020 Torre di Mosto (VE).<\/p>\n<p>&nbsp;<\/p>\n<p><strong>Zweck und Rechtsgrundlage der Verarbeitung.<\/strong><\/p>\n<p>Die Erhebung und Verarbeitung personenbezogener Daten erfolgt zu folgenden Zwecken:<\/p>\n<ol>\n<li>die Erf\u00fcllung aller Vorg\u00e4nge, die durch gesetzliche Verpflichtungen, steuerliche und steuerliche Bestimmungen und die Bestimmungen im Bereich der Geldw\u00e4schebek\u00e4mpfung auferlegt werden (Behandlung, die zur Erf\u00fcllung einer rechtlichen Verpflichtung erforderlich ist, der der Datenverantwortliche gem\u00e4\u00df Art. . 1 Buchstabe C) DSGVO 2016\/679);<\/li>\n<li>die Begr\u00fcndung und Durchf\u00fchrung laufender Vertragsbeziehungen sowie alle Aktivit\u00e4ten zur Unterst\u00fctzung vor und nach dem Verkauf (Verarbeitung, die f\u00fcr die Ausf\u00fchrung eines Vertrags, dessen Vertragspartei die interessierte Partei ist, oder f\u00fcr die Durchf\u00fchrung vorvertraglicher Ma\u00dfnahmen erforderlich ist angenommen auf Antrag derselben gem\u00e4\u00df Art. 6 Abs. 1 Buchst. b) DSGVO 2016\/679; Verarbeitung, die zur Erf\u00fcllung einer rechtlichen Verpflichtung erforderlich ist, der der Verantwortliche gem\u00e4\u00df Art. 6 par. 1 lassen. c) DSGVO 2016\/679);<\/li>\n<li>Vorg\u00e4nge, die eng mit der Anbahnung der oben genannten Beziehungen verbunden und von entscheidender Bedeutung sind, einschlie\u00dflich der Beschaffung vorl\u00e4ufiger Informationen f\u00fcr den Vertragsabschluss (Verarbeitung, die f\u00fcr die Ausf\u00fchrung eines Vertrags erforderlich ist, dessen Vertragspartei die interessierte Partei ist, oder f\u00fcr deren Ausf\u00fchrung vorvertraglich angenommen auf Antrag derselben gem\u00e4\u00df Art. 6 Abs. 1 Buchst. b) DSGVO 2016\/679);<\/li>\n<li>die Verwaltung der Beziehungen mit dem Kunden f\u00fcr Verwaltung, Buchhaltung, Bestellungen, Lieferungen, Rechnungsstellung, Dienstleistungen, Verwaltung von au\u00dfergerichtlichen Streitbeilegungsverfahren, sofern vorgesehen (Behandlung, die f\u00fcr die Ausf\u00fchrung eines Vertrags erforderlich ist, an dem die interessierte Partei ist Teil oder zur Durchf\u00fchrung vorvertraglicher Ma\u00dfnahmen, die auf deren Anfrage gem\u00e4\u00df Art. 6 Abs. 1 Buchst. b) DSGVO 2016\/679) ergriffen werden;<\/li>\n<li>Verwaltung von Rechtsstreitigkeiten (Behandlung aufgrund des berechtigten Interesses des Datenverantwortlichen gem\u00e4\u00df Art. 6 Abs. 1 lit. f) DSGVO 2016\/679, streng beschr\u00e4nkt auf die Beurteilung, Aus\u00fcbung und Verteidigung eines Rechts in Gericht);<\/li>\n<li>die Erbringung von Installationsdienstleistungen im Allgemeinen und im Zusammenhang mit der Lieferung, Verwendung und \/ oder Unterst\u00fctzung von Produkten und L\u00f6sungen unserer Produktion und \/ oder Vermarktung (Verarbeitung, die f\u00fcr die Ausf\u00fchrung eines Vertrags erforderlich ist, auf den in Bezug genommen wird. Die interessierte Partei ist eine Partei zu oder zur Durchf\u00fchrung vorvertraglicher Ma\u00dfnahmen, die auf deren Anfrage gem\u00e4\u00df Art. 6 Abs. 1 lit. b) GDPR 2016\/679);<\/li>\n<li>Versand von Werbe- oder Direktverkaufsmaterial, Durchf\u00fchrung von Marktforschung oder kommerzieller Kommunikation per E-Mail, Papierpost, SMS \/ MMS und Instant Messaging-Diensten, in voller \u00dcbereinstimmung mit der DSGVO 2016\/679, der geltenden nationalen Gesetzgebung, insbesondere Kunst. 130 Gesetzesdekret. 30. Juni 2003, Nr. 196, und die Bestimmung der Garantiebeh\u00f6rde vom 4. Juli 2013 \u201eLeitlinien f\u00fcr Werbema\u00dfnahmen und die Bek\u00e4mpfung von Spam\u201c (Behandlung unterliegt der Zustimmung, au\u00dfer in F\u00e4llen, in denen sie gem\u00e4\u00df Art. 130 Absatz 4 des gesetzesvertretenden Dekrets vom 30. Juni 2003 au\u00dfer Acht gelassen werden kann , Nr. 196);<\/li>\n<li>die Ermittlung des Grads der Kundenzufriedenheit, die Verarbeitung von Statistiken f\u00fcr den internen Gebrauch (Behandlung aufgrund des berechtigten Interesses des Datenverantwortlichen gem\u00e4\u00df Art. 6 Abs. 1 Buchstabe f) DSGVO 2016\/679, streng begrenzt auf die Kontrolle von Qualit\u00e4tsnormen f\u00fcr Innenr\u00e4ume).<\/li>\n<\/ol>\n<p>Die Erhebung und Aufzeichnung von Daten erfolgt unter Einhaltung der in Art. 6 Abs. 1 lit. 5 DSGVO 2016\/679, d. h.: f\u00fcr bestimmte, ausdr\u00fcckliche und rechtm\u00e4\u00dfige Zwecke und in einer mit diesen Zwecken vereinbaren Weise im Rahmen der f\u00fcr den Gesch\u00e4ftsbetrieb erforderlichen Verarbeitung; exakt und ggf. mit den entsprechenden Updates. Damit sie in Bezug auf die Erhebungszwecke relevant, vollst\u00e4ndig und nicht \u00fcbertrieben sind; damit ihre Aufbewahrung f\u00fcr den Zeitraum funktioniert, der f\u00fcr den Zweck erforderlich ist, f\u00fcr den sie erhoben und anschlie\u00dfend gem\u00e4\u00df der DSGVO 2016\/679 und den geltenden nationalen Rechtsvorschriften verarbeitet werden.<\/p>\n<p>Personenbezogene Daten k\u00f6nnen sowohl mit Papier- als auch mit elektronischen Hilfsmitteln oder in jedem Fall, die f\u00fcr die Aufzeichnung und Speicherung der Daten geeignet sind, und in jedem Fall so verarbeitet werden, dass ihre Sicherheit gew\u00e4hrleistet und die Vertraulichkeit der betroffenen Person gesch\u00fctzt wird. Spezifische Sicherheitsma\u00dfnahmen werden eingehalten, um Datenverlust, illegale oder falsche Verwendung und unbefugten Zugriff in voller \u00dcbereinstimmung mit Art. 32 der DSGVO 2016\/679 und der geltenden nationalen Gesetzgebung.<\/p>\n<p>&nbsp;<\/p>\n<p><strong> Obligatorische oder fakultative Art der Bereitstellung von Daten und Folgen einer Ablehnung. <\/strong><\/p>\n<p>Die Bereitstellung personenbezogener Daten, die zur Erf\u00fcllung gesetzlicher Pflichten, zur Begr\u00fcndung des Vertragsverh\u00e4ltnisses oder zu dessen Durchf\u00fchrung erforderlich sind, ist zwingend erforderlich. Die Nichtbereitstellung macht es unm\u00f6glich, den Anfragen des Interessenten nachzukommen oder den Vertrag auszuf\u00fchren.<\/p>\n<p>Die Einwilligung in die Bereitstellung personenbezogener Daten zu Informations-, Werbe- und\/oder Marketingzwecken ist optional und kann, sofern erteilt, jederzeit widerrufen werden, unbeschadet der Rechtm\u00e4\u00dfigkeit der Verarbeitung aufgrund der vor dem Widerruf erteilten Einwilligung. In diesem Fall ist es dem Unterzeichneten bei Nichtbereitstellung unm\u00f6glich, Ihnen kommerzielle Mitteilungen zuzusenden.<\/p>\n<p>&nbsp;<\/p>\n<p><strong> Bek\u00e4mpfung von Geldw\u00e4sche und Terrorismus. <\/strong><\/p>\n<p>Die Bereitstellung der von den Gesetzen zur Bek\u00e4mpfung von Geldw\u00e4sche und Terrorismus geforderten Daten ist obligatorisch, und jede Verweigerung steht der erforderlichen professionellen Dienstleistung entgegen und kann dazu f\u00fchren, dass die Transaktion der zust\u00e4ndigen Aufsichtsbeh\u00f6rde gemeldet wird. In diesem Zusammenhang ist zu beachten, dass die Verarbeitung personenbezogener Daten im Zusammenhang mit den Verpflichtungen zur Bek\u00e4mpfung der Geldw\u00e4sche unter Ber\u00fccksichtigung der besonderen Ausf\u00fchrungsmethoden erfolgt, die Nichtfinanzakteuren durch die Verordnung \u00fcber die Identifizierung und Speicherung von Informationen auferlegt werden durch Kunst. 3 Absatz 2 des Gesetzesdekrets Nr. 56\/2004 und angenommen mit D.M. n. 143\/2006. Andere Informationen k\u00f6nnten auch aus \u00f6ffentlichen Quellen eingeholt werden, um den Verpflichtungen gem\u00e4\u00df Gesetzesdekret 231\/2007 nachzukommen.<\/p>\n<p><strong> Datenkommunikation. <\/strong><\/p>\n<p>Unbeschadet der Einhaltung der geltenden Vorschriften und insbesondere der in Art. 5 DSGVO 2016\/679 d\u00fcrfen die Daten ausschlie\u00dflich zur Verfolgung der in dieser Information genannten Zwecke \u00fcbermittelt werden an:<\/p>\n<ul>\n<li>Unternehmen, die derselben Unternehmensgruppe angeh\u00f6ren;<\/li>\n<li>Subjekte, denen es notwendig ist, die Daten f\u00fcr die Ausf\u00fchrung eines Vertrages, dessen Vertragspartei die interessierte Partei ist, oder f\u00fcr die Ausf\u00fchrung vorvertraglicher Ma\u00dfnahmen, die auf deren Anfrage hin ergriffen werden, sowie allgemein zu \u00fcbermitteln , zur Verfolgung der in diesen Informationen genannten Zwecke;<\/li>\n<li>F\u00fcr das Kreditmanagement zust\u00e4ndige Subjekte wie beispielsweise Factoring-Unternehmen, Kreditinstitute, Inkassounternehmen, Kreditversicherungsunternehmen, Wirtschaftsauskunfteien;<\/li>\n<li>Insbesondere Personen, die Behandlungen im Auftrag des Datenverantwortlichen als Manager gem\u00e4\u00df Art. 28 GDPR 2016\/679, wie beispielsweise und nicht beschr\u00e4nkt auf: Fachleute und \/ oder Unternehmen, die mit der Durchf\u00fchrung von T\u00e4tigkeiten in den Bereichen Verwaltung, Buchhaltung, Recht, Handel, Management, Technik, Technik-IT beauftragt sind. Die vollst\u00e4ndige und aktualisierte Liste der Manager ist f\u00fcr die dazu Berechtigten auf Anfrage am Hauptsitz des Datenverantwortlichen erh\u00e4ltlich;<\/li>\n<li>Subjekte, die nach geltendem Recht zum Zugriff auf Daten berechtigt sind und\/oder denen Daten in \u00dcbereinstimmung mit gesetzlichen Verpflichtungen \u00fcbermittelt werden m\u00fcssen.<\/li>\n<\/ul>\n<p>Personenbezogene Daten k\u00f6nnen von Mitarbeitern und Mitarbeitern verarbeitet werden, die den zust\u00e4ndigen B\u00fcros des Datenverantwortlichen zugeordnet sind und die ausdr\u00fccklich zur Verarbeitung der Verarbeitung gem\u00e4\u00df Art. 29 der DSGVO 2016\/679 und der geltenden nationalen Gesetzgebung.<\/p>\n<p><strong> \u00dcbermittlung von Daten ins Ausland. <\/strong><\/p>\n<p>Personenbezogene Daten d\u00fcrfen nur zur Verfolgung der in diesen Informationen genannten Zwecke oder aus ausschlie\u00dflich technischen Gr\u00fcnden im Zusammenhang mit der Struktur des Unternehmensinformationssystems und \/ oder der Anwendung technischer und organisatorischer Sicherheitsma\u00dfnahmen ins Ausland \u00fcbermittelt und \/ oder \u00fcbermittelt werden geeignet durch den Datenverantwortlichen (Art. 32 GDPR 2016\/679) und ausschlie\u00dflich in \u00dcbereinstimmung mit Art. 44 s.s. der DSGVO 2016\/679.<\/p>\n<p><strong> Aufbewahrungszeiten <\/strong> <strong> der Daten. <\/strong><\/p>\n<p>Unbeschadet der Einhaltung von Art. 5 DSGVO 2016\/679 (\u201eAufbewahrungsbegrenzungsprinzip\u201c) werden die Daten in unseren Archiven gem\u00e4\u00df den folgenden Parametern gespeichert:<\/p>\n<ul>\n<li>Datenverarbeitung zur Erf\u00fcllung der Pflichten gem. 2220 des italienischen Zivilgesetzbuchs: 10 Jahre, unbeschadet etwaiger versp\u00e4teter Geb\u00fchrenzahlungen, die ihre Verl\u00e4ngerung rechtfertigen;<\/li>\n<li>Daten, die zur Erf\u00fcllung von Verpflichtungen zur Bek\u00e4mpfung der Geldw\u00e4sche verarbeitet werden: 10 Jahre;<\/li>\n<li>Zu Informations-, Werbe- und \/ oder Marketingzwecken verarbeitete Daten: 10 Jahre, basierend auf den Bewertungen des Datenverantwortlichen in Bezug auf die Eigenschaften des vermarkteten Produkts, seine durch die T\u00dcV-Zertifizierung genehmigte durchschnittliche Dauer sowie den damit verbundenen Kaufbedarf von Ersatzteilen f\u00fcr die ordentliche und au\u00dferordentliche Wartung;<\/li>\n<li>Daten, die zu anderen als den oben genannten Zwecken im Rahmen des Vertragsverh\u00e4ltnisses verarbeitet werden und auf die in dieser Information Bezug genommen wird: bis zum Ablauf des Vertrags und\/oder der gewerblichen Lieferbeziehung.<\/li>\n<\/ul>\n<p>In Bezug auf die gesetzlich vorgesehenen besonderen Verj\u00e4hrungsfristen k\u00f6nnen die Daten, die f\u00fcr die Beurteilung, Aus\u00fcbung oder Verteidigung eines Rechts vor Gericht erforderlich sind, l\u00e4ngeren Aufbewahrungsfristen unterliegen.<\/p>\n<p>Die \u00dcberpr\u00fcfung der Veraltung der gespeicherten Daten in Bezug auf die Zwecke, f\u00fcr die sie erhoben wurden, erfolgt regelm\u00e4\u00dfig.<\/p>\n<p><strong> Rechte der interessierten Partei. <\/strong><\/p>\n<p>In Bezug auf die personenbezogenen Daten selbst kann die interessierte Partei die Rechte innerhalb der Grenzen und unter den in den Artikeln festgelegten Bedingungen aus\u00fcben von 15 bis 22 der DSGVO 2016\/679 und den geltenden nationalen Rechtsvorschriften. Insbesondere schreibt die DSGVO dem Interessenten zu:<\/p>\n<ul>\n<li>Auskunftsrecht (Artikel 15 der DSGVO 2016\/679);<\/li>\n<li>Recht auf Berichtigung unrichtiger personenbezogener Daten und Recht auf Integration unvollst\u00e4ndiger personenbezogener Teile (Artikel 16 der DSGVO 2016\/679);<\/li>\n<li>Recht auf L\u00f6schung (Artikel 17 DSGVO 2016\/679);<\/li>\n<li>Recht auf Einschr\u00e4nkung der Verarbeitung (Artikel 18 der DSGVO 2016\/679);<\/li>\n<li>Recht, die Empf\u00e4nger, denen Berichtigungen oder L\u00f6schungen oder Einschr\u00e4nkungen der Verarbeitung mitgeteilt wurden, zu verlangen (Artikel 19 der DSGVO 2016\/679);<\/li>\n<li>Recht auf Daten\u00fcbertragbarkeit (Artikel 20 DSGVO 2016\/679);<\/li>\n<li>Recht auf Widerspruch (Artikel 21 DSGVO 2016\/679);<\/li>\n<li>Recht, nicht einer ausschlie\u00dflich auf einer automatisierten Verarbeitung beruhenden Entscheidung unterworfen zu werden (Artikel 22 DSGVO 2016\/679).<\/li>\n<\/ul>\n<p>Im Falle der Unterzeichnung einer Einwilligung in die Verarbeitung ist zu beachten, dass die interessierte Partei diese jederzeit, unbeschadet der zwingenden Verpflichtungen, die durch die zum Zeitpunkt des Widerrufsantrags geltenden Rechtsvorschriften vorgesehen sind, durch Kontaktaufnahme widerrufen kann den Datenverantwortlichen unter der folgenden Adresse per E-Mail: info@relaxsrl.com.<\/p>\n<p><strong> Beschwerderecht <\/strong><\/p>\n<p>Der Interessent, der der Ansicht ist, dass die Verarbeitung personenbezogener Daten gegen die Bestimmungen der DSGVO 2016\/679 verst\u00f6\u00dft, hat das Recht, eine Beschwerde bei der Aufsichtsbeh\u00f6rde des Staates der Europ\u00e4ischen Union einzureichen, in dem er seinen gew\u00f6hnlichen Aufenthalt hat, arbeitet oder des Ortes, an dem die mutma\u00dfliche Verletzung stattgefunden hat, gem\u00e4\u00df Art. 77 DSGVO 2016\/679, oder die zust\u00e4ndigen Justizbeh\u00f6rden zu beauftragen.<\/p>\n<p>Torre di Mosto, 11.05.2021<\/p>\n<p>RELAX SRL[\/vc_column_text][vc_empty_space height=&#8220;100px&#8220;][\/vc_column][\/vc_row]<\/p>\n","protected":false},"excerpt":{"rendered":"<p>[vc_row][vc_column][vc_column_text] Kundeninformation zur Datenverarbeitung Informationen gem\u00e4\u00df und f\u00fcr die Zwecke von Artikeln 13 und 14 der DSGVO 2016\/679 und der geltenden nationalen Gesetzgebung zum Schutz der Verarbeitung personenbezogener Daten. &nbsp; Mit diesen Informationen stellt RELAX SRL dem Interessenten die in den Artikeln genannten Informationen zur Verf\u00fcgung 13 und 14 der DSGVO 2016\/679 \u00fcber die Verarbeitung [&hellip;]<\/p>\n","protected":false},"author":3,"featured_media":25662,"parent":0,"menu_order":0,"comment_status":"closed","ping_status":"closed","template":"","meta":[],"acf":[],"yoast_head":"<!-- This site is optimized with the Yoast SEO Premium plugin v18.4 (Yoast SEO v18.8) - https:\/\/yoast.com\/wordpress\/plugins\/seo\/ -->\n<title>Kundeninformationen zur Datenverarbeitung - Relax srl<\/title>\n<meta name=\"description\" content=\"RELAX SRL stellt dem Interessenten die Informationen \u00fcber die Verarbeitung der ihn betreffenden personenbezogenen Daten zur Verf\u00fcgung.\" \/>\n<meta name=\"robots\" content=\"noindex, follow\" \/>\n<meta property=\"og:locale\" content=\"de_DE\" \/>\n<meta property=\"og:type\" content=\"article\" \/>\n<meta property=\"og:title\" content=\"Kundeninformationen zur Datenverarbeitung - Relax srl\" \/>\n<meta property=\"og:description\" content=\"RELAX SRL stellt dem Interessenten die Informationen \u00fcber die Verarbeitung der ihn betreffenden personenbezogenen Daten zur Verf\u00fcgung.\" \/>\n<meta property=\"og:url\" content=\"https:\/\/relaxsrl.com\/de\/kundeninformationen-zur-datenverarbeitung\/\" \/>\n<meta property=\"og:site_name\" content=\"Relax srl\" \/>\n<meta property=\"article:modified_time\" content=\"2022-11-18T14:52:06+00:00\" \/>\n<meta property=\"og:image\" content=\"https:\/\/relaxsrl.com\/website\/wp-content\/uploads\/2023\/02\/X_NEUTRA_RELAX.jpg\" \/>\n\t<meta property=\"og:image:width\" content=\"500\" \/>\n\t<meta property=\"og:image:height\" content=\"500\" \/>\n\t<meta property=\"og:image:type\" content=\"image\/jpeg\" \/>\n<meta name=\"twitter:card\" content=\"summary_large_image\" \/>\n<meta name=\"twitter:label1\" content=\"Gesch\u00e4tzte Lesezeit\" \/>\n\t<meta name=\"twitter:data1\" content=\"9 Minuten\" \/>\n<script type=\"application\/ld+json\" class=\"yoast-schema-graph\">{\"@context\":\"https:\/\/schema.org\",\"@graph\":[{\"@type\":\"WebSite\",\"@id\":\"https:\/\/relaxsrl.com\/#website\",\"url\":\"https:\/\/relaxsrl.com\/\",\"name\":\"Relax srl\",\"description\":\"\",\"potentialAction\":[{\"@type\":\"SearchAction\",\"target\":{\"@type\":\"EntryPoint\",\"urlTemplate\":\"https:\/\/relaxsrl.com\/?s={search_term_string}\"},\"query-input\":\"required name=search_term_string\"}],\"inLanguage\":\"de-DE\"},{\"@type\":\"ImageObject\",\"inLanguage\":\"de-DE\",\"@id\":\"https:\/\/relaxsrl.com\/de\/kundeninformationen-zur-datenverarbeitung\/#primaryimage\",\"url\":\"https:\/\/relaxsrl.com\/website\/wp-content\/uploads\/2023\/02\/X_NEUTRA_RELAX.jpg\",\"contentUrl\":\"https:\/\/relaxsrl.com\/website\/wp-content\/uploads\/2023\/02\/X_NEUTRA_RELAX.jpg\",\"width\":500,\"height\":500},{\"@type\":\"WebPage\",\"@id\":\"https:\/\/relaxsrl.com\/de\/kundeninformationen-zur-datenverarbeitung\/#webpage\",\"url\":\"https:\/\/relaxsrl.com\/de\/kundeninformationen-zur-datenverarbeitung\/\",\"name\":\"Kundeninformationen zur Datenverarbeitung - Relax srl\",\"isPartOf\":{\"@id\":\"https:\/\/relaxsrl.com\/#website\"},\"primaryImageOfPage\":{\"@id\":\"https:\/\/relaxsrl.com\/de\/kundeninformationen-zur-datenverarbeitung\/#primaryimage\"},\"datePublished\":\"2022-08-10T14:46:36+00:00\",\"dateModified\":\"2022-11-18T14:52:06+00:00\",\"description\":\"RELAX SRL stellt dem Interessenten die Informationen \u00fcber die Verarbeitung der ihn betreffenden personenbezogenen Daten zur Verf\u00fcgung.\",\"breadcrumb\":{\"@id\":\"https:\/\/relaxsrl.com\/de\/kundeninformationen-zur-datenverarbeitung\/#breadcrumb\"},\"inLanguage\":\"de-DE\",\"potentialAction\":[{\"@type\":\"ReadAction\",\"target\":[\"https:\/\/relaxsrl.com\/de\/kundeninformationen-zur-datenverarbeitung\/\"]}]},{\"@type\":\"BreadcrumbList\",\"@id\":\"https:\/\/relaxsrl.com\/de\/kundeninformationen-zur-datenverarbeitung\/#breadcrumb\",\"itemListElement\":[{\"@type\":\"ListItem\",\"position\":1,\"name\":\"Kundeninformationen zur Datenverarbeitung\"}]}]}<\/script>\n<!-- \/ Yoast SEO Premium plugin. -->","yoast_head_json":{"title":"Kundeninformationen zur Datenverarbeitung - Relax srl","description":"RELAX SRL stellt dem Interessenten die Informationen \u00fcber die Verarbeitung der ihn betreffenden personenbezogenen Daten zur Verf\u00fcgung.","robots":{"index":"noindex","follow":"follow"},"og_locale":"de_DE","og_type":"article","og_title":"Kundeninformationen zur Datenverarbeitung - Relax srl","og_description":"RELAX SRL stellt dem Interessenten die Informationen \u00fcber die Verarbeitung der ihn betreffenden personenbezogenen Daten zur Verf\u00fcgung.","og_url":"https:\/\/relaxsrl.com\/de\/kundeninformationen-zur-datenverarbeitung\/","og_site_name":"Relax srl","article_modified_time":"2022-11-18T14:52:06+00:00","og_image":[{"width":500,"height":500,"url":"https:\/\/relaxsrl.com\/website\/wp-content\/uploads\/2023\/02\/X_NEUTRA_RELAX.jpg","type":"image\/jpeg"}],"twitter_card":"summary_large_image","twitter_misc":{"Gesch\u00e4tzte Lesezeit":"9 Minuten"},"schema":{"@context":"https:\/\/schema.org","@graph":[{"@type":"WebSite","@id":"https:\/\/relaxsrl.com\/#website","url":"https:\/\/relaxsrl.com\/","name":"Relax srl","description":"","potentialAction":[{"@type":"SearchAction","target":{"@type":"EntryPoint","urlTemplate":"https:\/\/relaxsrl.com\/?s={search_term_string}"},"query-input":"required name=search_term_string"}],"inLanguage":"de-DE"},{"@type":"ImageObject","inLanguage":"de-DE","@id":"https:\/\/relaxsrl.com\/de\/kundeninformationen-zur-datenverarbeitung\/#primaryimage","url":"https:\/\/relaxsrl.com\/website\/wp-content\/uploads\/2023\/02\/X_NEUTRA_RELAX.jpg","contentUrl":"https:\/\/relaxsrl.com\/website\/wp-content\/uploads\/2023\/02\/X_NEUTRA_RELAX.jpg","width":500,"height":500},{"@type":"WebPage","@id":"https:\/\/relaxsrl.com\/de\/kundeninformationen-zur-datenverarbeitung\/#webpage","url":"https:\/\/relaxsrl.com\/de\/kundeninformationen-zur-datenverarbeitung\/","name":"Kundeninformationen zur Datenverarbeitung - Relax srl","isPartOf":{"@id":"https:\/\/relaxsrl.com\/#website"},"primaryImageOfPage":{"@id":"https:\/\/relaxsrl.com\/de\/kundeninformationen-zur-datenverarbeitung\/#primaryimage"},"datePublished":"2022-08-10T14:46:36+00:00","dateModified":"2022-11-18T14:52:06+00:00","description":"RELAX SRL stellt dem Interessenten die Informationen \u00fcber die Verarbeitung der ihn betreffenden personenbezogenen Daten zur Verf\u00fcgung.","breadcrumb":{"@id":"https:\/\/relaxsrl.com\/de\/kundeninformationen-zur-datenverarbeitung\/#breadcrumb"},"inLanguage":"de-DE","potentialAction":[{"@type":"ReadAction","target":["https:\/\/relaxsrl.com\/de\/kundeninformationen-zur-datenverarbeitung\/"]}]},{"@type":"BreadcrumbList","@id":"https:\/\/relaxsrl.com\/de\/kundeninformationen-zur-datenverarbeitung\/#breadcrumb","itemListElement":[{"@type":"ListItem","position":1,"name":"Kundeninformationen zur Datenverarbeitung"}]}]}},"_links":{"self":[{"href":"https:\/\/relaxsrl.com\/de\/wp-json\/wp\/v2\/pages\/22745"}],"collection":[{"href":"https:\/\/relaxsrl.com\/de\/wp-json\/wp\/v2\/pages"}],"about":[{"href":"https:\/\/relaxsrl.com\/de\/wp-json\/wp\/v2\/types\/page"}],"author":[{"embeddable":true,"href":"https:\/\/relaxsrl.com\/de\/wp-json\/wp\/v2\/users\/3"}],"replies":[{"embeddable":true,"href":"https:\/\/relaxsrl.com\/de\/wp-json\/wp\/v2\/comments?post=22745"}],"version-history":[{"count":5,"href":"https:\/\/relaxsrl.com\/de\/wp-json\/wp\/v2\/pages\/22745\/revisions"}],"predecessor-version":[{"id":24621,"href":"https:\/\/relaxsrl.com\/de\/wp-json\/wp\/v2\/pages\/22745\/revisions\/24621"}],"wp:featuredmedia":[{"embeddable":true,"href":"https:\/\/relaxsrl.com\/de\/wp-json\/wp\/v2\/media\/25662"}],"wp:attachment":[{"href":"https:\/\/relaxsrl.com\/de\/wp-json\/wp\/v2\/media?parent=22745"}],"curies":[{"name":"wp","href":"https:\/\/api.w.org\/{rel}","templated":true}]}}