{"id":22751,"date":"2022-08-10T17:01:11","date_gmt":"2022-08-10T15:01:11","guid":{"rendered":"https:\/\/relaxsrl.com\/anleitung-zur-auswahl\/dreiseitige-duschkabine\/"},"modified":"2025-11-12T16:45:22","modified_gmt":"2025-11-12T15:45:22","slug":"dreiseitige-duschkabine","status":"publish","type":"page","link":"https:\/\/relaxsrl.com\/de\/anleitung-zur-auswahl\/dreiseitige-duschkabine\/","title":{"rendered":"Dreiseitige Duschkabine"},"content":{"rendered":"<p>[vc_row full_width=&#8220;stretch_row&#8220; content_placement=&#8220;middle&#8220; el_class=&#8220;intro-row intro-row-grey&#8220;][vc_column][vc_column_text]<\/p>\n<h1>Dreiseitige Duschkabine<\/h1>\n<p>[\/vc_column_text][\/vc_column][\/vc_row][vc_row el_class=&#8220;row-path&#8220;][vc_column][vc_column_text][\/vc_column_text][\/vc_column][\/vc_row][vc_row][vc_column][vc_single_image image=&#8220;31251&#8243; img_size=&#8220;full&#8220;][\/vc_column][\/vc_row][vc_row][vc_column width=&#8220;1\/6&#8243;][\/vc_column][vc_column width=&#8220;2\/3&#8243;][vc_empty_space height=&#8220;40px&#8220;][vc_column_text el_class=&#8220;txt-blue abstract weight500&#8243;]Die dreiseitige Duschkabine, auch als Wandmitte bezeichnet, ist vielseitig einsetzbar f\u00fcr Modelle, \u00d6ff-nungen und Stilrichtungen und erm\u00f6glicht damit unz\u00e4hlige L\u00f6sungen, von den g\u00fcnstigsten zu teuers-ten.[\/vc_column_text][vc_empty_space height=&#8220;35px&#8220;][\/vc_column][\/vc_row][vc_row][vc_column width=&#8220;1\/6&#8243;][\/vc_column][vc_column width=&#8220;2\/3&#8243;][vc_column_text]<\/p>\n<ul>\n<li><a class=\"link-interno link-interno-paragrafo-1\" href=\"#\">Dreiseitige Duschkabine: Eigenschaften<\/a><\/li>\n<li><a class=\"link-interno link-interno-paragrafo-2\" href=\"#\">Dreiseitige Duschkabine: T\u00fcren<\/a><\/li>\n<li><a class=\"link-interno link-interno-paragrafo-3\" href=\"#\">Vorteile der dreiseitigen Dusche<\/a><\/li>\n<\/ul>\n<p>[\/vc_column_text][vc_empty_space height=&#8220;40px&#8220;][\/vc_column][\/vc_row][vc_row el_id=&#8220;paragrafo-1&#8243;][vc_column width=&#8220;1\/6&#8243;][\/vc_column][vc_column width=&#8220;2\/3&#8243;][vc_column_text]<\/p>\n<h2>Dreiseitige Duschkabine: Eigenschaften<\/h2>\n<p>Die dreiseitige Duschkabine besteht aus drei Glasscheiben, die an einer mittleren Wand befestigt sind. Deshalb ist die L\u00f6sung auch als Wand- und zentrale Duschkabine definiert. Es ist sicherlich der \u00e4sthetischste Vorschlag, denn es nutzt die Sch\u00f6nheit von dreiseitigem Glas. Das hei\u00dft nicht, dass es teuer sein muss, es kann ein luxuri\u00f6ses Duschzimmer sein, aber es bietet auch viele M\u00f6glichkeiten f\u00fcr g\u00fcnstige Duschkabinen.<br \/>\nAu\u00dferdem wird es h\u00e4ufig als L\u00f6sung zum Ersatz der Wanne verwendet.[\/vc_column_text][vc_empty_space height=&#8220;40px&#8220;][\/vc_column][\/vc_row][vc_row el_id=&#8220;paragrafo-2&#8243;][vc_column width=&#8220;1\/6&#8243;][\/vc_column][vc_column width=&#8220;2\/3&#8243;][vc_column_text]<\/p>\n<h2>Dreiseitige Duschkabine: T\u00fcren<\/h2>\n<ul>\n<li><strong> Walk-in <\/strong> f\u00fcr eine \u00e4sthetische L\u00f6sung mit gro\u00dfer Wirkung<\/li>\n<li><strong>Schiebet\u00fcr<\/strong> f\u00fcr eine praktische und sehr vielseitige L\u00f6sung, von wirtschaftlichen bis hin zu luxuri\u00f6sen Vorschl\u00e4gen<\/li>\n<li><strong>Fl\u00fcgelt\u00fcr<\/strong> f\u00fcr eine vielseitige und leicht zu reinigende L\u00f6sung mit Vorschl\u00e4gen aller Art, von wirtschaftlich bis luxuri\u00f6s<\/li>\n<li><strong>Pivoting<\/strong> f\u00fcr diejenigen, die eine Scharnierl\u00f6sung w\u00fcnschen und gleichzeitig die Gr\u00f6\u00dfe der T\u00fcr beim \u00d6ffnen reduzieren<\/li>\n<li><strong>Saloon<\/strong> f\u00fcr eine praktische, wirtschaftliche L\u00f6sung mit minimalem Platzbedarf<\/li>\n<li><strong>Faltt\u00fcre<\/strong> f\u00fcr eine wirtschaftliche und platzsparende L\u00f6sung, die eine vollst\u00e4ndige \u00d6ffnung der T\u00fcr ohne Behinderung nach au\u00dfen erfordert<\/li>\n<\/ul>\n<p>[\/vc_column_text][vc_empty_space height=&#8220;40px&#8220;][\/vc_column][\/vc_row][vc_row el_id=&#8220;paragrafo-3&#8243;][vc_column width=&#8220;1\/6&#8243;][\/vc_column][vc_column width=&#8220;2\/3&#8243;][vc_column_text]<\/p>\n<h2>Vorteile der Dreiseitige Duschkabine<\/h2>\n<p>Die dreiseitige Dusche erm\u00f6glicht <strong> sehr unterschiedliche L\u00f6sungen f\u00fcr Modelle, Stile, \u00d6ffnungsarten <\/strong> mit Duschabtrennungen, die beispielsweise aus zwei festen Gl\u00e4sern und einer Mittelt\u00fcr oder aus einem festen Glas und zwei Eckt\u00fcren bestehen . Sie ist oft <strong>entscheidend bei langen und sehr schmalen B\u00e4dern<\/strong>, weil sie die Mitte einer der beiden L\u00e4ngsw\u00e4nde ausnutzt und mit zwei Faltfaltt\u00fcren, mit denen sich die gesamte Wanddusche verschlie\u00dfen l\u00e4sst, sogar verschwinden k\u00f6nnte Einhausung und somit zur <strong> Optimierung der Innenr\u00e4ume <\/strong> des Raumes.[\/vc_column_text][vc_empty_space height=&#8220;40px&#8220;][\/vc_column][\/vc_row][vc_row][vc_column][vc_empty_space height=&#8220;50px&#8220;][vc_column_text]<\/p>\n<h3 style=\"text-align: center;\">Einige empfehlen die dreiseitige Duschkabine Relax<\/h3>\n<p>[\/vc_column_text][vc_empty_space height=&#8220;30px&#8220;]<div class=\"woocommerce columns-4 \"><ul class=\"products columns-4\">\n<li class=\"product type-product post-21208 status-publish first instock product_cat-3-cotes product_cat-3-lati-en product_cat-3-lati-fr product_cat-3-lati-de product_cat-3-lati-de-2 product_cat-3- product_cat----3- product_cat-selection-guide-3-sided product_cat-angolare-de product_cat-angolare-en product_cat-angulaire product_cat-box-doccia-de product_cat-box-doccia-en product_cat-cabine-de-douche product_cat-collections-en product_cat-collections product_cat-guida-alla-scelta-de product_cat-selection-guide-en product_cat-guide-de-selection product_cat-collezioni-de product_cat-tipologia-prodotto-de product_cat-tipologia-prodotto-en product_cat-type-de-produit product_cat-walk-in-en-5 product_cat-3-lati-walk-in-fr product_cat-walk-in-de-4 product_cat-walk-in-de-7 product_cat-walk-in-en-3 product_cat-walk-in-en product_cat-walk-in-de product_cat-angulaire-walk-in product_cat-walk-in-fr product_cat-wall-ru product_cat-wall-en product_cat-wall-fr product_cat-wall-de product_cat-1618 product_cat-1568 product_cat-3---- product_cat-1636 product_cat-1649 product_cat-1594 product_cat-1617 product_cat-1626 has-post-thumbnail shipping-taxable product-type-simple\">\n\t<div class=\"woocommerce-loop-product__short_description\" itemprop=\"description\"><a href=\"https:\/\/relaxsrl.com\/de\/produkt\/wall-a-wall-pf\/\" class=\"woocommerce-LoopProduct-link woocommerce-loop-product__link\"><p>Begehbare Duschabtrennung mit festem Spritzschutz.<\/p>\n<\/a><\/div><\/li>\n<\/ul>\n<\/div>[\/vc_column][\/vc_row][vc_row full_width=&#8220;stretch_row_content_no_spaces&#8220; equal_height=&#8220;yes&#8220; content_placement=&#8220;middle&#8220; el_class=&#8220;row-over-footer row-cta-over-footer&#8220;][vc_column width=&#8220;1\/2&#8243;][vc_single_image image=&#8220;32012&#8243; img_size=&#8220;full&#8220;][\/vc_column][vc_column width=&#8220;1\/2&#8243; css=&#8220;.vc_custom_1762962268810{background-image: url(https:\/\/relaxsrl.com\/website\/wp-content\/uploads\/2025\/11\/immagine-blur-CTA_3lati.jpg?id=32002) !important;background-position: center !important;background-repeat: no-repeat !important;background-size: cover !important;}&#8220; el_class=&#8220;row-cta-over-footer-col-text&#8220;][vc_row_inner][vc_column_inner width=&#8220;1\/4&#8243;][\/vc_column_inner][vc_column_inner width=&#8220;1\/2&#8243;][vc_column_text]<\/p>\n<h2 style=\"text-align: center;\">Relax dreiseitige Duschkabinen entdecken<\/h2>\n<p style=\"text-align: center;\">Nutzen Sie unseren Konfigurator, um alle dreiseitigen Relax-Duschkabinenvorschl\u00e4ge zu sehen.<\/p>\n<p>[\/vc_column_text][vc_btn title=&#8220;GEHE SIE ZUM KONFIGURATOR&#8220; style=&#8220;classic&#8220; shape=&#8220;square&#8220; color=&#8220;white&#8220; align=&#8220;center&#8220; el_class=&#8220;btn-default-white&#8220; link=&#8220;url:https%3A%2F%2Frelaxsrl.com%2Fde%2Fprodukte%2Fkonfigurator%2F|title:Konfigurator&#8220;][\/vc_column_inner][vc_column_inner width=&#8220;1\/4&#8243;][\/vc_column_inner][\/vc_row_inner][\/vc_column][\/vc_row]<\/p>\n","protected":false},"excerpt":{"rendered":"<p>[vc_row full_width=&#8220;stretch_row&#8220; content_placement=&#8220;middle&#8220; el_class=&#8220;intro-row intro-row-grey&#8220;][vc_column][vc_column_text] Dreiseitige Duschkabine [\/vc_column_text][\/vc_column][\/vc_row][vc_row el_class=&#8220;row-path&#8220;][vc_column][vc_column_text][\/vc_column_text][\/vc_column][\/vc_row][vc_row][vc_column][vc_single_image image=&#8220;31251&#8243; img_size=&#8220;full&#8220;][\/vc_column][\/vc_row][vc_row][vc_column width=&#8220;1\/6&#8243;][\/vc_column][vc_column width=&#8220;2\/3&#8243;][vc_empty_space height=&#8220;40px&#8220;][vc_column_text el_class=&#8220;txt-blue abstract weight500&#8243;]Die dreiseitige Duschkabine, auch als Wandmitte bezeichnet, ist vielseitig einsetzbar f\u00fcr Modelle, \u00d6ff-nungen und Stilrichtungen und erm\u00f6glicht damit unz\u00e4hlige L\u00f6sungen, von den g\u00fcnstigsten zu teuers-ten.[\/vc_column_text][vc_empty_space height=&#8220;35px&#8220;][\/vc_column][\/vc_row][vc_row][vc_column width=&#8220;1\/6&#8243;][\/vc_column][vc_column width=&#8220;2\/3&#8243;][vc_column_text] Dreiseitige Duschkabine: Eigenschaften Dreiseitige Duschkabine: T\u00fcren Vorteile der dreiseitigen Dusche [\/vc_column_text][vc_empty_space [&hellip;]<\/p>\n","protected":false},"author":3,"featured_media":31251,"parent":22678,"menu_order":0,"comment_status":"closed","ping_status":"closed","template":"","meta":[],"acf":[],"yoast_head":"<!-- This site is optimized with the Yoast SEO Premium plugin v18.4 (Yoast SEO v18.8) - https:\/\/yoast.com\/wordpress\/plugins\/seo\/ -->\n<title>Dreiseitige Duschkabine - Relax srl<\/title>\n<meta name=\"description\" content=\"Die dreiseitige Duschkabine, auch als Wandmitte bezeichnet, ist vielseitig einsetzbar f\u00fcr Modelle, \u00d6ff-nungen und Stilrichtungen und erm\u00f6glicht damit unz\u00e4hlige L\u00f6sungen, von den g\u00fcnstigsten zu teuers-ten.\" \/>\n<meta name=\"robots\" content=\"index, follow, max-snippet:-1, max-image-preview:large, max-video-preview:-1\" \/>\n<link rel=\"canonical\" href=\"https:\/\/relaxsrl.com\/de\/anleitung-zur-auswahl\/dreiseitige-duschkabine\/\" \/>\n<meta property=\"og:locale\" content=\"de_DE\" \/>\n<meta property=\"og:type\" content=\"article\" \/>\n<meta property=\"og:title\" content=\"Dreiseitige Duschkabine - Relax srl\" \/>\n<meta property=\"og:description\" content=\"Die dreiseitige Duschkabine, auch als Wandmitte bezeichnet, ist vielseitig einsetzbar f\u00fcr Modelle, \u00d6ff-nungen und Stilrichtungen und erm\u00f6glicht damit unz\u00e4hlige L\u00f6sungen, von den g\u00fcnstigsten zu teuers-ten.\" \/>\n<meta property=\"og:url\" content=\"https:\/\/relaxsrl.com\/de\/anleitung-zur-auswahl\/dreiseitige-duschkabine\/\" \/>\n<meta property=\"og:site_name\" content=\"Relax srl\" \/>\n<meta property=\"article:modified_time\" content=\"2025-11-12T15:45:22+00:00\" \/>\n<meta property=\"og:image\" content=\"https:\/\/relaxsrl.com\/website\/wp-content\/uploads\/2024\/11\/TIPO-BOX-DOCCIA_1.jpg\" \/>\n\t<meta property=\"og:image:width\" content=\"1920\" \/>\n\t<meta property=\"og:image:height\" content=\"1080\" \/>\n\t<meta property=\"og:image:type\" content=\"image\/jpeg\" \/>\n<meta name=\"twitter:card\" content=\"summary_large_image\" \/>\n<meta name=\"twitter:label1\" content=\"Gesch\u00e4tzte Lesezeit\" \/>\n\t<meta name=\"twitter:data1\" content=\"4 Minuten\" \/>\n<script type=\"application\/ld+json\" class=\"yoast-schema-graph\">{\"@context\":\"https:\/\/schema.org\",\"@graph\":[{\"@type\":\"WebSite\",\"@id\":\"https:\/\/relaxsrl.com\/#website\",\"url\":\"https:\/\/relaxsrl.com\/\",\"name\":\"Relax srl\",\"description\":\"\",\"potentialAction\":[{\"@type\":\"SearchAction\",\"target\":{\"@type\":\"EntryPoint\",\"urlTemplate\":\"https:\/\/relaxsrl.com\/?s={search_term_string}\"},\"query-input\":\"required name=search_term_string\"}],\"inLanguage\":\"de-DE\"},{\"@type\":\"ImageObject\",\"inLanguage\":\"de-DE\",\"@id\":\"https:\/\/relaxsrl.com\/de\/anleitung-zur-auswahl\/dreiseitige-duschkabine\/#primaryimage\",\"url\":\"https:\/\/relaxsrl.com\/website\/wp-content\/uploads\/2024\/11\/TIPO-BOX-DOCCIA_1.jpg\",\"contentUrl\":\"https:\/\/relaxsrl.com\/website\/wp-content\/uploads\/2024\/11\/TIPO-BOX-DOCCIA_1.jpg\",\"width\":1920,\"height\":1080},{\"@type\":\"WebPage\",\"@id\":\"https:\/\/relaxsrl.com\/de\/anleitung-zur-auswahl\/dreiseitige-duschkabine\/#webpage\",\"url\":\"https:\/\/relaxsrl.com\/de\/anleitung-zur-auswahl\/dreiseitige-duschkabine\/\",\"name\":\"Dreiseitige Duschkabine - Relax srl\",\"isPartOf\":{\"@id\":\"https:\/\/relaxsrl.com\/#website\"},\"primaryImageOfPage\":{\"@id\":\"https:\/\/relaxsrl.com\/de\/anleitung-zur-auswahl\/dreiseitige-duschkabine\/#primaryimage\"},\"datePublished\":\"2022-08-10T15:01:11+00:00\",\"dateModified\":\"2025-11-12T15:45:22+00:00\",\"description\":\"Die dreiseitige Duschkabine, auch als Wandmitte bezeichnet, ist vielseitig einsetzbar f\u00fcr Modelle, \u00d6ff-nungen und Stilrichtungen und erm\u00f6glicht damit unz\u00e4hlige L\u00f6sungen, von den g\u00fcnstigsten zu teuers-ten.\",\"breadcrumb\":{\"@id\":\"https:\/\/relaxsrl.com\/de\/anleitung-zur-auswahl\/dreiseitige-duschkabine\/#breadcrumb\"},\"inLanguage\":\"de-DE\",\"potentialAction\":[{\"@type\":\"ReadAction\",\"target\":[\"https:\/\/relaxsrl.com\/de\/anleitung-zur-auswahl\/dreiseitige-duschkabine\/\"]}]},{\"@type\":\"BreadcrumbList\",\"@id\":\"https:\/\/relaxsrl.com\/de\/anleitung-zur-auswahl\/dreiseitige-duschkabine\/#breadcrumb\",\"itemListElement\":[{\"@type\":\"ListItem\",\"position\":1,\"name\":\"Anleitung zur Auswahl\",\"item\":\"https:\/\/relaxsrl.com\/de\/anleitung-zur-auswahl\/\"},{\"@type\":\"ListItem\",\"position\":2,\"name\":\"Dreiseitige Duschkabine\"}]}]}<\/script>\n<!-- \/ Yoast SEO Premium plugin. -->","yoast_head_json":{"title":"Dreiseitige Duschkabine - Relax srl","description":"Die dreiseitige Duschkabine, auch als Wandmitte bezeichnet, ist vielseitig einsetzbar f\u00fcr Modelle, \u00d6ff-nungen und Stilrichtungen und erm\u00f6glicht damit unz\u00e4hlige L\u00f6sungen, von den g\u00fcnstigsten zu teuers-ten.","robots":{"index":"index","follow":"follow","max-snippet":"max-snippet:-1","max-image-preview":"max-image-preview:large","max-video-preview":"max-video-preview:-1"},"canonical":"https:\/\/relaxsrl.com\/de\/anleitung-zur-auswahl\/dreiseitige-duschkabine\/","og_locale":"de_DE","og_type":"article","og_title":"Dreiseitige Duschkabine - Relax srl","og_description":"Die dreiseitige Duschkabine, auch als Wandmitte bezeichnet, ist vielseitig einsetzbar f\u00fcr Modelle, \u00d6ff-nungen und Stilrichtungen und erm\u00f6glicht damit unz\u00e4hlige L\u00f6sungen, von den g\u00fcnstigsten zu teuers-ten.","og_url":"https:\/\/relaxsrl.com\/de\/anleitung-zur-auswahl\/dreiseitige-duschkabine\/","og_site_name":"Relax srl","article_modified_time":"2025-11-12T15:45:22+00:00","og_image":[{"width":1920,"height":1080,"url":"https:\/\/relaxsrl.com\/website\/wp-content\/uploads\/2024\/11\/TIPO-BOX-DOCCIA_1.jpg","type":"image\/jpeg"}],"twitter_card":"summary_large_image","twitter_misc":{"Gesch\u00e4tzte Lesezeit":"4 Minuten"},"schema":{"@context":"https:\/\/schema.org","@graph":[{"@type":"WebSite","@id":"https:\/\/relaxsrl.com\/#website","url":"https:\/\/relaxsrl.com\/","name":"Relax srl","description":"","potentialAction":[{"@type":"SearchAction","target":{"@type":"EntryPoint","urlTemplate":"https:\/\/relaxsrl.com\/?s={search_term_string}"},"query-input":"required name=search_term_string"}],"inLanguage":"de-DE"},{"@type":"ImageObject","inLanguage":"de-DE","@id":"https:\/\/relaxsrl.com\/de\/anleitung-zur-auswahl\/dreiseitige-duschkabine\/#primaryimage","url":"https:\/\/relaxsrl.com\/website\/wp-content\/uploads\/2024\/11\/TIPO-BOX-DOCCIA_1.jpg","contentUrl":"https:\/\/relaxsrl.com\/website\/wp-content\/uploads\/2024\/11\/TIPO-BOX-DOCCIA_1.jpg","width":1920,"height":1080},{"@type":"WebPage","@id":"https:\/\/relaxsrl.com\/de\/anleitung-zur-auswahl\/dreiseitige-duschkabine\/#webpage","url":"https:\/\/relaxsrl.com\/de\/anleitung-zur-auswahl\/dreiseitige-duschkabine\/","name":"Dreiseitige Duschkabine - Relax srl","isPartOf":{"@id":"https:\/\/relaxsrl.com\/#website"},"primaryImageOfPage":{"@id":"https:\/\/relaxsrl.com\/de\/anleitung-zur-auswahl\/dreiseitige-duschkabine\/#primaryimage"},"datePublished":"2022-08-10T15:01:11+00:00","dateModified":"2025-11-12T15:45:22+00:00","description":"Die dreiseitige Duschkabine, auch als Wandmitte bezeichnet, ist vielseitig einsetzbar f\u00fcr Modelle, \u00d6ff-nungen und Stilrichtungen und erm\u00f6glicht damit unz\u00e4hlige L\u00f6sungen, von den g\u00fcnstigsten zu teuers-ten.","breadcrumb":{"@id":"https:\/\/relaxsrl.com\/de\/anleitung-zur-auswahl\/dreiseitige-duschkabine\/#breadcrumb"},"inLanguage":"de-DE","potentialAction":[{"@type":"ReadAction","target":["https:\/\/relaxsrl.com\/de\/anleitung-zur-auswahl\/dreiseitige-duschkabine\/"]}]},{"@type":"BreadcrumbList","@id":"https:\/\/relaxsrl.com\/de\/anleitung-zur-auswahl\/dreiseitige-duschkabine\/#breadcrumb","itemListElement":[{"@type":"ListItem","position":1,"name":"Anleitung zur Auswahl","item":"https:\/\/relaxsrl.com\/de\/anleitung-zur-auswahl\/"},{"@type":"ListItem","position":2,"name":"Dreiseitige Duschkabine"}]}]}},"_links":{"self":[{"href":"https:\/\/relaxsrl.com\/de\/wp-json\/wp\/v2\/pages\/22751"}],"collection":[{"href":"https:\/\/relaxsrl.com\/de\/wp-json\/wp\/v2\/pages"}],"about":[{"href":"https:\/\/relaxsrl.com\/de\/wp-json\/wp\/v2\/types\/page"}],"author":[{"embeddable":true,"href":"https:\/\/relaxsrl.com\/de\/wp-json\/wp\/v2\/users\/3"}],"replies":[{"embeddable":true,"href":"https:\/\/relaxsrl.com\/de\/wp-json\/wp\/v2\/comments?post=22751"}],"version-history":[{"count":7,"href":"https:\/\/relaxsrl.com\/de\/wp-json\/wp\/v2\/pages\/22751\/revisions"}],"predecessor-version":[{"id":32020,"href":"https:\/\/relaxsrl.com\/de\/wp-json\/wp\/v2\/pages\/22751\/revisions\/32020"}],"up":[{"embeddable":true,"href":"https:\/\/relaxsrl.com\/de\/wp-json\/wp\/v2\/pages\/22678"}],"wp:featuredmedia":[{"embeddable":true,"href":"https:\/\/relaxsrl.com\/de\/wp-json\/wp\/v2\/media\/31251"}],"wp:attachment":[{"href":"https:\/\/relaxsrl.com\/de\/wp-json\/wp\/v2\/media?parent=22751"}],"curies":[{"name":"wp","href":"https:\/\/api.w.org\/{rel}","templated":true}]}}