{"id":22755,"date":"2022-08-10T17:05:50","date_gmt":"2022-08-10T15:05:50","guid":{"rendered":"https:\/\/relaxsrl.com\/anleitung-zur-auswahl\/duschkabine-walk-in\/"},"modified":"2022-11-15T11:16:14","modified_gmt":"2022-11-15T10:16:14","slug":"duschkabine-walk-in","status":"publish","type":"page","link":"https:\/\/relaxsrl.com\/de\/anleitung-zur-auswahl\/duschkabine-walk-in\/","title":{"rendered":"Duschkabine Walk-in"},"content":{"rendered":"<p>[vc_row full_width=&#8220;stretch_row&#8220; content_placement=&#8220;middle&#8220; el_class=&#8220;intro-row intro-row-grey&#8220;][vc_column][vc_column_text]<\/p>\n<h1>Duschkabine Walk-in<\/h1>\n<p>[\/vc_column_text][\/vc_column][\/vc_row][vc_row el_class=&#8220;row-path&#8220;][vc_column][vc_column_text][\/vc_column_text][\/vc_column][\/vc_row][vc_row][vc_column][vc_single_image image=&#8220;2194&#8243; img_size=&#8220;full&#8220;][\/vc_column][\/vc_row][vc_row][vc_column width=&#8220;1\/6&#8243;][\/vc_column][vc_column width=&#8220;2\/3&#8243;][vc_empty_space height=&#8220;40px&#8220;][vc_column_text el_class=&#8220;txt-blue abstract weight500&#8243;]Die Walk-in-Duschkabine, auch Glaskabine oder offene Duschkabine genannt, ist minimal und essentiell und zeichnet sich durch einen sofortigen Zugang aus, da sie keine T\u00fcr hat.[\/vc_column_text][vc_empty_space height=&#8220;35px&#8220;][\/vc_column][\/vc_row][vc_row][vc_column width=&#8220;1\/6&#8243;][\/vc_column][vc_column width=&#8220;2\/3&#8243;][vc_column_text]<\/p>\n<ul>\n<li><a class=\"link-interno link-interno-paragrafo-1\" href=\"#\">Eigenschaften der Walk-in Duschkabine<\/a><\/li>\n<li><a class=\"link-interno link-interno-paragrafo-2\" href=\"#\">Walk-in b\u00fcndig oder mit Stufe<\/a><\/li>\n<li><a class=\"link-interno link-interno-paragrafo-3\" href=\"#\">Vorteile der Walk-in Dusche<\/a><\/li>\n<li>Patente f\u00fcr Walk-in Relax\n<ul>\n<li><a class=\"link-interno link-interno-paragrafo-4\" href=\"#\">Oblique: Regale und Haltestange<\/a><\/li>\n<li><a class=\"link-interno link-interno-paragrafo-5\" href=\"#\">Bobox: Walk-in mit gebogenem Glas<\/a><\/li>\n<\/ul>\n<\/li>\n<\/ul>\n<p>[\/vc_column_text][vc_empty_space height=&#8220;40px&#8220;][\/vc_column][\/vc_row][vc_row el_id=&#8220;paragrafo-1&#8243;][vc_column width=&#8220;1\/6&#8243;][\/vc_column][vc_column width=&#8220;2\/3&#8243;][vc_column_text]<\/p>\n<h2>Eigenschaften der Walk-in Duschkabine<\/h2>\n<p>Die offene Walk-in-Dusche ist breit, begrenzt durch die Wand durch ein oder mehrere feste Fenster in der Mitte der Wand, in der Nische oder im Eckbereich, oft erg\u00e4nzt durch Design- oder bodenb\u00fcndige Duschplatten. Sie ist durch ihre Abwesenheit von T\u00fcren gekennzeichnet und verf\u00fcgt \u00fcber ein Profil, das an der Wand befestigt werden kann, sowie eine Haltestange, die der Stabilit\u00e4t des Glases bei einem Aufprall dient. Diese ist sehr vielseitig, aber erfordert ein wenig Achtsamkeit. Zum einen wird ein gewisser Platz ben\u00f6tigt, da das Glas-Separee aufgrund der fehlenden T\u00fcr ausreichend sein muss, um die Wasserspritzer auf dem Boden und den Outdoor-M\u00f6beln abzuschirmen. Zum anderen ist diese keine geeignete L\u00f6sung f\u00fcr kaltempfindliche Menschen, aufgrund der nichtvorhandenen T\u00fcren.<br \/>\nDie empfohlenen Ma\u00dfnahmen f\u00fcr einen Walk-In variieren:<\/p>\n<ul>\n<li>von 70 cm f\u00fcr ein kleines Badezimmer bis zu 180 cm L\u00e4nge<\/li>\n<li>von 70 bis 100 cm Tiefe<\/li>\n<li>von 200 bis 230 cm H\u00f6he<\/li>\n<\/ul>\n<p>[\/vc_column_text][vc_empty_space height=&#8220;40px&#8220;][\/vc_column][\/vc_row][vc_row el_id=&#8220;paragrafo-2&#8243;][vc_column width=&#8220;1\/6&#8243;][\/vc_column][vc_column width=&#8220;2\/3&#8243;][vc_column_text]<\/p>\n<h2>Walk-in b\u00fcndig oder mit einer Stufe<\/h2>\n<p>Die Walk-in-Kabine kann bodenb\u00fcndig oder \u00fcber dem Boden montiert werden. Im ersten Fall ist es ideal f\u00fcr Menschen mit eingeschr\u00e4nkten motorischen M\u00f6glichkeiten und hat auf jeden Fall einen gr\u00f6\u00dferen Einfluss auf die Optik. Alternativ kann man diese auch auf einer Duschplatte \u00fcber dem Boden anbringen . In beiden F\u00e4llen muss es mit einem wasserabweisenden Material wie Silikon versiegelt werden.[\/vc_column_text][vc_empty_space height=&#8220;40px&#8220;][\/vc_column][\/vc_row][vc_row el_id=&#8220;paragrafo-3&#8243;][vc_column width=&#8220;1\/6&#8243;][\/vc_column][vc_column width=&#8220;2\/3&#8243;][vc_column_text]<\/p>\n<h2>Vorteile der Walk-in Dusche<\/h2>\n<p>Die minimalistische Walk-in-Duschkabine ist perfekt f\u00fcr alle, die nach einer eleganten L\u00f6sung und mehr Platz als die klassische Duschkabine suchen. In diesem Sinne ist die bodenb\u00fcndige und ohne Eind\u00e4mmungsprofile Walk-in-Dusche ideal f\u00fcr Menschen mit eingeschr\u00e4nkter Motorik.<br \/>\nZudem ist diese sehr schnell zu reinigen, da es aus wenigen Teilen, insbesondere wenigen Profilen, besteht. Und schlie\u00dflich ist es f\u00fcr alle, die ihre Glasscheiben selbst gestalten m\u00f6chten, denn neben den herk\u00f6mmlichen durchsichtigen Glasscheiben, die f\u00fcr Sauberkeit und Raumtiefe sorgen, gibt es viele Alternativen, von Rauchglas \u00fcber Satinglas bis hin zu Siebglas.[\/vc_column_text][vc_empty_space height=&#8220;40px&#8220;][\/vc_column][\/vc_row][vc_row][vc_column width=&#8220;1\/6&#8243;][\/vc_column][vc_column width=&#8220;2\/3&#8243;][vc_column_text]<\/p>\n<h2>Patente f\u00fcr Walk-in Relax<\/h2>\n<p>[\/vc_column_text][vc_empty_space height=&#8220;20px&#8220;][\/vc_column][\/vc_row][vc_row el_id=&#8220;paragrafo-4&#8243;][vc_column width=&#8220;1\/6&#8243;][\/vc_column][vc_column width=&#8220;2\/3&#8243;][vc_column_text]<\/p>\n<h3>Oblique : Ablage und Haltestange<\/h3>\n<p>Dier patentierte Relax-Oblique-Regal ersetzt die Supportstange des Walks zugunsten der \u00c4sthetik und auch der Funktionalit\u00e4t, denn sie erm\u00f6glicht die Nutzung des Walk-In auch in Einzelf\u00e4llen wie der Dusche, die ein Fenster miteinbeschlie\u00dft, der Dusche im Dachgeschoss, mit nur einer Wand, hohen Decken und Gipskartonplatten. Durch seine Verstellbarkeit passt es sich an nicht senkrechte W\u00e4nde an.[\/vc_column_text][vc_empty_space height=&#8220;20px&#8220;][\/vc_column][\/vc_row][vc_row el_id=&#8220;paragrafo-5&#8243;][vc_column width=&#8220;1\/6&#8243;][\/vc_column][vc_column width=&#8220;2\/3&#8243;][vc_column_text]<\/p>\n<h3>Bobox: Walk-in mit gebogenem Glas<\/h3>\n<p>Bobox ist ein \u00e4sthetischer Relax-Patent. Er vereint Design, Technologie und Innovation, um die Herausforderung der 8mm Drehung zu meistern und ein bequemes und kuscheliges, Produkt mit minimalistischem Design zu kreieren. Die Kurven sind auch funktional, da sie das Entweichen von Wasser begrenzen. Mit einer Vielzahl an Gr\u00f6\u00dfen und Ausstattungen bietet Bobox viele L\u00f6sungen, darunter die Evolution in einer eckigen Duschkabine mit T\u00fcr, die auch sp\u00e4ter als Walk-in montiert werden kann.[\/vc_column_text][vc_empty_space height=&#8220;40px&#8220;][\/vc_column][\/vc_row][vc_row][vc_column][vc_empty_space height=&#8220;50px&#8220;][vc_column_text]<\/p>\n<h3 style=\"text-align: center;\">Einige Beispiele Walk-in Relax Duschkabinen<\/h3>\n<p>[\/vc_column_text][vc_empty_space height=&#8220;30px&#8220;]<div class=\"woocommerce columns-4 \"><ul class=\"products columns-4\">\n<li class=\"product type-product post-21217 status-publish first instock product_cat-3-lati-de product_cat-3-lati-en product_cat-3-lati-fr product_cat-3- product_cat-angolare-de product_cat-angolare-en product_cat-angulaire product_cat-bobox-en product_cat-bobox-fr product_cat-bobox-ru product_cat-bobox-de product_cat-box-doccia-en product_cat-box-doccia-de product_cat-cabine-de-douche product_cat-collections product_cat-collections-en product_cat-guida-alla-scelta-de product_cat-selection-guide-en product_cat-guide-de-selection product_cat-collezioni-de product_cat-tipologia-prodotto-de product_cat-tipologia-prodotto-en product_cat-type-de-produit product_cat-3-lati-walk-in-fr product_cat-walk-in-de-4 product_cat-walk-in-en-5 product_cat-walk-in-de product_cat-guide-de-selection-walk-in product_cat-walk-in-en product_cat-walk-in-de-5 product_cat-walk-in-en-3 product_cat-walk-in-en-2 product_cat-walk-in-de-7 product_cat-angulaire-walk-in product_cat-walk-in-fr product_cat-1618 product_cat-1568 product_cat-1636 product_cat-1649 product_cat-3---- product_cat-1615 product_cat-1594 product_cat-1617 product_cat-1626 has-post-thumbnail shipping-taxable product-type-simple\">\n\t<div class=\"woocommerce-loop-product__short_description\" itemprop=\"description\"><a href=\"https:\/\/relaxsrl.com\/de\/produkt\/bobox-a\/\" class=\"woocommerce-LoopProduct-link woocommerce-loop-product__link\"><p>Begehbare Duschkabine, die sich durch das abgerundete Glas auszeichnet.<\/p>\n<\/a><\/div><\/li>\n<li class=\"product type-product post-21214 status-publish instock product_cat-3-lati-fr product_cat-3-lati-de product_cat-3-lati-en product_cat-3- product_cat-angolare-de product_cat-angolare-en product_cat-angulaire product_cat-box-doccia-de product_cat-box-doccia-en product_cat-box-doccia-industriale product_cat-cabina-doccia-per-2 product_cat-cabine-de-douche product_cat-guide-de-selection-cabine-de-douche-pour-2 product_cat-guide-de-selection-cabines-de-douche-industrielles product_cat-collections product_cat-collections-en product_cat-guida-alla-scelta-de product_cat-selection-guide-en product_cat-guide-de-selection product_cat-selection-guide product_cat-collezioni-de product_cat-selection-guide-shower-enclosure-for-2 product_cat-tipologia-prodotto-de product_cat-tipologia-prodotto-en product_cat-type-de-produit product_cat-walk-in-en-5 product_cat-3-lati-walk-in-fr product_cat-walk-in-de-4 product_cat-walk-in-fr product_cat-guide-de-selection-walk-in product_cat-walk-in-en-3 product_cat-walk-in-en product_cat-walk-in-de-7 product_cat-walk-in-de-5 product_cat-walk-in-de product_cat-walk-in-en-2 product_cat-angulaire-walk-in product_cat-wall-fr product_cat-wall-en product_cat-wall-de product_cat-wall-ru product_cat-1618 product_cat------x-2 product_cat-1568 product_cat-1599 product_cat-3---- product_cat-1615 product_cat-1636 product_cat-1649 product_cat-1594 product_cat-1617 product_cat-1626 has-post-thumbnail shipping-taxable product-type-simple\">\n\t<div class=\"woocommerce-loop-product__short_description\" itemprop=\"description\"><a href=\"https:\/\/relaxsrl.com\/de\/produkt\/wall-a\/\" class=\"woocommerce-LoopProduct-link woocommerce-loop-product__link\"><p>Traditionelle begehbare Duschkabine, die von einer Metallstange getragen wird.<\/p>\n<\/a><\/div><\/li>\n<li class=\"product type-product post-20992 status-publish instock product_cat-collections-en product_cat-collections product_cat-complementi-de product_cat-complements product_cat-complements-fr product_cat-guida-alla-scelta-de product_cat-selection-guide-en product_cat-guide-de-selection product_cat-oblique-de product_cat-oblique-en product_cat-oblique-ru product_cat-oblique-fr product_cat-collezioni-de product_cat-tipologia-prodotto-de product_cat-tipologia-prodotto-en product_cat-type-de-produit product_cat-guide-de-selection-walk-in product_cat-walk-in-de-5 product_cat-walk-in-en-2 product_cat-1650 product_cat-1568 product_cat-1615 product_cat-1594 product_cat-1617 has-post-thumbnail shipping-taxable product-type-simple\">\n\t<div class=\"woocommerce-loop-product__short_description\" itemprop=\"description\"><a href=\"https:\/\/relaxsrl.com\/de\/produkt\/oblique-mv\/\" class=\"woocommerce-LoopProduct-link woocommerce-loop-product__link\"><p>Regal mit stabilisierender Funktion. Erh\u00e4ltlich in Stahl oder Mineralwerkstoff.<\/p>\n<\/a><\/div><\/li>\n<\/ul>\n<\/div>[\/vc_column][\/vc_row][vc_row full_width=&#8220;stretch_row_content_no_spaces&#8220; equal_height=&#8220;yes&#8220; content_placement=&#8220;middle&#8220; el_class=&#8220;row-over-footer row-cta-over-footer&#8220;][vc_column width=&#8220;1\/2&#8243;][vc_single_image image=&#8220;2198&#8243; img_size=&#8220;full&#8220;][\/vc_column][vc_column width=&#8220;1\/2&#8243; css=&#8220;.vc_custom_1632904437783{background-image: url(http:\/\/relaxsrl.com\/wp-content\/uploads\/2021\/09\/cta-walk-in-opaco.jpg?id=2199) !important;background-position: center !important;background-repeat: no-repeat !important;background-size: cover !important;}&#8220; el_class=&#8220;row-cta-over-footer-col-text&#8220;][vc_row_inner][vc_column_inner width=&#8220;1\/4&#8243;][\/vc_column_inner][vc_column_inner width=&#8220;1\/2&#8243;][vc_column_text]<\/p>\n<h2 style=\"text-align: center;\">Duschkabinen Walk-in Relax entdecken<\/h2>\n<p style=\"text-align: center;\">Mit unserem Konfigurator finden Sie alle L\u00f6sungen f\u00fcr die Walk-in-Duschen von Relax.<\/p>\n<p>[\/vc_column_text][vc_btn title=&#8220;GEHE SIE ZUM KONFIGURATOR&#8220; style=&#8220;classic&#8220; shape=&#8220;square&#8220; color=&#8220;white&#8220; align=&#8220;center&#8220; el_class=&#8220;btn-default-white&#8220; link=&#8220;url:https%3A%2F%2Frelaxsrl.com%2Fde%2Fprodukte%2Fkonfigurator%2F|title:Konfigurator&#8220;][\/vc_column_inner][vc_column_inner width=&#8220;1\/4&#8243;][\/vc_column_inner][\/vc_row_inner][\/vc_column][\/vc_row]<\/p>\n","protected":false},"excerpt":{"rendered":"<p>[vc_row full_width=&#8220;stretch_row&#8220; content_placement=&#8220;middle&#8220; el_class=&#8220;intro-row intro-row-grey&#8220;][vc_column][vc_column_text] Duschkabine Walk-in [\/vc_column_text][\/vc_column][\/vc_row][vc_row el_class=&#8220;row-path&#8220;][vc_column][vc_column_text][\/vc_column_text][\/vc_column][\/vc_row][vc_row][vc_column][vc_single_image image=&#8220;2194&#8243; img_size=&#8220;full&#8220;][\/vc_column][\/vc_row][vc_row][vc_column width=&#8220;1\/6&#8243;][\/vc_column][vc_column width=&#8220;2\/3&#8243;][vc_empty_space height=&#8220;40px&#8220;][vc_column_text el_class=&#8220;txt-blue abstract weight500&#8243;]Die Walk-in-Duschkabine, auch Glaskabine oder offene Duschkabine genannt, ist minimal und essentiell und zeichnet sich durch einen sofortigen Zugang aus, da sie keine T\u00fcr hat.[\/vc_column_text][vc_empty_space height=&#8220;35px&#8220;][\/vc_column][\/vc_row][vc_row][vc_column width=&#8220;1\/6&#8243;][\/vc_column][vc_column width=&#8220;2\/3&#8243;][vc_column_text] Eigenschaften der Walk-in Duschkabine Walk-in b\u00fcndig oder mit Stufe Vorteile der [&hellip;]<\/p>\n","protected":false},"author":3,"featured_media":2194,"parent":22678,"menu_order":0,"comment_status":"closed","ping_status":"closed","template":"","meta":[],"acf":[],"yoast_head":"<!-- This site is optimized with the Yoast SEO Premium plugin v18.4 (Yoast SEO v18.8) - https:\/\/yoast.com\/wordpress\/plugins\/seo\/ -->\n<title>Duschkabine Walk-in prodotti in Italia<\/title>\n<meta name=\"description\" content=\"Die Walk-in-Duschkabine, auch Glaskabine oder offene Duschkabine genannt, ist minimal und essentiell und zeichnet sich durch einen sofortigen Zugang aus, da sie keine T\u00fcr hat.\" \/>\n<meta name=\"robots\" content=\"index, follow, max-snippet:-1, max-image-preview:large, max-video-preview:-1\" \/>\n<link rel=\"canonical\" href=\"https:\/\/relaxsrl.com\/de\/anleitung-zur-auswahl\/duschkabine-walk-in\/\" \/>\n<meta property=\"og:locale\" content=\"de_DE\" \/>\n<meta property=\"og:type\" content=\"article\" \/>\n<meta property=\"og:title\" content=\"Duschkabine Walk-in prodotti in Italia\" \/>\n<meta property=\"og:description\" content=\"Die Walk-in-Duschkabine, auch Glaskabine oder offene Duschkabine genannt, ist minimal und essentiell und zeichnet sich durch einen sofortigen Zugang aus, da sie keine T\u00fcr hat.\" \/>\n<meta property=\"og:url\" content=\"https:\/\/relaxsrl.com\/de\/anleitung-zur-auswahl\/duschkabine-walk-in\/\" \/>\n<meta property=\"og:site_name\" content=\"Relax srl\" \/>\n<meta property=\"article:modified_time\" content=\"2022-11-15T10:16:14+00:00\" \/>\n<meta name=\"twitter:card\" content=\"summary_large_image\" \/>\n<meta name=\"twitter:label1\" content=\"Gesch\u00e4tzte Lesezeit\" \/>\n\t<meta name=\"twitter:data1\" content=\"5 Minuten\" \/>\n<script type=\"application\/ld+json\" class=\"yoast-schema-graph\">{\"@context\":\"https:\/\/schema.org\",\"@graph\":[{\"@type\":\"WebSite\",\"@id\":\"https:\/\/relaxsrl.com\/#website\",\"url\":\"https:\/\/relaxsrl.com\/\",\"name\":\"Relax srl\",\"description\":\"\",\"potentialAction\":[{\"@type\":\"SearchAction\",\"target\":{\"@type\":\"EntryPoint\",\"urlTemplate\":\"https:\/\/relaxsrl.com\/?s={search_term_string}\"},\"query-input\":\"required name=search_term_string\"}],\"inLanguage\":\"de-DE\"},{\"@type\":\"ImageObject\",\"inLanguage\":\"de-DE\",\"@id\":\"https:\/\/relaxsrl.com\/de\/anleitung-zur-auswahl\/duschkabine-walk-in\/#primaryimage\",\"url\":\"https:\/\/relaxsrl.com\/website\/wp-content\/uploads\/2021\/09\/BOBOX_A_4.jpg\",\"contentUrl\":\"https:\/\/relaxsrl.com\/website\/wp-content\/uploads\/2021\/09\/BOBOX_A_4.jpg\",\"width\":1800,\"height\":1200,\"caption\":\"Begehbare Duschabtrennung in Nische mit europ\u00e4ischem Grauglas\"},{\"@type\":\"WebPage\",\"@id\":\"https:\/\/relaxsrl.com\/de\/anleitung-zur-auswahl\/duschkabine-walk-in\/#webpage\",\"url\":\"https:\/\/relaxsrl.com\/de\/anleitung-zur-auswahl\/duschkabine-walk-in\/\",\"name\":\"Duschkabine Walk-in prodotti in Italia\",\"isPartOf\":{\"@id\":\"https:\/\/relaxsrl.com\/#website\"},\"primaryImageOfPage\":{\"@id\":\"https:\/\/relaxsrl.com\/de\/anleitung-zur-auswahl\/duschkabine-walk-in\/#primaryimage\"},\"datePublished\":\"2022-08-10T15:05:50+00:00\",\"dateModified\":\"2022-11-15T10:16:14+00:00\",\"description\":\"Die Walk-in-Duschkabine, auch Glaskabine oder offene Duschkabine genannt, ist minimal und essentiell und zeichnet sich durch einen sofortigen Zugang aus, da sie keine T\u00fcr hat.\",\"breadcrumb\":{\"@id\":\"https:\/\/relaxsrl.com\/de\/anleitung-zur-auswahl\/duschkabine-walk-in\/#breadcrumb\"},\"inLanguage\":\"de-DE\",\"potentialAction\":[{\"@type\":\"ReadAction\",\"target\":[\"https:\/\/relaxsrl.com\/de\/anleitung-zur-auswahl\/duschkabine-walk-in\/\"]}]},{\"@type\":\"BreadcrumbList\",\"@id\":\"https:\/\/relaxsrl.com\/de\/anleitung-zur-auswahl\/duschkabine-walk-in\/#breadcrumb\",\"itemListElement\":[{\"@type\":\"ListItem\",\"position\":1,\"name\":\"Anleitung zur Auswahl\",\"item\":\"https:\/\/relaxsrl.com\/de\/anleitung-zur-auswahl\/\"},{\"@type\":\"ListItem\",\"position\":2,\"name\":\"Duschkabine Walk-in\"}]}]}<\/script>\n<!-- \/ Yoast SEO Premium plugin. -->","yoast_head_json":{"title":"Duschkabine Walk-in prodotti in Italia","description":"Die Walk-in-Duschkabine, auch Glaskabine oder offene Duschkabine genannt, ist minimal und essentiell und zeichnet sich durch einen sofortigen Zugang aus, da sie keine T\u00fcr hat.","robots":{"index":"index","follow":"follow","max-snippet":"max-snippet:-1","max-image-preview":"max-image-preview:large","max-video-preview":"max-video-preview:-1"},"canonical":"https:\/\/relaxsrl.com\/de\/anleitung-zur-auswahl\/duschkabine-walk-in\/","og_locale":"de_DE","og_type":"article","og_title":"Duschkabine Walk-in prodotti in Italia","og_description":"Die Walk-in-Duschkabine, auch Glaskabine oder offene Duschkabine genannt, ist minimal und essentiell und zeichnet sich durch einen sofortigen Zugang aus, da sie keine T\u00fcr hat.","og_url":"https:\/\/relaxsrl.com\/de\/anleitung-zur-auswahl\/duschkabine-walk-in\/","og_site_name":"Relax srl","article_modified_time":"2022-11-15T10:16:14+00:00","twitter_card":"summary_large_image","twitter_misc":{"Gesch\u00e4tzte Lesezeit":"5 Minuten"},"schema":{"@context":"https:\/\/schema.org","@graph":[{"@type":"WebSite","@id":"https:\/\/relaxsrl.com\/#website","url":"https:\/\/relaxsrl.com\/","name":"Relax srl","description":"","potentialAction":[{"@type":"SearchAction","target":{"@type":"EntryPoint","urlTemplate":"https:\/\/relaxsrl.com\/?s={search_term_string}"},"query-input":"required name=search_term_string"}],"inLanguage":"de-DE"},{"@type":"ImageObject","inLanguage":"de-DE","@id":"https:\/\/relaxsrl.com\/de\/anleitung-zur-auswahl\/duschkabine-walk-in\/#primaryimage","url":"https:\/\/relaxsrl.com\/website\/wp-content\/uploads\/2021\/09\/BOBOX_A_4.jpg","contentUrl":"https:\/\/relaxsrl.com\/website\/wp-content\/uploads\/2021\/09\/BOBOX_A_4.jpg","width":1800,"height":1200,"caption":"Begehbare Duschabtrennung in Nische mit europ\u00e4ischem Grauglas"},{"@type":"WebPage","@id":"https:\/\/relaxsrl.com\/de\/anleitung-zur-auswahl\/duschkabine-walk-in\/#webpage","url":"https:\/\/relaxsrl.com\/de\/anleitung-zur-auswahl\/duschkabine-walk-in\/","name":"Duschkabine Walk-in prodotti in Italia","isPartOf":{"@id":"https:\/\/relaxsrl.com\/#website"},"primaryImageOfPage":{"@id":"https:\/\/relaxsrl.com\/de\/anleitung-zur-auswahl\/duschkabine-walk-in\/#primaryimage"},"datePublished":"2022-08-10T15:05:50+00:00","dateModified":"2022-11-15T10:16:14+00:00","description":"Die Walk-in-Duschkabine, auch Glaskabine oder offene Duschkabine genannt, ist minimal und essentiell und zeichnet sich durch einen sofortigen Zugang aus, da sie keine T\u00fcr hat.","breadcrumb":{"@id":"https:\/\/relaxsrl.com\/de\/anleitung-zur-auswahl\/duschkabine-walk-in\/#breadcrumb"},"inLanguage":"de-DE","potentialAction":[{"@type":"ReadAction","target":["https:\/\/relaxsrl.com\/de\/anleitung-zur-auswahl\/duschkabine-walk-in\/"]}]},{"@type":"BreadcrumbList","@id":"https:\/\/relaxsrl.com\/de\/anleitung-zur-auswahl\/duschkabine-walk-in\/#breadcrumb","itemListElement":[{"@type":"ListItem","position":1,"name":"Anleitung zur Auswahl","item":"https:\/\/relaxsrl.com\/de\/anleitung-zur-auswahl\/"},{"@type":"ListItem","position":2,"name":"Duschkabine Walk-in"}]}]}},"_links":{"self":[{"href":"https:\/\/relaxsrl.com\/de\/wp-json\/wp\/v2\/pages\/22755"}],"collection":[{"href":"https:\/\/relaxsrl.com\/de\/wp-json\/wp\/v2\/pages"}],"about":[{"href":"https:\/\/relaxsrl.com\/de\/wp-json\/wp\/v2\/types\/page"}],"author":[{"embeddable":true,"href":"https:\/\/relaxsrl.com\/de\/wp-json\/wp\/v2\/users\/3"}],"replies":[{"embeddable":true,"href":"https:\/\/relaxsrl.com\/de\/wp-json\/wp\/v2\/comments?post=22755"}],"version-history":[{"count":4,"href":"https:\/\/relaxsrl.com\/de\/wp-json\/wp\/v2\/pages\/22755\/revisions"}],"predecessor-version":[{"id":24448,"href":"https:\/\/relaxsrl.com\/de\/wp-json\/wp\/v2\/pages\/22755\/revisions\/24448"}],"up":[{"embeddable":true,"href":"https:\/\/relaxsrl.com\/de\/wp-json\/wp\/v2\/pages\/22678"}],"wp:featuredmedia":[{"embeddable":true,"href":"https:\/\/relaxsrl.com\/de\/wp-json\/wp\/v2\/media\/2194"}],"wp:attachment":[{"href":"https:\/\/relaxsrl.com\/de\/wp-json\/wp\/v2\/media?parent=22755"}],"curies":[{"name":"wp","href":"https:\/\/api.w.org\/{rel}","templated":true}]}}