{"id":22763,"date":"2022-08-10T17:11:26","date_gmt":"2022-08-10T15:11:26","guid":{"rendered":"https:\/\/relaxsrl.com\/anleitung-zur-auswahl\/kleine-duschkabine\/"},"modified":"2024-11-18T14:18:26","modified_gmt":"2024-11-18T13:18:26","slug":"kleine-duschkabine","status":"publish","type":"page","link":"https:\/\/relaxsrl.com\/de\/anleitung-zur-auswahl\/kleine-duschkabine\/","title":{"rendered":"Kleine Duschkabine"},"content":{"rendered":"<p>[vc_row full_width=&#8220;stretch_row&#8220; content_placement=&#8220;middle&#8220; el_class=&#8220;intro-row intro-row-grey&#8220;][vc_column][vc_column_text]<\/p>\n<h1>Kleine Duschkabine<\/h1>\n<p>[\/vc_column_text][\/vc_column][\/vc_row][vc_row el_class=&#8220;row-path&#8220;][vc_column][vc_column_text][\/vc_column_text][\/vc_column][\/vc_row][vc_row][vc_column][vc_single_image image=&#8220;2551&#8243; img_size=&#8220;full&#8220;][\/vc_column][\/vc_row][vc_row][vc_column width=&#8220;1\/6&#8243;][\/vc_column][vc_column width=&#8220;2\/3&#8243;][vc_empty_space height=&#8220;40px&#8220;][vc_column_text el_class=&#8220;txt-blue abstract weight500&#8243;]Auch die kleine Duschkabine ist begehbar, alles h\u00e4ngt von der Optik und den L\u00f6sungen ab. Besonders geeignet sind Schiebe-, Fl\u00fcgel-, Falt- und Saloon-\u00d6ffnungen.[\/vc_column_text][vc_empty_space height=&#8220;35px&#8220;][\/vc_column][\/vc_row][vc_row][vc_column width=&#8220;1\/6&#8243;][\/vc_column][vc_column width=&#8220;2\/3&#8243;][vc_column_text]<\/p>\n<ul>\n<li><a class=\"link-interno link-interno-paragrafo-1\" href=\"#\">Wann eine Duschkabine klein ist?<\/a><\/li>\n<li>Die besten \u00d6ffnungen f\u00fcr die kleine Duschkabine\n<ul>\n<li><a class=\"link-interno link-interno-paragrafo-2\" href=\"#\">Duschkabine klein, Schiebet\u00fcren<\/a><\/li>\n<li><a class=\"link-interno link-interno-paragrafo-3\" href=\"#\">Duschkabine klein, Fl\u00fcgelt\u00fcren<\/a><\/li>\n<li><a class=\"link-interno link-interno-paragrafo-4\" href=\"#\">Box doccia piccolo, ante a soffietto<\/a><\/li>\n<li><a class=\"link-interno link-interno-paragrafo-5\" href=\"#\">Duschkabine klein, Faltt\u00fcre<\/a><\/li>\n<\/ul>\n<\/li>\n<\/ul>\n<p>[\/vc_column_text][vc_empty_space height=&#8220;40px&#8220;][\/vc_column][\/vc_row][vc_row el_id=&#8220;paragrafo-1&#8243;][vc_column width=&#8220;1\/6&#8243;][\/vc_column][vc_column width=&#8220;2\/3&#8243;][vc_column_text]<\/p>\n<h2>Wann eine Duschkabine klein ist?<\/h2>\n<p>Man bezeichnet eine Kabine als klein wenn sie folgende Ma\u00dfen hat:<\/p>\n<ul>\n<li>70&#215;70 cm<\/li>\n<li>70&#215;90 cm<\/li>\n<li>70&#215;80 cm<\/li>\n<li>80&#215;80 cm<\/li>\n<\/ul>\n<p>Glauben Sie nicht, dass die kleine Duschkabine in den L\u00f6sungen eingeschr\u00e4nkt ist, dass sie unbedeutend ist oder dass sie f\u00fcr eine billige Duschkabine steht. Es kann auf unterschiedliche Weise und mit unterschiedlichen Oberfl\u00e4chen von Aluminium und Glas wieder dekliniert werden, so dass es sich auch in hochwertigen B\u00e4dern perfekt integrieren l\u00e4sst.[\/vc_column_text][vc_empty_space height=&#8220;40px&#8220;][\/vc_column][\/vc_row][vc_row][vc_column width=&#8220;1\/6&#8243;][\/vc_column][vc_column width=&#8220;2\/3&#8243;][vc_column_text]<\/p>\n<h2>Die besten \u00d6ffnungen f\u00fcr die kleine Duschkabine<\/h2>\n<p>[\/vc_column_text][vc_empty_space height=&#8220;20px&#8220;][\/vc_column][\/vc_row][vc_row el_id=&#8220;paragrafo-2&#8243;][vc_column width=&#8220;1\/6&#8243;][\/vc_column][vc_column width=&#8220;2\/3&#8243;][vc_column_text]<\/p>\n<h3>Kleine Duschkabine, Schiebet\u00fcren<\/h3>\n<p>Aufgrund der Abmessungen der Kabine d\u00fcrfen nur Schiebet\u00fcren verwendet werden, bei denen beide T\u00fcren zum Schieben sind, so dass gen\u00fcgend Eingabefl\u00e4che vorhanden ist. Denn die Schiebet\u00fcr besteht aus zwei Teilen, einem Teil mit einer festen Seite und einer die eben geschoben werden kann. Wenn man die Dicke des Profils betrachtet, das fixiert wird, betr\u00e4gt der Freiraum auf jeder Seite weniger als die H\u00e4lfte (auf einer 70-Zentimeter-Seite 30 cm). Bei Verwendung der Schiebet\u00fcr f\u00fcr beide T\u00fcren erreichen Sie bis zu 45 cm Einlass, was das Minimum f\u00fcr den Zugang zu einer Dusche ist.[\/vc_column_text][vc_empty_space height=&#8220;20px&#8220;][\/vc_column][\/vc_row][vc_row el_id=&#8220;paragrafo-3&#8243;][vc_column width=&#8220;1\/6&#8243;][\/vc_column][vc_column width=&#8220;2\/3&#8243;][vc_column_text]<\/p>\n<h3>Kleine Duschkabine, Fl\u00fcgelt\u00fcren<\/h3>\n<p>Die Fl\u00fcgelt\u00fcrt\u00fcr ist eine gute L\u00f6sung, da der Eingang fast komplett zug\u00e4nglich ist. Es muss jedoch auf die Platzverh\u00e4ltnisse in der N\u00e4he geachtet werden, wie Sanit\u00e4ranlagen, M\u00f6bel oder Waschmaschinen und dergleichen, da es sich um eine T\u00fcr handelt, die Platz im Freien einnimmt. Es sieht banal aus, aber die Leute erkennen oft, sobald alles installiert ist, dass die R\u00e4ume wenig nutzbar sind. Tipp: Untersuchen Sie die Badezimmerkarte gut und berechnen Sie die Abst\u00e4nde.[\/vc_column_text][vc_empty_space height=&#8220;20px&#8220;][\/vc_column][\/vc_row][vc_row el_id=&#8220;paragrafo-4&#8243;][vc_column width=&#8220;1\/6&#8243;][\/vc_column][vc_column width=&#8220;2\/3&#8243;][vc_column_text]<\/p>\n<h3>Kleine Duschkabine, Faltt\u00fcren<\/h3>\n<p>Eine kleine Dusche mit Falten\u00f6ffnung, auch bekannt als Buch-, Akkordeon- oder Einklappblech-\u00d6ffnung, ist eine h\u00e4ufig verwendete L\u00f6sung, da sie einen n\u00fctzlichen Einstieg von etwa 90 % zur T\u00fcrbreite erm\u00f6glicht. Diese \u00d6ffnung nimmt zudem einen minimalen Au\u00dfenbereich ein und erm\u00f6glicht vielf\u00e4ltige L\u00f6sungen, darunter das Doppel-Faltenbalg ohne Rahmen, das Zusammenf\u00fcgen einer Faltent\u00fcr und einer festen Seite, sowohl mit Rahmen als auch ohne Rahmen, sowie verschiedene Dicken f\u00fcr das Glas.[\/vc_column_text][vc_empty_space height=&#8220;40px&#8220;][\/vc_column][\/vc_row][vc_row el_id=&#8220;paragrafo-5&#8243;][vc_column width=&#8220;1\/6&#8243;][\/vc_column][vc_column width=&#8220;2\/3&#8243;][vc_column_text]<\/p>\n<h3>Kleine Duschkabine, T\u00fcren Saloon<\/h3>\n<p>Diese ist eine sehr praktische L\u00f6sung, die eine doppelte \u00d6ffnung nach innen und nach au\u00dfen erm\u00f6glicht und die Umgebung atmen l\u00e4sst, weil sie die einzigartige Kristallt\u00fcr mit zwei kleinen und schnell benutzbaren Scheiben ersetzt.[\/vc_column_text][vc_empty_space height=&#8220;40px&#8220;][\/vc_column][\/vc_row][vc_row][vc_column][vc_empty_space height=&#8220;50px&#8220;][vc_column_text]<\/p>\n<h3 style=\"text-align: center;\">Einige Beispiele der kleinen Duschkabinen von Relax<\/h3>\n<p>[\/vc_column_text][vc_empty_space height=&#8220;30px&#8220;]<div class=\"woocommerce columns-4 \"><ul class=\"products columns-4\">\n<li class=\"product type-product post-21071 status-publish first instock product_cat-3-lati-en product_cat-3-lati-de product_cat-3-lati-fr product_cat-3- product_cat-box-doccia-en product_cat-box-doccia-de product_cat-cabina-doccia-piccola product_cat-cabina-doccia-salvaspazio product_cat-cabine-de-douche product_cat-guide-de-selection-cabine-de-douche-peu-encombrante product_cat-collections product_cat-collections-en product_cat-selection-guide-en product_cat-guida-alla-scelta-de product_cat-guide-de-selection product_cat-lyra-fr product_cat-lyra-en product_cat-lyra-de product_cat-lyra-ru product_cat-nicchia-de product_cat-niche product_cat-niche-fr product_cat-guide-de-selection-petite-cabine-de-douche product_cat-saloon product_cat-niche-saloon product_cat-niche-saloon-fr product_cat-saloon-de-3 product_cat-saloon-de-4 product_cat-collezioni-de product_cat-selection-guide-small-shower-enclosure product_cat-selection-guide-space-saving-shower-enclosure product_cat-tipologia-prodotto-de product_cat-tipologia-prodotto-en product_cat-type-de-produit product_cat-1618 product_cat-1568 product_cat-1605 product_cat-1604 product_cat-1637 product_cat-1594 product_cat-3--- product_cat-1630 product_cat-1617 has-post-thumbnail shipping-taxable product-type-simple\">\n\t<div class=\"woocommerce-loop-product__short_description\" itemprop=\"description\"><a href=\"https:\/\/relaxsrl.com\/de\/produkt\/lyra-b2\/\" class=\"woocommerce-LoopProduct-link woocommerce-loop-product__link\"><p>Box doccia in nicchia con porta saloon con sistema di allineamento delle ante.<\/p>\n<\/a><\/div><\/li>\n<li class=\"product type-product post-21068 status-publish instock product_cat-3-lati-en product_cat-3-lati-de product_cat-3-lati-fr product_cat-3- product_cat-box-doccia-en product_cat-box-doccia-de product_cat-cabina-doccia-piccola product_cat-cabine-de-douche product_cat-collections product_cat-collections-en product_cat-selection-guide-foldable product_cat-niche-folding product_cat-selection-guide-en product_cat-guida-alla-scelta-de product_cat-guide-de-selection product_cat-lyra-en product_cat-lyra-fr product_cat-lyra-de product_cat-lyra-ru product_cat-nicchia-de product_cat-niche product_cat-niche-fr product_cat-guide-de-selection-petite-cabine-de-douche product_cat-niche-pliable product_cat-guide-de-selection-pliable product_cat-collezioni-de product_cat-selection-guide-small-shower-enclosure product_cat-soffietto-de-3 product_cat-soffietto-de-4 product_cat-soffietto-fr product_cat-soffietto-de-2 product_cat-tipologia-prodotto-de product_cat-tipologia-prodotto-en product_cat-type-de-produit product_cat-1618 product_cat-1568 product_cat-1604 product_cat-1637 product_cat-1594 product_cat-3--- product_cat-1634 product_cat-1611 product_cat-1617 has-post-thumbnail shipping-taxable product-type-simple\">\n\t<div class=\"woocommerce-loop-product__short_description\" itemprop=\"description\"><a href=\"https:\/\/relaxsrl.com\/de\/produkt\/lyra-ps\/\" class=\"woocommerce-LoopProduct-link woocommerce-loop-product__link\"><p>Lyra PS ist eine eckige Duschkabine mit einer Faltt\u00fcr.<\/p>\n<\/a><\/div><\/li>\n<li class=\"product type-product post-21066 status-publish instock product_cat-3-lati-de product_cat-3-lati-en product_cat-3-lati-fr product_cat-3- product_cat-angolare-en product_cat-angolare-de product_cat-angulaire product_cat-box-doccia-de product_cat-box-doccia-en product_cat-cabina-doccia-piccola product_cat-cabine-de-douche product_cat-collections product_cat-collections-en product_cat-angulaire-coulissante product_cat-flat-fr product_cat-flat-ru product_cat-flat-de product_cat-flat-en product_cat-selection-guide-en product_cat-guida-alla-scelta-de product_cat-guide-de-selection product_cat-guide-de-selection-petite-cabine-de-douche product_cat-collezioni-de product_cat-scorrevole-de-2 product_cat-scorrevole product_cat-scorrevole-de product_cat-scorrevole-fr product_cat-angular-sliding product_cat-selection-guide-small-shower-enclosure product_cat-tipologia-prodotto-de product_cat-tipologia-prodotto-en product_cat-type-de-produit product_cat-1618 product_cat-1568 product_cat-1604 product_cat-3--- product_cat-1632 product_cat-1594 product_cat-1617 product_cat-1626 has-post-thumbnail shipping-taxable product-type-simple\">\n\t<div class=\"woocommerce-loop-product__short_description\" itemprop=\"description\"><a href=\"https:\/\/relaxsrl.com\/de\/produkt\/flat-a-flat-a\/\" class=\"woocommerce-LoopProduct-link woocommerce-loop-product__link\"><p>Flat A+A ist eine eckige Duschkabine mit doppelter Schiebet\u00fcr.<\/p>\n<\/a><\/div><\/li>\n<\/ul>\n<\/div>[\/vc_column][\/vc_row][vc_row full_width=&#8220;stretch_row_content_no_spaces&#8220; equal_height=&#8220;yes&#8220; content_placement=&#8220;middle&#8220; el_class=&#8220;row-over-footer row-cta-over-footer&#8220;][vc_column width=&#8220;1\/2&#8243;][vc_single_image image=&#8220;31362&#8243; img_size=&#8220;full&#8220;][\/vc_column][vc_column width=&#8220;1\/2&#8243; css=&#8220;.vc_custom_1632910102877{background-image: url(http:\/\/relaxsrl.com\/wp-content\/uploads\/2021\/09\/cta-piccola-opaco.jpg?id=2525) !important;background-position: center !important;background-repeat: no-repeat !important;background-size: cover !important;}&#8220; el_class=&#8220;row-cta-over-footer-col-text&#8220;][vc_row_inner][vc_column_inner width=&#8220;1\/4&#8243;][\/vc_column_inner][vc_column_inner width=&#8220;1\/2&#8243;][vc_column_text]<\/p>\n<h2 style=\"text-align: center;\">Wollen Sie mehr dar\u00fcber wissen?<\/h2>\n<p style=\"text-align: center;\">Sie werden sicherlich spezifische Fragen zu Ihrer Situation haben. Schreiben Sie uns jetzt und einer unserer Experten wird Ihnen antworten.<\/p>\n<p>[\/vc_column_text][vc_btn title=&#8220;NACH INFORMATIONEN FRAGEN&#8220; style=&#8220;classic&#8220; shape=&#8220;square&#8220; color=&#8220;white&#8220; align=&#8220;center&#8220; el_class=&#8220;btn-default-white&#8220; link=&#8220;url:https%3A%2F%2Frelaxsrl.com%2Fde%2Fkontakte%2F|title:NACH%20INFORMATIONEN%20FRAGEN&#8220;][\/vc_column_inner][vc_column_inner width=&#8220;1\/4&#8243;][\/vc_column_inner][\/vc_row_inner][\/vc_column][\/vc_row]<\/p>\n","protected":false},"excerpt":{"rendered":"<p>[vc_row full_width=&#8220;stretch_row&#8220; content_placement=&#8220;middle&#8220; el_class=&#8220;intro-row intro-row-grey&#8220;][vc_column][vc_column_text] Kleine Duschkabine [\/vc_column_text][\/vc_column][\/vc_row][vc_row el_class=&#8220;row-path&#8220;][vc_column][vc_column_text][\/vc_column_text][\/vc_column][\/vc_row][vc_row][vc_column][vc_single_image image=&#8220;2551&#8243; img_size=&#8220;full&#8220;][\/vc_column][\/vc_row][vc_row][vc_column width=&#8220;1\/6&#8243;][\/vc_column][vc_column width=&#8220;2\/3&#8243;][vc_empty_space height=&#8220;40px&#8220;][vc_column_text el_class=&#8220;txt-blue abstract weight500&#8243;]Auch die kleine Duschkabine ist begehbar, alles h\u00e4ngt von der Optik und den L\u00f6sungen ab. Besonders geeignet sind Schiebe-, Fl\u00fcgel-, Falt- und Saloon-\u00d6ffnungen.[\/vc_column_text][vc_empty_space height=&#8220;35px&#8220;][\/vc_column][\/vc_row][vc_row][vc_column width=&#8220;1\/6&#8243;][\/vc_column][vc_column width=&#8220;2\/3&#8243;][vc_column_text] Wann eine Duschkabine klein ist? Die besten \u00d6ffnungen f\u00fcr die kleine Duschkabine Duschkabine [&hellip;]<\/p>\n","protected":false},"author":3,"featured_media":2551,"parent":22678,"menu_order":0,"comment_status":"closed","ping_status":"closed","template":"","meta":[],"acf":[],"yoast_head":"<!-- This site is optimized with the Yoast SEO Premium plugin v18.4 (Yoast SEO v18.8) - https:\/\/yoast.com\/wordpress\/plugins\/seo\/ -->\n<title>Kleine Duschkabine - Relax srl<\/title>\n<meta name=\"description\" content=\"Auch die kleine Duschkabine ist begehbar, alles h\u00e4ngt von der Optik und den L\u00f6sungen ab. Besonders geeignet sind Schiebe-, Fl\u00fcgel-, Falt- und Saloon-\u00d6ffnungen.\" \/>\n<meta name=\"robots\" content=\"index, follow, max-snippet:-1, max-image-preview:large, max-video-preview:-1\" \/>\n<link rel=\"canonical\" href=\"https:\/\/relaxsrl.com\/de\/anleitung-zur-auswahl\/kleine-duschkabine\/\" \/>\n<meta property=\"og:locale\" content=\"de_DE\" \/>\n<meta property=\"og:type\" content=\"article\" \/>\n<meta property=\"og:title\" content=\"Kleine Duschkabine - Relax srl\" \/>\n<meta property=\"og:description\" content=\"Auch die kleine Duschkabine ist begehbar, alles h\u00e4ngt von der Optik und den L\u00f6sungen ab. Besonders geeignet sind Schiebe-, Fl\u00fcgel-, Falt- und Saloon-\u00d6ffnungen.\" \/>\n<meta property=\"og:url\" content=\"https:\/\/relaxsrl.com\/de\/anleitung-zur-auswahl\/kleine-duschkabine\/\" \/>\n<meta property=\"og:site_name\" content=\"Relax srl\" \/>\n<meta property=\"article:modified_time\" content=\"2024-11-18T13:18:26+00:00\" \/>\n<meta property=\"og:image\" content=\"https:\/\/relaxsrl.com\/website\/wp-content\/uploads\/2021\/09\/LYRA_AA_1.jpg\" \/>\n\t<meta property=\"og:image:width\" content=\"1920\" \/>\n\t<meta property=\"og:image:height\" content=\"1281\" \/>\n\t<meta property=\"og:image:type\" content=\"image\/jpeg\" \/>\n<meta name=\"twitter:card\" content=\"summary_large_image\" \/>\n<meta name=\"twitter:label1\" content=\"Gesch\u00e4tzte Lesezeit\" \/>\n\t<meta name=\"twitter:data1\" content=\"3 Minuten\" \/>\n<script type=\"application\/ld+json\" class=\"yoast-schema-graph\">{\"@context\":\"https:\/\/schema.org\",\"@graph\":[{\"@type\":\"WebSite\",\"@id\":\"https:\/\/relaxsrl.com\/#website\",\"url\":\"https:\/\/relaxsrl.com\/\",\"name\":\"Relax srl\",\"description\":\"\",\"potentialAction\":[{\"@type\":\"SearchAction\",\"target\":{\"@type\":\"EntryPoint\",\"urlTemplate\":\"https:\/\/relaxsrl.com\/?s={search_term_string}\"},\"query-input\":\"required name=search_term_string\"}],\"inLanguage\":\"de-DE\"},{\"@type\":\"ImageObject\",\"inLanguage\":\"de-DE\",\"@id\":\"https:\/\/relaxsrl.com\/de\/anleitung-zur-auswahl\/kleine-duschkabine\/#primaryimage\",\"url\":\"https:\/\/relaxsrl.com\/website\/wp-content\/uploads\/2021\/09\/LYRA_AA_1.jpg\",\"contentUrl\":\"https:\/\/relaxsrl.com\/website\/wp-content\/uploads\/2021\/09\/LYRA_AA_1.jpg\",\"width\":1920,\"height\":1281,\"caption\":\"Kleine Eckduschabtrennung mit Aluminiumprofilen und Schiebet\u00fcren\"},{\"@type\":\"WebPage\",\"@id\":\"https:\/\/relaxsrl.com\/de\/anleitung-zur-auswahl\/kleine-duschkabine\/#webpage\",\"url\":\"https:\/\/relaxsrl.com\/de\/anleitung-zur-auswahl\/kleine-duschkabine\/\",\"name\":\"Kleine Duschkabine - Relax srl\",\"isPartOf\":{\"@id\":\"https:\/\/relaxsrl.com\/#website\"},\"primaryImageOfPage\":{\"@id\":\"https:\/\/relaxsrl.com\/de\/anleitung-zur-auswahl\/kleine-duschkabine\/#primaryimage\"},\"datePublished\":\"2022-08-10T15:11:26+00:00\",\"dateModified\":\"2024-11-18T13:18:26+00:00\",\"description\":\"Auch die kleine Duschkabine ist begehbar, alles h\u00e4ngt von der Optik und den L\u00f6sungen ab. Besonders geeignet sind Schiebe-, Fl\u00fcgel-, Falt- und Saloon-\u00d6ffnungen.\",\"breadcrumb\":{\"@id\":\"https:\/\/relaxsrl.com\/de\/anleitung-zur-auswahl\/kleine-duschkabine\/#breadcrumb\"},\"inLanguage\":\"de-DE\",\"potentialAction\":[{\"@type\":\"ReadAction\",\"target\":[\"https:\/\/relaxsrl.com\/de\/anleitung-zur-auswahl\/kleine-duschkabine\/\"]}]},{\"@type\":\"BreadcrumbList\",\"@id\":\"https:\/\/relaxsrl.com\/de\/anleitung-zur-auswahl\/kleine-duschkabine\/#breadcrumb\",\"itemListElement\":[{\"@type\":\"ListItem\",\"position\":1,\"name\":\"Anleitung zur Auswahl\",\"item\":\"https:\/\/relaxsrl.com\/de\/anleitung-zur-auswahl\/\"},{\"@type\":\"ListItem\",\"position\":2,\"name\":\"Kleine Duschkabine\"}]}]}<\/script>\n<!-- \/ Yoast SEO Premium plugin. -->","yoast_head_json":{"title":"Kleine Duschkabine - Relax srl","description":"Auch die kleine Duschkabine ist begehbar, alles h\u00e4ngt von der Optik und den L\u00f6sungen ab. Besonders geeignet sind Schiebe-, Fl\u00fcgel-, Falt- und Saloon-\u00d6ffnungen.","robots":{"index":"index","follow":"follow","max-snippet":"max-snippet:-1","max-image-preview":"max-image-preview:large","max-video-preview":"max-video-preview:-1"},"canonical":"https:\/\/relaxsrl.com\/de\/anleitung-zur-auswahl\/kleine-duschkabine\/","og_locale":"de_DE","og_type":"article","og_title":"Kleine Duschkabine - Relax srl","og_description":"Auch die kleine Duschkabine ist begehbar, alles h\u00e4ngt von der Optik und den L\u00f6sungen ab. Besonders geeignet sind Schiebe-, Fl\u00fcgel-, Falt- und Saloon-\u00d6ffnungen.","og_url":"https:\/\/relaxsrl.com\/de\/anleitung-zur-auswahl\/kleine-duschkabine\/","og_site_name":"Relax srl","article_modified_time":"2024-11-18T13:18:26+00:00","og_image":[{"width":1920,"height":1281,"url":"https:\/\/relaxsrl.com\/website\/wp-content\/uploads\/2021\/09\/LYRA_AA_1.jpg","type":"image\/jpeg"}],"twitter_card":"summary_large_image","twitter_misc":{"Gesch\u00e4tzte Lesezeit":"3 Minuten"},"schema":{"@context":"https:\/\/schema.org","@graph":[{"@type":"WebSite","@id":"https:\/\/relaxsrl.com\/#website","url":"https:\/\/relaxsrl.com\/","name":"Relax srl","description":"","potentialAction":[{"@type":"SearchAction","target":{"@type":"EntryPoint","urlTemplate":"https:\/\/relaxsrl.com\/?s={search_term_string}"},"query-input":"required name=search_term_string"}],"inLanguage":"de-DE"},{"@type":"ImageObject","inLanguage":"de-DE","@id":"https:\/\/relaxsrl.com\/de\/anleitung-zur-auswahl\/kleine-duschkabine\/#primaryimage","url":"https:\/\/relaxsrl.com\/website\/wp-content\/uploads\/2021\/09\/LYRA_AA_1.jpg","contentUrl":"https:\/\/relaxsrl.com\/website\/wp-content\/uploads\/2021\/09\/LYRA_AA_1.jpg","width":1920,"height":1281,"caption":"Kleine Eckduschabtrennung mit Aluminiumprofilen und Schiebet\u00fcren"},{"@type":"WebPage","@id":"https:\/\/relaxsrl.com\/de\/anleitung-zur-auswahl\/kleine-duschkabine\/#webpage","url":"https:\/\/relaxsrl.com\/de\/anleitung-zur-auswahl\/kleine-duschkabine\/","name":"Kleine Duschkabine - Relax srl","isPartOf":{"@id":"https:\/\/relaxsrl.com\/#website"},"primaryImageOfPage":{"@id":"https:\/\/relaxsrl.com\/de\/anleitung-zur-auswahl\/kleine-duschkabine\/#primaryimage"},"datePublished":"2022-08-10T15:11:26+00:00","dateModified":"2024-11-18T13:18:26+00:00","description":"Auch die kleine Duschkabine ist begehbar, alles h\u00e4ngt von der Optik und den L\u00f6sungen ab. Besonders geeignet sind Schiebe-, Fl\u00fcgel-, Falt- und Saloon-\u00d6ffnungen.","breadcrumb":{"@id":"https:\/\/relaxsrl.com\/de\/anleitung-zur-auswahl\/kleine-duschkabine\/#breadcrumb"},"inLanguage":"de-DE","potentialAction":[{"@type":"ReadAction","target":["https:\/\/relaxsrl.com\/de\/anleitung-zur-auswahl\/kleine-duschkabine\/"]}]},{"@type":"BreadcrumbList","@id":"https:\/\/relaxsrl.com\/de\/anleitung-zur-auswahl\/kleine-duschkabine\/#breadcrumb","itemListElement":[{"@type":"ListItem","position":1,"name":"Anleitung zur Auswahl","item":"https:\/\/relaxsrl.com\/de\/anleitung-zur-auswahl\/"},{"@type":"ListItem","position":2,"name":"Kleine Duschkabine"}]}]}},"_links":{"self":[{"href":"https:\/\/relaxsrl.com\/de\/wp-json\/wp\/v2\/pages\/22763"}],"collection":[{"href":"https:\/\/relaxsrl.com\/de\/wp-json\/wp\/v2\/pages"}],"about":[{"href":"https:\/\/relaxsrl.com\/de\/wp-json\/wp\/v2\/types\/page"}],"author":[{"embeddable":true,"href":"https:\/\/relaxsrl.com\/de\/wp-json\/wp\/v2\/users\/3"}],"replies":[{"embeddable":true,"href":"https:\/\/relaxsrl.com\/de\/wp-json\/wp\/v2\/comments?post=22763"}],"version-history":[{"count":8,"href":"https:\/\/relaxsrl.com\/de\/wp-json\/wp\/v2\/pages\/22763\/revisions"}],"predecessor-version":[{"id":31374,"href":"https:\/\/relaxsrl.com\/de\/wp-json\/wp\/v2\/pages\/22763\/revisions\/31374"}],"up":[{"embeddable":true,"href":"https:\/\/relaxsrl.com\/de\/wp-json\/wp\/v2\/pages\/22678"}],"wp:featuredmedia":[{"embeddable":true,"href":"https:\/\/relaxsrl.com\/de\/wp-json\/wp\/v2\/media\/2551"}],"wp:attachment":[{"href":"https:\/\/relaxsrl.com\/de\/wp-json\/wp\/v2\/media?parent=22763"}],"curies":[{"name":"wp","href":"https:\/\/api.w.org\/{rel}","templated":true}]}}