{"id":22771,"date":"2022-08-10T17:20:44","date_gmt":"2022-08-10T15:20:44","guid":{"rendered":"https:\/\/relaxsrl.com\/anleitung-zur-auswahl\/grosse-duschkabine\/"},"modified":"2024-11-18T11:54:03","modified_gmt":"2024-11-18T10:54:03","slug":"grosse-duschkabine","status":"publish","type":"page","link":"https:\/\/relaxsrl.com\/de\/anleitung-zur-auswahl\/grosse-duschkabine\/","title":{"rendered":"Gro\u00dfe Duschkabine"},"content":{"rendered":"<p>[vc_row full_width=&#8220;stretch_row&#8220; content_placement=&#8220;middle&#8220; el_class=&#8220;intro-row intro-row-grey&#8220;][vc_column][vc_column_text]<\/p>\n<h1>Gro\u00dfe Duschkabine<\/h1>\n<p>[\/vc_column_text][\/vc_column][\/vc_row][vc_row el_class=&#8220;row-path&#8220;][vc_column][vc_column_text][\/vc_column_text][\/vc_column][\/vc_row][vc_row][vc_column][vc_single_image image=&#8220;31332&#8243; img_size=&#8220;full&#8220;][\/vc_column][\/vc_row][vc_row][vc_column width=&#8220;1\/6&#8243;][\/vc_column][vc_column width=&#8220;2\/3&#8243;][vc_empty_space height=&#8220;40px&#8220;][vc_column_text el_class=&#8220;txt-blue abstract weight500&#8243;]Eine 120 x 80 cm lange Duschkabine ist gro\u00df, komfortabel in der Handhabung und Reinigung, gro\u00dfz\u00fcgige Aufbewahrung f\u00fcr wichtige Duschk\u00f6pfe und Duschs\u00e4ulen, Regale und vielleicht sogar Massaged\u00fcsen.[\/vc_column_text][vc_empty_space height=&#8220;35px&#8220;][\/vc_column][\/vc_row][vc_row][vc_column width=&#8220;1\/6&#8243;][\/vc_column][vc_column width=&#8220;2\/3&#8243;][vc_column_text]<\/p>\n<ul>\n<li><a class=\"link-interno link-interno-paragrafo-1\" href=\"#\">Ma\u00dfe einer gro\u00dfen Duschkabine<\/a><\/li>\n<li><a class=\"link-interno link-interno-paragrafo-2\" href=\"#\">Gro\u00dfe Duschkabine: empfehlenswerte \u00d6ffnungen<\/a><\/li>\n<\/ul>\n<p>[\/vc_column_text][vc_empty_space height=&#8220;40px&#8220;][\/vc_column][\/vc_row][vc_row el_id=&#8220;paragrafo-1&#8243;][vc_column width=&#8220;1\/6&#8243;][\/vc_column][vc_column width=&#8220;2\/3&#8243;][vc_column_text]<\/p>\n<h2>Ma\u00dfe einer gro\u00dfen Duschkabine<\/h2>\n<p>Die gro\u00dfe Duschkabine hat eine L\u00e4nge von mindestens 120 cm und eine Breite von 80 cm. Der Innenraum ist somit gut zu nutzen, um sich leicht zu bewegen und die Duschs\u00e4ulen mit Massaged\u00fcsen oder gr\u00f6\u00dferen Duschk\u00f6pfen zu montieren. Auch mit Ablagen im Innenbereich l\u00e4sst sich diese m\u00fchelos und platzsparend ausstatten. Wenn es theoretisch keine Beschr\u00e4nkung der L\u00e4nge oder Tiefe der Duschkabine gibt, so ist die H\u00f6he limitiert und je nach Glasdicke und \u00d6ffnungsart unterschiedlich:<\/p>\n<ul>\n<li>f\u00fcr 4 mm Glas, maximal empfohlene H\u00f6he 200 cm<\/li>\n<li>f\u00fcr 6 mm Glas, maximal empfohlene H\u00f6he 220 cm<\/li>\n<li>f\u00fcr 8 mm Glas, maximal empfohlene H\u00f6he 250 cm<\/li>\n<\/ul>\n<p>[\/vc_column_text][vc_empty_space height=&#8220;40px&#8220;][\/vc_column][\/vc_row][vc_row el_id=&#8220;paragrafo-2&#8243;][vc_column width=&#8220;1\/6&#8243;][\/vc_column][vc_column width=&#8220;2\/3&#8243;][vc_column_text]<\/p>\n<h2>Gro\u00dfe Duschkabine: empfohlene \u00d6ffnungen<\/h2>\n<p>Die gro\u00dfz\u00fcgige Gr\u00f6\u00dfe der Duschkabine macht sie perfekt f\u00fcr die Walk-in-L\u00f6sung mit Glas ab 140 cm, da das Wasser aufgrund der Gr\u00f6\u00dfe im Innenbereich gehalten und das Aussehen von Trockenheit und Sauberkeit dadurch stark auffallen wird. Es sei darauf hingewiesen, dass die Walk-ins oft (immer bei Relax) modular sind, so dass die T\u00fcr auch sp\u00e4ter eingebaut werden kann, ohne die bereits installierte Wand zu beeinflussen.<br \/>\nEine gro\u00dfe Duschkabine kann auch verwenden:<\/p>\n<ul>\n<li>Die Fl\u00fcgelt\u00fcr, empfohlen auf der schmalen Seite, die in der Regel bis zu 100 cm betr\u00e4gt, maximale Breite auch f\u00fcr eine Fl\u00fcgelt\u00fcr, da die Scharniere bei gr\u00f6\u00dferen Abmessungen zu viel Gewicht h\u00e4tten; wenn die T\u00fcr auf der langen Seite ist, ist sie mit einem festen T\u00fcrblatt zu versehen<\/li>\n<li>die Schiebet\u00fcr, die dank des unteren Profils f\u00fcr maximalen Wasserschutz der Kabine sorgt und zwischen 1 cm und 3,5 cm variiert; sie kann eine oder zwei T\u00fcren mit mittleren \u00d6ffnungen haben<\/li>\n<\/ul>\n<p>[\/vc_column_text][vc_empty_space height=&#8220;40px&#8220;][\/vc_column][\/vc_row][vc_row][vc_column][vc_empty_space height=&#8220;50px&#8220;][vc_column_text]<\/p>\n<h3 style=\"text-align: center;\">Relax L\u00f6sungen f\u00fcr gro\u00dfe Duschkabinen<\/h3>\n<p>[\/vc_column_text][vc_empty_space height=&#8220;30px&#8220;]<div class=\"woocommerce columns-4 \"><ul class=\"products columns-4\">\n<li class=\"product type-product post-30822 status-publish first instock product_cat-niche-battante product_cat-battente-de product_cat-selection-guide-big-shower-enclosures product_cat-box-doccia-de product_cat-box-doccia-en product_cat-cabina-doccia-grande product_cat-cabine-de-douche product_cat-cardine-ru product_cat-cardine-en product_cat-cardine-fr product_cat-cardine-de product_cat-collections product_cat-collections-en product_cat-guide-de-selection-grande-cabine-de-douche product_cat-selection-guide-en product_cat-guida-alla-scelta-de product_cat-guide-de-selection product_cat-niche-hinged product_cat-nicchia-de product_cat-niche product_cat-niche-fr product_cat-collezioni-de product_cat-tipologia-prodotto-en product_cat-tipologia-prodotto-de product_cat-type-de-produit product_cat-1603 product_cat-1618 product_cat-1568 product_cat-1638 product_cat-1637 product_cat-1594 product_cat-1617 has-post-thumbnail shipping-taxable product-type-simple\">\n\t<div class=\"woocommerce-loop-product__short_description\" itemprop=\"description\"><a href=\"https:\/\/relaxsrl.com\/de\/produkt\/cardine-b2\/\" class=\"woocommerce-LoopProduct-link woocommerce-loop-product__link\"><p>Duschkabine in Nische mit zwei Fl\u00fcgelt\u00fcren. Austauschbare Scharniere und Griffe.<\/p>\n<\/a><\/div><\/li>\n<li class=\"product type-product post-21112 status-publish instock product_cat-3-lati-fr product_cat-3-lati-de product_cat-3-lati-en product_cat-3- product_cat-angolare-en product_cat-angolare-de product_cat-angulaire product_cat-selection-guide-big-shower-enclosures product_cat-box-doccia-de product_cat-box-doccia-en product_cat-cabina-doccia-grande product_cat-cabine-de-douche product_cat-collections-en product_cat-collections product_cat-guide-de-selection-coulissante product_cat-angulaire-coulissante product_cat-evox-fr product_cat-evox-de product_cat-evox-ru product_cat-evox-en product_cat-guide-de-selection-grande-cabine-de-douche product_cat-selection-guide-en product_cat-guida-alla-scelta-de product_cat-guide-de-selection product_cat-collezioni-de product_cat-selection-guide-scorrevole product_cat-scorrevole-fr product_cat-scorrevole-de-6 product_cat-scorrevole-de product_cat-scorrevole-de-2 product_cat-scorrevole product_cat-angular-sliding product_cat-tipologia-prodotto-de product_cat-tipologia-prodotto-en product_cat-type-de-produit product_cat-1603 product_cat-1618 product_cat-1568 product_cat-1610 product_cat-1632 product_cat-3--- product_cat-1594 product_cat-1617 product_cat-1626 has-post-thumbnail shipping-taxable product-type-simple\">\n\t<div class=\"woocommerce-loop-product__short_description\" itemprop=\"description\"><a href=\"https:\/\/relaxsrl.com\/de\/produkt\/evox-sf-evox-f\/\" class=\"woocommerce-LoopProduct-link woocommerce-loop-product__link\"><p>Eckduschabtrennung mit Schiebet\u00fcr, fester Seitenwand und Soft-Close-System.<\/p>\n<\/a><\/div><\/li>\n<li class=\"product type-product post-28952 status-publish instock product_cat-3-lati-en product_cat-3-lati-fr product_cat-3-lati-de product_cat-3- product_cat-angolare-de product_cat-angolare-en product_cat-angulaire product_cat-selection-guide-big-shower-enclosures product_cat-box-doccia-de product_cat-box-doccia-en product_cat-cabina-doccia-grande product_cat-cabine-de-douche product_cat-collections product_cat-collections-en product_cat-guide-de-selection-coulissante product_cat-angulaire-coulissante product_cat-evox-fr product_cat-evox-de product_cat-evox-en product_cat-evox-ru product_cat-guide-de-selection-grande-cabine-de-douche product_cat-selection-guide-en product_cat-guida-alla-scelta-de product_cat-guide-de-selection product_cat-collezioni-de product_cat-scorrevole product_cat-scorrevole-de-6 product_cat-scorrevole-fr product_cat-selection-guide-scorrevole product_cat-scorrevole-de product_cat-scorrevole-de-2 product_cat-angular-sliding product_cat-tipologia-prodotto-en product_cat-tipologia-prodotto-de product_cat-type-de-produit product_cat-1603 product_cat-1618 product_cat-1568 product_cat-3--- product_cat-1610 product_cat-1632 product_cat-1594 product_cat-1617 product_cat-1626 has-post-thumbnail shipping-taxable product-type-simple\">\n\t<div class=\"woocommerce-loop-product__short_description\" itemprop=\"description\"><a href=\"https:\/\/relaxsrl.com\/de\/produkt\/evox-sf-f-f4\/\" class=\"woocommerce-LoopProduct-link woocommerce-loop-product__link\"><p>Mittelwand-Duschkabine mit Schiebet\u00fcr, zwei festen Seiten und Soft-Close-System.<\/p>\n<\/a><\/div><\/li>\n<li class=\"product type-product post-21102 status-publish last instock product_cat-3-lati-en product_cat-3-lati-fr product_cat-3-lati-de product_cat-3- product_cat-selection-guide-big-shower-enclosures product_cat-box-doccia-en product_cat-box-doccia-de product_cat-cabina-doccia-grande product_cat-cabine-de-douche product_cat-collections product_cat-collections-en product_cat-niche-coulissante product_cat-guide-de-selection-grande-cabine-de-douche product_cat-guida-alla-scelta-de product_cat-selection-guide-en product_cat-guide-de-selection product_cat-nicchia-de product_cat-niche product_cat-niche-fr product_cat-collezioni-de product_cat-scorrevole product_cat-scorrevole-de-5 product_cat-scorrevole-fr product_cat-scorrevole-de-2 product_cat-niche-sliding product_cat-tipologia-prodotto-de product_cat-tipologia-prodotto-en product_cat-type-de-produit product_cat-unico-ru product_cat-unico-fr product_cat-unico-de product_cat-unico-en product_cat-1603 product_cat-1618 product_cat-1568 product_cat-1637 product_cat-3--- product_cat-1639 product_cat-1594 product_cat-1617 has-post-thumbnail shipping-taxable product-type-simple\">\n\t<div class=\"woocommerce-loop-product__short_description\" itemprop=\"description\"><a href=\"https:\/\/relaxsrl.com\/de\/produkt\/unico-sc2\/\" class=\"woocommerce-LoopProduct-link woocommerce-loop-product__link\"><p>Duschabtrennung in Nische mit doppelter Schiebet\u00fcr und anpassbarem oberen Zierprofil.<\/p>\n<\/a><\/div><\/li>\n<\/ul>\n<\/div>[\/vc_column][\/vc_row][vc_row full_width=&#8220;stretch_row_content_no_spaces&#8220; equal_height=&#8220;yes&#8220; content_placement=&#8220;middle&#8220; el_class=&#8220;row-over-footer row-cta-over-footer&#8220;][vc_column width=&#8220;1\/2&#8243;][vc_single_image image=&#8220;31327&#8243; img_size=&#8220;full&#8220;][\/vc_column][vc_column width=&#8220;1\/2&#8243; css=&#8220;.vc_custom_1731927169673{background-image: url(https:\/\/relaxsrl.com\/website\/wp-content\/uploads\/2024\/11\/DIMENSIONI11114.jpg?id=31342) !important;background-position: center !important;background-repeat: no-repeat !important;background-size: cover !important;}&#8220; el_class=&#8220;row-cta-over-footer-col-text&#8220;][vc_row_inner][vc_column_inner width=&#8220;1\/4&#8243;][\/vc_column_inner][vc_column_inner width=&#8220;1\/2&#8243;][vc_column_text]<\/p>\n<h2 style=\"text-align: center;\">Wollen Sie mehr dar\u00fcber wissen?<\/h2>\n<p style=\"text-align: center;\">Sie werden sicherlich spezifische Fragen zu Ihrer Situation haben. Schreiben Sie uns jetzt und einer unserer Experten wird Ihnen antworten.<\/p>\n<p>[\/vc_column_text][vc_btn title=&#8220;NACH INFORMATIONEN FRAGEN&#8220; style=&#8220;classic&#8220; shape=&#8220;square&#8220; color=&#8220;white&#8220; align=&#8220;center&#8220; el_class=&#8220;btn-default-white&#8220; link=&#8220;url:https%3A%2F%2Frelaxsrl.com%2Fde%2Fkontakte%2F|title:NACH%20INFORMATIONEN%20FRAGEN&#8220;][\/vc_column_inner][vc_column_inner width=&#8220;1\/4&#8243;][\/vc_column_inner][\/vc_row_inner][\/vc_column][\/vc_row]<\/p>\n","protected":false},"excerpt":{"rendered":"<p>[vc_row full_width=&#8220;stretch_row&#8220; content_placement=&#8220;middle&#8220; el_class=&#8220;intro-row intro-row-grey&#8220;][vc_column][vc_column_text] Gro\u00dfe Duschkabine [\/vc_column_text][\/vc_column][\/vc_row][vc_row el_class=&#8220;row-path&#8220;][vc_column][vc_column_text][\/vc_column_text][\/vc_column][\/vc_row][vc_row][vc_column][vc_single_image image=&#8220;31332&#8243; img_size=&#8220;full&#8220;][\/vc_column][\/vc_row][vc_row][vc_column width=&#8220;1\/6&#8243;][\/vc_column][vc_column width=&#8220;2\/3&#8243;][vc_empty_space height=&#8220;40px&#8220;][vc_column_text el_class=&#8220;txt-blue abstract weight500&#8243;]Eine 120 x 80 cm lange Duschkabine ist gro\u00df, komfortabel in der Handhabung und Reinigung, gro\u00dfz\u00fcgige Aufbewahrung f\u00fcr wichtige Duschk\u00f6pfe und Duschs\u00e4ulen, Regale und vielleicht sogar Massaged\u00fcsen.[\/vc_column_text][vc_empty_space height=&#8220;35px&#8220;][\/vc_column][\/vc_row][vc_row][vc_column width=&#8220;1\/6&#8243;][\/vc_column][vc_column width=&#8220;2\/3&#8243;][vc_column_text] Ma\u00dfe einer gro\u00dfen Duschkabine Gro\u00dfe Duschkabine: empfehlenswerte \u00d6ffnungen [\/vc_column_text][vc_empty_space [&hellip;]<\/p>\n","protected":false},"author":3,"featured_media":31332,"parent":22678,"menu_order":0,"comment_status":"closed","ping_status":"closed","template":"","meta":[],"acf":[],"yoast_head":"<!-- This site is optimized with the Yoast SEO Premium plugin v18.4 (Yoast SEO v18.8) - https:\/\/yoast.com\/wordpress\/plugins\/seo\/ -->\n<title>Gro\u00dfe Duschkabine - Relax srl<\/title>\n<meta name=\"description\" content=\"Eine 120 x 80 cm lange Duschkabine ist gro\u00df, komfortabel in der Handhabung und Reinigung, gro\u00dfz\u00fcgige Aufbewahrung f\u00fcr wichtige Duschk\u00f6pfe und Duschs\u00e4ulen, Regale und vielleicht sogar Massaged\u00fcsen.\" \/>\n<meta name=\"robots\" content=\"index, follow, max-snippet:-1, max-image-preview:large, max-video-preview:-1\" \/>\n<link rel=\"canonical\" href=\"https:\/\/relaxsrl.com\/de\/anleitung-zur-auswahl\/grosse-duschkabine\/\" \/>\n<meta property=\"og:locale\" content=\"de_DE\" \/>\n<meta property=\"og:type\" content=\"article\" \/>\n<meta property=\"og:title\" content=\"Gro\u00dfe Duschkabine - Relax srl\" \/>\n<meta property=\"og:description\" content=\"Eine 120 x 80 cm lange Duschkabine ist gro\u00df, komfortabel in der Handhabung und Reinigung, gro\u00dfz\u00fcgige Aufbewahrung f\u00fcr wichtige Duschk\u00f6pfe und Duschs\u00e4ulen, Regale und vielleicht sogar Massaged\u00fcsen.\" \/>\n<meta property=\"og:url\" content=\"https:\/\/relaxsrl.com\/de\/anleitung-zur-auswahl\/grosse-duschkabine\/\" \/>\n<meta property=\"og:site_name\" content=\"Relax srl\" \/>\n<meta property=\"article:modified_time\" content=\"2024-11-18T10:54:03+00:00\" \/>\n<meta property=\"og:image\" content=\"https:\/\/relaxsrl.com\/website\/wp-content\/uploads\/2024\/11\/DIMENSIONI.jpg\" \/>\n\t<meta property=\"og:image:width\" content=\"1920\" \/>\n\t<meta property=\"og:image:height\" content=\"1080\" \/>\n\t<meta property=\"og:image:type\" content=\"image\/jpeg\" \/>\n<meta name=\"twitter:card\" content=\"summary_large_image\" \/>\n<meta name=\"twitter:label1\" content=\"Gesch\u00e4tzte Lesezeit\" \/>\n\t<meta name=\"twitter:data1\" content=\"3 Minuten\" \/>\n<script type=\"application\/ld+json\" class=\"yoast-schema-graph\">{\"@context\":\"https:\/\/schema.org\",\"@graph\":[{\"@type\":\"WebSite\",\"@id\":\"https:\/\/relaxsrl.com\/#website\",\"url\":\"https:\/\/relaxsrl.com\/\",\"name\":\"Relax srl\",\"description\":\"\",\"potentialAction\":[{\"@type\":\"SearchAction\",\"target\":{\"@type\":\"EntryPoint\",\"urlTemplate\":\"https:\/\/relaxsrl.com\/?s={search_term_string}\"},\"query-input\":\"required name=search_term_string\"}],\"inLanguage\":\"de-DE\"},{\"@type\":\"ImageObject\",\"inLanguage\":\"de-DE\",\"@id\":\"https:\/\/relaxsrl.com\/de\/anleitung-zur-auswahl\/grosse-duschkabine\/#primaryimage\",\"url\":\"https:\/\/relaxsrl.com\/website\/wp-content\/uploads\/2024\/11\/DIMENSIONI.jpg\",\"contentUrl\":\"https:\/\/relaxsrl.com\/website\/wp-content\/uploads\/2024\/11\/DIMENSIONI.jpg\",\"width\":1920,\"height\":1080},{\"@type\":\"WebPage\",\"@id\":\"https:\/\/relaxsrl.com\/de\/anleitung-zur-auswahl\/grosse-duschkabine\/#webpage\",\"url\":\"https:\/\/relaxsrl.com\/de\/anleitung-zur-auswahl\/grosse-duschkabine\/\",\"name\":\"Gro\u00dfe Duschkabine - Relax srl\",\"isPartOf\":{\"@id\":\"https:\/\/relaxsrl.com\/#website\"},\"primaryImageOfPage\":{\"@id\":\"https:\/\/relaxsrl.com\/de\/anleitung-zur-auswahl\/grosse-duschkabine\/#primaryimage\"},\"datePublished\":\"2022-08-10T15:20:44+00:00\",\"dateModified\":\"2024-11-18T10:54:03+00:00\",\"description\":\"Eine 120 x 80 cm lange Duschkabine ist gro\u00df, komfortabel in der Handhabung und Reinigung, gro\u00dfz\u00fcgige Aufbewahrung f\u00fcr wichtige Duschk\u00f6pfe und Duschs\u00e4ulen, Regale und vielleicht sogar Massaged\u00fcsen.\",\"breadcrumb\":{\"@id\":\"https:\/\/relaxsrl.com\/de\/anleitung-zur-auswahl\/grosse-duschkabine\/#breadcrumb\"},\"inLanguage\":\"de-DE\",\"potentialAction\":[{\"@type\":\"ReadAction\",\"target\":[\"https:\/\/relaxsrl.com\/de\/anleitung-zur-auswahl\/grosse-duschkabine\/\"]}]},{\"@type\":\"BreadcrumbList\",\"@id\":\"https:\/\/relaxsrl.com\/de\/anleitung-zur-auswahl\/grosse-duschkabine\/#breadcrumb\",\"itemListElement\":[{\"@type\":\"ListItem\",\"position\":1,\"name\":\"Anleitung zur Auswahl\",\"item\":\"https:\/\/relaxsrl.com\/de\/anleitung-zur-auswahl\/\"},{\"@type\":\"ListItem\",\"position\":2,\"name\":\"Gro\u00dfe Duschkabine\"}]}]}<\/script>\n<!-- \/ Yoast SEO Premium plugin. -->","yoast_head_json":{"title":"Gro\u00dfe Duschkabine - Relax srl","description":"Eine 120 x 80 cm lange Duschkabine ist gro\u00df, komfortabel in der Handhabung und Reinigung, gro\u00dfz\u00fcgige Aufbewahrung f\u00fcr wichtige Duschk\u00f6pfe und Duschs\u00e4ulen, Regale und vielleicht sogar Massaged\u00fcsen.","robots":{"index":"index","follow":"follow","max-snippet":"max-snippet:-1","max-image-preview":"max-image-preview:large","max-video-preview":"max-video-preview:-1"},"canonical":"https:\/\/relaxsrl.com\/de\/anleitung-zur-auswahl\/grosse-duschkabine\/","og_locale":"de_DE","og_type":"article","og_title":"Gro\u00dfe Duschkabine - Relax srl","og_description":"Eine 120 x 80 cm lange Duschkabine ist gro\u00df, komfortabel in der Handhabung und Reinigung, gro\u00dfz\u00fcgige Aufbewahrung f\u00fcr wichtige Duschk\u00f6pfe und Duschs\u00e4ulen, Regale und vielleicht sogar Massaged\u00fcsen.","og_url":"https:\/\/relaxsrl.com\/de\/anleitung-zur-auswahl\/grosse-duschkabine\/","og_site_name":"Relax srl","article_modified_time":"2024-11-18T10:54:03+00:00","og_image":[{"width":1920,"height":1080,"url":"https:\/\/relaxsrl.com\/website\/wp-content\/uploads\/2024\/11\/DIMENSIONI.jpg","type":"image\/jpeg"}],"twitter_card":"summary_large_image","twitter_misc":{"Gesch\u00e4tzte Lesezeit":"3 Minuten"},"schema":{"@context":"https:\/\/schema.org","@graph":[{"@type":"WebSite","@id":"https:\/\/relaxsrl.com\/#website","url":"https:\/\/relaxsrl.com\/","name":"Relax srl","description":"","potentialAction":[{"@type":"SearchAction","target":{"@type":"EntryPoint","urlTemplate":"https:\/\/relaxsrl.com\/?s={search_term_string}"},"query-input":"required name=search_term_string"}],"inLanguage":"de-DE"},{"@type":"ImageObject","inLanguage":"de-DE","@id":"https:\/\/relaxsrl.com\/de\/anleitung-zur-auswahl\/grosse-duschkabine\/#primaryimage","url":"https:\/\/relaxsrl.com\/website\/wp-content\/uploads\/2024\/11\/DIMENSIONI.jpg","contentUrl":"https:\/\/relaxsrl.com\/website\/wp-content\/uploads\/2024\/11\/DIMENSIONI.jpg","width":1920,"height":1080},{"@type":"WebPage","@id":"https:\/\/relaxsrl.com\/de\/anleitung-zur-auswahl\/grosse-duschkabine\/#webpage","url":"https:\/\/relaxsrl.com\/de\/anleitung-zur-auswahl\/grosse-duschkabine\/","name":"Gro\u00dfe Duschkabine - Relax srl","isPartOf":{"@id":"https:\/\/relaxsrl.com\/#website"},"primaryImageOfPage":{"@id":"https:\/\/relaxsrl.com\/de\/anleitung-zur-auswahl\/grosse-duschkabine\/#primaryimage"},"datePublished":"2022-08-10T15:20:44+00:00","dateModified":"2024-11-18T10:54:03+00:00","description":"Eine 120 x 80 cm lange Duschkabine ist gro\u00df, komfortabel in der Handhabung und Reinigung, gro\u00dfz\u00fcgige Aufbewahrung f\u00fcr wichtige Duschk\u00f6pfe und Duschs\u00e4ulen, Regale und vielleicht sogar Massaged\u00fcsen.","breadcrumb":{"@id":"https:\/\/relaxsrl.com\/de\/anleitung-zur-auswahl\/grosse-duschkabine\/#breadcrumb"},"inLanguage":"de-DE","potentialAction":[{"@type":"ReadAction","target":["https:\/\/relaxsrl.com\/de\/anleitung-zur-auswahl\/grosse-duschkabine\/"]}]},{"@type":"BreadcrumbList","@id":"https:\/\/relaxsrl.com\/de\/anleitung-zur-auswahl\/grosse-duschkabine\/#breadcrumb","itemListElement":[{"@type":"ListItem","position":1,"name":"Anleitung zur Auswahl","item":"https:\/\/relaxsrl.com\/de\/anleitung-zur-auswahl\/"},{"@type":"ListItem","position":2,"name":"Gro\u00dfe Duschkabine"}]}]}},"_links":{"self":[{"href":"https:\/\/relaxsrl.com\/de\/wp-json\/wp\/v2\/pages\/22771"}],"collection":[{"href":"https:\/\/relaxsrl.com\/de\/wp-json\/wp\/v2\/pages"}],"about":[{"href":"https:\/\/relaxsrl.com\/de\/wp-json\/wp\/v2\/types\/page"}],"author":[{"embeddable":true,"href":"https:\/\/relaxsrl.com\/de\/wp-json\/wp\/v2\/users\/3"}],"replies":[{"embeddable":true,"href":"https:\/\/relaxsrl.com\/de\/wp-json\/wp\/v2\/comments?post=22771"}],"version-history":[{"count":6,"href":"https:\/\/relaxsrl.com\/de\/wp-json\/wp\/v2\/pages\/22771\/revisions"}],"predecessor-version":[{"id":31347,"href":"https:\/\/relaxsrl.com\/de\/wp-json\/wp\/v2\/pages\/22771\/revisions\/31347"}],"up":[{"embeddable":true,"href":"https:\/\/relaxsrl.com\/de\/wp-json\/wp\/v2\/pages\/22678"}],"wp:featuredmedia":[{"embeddable":true,"href":"https:\/\/relaxsrl.com\/de\/wp-json\/wp\/v2\/media\/31332"}],"wp:attachment":[{"href":"https:\/\/relaxsrl.com\/de\/wp-json\/wp\/v2\/media?parent=22771"}],"curies":[{"name":"wp","href":"https:\/\/api.w.org\/{rel}","templated":true}]}}