{"id":22775,"date":"2022-08-10T17:23:40","date_gmt":"2022-08-10T15:23:40","guid":{"rendered":"https:\/\/relaxsrl.com\/anleitung-zur-auswahl\/duschkabine-fuer-zwei\/"},"modified":"2024-11-18T12:05:13","modified_gmt":"2024-11-18T11:05:13","slug":"duschkabine-fuer-zwei","status":"publish","type":"page","link":"https:\/\/relaxsrl.com\/de\/anleitung-zur-auswahl\/duschkabine-fuer-zwei\/","title":{"rendered":"Duschkabine f\u00fcr zwei"},"content":{"rendered":"<p>[vc_row full_width=&#8220;stretch_row&#8220; content_placement=&#8220;middle&#8220; el_class=&#8220;intro-row intro-row-grey&#8220;][vc_column][vc_column_text]<\/p>\n<h1>Duschkabine f\u00fcr zwei<\/h1>\n<p>[\/vc_column_text][\/vc_column][\/vc_row][vc_row el_class=&#8220;row-path&#8220;][vc_column][vc_column_text][\/vc_column_text][\/vc_column][\/vc_row][vc_row][vc_column][vc_single_image image=&#8220;31352&#8243; img_size=&#8220;full&#8220;][\/vc_column][\/vc_row][vc_row][vc_column width=&#8220;1\/6&#8243;][\/vc_column][vc_column width=&#8220;2\/3&#8243;][vc_empty_space height=&#8220;40px&#8220;][vc_column_text el_class=&#8220;txt-blue abstract weight500&#8243;]Die Duschkabine f\u00fcr zwei ist eine besondere Auslegung des Badezimmers, was oft gefragt wird. Dazu braucht es einen passenden Stauraum, der mit einer einzelnen oder zwei aufeinander abgestimmten Duschkabinen ausgestattet werden kann.[\/vc_column_text][vc_empty_space height=&#8220;35px&#8220;][\/vc_column][\/vc_row][vc_row][vc_column width=&#8220;1\/6&#8243;][\/vc_column][vc_column width=&#8220;2\/3&#8243;][vc_column_text]<\/p>\n<ul>\n<li><a class=\"link-interno link-interno-paragrafo-1\" href=\"#\">Einzeldusche breit 160 cm (mindestens)<\/a><\/li>\n<li><a class=\"link-interno link-interno-paragrafo-2\" href=\"#\">Zwei Duschkabinen vereint<\/a><\/li>\n<\/ul>\n<p>[\/vc_column_text][vc_empty_space height=&#8220;40px&#8220;][\/vc_column][\/vc_row][vc_row el_id=&#8220;paragrafo-1&#8243;][vc_column width=&#8220;1\/6&#8243;][\/vc_column][vc_column width=&#8220;2\/3&#8243;][vc_column_text]<\/p>\n<h2>Einzeldusche 160 cm breit (mindestens)<\/h2>\n<p>Eine Dusche f\u00fcr zwei aus einer Einzelkabine erfordert eine Breite von mindestens 160 cm, da zwei Duschbrausen im Innenraum stehen m\u00fcssen. Es kann sowohl in einer Nische als auch in einer Ecke und mit 3 Seiten aufgestellt werden, wobei vorzugsweise zwei geschlossene T\u00fcren verwendet werden sollten, um einen weitl\u00e4ufigen und nutzbaren Eingangsbereich f\u00fcr links und rechts zu gew\u00e4hrleisten. Die \u00d6ffnung kann sowohl eine Schiebet\u00fcr als auch eine Fl\u00fcgelt\u00fcr sein; im letzteren Fall wird eine Glasscheibe von 8 mm empfohlen, da diese stabiler ist.[\/vc_column_text][vc_empty_space height=&#8220;40px&#8220;][\/vc_column][\/vc_row][vc_row el_id=&#8220;paragrafo-2&#8243;][vc_column width=&#8220;1\/6&#8243;][\/vc_column][vc_column width=&#8220;2\/3&#8243;][vc_column_text]<\/p>\n<h2>Zwei Duschkabinen vereint<\/h2>\n<p>Die Dusche f\u00fcr zwei kann auch aus zwei nebeneinander stehenden Walk-in Kabinen bestehen, was zum Beispiel den sehr leichten Zugang durch das Fehlen von T\u00fcren erleichtert.<br \/>\nAm einfachsten ist es, zwei Kabinen mit Au\u00dfenglas und Haupteingang in einer Nische zu platzieren. Diese k\u00f6nnen die Duschplatten separat oder vorzugsweise eine einzelne Duschplatte von einer Seite zur anderen haben. Die Walk-in-Kabine kann mit einem Profil (welches in der Wand verschwinden k\u00f6nnte) oder mit Scharnieren an der Wand befestigt werden.<br \/>\nDie Stabilit\u00e4t des Glases wird auf drei Arten gew\u00e4hrleistet:<\/p>\n<ul>\n<li>Der Standard-Balken, der auch Duschkopf und Massagedr\u00fc\u00dfen erm\u00f6glicht<\/li>\n<li>Die Stange, die auch zum Duschkopf dient (siehe Beispiel Popeye von Relax)<\/li>\n<li>Der Balken wird durch ein Regal ersetzt, die auch Duschkopf und Massagedr\u00fc\u00dfen erlaubt<\/li>\n<\/ul>\n<p>Generell sind verschiedene Konfigurationen m\u00f6glich, auch mit zus\u00e4tzlichem Zubeh\u00f6r, um die Duschkabine x 2 luxuri\u00f6s und komfortabel zu gestalten, wie zum Beispiel der Dampfgenerator oder der Touch-Control-Panel.[\/vc_column_text][vc_empty_space height=&#8220;40px&#8220;][\/vc_column][\/vc_row][vc_row][vc_column][vc_empty_space height=&#8220;50px&#8220;][vc_column_text]<\/p>\n<h3 style=\"text-align: center;\">Einige Beispiele der Duschkabinen x 2 Relax<\/h3>\n<p>[\/vc_column_text][vc_empty_space height=&#8220;30px&#8220;]<div class=\"woocommerce columns-4 \"><ul class=\"products columns-4\">\n<li class=\"product type-product post-21214 status-publish first instock product_cat-3-lati-fr product_cat-3-lati-de product_cat-3-lati-en product_cat-3- product_cat-angolare-de product_cat-angolare-en product_cat-angulaire product_cat-box-doccia-de product_cat-box-doccia-en product_cat-box-doccia-industriale product_cat-cabina-doccia-per-2 product_cat-cabine-de-douche product_cat-guide-de-selection-cabine-de-douche-pour-2 product_cat-guide-de-selection-cabines-de-douche-industrielles product_cat-collections product_cat-collections-en product_cat-guida-alla-scelta-de product_cat-selection-guide-en product_cat-guide-de-selection product_cat-selection-guide product_cat-collezioni-de product_cat-selection-guide-shower-enclosure-for-2 product_cat-tipologia-prodotto-de product_cat-tipologia-prodotto-en product_cat-type-de-produit product_cat-walk-in-en-5 product_cat-3-lati-walk-in-fr product_cat-walk-in-de-4 product_cat-walk-in-fr product_cat-guide-de-selection-walk-in product_cat-walk-in-en-3 product_cat-walk-in-en product_cat-walk-in-de-7 product_cat-walk-in-de-5 product_cat-walk-in-de product_cat-walk-in-en-2 product_cat-angulaire-walk-in product_cat-wall-fr product_cat-wall-en product_cat-wall-de product_cat-wall-ru product_cat-1618 product_cat------x-2 product_cat-1568 product_cat-1599 product_cat-3---- product_cat-1615 product_cat-1636 product_cat-1649 product_cat-1594 product_cat-1617 product_cat-1626 has-post-thumbnail shipping-taxable product-type-simple\">\n\t<div class=\"woocommerce-loop-product__short_description\" itemprop=\"description\"><a href=\"https:\/\/relaxsrl.com\/de\/produkt\/wall-a\/\" class=\"woocommerce-LoopProduct-link woocommerce-loop-product__link\"><p>Traditionelle begehbare Duschkabine, die von einer Metallstange getragen wird.<\/p>\n<\/a><\/div><\/li>\n<li class=\"product type-product post-21162 status-publish instock product_cat-angolare-de product_cat-angolare-en product_cat-battente-de-2 product_cat-box-doccia-en product_cat-box-doccia-de product_cat-cabina-doccia-per-2 product_cat-collections-en product_cat-hinged product_cat-collezioni-de product_cat-selection-guide-shower-enclosure-for-2 product_cat-steam-ru product_cat-steam-en product_cat-steam-de product_cat-tipologia-prodotto-en product_cat-tipologia-prodotto-de product_cat-1618 product_cat------x-2 product_cat-1568 product_cat-1627 product_cat-1617 product_cat-1626 has-post-thumbnail shipping-taxable product-type-simple\">\n\t<div class=\"woocommerce-loop-product__short_description\" itemprop=\"description\"><a href=\"https:\/\/relaxsrl.com\/de\/produkt\/steam-pb-steam-f\/\" class=\"woocommerce-LoopProduct-link woocommerce-loop-product__link\"><p>Eckduschabtrennung mit Fl\u00fcgelt\u00fcr, zwei festen Seiten und Dampfdichtsystem.<\/p>\n<\/a><\/div><\/li>\n<\/ul>\n<\/div>[\/vc_column][\/vc_row][vc_row full_width=&#8220;stretch_row_content_no_spaces&#8220; equal_height=&#8220;yes&#8220; content_placement=&#8220;middle&#8220; el_class=&#8220;row-over-footer row-cta-over-footer&#8220;][vc_column width=&#8220;1\/2&#8243;][vc_single_image image=&#8220;2508&#8243; img_size=&#8220;full&#8220;][\/vc_column][vc_column width=&#8220;1\/2&#8243; css=&#8220;.vc_custom_1632909982812{background-image: url(http:\/\/relaxsrl.com\/wp-content\/uploads\/2021\/09\/cta-due-opaco.jpg?id=2509) !important;background-position: center !important;background-repeat: no-repeat !important;background-size: cover !important;}&#8220; el_class=&#8220;row-cta-over-footer-col-text&#8220;][vc_row_inner][vc_column_inner width=&#8220;1\/4&#8243;][\/vc_column_inner][vc_column_inner width=&#8220;1\/2&#8243;][vc_column_text]<\/p>\n<h2 style=\"text-align: center;\">Wollen Sie mehr dar\u00fcber wissen?<\/h2>\n<p style=\"text-align: center;\">Sie werden sicherlich spezifische Fragen zu Ihrer Situation haben. Schreiben Sie uns jetzt und einer unserer Experten wird Ihnen antworten.<\/p>\n<p>[\/vc_column_text][vc_btn title=&#8220;NACH INFORMATIONEN FRAGEN&#8220; style=&#8220;classic&#8220; shape=&#8220;square&#8220; color=&#8220;white&#8220; align=&#8220;center&#8220; el_class=&#8220;btn-default-white&#8220; link=&#8220;url:https%3A%2F%2Frelaxsrl.com%2Fde%2Fkontakte%2F|title:NACH%20INFORMATIONEN%20FRAGEN&#8220;][\/vc_column_inner][vc_column_inner width=&#8220;1\/4&#8243;][\/vc_column_inner][\/vc_row_inner][\/vc_column][\/vc_row]<\/p>\n","protected":false},"excerpt":{"rendered":"<p>[vc_row full_width=&#8220;stretch_row&#8220; content_placement=&#8220;middle&#8220; el_class=&#8220;intro-row intro-row-grey&#8220;][vc_column][vc_column_text] Duschkabine f\u00fcr zwei [\/vc_column_text][\/vc_column][\/vc_row][vc_row el_class=&#8220;row-path&#8220;][vc_column][vc_column_text][\/vc_column_text][\/vc_column][\/vc_row][vc_row][vc_column][vc_single_image image=&#8220;31352&#8243; img_size=&#8220;full&#8220;][\/vc_column][\/vc_row][vc_row][vc_column width=&#8220;1\/6&#8243;][\/vc_column][vc_column width=&#8220;2\/3&#8243;][vc_empty_space height=&#8220;40px&#8220;][vc_column_text el_class=&#8220;txt-blue abstract weight500&#8243;]Die Duschkabine f\u00fcr zwei ist eine besondere Auslegung des Badezimmers, was oft gefragt wird. Dazu braucht es einen passenden Stauraum, der mit einer einzelnen oder zwei aufeinander abgestimmten Duschkabinen ausgestattet werden kann.[\/vc_column_text][vc_empty_space height=&#8220;35px&#8220;][\/vc_column][\/vc_row][vc_row][vc_column width=&#8220;1\/6&#8243;][\/vc_column][vc_column width=&#8220;2\/3&#8243;][vc_column_text] Einzeldusche breit 160 [&hellip;]<\/p>\n","protected":false},"author":3,"featured_media":31352,"parent":22678,"menu_order":0,"comment_status":"closed","ping_status":"closed","template":"","meta":[],"acf":[],"yoast_head":"<!-- This site is optimized with the Yoast SEO Premium plugin v18.4 (Yoast SEO v18.8) - https:\/\/yoast.com\/wordpress\/plugins\/seo\/ -->\n<title>Duschkabine f\u00fcr zwei - Relax srl<\/title>\n<meta name=\"description\" content=\"Die Duschabtrennung f\u00fcr zwei ben\u00f6tigt ausreichend Stauraum, der mit einer oder zwei passenden Duschabtrennungen ausgestattet werden kann.\" \/>\n<meta name=\"robots\" content=\"index, follow, max-snippet:-1, max-image-preview:large, max-video-preview:-1\" \/>\n<link rel=\"canonical\" href=\"https:\/\/relaxsrl.com\/de\/anleitung-zur-auswahl\/duschkabine-fuer-zwei\/\" \/>\n<meta property=\"og:locale\" content=\"de_DE\" \/>\n<meta property=\"og:type\" content=\"article\" \/>\n<meta property=\"og:title\" content=\"Duschkabine f\u00fcr zwei - Relax srl\" \/>\n<meta property=\"og:description\" content=\"Die Duschabtrennung f\u00fcr zwei ben\u00f6tigt ausreichend Stauraum, der mit einer oder zwei passenden Duschabtrennungen ausgestattet werden kann.\" \/>\n<meta property=\"og:url\" content=\"https:\/\/relaxsrl.com\/de\/anleitung-zur-auswahl\/duschkabine-fuer-zwei\/\" \/>\n<meta property=\"og:site_name\" content=\"Relax srl\" \/>\n<meta property=\"article:modified_time\" content=\"2024-11-18T11:05:13+00:00\" \/>\n<meta property=\"og:image\" content=\"https:\/\/relaxsrl.com\/website\/wp-content\/uploads\/2024\/11\/DIMENSIONI_1.jpg\" \/>\n\t<meta property=\"og:image:width\" content=\"1920\" \/>\n\t<meta property=\"og:image:height\" content=\"1080\" \/>\n\t<meta property=\"og:image:type\" content=\"image\/jpeg\" \/>\n<meta name=\"twitter:card\" content=\"summary_large_image\" \/>\n<meta name=\"twitter:label1\" content=\"Gesch\u00e4tzte Lesezeit\" \/>\n\t<meta name=\"twitter:data1\" content=\"3 Minuten\" \/>\n<script type=\"application\/ld+json\" class=\"yoast-schema-graph\">{\"@context\":\"https:\/\/schema.org\",\"@graph\":[{\"@type\":\"WebSite\",\"@id\":\"https:\/\/relaxsrl.com\/#website\",\"url\":\"https:\/\/relaxsrl.com\/\",\"name\":\"Relax srl\",\"description\":\"\",\"potentialAction\":[{\"@type\":\"SearchAction\",\"target\":{\"@type\":\"EntryPoint\",\"urlTemplate\":\"https:\/\/relaxsrl.com\/?s={search_term_string}\"},\"query-input\":\"required name=search_term_string\"}],\"inLanguage\":\"de-DE\"},{\"@type\":\"ImageObject\",\"inLanguage\":\"de-DE\",\"@id\":\"https:\/\/relaxsrl.com\/de\/anleitung-zur-auswahl\/duschkabine-fuer-zwei\/#primaryimage\",\"url\":\"https:\/\/relaxsrl.com\/website\/wp-content\/uploads\/2024\/11\/DIMENSIONI_1.jpg\",\"contentUrl\":\"https:\/\/relaxsrl.com\/website\/wp-content\/uploads\/2024\/11\/DIMENSIONI_1.jpg\",\"width\":1920,\"height\":1080},{\"@type\":\"WebPage\",\"@id\":\"https:\/\/relaxsrl.com\/de\/anleitung-zur-auswahl\/duschkabine-fuer-zwei\/#webpage\",\"url\":\"https:\/\/relaxsrl.com\/de\/anleitung-zur-auswahl\/duschkabine-fuer-zwei\/\",\"name\":\"Duschkabine f\u00fcr zwei - Relax srl\",\"isPartOf\":{\"@id\":\"https:\/\/relaxsrl.com\/#website\"},\"primaryImageOfPage\":{\"@id\":\"https:\/\/relaxsrl.com\/de\/anleitung-zur-auswahl\/duschkabine-fuer-zwei\/#primaryimage\"},\"datePublished\":\"2022-08-10T15:23:40+00:00\",\"dateModified\":\"2024-11-18T11:05:13+00:00\",\"description\":\"Die Duschabtrennung f\u00fcr zwei ben\u00f6tigt ausreichend Stauraum, der mit einer oder zwei passenden Duschabtrennungen ausgestattet werden kann.\",\"breadcrumb\":{\"@id\":\"https:\/\/relaxsrl.com\/de\/anleitung-zur-auswahl\/duschkabine-fuer-zwei\/#breadcrumb\"},\"inLanguage\":\"de-DE\",\"potentialAction\":[{\"@type\":\"ReadAction\",\"target\":[\"https:\/\/relaxsrl.com\/de\/anleitung-zur-auswahl\/duschkabine-fuer-zwei\/\"]}]},{\"@type\":\"BreadcrumbList\",\"@id\":\"https:\/\/relaxsrl.com\/de\/anleitung-zur-auswahl\/duschkabine-fuer-zwei\/#breadcrumb\",\"itemListElement\":[{\"@type\":\"ListItem\",\"position\":1,\"name\":\"Anleitung zur Auswahl\",\"item\":\"https:\/\/relaxsrl.com\/de\/anleitung-zur-auswahl\/\"},{\"@type\":\"ListItem\",\"position\":2,\"name\":\"Duschkabine f\u00fcr zwei\"}]}]}<\/script>\n<!-- \/ Yoast SEO Premium plugin. -->","yoast_head_json":{"title":"Duschkabine f\u00fcr zwei - Relax srl","description":"Die Duschabtrennung f\u00fcr zwei ben\u00f6tigt ausreichend Stauraum, der mit einer oder zwei passenden Duschabtrennungen ausgestattet werden kann.","robots":{"index":"index","follow":"follow","max-snippet":"max-snippet:-1","max-image-preview":"max-image-preview:large","max-video-preview":"max-video-preview:-1"},"canonical":"https:\/\/relaxsrl.com\/de\/anleitung-zur-auswahl\/duschkabine-fuer-zwei\/","og_locale":"de_DE","og_type":"article","og_title":"Duschkabine f\u00fcr zwei - Relax srl","og_description":"Die Duschabtrennung f\u00fcr zwei ben\u00f6tigt ausreichend Stauraum, der mit einer oder zwei passenden Duschabtrennungen ausgestattet werden kann.","og_url":"https:\/\/relaxsrl.com\/de\/anleitung-zur-auswahl\/duschkabine-fuer-zwei\/","og_site_name":"Relax srl","article_modified_time":"2024-11-18T11:05:13+00:00","og_image":[{"width":1920,"height":1080,"url":"https:\/\/relaxsrl.com\/website\/wp-content\/uploads\/2024\/11\/DIMENSIONI_1.jpg","type":"image\/jpeg"}],"twitter_card":"summary_large_image","twitter_misc":{"Gesch\u00e4tzte Lesezeit":"3 Minuten"},"schema":{"@context":"https:\/\/schema.org","@graph":[{"@type":"WebSite","@id":"https:\/\/relaxsrl.com\/#website","url":"https:\/\/relaxsrl.com\/","name":"Relax srl","description":"","potentialAction":[{"@type":"SearchAction","target":{"@type":"EntryPoint","urlTemplate":"https:\/\/relaxsrl.com\/?s={search_term_string}"},"query-input":"required name=search_term_string"}],"inLanguage":"de-DE"},{"@type":"ImageObject","inLanguage":"de-DE","@id":"https:\/\/relaxsrl.com\/de\/anleitung-zur-auswahl\/duschkabine-fuer-zwei\/#primaryimage","url":"https:\/\/relaxsrl.com\/website\/wp-content\/uploads\/2024\/11\/DIMENSIONI_1.jpg","contentUrl":"https:\/\/relaxsrl.com\/website\/wp-content\/uploads\/2024\/11\/DIMENSIONI_1.jpg","width":1920,"height":1080},{"@type":"WebPage","@id":"https:\/\/relaxsrl.com\/de\/anleitung-zur-auswahl\/duschkabine-fuer-zwei\/#webpage","url":"https:\/\/relaxsrl.com\/de\/anleitung-zur-auswahl\/duschkabine-fuer-zwei\/","name":"Duschkabine f\u00fcr zwei - Relax srl","isPartOf":{"@id":"https:\/\/relaxsrl.com\/#website"},"primaryImageOfPage":{"@id":"https:\/\/relaxsrl.com\/de\/anleitung-zur-auswahl\/duschkabine-fuer-zwei\/#primaryimage"},"datePublished":"2022-08-10T15:23:40+00:00","dateModified":"2024-11-18T11:05:13+00:00","description":"Die Duschabtrennung f\u00fcr zwei ben\u00f6tigt ausreichend Stauraum, der mit einer oder zwei passenden Duschabtrennungen ausgestattet werden kann.","breadcrumb":{"@id":"https:\/\/relaxsrl.com\/de\/anleitung-zur-auswahl\/duschkabine-fuer-zwei\/#breadcrumb"},"inLanguage":"de-DE","potentialAction":[{"@type":"ReadAction","target":["https:\/\/relaxsrl.com\/de\/anleitung-zur-auswahl\/duschkabine-fuer-zwei\/"]}]},{"@type":"BreadcrumbList","@id":"https:\/\/relaxsrl.com\/de\/anleitung-zur-auswahl\/duschkabine-fuer-zwei\/#breadcrumb","itemListElement":[{"@type":"ListItem","position":1,"name":"Anleitung zur Auswahl","item":"https:\/\/relaxsrl.com\/de\/anleitung-zur-auswahl\/"},{"@type":"ListItem","position":2,"name":"Duschkabine f\u00fcr zwei"}]}]}},"_links":{"self":[{"href":"https:\/\/relaxsrl.com\/de\/wp-json\/wp\/v2\/pages\/22775"}],"collection":[{"href":"https:\/\/relaxsrl.com\/de\/wp-json\/wp\/v2\/pages"}],"about":[{"href":"https:\/\/relaxsrl.com\/de\/wp-json\/wp\/v2\/types\/page"}],"author":[{"embeddable":true,"href":"https:\/\/relaxsrl.com\/de\/wp-json\/wp\/v2\/users\/3"}],"replies":[{"embeddable":true,"href":"https:\/\/relaxsrl.com\/de\/wp-json\/wp\/v2\/comments?post=22775"}],"version-history":[{"count":5,"href":"https:\/\/relaxsrl.com\/de\/wp-json\/wp\/v2\/pages\/22775\/revisions"}],"predecessor-version":[{"id":31357,"href":"https:\/\/relaxsrl.com\/de\/wp-json\/wp\/v2\/pages\/22775\/revisions\/31357"}],"up":[{"embeddable":true,"href":"https:\/\/relaxsrl.com\/de\/wp-json\/wp\/v2\/pages\/22678"}],"wp:featuredmedia":[{"embeddable":true,"href":"https:\/\/relaxsrl.com\/de\/wp-json\/wp\/v2\/media\/31352"}],"wp:attachment":[{"href":"https:\/\/relaxsrl.com\/de\/wp-json\/wp\/v2\/media?parent=22775"}],"curies":[{"name":"wp","href":"https:\/\/api.w.org\/{rel}","templated":true}]}}