{"id":22780,"date":"2022-08-10T17:27:44","date_gmt":"2022-08-10T15:27:44","guid":{"rendered":"https:\/\/relaxsrl.com\/anleitung-zur-auswahl\/duschkabinen-fuer-behinderte-oder-senioren\/"},"modified":"2024-11-18T17:35:26","modified_gmt":"2024-11-18T16:35:26","slug":"duschkabinen-fuer-behinderte-oder-senioren","status":"publish","type":"page","link":"https:\/\/relaxsrl.com\/de\/anleitung-zur-auswahl\/duschkabinen-fuer-behinderte-oder-senioren\/","title":{"rendered":"Duschkabinen f\u00fcr Behinderte oder Senioren"},"content":{"rendered":"<p>[vc_row full_width=&#8220;stretch_row&#8220; content_placement=&#8220;middle&#8220; el_class=&#8220;intro-row intro-row-grey&#8220;][vc_column][vc_column_text]<\/p>\n<h1>Duschkabinen f\u00fcr Behinderte oder Senioren<\/h1>\n<p>[\/vc_column_text][\/vc_column][\/vc_row][vc_row el_class=&#8220;row-path&#8220;][vc_column][vc_column_text][\/vc_column_text][\/vc_column][\/vc_row][vc_row][vc_column width=&#8220;1\/6&#8243;][\/vc_column][vc_column width=&#8220;2\/3&#8243;][vc_empty_space height=&#8220;40px&#8220;][vc_column_text el_class=&#8220;txt-blue abstract weight500&#8243;]Duschkabinen f\u00fcr Menschen mit Behinderungen und \u00e4ltere Menschen sind speziell auf ihre Bed\u00fcrfnisse zugeschnitten, um Bewegungen mit eingeschr\u00e4nkten motorischen M\u00f6glichkeiten zu erleichtern.[\/vc_column_text][vc_empty_space height=&#8220;35px&#8220;][\/vc_column][\/vc_row][vc_row][vc_column width=&#8220;1\/6&#8243;][\/vc_column][vc_column width=&#8220;2\/3&#8243;][vc_column_text]<\/p>\n<ul>\n<li><a class=\"link-interno link-interno-paragrafo-1\" href=\"#\">Behinderte und \u00e4ltere Menschen unter der Dusche: zu beachten<\/a><\/li>\n<li><a class=\"link-interno link-interno-paragrafo-2\" href=\"#\">Bessere T\u00fcren f\u00fcr Senioren- oder Behindertenkabinen<\/a><\/li>\n<li><a class=\"link-interno link-interno-paragrafo-3\" href=\"#\">Bessere Duschkabinen f\u00fcr Senioren oder Behinderte<\/a><\/li>\n<\/ul>\n<p>[\/vc_column_text][vc_empty_space height=&#8220;40px&#8220;][\/vc_column][\/vc_row][vc_row el_id=&#8220;paragrafo-1&#8243;][vc_column width=&#8220;1\/6&#8243;][\/vc_column][vc_column width=&#8220;2\/3&#8243;][vc_column_text]<\/p>\n<h2>Behinderte und \u00e4ltere Menschen unter der Dusche: zu beachten<\/h2>\n<p>Duschkabinen f\u00fcr Menschen mit eingeschr\u00e4nkter Mobilit\u00e4t sind so konzipiert, dass sie die Probleme von Personen mit eingeschr\u00e4nkter Mobilit\u00e4t l\u00f6sen k\u00f6nnen, denn herk\u00f6mmliche Kabinen k\u00f6nnen zu einem Hindernis f\u00fcr eine Person werden, die in einen Rollstuhl einsteigen und\/oder beim Duschen unterst\u00fctzt werden m\u00fcssen. Sie erfordern daher eine sorgf\u00e4ltige Pr\u00fcfung:<\/p>\n<ul>\n<li>der Abmessungen, insbesondere der Abmessungen der Eingangsgr\u00f6\u00dfen<\/li>\n<li>Zubeh\u00f6rteile wie z.B. Innenhocker zum Sitzen in der Dusche<\/li>\n<li>der geeignetsten T\u00fcren<\/li>\n<li>Duschplatten und ihre etwaige Einstiegsstufe<\/li>\n<\/ul>\n<p>Ein all umfassendes Badezimmer erm\u00f6glicht jedem die Nutzung des Raumes. Eine inklusive Design-Duschkabine ist sicher, mit Sicherheitsglas und flachen B\u00f6den, um Unebenheiten zu vermeiden.[\/vc_column_text][vc_empty_space height=&#8220;40px&#8220;][\/vc_column][\/vc_row][vc_row el_id=&#8220;paragrafo-2&#8243;][vc_column width=&#8220;1\/6&#8243;][\/vc_column][vc_column width=&#8220;2\/3&#8243;][vc_column_text]<\/p>\n<h2>Geeignetsten T\u00fcren f\u00fcr Senioren- oder Behindertenkabinen<\/h2>\n<p>[\/vc_column_text][vc_empty_space height=&#8220;20px&#8220;][\/vc_column][\/vc_row][vc_row][vc_column width=&#8220;1\/6&#8243;][\/vc_column][vc_column width=&#8220;2\/3&#8243;][vc_column_text]<\/p>\n<h3>Fl\u00fcgelt\u00fcre<\/h3>\n<p>Die Fl\u00fcgelt\u00fcr \u00f6ffnet sich fast vollst\u00e4ndig, so dass sie optimal zug\u00e4nglich ist. Zum Beispiel bei einer T\u00fcr von 90 cm betr\u00e4gt der Stauraum 81 cm. Wer zwei Fl\u00fcgelt\u00fcren bevorzugt, braucht mindestens 80&#215;80 cm Abstand.[\/vc_column_text][vc_empty_space height=&#8220;20px&#8220;][\/vc_column][\/vc_row][vc_row][vc_column width=&#8220;1\/6&#8243;][\/vc_column][vc_column width=&#8220;2\/3&#8243;][vc_column_text]<\/p>\n<h3>Faltt\u00fcre<\/h3>\n<p>Bei kleinen Platzverh\u00e4ltnissen kann eine Eckdusche bis 70x70cm mit zwei Faltt\u00fcren gew\u00e4hlt werden, die sich auch bei Nichtgebrauch vollst\u00e4ndig an die Wand falten lassen. [\/vc_column_text][vc_empty_space height=&#8220;40px&#8220;][\/vc_column][\/vc_row][vc_row el_id=&#8220;paragrafo-3&#8243;][vc_column width=&#8220;1\/6&#8243;][\/vc_column][vc_column width=&#8220;2\/3&#8243;][vc_column_text]<\/p>\n<h2>Geeignetsten Duschkabinen f\u00fcr Senioren oder Behinderte<\/h2>\n<p>[\/vc_column_text][vc_empty_space height=&#8220;20px&#8220;][\/vc_column][\/vc_row][vc_row][vc_column width=&#8220;1\/6&#8243;][\/vc_column][vc_column width=&#8220;2\/3&#8243;][vc_column_text]<\/p>\n<h3>Walk-in bodenb\u00fcndig<\/h3>\n<p>Wenn das Bad einen gro\u00dfen Duschbereich bietet, ist die bodenb\u00fcndige Walk-in-Kabine eine beliebte L\u00f6sung, ideal f\u00fcr Personen mit begrenzten motorischen M\u00f6glichkeiten, da der Einstieg immer offen ist und reibungslos funktioniert.[\/vc_column_text][vc_empty_space height=&#8220;20px&#8220;][\/vc_column][\/vc_row][vc_row][vc_column][vc_empty_space height=&#8220;50px&#8220;][vc_column_text]<\/p>\n<h3 style=\"text-align: center;\">Einige Beispiele der Duschkabinen f\u00fcr Behinderte oder Senioren aus dem Programm Relax<\/h3>\n<p>[\/vc_column_text][vc_empty_space height=&#8220;30px&#8220;]<div class=\"woocommerce columns-4 \"><ul class=\"products columns-4\">\n<li class=\"product type-product post-21123 status-publish first instock product_cat-angolare-en product_cat-angolare-de product_cat-angulaire product_cat-box-doccia-de product_cat-box-doccia-en product_cat-cabina-doccia-salvaspazio product_cat-cabine-de-douche product_cat-guide-de-selection-cabine-de-douche-peu-encombrante product_cat-collections product_cat-collections-en product_cat-angular-foldable product_cat-selection-guide-for-disabled-or-elderly-people product_cat-selection-guide-en product_cat-guida-alla-scelta-de product_cat-guide-de-selection product_cat-light-en product_cat-light-fr product_cat-light-ru product_cat-light-de product_cat-per-disabili-o-anziani product_cat-angulaire-pliable product_cat-guide-de-selection-pour-les-personnes-handicapees-ou-agees product_cat-collezioni-de product_cat-soffietto-de-5 product_cat-selection-guide-space-saving-shower-enclosure product_cat-tipologia-prodotto-en product_cat-tipologia-prodotto-de product_cat-type-de-produit product_cat-1618 product_cat-1608 product_cat-1568 product_cat-1605 product_cat-1594 product_cat-1633 product_cat-1617 product_cat-1626 has-post-thumbnail shipping-taxable product-type-simple\">\n\t<div class=\"woocommerce-loop-product__short_description\" itemprop=\"description\"><a href=\"https:\/\/relaxsrl.com\/de\/produkt\/light-as-light-as\/\" class=\"woocommerce-LoopProduct-link woocommerce-loop-product__link\"><p>Duschabtrennung ohne Profile mit doppelter Faltt\u00fcr.<\/p>\n<\/a><\/div><\/li>\n<\/ul>\n<\/div>[\/vc_column][\/vc_row][vc_row full_width=&#8220;stretch_row_content_no_spaces&#8220; equal_height=&#8220;yes&#8220; content_placement=&#8220;middle&#8220; el_class=&#8220;row-over-footer row-cta-over-footer&#8220;][vc_column width=&#8220;1\/2&#8243;][vc_single_image image=&#8220;2279&#8243; img_size=&#8220;full&#8220;][\/vc_column][vc_column width=&#8220;1\/2&#8243; css=&#8220;.vc_custom_1632906194387{background-image: url(http:\/\/relaxsrl.com\/wp-content\/uploads\/2021\/09\/cta-disabili-opaco.jpg?id=2280) !important;background-position: center !important;background-repeat: no-repeat !important;background-size: cover !important;}&#8220; el_class=&#8220;row-cta-over-footer-col-text&#8220;][vc_row_inner][vc_column_inner width=&#8220;1\/4&#8243;][\/vc_column_inner][vc_column_inner width=&#8220;1\/2&#8243;][vc_column_text]<\/p>\n<h2 style=\"text-align: center;\">Wollen Sie mehr dar\u00fcber wissen?<\/h2>\n<p style=\"text-align: center;\">Sie werden sicherlich spezifische Fragen zu Ihrer Situation haben. Schreiben Sie uns jetzt und einer unserer Experten wird Ihnen antworten.<\/p>\n<p>[\/vc_column_text][vc_btn title=&#8220;NACH INFORMATIONEN FRAGEN&#8220; style=&#8220;classic&#8220; shape=&#8220;square&#8220; color=&#8220;white&#8220; align=&#8220;center&#8220; el_class=&#8220;btn-default-white&#8220; link=&#8220;url:https%3A%2F%2Frelaxsrl.com%2Fde%2Fkontakte%2F|title:NACH%20INFORMATIONEN%20FRAGEN&#8220;][\/vc_column_inner][vc_column_inner width=&#8220;1\/4&#8243;][\/vc_column_inner][\/vc_row_inner][\/vc_column][\/vc_row]<\/p>\n","protected":false},"excerpt":{"rendered":"<p>[vc_row full_width=&#8220;stretch_row&#8220; content_placement=&#8220;middle&#8220; el_class=&#8220;intro-row intro-row-grey&#8220;][vc_column][vc_column_text] Duschkabinen f\u00fcr Behinderte oder Senioren [\/vc_column_text][\/vc_column][\/vc_row][vc_row el_class=&#8220;row-path&#8220;][vc_column][vc_column_text][\/vc_column_text][\/vc_column][\/vc_row][vc_row][vc_column width=&#8220;1\/6&#8243;][\/vc_column][vc_column width=&#8220;2\/3&#8243;][vc_empty_space height=&#8220;40px&#8220;][vc_column_text el_class=&#8220;txt-blue abstract weight500&#8243;]Duschkabinen f\u00fcr Menschen mit Behinderungen und \u00e4ltere Menschen sind speziell auf ihre Bed\u00fcrfnisse zugeschnitten, um Bewegungen mit eingeschr\u00e4nkten motorischen M\u00f6glichkeiten zu erleichtern.[\/vc_column_text][vc_empty_space height=&#8220;35px&#8220;][\/vc_column][\/vc_row][vc_row][vc_column width=&#8220;1\/6&#8243;][\/vc_column][vc_column width=&#8220;2\/3&#8243;][vc_column_text] Behinderte und \u00e4ltere Menschen unter der Dusche: zu beachten Bessere T\u00fcren f\u00fcr Senioren- [&hellip;]<\/p>\n","protected":false},"author":3,"featured_media":0,"parent":22678,"menu_order":0,"comment_status":"closed","ping_status":"closed","template":"","meta":[],"acf":[],"yoast_head":"<!-- This site is optimized with the Yoast SEO Premium plugin v18.4 (Yoast SEO v18.8) - https:\/\/yoast.com\/wordpress\/plugins\/seo\/ -->\n<title>Duschkabinen f\u00fcr Behinderte oder Senioren - Relax srl<\/title>\n<meta name=\"description\" content=\"Duschkabinen f\u00fcr Menschen mit Behinderungen und \u00e4ltere Menschen sind speziell auf ihre Bed\u00fcrfnisse zugeschnitten, um Bewegungen mit eingeschr\u00e4nkten motorischen M\u00f6glichkeiten zu erleichtern.\" \/>\n<meta name=\"robots\" content=\"index, follow, max-snippet:-1, max-image-preview:large, max-video-preview:-1\" \/>\n<link rel=\"canonical\" href=\"https:\/\/relaxsrl.com\/de\/anleitung-zur-auswahl\/duschkabinen-fuer-behinderte-oder-senioren\/\" \/>\n<meta property=\"og:locale\" content=\"de_DE\" \/>\n<meta property=\"og:type\" content=\"article\" \/>\n<meta property=\"og:title\" content=\"Duschkabinen f\u00fcr Behinderte oder Senioren - Relax srl\" \/>\n<meta property=\"og:description\" content=\"Duschkabinen f\u00fcr Menschen mit Behinderungen und \u00e4ltere Menschen sind speziell auf ihre Bed\u00fcrfnisse zugeschnitten, um Bewegungen mit eingeschr\u00e4nkten motorischen M\u00f6glichkeiten zu erleichtern.\" \/>\n<meta property=\"og:url\" content=\"https:\/\/relaxsrl.com\/de\/anleitung-zur-auswahl\/duschkabinen-fuer-behinderte-oder-senioren\/\" \/>\n<meta property=\"og:site_name\" content=\"Relax srl\" \/>\n<meta property=\"article:modified_time\" content=\"2024-11-18T16:35:26+00:00\" \/>\n<meta name=\"twitter:card\" content=\"summary_large_image\" \/>\n<meta name=\"twitter:label1\" content=\"Gesch\u00e4tzte Lesezeit\" \/>\n\t<meta name=\"twitter:data1\" content=\"3 Minuten\" \/>\n<script type=\"application\/ld+json\" class=\"yoast-schema-graph\">{\"@context\":\"https:\/\/schema.org\",\"@graph\":[{\"@type\":\"WebSite\",\"@id\":\"https:\/\/relaxsrl.com\/#website\",\"url\":\"https:\/\/relaxsrl.com\/\",\"name\":\"Relax srl\",\"description\":\"\",\"potentialAction\":[{\"@type\":\"SearchAction\",\"target\":{\"@type\":\"EntryPoint\",\"urlTemplate\":\"https:\/\/relaxsrl.com\/?s={search_term_string}\"},\"query-input\":\"required name=search_term_string\"}],\"inLanguage\":\"de-DE\"},{\"@type\":\"WebPage\",\"@id\":\"https:\/\/relaxsrl.com\/de\/anleitung-zur-auswahl\/duschkabinen-fuer-behinderte-oder-senioren\/#webpage\",\"url\":\"https:\/\/relaxsrl.com\/de\/anleitung-zur-auswahl\/duschkabinen-fuer-behinderte-oder-senioren\/\",\"name\":\"Duschkabinen f\u00fcr Behinderte oder Senioren - Relax srl\",\"isPartOf\":{\"@id\":\"https:\/\/relaxsrl.com\/#website\"},\"datePublished\":\"2022-08-10T15:27:44+00:00\",\"dateModified\":\"2024-11-18T16:35:26+00:00\",\"description\":\"Duschkabinen f\u00fcr Menschen mit Behinderungen und \u00e4ltere Menschen sind speziell auf ihre Bed\u00fcrfnisse zugeschnitten, um Bewegungen mit eingeschr\u00e4nkten motorischen M\u00f6glichkeiten zu erleichtern.\",\"breadcrumb\":{\"@id\":\"https:\/\/relaxsrl.com\/de\/anleitung-zur-auswahl\/duschkabinen-fuer-behinderte-oder-senioren\/#breadcrumb\"},\"inLanguage\":\"de-DE\",\"potentialAction\":[{\"@type\":\"ReadAction\",\"target\":[\"https:\/\/relaxsrl.com\/de\/anleitung-zur-auswahl\/duschkabinen-fuer-behinderte-oder-senioren\/\"]}]},{\"@type\":\"BreadcrumbList\",\"@id\":\"https:\/\/relaxsrl.com\/de\/anleitung-zur-auswahl\/duschkabinen-fuer-behinderte-oder-senioren\/#breadcrumb\",\"itemListElement\":[{\"@type\":\"ListItem\",\"position\":1,\"name\":\"Anleitung zur Auswahl\",\"item\":\"https:\/\/relaxsrl.com\/de\/anleitung-zur-auswahl\/\"},{\"@type\":\"ListItem\",\"position\":2,\"name\":\"Duschkabinen f\u00fcr Behinderte oder Senioren\"}]}]}<\/script>\n<!-- \/ Yoast SEO Premium plugin. -->","yoast_head_json":{"title":"Duschkabinen f\u00fcr Behinderte oder Senioren - Relax srl","description":"Duschkabinen f\u00fcr Menschen mit Behinderungen und \u00e4ltere Menschen sind speziell auf ihre Bed\u00fcrfnisse zugeschnitten, um Bewegungen mit eingeschr\u00e4nkten motorischen M\u00f6glichkeiten zu erleichtern.","robots":{"index":"index","follow":"follow","max-snippet":"max-snippet:-1","max-image-preview":"max-image-preview:large","max-video-preview":"max-video-preview:-1"},"canonical":"https:\/\/relaxsrl.com\/de\/anleitung-zur-auswahl\/duschkabinen-fuer-behinderte-oder-senioren\/","og_locale":"de_DE","og_type":"article","og_title":"Duschkabinen f\u00fcr Behinderte oder Senioren - Relax srl","og_description":"Duschkabinen f\u00fcr Menschen mit Behinderungen und \u00e4ltere Menschen sind speziell auf ihre Bed\u00fcrfnisse zugeschnitten, um Bewegungen mit eingeschr\u00e4nkten motorischen M\u00f6glichkeiten zu erleichtern.","og_url":"https:\/\/relaxsrl.com\/de\/anleitung-zur-auswahl\/duschkabinen-fuer-behinderte-oder-senioren\/","og_site_name":"Relax srl","article_modified_time":"2024-11-18T16:35:26+00:00","twitter_card":"summary_large_image","twitter_misc":{"Gesch\u00e4tzte Lesezeit":"3 Minuten"},"schema":{"@context":"https:\/\/schema.org","@graph":[{"@type":"WebSite","@id":"https:\/\/relaxsrl.com\/#website","url":"https:\/\/relaxsrl.com\/","name":"Relax srl","description":"","potentialAction":[{"@type":"SearchAction","target":{"@type":"EntryPoint","urlTemplate":"https:\/\/relaxsrl.com\/?s={search_term_string}"},"query-input":"required name=search_term_string"}],"inLanguage":"de-DE"},{"@type":"WebPage","@id":"https:\/\/relaxsrl.com\/de\/anleitung-zur-auswahl\/duschkabinen-fuer-behinderte-oder-senioren\/#webpage","url":"https:\/\/relaxsrl.com\/de\/anleitung-zur-auswahl\/duschkabinen-fuer-behinderte-oder-senioren\/","name":"Duschkabinen f\u00fcr Behinderte oder Senioren - Relax srl","isPartOf":{"@id":"https:\/\/relaxsrl.com\/#website"},"datePublished":"2022-08-10T15:27:44+00:00","dateModified":"2024-11-18T16:35:26+00:00","description":"Duschkabinen f\u00fcr Menschen mit Behinderungen und \u00e4ltere Menschen sind speziell auf ihre Bed\u00fcrfnisse zugeschnitten, um Bewegungen mit eingeschr\u00e4nkten motorischen M\u00f6glichkeiten zu erleichtern.","breadcrumb":{"@id":"https:\/\/relaxsrl.com\/de\/anleitung-zur-auswahl\/duschkabinen-fuer-behinderte-oder-senioren\/#breadcrumb"},"inLanguage":"de-DE","potentialAction":[{"@type":"ReadAction","target":["https:\/\/relaxsrl.com\/de\/anleitung-zur-auswahl\/duschkabinen-fuer-behinderte-oder-senioren\/"]}]},{"@type":"BreadcrumbList","@id":"https:\/\/relaxsrl.com\/de\/anleitung-zur-auswahl\/duschkabinen-fuer-behinderte-oder-senioren\/#breadcrumb","itemListElement":[{"@type":"ListItem","position":1,"name":"Anleitung zur Auswahl","item":"https:\/\/relaxsrl.com\/de\/anleitung-zur-auswahl\/"},{"@type":"ListItem","position":2,"name":"Duschkabinen f\u00fcr Behinderte oder Senioren"}]}]}},"_links":{"self":[{"href":"https:\/\/relaxsrl.com\/de\/wp-json\/wp\/v2\/pages\/22780"}],"collection":[{"href":"https:\/\/relaxsrl.com\/de\/wp-json\/wp\/v2\/pages"}],"about":[{"href":"https:\/\/relaxsrl.com\/de\/wp-json\/wp\/v2\/types\/page"}],"author":[{"embeddable":true,"href":"https:\/\/relaxsrl.com\/de\/wp-json\/wp\/v2\/users\/3"}],"replies":[{"embeddable":true,"href":"https:\/\/relaxsrl.com\/de\/wp-json\/wp\/v2\/comments?post=22780"}],"version-history":[{"count":5,"href":"https:\/\/relaxsrl.com\/de\/wp-json\/wp\/v2\/pages\/22780\/revisions"}],"predecessor-version":[{"id":31450,"href":"https:\/\/relaxsrl.com\/de\/wp-json\/wp\/v2\/pages\/22780\/revisions\/31450"}],"up":[{"embeddable":true,"href":"https:\/\/relaxsrl.com\/de\/wp-json\/wp\/v2\/pages\/22678"}],"wp:attachment":[{"href":"https:\/\/relaxsrl.com\/de\/wp-json\/wp\/v2\/media?parent=22780"}],"curies":[{"name":"wp","href":"https:\/\/api.w.org\/{rel}","templated":true}]}}