{"id":22784,"date":"2022-08-10T17:30:20","date_gmt":"2022-08-10T15:30:20","guid":{"rendered":"https:\/\/relaxsrl.com\/anleitung-zur-auswahl\/badewannenaufsatz\/"},"modified":"2022-11-18T11:40:25","modified_gmt":"2022-11-18T10:40:25","slug":"badewannenaufsatz","status":"publish","type":"page","link":"https:\/\/relaxsrl.com\/de\/anleitung-zur-auswahl\/badewannenaufsatz\/","title":{"rendered":"Badewannenaufsatz"},"content":{"rendered":"<p>[vc_row full_width=&#8220;stretch_row&#8220; content_placement=&#8220;middle&#8220; el_class=&#8220;intro-row intro-row-grey&#8220;][vc_column][vc_column_text]<\/p>\n<h1>Badewannenaufsatz<\/h1>\n<p>[\/vc_column_text][\/vc_column][\/vc_row][vc_row el_class=&#8220;row-path&#8220;][vc_column][vc_column_text][\/vc_column_text][\/vc_column][\/vc_row][vc_row][vc_column][vc_single_image image=&#8220;2260&#8243; img_size=&#8220;full&#8220;][\/vc_column][\/vc_row][vc_row][vc_column width=&#8220;1\/6&#8243;][\/vc_column][vc_column width=&#8220;2\/3&#8243;][vc_empty_space height=&#8220;40px&#8220;][vc_column_text el_class=&#8220;txt-blue abstract weight500&#8243;]Der Badewannenaufsatz macht die Badewanne zu einer perfekten Duschkabine, die vor allem Beherbergungsst\u00e4tten und Familien mit Kindern sch\u00e4tzen.[\/vc_column_text][vc_empty_space height=&#8220;35px&#8220;][\/vc_column][\/vc_row][vc_row el_id=&#8220;paragrafo-1&#8243;][vc_column width=&#8220;1\/6&#8243;][\/vc_column][vc_column width=&#8220;2\/3&#8243;][vc_column_text]<\/p>\n<h2>Merkmale des Badewannenaufsatzes<\/h2>\n<p>Merkmale des Badewannenaufsatzes<br \/>\nWie es im Wort hei\u00dft, handelt es sich bei dem Badewannenaufsatzes um Glaspaneele, die \u00fcber den Badewannen angebracht sind, damit das Wasser nicht auf dem Boden landet, wenn man sich im Stehen w\u00e4scht und nicht im Innern liegt. Es ist also eine M\u00f6glichkeit, die Wanne sowohl zum Baden als auch zum Duschen zu benutzen. Die Deckwannen gelten nur f\u00fcr eingelassene Becken mit Standfl\u00e4che, unabh\u00e4ngig davon, ob die Wanne in einer Nische steht oder sich die Wanne in offener Position befindet, mit Ausnahme von Freihaltebecken, die keine Unterlage haben. Erg\u00e4nzt werden k\u00f6nnen Schiebet\u00fcren, Faltt\u00fcren und Fl\u00fcgelt\u00fcren mit geradem, gebogenem oder geformtem Glas.[\/vc_column_text][vc_empty_space height=&#8220;40px&#8220;][\/vc_column][\/vc_row][vc_row][vc_column][vc_empty_space height=&#8220;50px&#8220;][vc_column_text]<\/p>\n<h3 style=\"text-align: center;\">Einige Beispiele der \u00dcberwanne Relax<\/h3>\n<p>[\/vc_column_text][vc_empty_space height=&#8220;30px&#8220;]<div class=\"woocommerce columns-4 \"><ul class=\"products columns-4\">\n<li class=\"product type-product post-21060 status-publish first instock product_cat-axia-de product_cat-axia-ru product_cat-box-doccia-de product_cat-guida-alla-scelta-de product_cat-collezioni-de product_cat-scorrevole-de-3 product_cat-sopravasca-de product_cat-sopravasca-de-2 product_cat-sopravasca-de-3 product_cat-tipologia-prodotto-de product_cat-1618 product_cat-1568 product_cat-1645 product_cat----ru product_cat-1614 product_cat-1647 product_cat-1594 product_cat-1617 has-post-thumbnail shipping-taxable product-type-simple\">\n\t<div class=\"woocommerce-loop-product__short_description\" itemprop=\"description\"><a href=\"https:\/\/relaxsrl.com\/de\/produkt\/axia-sc1-v\/\" class=\"woocommerce-LoopProduct-link woocommerce-loop-product__link\"><p>Sopravasca in nicchia con apertura scorrevole. Vetro da 8 mm.<\/p>\n<\/a><\/div><\/li>\n<li class=\"product type-product post-21045 status-publish instock product_cat-battente-de-4 product_cat-box-doccia-de product_cat-guida-alla-scelta-de product_cat-light-de product_cat-light-ru product_cat-collezioni-de product_cat-sopravasca-de-3 product_cat-sopravasca-de product_cat-sopravasca-de-2 product_cat-tipologia-prodotto-de product_cat-1618 product_cat-1568 product_cat-1646 product_cat-1645 product_cat----ru product_cat-1614 product_cat-1594 product_cat-1617 has-post-thumbnail shipping-taxable product-type-simple\">\n\t<div class=\"woocommerce-loop-product__short_description\" itemprop=\"description\"><a href=\"https:\/\/relaxsrl.com\/de\/produkt\/light-vf1-light-vp1\/\" class=\"woocommerce-LoopProduct-link woocommerce-loop-product__link\"><p>Sopravasca con lato fisso e porta a battente. Vetro da 6 mm.<\/p>\n<\/a><\/div><\/li>\n<\/ul>\n<\/div>[\/vc_column][\/vc_row][vc_row full_width=&#8220;stretch_row_content_no_spaces&#8220; equal_height=&#8220;yes&#8220; content_placement=&#8220;middle&#8220; el_class=&#8220;row-over-footer row-cta-over-footer&#8220;][vc_column width=&#8220;1\/2&#8243;][vc_single_image image=&#8220;2264&#8243; img_size=&#8220;full&#8220;][\/vc_column][vc_column width=&#8220;1\/2&#8243; css=&#8220;.vc_custom_1632905970149{background-image: url(http:\/\/relaxsrl.com\/wp-content\/uploads\/2021\/09\/cta-sopravasca-opaco.jpg?id=2265) !important;background-position: center !important;background-repeat: no-repeat !important;background-size: cover !important;}&#8220; el_class=&#8220;row-cta-over-footer-col-text&#8220;][vc_row_inner][vc_column_inner width=&#8220;1\/4&#8243;][\/vc_column_inner][vc_column_inner width=&#8220;1\/2&#8243;][vc_column_text]<\/p>\n<h2 style=\"text-align: center;\">Entdecken Sie den Badewannenaufsatz Relax<\/h2>\n<p style=\"text-align: center;\">Nutzen Sie unseren Konfigurator, um f\u00fcr Ihre Bed\u00fcrfnisse die passende Wannen-Vorschau zu finden.<\/p>\n<p>[\/vc_column_text][vc_btn title=&#8220;GEHE SIE ZUM KONFIGURATOR&#8220; style=&#8220;classic&#8220; shape=&#8220;square&#8220; color=&#8220;white&#8220; align=&#8220;center&#8220; el_class=&#8220;btn-default-white&#8220; link=&#8220;url:https%3A%2F%2Frelaxsrl.com%2Fde%2Fprodukte%2Fkonfigurator%2F|title:Konfigurator&#8220;][\/vc_column_inner][vc_column_inner width=&#8220;1\/4&#8243;][\/vc_column_inner][\/vc_row_inner][\/vc_column][\/vc_row]<\/p>\n","protected":false},"excerpt":{"rendered":"<p>[vc_row full_width=&#8220;stretch_row&#8220; content_placement=&#8220;middle&#8220; el_class=&#8220;intro-row intro-row-grey&#8220;][vc_column][vc_column_text] Badewannenaufsatz [\/vc_column_text][\/vc_column][\/vc_row][vc_row el_class=&#8220;row-path&#8220;][vc_column][vc_column_text][\/vc_column_text][\/vc_column][\/vc_row][vc_row][vc_column][vc_single_image image=&#8220;2260&#8243; img_size=&#8220;full&#8220;][\/vc_column][\/vc_row][vc_row][vc_column width=&#8220;1\/6&#8243;][\/vc_column][vc_column width=&#8220;2\/3&#8243;][vc_empty_space height=&#8220;40px&#8220;][vc_column_text el_class=&#8220;txt-blue abstract weight500&#8243;]Der Badewannenaufsatz macht die Badewanne zu einer perfekten Duschkabine, die vor allem Beherbergungsst\u00e4tten und Familien mit Kindern sch\u00e4tzen.[\/vc_column_text][vc_empty_space height=&#8220;35px&#8220;][\/vc_column][\/vc_row][vc_row el_id=&#8220;paragrafo-1&#8243;][vc_column width=&#8220;1\/6&#8243;][\/vc_column][vc_column width=&#8220;2\/3&#8243;][vc_column_text] Merkmale des Badewannenaufsatzes Merkmale des Badewannenaufsatzes Wie es im Wort hei\u00dft, handelt es sich bei dem Badewannenaufsatzes um [&hellip;]<\/p>\n","protected":false},"author":3,"featured_media":2260,"parent":22678,"menu_order":0,"comment_status":"closed","ping_status":"closed","template":"","meta":[],"acf":[],"yoast_head":"<!-- This site is optimized with the Yoast SEO Premium plugin v18.4 (Yoast SEO v18.8) - https:\/\/yoast.com\/wordpress\/plugins\/seo\/ -->\n<title>Badewannenaufsatz - Relax srl<\/title>\n<meta name=\"description\" content=\"Der Badewannenaufsatz macht die Badewanne zu einer perfekten Duschkabine, die vor allem Beherbergungsst\u00e4tten und Familien mit Kindern sch\u00e4tzen.\" \/>\n<meta name=\"robots\" content=\"index, follow, max-snippet:-1, max-image-preview:large, max-video-preview:-1\" \/>\n<link rel=\"canonical\" href=\"https:\/\/relaxsrl.com\/de\/anleitung-zur-auswahl\/badewannenaufsatz\/\" \/>\n<meta property=\"og:locale\" content=\"de_DE\" \/>\n<meta property=\"og:type\" content=\"article\" \/>\n<meta property=\"og:title\" content=\"Badewannenaufsatz - Relax srl\" \/>\n<meta property=\"og:description\" content=\"Der Badewannenaufsatz macht die Badewanne zu einer perfekten Duschkabine, die vor allem Beherbergungsst\u00e4tten und Familien mit Kindern sch\u00e4tzen.\" \/>\n<meta property=\"og:url\" content=\"https:\/\/relaxsrl.com\/de\/anleitung-zur-auswahl\/badewannenaufsatz\/\" \/>\n<meta property=\"og:site_name\" content=\"Relax srl\" \/>\n<meta property=\"article:modified_time\" content=\"2022-11-18T10:40:25+00:00\" \/>\n<meta name=\"twitter:card\" content=\"summary_large_image\" \/>\n<meta name=\"twitter:label1\" content=\"Gesch\u00e4tzte Lesezeit\" \/>\n\t<meta name=\"twitter:data1\" content=\"2 Minuten\" \/>\n<script type=\"application\/ld+json\" class=\"yoast-schema-graph\">{\"@context\":\"https:\/\/schema.org\",\"@graph\":[{\"@type\":\"WebSite\",\"@id\":\"https:\/\/relaxsrl.com\/#website\",\"url\":\"https:\/\/relaxsrl.com\/\",\"name\":\"Relax srl\",\"description\":\"\",\"potentialAction\":[{\"@type\":\"SearchAction\",\"target\":{\"@type\":\"EntryPoint\",\"urlTemplate\":\"https:\/\/relaxsrl.com\/?s={search_term_string}\"},\"query-input\":\"required name=search_term_string\"}],\"inLanguage\":\"de-DE\"},{\"@type\":\"ImageObject\",\"inLanguage\":\"de-DE\",\"@id\":\"https:\/\/relaxsrl.com\/de\/anleitung-zur-auswahl\/badewannenaufsatz\/#primaryimage\",\"url\":\"https:\/\/relaxsrl.com\/website\/wp-content\/uploads\/2021\/09\/AXIA_SF-VF-V_1.jpg\",\"contentUrl\":\"https:\/\/relaxsrl.com\/website\/wp-content\/uploads\/2021\/09\/AXIA_SF-VF-V_1.jpg\",\"width\":1920,\"height\":1280,\"caption\":\"Geschlossene Badewannenabtrennung mit Eckschiebet\u00fcr\"},{\"@type\":\"WebPage\",\"@id\":\"https:\/\/relaxsrl.com\/de\/anleitung-zur-auswahl\/badewannenaufsatz\/#webpage\",\"url\":\"https:\/\/relaxsrl.com\/de\/anleitung-zur-auswahl\/badewannenaufsatz\/\",\"name\":\"Badewannenaufsatz - Relax srl\",\"isPartOf\":{\"@id\":\"https:\/\/relaxsrl.com\/#website\"},\"primaryImageOfPage\":{\"@id\":\"https:\/\/relaxsrl.com\/de\/anleitung-zur-auswahl\/badewannenaufsatz\/#primaryimage\"},\"datePublished\":\"2022-08-10T15:30:20+00:00\",\"dateModified\":\"2022-11-18T10:40:25+00:00\",\"description\":\"Der Badewannenaufsatz macht die Badewanne zu einer perfekten Duschkabine, die vor allem Beherbergungsst\u00e4tten und Familien mit Kindern sch\u00e4tzen.\",\"breadcrumb\":{\"@id\":\"https:\/\/relaxsrl.com\/de\/anleitung-zur-auswahl\/badewannenaufsatz\/#breadcrumb\"},\"inLanguage\":\"de-DE\",\"potentialAction\":[{\"@type\":\"ReadAction\",\"target\":[\"https:\/\/relaxsrl.com\/de\/anleitung-zur-auswahl\/badewannenaufsatz\/\"]}]},{\"@type\":\"BreadcrumbList\",\"@id\":\"https:\/\/relaxsrl.com\/de\/anleitung-zur-auswahl\/badewannenaufsatz\/#breadcrumb\",\"itemListElement\":[{\"@type\":\"ListItem\",\"position\":1,\"name\":\"Anleitung zur Auswahl\",\"item\":\"https:\/\/relaxsrl.com\/de\/anleitung-zur-auswahl\/\"},{\"@type\":\"ListItem\",\"position\":2,\"name\":\"Badewannenaufsatz\"}]}]}<\/script>\n<!-- \/ Yoast SEO Premium plugin. -->","yoast_head_json":{"title":"Badewannenaufsatz - Relax srl","description":"Der Badewannenaufsatz macht die Badewanne zu einer perfekten Duschkabine, die vor allem Beherbergungsst\u00e4tten und Familien mit Kindern sch\u00e4tzen.","robots":{"index":"index","follow":"follow","max-snippet":"max-snippet:-1","max-image-preview":"max-image-preview:large","max-video-preview":"max-video-preview:-1"},"canonical":"https:\/\/relaxsrl.com\/de\/anleitung-zur-auswahl\/badewannenaufsatz\/","og_locale":"de_DE","og_type":"article","og_title":"Badewannenaufsatz - Relax srl","og_description":"Der Badewannenaufsatz macht die Badewanne zu einer perfekten Duschkabine, die vor allem Beherbergungsst\u00e4tten und Familien mit Kindern sch\u00e4tzen.","og_url":"https:\/\/relaxsrl.com\/de\/anleitung-zur-auswahl\/badewannenaufsatz\/","og_site_name":"Relax srl","article_modified_time":"2022-11-18T10:40:25+00:00","twitter_card":"summary_large_image","twitter_misc":{"Gesch\u00e4tzte Lesezeit":"2 Minuten"},"schema":{"@context":"https:\/\/schema.org","@graph":[{"@type":"WebSite","@id":"https:\/\/relaxsrl.com\/#website","url":"https:\/\/relaxsrl.com\/","name":"Relax srl","description":"","potentialAction":[{"@type":"SearchAction","target":{"@type":"EntryPoint","urlTemplate":"https:\/\/relaxsrl.com\/?s={search_term_string}"},"query-input":"required name=search_term_string"}],"inLanguage":"de-DE"},{"@type":"ImageObject","inLanguage":"de-DE","@id":"https:\/\/relaxsrl.com\/de\/anleitung-zur-auswahl\/badewannenaufsatz\/#primaryimage","url":"https:\/\/relaxsrl.com\/website\/wp-content\/uploads\/2021\/09\/AXIA_SF-VF-V_1.jpg","contentUrl":"https:\/\/relaxsrl.com\/website\/wp-content\/uploads\/2021\/09\/AXIA_SF-VF-V_1.jpg","width":1920,"height":1280,"caption":"Geschlossene Badewannenabtrennung mit Eckschiebet\u00fcr"},{"@type":"WebPage","@id":"https:\/\/relaxsrl.com\/de\/anleitung-zur-auswahl\/badewannenaufsatz\/#webpage","url":"https:\/\/relaxsrl.com\/de\/anleitung-zur-auswahl\/badewannenaufsatz\/","name":"Badewannenaufsatz - Relax srl","isPartOf":{"@id":"https:\/\/relaxsrl.com\/#website"},"primaryImageOfPage":{"@id":"https:\/\/relaxsrl.com\/de\/anleitung-zur-auswahl\/badewannenaufsatz\/#primaryimage"},"datePublished":"2022-08-10T15:30:20+00:00","dateModified":"2022-11-18T10:40:25+00:00","description":"Der Badewannenaufsatz macht die Badewanne zu einer perfekten Duschkabine, die vor allem Beherbergungsst\u00e4tten und Familien mit Kindern sch\u00e4tzen.","breadcrumb":{"@id":"https:\/\/relaxsrl.com\/de\/anleitung-zur-auswahl\/badewannenaufsatz\/#breadcrumb"},"inLanguage":"de-DE","potentialAction":[{"@type":"ReadAction","target":["https:\/\/relaxsrl.com\/de\/anleitung-zur-auswahl\/badewannenaufsatz\/"]}]},{"@type":"BreadcrumbList","@id":"https:\/\/relaxsrl.com\/de\/anleitung-zur-auswahl\/badewannenaufsatz\/#breadcrumb","itemListElement":[{"@type":"ListItem","position":1,"name":"Anleitung zur Auswahl","item":"https:\/\/relaxsrl.com\/de\/anleitung-zur-auswahl\/"},{"@type":"ListItem","position":2,"name":"Badewannenaufsatz"}]}]}},"_links":{"self":[{"href":"https:\/\/relaxsrl.com\/de\/wp-json\/wp\/v2\/pages\/22784"}],"collection":[{"href":"https:\/\/relaxsrl.com\/de\/wp-json\/wp\/v2\/pages"}],"about":[{"href":"https:\/\/relaxsrl.com\/de\/wp-json\/wp\/v2\/types\/page"}],"author":[{"embeddable":true,"href":"https:\/\/relaxsrl.com\/de\/wp-json\/wp\/v2\/users\/3"}],"replies":[{"embeddable":true,"href":"https:\/\/relaxsrl.com\/de\/wp-json\/wp\/v2\/comments?post=22784"}],"version-history":[{"count":6,"href":"https:\/\/relaxsrl.com\/de\/wp-json\/wp\/v2\/pages\/22784\/revisions"}],"predecessor-version":[{"id":24607,"href":"https:\/\/relaxsrl.com\/de\/wp-json\/wp\/v2\/pages\/22784\/revisions\/24607"}],"up":[{"embeddable":true,"href":"https:\/\/relaxsrl.com\/de\/wp-json\/wp\/v2\/pages\/22678"}],"wp:featuredmedia":[{"embeddable":true,"href":"https:\/\/relaxsrl.com\/de\/wp-json\/wp\/v2\/media\/2260"}],"wp:attachment":[{"href":"https:\/\/relaxsrl.com\/de\/wp-json\/wp\/v2\/media?parent=22784"}],"curies":[{"name":"wp","href":"https:\/\/api.w.org\/{rel}","templated":true}]}}