{"id":22788,"date":"2022-08-10T17:35:20","date_gmt":"2022-08-10T15:35:20","guid":{"rendered":"https:\/\/relaxsrl.com\/anleitung-zur-auswahl\/endbearbeitung-fuer-duschkabinen\/"},"modified":"2022-11-15T11:17:11","modified_gmt":"2022-11-15T10:17:11","slug":"endbearbeitung-fuer-duschkabinen","status":"publish","type":"page","link":"https:\/\/relaxsrl.com\/de\/anleitung-zur-auswahl\/endbearbeitung-fuer-duschkabinen\/","title":{"rendered":"Endbearbeitung f\u00fcr Duschkabinen"},"content":{"rendered":"<p>[vc_row full_width=&#8220;stretch_row&#8220; content_placement=&#8220;middle&#8220; el_class=&#8220;intro-row intro-row-grey&#8220;][vc_column][vc_column_text]<\/p>\n<h1>Endbearbeitung f\u00fcr Duschkabinen<\/h1>\n<p>[\/vc_column_text][\/vc_column][\/vc_row][vc_row el_class=&#8220;row-path&#8220;][vc_column][vc_column_text][\/vc_column_text][\/vc_column][\/vc_row][vc_row][vc_column][vc_single_image image=&#8220;2403&#8243; img_size=&#8220;full&#8220;][\/vc_column][\/vc_row][vc_row][vc_column width=&#8220;1\/6&#8243;][\/vc_column][vc_column width=&#8220;2\/3&#8243;][vc_empty_space height=&#8220;40px&#8220;][vc_column_text el_class=&#8220;txt-blue abstract weight500&#8243;]Glasduschkabinen sind vielseitig einsetzbar, f\u00fcr jedes Bed\u00fcrfnis das Passende. Von satiniertem und mattem Glas bis zu rauchigem Glas, von Siebglas \u00fcber gefiedertes Glas bis hin zu farbenfrohem Glas und extra hellem Glas.[\/vc_column_text][vc_empty_space height=&#8220;35px&#8220;][\/vc_column][\/vc_row][vc_row][vc_column width=&#8220;1\/6&#8243;][\/vc_column][vc_column width=&#8220;2\/3&#8243;][vc_column_text]<\/p>\n<ul>\n<li><a class=\"link-interno link-interno-paragrafo-1\" href=\"#\">Duschkabine mit farbigem Glas<\/a><\/li>\n<li><a class=\"link-interno link-interno-paragrafo-2\" href=\"#\">Duschkabine mit dekoriertem Glas <\/a><\/li>\n<li><a class=\"link-interno link-interno-paragrafo-4\" href=\"#\">Duschkabine mit seidenmattem Glas<\/a><\/li>\n<li><a class=\"link-interno link-interno-paragrafo-5\" href=\"#\">Duschkabine mit Siebglas<\/a><\/li>\n<li><a class=\"link-interno link-interno-paragrafo-6\" href=\"#\">Duschkabine mit transparentem Glas<\/a><\/li>\n<li><a class=\"link-interno link-interno-paragrafo-7\" href=\"#\">Duschkabine mit gefiedertem Glas<\/a><\/li>\n<li><a class=\"link-interno link-interno-paragrafo-8\" href=\"#\">Duschkabine mit Acryl Platte<\/a><\/li>\n<\/ul>\n<p>[\/vc_column_text][vc_empty_space height=&#8220;40px&#8220;][\/vc_column][\/vc_row][vc_row el_id=&#8220;paragrafo-1&#8243;][vc_column width=&#8220;1\/6&#8243;][\/vc_column][vc_column width=&#8220;2\/3&#8243;][vc_column_text]<\/p>\n<h2>Duschkabine mit farbigem Glas<\/h2>\n<p>Eine moderne Duschkabine mit farbigen Scheiben bietet verschiedene M\u00f6glichkeiten. Zum Beispiel bietet Relax die Eleganz von bronziertem Glas, f\u00fcr einen Industrial- oder Luxus-Effekt je nach Auswahl-Kollektion und passendem Zubeh\u00f6r sowie die Raffinesse des Grau-Europa-Glases, perfekt f\u00fcr einen minimalistischen Stil. In beiden F\u00e4llen wird das Glas bei der Verarbeitung gef\u00e4rbt.<br \/>\nPassend zum Look des Bades k\u00f6nnen auch die Scharniere, der Duschkopf und die verwendeten Profile auf die Farbe setzen.<br \/>\nEine Duschkabine mit farbigem Glas erm\u00f6glicht die Herstellung von Glasscheiben mit einem optischen Effekt, denn in Kombination mit dem Licht, das sie durchdringt, kann die Farbe eine besondere Sch\u00f6nheit und Intensit\u00e4t annehmen.[\/vc_column_text][vc_empty_space height=&#8220;40px&#8220;][\/vc_column][\/vc_row][vc_row el_id=&#8220;paragrafo-2&#8243;][vc_column width=&#8220;1\/6&#8243;][\/vc_column][vc_column width=&#8220;2\/3&#8243;][vc_column_text]<\/p>\n<h2>Duschkabine mit dekoriertem Glas<\/h2>\n<p>Die dekorierte Glas-Duschkabine kann nur auf \u00e4sthetischer oder auf funktionaler Basis gew\u00e4hlt werden. Das Aussehen kann entweder als Siebdruck mit unver\u00e4nderlicher und transparenter Wirkung erfolgen oder mit einer Satire kombiniert werden, um auch eine praktische Datenschutzfunktion zu gew\u00e4hrleisten.[\/vc_column_text][vc_empty_space height=&#8220;40px&#8220;][\/vc_column][\/vc_row][vc_row el_id=&#8220;paragrafo-4&#8243;][vc_column width=&#8220;1\/6&#8243;][\/vc_column][vc_column width=&#8220;2\/3&#8243;][vc_column_text]<\/p>\n<h2>Duschkabine mit seidenmattem Glas<\/h2>\n<p>Die Duschkabinen mit satiniertem Glas haben eine matte Oberfl\u00e4che und sind somit ideal f\u00fcr den Schutz der Privatsph\u00e4re. Sie werden mit einem permanenten chemischen Verfahren behandelt, das auf ganzen Platten durchgef\u00fchrt wird, wodurch die Transparenz, aber nicht die Lichtdurchl\u00e4ssigkeit beseitigt wird, und dem Glas ein samtiges, weiches Gef\u00fchl verleiht. Die Satinierung kann erfolgen durch:<\/p>\n<p>Fluorwasserstoff, aus dem auch die Bezeichnung &#8222;anges\u00e4uertes Glas&#8220; besteht, mit der sich viele auf satiniertes Glas beziehen; bei dem Verfahren wird eine gro\u00dfe Vielfalt von Verzierungen und Zeichnungen auf der gesamten oder einem Teil der Glasoberfl\u00e4che hergestellt.<\/p>\n<p>Mit Sand k\u00f6nnen besondere dekorative Effekte auf das Glas erzeugt werden, die von der einfachen Tr\u00fcbung der Oberfl\u00e4che bis zur Herstellung von Kunstpr\u00e4gungen auf einer oder beiden Seiten der Glasscheibe reichen.<br \/>\n[\/vc_column_text][vc_empty_space height=&#8220;40px&#8220;][\/vc_column][\/vc_row][vc_row el_id=&#8220;paragrafo-5&#8243;][vc_column width=&#8220;1\/6&#8243;][\/vc_column][vc_column width=&#8220;2\/3&#8243;][vc_column_text]<\/p>\n<h2>Duschkabine mit Siebglas<\/h2>\n<p>Die Duschkabinen mit Siebglasscheiben haben fest montierte T\u00fcren und\/oder Paneele mit dekorativen, unver\u00e4nderlichen Motiven an der Au\u00dfenseite. Die Wirkung wird durch Ablagerung eines Lacks w\u00e4hrend des H\u00e4rteprozesses erzielt. In der Mitte der Glasscheibe werden dekorierte Streifen in der Regel in horizontaler Lage eingesetzt. Diese Duschkabine wird von jedem bevorzugt, der eine Mischung aus satiniertem Glas, f\u00fcr mehr Privatsph\u00e4re, und transparentem Glas, das maximale Lichtdurchl\u00e4ssigkeit bewirkt, m\u00f6chte.[\/vc_column_text][vc_empty_space height=&#8220;40px&#8220;][\/vc_column][\/vc_row][vc_row el_id=&#8220;paragrafo-6&#8243;][vc_column width=&#8220;1\/6&#8243;][\/vc_column][vc_column width=&#8220;2\/3&#8243;][vc_column_text]<\/p>\n<h2>Duschkabine mit transparentem Glas<\/h2>\n<p>Die Duschkabine mit Klarglas ist am einfachsten, denn sie l\u00e4sst das Licht perfekt durch und verleiht insbesondere in einem kleinen Badezimmer ein Gef\u00fchl von Tiefe und offenem Raum. Bei der Reinigung ist Vorsicht geboten. Dar\u00fcber hinaus gibt es Extra-Helles-Glas, das eine maximale Transparenz aufweist, ohne Aussicht auf gr\u00fcne Reflexe, aber auch teurer als der Standard. Deshalb stellt Relax es beispielsweise seinen Kunden zur Verf\u00fcgung, aber nur auf Anfrage.[\/vc_column_text][vc_empty_space height=&#8220;40px&#8220;][\/vc_column][\/vc_row][vc_row el_id=&#8220;paragrafo-7&#8243;][vc_column width=&#8220;1\/6&#8243;][\/vc_column][vc_column width=&#8220;2\/3&#8243;][vc_column_text]<\/p>\n<h2>Duschkabine mit gefiedertem Glas<\/h2>\n<p>In einer Duschkabine mit Federglas oder Chinchilla wird auf einer Seite der Platte eine Relief-Zeichnung gedruckt. Mit der Zeit wurde &#8222;gefiedert&#8220; zum Synonym f\u00fcr &#8222;bedruckt&#8220;, obwohl es eigentlich ein besonderes Muster ist. Die bedruckten Scheiben werden durch Laminierung des Warmglasbands zwischen zwei Metallzylindern hergestellt.[\/vc_column_text][vc_empty_space height=&#8220;40px&#8220;][\/vc_column][\/vc_row][vc_row el_id=&#8220;paragrafo-8&#8243;][vc_column width=&#8220;1\/6&#8243;][\/vc_column][vc_column width=&#8220;2\/3&#8243;][vc_column_text]<\/p>\n<h2>Duschkabine mit Acrylplatte<\/h2>\n<p>Die Duschkabine mit Acrylglas ist in der Regel g\u00fcnstig, da das Material im Vergleich zu Glas weniger hochwertig ist. Der Kunststoff, aus dem diese besondere Art der Veredelung besteht, ist sehr widerstandsf\u00e4hig, wenn auch mit geringer Langlebigkeit.[\/vc_column_text][vc_empty_space height=&#8220;40px&#8220;][\/vc_column][\/vc_row][vc_row][vc_column][vc_empty_space height=&#8220;50px&#8220;][\/vc_column][\/vc_row][vc_row full_width=&#8220;stretch_row_content_no_spaces&#8220; equal_height=&#8220;yes&#8220; content_placement=&#8220;middle&#8220; el_class=&#8220;row-over-footer row-cta-over-footer&#8220;][vc_column width=&#8220;1\/2&#8243;][vc_single_image image=&#8220;2407&#8243; img_size=&#8220;full&#8220;][\/vc_column][vc_column width=&#8220;1\/2&#8243; css=&#8220;.vc_custom_1632908620791{background-image: url(http:\/\/relaxsrl.com\/wp-content\/uploads\/2021\/09\/cta-finiture-vetro-opaco.jpg?id=2408) !important;background-position: center !important;background-repeat: no-repeat !important;background-size: cover !important;}&#8220; el_class=&#8220;row-cta-over-footer-col-text&#8220;][vc_row_inner][vc_column_inner width=&#8220;1\/4&#8243;][\/vc_column_inner][vc_column_inner width=&#8220;1\/2&#8243;][vc_column_text]<\/p>\n<h2 style=\"text-align: center;\">Wie m\u00f6chten Sie das Glas Ihrer Duschkabine?<\/h2>\n<p style=\"text-align: center;\">Wenn Sie Fragen zu Glasverarbeitung und deren Ausstattung f\u00fcr die Duschkabinen haben, fragen Sie: Wir werden Ihnen so schnell wie m\u00f6glich antworten.<\/p>\n<p>[\/vc_column_text][vc_btn title=&#8220;NACH INFORMATIONEN FRAGEN&#8220; style=&#8220;classic&#8220; shape=&#8220;square&#8220; color=&#8220;white&#8220; align=&#8220;center&#8220; el_class=&#8220;btn-default-white&#8220; link=&#8220;url:https%3A%2F%2Frelaxsrl.com%2Fde%2Fkontakte%2F|title:NACH%20INFORMATIONEN%20FRAGEN&#8220;][\/vc_column_inner][vc_column_inner width=&#8220;1\/4&#8243;][\/vc_column_inner][\/vc_row_inner][\/vc_column][\/vc_row]<\/p>\n","protected":false},"excerpt":{"rendered":"<p>[vc_row full_width=&#8220;stretch_row&#8220; content_placement=&#8220;middle&#8220; el_class=&#8220;intro-row intro-row-grey&#8220;][vc_column][vc_column_text] Endbearbeitung f\u00fcr Duschkabinen [\/vc_column_text][\/vc_column][\/vc_row][vc_row el_class=&#8220;row-path&#8220;][vc_column][vc_column_text][\/vc_column_text][\/vc_column][\/vc_row][vc_row][vc_column][vc_single_image image=&#8220;2403&#8243; img_size=&#8220;full&#8220;][\/vc_column][\/vc_row][vc_row][vc_column width=&#8220;1\/6&#8243;][\/vc_column][vc_column width=&#8220;2\/3&#8243;][vc_empty_space height=&#8220;40px&#8220;][vc_column_text el_class=&#8220;txt-blue abstract weight500&#8243;]Glasduschkabinen sind vielseitig einsetzbar, f\u00fcr jedes Bed\u00fcrfnis das Passende. Von satiniertem und mattem Glas bis zu rauchigem Glas, von Siebglas \u00fcber gefiedertes Glas bis hin zu farbenfrohem Glas und extra hellem Glas.[\/vc_column_text][vc_empty_space height=&#8220;35px&#8220;][\/vc_column][\/vc_row][vc_row][vc_column width=&#8220;1\/6&#8243;][\/vc_column][vc_column width=&#8220;2\/3&#8243;][vc_column_text] Duschkabine mit farbigem [&hellip;]<\/p>\n","protected":false},"author":3,"featured_media":2403,"parent":22678,"menu_order":0,"comment_status":"closed","ping_status":"closed","template":"","meta":[],"acf":[],"yoast_head":"<!-- This site is optimized with the Yoast SEO Premium plugin v18.4 (Yoast SEO v18.8) - https:\/\/yoast.com\/wordpress\/plugins\/seo\/ -->\n<title>Endbearbeitung f\u00fcr Duschkabinen - Relax srl<\/title>\n<meta name=\"description\" content=\"Glasduschkabinen sind vielseitig einsetzbar, f\u00fcr jedes Bed\u00fcrfnis das Passende. Von satiniertem und mattem Glas bis zu rauchigem Glas, von Siebglas \u00fcber gefiedertes Glas bis hin zu farbenfrohem Glas und extra hellem Glas.\" \/>\n<meta name=\"robots\" content=\"index, follow, max-snippet:-1, max-image-preview:large, max-video-preview:-1\" \/>\n<link rel=\"canonical\" href=\"https:\/\/relaxsrl.com\/de\/anleitung-zur-auswahl\/endbearbeitung-fuer-duschkabinen\/\" \/>\n<meta property=\"og:locale\" content=\"de_DE\" \/>\n<meta property=\"og:type\" content=\"article\" \/>\n<meta property=\"og:title\" content=\"Endbearbeitung f\u00fcr Duschkabinen - Relax srl\" \/>\n<meta property=\"og:description\" content=\"Glasduschkabinen sind vielseitig einsetzbar, f\u00fcr jedes Bed\u00fcrfnis das Passende. Von satiniertem und mattem Glas bis zu rauchigem Glas, von Siebglas \u00fcber gefiedertes Glas bis hin zu farbenfrohem Glas und extra hellem Glas.\" \/>\n<meta property=\"og:url\" content=\"https:\/\/relaxsrl.com\/de\/anleitung-zur-auswahl\/endbearbeitung-fuer-duschkabinen\/\" \/>\n<meta property=\"og:site_name\" content=\"Relax srl\" \/>\n<meta property=\"article:modified_time\" content=\"2022-11-15T10:17:11+00:00\" \/>\n<meta name=\"twitter:card\" content=\"summary_large_image\" \/>\n<meta name=\"twitter:label1\" content=\"Gesch\u00e4tzte Lesezeit\" \/>\n\t<meta name=\"twitter:data1\" content=\"5 Minuten\" \/>\n<script type=\"application\/ld+json\" class=\"yoast-schema-graph\">{\"@context\":\"https:\/\/schema.org\",\"@graph\":[{\"@type\":\"WebSite\",\"@id\":\"https:\/\/relaxsrl.com\/#website\",\"url\":\"https:\/\/relaxsrl.com\/\",\"name\":\"Relax srl\",\"description\":\"\",\"potentialAction\":[{\"@type\":\"SearchAction\",\"target\":{\"@type\":\"EntryPoint\",\"urlTemplate\":\"https:\/\/relaxsrl.com\/?s={search_term_string}\"},\"query-input\":\"required name=search_term_string\"}],\"inLanguage\":\"de-DE\"},{\"@type\":\"ImageObject\",\"inLanguage\":\"de-DE\",\"@id\":\"https:\/\/relaxsrl.com\/de\/anleitung-zur-auswahl\/endbearbeitung-fuer-duschkabinen\/#primaryimage\",\"url\":\"https:\/\/relaxsrl.com\/website\/wp-content\/uploads\/2021\/09\/FLAT_SC1_2.jpg\",\"contentUrl\":\"https:\/\/relaxsrl.com\/website\/wp-content\/uploads\/2021\/09\/FLAT_SC1_2.jpg\",\"width\":1920,\"height\":1280,\"caption\":\"Gefiedertes Glas-Finish auf der Dusch-Schiebekabine in der Nische\"},{\"@type\":\"WebPage\",\"@id\":\"https:\/\/relaxsrl.com\/de\/anleitung-zur-auswahl\/endbearbeitung-fuer-duschkabinen\/#webpage\",\"url\":\"https:\/\/relaxsrl.com\/de\/anleitung-zur-auswahl\/endbearbeitung-fuer-duschkabinen\/\",\"name\":\"Endbearbeitung f\u00fcr Duschkabinen - Relax srl\",\"isPartOf\":{\"@id\":\"https:\/\/relaxsrl.com\/#website\"},\"primaryImageOfPage\":{\"@id\":\"https:\/\/relaxsrl.com\/de\/anleitung-zur-auswahl\/endbearbeitung-fuer-duschkabinen\/#primaryimage\"},\"datePublished\":\"2022-08-10T15:35:20+00:00\",\"dateModified\":\"2022-11-15T10:17:11+00:00\",\"description\":\"Glasduschkabinen sind vielseitig einsetzbar, f\u00fcr jedes Bed\u00fcrfnis das Passende. Von satiniertem und mattem Glas bis zu rauchigem Glas, von Siebglas \u00fcber gefiedertes Glas bis hin zu farbenfrohem Glas und extra hellem Glas.\",\"breadcrumb\":{\"@id\":\"https:\/\/relaxsrl.com\/de\/anleitung-zur-auswahl\/endbearbeitung-fuer-duschkabinen\/#breadcrumb\"},\"inLanguage\":\"de-DE\",\"potentialAction\":[{\"@type\":\"ReadAction\",\"target\":[\"https:\/\/relaxsrl.com\/de\/anleitung-zur-auswahl\/endbearbeitung-fuer-duschkabinen\/\"]}]},{\"@type\":\"BreadcrumbList\",\"@id\":\"https:\/\/relaxsrl.com\/de\/anleitung-zur-auswahl\/endbearbeitung-fuer-duschkabinen\/#breadcrumb\",\"itemListElement\":[{\"@type\":\"ListItem\",\"position\":1,\"name\":\"Anleitung zur Auswahl\",\"item\":\"https:\/\/relaxsrl.com\/de\/anleitung-zur-auswahl\/\"},{\"@type\":\"ListItem\",\"position\":2,\"name\":\"Endbearbeitung f\u00fcr Duschkabinen\"}]}]}<\/script>\n<!-- \/ Yoast SEO Premium plugin. -->","yoast_head_json":{"title":"Endbearbeitung f\u00fcr Duschkabinen - Relax srl","description":"Glasduschkabinen sind vielseitig einsetzbar, f\u00fcr jedes Bed\u00fcrfnis das Passende. Von satiniertem und mattem Glas bis zu rauchigem Glas, von Siebglas \u00fcber gefiedertes Glas bis hin zu farbenfrohem Glas und extra hellem Glas.","robots":{"index":"index","follow":"follow","max-snippet":"max-snippet:-1","max-image-preview":"max-image-preview:large","max-video-preview":"max-video-preview:-1"},"canonical":"https:\/\/relaxsrl.com\/de\/anleitung-zur-auswahl\/endbearbeitung-fuer-duschkabinen\/","og_locale":"de_DE","og_type":"article","og_title":"Endbearbeitung f\u00fcr Duschkabinen - Relax srl","og_description":"Glasduschkabinen sind vielseitig einsetzbar, f\u00fcr jedes Bed\u00fcrfnis das Passende. Von satiniertem und mattem Glas bis zu rauchigem Glas, von Siebglas \u00fcber gefiedertes Glas bis hin zu farbenfrohem Glas und extra hellem Glas.","og_url":"https:\/\/relaxsrl.com\/de\/anleitung-zur-auswahl\/endbearbeitung-fuer-duschkabinen\/","og_site_name":"Relax srl","article_modified_time":"2022-11-15T10:17:11+00:00","twitter_card":"summary_large_image","twitter_misc":{"Gesch\u00e4tzte Lesezeit":"5 Minuten"},"schema":{"@context":"https:\/\/schema.org","@graph":[{"@type":"WebSite","@id":"https:\/\/relaxsrl.com\/#website","url":"https:\/\/relaxsrl.com\/","name":"Relax srl","description":"","potentialAction":[{"@type":"SearchAction","target":{"@type":"EntryPoint","urlTemplate":"https:\/\/relaxsrl.com\/?s={search_term_string}"},"query-input":"required name=search_term_string"}],"inLanguage":"de-DE"},{"@type":"ImageObject","inLanguage":"de-DE","@id":"https:\/\/relaxsrl.com\/de\/anleitung-zur-auswahl\/endbearbeitung-fuer-duschkabinen\/#primaryimage","url":"https:\/\/relaxsrl.com\/website\/wp-content\/uploads\/2021\/09\/FLAT_SC1_2.jpg","contentUrl":"https:\/\/relaxsrl.com\/website\/wp-content\/uploads\/2021\/09\/FLAT_SC1_2.jpg","width":1920,"height":1280,"caption":"Gefiedertes Glas-Finish auf der Dusch-Schiebekabine in der Nische"},{"@type":"WebPage","@id":"https:\/\/relaxsrl.com\/de\/anleitung-zur-auswahl\/endbearbeitung-fuer-duschkabinen\/#webpage","url":"https:\/\/relaxsrl.com\/de\/anleitung-zur-auswahl\/endbearbeitung-fuer-duschkabinen\/","name":"Endbearbeitung f\u00fcr Duschkabinen - Relax srl","isPartOf":{"@id":"https:\/\/relaxsrl.com\/#website"},"primaryImageOfPage":{"@id":"https:\/\/relaxsrl.com\/de\/anleitung-zur-auswahl\/endbearbeitung-fuer-duschkabinen\/#primaryimage"},"datePublished":"2022-08-10T15:35:20+00:00","dateModified":"2022-11-15T10:17:11+00:00","description":"Glasduschkabinen sind vielseitig einsetzbar, f\u00fcr jedes Bed\u00fcrfnis das Passende. Von satiniertem und mattem Glas bis zu rauchigem Glas, von Siebglas \u00fcber gefiedertes Glas bis hin zu farbenfrohem Glas und extra hellem Glas.","breadcrumb":{"@id":"https:\/\/relaxsrl.com\/de\/anleitung-zur-auswahl\/endbearbeitung-fuer-duschkabinen\/#breadcrumb"},"inLanguage":"de-DE","potentialAction":[{"@type":"ReadAction","target":["https:\/\/relaxsrl.com\/de\/anleitung-zur-auswahl\/endbearbeitung-fuer-duschkabinen\/"]}]},{"@type":"BreadcrumbList","@id":"https:\/\/relaxsrl.com\/de\/anleitung-zur-auswahl\/endbearbeitung-fuer-duschkabinen\/#breadcrumb","itemListElement":[{"@type":"ListItem","position":1,"name":"Anleitung zur Auswahl","item":"https:\/\/relaxsrl.com\/de\/anleitung-zur-auswahl\/"},{"@type":"ListItem","position":2,"name":"Endbearbeitung f\u00fcr Duschkabinen"}]}]}},"_links":{"self":[{"href":"https:\/\/relaxsrl.com\/de\/wp-json\/wp\/v2\/pages\/22788"}],"collection":[{"href":"https:\/\/relaxsrl.com\/de\/wp-json\/wp\/v2\/pages"}],"about":[{"href":"https:\/\/relaxsrl.com\/de\/wp-json\/wp\/v2\/types\/page"}],"author":[{"embeddable":true,"href":"https:\/\/relaxsrl.com\/de\/wp-json\/wp\/v2\/users\/3"}],"replies":[{"embeddable":true,"href":"https:\/\/relaxsrl.com\/de\/wp-json\/wp\/v2\/comments?post=22788"}],"version-history":[{"count":7,"href":"https:\/\/relaxsrl.com\/de\/wp-json\/wp\/v2\/pages\/22788\/revisions"}],"predecessor-version":[{"id":24451,"href":"https:\/\/relaxsrl.com\/de\/wp-json\/wp\/v2\/pages\/22788\/revisions\/24451"}],"up":[{"embeddable":true,"href":"https:\/\/relaxsrl.com\/de\/wp-json\/wp\/v2\/pages\/22678"}],"wp:featuredmedia":[{"embeddable":true,"href":"https:\/\/relaxsrl.com\/de\/wp-json\/wp\/v2\/media\/2403"}],"wp:attachment":[{"href":"https:\/\/relaxsrl.com\/de\/wp-json\/wp\/v2\/media?parent=22788"}],"curies":[{"name":"wp","href":"https:\/\/api.w.org\/{rel}","templated":true}]}}