{"id":22792,"date":"2022-08-10T17:38:09","date_gmt":"2022-08-10T15:38:09","guid":{"rendered":"https:\/\/relaxsrl.com\/anleitung-zur-auswahl\/profile-fuer-die-duschkabine\/"},"modified":"2022-11-15T12:05:25","modified_gmt":"2022-11-15T11:05:25","slug":"profile-fuer-die-duschkabine","status":"publish","type":"page","link":"https:\/\/relaxsrl.com\/de\/anleitung-zur-auswahl\/profile-fuer-die-duschkabine\/","title":{"rendered":"Profile f\u00fcr die Duschkabine"},"content":{"rendered":"<p>[vc_row full_width=&#8220;stretch_row&#8220; content_placement=&#8220;middle&#8220; el_class=&#8220;intro-row intro-row-grey&#8220;][vc_column][vc_column_text]<\/p>\n<h1>Profile f\u00fcr die Duschkabine<\/h1>\n<p>[\/vc_column_text][\/vc_column][\/vc_row][vc_row el_class=&#8220;row-path&#8220;][vc_column][vc_column_text][\/vc_column_text][\/vc_column][\/vc_row][vc_row][vc_column][vc_single_image image=&#8220;2416&#8243; img_size=&#8220;full&#8220;][\/vc_column][\/vc_row][vc_row][vc_column width=&#8220;1\/6&#8243;][\/vc_column][vc_column width=&#8220;2\/3&#8243;][vc_empty_space height=&#8220;40px&#8220;][vc_column_text el_class=&#8220;txt-blue abstract weight500&#8243;]Duschprofile sind die St\u00fctzelemente der Duschw\u00e4nde, die die Glasplatten aufnehmen und deren Rahmen bestimmen. Dank der verwendeten Oberfl\u00e4chenbehandlung k\u00f6nnen sie viele Oberfl\u00e4chen aufweisen.[\/vc_column_text][vc_empty_space height=&#8220;35px&#8220;][\/vc_column][\/vc_row][vc_row][vc_column width=&#8220;1\/6&#8243;][\/vc_column][vc_column width=&#8220;2\/3&#8243;][vc_column_text]<\/p>\n<ul>\n<li>Typen von Duschprofilen\n<ul>\n<li><a class=\"link-interno link-interno-paragrafo-1\" href=\"#\">Profile aus Aluminium <\/a><\/li>\n<li><a class=\"link-interno link-interno-paragrafo-2\" href=\"#\">Profile aus Stahl<\/a><\/li>\n<\/ul>\n<\/li>\n<li><a class=\"link-interno link-interno-paragrafo-3\" href=\"#\">Duschprofile: Pflege und Endbearbeitung<\/a><\/li>\n<\/ul>\n<p>[\/vc_column_text][vc_empty_space height=&#8220;40px&#8220;][\/vc_column][\/vc_row][vc_row][vc_column width=&#8220;1\/6&#8243;][\/vc_column][vc_column width=&#8220;2\/3&#8243;][vc_column_text]<\/p>\n<h2>Typen von Duschprofilen<\/h2>\n<p>[\/vc_column_text][vc_empty_space height=&#8220;20px&#8220;][\/vc_column][\/vc_row][vc_row el_id=&#8220;paragrafo-1&#8243;][vc_column width=&#8220;1\/6&#8243;][\/vc_column][vc_column width=&#8220;2\/3&#8243;][vc_column_text]<\/p>\n<h3>Profile aus Aluminium<\/h3>\n<p>Die Profile der Relax Duschkabinen sind aus Aluminium, da es sich um ein Material mit vielen Vorteilen handelt. Es hat das beste Verh\u00e4ltnis zwischen Festigkeit und Gewicht der Struktur, ist leicht und sehr korrosionsbest\u00e4ndig. Nach Einwirkung von Luft und Feuchtigkeit bildet es eine selbstsch\u00fctzende Oxidschicht, die die Oberfl\u00e4che vor jeder weiteren Oxidation sch\u00fctzt. Aluminium ist nicht durch UV-Strahlung beeinflusst, nicht rostig, pflegeleicht und zu 100% recyclebar. Es kann in verschiedenen Farben lackiert oder oxidiert werden und sorgt f\u00fcr ein eleganteres und raffinierteres Finish.[\/vc_column_text][vc_empty_space height=&#8220;20px&#8220;][\/vc_column][\/vc_row][vc_row el_id=&#8220;paragrafo-2&#8243;][vc_column width=&#8220;1\/6&#8243;][\/vc_column][vc_column width=&#8220;2\/3&#8243;][vc_column_text]<\/p>\n<h3>Profile aus Stahl<\/h3>\n<p>Die Profile der Duschkabinen k\u00f6nnen auch aus Stahl bestehen, einem schweren Werkstoff, der den Transport und die Handhabung der Kabine verteuert. Der gr\u00f6\u00dfte Vorteil ist die Flexibilit\u00e4t des Materials, mit dem auch Einzelteile hergestellt werden k\u00f6nnen.<br \/>\nDie Grenze liegt bei den Endkosten, sogar doppelt so hoch wie eine Duschkabine aus Aluminium. Relax hat, um als Preis-Leistungs-Verh\u00e4ltnis eine gute Alternative zu bieten, eine Oberfl\u00e4chenbehandlung entwickelt, die genau die Stahloberfl\u00e4che \u00fcbernimmt und optisch einer Duschkabine aus Stahl gleicht.[\/vc_column_text][vc_empty_space height=&#8220;40px&#8220;][\/vc_column][\/vc_row][vc_row el_id=&#8220;paragrafo-3&#8243;][vc_column width=&#8220;1\/6&#8243;][\/vc_column][vc_column width=&#8220;2\/3&#8243;][vc_column_text]<\/p>\n<h2>Duschprofile: Pflege und Endbearbeitung<\/h2>\n<p>Die Pflege der Aluminiumoberfl\u00e4chen der Duschprofile verl\u00e4ngert ihre Haltbarkeit und erh\u00e4lt ihre urspr\u00fcngliche Sch\u00f6nheit ohne Nachbenetzungen oder zus\u00e4tzliche Beschichtungen. Relax f\u00fchrt zum Beispiel diese Verarbeitung nicht nur auf den Profilen, sondern auf allen Aluminium-Teilen, wie zum Beispiel Griffen.<br \/>\nEine erste Wahl ist der Anodisierungsprozess, bei dem Aluminium eine echte Oberfl\u00e4chentransformation ohne Zusatz von Material durchl\u00e4uft, die vor Korrosion sch\u00fctzt, die Abriebfestigkeit erh\u00f6ht und eine nat\u00fcrliche F\u00e4rbung erm\u00f6glicht. Eine zweite Wahl ist der Prozess der Pulverlackierung, bei dem eine an der Oberfl\u00e4che abgelagerte Schicht verwendet wird. Der Lack von Relax ist der gleiche wie der von Outdoor-Fenstern und hat eine garantierte Mindesthaltbarkeit von 7 Jahren.<br \/>\nMit diesen Verarbeitungen lassen sich farbige Duschprofile zu unseren Duschplatten kombinieren \u2013 Entdecken Sie alle Details der Duschprofile.[\/vc_column_text][vc_empty_space height=&#8220;40px&#8220;][\/vc_column][\/vc_row][vc_row][vc_column][vc_empty_space height=&#8220;50px&#8220;][\/vc_column][\/vc_row][vc_row full_width=&#8220;stretch_row_content_no_spaces&#8220; equal_height=&#8220;yes&#8220; content_placement=&#8220;middle&#8220; el_class=&#8220;row-over-footer row-cta-over-footer&#8220;][vc_column width=&#8220;1\/2&#8243;][vc_single_image image=&#8220;2420&#8243; img_size=&#8220;full&#8220;][\/vc_column][vc_column width=&#8220;1\/2&#8243; css=&#8220;.vc_custom_1632908747438{background-image: url(http:\/\/relaxsrl.com\/wp-content\/uploads\/2021\/09\/cta-profili-opaco.jpg?id=2421) !important;background-position: center !important;background-repeat: no-repeat !important;background-size: cover !important;}&#8220; el_class=&#8220;row-cta-over-footer-col-text&#8220;][vc_row_inner][vc_column_inner width=&#8220;1\/4&#8243;][\/vc_column_inner][vc_column_inner width=&#8220;1\/2&#8243;][vc_column_text]<\/p>\n<h2 style=\"text-align: center;\">Duschkabine mit Aluminiumprofilen anschauen<\/h2>\n<p style=\"text-align: center;\">Bl\u00e4ttern Sie im Produktkatalog Relax und lassen Sie sich inspirieren \u2013 alle Duschkabinen mit Rahmen haben Aluminiumprofile.<\/p>\n<p>[\/vc_column_text][vc_btn title=&#8220;KATALOG HERUNTERLADEN&#8220; style=&#8220;classic&#8220; shape=&#8220;square&#8220; color=&#8220;white&#8220; align=&#8220;center&#8220; el_class=&#8220;btn-default-white&#8220; link=&#8220;url:http%3A%2F%2Frelaxsrl.com%2Fdocs%2Fcataloghi%2Fcatalogo_relax.pdf|title:KATALOG%20HERUNTERLADEN|target:_blank|&#8220;][\/vc_column_inner][vc_column_inner width=&#8220;1\/4&#8243;][\/vc_column_inner][\/vc_row_inner][\/vc_column][\/vc_row]<\/p>\n","protected":false},"excerpt":{"rendered":"<p>[vc_row full_width=&#8220;stretch_row&#8220; content_placement=&#8220;middle&#8220; el_class=&#8220;intro-row intro-row-grey&#8220;][vc_column][vc_column_text] Profile f\u00fcr die Duschkabine [\/vc_column_text][\/vc_column][\/vc_row][vc_row el_class=&#8220;row-path&#8220;][vc_column][vc_column_text][\/vc_column_text][\/vc_column][\/vc_row][vc_row][vc_column][vc_single_image image=&#8220;2416&#8243; img_size=&#8220;full&#8220;][\/vc_column][\/vc_row][vc_row][vc_column width=&#8220;1\/6&#8243;][\/vc_column][vc_column width=&#8220;2\/3&#8243;][vc_empty_space height=&#8220;40px&#8220;][vc_column_text el_class=&#8220;txt-blue abstract weight500&#8243;]Duschprofile sind die St\u00fctzelemente der Duschw\u00e4nde, die die Glasplatten aufnehmen und deren Rahmen bestimmen. Dank der verwendeten Oberfl\u00e4chenbehandlung k\u00f6nnen sie viele Oberfl\u00e4chen aufweisen.[\/vc_column_text][vc_empty_space height=&#8220;35px&#8220;][\/vc_column][\/vc_row][vc_row][vc_column width=&#8220;1\/6&#8243;][\/vc_column][vc_column width=&#8220;2\/3&#8243;][vc_column_text] Typen von Duschprofilen Profile aus Aluminium Profile aus Stahl Duschprofile: Pflege [&hellip;]<\/p>\n","protected":false},"author":3,"featured_media":2416,"parent":22678,"menu_order":0,"comment_status":"closed","ping_status":"closed","template":"","meta":[],"acf":[],"yoast_head":"<!-- This site is optimized with the Yoast SEO Premium plugin v18.4 (Yoast SEO v18.8) - https:\/\/yoast.com\/wordpress\/plugins\/seo\/ -->\n<title>Profile f\u00fcr die Duschkabine - Relax srl<\/title>\n<meta name=\"description\" content=\"Duschprofile sind die St\u00fctzelemente der Duschw\u00e4nde, die die Glasplatten aufnehmen und deren Rahmen bestimmen. Dank der verwendeten Oberfl\u00e4chenbehandlung k\u00f6nnen sie viele Oberfl\u00e4chen aufweisen.\" \/>\n<meta name=\"robots\" content=\"index, follow, max-snippet:-1, max-image-preview:large, max-video-preview:-1\" \/>\n<link rel=\"canonical\" href=\"https:\/\/relaxsrl.com\/de\/anleitung-zur-auswahl\/profile-fuer-die-duschkabine\/\" \/>\n<meta property=\"og:locale\" content=\"de_DE\" \/>\n<meta property=\"og:type\" content=\"article\" \/>\n<meta property=\"og:title\" content=\"Profile f\u00fcr die Duschkabine - Relax srl\" \/>\n<meta property=\"og:description\" content=\"Duschprofile sind die St\u00fctzelemente der Duschw\u00e4nde, die die Glasplatten aufnehmen und deren Rahmen bestimmen. Dank der verwendeten Oberfl\u00e4chenbehandlung k\u00f6nnen sie viele Oberfl\u00e4chen aufweisen.\" \/>\n<meta property=\"og:url\" content=\"https:\/\/relaxsrl.com\/de\/anleitung-zur-auswahl\/profile-fuer-die-duschkabine\/\" \/>\n<meta property=\"og:site_name\" content=\"Relax srl\" \/>\n<meta property=\"article:modified_time\" content=\"2022-11-15T11:05:25+00:00\" \/>\n<meta name=\"twitter:card\" content=\"summary_large_image\" \/>\n<meta name=\"twitter:label1\" content=\"Gesch\u00e4tzte Lesezeit\" \/>\n\t<meta name=\"twitter:data1\" content=\"4 Minuten\" \/>\n<script type=\"application\/ld+json\" class=\"yoast-schema-graph\">{\"@context\":\"https:\/\/schema.org\",\"@graph\":[{\"@type\":\"WebSite\",\"@id\":\"https:\/\/relaxsrl.com\/#website\",\"url\":\"https:\/\/relaxsrl.com\/\",\"name\":\"Relax srl\",\"description\":\"\",\"potentialAction\":[{\"@type\":\"SearchAction\",\"target\":{\"@type\":\"EntryPoint\",\"urlTemplate\":\"https:\/\/relaxsrl.com\/?s={search_term_string}\"},\"query-input\":\"required name=search_term_string\"}],\"inLanguage\":\"de-DE\"},{\"@type\":\"ImageObject\",\"inLanguage\":\"de-DE\",\"@id\":\"https:\/\/relaxsrl.com\/de\/anleitung-zur-auswahl\/profile-fuer-die-duschkabine\/#primaryimage\",\"url\":\"https:\/\/relaxsrl.com\/website\/wp-content\/uploads\/2021\/09\/EVOX_DETTAGLIO_3.jpg\",\"contentUrl\":\"https:\/\/relaxsrl.com\/website\/wp-content\/uploads\/2021\/09\/EVOX_DETTAGLIO_3.jpg\",\"width\":1920,\"height\":1280,\"caption\":\"Profile aus poliertem Aluminium\"},{\"@type\":\"WebPage\",\"@id\":\"https:\/\/relaxsrl.com\/de\/anleitung-zur-auswahl\/profile-fuer-die-duschkabine\/#webpage\",\"url\":\"https:\/\/relaxsrl.com\/de\/anleitung-zur-auswahl\/profile-fuer-die-duschkabine\/\",\"name\":\"Profile f\u00fcr die Duschkabine - Relax srl\",\"isPartOf\":{\"@id\":\"https:\/\/relaxsrl.com\/#website\"},\"primaryImageOfPage\":{\"@id\":\"https:\/\/relaxsrl.com\/de\/anleitung-zur-auswahl\/profile-fuer-die-duschkabine\/#primaryimage\"},\"datePublished\":\"2022-08-10T15:38:09+00:00\",\"dateModified\":\"2022-11-15T11:05:25+00:00\",\"description\":\"Duschprofile sind die St\u00fctzelemente der Duschw\u00e4nde, die die Glasplatten aufnehmen und deren Rahmen bestimmen. Dank der verwendeten Oberfl\u00e4chenbehandlung k\u00f6nnen sie viele Oberfl\u00e4chen aufweisen.\",\"breadcrumb\":{\"@id\":\"https:\/\/relaxsrl.com\/de\/anleitung-zur-auswahl\/profile-fuer-die-duschkabine\/#breadcrumb\"},\"inLanguage\":\"de-DE\",\"potentialAction\":[{\"@type\":\"ReadAction\",\"target\":[\"https:\/\/relaxsrl.com\/de\/anleitung-zur-auswahl\/profile-fuer-die-duschkabine\/\"]}]},{\"@type\":\"BreadcrumbList\",\"@id\":\"https:\/\/relaxsrl.com\/de\/anleitung-zur-auswahl\/profile-fuer-die-duschkabine\/#breadcrumb\",\"itemListElement\":[{\"@type\":\"ListItem\",\"position\":1,\"name\":\"Anleitung zur Auswahl\",\"item\":\"https:\/\/relaxsrl.com\/de\/anleitung-zur-auswahl\/\"},{\"@type\":\"ListItem\",\"position\":2,\"name\":\"Profile f\u00fcr die Duschkabine\"}]}]}<\/script>\n<!-- \/ Yoast SEO Premium plugin. -->","yoast_head_json":{"title":"Profile f\u00fcr die Duschkabine - Relax srl","description":"Duschprofile sind die St\u00fctzelemente der Duschw\u00e4nde, die die Glasplatten aufnehmen und deren Rahmen bestimmen. Dank der verwendeten Oberfl\u00e4chenbehandlung k\u00f6nnen sie viele Oberfl\u00e4chen aufweisen.","robots":{"index":"index","follow":"follow","max-snippet":"max-snippet:-1","max-image-preview":"max-image-preview:large","max-video-preview":"max-video-preview:-1"},"canonical":"https:\/\/relaxsrl.com\/de\/anleitung-zur-auswahl\/profile-fuer-die-duschkabine\/","og_locale":"de_DE","og_type":"article","og_title":"Profile f\u00fcr die Duschkabine - Relax srl","og_description":"Duschprofile sind die St\u00fctzelemente der Duschw\u00e4nde, die die Glasplatten aufnehmen und deren Rahmen bestimmen. Dank der verwendeten Oberfl\u00e4chenbehandlung k\u00f6nnen sie viele Oberfl\u00e4chen aufweisen.","og_url":"https:\/\/relaxsrl.com\/de\/anleitung-zur-auswahl\/profile-fuer-die-duschkabine\/","og_site_name":"Relax srl","article_modified_time":"2022-11-15T11:05:25+00:00","twitter_card":"summary_large_image","twitter_misc":{"Gesch\u00e4tzte Lesezeit":"4 Minuten"},"schema":{"@context":"https:\/\/schema.org","@graph":[{"@type":"WebSite","@id":"https:\/\/relaxsrl.com\/#website","url":"https:\/\/relaxsrl.com\/","name":"Relax srl","description":"","potentialAction":[{"@type":"SearchAction","target":{"@type":"EntryPoint","urlTemplate":"https:\/\/relaxsrl.com\/?s={search_term_string}"},"query-input":"required name=search_term_string"}],"inLanguage":"de-DE"},{"@type":"ImageObject","inLanguage":"de-DE","@id":"https:\/\/relaxsrl.com\/de\/anleitung-zur-auswahl\/profile-fuer-die-duschkabine\/#primaryimage","url":"https:\/\/relaxsrl.com\/website\/wp-content\/uploads\/2021\/09\/EVOX_DETTAGLIO_3.jpg","contentUrl":"https:\/\/relaxsrl.com\/website\/wp-content\/uploads\/2021\/09\/EVOX_DETTAGLIO_3.jpg","width":1920,"height":1280,"caption":"Profile aus poliertem Aluminium"},{"@type":"WebPage","@id":"https:\/\/relaxsrl.com\/de\/anleitung-zur-auswahl\/profile-fuer-die-duschkabine\/#webpage","url":"https:\/\/relaxsrl.com\/de\/anleitung-zur-auswahl\/profile-fuer-die-duschkabine\/","name":"Profile f\u00fcr die Duschkabine - Relax srl","isPartOf":{"@id":"https:\/\/relaxsrl.com\/#website"},"primaryImageOfPage":{"@id":"https:\/\/relaxsrl.com\/de\/anleitung-zur-auswahl\/profile-fuer-die-duschkabine\/#primaryimage"},"datePublished":"2022-08-10T15:38:09+00:00","dateModified":"2022-11-15T11:05:25+00:00","description":"Duschprofile sind die St\u00fctzelemente der Duschw\u00e4nde, die die Glasplatten aufnehmen und deren Rahmen bestimmen. Dank der verwendeten Oberfl\u00e4chenbehandlung k\u00f6nnen sie viele Oberfl\u00e4chen aufweisen.","breadcrumb":{"@id":"https:\/\/relaxsrl.com\/de\/anleitung-zur-auswahl\/profile-fuer-die-duschkabine\/#breadcrumb"},"inLanguage":"de-DE","potentialAction":[{"@type":"ReadAction","target":["https:\/\/relaxsrl.com\/de\/anleitung-zur-auswahl\/profile-fuer-die-duschkabine\/"]}]},{"@type":"BreadcrumbList","@id":"https:\/\/relaxsrl.com\/de\/anleitung-zur-auswahl\/profile-fuer-die-duschkabine\/#breadcrumb","itemListElement":[{"@type":"ListItem","position":1,"name":"Anleitung zur Auswahl","item":"https:\/\/relaxsrl.com\/de\/anleitung-zur-auswahl\/"},{"@type":"ListItem","position":2,"name":"Profile f\u00fcr die Duschkabine"}]}]}},"_links":{"self":[{"href":"https:\/\/relaxsrl.com\/de\/wp-json\/wp\/v2\/pages\/22792"}],"collection":[{"href":"https:\/\/relaxsrl.com\/de\/wp-json\/wp\/v2\/pages"}],"about":[{"href":"https:\/\/relaxsrl.com\/de\/wp-json\/wp\/v2\/types\/page"}],"author":[{"embeddable":true,"href":"https:\/\/relaxsrl.com\/de\/wp-json\/wp\/v2\/users\/3"}],"replies":[{"embeddable":true,"href":"https:\/\/relaxsrl.com\/de\/wp-json\/wp\/v2\/comments?post=22792"}],"version-history":[{"count":4,"href":"https:\/\/relaxsrl.com\/de\/wp-json\/wp\/v2\/pages\/22792\/revisions"}],"predecessor-version":[{"id":24465,"href":"https:\/\/relaxsrl.com\/de\/wp-json\/wp\/v2\/pages\/22792\/revisions\/24465"}],"up":[{"embeddable":true,"href":"https:\/\/relaxsrl.com\/de\/wp-json\/wp\/v2\/pages\/22678"}],"wp:featuredmedia":[{"embeddable":true,"href":"https:\/\/relaxsrl.com\/de\/wp-json\/wp\/v2\/media\/2416"}],"wp:attachment":[{"href":"https:\/\/relaxsrl.com\/de\/wp-json\/wp\/v2\/media?parent=22792"}],"curies":[{"name":"wp","href":"https:\/\/api.w.org\/{rel}","templated":true}]}}