{"id":22796,"date":"2022-08-10T17:42:34","date_gmt":"2022-08-10T15:42:34","guid":{"rendered":"https:\/\/relaxsrl.com\/anleitung-zur-auswahl\/duschkabine-aus-glas\/"},"modified":"2022-11-18T11:57:24","modified_gmt":"2022-11-18T10:57:24","slug":"duschkabine-aus-glas","status":"publish","type":"page","link":"https:\/\/relaxsrl.com\/de\/anleitung-zur-auswahl\/duschkabine-aus-glas\/","title":{"rendered":"Duschkabine aus Glas"},"content":{"rendered":"<p>[vc_row full_width=&#8220;stretch_row&#8220; content_placement=&#8220;middle&#8220; el_class=&#8220;intro-row intro-row-grey&#8220;][vc_column][vc_column_text]<\/p>\n<h1>Duschkabine aus Glas<\/h1>\n<p>[\/vc_column_text][\/vc_column][\/vc_row][vc_row el_class=&#8220;row-path&#8220;][vc_column][vc_column_text][\/vc_column_text][\/vc_column][\/vc_row][vc_row][vc_column][vc_single_image image=&#8220;8788&#8243; img_size=&#8220;full&#8220;][\/vc_column][\/vc_row][vc_row][vc_column width=&#8220;1\/6&#8243;][\/vc_column][vc_column width=&#8220;2\/3&#8243;][vc_empty_space height=&#8220;40px&#8220;][vc_column_text el_class=&#8220;txt-blue abstract weight500&#8243;]Diese Duschkabinen haben Paneele aus Glas, meist vorgespannt, teilweise geschichtet, mit variabler Dicke und vielen Ausstattungen. Fast immer geradlinig, gibt es aber auch in gebogenen Formen.[\/vc_column_text][vc_empty_space height=&#8220;35px&#8220;][\/vc_column][\/vc_row][vc_row][vc_column width=&#8220;1\/6&#8243;][\/vc_column][vc_column width=&#8220;2\/3&#8243;][vc_column_text]<\/p>\n<ul>\n<li>Typen von Duschpaneelen\n<ul>\n<li><a class=\"link-interno link-interno-paragrafo-1\" href=\"#\">Paneele aus geh\u00e4rtetem Glas<\/a><\/li>\n<li><a class=\"link-interno link-interno-paragrafo-2\" href=\"#\">Paneele aus Verbundglas<\/a><\/li>\n<li><a class=\"link-interno link-interno-paragrafo-3\" href=\"#\">Paneele aus Acryl<\/a><\/li>\n<\/ul>\n<\/li>\n<li><a class=\"link-interno link-interno-paragrafo-4\" href=\"#\">Abmessungen und Formen der Glasplatten<\/a><\/li>\n<li><a class=\"link-interno link-interno-paragrafo-5\" href=\"#\">Endbearbeitung und Verarbeitung von Glas<\/a><\/li>\n<\/ul>\n<p>[\/vc_column_text][vc_empty_space height=&#8220;40px&#8220;][\/vc_column][\/vc_row][vc_row][vc_column width=&#8220;1\/6&#8243;][\/vc_column][vc_column width=&#8220;2\/3&#8243;][vc_column_text]<\/p>\n<h2>Typen von Duschpaneelen<\/h2>\n<p>[\/vc_column_text][vc_empty_space height=&#8220;20px&#8220;][\/vc_column][\/vc_row][vc_row el_id=&#8220;paragrafo-1&#8243;][vc_column width=&#8220;1\/6&#8243;][\/vc_column][vc_column width=&#8220;2\/3&#8243;][vc_column_text]<\/p>\n<h3>Paneele aus geh\u00e4rtetem Glas<\/h3>\n<p>Das verwendete Glas f\u00fcr die Duschkabinen Relax ist geh\u00e4rtetes Glas, das aus Glasplatten hergestellt wird, die einer Hitzebehandlung bei etwa 700 Grad unterzogen und anschlie\u00dfend sofort abgek\u00fchlt werden, so dass es widerstandsf\u00e4higer gegen\u00fcber Hitze- und Temperaturschocks (bis 250\u00b0) wird. Es gilt als Sicherheitsglas, da es, wenn es getroffen oder gebrochen wird, sich nicht in tausend zerst\u00fcckelte St\u00fccke zersplittert, sondern in kleine St\u00fccke zersplittert, die f\u00fcr die Sicherheit der Menschen nicht gef\u00e4hrlich sind, weil sie nicht scharf sind.[\/vc_column_text][vc_empty_space height=&#8220;20px&#8220;][\/vc_column][\/vc_row][vc_row el_id=&#8220;paragrafo-2&#8243;][vc_column width=&#8220;1\/6&#8243;][\/vc_column][vc_column width=&#8220;2\/3&#8243;][vc_column_text]<\/p>\n<h3>Paneele aus Verbundglas<\/h3>\n<p>Bei den Verbundglaspaneelen f\u00fcr die Duschkabinen wird ein Sicherheitsglas verwendet, das sich beim Bruch nicht in mehrere Teile zerlegt. Beim Bruch kommt eine mittlere Schicht zum Einsatz, die umgebenden Glasschichten zusammenh\u00e4lt. So bleibt das Glas, auch wenn es bricht, sicher in der N\u00e4he von Menschen und Gegenst\u00e4nden und erh\u00e4lt die charakteristische Spinnennetzform. Auf Wunsch nutzt sie auch Verbundglasscheiben.[\/vc_column_text][vc_empty_space height=&#8220;20px&#8220;][\/vc_column][\/vc_row][vc_row el_id=&#8220;paragrafo-3&#8243;][vc_column width=&#8220;1\/6&#8243;][\/vc_column][vc_column width=&#8220;2\/3&#8243;][vc_column_text]<\/p>\n<h3>Paneele aus Acryl<\/h3>\n<p>Duschkabinen k\u00f6nnen auch Acryl statt Glas verwenden. Es ist ein sehr widerstandsf\u00e4higes Kunststoff-Material, das sich f\u00fcr alle eignet, die ein Minimum an Kosten w\u00fcnschen. Es ist nicht so hochwertig wie Glas und die Oberfl\u00e4chen garantieren keine lange Lebensdauer, weshalb Relax seinen Kunden diese Auswahl nicht empfiehlt.[\/vc_column_text][vc_empty_space height=&#8220;40px&#8220;][\/vc_column][\/vc_row][vc_row el_id=&#8220;paragrafo-4&#8243;][vc_column width=&#8220;1\/6&#8243;][\/vc_column][vc_column width=&#8220;2\/3&#8243;][vc_column_text]<\/p>\n<h2>Abmessungen und Formen der Glasplatten<\/h2>\n<p>Die Dicke der Scheiben wird normalerweise in drei Dicken vorgeschlagen: 4 mm, 6 mm, 8 mm. Der Wert von Glas w\u00e4chst mit wachsender Dicke. Die 4 mm sind die g\u00fcnstigste, die 6 mm sind am h\u00e4ufigsten gebraucht, die 8 mm sind im oberen Bereich.<\/p>\n<p>Glaspaneele sind geradlinig, aber manche Menschen bevorzugen sanfte Linien, die einen Biegungsprozess erfordern. Die Form wird durch Erhitzen des Glases und somit durch Formgebung auf einem geeigneten Format erreicht. Dieser Prozess ist nicht einfach, da er bei niedrigen Temperaturen stattfinden muss, um ein optisch sch\u00f6nes Glas zu gew\u00e4hrleisten, was jedoch keine gute Zersplitterung (Sicherheit) oder Geometrie (Schablone) zul\u00e4sst. Die Warmformung des Glases und das anschlie\u00dfende H\u00e4rten erfolgt industriell, indem der beste Kompromiss zwischen \u00c4sthetik, Form und Produktsicherheit gew\u00e4hlt wird. Relax hat eine L\u00f6sung gefunden und eine Duschkabine -Kollektion mit gebogenen Gl\u00e4sern patentiert, Bobox.[\/vc_column_text][vc_empty_space height=&#8220;40px&#8220;][\/vc_column][\/vc_row][vc_row el_id=&#8220;paragrafo-5&#8243;][vc_column width=&#8220;1\/6&#8243;][\/vc_column][vc_column width=&#8220;2\/3&#8243;][vc_column_text]<\/p>\n<h2>Endbearbeitungen und Glasverarbeitung<\/h2>\n<p>In den Duschkabinen gibt es zahlreiche Glaspaneele. Es gibt satiniertes Glas, das die Transparenz verliert, aber das Licht durchl\u00e4sst, und es f\u00fchlt sich weich und geschmeidig an. Die Glasscheiben sind mit einer Au\u00dfenseite bedruckt, die mit einem unver\u00e4nderlichen Dekormuster versehen ist. Die gefiederten Scheiben werden dekoriert bedruckt und die farbigen Scheiben bei der Teigfertigung gef\u00e4rbt. Extra helles Glas ist transparenter, aber auch teurer, deshalb verhandelt Relax es auf Wunsch. Entdecken Sie alle Glasausstattungen f\u00fcr Duschkabinen.<br \/>\nUnter den Verarbeitungen, die auf Duschglasplatten angewendet werden k\u00f6nnen, ist der Entkalker am meisten gefragt. Die von Relax verwendete Crystal Protect-Behandlung basiert auf einer fortgeschrittenen patentierten italienischen Nanotechnologie. Sie bildet auf der Oberfl\u00e4che eine d\u00fcnne Schutzschicht, die sich chemisch an das Glas bindet und es vor Schmutz, Kalk und Unreinheiten versiegelt. Sie garantiert:<\/p>\n<ul>\n<li>leicht zu reinigen<\/li>\n<li>Best\u00e4ndigkeit gegen UV-Strahlung<\/li>\n<li>Extra Schutz gegen Kalk- und Seifenbelag<\/li>\n<li>20% mehr Glanz auf behandelter Oberfl\u00e4che<\/li>\n<li>5 Jahre Dauer bei ordnungsgem\u00e4\u00dfer Pflege<\/li>\n<\/ul>\n<p>[\/vc_column_text][vc_empty_space height=&#8220;40px&#8220;][\/vc_column][\/vc_row][vc_row][vc_column][vc_empty_space height=&#8220;50px&#8220;][\/vc_column][\/vc_row][vc_row full_width=&#8220;stretch_row_content_no_spaces&#8220; equal_height=&#8220;yes&#8220; content_placement=&#8220;middle&#8220; el_class=&#8220;row-over-footer row-cta-over-footer&#8220;][vc_column width=&#8220;1\/2&#8243;][vc_single_image image=&#8220;2393&#8243; img_size=&#8220;full&#8220;][\/vc_column][vc_column width=&#8220;1\/2&#8243; css=&#8220;.vc_custom_1632908206475{background-image: url(http:\/\/relaxsrl.com\/wp-content\/uploads\/2021\/09\/cta-vetro-opaco.jpg?id=2394) !important;background-position: center !important;background-repeat: no-repeat !important;background-size: cover !important;}&#8220; el_class=&#8220;row-cta-over-footer-col-text&#8220;][vc_row_inner][vc_column_inner width=&#8220;1\/4&#8243;][\/vc_column_inner][vc_column_inner width=&#8220;1\/2&#8243;][vc_column_text]<\/p>\n<h2 style=\"text-align: center;\">Schauen Sie sich Beispielkabinen aus Glas an<\/h2>\n<p style=\"text-align: center;\">Bl\u00e4ttern Sie im Produktkatalog Relax und lassen Sie sich inspirieren \u2013 alle Duschkabinen haben T\u00fcren und Paneele aus Glas.<\/p>\n<p>[\/vc_column_text][vc_btn title=&#8220;KATALOG HERUNTERLADEN&#8220; style=&#8220;classic&#8220; shape=&#8220;square&#8220; color=&#8220;white&#8220; align=&#8220;center&#8220; el_class=&#8220;btn-default-white&#8220; link=&#8220;url:http%3A%2F%2Frelaxsrl.com%2Fdocs%2Fcataloghi%2Fcatalogo_relax.pdf|title:KATALOG%20HERUNTERLADEN|target:_blank|&#8220;][\/vc_column_inner][vc_column_inner width=&#8220;1\/4&#8243;][\/vc_column_inner][\/vc_row_inner][\/vc_column][\/vc_row]<\/p>\n","protected":false},"excerpt":{"rendered":"<p>[vc_row full_width=&#8220;stretch_row&#8220; content_placement=&#8220;middle&#8220; el_class=&#8220;intro-row intro-row-grey&#8220;][vc_column][vc_column_text] Duschkabine aus Glas [\/vc_column_text][\/vc_column][\/vc_row][vc_row el_class=&#8220;row-path&#8220;][vc_column][vc_column_text][\/vc_column_text][\/vc_column][\/vc_row][vc_row][vc_column][vc_single_image image=&#8220;8788&#8243; img_size=&#8220;full&#8220;][\/vc_column][\/vc_row][vc_row][vc_column width=&#8220;1\/6&#8243;][\/vc_column][vc_column width=&#8220;2\/3&#8243;][vc_empty_space height=&#8220;40px&#8220;][vc_column_text el_class=&#8220;txt-blue abstract weight500&#8243;]Diese Duschkabinen haben Paneele aus Glas, meist vorgespannt, teilweise geschichtet, mit variabler Dicke und vielen Ausstattungen. Fast immer geradlinig, gibt es aber auch in gebogenen Formen.[\/vc_column_text][vc_empty_space height=&#8220;35px&#8220;][\/vc_column][\/vc_row][vc_row][vc_column width=&#8220;1\/6&#8243;][\/vc_column][vc_column width=&#8220;2\/3&#8243;][vc_column_text] Typen von Duschpaneelen Paneele aus geh\u00e4rtetem Glas Paneele aus [&hellip;]<\/p>\n","protected":false},"author":3,"featured_media":8788,"parent":22678,"menu_order":0,"comment_status":"closed","ping_status":"closed","template":"","meta":[],"acf":[],"yoast_head":"<!-- This site is optimized with the Yoast SEO Premium plugin v18.4 (Yoast SEO v18.8) - https:\/\/yoast.com\/wordpress\/plugins\/seo\/ -->\n<title>Duschkabine aus Glas - Relax srl<\/title>\n<meta name=\"description\" content=\"Diese Duschabtrennungen haben Glasscheiben, geh\u00e4rtet und mit unterschiedlichen Dicken, fast immer gerade, aber es gibt auch gebogene Formen.\" \/>\n<meta name=\"robots\" content=\"index, follow, max-snippet:-1, max-image-preview:large, max-video-preview:-1\" \/>\n<link rel=\"canonical\" href=\"https:\/\/relaxsrl.com\/de\/anleitung-zur-auswahl\/duschkabine-aus-glas\/\" \/>\n<meta property=\"og:locale\" content=\"de_DE\" \/>\n<meta property=\"og:type\" content=\"article\" \/>\n<meta property=\"og:title\" content=\"Duschkabine aus Glas - Relax srl\" \/>\n<meta property=\"og:description\" content=\"Diese Duschabtrennungen haben Glasscheiben, geh\u00e4rtet und mit unterschiedlichen Dicken, fast immer gerade, aber es gibt auch gebogene Formen.\" \/>\n<meta property=\"og:url\" content=\"https:\/\/relaxsrl.com\/de\/anleitung-zur-auswahl\/duschkabine-aus-glas\/\" \/>\n<meta property=\"og:site_name\" content=\"Relax srl\" \/>\n<meta property=\"article:modified_time\" content=\"2022-11-18T10:57:24+00:00\" \/>\n<meta name=\"twitter:card\" content=\"summary_large_image\" \/>\n<meta name=\"twitter:label1\" content=\"Gesch\u00e4tzte Lesezeit\" \/>\n\t<meta name=\"twitter:data1\" content=\"5 Minuten\" \/>\n<script type=\"application\/ld+json\" class=\"yoast-schema-graph\">{\"@context\":\"https:\/\/schema.org\",\"@graph\":[{\"@type\":\"WebSite\",\"@id\":\"https:\/\/relaxsrl.com\/#website\",\"url\":\"https:\/\/relaxsrl.com\/\",\"name\":\"Relax srl\",\"description\":\"\",\"potentialAction\":[{\"@type\":\"SearchAction\",\"target\":{\"@type\":\"EntryPoint\",\"urlTemplate\":\"https:\/\/relaxsrl.com\/?s={search_term_string}\"},\"query-input\":\"required name=search_term_string\"}],\"inLanguage\":\"de-DE\"},{\"@type\":\"ImageObject\",\"inLanguage\":\"de-DE\",\"@id\":\"https:\/\/relaxsrl.com\/de\/anleitung-zur-auswahl\/duschkabine-aus-glas\/#primaryimage\",\"url\":\"https:\/\/relaxsrl.com\/website\/wp-content\/uploads\/2021\/10\/Per-web2.jpg\",\"contentUrl\":\"https:\/\/relaxsrl.com\/website\/wp-content\/uploads\/2021\/10\/Per-web2.jpg\",\"width\":1100,\"height\":420,\"caption\":\"Schwenkt\u00fcrdetail der Duschkabine\"},{\"@type\":\"WebPage\",\"@id\":\"https:\/\/relaxsrl.com\/de\/anleitung-zur-auswahl\/duschkabine-aus-glas\/#webpage\",\"url\":\"https:\/\/relaxsrl.com\/de\/anleitung-zur-auswahl\/duschkabine-aus-glas\/\",\"name\":\"Duschkabine aus Glas - Relax srl\",\"isPartOf\":{\"@id\":\"https:\/\/relaxsrl.com\/#website\"},\"primaryImageOfPage\":{\"@id\":\"https:\/\/relaxsrl.com\/de\/anleitung-zur-auswahl\/duschkabine-aus-glas\/#primaryimage\"},\"datePublished\":\"2022-08-10T15:42:34+00:00\",\"dateModified\":\"2022-11-18T10:57:24+00:00\",\"description\":\"Diese Duschabtrennungen haben Glasscheiben, geh\u00e4rtet und mit unterschiedlichen Dicken, fast immer gerade, aber es gibt auch gebogene Formen.\",\"breadcrumb\":{\"@id\":\"https:\/\/relaxsrl.com\/de\/anleitung-zur-auswahl\/duschkabine-aus-glas\/#breadcrumb\"},\"inLanguage\":\"de-DE\",\"potentialAction\":[{\"@type\":\"ReadAction\",\"target\":[\"https:\/\/relaxsrl.com\/de\/anleitung-zur-auswahl\/duschkabine-aus-glas\/\"]}]},{\"@type\":\"BreadcrumbList\",\"@id\":\"https:\/\/relaxsrl.com\/de\/anleitung-zur-auswahl\/duschkabine-aus-glas\/#breadcrumb\",\"itemListElement\":[{\"@type\":\"ListItem\",\"position\":1,\"name\":\"Anleitung zur Auswahl\",\"item\":\"https:\/\/relaxsrl.com\/de\/anleitung-zur-auswahl\/\"},{\"@type\":\"ListItem\",\"position\":2,\"name\":\"Duschkabine aus Glas\"}]}]}<\/script>\n<!-- \/ Yoast SEO Premium plugin. -->","yoast_head_json":{"title":"Duschkabine aus Glas - Relax srl","description":"Diese Duschabtrennungen haben Glasscheiben, geh\u00e4rtet und mit unterschiedlichen Dicken, fast immer gerade, aber es gibt auch gebogene Formen.","robots":{"index":"index","follow":"follow","max-snippet":"max-snippet:-1","max-image-preview":"max-image-preview:large","max-video-preview":"max-video-preview:-1"},"canonical":"https:\/\/relaxsrl.com\/de\/anleitung-zur-auswahl\/duschkabine-aus-glas\/","og_locale":"de_DE","og_type":"article","og_title":"Duschkabine aus Glas - Relax srl","og_description":"Diese Duschabtrennungen haben Glasscheiben, geh\u00e4rtet und mit unterschiedlichen Dicken, fast immer gerade, aber es gibt auch gebogene Formen.","og_url":"https:\/\/relaxsrl.com\/de\/anleitung-zur-auswahl\/duschkabine-aus-glas\/","og_site_name":"Relax srl","article_modified_time":"2022-11-18T10:57:24+00:00","twitter_card":"summary_large_image","twitter_misc":{"Gesch\u00e4tzte Lesezeit":"5 Minuten"},"schema":{"@context":"https:\/\/schema.org","@graph":[{"@type":"WebSite","@id":"https:\/\/relaxsrl.com\/#website","url":"https:\/\/relaxsrl.com\/","name":"Relax srl","description":"","potentialAction":[{"@type":"SearchAction","target":{"@type":"EntryPoint","urlTemplate":"https:\/\/relaxsrl.com\/?s={search_term_string}"},"query-input":"required name=search_term_string"}],"inLanguage":"de-DE"},{"@type":"ImageObject","inLanguage":"de-DE","@id":"https:\/\/relaxsrl.com\/de\/anleitung-zur-auswahl\/duschkabine-aus-glas\/#primaryimage","url":"https:\/\/relaxsrl.com\/website\/wp-content\/uploads\/2021\/10\/Per-web2.jpg","contentUrl":"https:\/\/relaxsrl.com\/website\/wp-content\/uploads\/2021\/10\/Per-web2.jpg","width":1100,"height":420,"caption":"Schwenkt\u00fcrdetail der Duschkabine"},{"@type":"WebPage","@id":"https:\/\/relaxsrl.com\/de\/anleitung-zur-auswahl\/duschkabine-aus-glas\/#webpage","url":"https:\/\/relaxsrl.com\/de\/anleitung-zur-auswahl\/duschkabine-aus-glas\/","name":"Duschkabine aus Glas - Relax srl","isPartOf":{"@id":"https:\/\/relaxsrl.com\/#website"},"primaryImageOfPage":{"@id":"https:\/\/relaxsrl.com\/de\/anleitung-zur-auswahl\/duschkabine-aus-glas\/#primaryimage"},"datePublished":"2022-08-10T15:42:34+00:00","dateModified":"2022-11-18T10:57:24+00:00","description":"Diese Duschabtrennungen haben Glasscheiben, geh\u00e4rtet und mit unterschiedlichen Dicken, fast immer gerade, aber es gibt auch gebogene Formen.","breadcrumb":{"@id":"https:\/\/relaxsrl.com\/de\/anleitung-zur-auswahl\/duschkabine-aus-glas\/#breadcrumb"},"inLanguage":"de-DE","potentialAction":[{"@type":"ReadAction","target":["https:\/\/relaxsrl.com\/de\/anleitung-zur-auswahl\/duschkabine-aus-glas\/"]}]},{"@type":"BreadcrumbList","@id":"https:\/\/relaxsrl.com\/de\/anleitung-zur-auswahl\/duschkabine-aus-glas\/#breadcrumb","itemListElement":[{"@type":"ListItem","position":1,"name":"Anleitung zur Auswahl","item":"https:\/\/relaxsrl.com\/de\/anleitung-zur-auswahl\/"},{"@type":"ListItem","position":2,"name":"Duschkabine aus Glas"}]}]}},"_links":{"self":[{"href":"https:\/\/relaxsrl.com\/de\/wp-json\/wp\/v2\/pages\/22796"}],"collection":[{"href":"https:\/\/relaxsrl.com\/de\/wp-json\/wp\/v2\/pages"}],"about":[{"href":"https:\/\/relaxsrl.com\/de\/wp-json\/wp\/v2\/types\/page"}],"author":[{"embeddable":true,"href":"https:\/\/relaxsrl.com\/de\/wp-json\/wp\/v2\/users\/3"}],"replies":[{"embeddable":true,"href":"https:\/\/relaxsrl.com\/de\/wp-json\/wp\/v2\/comments?post=22796"}],"version-history":[{"count":3,"href":"https:\/\/relaxsrl.com\/de\/wp-json\/wp\/v2\/pages\/22796\/revisions"}],"predecessor-version":[{"id":22799,"href":"https:\/\/relaxsrl.com\/de\/wp-json\/wp\/v2\/pages\/22796\/revisions\/22799"}],"up":[{"embeddable":true,"href":"https:\/\/relaxsrl.com\/de\/wp-json\/wp\/v2\/pages\/22678"}],"wp:featuredmedia":[{"embeddable":true,"href":"https:\/\/relaxsrl.com\/de\/wp-json\/wp\/v2\/media\/8788"}],"wp:attachment":[{"href":"https:\/\/relaxsrl.com\/de\/wp-json\/wp\/v2\/media?parent=22796"}],"curies":[{"name":"wp","href":"https:\/\/api.w.org\/{rel}","templated":true}]}}