{"id":22805,"date":"2022-08-10T18:00:55","date_gmt":"2022-08-10T16:00:55","guid":{"rendered":"https:\/\/relaxsrl.com\/zerbrochene-kristalle\/"},"modified":"2022-11-18T11:22:08","modified_gmt":"2022-11-18T10:22:08","slug":"zerbrochene-kristalle","status":"publish","type":"page","link":"https:\/\/relaxsrl.com\/de\/zerbrochene-kristalle\/","title":{"rendered":"Zerbrochene Kristalle"},"content":{"rendered":"<p>[vc_row full_width=&#8220;stretch_row&#8220; content_placement=&#8220;middle&#8220; el_class=&#8220;intro-row&#8220;][vc_column][vc_column_text]<\/p>\n<h1>Zerbrochene Kristalle<\/h1>\n<p>[\/vc_column_text][\/vc_column][\/vc_row][vc_row el_class=&#8220;row-path&#8220;][vc_column][vc_column_text][\/vc_column_text][\/vc_column][\/vc_row][vc_row el_class=&#8220;row-path&#8220;][vc_column width=&#8220;1\/6&#8243;][\/vc_column][vc_column width=&#8220;2\/3&#8243;][vc_empty_space height=&#8220;40px&#8220;][vc_column_text el_class=&#8220;txt-blue abstract weight500&#8243;]<em> \u201eHallo, das Glas ist gerade geplatzt. Der Installateur hatte es gerade aus der Verpackung genommen und im Handumdrehen war es kaputt. &#8222;<\/em><\/p>\n<p>&nbsp;<\/p>\n<p><em> &#8222;&#8230; Ich hatte gerade die Dusche beendet, ich \u00f6ffnete die T\u00fcr, obwohl sie nur schwer glitt und das Glas zersprang.&#8220; <\/em><\/p>\n<p>&nbsp;<\/p>\n<p>Dies sind nur einige F\u00e4lle von <strong> Glasbruch <\/strong> in einer Duschabtrennung. Warum \u201eplatzt\u201c ein geh\u00e4rtetes Glas? Ist es ein sicheres Produkt oder sollte ich mir Sorgen machen? Gibt es Anzeichen, die es Ihnen erm\u00f6glichen, in Deckung zu gehen, bevor das Irreparable passiert?[\/vc_column_text][vc_empty_space height=&#8220;35px&#8220;][\/vc_column][\/vc_row][vc_row el_class=&#8220;row-path&#8220;][vc_column width=&#8220;1\/6&#8243;][\/vc_column][vc_column width=&#8220;2\/3&#8243;][vc_column_text el_class=&#8220;txt-blue abstract weight500&#8243;]<\/p>\n<h2>Warum wir geh\u00e4rtetes Sicherheitsglas verwenden<\/h2>\n<p>Die Norm UNI-EN 14428 sieht die Verwendung von thermisch geh\u00e4rtetem Glas f\u00fcr Duschabtrennungen vor. W\u00e4hrend dieses Produktionsprozesses wird das Glas nach der Schneid- und Bohrphase einem langsamen Temperaturanstieg auf 650\/700 \u00b0 C und einer anschlie\u00dfenden pl\u00f6tzlichen Abk\u00fchlung unterzogen.<\/p>\n<p>&nbsp;<\/p>\n<p>Die <strong> Anlassbehandlung <\/strong> verleiht eine mechanische Festigkeit, die 7-mal h\u00f6her ist als bei einer Floatglasscheibe; Die \u00e4u\u00dfere Oberfl\u00e4che ist komprimiert und der zentrale Kern ist in Traktion.<\/p>\n<p>&nbsp;<\/p>\n<p>Die h\u00f6here mechanische Festigkeit darf jedoch nicht mit Bruchsicherheit verwechselt werden: Kanten und Ecken sind die empfindlichsten Bereiche, die bei minimaler Belastung die gesamte Platte sicher zum Einsturz bringen k\u00f6nnen. Im Vergleich zu einem unbehandelten Blech zerbricht das geh\u00e4rtete in zahlreiche Bruchst\u00fccke, die keine ernsthafte Gefahr f\u00fcr das Leben des Benutzers darstellen. Die Norm UNI-EN 14428 verlangt, dass bei einem Glasabschnitt von 50 x 50 mm mindestens 40 Splitter gez\u00e4hlt werden m\u00fcssen.[\/vc_column_text][vc_empty_space height=&#8220;40px&#8220;][vc_single_image image=&#8220;21020&#8243; img_size=&#8220;full&#8220;][vc_empty_space height=&#8220;20px&#8220;][vc_column_text el_class=&#8220;prodotto-ambiente-didascalia&#8220;]Erkennungsprozess von geh\u00e4rtetem Glas.[\/vc_column_text][\/vc_column][\/vc_row][vc_row el_class=&#8220;row-path&#8220;][vc_column width=&#8220;1\/6&#8243;][\/vc_column][vc_column width=&#8220;2\/3&#8243;][vc_column_text el_class=&#8220;txt-blue abstract weight500&#8243;]<\/p>\n<h2>Wie kann ich \u00fcberpr\u00fcfen, ob das Glas in meinem Besitz tats\u00e4chlich geh\u00e4rtet ist<\/h2>\n<p>Das \u201eTEMPERED\u201c-Logo erscheint auf jedem geh\u00e4rteten Glas. Nach Abschluss des \u201eKoch\u201c-Prozesses ist die Logofarbe verglast und l\u00e4sst sich nicht mehr entfernen.<\/p>\n<p>&nbsp;<\/p>\n<h2>Warum platzt Glas<\/h2>\n<p>Durch den Druckspannungszustand der Scheiben kommt es im Falle eines Aufpralls zu einem regelrechten Bersten, also einem Glasbruch, wodurch es m\u00f6glich ist, dass die Glassplitter mehrere Zentimeter weit weggeschleudert werden.<\/p>\n<p>&nbsp;<\/p>\n<h2>Ein Produktionsprozess mit zertifizierter Qualit\u00e4t<\/h2>\n<p>Geh\u00e4rtetes Glas ist kaum von Floatglas zu unterscheiden, das dieser Behandlung nicht unterzogen wurde.<\/p>\n<p>&nbsp;<\/p>\n<p>Wenn Sie nicht alle Gl\u00e4ser einer Produktionscharge zerbrechen k\u00f6nnen, gehen Sie wie folgt vor:<\/p>\n<p>&nbsp;<\/p>\n<ol>\n<li>Das H\u00e4rtungssystem wird kalibriert und das erste Glas wird &#8222;zerbrochen&#8220;, um die Einhaltung der H\u00e4rtungskriterien zu beurteilen;<\/li>\n<li>Nach dem positiven Ergebnis des Tests wird mit der Produktion der gesamten Charge begonnen;<\/li>\n<li>Der Test wird in regelm\u00e4\u00dfigen Produktionsintervallen wiederholt, um sicherzustellen, dass die gesamte Charge die gleiche Leistung wie die ersten Teile hat.<\/li>\n<li>Bei einem Defekt wird der Vorgang wiederholt.<\/li>\n<\/ol>\n<p>&nbsp;<\/p>\n<p>Das Glas wird auf Stichprobenbasis pro Produktionscharge auf \u201eBruch\u201c getestet, sobald es in unseren Lagern ankommt, um die Qualit\u00e4t der H\u00e4rtung und die St\u00fcckzahl pro Mustereinheit 5 x 5 cm gem\u00e4\u00df der Norm UNI-EN 14428 zu \u00fcberpr\u00fcfen.[\/vc_column_text][\/vc_column][\/vc_row][vc_row el_class=&#8220;row-path&#8220;][vc_column width=&#8220;1\/6&#8243;][\/vc_column][vc_column width=&#8220;2\/3&#8243;][vc_column_text el_class=&#8220;txt-blue abstract weight500&#8243;]<\/p>\n<h2>Die Produktion der Duschabtrennung<\/h2>\n<p>W\u00e4hrend des Produktionsprozesses wird <strong> jedes Glas sorgf\u00e4ltig gepr\u00fcft <\/strong> und ausgesondert, wenn es mit blo\u00dfem Auge erkennbare Blasen oder Einschl\u00fcsse aufweist. Aus diesem Grund wird die Entzunderungsbehandlung von Hand durchgef\u00fchrt: um das Glas aus n\u00e4chster N\u00e4he beobachten zu k\u00f6nnen und die Qualit\u00e4tskontrolle zu verdoppeln. Die letzte Produktionsphase endet mit der Verpackung, in der jede Verpackung durch Schutzvorrichtungen gesch\u00fctzt wird, um St\u00f6\u00dfen standzuhalten und so einen Glasbruch w\u00e4hrend des Transports zu vermeiden.[\/vc_column_text][\/vc_column][\/vc_row][vc_row el_class=&#8220;row-path&#8220;][vc_column width=&#8220;1\/6&#8243;][\/vc_column][vc_column width=&#8220;2\/3&#8243;][vc_column_text el_class=&#8220;txt-blue abstract weight500&#8243;]<\/p>\n<h2>Erhalt der Ware<\/h2>\n<p>Inzwischen muss das Packst\u00fcck beim Entladen durch das Empfangslager kontrolliert werden. <strong> Ein Hals in ausgezeichnetem Zustand ist das sichtbare Zeichen daf\u00fcr, dass im Inneren keine St\u00f6\u00dfe aufgetreten sind, die die Position der Schutzvorrichtungen st\u00f6ren k\u00f6nnten <\/strong> . Ein besch\u00e4digter Karton wird zur\u00fcckgewiesen oder \u00fcberpr\u00fcft, bevor mit der Installation des Produkts fortgefahren wird. Ein in dieser Phase eingenommener Schlag stellt, wenn er nicht zum sofortigen Glasbruch f\u00fchrt, keine Gefahr f\u00fcr die Restlebensdauer des Glases dar.[\/vc_column_text][\/vc_column][\/vc_row][vc_row el_class=&#8220;row-path&#8220;][vc_column width=&#8220;1\/6&#8243;][\/vc_column][vc_column width=&#8220;2\/3&#8243;][vc_column_text el_class=&#8220;txt-blue abstract weight500&#8243;]<\/p>\n<h2>Zusammenbau<\/h2>\n<p>Die Installation ist die heikelste Phase im gesamten Leben von Glas. Relax verf\u00fcgt \u00fcber ein dichtes Netz von Kundendienstzentren , das regelm\u00e4\u00dfig \u00fcber die Montage aller Produkte informiert wird.<\/p>\n<p>Aus- und Weiterbildung, kombiniert mit der gro\u00dfen Erfahrung dieser Handwerker, ist eine sichere Garantie f\u00fcr Qualit\u00e4t bei Installation und Einstellung.<\/p>\n<p><strong> Oft <\/strong> m\u00fcssen wir eine Montage in einem kleinen Badezimmer durchf\u00fchren, wo <strong> selbst ein minimaler versehentlicher Aufprall das Glas zum Bruch bringen k\u00f6nnte <\/strong> . Selbst eine unzureichende Endeinstellung, insbesondere bei Schiebet\u00fcren, wird zu einem wahrscheinlichen Fall von Bruch durch versehentlichen Aufprall. Die fehlende Einstellung k\u00f6nnte dazu f\u00fchren, dass die T\u00fcr beim \u00d6ffnen und Schlie\u00dfen kippt und die Ecke des Glases gegen die Duschwanne st\u00f6\u00dft und diese bricht.<\/p>\n<p>In jeder Aufbauanleitung sind immer alle wesentlichen Schritte sowie die einzuhaltenden Toleranzen angegeben, um den korrekten und vollst\u00e4ndigen Aufbau der Kabine zu erreichen.[\/vc_column_text][vc_empty_space height=&#8220;40px&#8220;][vc_single_image image=&#8220;21025&#8243; img_size=&#8220;full&#8220;][vc_empty_space height=&#8220;20px&#8220;][vc_column_text el_class=&#8220;prodotto-ambiente-didascalia&#8220;]Korrekte Installation.[\/vc_column_text][\/vc_column][\/vc_row][vc_row el_class=&#8220;row-path&#8220;][vc_column width=&#8220;1\/6&#8243;][\/vc_column][vc_column width=&#8220;2\/3&#8243;][vc_column_text el_class=&#8220;txt-blue abstract weight500&#8243;]<\/p>\n<h2>Das Produkt ist montiert und der Kunde kann sich zu 100 % entspannen<\/h2>\n<p>Nachdem Sie das Produkt in all seinen Teilen zusammengebaut haben, beachten Sie alle Vorschriften und ziehen Sie jede Schraube richtig an. Sie m\u00fcssen nur noch die Trocknungszeit des Silikons abwarten, um Ihre wohlverdiente Entspannung in vollen Z\u00fcgen genie\u00dfen zu k\u00f6nnen.<\/p>\n<p>Es kann jedoch vorkommen, dass im Laufe der Zeit, insbesondere wenn die Einstellung nicht korrekt durchgef\u00fchrt wurde, eine Fehlfunktion der T\u00fcr auftritt.<\/p>\n<p>Nur ein Sto\u00df kann das geh\u00e4rtete Glas zum Bruch bringen; Es ist daher notwendig, \u00e4u\u00dferst vorsichtig zu sein und keine Kabine zu verwenden, die sich nicht reibungslos und regelm\u00e4\u00dfig verh\u00e4lt. In diesem Fall werden die Dichtungen sofort besch\u00e4digt.[\/vc_column_text][\/vc_column][\/vc_row][vc_row el_class=&#8220;row-path&#8220;][vc_column width=&#8220;1\/6&#8243;][\/vc_column][vc_column width=&#8220;2\/3&#8243;][vc_column_text el_class=&#8220;txt-blue abstract weight500&#8243;]<\/p>\n<h2>Glasbruch: und &#8222;mein Cousin&#8220; sagte mir, es sei Glaskrebs<\/h2>\n<p>Leider ist das Zerbrechen eines geh\u00e4rteten Glases so unmittelbar wie irreversibel und wir neigen oft dazu, mit dem Finger auf den Hersteller zu zeigen, ohne die vorherigen Schritte zu ber\u00fccksichtigen.<br \/>\nIm Netz gibt es verschiedene Erkl\u00e4rungen von den skurrilsten bis zu den ernstesten.<\/p>\n<p>&nbsp;<\/p>\n<p>Was gemeinhin als Glaskrebs bezeichnet wird, l\u00e4sst sich auf Nickelsulfideinschl\u00fcsse zur\u00fcckf\u00fchren. Letzteres ist ein fl\u00fcchtiges Produkt der chemischen Reaktion, die zur Glasbildung f\u00fchrt. Obwohl dies ein seltenes Ereignis ist, mit einer gesch\u00e4tzten Inzidenz von 1 zu 10.000 St\u00fcck.<\/p>\n<p>&nbsp;<\/p>\n<p>Oft kollabiert die Glasplatte bei diesem Bruch nicht vollst\u00e4ndig und die schmetterlingsartigen Splitter an diesem Einschluss sind deutlich erkennbar. (Glaskrebs-Bild hochladen).[\/vc_column_text][vc_empty_space height=&#8220;40px&#8220;][vc_single_image image=&#8220;21030&#8243; img_size=&#8220;full&#8220;][vc_empty_space height=&#8220;20px&#8220;][vc_column_text el_class=&#8220;prodotto-ambiente-didascalia&#8220;]Beispiel Glaskrebs.[\/vc_column_text][\/vc_column][\/vc_row][vc_row el_class=&#8220;row-path&#8220;][vc_column width=&#8220;1\/6&#8243;][\/vc_column][vc_column width=&#8220;2\/3&#8243;][vc_column_text el_class=&#8220;txt-blue abstract weight500&#8243;]<\/p>\n<h2>Zerbrochenes Glas: Sehen Sie sich das Video an<\/h2>\n<p>Geh\u00e4rtetes Glas hat die Besonderheit, dass es bei St\u00f6\u00dfen in viele St\u00fccke zerbrechen kann. Dies gew\u00e4hrleistet extreme Sicherheit f\u00fcr diejenigen, die es verwenden.[\/vc_column_text][vc_empty_space height=&#8220;40px&#8220;][vc_video link=&#8220;http:\/\/vimeo.com\/642746586&#8243; el_aspect=&#8220;43&#8243; align=&#8220;center&#8220;][vc_empty_space height=&#8220;20px&#8220;][\/vc_column][\/vc_row]<\/p>\n","protected":false},"excerpt":{"rendered":"<p>[vc_row full_width=&#8220;stretch_row&#8220; content_placement=&#8220;middle&#8220; el_class=&#8220;intro-row&#8220;][vc_column][vc_column_text] Zerbrochene Kristalle [\/vc_column_text][\/vc_column][\/vc_row][vc_row el_class=&#8220;row-path&#8220;][vc_column][vc_column_text][\/vc_column_text][\/vc_column][\/vc_row][vc_row el_class=&#8220;row-path&#8220;][vc_column width=&#8220;1\/6&#8243;][\/vc_column][vc_column width=&#8220;2\/3&#8243;][vc_empty_space height=&#8220;40px&#8220;][vc_column_text el_class=&#8220;txt-blue abstract weight500&#8243;] \u201eHallo, das Glas ist gerade geplatzt. Der Installateur hatte es gerade aus der Verpackung genommen und im Handumdrehen war es kaputt. &#8222; &nbsp; &#8222;&#8230; Ich hatte gerade die Dusche beendet, ich \u00f6ffnete die T\u00fcr, obwohl sie nur schwer glitt und [&hellip;]<\/p>\n","protected":false},"author":3,"featured_media":21020,"parent":0,"menu_order":0,"comment_status":"closed","ping_status":"closed","template":"","meta":[],"acf":[],"yoast_head":"<!-- This site is optimized with the Yoast SEO Premium plugin v18.4 (Yoast SEO v18.8) - https:\/\/yoast.com\/wordpress\/plugins\/seo\/ -->\n<title>Zerbrochene Kristalle - Relax srl<\/title>\n<meta name=\"description\" content=\"Welche F\u00e4lle von Glasbruch gibt es bei einer Duschabtrennung? Warum \u201eplatzt\u201c ein geh\u00e4rtetes Glas? Finden wir es gemeinsam heraus.\" \/>\n<meta name=\"robots\" content=\"index, follow, max-snippet:-1, max-image-preview:large, max-video-preview:-1\" \/>\n<link rel=\"canonical\" href=\"https:\/\/relaxsrl.com\/de\/zerbrochene-kristalle\/\" \/>\n<meta property=\"og:locale\" content=\"de_DE\" \/>\n<meta property=\"og:type\" content=\"article\" \/>\n<meta property=\"og:title\" content=\"Zerbrochene Kristalle - Relax srl\" \/>\n<meta property=\"og:description\" content=\"Welche F\u00e4lle von Glasbruch gibt es bei einer Duschabtrennung? Warum \u201eplatzt\u201c ein geh\u00e4rtetes Glas? Finden wir es gemeinsam heraus.\" \/>\n<meta property=\"og:url\" content=\"https:\/\/relaxsrl.com\/de\/zerbrochene-kristalle\/\" \/>\n<meta property=\"og:site_name\" content=\"Relax srl\" \/>\n<meta property=\"article:modified_time\" content=\"2022-11-18T10:22:08+00:00\" \/>\n<meta name=\"twitter:card\" content=\"summary_large_image\" \/>\n<meta name=\"twitter:label1\" content=\"Gesch\u00e4tzte Lesezeit\" \/>\n\t<meta name=\"twitter:data1\" content=\"7 Minuten\" \/>\n<script type=\"application\/ld+json\" class=\"yoast-schema-graph\">{\"@context\":\"https:\/\/schema.org\",\"@graph\":[{\"@type\":\"WebSite\",\"@id\":\"https:\/\/relaxsrl.com\/#website\",\"url\":\"https:\/\/relaxsrl.com\/\",\"name\":\"Relax srl\",\"description\":\"\",\"potentialAction\":[{\"@type\":\"SearchAction\",\"target\":{\"@type\":\"EntryPoint\",\"urlTemplate\":\"https:\/\/relaxsrl.com\/?s={search_term_string}\"},\"query-input\":\"required name=search_term_string\"}],\"inLanguage\":\"de-DE\"},{\"@type\":\"ImageObject\",\"inLanguage\":\"de-DE\",\"@id\":\"https:\/\/relaxsrl.com\/de\/zerbrochene-kristalle\/#primaryimage\",\"url\":\"https:\/\/relaxsrl.com\/website\/wp-content\/uploads\/2022\/07\/Articoli-Blog4-1.jpg\",\"contentUrl\":\"https:\/\/relaxsrl.com\/website\/wp-content\/uploads\/2022\/07\/Articoli-Blog4-1.jpg\",\"width\":730,\"height\":600,\"caption\":\"Glasbruchtesthand mit Marker und Zeichnung auf zerbrochenem Glas\"},{\"@type\":\"WebPage\",\"@id\":\"https:\/\/relaxsrl.com\/de\/zerbrochene-kristalle\/#webpage\",\"url\":\"https:\/\/relaxsrl.com\/de\/zerbrochene-kristalle\/\",\"name\":\"Zerbrochene Kristalle - Relax srl\",\"isPartOf\":{\"@id\":\"https:\/\/relaxsrl.com\/#website\"},\"primaryImageOfPage\":{\"@id\":\"https:\/\/relaxsrl.com\/de\/zerbrochene-kristalle\/#primaryimage\"},\"datePublished\":\"2022-08-10T16:00:55+00:00\",\"dateModified\":\"2022-11-18T10:22:08+00:00\",\"description\":\"Welche F\u00e4lle von Glasbruch gibt es bei einer Duschabtrennung? Warum \u201eplatzt\u201c ein geh\u00e4rtetes Glas? Finden wir es gemeinsam heraus.\",\"breadcrumb\":{\"@id\":\"https:\/\/relaxsrl.com\/de\/zerbrochene-kristalle\/#breadcrumb\"},\"inLanguage\":\"de-DE\",\"potentialAction\":[{\"@type\":\"ReadAction\",\"target\":[\"https:\/\/relaxsrl.com\/de\/zerbrochene-kristalle\/\"]}]},{\"@type\":\"BreadcrumbList\",\"@id\":\"https:\/\/relaxsrl.com\/de\/zerbrochene-kristalle\/#breadcrumb\",\"itemListElement\":[{\"@type\":\"ListItem\",\"position\":1,\"name\":\"Zerbrochene Kristalle\"}]}]}<\/script>\n<!-- \/ Yoast SEO Premium plugin. -->","yoast_head_json":{"title":"Zerbrochene Kristalle - Relax srl","description":"Welche F\u00e4lle von Glasbruch gibt es bei einer Duschabtrennung? Warum \u201eplatzt\u201c ein geh\u00e4rtetes Glas? Finden wir es gemeinsam heraus.","robots":{"index":"index","follow":"follow","max-snippet":"max-snippet:-1","max-image-preview":"max-image-preview:large","max-video-preview":"max-video-preview:-1"},"canonical":"https:\/\/relaxsrl.com\/de\/zerbrochene-kristalle\/","og_locale":"de_DE","og_type":"article","og_title":"Zerbrochene Kristalle - Relax srl","og_description":"Welche F\u00e4lle von Glasbruch gibt es bei einer Duschabtrennung? Warum \u201eplatzt\u201c ein geh\u00e4rtetes Glas? Finden wir es gemeinsam heraus.","og_url":"https:\/\/relaxsrl.com\/de\/zerbrochene-kristalle\/","og_site_name":"Relax srl","article_modified_time":"2022-11-18T10:22:08+00:00","twitter_card":"summary_large_image","twitter_misc":{"Gesch\u00e4tzte Lesezeit":"7 Minuten"},"schema":{"@context":"https:\/\/schema.org","@graph":[{"@type":"WebSite","@id":"https:\/\/relaxsrl.com\/#website","url":"https:\/\/relaxsrl.com\/","name":"Relax srl","description":"","potentialAction":[{"@type":"SearchAction","target":{"@type":"EntryPoint","urlTemplate":"https:\/\/relaxsrl.com\/?s={search_term_string}"},"query-input":"required name=search_term_string"}],"inLanguage":"de-DE"},{"@type":"ImageObject","inLanguage":"de-DE","@id":"https:\/\/relaxsrl.com\/de\/zerbrochene-kristalle\/#primaryimage","url":"https:\/\/relaxsrl.com\/website\/wp-content\/uploads\/2022\/07\/Articoli-Blog4-1.jpg","contentUrl":"https:\/\/relaxsrl.com\/website\/wp-content\/uploads\/2022\/07\/Articoli-Blog4-1.jpg","width":730,"height":600,"caption":"Glasbruchtesthand mit Marker und Zeichnung auf zerbrochenem Glas"},{"@type":"WebPage","@id":"https:\/\/relaxsrl.com\/de\/zerbrochene-kristalle\/#webpage","url":"https:\/\/relaxsrl.com\/de\/zerbrochene-kristalle\/","name":"Zerbrochene Kristalle - Relax srl","isPartOf":{"@id":"https:\/\/relaxsrl.com\/#website"},"primaryImageOfPage":{"@id":"https:\/\/relaxsrl.com\/de\/zerbrochene-kristalle\/#primaryimage"},"datePublished":"2022-08-10T16:00:55+00:00","dateModified":"2022-11-18T10:22:08+00:00","description":"Welche F\u00e4lle von Glasbruch gibt es bei einer Duschabtrennung? Warum \u201eplatzt\u201c ein geh\u00e4rtetes Glas? Finden wir es gemeinsam heraus.","breadcrumb":{"@id":"https:\/\/relaxsrl.com\/de\/zerbrochene-kristalle\/#breadcrumb"},"inLanguage":"de-DE","potentialAction":[{"@type":"ReadAction","target":["https:\/\/relaxsrl.com\/de\/zerbrochene-kristalle\/"]}]},{"@type":"BreadcrumbList","@id":"https:\/\/relaxsrl.com\/de\/zerbrochene-kristalle\/#breadcrumb","itemListElement":[{"@type":"ListItem","position":1,"name":"Zerbrochene Kristalle"}]}]}},"_links":{"self":[{"href":"https:\/\/relaxsrl.com\/de\/wp-json\/wp\/v2\/pages\/22805"}],"collection":[{"href":"https:\/\/relaxsrl.com\/de\/wp-json\/wp\/v2\/pages"}],"about":[{"href":"https:\/\/relaxsrl.com\/de\/wp-json\/wp\/v2\/types\/page"}],"author":[{"embeddable":true,"href":"https:\/\/relaxsrl.com\/de\/wp-json\/wp\/v2\/users\/3"}],"replies":[{"embeddable":true,"href":"https:\/\/relaxsrl.com\/de\/wp-json\/wp\/v2\/comments?post=22805"}],"version-history":[{"count":4,"href":"https:\/\/relaxsrl.com\/de\/wp-json\/wp\/v2\/pages\/22805\/revisions"}],"predecessor-version":[{"id":24603,"href":"https:\/\/relaxsrl.com\/de\/wp-json\/wp\/v2\/pages\/22805\/revisions\/24603"}],"wp:featuredmedia":[{"embeddable":true,"href":"https:\/\/relaxsrl.com\/de\/wp-json\/wp\/v2\/media\/21020"}],"wp:attachment":[{"href":"https:\/\/relaxsrl.com\/de\/wp-json\/wp\/v2\/media?parent=22805"}],"curies":[{"name":"wp","href":"https:\/\/api.w.org\/{rel}","templated":true}]}}