{"id":22815,"date":"2022-08-10T18:05:16","date_gmt":"2022-08-10T16:05:16","guid":{"rendered":"https:\/\/relaxsrl.com\/seite-nicht-gefunden\/"},"modified":"2022-11-18T10:59:24","modified_gmt":"2022-11-18T09:59:24","slug":"seite-nicht-gefunden","status":"publish","type":"page","link":"https:\/\/relaxsrl.com\/de\/seite-nicht-gefunden\/","title":{"rendered":"Seite nicht gefunden"},"content":{"rendered":"<p>[vc_row full_width=&#8220;stretch_row&#8220; content_placement=&#8220;middle&#8220; el_class=&#8220;intro-row&#8220;][vc_column width=&#8220;5\/12&#8243;][vc_column_text]<\/p>\n<h1>Seite nicht gefunden<\/h1>\n<p>[\/vc_column_text][\/vc_column][vc_column width=&#8220;7\/12&#8243;][vc_column_text el_class=&#8220;abstract&#8220;][\/vc_column_text][\/vc_column][\/vc_row][vc_row el_class=&#8220;row-path&#8220;][vc_column][vc_column_text][\/vc_column_text][\/vc_column][\/vc_row][vc_row][vc_column width=&#8220;1\/4&#8243;][\/vc_column][vc_column width=&#8220;1\/2&#8243;][vc_column_text]<\/p>\n<h3 style=\"text-align: center;\">404<br \/>\nWAS F\u00dcR EINE KALTE DUSCHE!<\/h3>\n<div class=\"teiler-blau teiler-blau-mitte\"><\/div>\n<p style=\"text-align: center;\">Die gesuchte Seite reagiert nicht.<br \/>\nM\u00f6glicherweise wurde es verschoben oder gel\u00f6scht. Oder nachdem Sie eine unserer <a href=\"http:\/\/relaxsrl.com\/newsite\/products\/collections\/steam\/\"> Steam<\/a> \ud83d\ude09<\/p>\n<p>[\/vc_column_text][vc_empty_space height=&#8220;50px&#8220;][vc_btn title=&#8220;ZUR HOME&#8220; style=&#8220;classic&#8220; shape=&#8220;square&#8220; color=&#8220;white&#8220; align=&#8220;center&#8220; link=&#8220;url:http%3A%2F%2Frelaxsrl.com%2Fde%2F|title:Home|&#8220; el_class=&#8220;btn-default&#8220;][vc_empty_space height=&#8220;100px&#8220;][\/vc_column][vc_column width=&#8220;1\/4&#8243;][\/vc_column][\/vc_row]<\/p>\n","protected":false},"excerpt":{"rendered":"<p>[vc_row full_width=&#8220;stretch_row&#8220; content_placement=&#8220;middle&#8220; el_class=&#8220;intro-row&#8220;][vc_column width=&#8220;5\/12&#8243;][vc_column_text] Seite nicht gefunden [\/vc_column_text][\/vc_column][vc_column width=&#8220;7\/12&#8243;][vc_column_text el_class=&#8220;abstract&#8220;][\/vc_column_text][\/vc_column][\/vc_row][vc_row el_class=&#8220;row-path&#8220;][vc_column][vc_column_text][\/vc_column_text][\/vc_column][\/vc_row][vc_row][vc_column width=&#8220;1\/4&#8243;][\/vc_column][vc_column width=&#8220;1\/2&#8243;][vc_column_text] 404 WAS F\u00dcR EINE KALTE DUSCHE! Die gesuchte Seite reagiert nicht. M\u00f6glicherweise wurde es verschoben oder gel\u00f6scht. Oder nachdem Sie eine unserer Steam \ud83d\ude09 [\/vc_column_text][vc_empty_space height=&#8220;50px&#8220;][vc_btn title=&#8220;ZUR HOME&#8220; style=&#8220;classic&#8220; shape=&#8220;square&#8220; color=&#8220;white&#8220; align=&#8220;center&#8220; link=&#8220;url:http%3A%2F%2Frelaxsrl.com%2Fde%2F|title:Home|&#8220; el_class=&#8220;btn-default&#8220;][vc_empty_space height=&#8220;100px&#8220;][\/vc_column][vc_column width=&#8220;1\/4&#8243;][\/vc_column][\/vc_row]<\/p>\n","protected":false},"author":3,"featured_media":25662,"parent":0,"menu_order":0,"comment_status":"closed","ping_status":"closed","template":"","meta":[],"acf":[],"yoast_head":"<!-- This site is optimized with the Yoast SEO Premium plugin v18.4 (Yoast SEO v18.8) - https:\/\/yoast.com\/wordpress\/plugins\/seo\/ -->\n<title>Seite nicht gefunden - Relax srl<\/title>\n<meta name=\"description\" content=\"Die gesuchte Seite wurde m\u00f6glicherweise verschoben oder gel\u00f6scht. Oder ein t\u00fcrkisches Dampfbad genie\u00dfen ;)\" \/>\n<meta name=\"robots\" content=\"noindex, follow\" \/>\n<meta property=\"og:locale\" content=\"de_DE\" \/>\n<meta property=\"og:type\" content=\"article\" \/>\n<meta property=\"og:title\" content=\"Seite nicht gefunden - Relax srl\" \/>\n<meta property=\"og:description\" content=\"Die gesuchte Seite wurde m\u00f6glicherweise verschoben oder gel\u00f6scht. Oder ein t\u00fcrkisches Dampfbad genie\u00dfen ;)\" \/>\n<meta property=\"og:url\" content=\"https:\/\/relaxsrl.com\/de\/seite-nicht-gefunden\/\" \/>\n<meta property=\"og:site_name\" content=\"Relax srl\" \/>\n<meta property=\"article:modified_time\" content=\"2022-11-18T09:59:24+00:00\" \/>\n<meta property=\"og:image\" content=\"https:\/\/relaxsrl.com\/website\/wp-content\/uploads\/2023\/02\/X_NEUTRA_RELAX.jpg\" \/>\n\t<meta property=\"og:image:width\" content=\"500\" \/>\n\t<meta property=\"og:image:height\" content=\"500\" \/>\n\t<meta property=\"og:image:type\" content=\"image\/jpeg\" \/>\n<meta name=\"twitter:card\" content=\"summary_large_image\" \/>\n<meta name=\"twitter:label1\" content=\"Gesch\u00e4tzte Lesezeit\" \/>\n\t<meta name=\"twitter:data1\" content=\"1 Minute\" \/>\n<script type=\"application\/ld+json\" class=\"yoast-schema-graph\">{\"@context\":\"https:\/\/schema.org\",\"@graph\":[{\"@type\":\"WebSite\",\"@id\":\"https:\/\/relaxsrl.com\/#website\",\"url\":\"https:\/\/relaxsrl.com\/\",\"name\":\"Relax srl\",\"description\":\"\",\"potentialAction\":[{\"@type\":\"SearchAction\",\"target\":{\"@type\":\"EntryPoint\",\"urlTemplate\":\"https:\/\/relaxsrl.com\/?s={search_term_string}\"},\"query-input\":\"required name=search_term_string\"}],\"inLanguage\":\"de-DE\"},{\"@type\":\"ImageObject\",\"inLanguage\":\"de-DE\",\"@id\":\"https:\/\/relaxsrl.com\/de\/seite-nicht-gefunden\/#primaryimage\",\"url\":\"https:\/\/relaxsrl.com\/website\/wp-content\/uploads\/2023\/02\/X_NEUTRA_RELAX.jpg\",\"contentUrl\":\"https:\/\/relaxsrl.com\/website\/wp-content\/uploads\/2023\/02\/X_NEUTRA_RELAX.jpg\",\"width\":500,\"height\":500},{\"@type\":\"WebPage\",\"@id\":\"https:\/\/relaxsrl.com\/de\/seite-nicht-gefunden\/#webpage\",\"url\":\"https:\/\/relaxsrl.com\/de\/seite-nicht-gefunden\/\",\"name\":\"Seite nicht gefunden - Relax srl\",\"isPartOf\":{\"@id\":\"https:\/\/relaxsrl.com\/#website\"},\"primaryImageOfPage\":{\"@id\":\"https:\/\/relaxsrl.com\/de\/seite-nicht-gefunden\/#primaryimage\"},\"datePublished\":\"2022-08-10T16:05:16+00:00\",\"dateModified\":\"2022-11-18T09:59:24+00:00\",\"description\":\"Die gesuchte Seite wurde m\u00f6glicherweise verschoben oder gel\u00f6scht. Oder ein t\u00fcrkisches Dampfbad genie\u00dfen ;)\",\"breadcrumb\":{\"@id\":\"https:\/\/relaxsrl.com\/de\/seite-nicht-gefunden\/#breadcrumb\"},\"inLanguage\":\"de-DE\",\"potentialAction\":[{\"@type\":\"ReadAction\",\"target\":[\"https:\/\/relaxsrl.com\/de\/seite-nicht-gefunden\/\"]}]},{\"@type\":\"BreadcrumbList\",\"@id\":\"https:\/\/relaxsrl.com\/de\/seite-nicht-gefunden\/#breadcrumb\",\"itemListElement\":[{\"@type\":\"ListItem\",\"position\":1,\"name\":\"Seite nicht gefunden\"}]}]}<\/script>\n<!-- \/ Yoast SEO Premium plugin. -->","yoast_head_json":{"title":"Seite nicht gefunden - Relax srl","description":"Die gesuchte Seite wurde m\u00f6glicherweise verschoben oder gel\u00f6scht. Oder ein t\u00fcrkisches Dampfbad genie\u00dfen ;)","robots":{"index":"noindex","follow":"follow"},"og_locale":"de_DE","og_type":"article","og_title":"Seite nicht gefunden - Relax srl","og_description":"Die gesuchte Seite wurde m\u00f6glicherweise verschoben oder gel\u00f6scht. Oder ein t\u00fcrkisches Dampfbad genie\u00dfen ;)","og_url":"https:\/\/relaxsrl.com\/de\/seite-nicht-gefunden\/","og_site_name":"Relax srl","article_modified_time":"2022-11-18T09:59:24+00:00","og_image":[{"width":500,"height":500,"url":"https:\/\/relaxsrl.com\/website\/wp-content\/uploads\/2023\/02\/X_NEUTRA_RELAX.jpg","type":"image\/jpeg"}],"twitter_card":"summary_large_image","twitter_misc":{"Gesch\u00e4tzte Lesezeit":"1 Minute"},"schema":{"@context":"https:\/\/schema.org","@graph":[{"@type":"WebSite","@id":"https:\/\/relaxsrl.com\/#website","url":"https:\/\/relaxsrl.com\/","name":"Relax srl","description":"","potentialAction":[{"@type":"SearchAction","target":{"@type":"EntryPoint","urlTemplate":"https:\/\/relaxsrl.com\/?s={search_term_string}"},"query-input":"required name=search_term_string"}],"inLanguage":"de-DE"},{"@type":"ImageObject","inLanguage":"de-DE","@id":"https:\/\/relaxsrl.com\/de\/seite-nicht-gefunden\/#primaryimage","url":"https:\/\/relaxsrl.com\/website\/wp-content\/uploads\/2023\/02\/X_NEUTRA_RELAX.jpg","contentUrl":"https:\/\/relaxsrl.com\/website\/wp-content\/uploads\/2023\/02\/X_NEUTRA_RELAX.jpg","width":500,"height":500},{"@type":"WebPage","@id":"https:\/\/relaxsrl.com\/de\/seite-nicht-gefunden\/#webpage","url":"https:\/\/relaxsrl.com\/de\/seite-nicht-gefunden\/","name":"Seite nicht gefunden - Relax srl","isPartOf":{"@id":"https:\/\/relaxsrl.com\/#website"},"primaryImageOfPage":{"@id":"https:\/\/relaxsrl.com\/de\/seite-nicht-gefunden\/#primaryimage"},"datePublished":"2022-08-10T16:05:16+00:00","dateModified":"2022-11-18T09:59:24+00:00","description":"Die gesuchte Seite wurde m\u00f6glicherweise verschoben oder gel\u00f6scht. Oder ein t\u00fcrkisches Dampfbad genie\u00dfen ;)","breadcrumb":{"@id":"https:\/\/relaxsrl.com\/de\/seite-nicht-gefunden\/#breadcrumb"},"inLanguage":"de-DE","potentialAction":[{"@type":"ReadAction","target":["https:\/\/relaxsrl.com\/de\/seite-nicht-gefunden\/"]}]},{"@type":"BreadcrumbList","@id":"https:\/\/relaxsrl.com\/de\/seite-nicht-gefunden\/#breadcrumb","itemListElement":[{"@type":"ListItem","position":1,"name":"Seite nicht gefunden"}]}]}},"_links":{"self":[{"href":"https:\/\/relaxsrl.com\/de\/wp-json\/wp\/v2\/pages\/22815"}],"collection":[{"href":"https:\/\/relaxsrl.com\/de\/wp-json\/wp\/v2\/pages"}],"about":[{"href":"https:\/\/relaxsrl.com\/de\/wp-json\/wp\/v2\/types\/page"}],"author":[{"embeddable":true,"href":"https:\/\/relaxsrl.com\/de\/wp-json\/wp\/v2\/users\/3"}],"replies":[{"embeddable":true,"href":"https:\/\/relaxsrl.com\/de\/wp-json\/wp\/v2\/comments?post=22815"}],"version-history":[{"count":5,"href":"https:\/\/relaxsrl.com\/de\/wp-json\/wp\/v2\/pages\/22815\/revisions"}],"predecessor-version":[{"id":24591,"href":"https:\/\/relaxsrl.com\/de\/wp-json\/wp\/v2\/pages\/22815\/revisions\/24591"}],"wp:featuredmedia":[{"embeddable":true,"href":"https:\/\/relaxsrl.com\/de\/wp-json\/wp\/v2\/media\/25662"}],"wp:attachment":[{"href":"https:\/\/relaxsrl.com\/de\/wp-json\/wp\/v2\/media?parent=22815"}],"curies":[{"name":"wp","href":"https:\/\/api.w.org\/{rel}","templated":true}]}}