{"id":22831,"date":"2022-08-11T10:52:13","date_gmt":"2022-08-11T08:52:13","guid":{"rendered":"https:\/\/relaxsrl.com\/newsletter-policy\/"},"modified":"2023-07-07T08:55:24","modified_gmt":"2023-07-07T06:55:24","slug":"newsletter-policy","status":"publish","type":"page","link":"https:\/\/relaxsrl.com\/de\/newsletter-policy\/","title":{"rendered":"Newsletter Policy"},"content":{"rendered":"<p>[vc_row][vc_column][vc_column_text]<strong>INFORMATIONEN ZUR VERARBEITUNG PERSONENBEZOGENER DATEN (VERSAND DES NEWSLETTERS)<\/strong><\/p>\n<p>&nbsp;<\/p>\n<p>Diese Seite beschreibt die Verwaltung des Newsletter-Dienstes in Bezug auf die Verarbeitung der personenbezogenen Daten von Benutzern, die ihn abonnieren.<\/p>\n<p>Die Auskunft erfolgt gem\u00e4\u00df Art. 13 und 14 der DSGVO 2016\/679 und der geltenden nationalen Gesetzgebung f\u00fcr diejenigen, die insbesondere mit den elektronisch zug\u00e4nglichen Informations-, Informations- und Werbe-Newsletter-Diensten von RELAX SRL interagieren.<\/p>\n<p>&nbsp;<\/p>\n<p><strong> Datenverantwortlicher <\/strong><\/p>\n<p>Der Datenverantwortliche ist RELAX SRL mit Sitz in Via Leonardo da Vinci, 2A &#8211; 30020 Torre di Mosto (VE).<\/p>\n<p>&nbsp;<\/p>\n<p><strong> Externer Datenverarbeiter <\/strong><\/p>\n<p>MAILCHIMP &#8211; Rocket Science Group LLC wurde als externer Datenverarbeiter gem\u00e4\u00df Art. 28 der DSGVO 2016\/679 und der geltenden nationalen Gesetzgebung, als Anbieter der Entwicklungs- und Wartungsdienste der Webplattform sowie f\u00fcr die Bereitstellung und das Betriebsmanagement der verwendeten technologischen Plattformen.<\/p>\n<p>&nbsp;<\/p>\n<p>Zweck und Rechtsgrundlage der Verarbeitung<\/p>\n<p>Die Erhebung und Verarbeitung personenbezogener Daten erfolgt zu folgenden Zwecken:<\/p>\n<ul>\n<li>Mit der ausdr\u00fccklichen Zustimmung der interessierten Partei ist die Zusendung des Informations-, Handels- und Werbe-Newsletters in voller \u00dcbereinstimmung mit der DSGVO 2016\/679 und den geltenden nationalen Rechtsvorschriften (Artikel 130 des gesetzesvertretenden Dekrets 196\/2003 ss. mm. ii.) sowie die Bestimmung des Garanten vom 04.07.2013 \u201eRichtlinien zu Werbema\u00dfnahmen und zur Spam-Bek\u00e4mpfung\u201c (Art. 6 Abs. 1 lit. a) DSGVO 2016\/679) (Art. 6 Abs. 1 lit. 1 lit. a) DSGVO 2016\/679).<\/li>\n<\/ul>\n<p>&nbsp;<\/p>\n<p>Die Erhebung und Registrierung von Daten erfolgt f\u00fcr bestimmte, eindeutige und legitime Zwecke und in einer mit diesen Zwecken vereinbaren Weise als Teil der f\u00fcr den Gesch\u00e4ftsbetrieb erforderlichen Verarbeitung. Diese Daten werden nach dem Grundsatz der Genauigkeit verarbeitet und gegebenenfalls entsprechend aktualisiert, damit sie immer relevant, vollst\u00e4ndig und nicht \u00fcber die Zwecke der Erhebung hinausgehen und dass ihre Aufbewahrung f\u00fcr den daf\u00fcr erforderlichen Zeitraum funktionsf\u00e4hig ist die gem\u00e4\u00df der DSGVO 2016\/679 und den geltenden nationalen Rechtsvorschriften erhoben und anschlie\u00dfend verarbeitet wurden.<\/p>\n<p>Personenbezogene Daten k\u00f6nnen sowohl auf Papier als auch auf elektronischem Wege verarbeitet werden und in jedem Fall so, dass ihre Sicherheit gew\u00e4hrleistet und die Vertraulichkeit der betroffenen Person gesch\u00fctzt wird. Es werden spezielle Sicherheitsma\u00dfnahmen eingehalten, um Datenverlust, unerlaubte oder falsche Verwendung und unbefugten Zugriff in voller \u00dcbereinstimmung mit Art. 32 der DSGVO 2016\/679 und der geltenden nationalen Gesetzgebung.<br \/>\nObligatorischer oder optionaler Charakter der Bereitstellung von Daten und Folgen einer etwaigen Verweigerung<\/p>\n<p>Abgesehen von den Angaben zu den Navigationsdaten steht es dem Interessenten frei, die in den Anfrageformularen enthaltenen oder in den Kontakten angegebenen personenbezogenen Daten anzugeben, um den Versand des Newsletters anzufordern. Die Einwilligung ist optional und kann, falls erteilt, jederzeit widerrufen werden, unbeschadet der Rechtm\u00e4\u00dfigkeit der Behandlung aufgrund der vor dem Widerruf erteilten Einwilligung.<\/p>\n<p>Die Nichtbereitstellung kann es unm\u00f6glich machen, das Gew\u00fcnschte zu erhalten.<\/p>\n<p>&nbsp;<\/p>\n<p><strong> Datenkommunikation <\/strong><\/p>\n<p>Unbeschadet der Mitteilungen und Verbreitungen zur Erf\u00fcllung gesetzlicher Verpflichtungen k\u00f6nnen alle erhobenen und verarbeiteten Daten \u00fcbermittelt werden an:<\/p>\n<ul>\n<li style=\"list-style-type: none;\">\n<ul>\n<li>Fachleute und Berater, insbesondere Personen, die Dienstleistungen f\u00fcr die Verwaltung von Informationssystemen und Telekommunikationsnetzen (einschlie\u00dflich E-Mail) erbringen;<\/li>\n<li>Subjekte, die Behandlungen im Auftrag des Datenverantwortlichen als Manager gem\u00e4\u00df Art. 28 GDPR 2016\/679, wie beispielsweise und nicht beschr\u00e4nkt auf: Personen, die Dienstleistungen f\u00fcr die Verwaltung des Informationssystems und der Telekommunikationsnetze (einschlie\u00dflich E-Mail) erbringen. Die vollst\u00e4ndige und aktualisierte Liste der Manager ist f\u00fcr die Berechtigten auf Anfrage am Hauptsitz des Datenverantwortlichen<\/li>\n<\/ul>\n<\/li>\n<\/ul>\n<p>erh\u00e4ltlich<\/p>\n<ul>\n<li>Subjekte, die nach geltendem Recht zum Zugriff auf Daten berechtigt sind und\/oder denen Daten in \u00dcbereinstimmung mit gesetzlichen Verpflichtungen \u00fcbermittelt werden m\u00fcssen.<\/li>\n<\/ul>\n<p>&nbsp;<\/p>\n<p>Personenbezogene Daten k\u00f6nnen von Mitarbeitern und Mitarbeitern verarbeitet werden, die den zust\u00e4ndigen B\u00fcros des Unterzeichneten zugeordnet sind und ausdr\u00fccklich zur Verarbeitung der Verarbeitung auf der Grundlage der Bestimmungen von Art. 29 der DSGVO 2016\/679 und den geltenden nationalen Rechtsvorschriften.<\/p>\n<p>&nbsp;<\/p>\n<p>\u00dcbermittlung von Daten ins Ausland<\/p>\n<p>Personenbezogene Daten d\u00fcrfen nur zur Verfolgung der in diesen Informationen genannten Zwecke oder aus ausschlie\u00dflich technischen Gr\u00fcnden im Zusammenhang mit der Struktur des Unternehmensinformationssystems und \/ oder der Anwendung technischer und organisatorischer Sicherheitsma\u00dfnahmen ins Ausland \u00fcbermittelt und \/ oder \u00fcbermittelt werden geeignet durch den Datenverantwortlichen (Art. 32 GDPR 2016\/679) und ausschlie\u00dflich in \u00dcbereinstimmung mit Art. 44 s.s. der DSGVO 2016\/679.<\/p>\n<p>&nbsp;<\/p>\n<p><strong> Datenaufbewahrungszeiten: <\/strong><\/p>\n<p>Die bereitgestellten Daten werden in unseren Archiven gem\u00e4\u00df den folgenden Parametern gespeichert:<\/p>\n<ul>\n<li>F\u00fcr den Newsletter-Dienst verarbeitete Daten: bis zum Antrag auf Abmeldung vom Dienst;<\/li>\n<\/ul>\n<p>In Bezug auf die gesetzlich vorgesehenen besonderen Verj\u00e4hrungsfristen k\u00f6nnen die Daten, die f\u00fcr die Beurteilung, Aus\u00fcbung oder Verteidigung eines Rechts vor Gericht erforderlich sind, l\u00e4ngeren Aufbewahrungsfristen unterliegen. Die \u00dcberpr\u00fcfung der Veraltung der gespeicherten Daten in Bezug auf die Zwecke, f\u00fcr die sie erhoben wurden, erfolgt regelm\u00e4\u00dfig.<\/p>\n<p>&nbsp;<\/p>\n<p><strong> Rechte der interessierten Partei <\/strong><\/p>\n<p>In Bezug auf personenbezogene Daten kann die interessierte Partei die in den Artikeln festgelegten Rechte innerhalb der Grenzen und unter den Bedingungen aus\u00fcben von 15 bis 22 der DSGVO 2016\/679 und den geltenden nationalen Rechtsvorschriften. Insbesondere schreibt die DSGVO dem Interessenten zu:<\/p>\n<ul>\n<li>Auskunftsrecht (Artikel 15 der DSGVO 2016\/679);<\/li>\n<li>Recht auf Berichtigung unrichtiger personenbezogener Daten und Recht auf Integration unvollst\u00e4ndiger personenbezogener Teile (Artikel 16 der DSGVO 2016\/679);<\/li>\n<li>Recht auf L\u00f6schung (Artikel 17 DSGVO 2016\/679);<\/li>\n<li>Recht auf Einschr\u00e4nkung der Verarbeitung (Artikel 18 der DSGVO 2016\/679);<\/li>\n<li>Recht, die Empf\u00e4nger, denen Berichtigungen oder L\u00f6schungen oder Einschr\u00e4nkungen der Verarbeitung mitgeteilt wurden, zu verlangen (Artikel 19 der DSGVO 2016\/679);<\/li>\n<li>Recht auf Daten\u00fcbertragbarkeit (Artikel 20 DSGVO 2016\/679);<\/li>\n<li>Recht auf Widerspruch (Artikel 21 DSGVO 2016\/679);<\/li>\n<li>Recht, nicht einer ausschlie\u00dflich auf einer automatisierten Verarbeitung beruhenden Entscheidung unterworfen zu werden (Artikel 22 DSGVO 2016\/679).<\/li>\n<\/ul>\n<p>Beachten Sie im Falle der Unterzeichnung einer Einwilligung in die Verarbeitung, dass die interessierte Partei diese jederzeit widerrufen kann, unbeschadet der zwingenden Verpflichtungen, die durch die zum Zeitpunkt des Widerrufsantrags geltenden Rechtsvorschriften vorgesehen sind, indem sie sich an die Daten wenden Verantwortlicher unter folgender Adresse per E-Mail: info@relaxsrl.com.<\/p>\n<p>&nbsp;<\/p>\n<p><strong> Beschwerderecht <\/strong><\/p>\n<p>Wenn Sie der Meinung sind, dass die Verarbeitung Ihrer personenbezogenen Daten, die \u00fcber diese Website durchgef\u00fchrt wird, gegen die Bestimmungen der DSGVO 2016\/679 verst\u00f6\u00dft, haben Sie auch das Recht, eine Beschwerde beim Garanten f\u00fcr den Schutz personenbezogener Daten, as einzureichen erforderlich nach Art. 77 der DSGVO 2016\/679 selbst, oder die zust\u00e4ndigen Justizbeh\u00f6rden zu beauftragen (Artikel 79 der DSGVO 2016\/679).<\/p>\n<p>&nbsp;<\/p>\n<p><strong> F\u00fcr weitere Informationen k\u00f6nnen Sie sich an den Datenverantwortlichen wenden: <\/strong><\/p>\n<p>&nbsp;<\/p>\n<p><strong>RELAX SRL<\/strong><\/p>\n<p>Via Leonardo da Vinci, 2A &#8211; 30020 Turm von Mosto (VE)<\/p>\n<p>Tel. +39 0421 1765124 &#8211; Fax +39 0421 466654<\/p>\n<p>eM.: info@relaxsrl.com<\/p>\n<p>&nbsp;<\/p>\n<p>Weitere Informationen finden Sie auch in der Datenschutzerkl\u00e4rung der Website www.relaxsrl.com von RELAX SRL.<\/p>\n<p>&nbsp;<\/p>\n<p>K\u00dcNDIGUNG DES DIENSTES<\/p>\n<p>&nbsp;<\/p>\n<p>Um den Newsletter nicht mehr zu erhalten, klicken Sie auf den Link am Ende jeder E-Mail, die sich auf den Newsletter-Service bezieht, oder senden Sie bei Problemen eine Anfrage an: info@relaxsrl.com.<\/p>\n<p>&nbsp;<\/p>\n<p>&nbsp;<\/p>\n<p>Letzte \u00c4nderung: 15.11.2021[\/vc_column_text][vc_empty_space height=&#8220;100px&#8220;][\/vc_column][\/vc_row]<\/p>\n","protected":false},"excerpt":{"rendered":"<p>[vc_row][vc_column][vc_column_text]INFORMATIONEN ZUR VERARBEITUNG PERSONENBEZOGENER DATEN (VERSAND DES NEWSLETTERS) &nbsp; Diese Seite beschreibt die Verwaltung des Newsletter-Dienstes in Bezug auf die Verarbeitung der personenbezogenen Daten von Benutzern, die ihn abonnieren. Die Auskunft erfolgt gem\u00e4\u00df Art. 13 und 14 der DSGVO 2016\/679 und der geltenden nationalen Gesetzgebung f\u00fcr diejenigen, die insbesondere mit den elektronisch zug\u00e4nglichen Informations-, Informations- [&hellip;]<\/p>\n","protected":false},"author":3,"featured_media":25662,"parent":0,"menu_order":0,"comment_status":"closed","ping_status":"closed","template":"","meta":[],"acf":[],"yoast_head":"<!-- This site is optimized with the Yoast SEO Premium plugin v18.4 (Yoast SEO v18.8) - https:\/\/yoast.com\/wordpress\/plugins\/seo\/ -->\n<title>Newsletter Policy - Relax srl<\/title>\n<meta name=\"description\" content=\"Verwaltung des Newsletter-Dienstes in Bezug auf die Verarbeitung der personenbezogenen Daten von Benutzern, die ihn abonnieren.\" \/>\n<meta name=\"robots\" content=\"noindex, follow\" \/>\n<meta property=\"og:locale\" content=\"de_DE\" \/>\n<meta property=\"og:type\" content=\"article\" \/>\n<meta property=\"og:title\" content=\"Newsletter Policy - Relax srl\" \/>\n<meta property=\"og:description\" content=\"Verwaltung des Newsletter-Dienstes in Bezug auf die Verarbeitung der personenbezogenen Daten von Benutzern, die ihn abonnieren.\" \/>\n<meta property=\"og:url\" content=\"https:\/\/relaxsrl.com\/de\/newsletter-policy\/\" \/>\n<meta property=\"og:site_name\" content=\"Relax srl\" \/>\n<meta property=\"article:modified_time\" content=\"2023-07-07T06:55:24+00:00\" \/>\n<meta property=\"og:image\" content=\"https:\/\/relaxsrl.com\/website\/wp-content\/uploads\/2023\/02\/X_NEUTRA_RELAX.jpg\" \/>\n\t<meta property=\"og:image:width\" content=\"500\" \/>\n\t<meta property=\"og:image:height\" content=\"500\" \/>\n\t<meta property=\"og:image:type\" content=\"image\/jpeg\" \/>\n<meta name=\"twitter:card\" content=\"summary_large_image\" \/>\n<meta name=\"twitter:label1\" content=\"Gesch\u00e4tzte Lesezeit\" \/>\n\t<meta name=\"twitter:data1\" content=\"5 Minuten\" \/>\n<script type=\"application\/ld+json\" class=\"yoast-schema-graph\">{\"@context\":\"https:\/\/schema.org\",\"@graph\":[{\"@type\":\"WebSite\",\"@id\":\"https:\/\/relaxsrl.com\/#website\",\"url\":\"https:\/\/relaxsrl.com\/\",\"name\":\"Relax srl\",\"description\":\"\",\"potentialAction\":[{\"@type\":\"SearchAction\",\"target\":{\"@type\":\"EntryPoint\",\"urlTemplate\":\"https:\/\/relaxsrl.com\/?s={search_term_string}\"},\"query-input\":\"required name=search_term_string\"}],\"inLanguage\":\"de-DE\"},{\"@type\":\"ImageObject\",\"inLanguage\":\"de-DE\",\"@id\":\"https:\/\/relaxsrl.com\/de\/newsletter-policy\/#primaryimage\",\"url\":\"https:\/\/relaxsrl.com\/website\/wp-content\/uploads\/2023\/02\/X_NEUTRA_RELAX.jpg\",\"contentUrl\":\"https:\/\/relaxsrl.com\/website\/wp-content\/uploads\/2023\/02\/X_NEUTRA_RELAX.jpg\",\"width\":500,\"height\":500},{\"@type\":\"WebPage\",\"@id\":\"https:\/\/relaxsrl.com\/de\/newsletter-policy\/#webpage\",\"url\":\"https:\/\/relaxsrl.com\/de\/newsletter-policy\/\",\"name\":\"Newsletter Policy - Relax srl\",\"isPartOf\":{\"@id\":\"https:\/\/relaxsrl.com\/#website\"},\"primaryImageOfPage\":{\"@id\":\"https:\/\/relaxsrl.com\/de\/newsletter-policy\/#primaryimage\"},\"datePublished\":\"2022-08-11T08:52:13+00:00\",\"dateModified\":\"2023-07-07T06:55:24+00:00\",\"description\":\"Verwaltung des Newsletter-Dienstes in Bezug auf die Verarbeitung der personenbezogenen Daten von Benutzern, die ihn abonnieren.\",\"breadcrumb\":{\"@id\":\"https:\/\/relaxsrl.com\/de\/newsletter-policy\/#breadcrumb\"},\"inLanguage\":\"de-DE\",\"potentialAction\":[{\"@type\":\"ReadAction\",\"target\":[\"https:\/\/relaxsrl.com\/de\/newsletter-policy\/\"]}]},{\"@type\":\"BreadcrumbList\",\"@id\":\"https:\/\/relaxsrl.com\/de\/newsletter-policy\/#breadcrumb\",\"itemListElement\":[{\"@type\":\"ListItem\",\"position\":1,\"name\":\"Newsletter Policy\"}]}]}<\/script>\n<!-- \/ Yoast SEO Premium plugin. -->","yoast_head_json":{"title":"Newsletter Policy - Relax srl","description":"Verwaltung des Newsletter-Dienstes in Bezug auf die Verarbeitung der personenbezogenen Daten von Benutzern, die ihn abonnieren.","robots":{"index":"noindex","follow":"follow"},"og_locale":"de_DE","og_type":"article","og_title":"Newsletter Policy - Relax srl","og_description":"Verwaltung des Newsletter-Dienstes in Bezug auf die Verarbeitung der personenbezogenen Daten von Benutzern, die ihn abonnieren.","og_url":"https:\/\/relaxsrl.com\/de\/newsletter-policy\/","og_site_name":"Relax srl","article_modified_time":"2023-07-07T06:55:24+00:00","og_image":[{"width":500,"height":500,"url":"https:\/\/relaxsrl.com\/website\/wp-content\/uploads\/2023\/02\/X_NEUTRA_RELAX.jpg","type":"image\/jpeg"}],"twitter_card":"summary_large_image","twitter_misc":{"Gesch\u00e4tzte Lesezeit":"5 Minuten"},"schema":{"@context":"https:\/\/schema.org","@graph":[{"@type":"WebSite","@id":"https:\/\/relaxsrl.com\/#website","url":"https:\/\/relaxsrl.com\/","name":"Relax srl","description":"","potentialAction":[{"@type":"SearchAction","target":{"@type":"EntryPoint","urlTemplate":"https:\/\/relaxsrl.com\/?s={search_term_string}"},"query-input":"required name=search_term_string"}],"inLanguage":"de-DE"},{"@type":"ImageObject","inLanguage":"de-DE","@id":"https:\/\/relaxsrl.com\/de\/newsletter-policy\/#primaryimage","url":"https:\/\/relaxsrl.com\/website\/wp-content\/uploads\/2023\/02\/X_NEUTRA_RELAX.jpg","contentUrl":"https:\/\/relaxsrl.com\/website\/wp-content\/uploads\/2023\/02\/X_NEUTRA_RELAX.jpg","width":500,"height":500},{"@type":"WebPage","@id":"https:\/\/relaxsrl.com\/de\/newsletter-policy\/#webpage","url":"https:\/\/relaxsrl.com\/de\/newsletter-policy\/","name":"Newsletter Policy - Relax srl","isPartOf":{"@id":"https:\/\/relaxsrl.com\/#website"},"primaryImageOfPage":{"@id":"https:\/\/relaxsrl.com\/de\/newsletter-policy\/#primaryimage"},"datePublished":"2022-08-11T08:52:13+00:00","dateModified":"2023-07-07T06:55:24+00:00","description":"Verwaltung des Newsletter-Dienstes in Bezug auf die Verarbeitung der personenbezogenen Daten von Benutzern, die ihn abonnieren.","breadcrumb":{"@id":"https:\/\/relaxsrl.com\/de\/newsletter-policy\/#breadcrumb"},"inLanguage":"de-DE","potentialAction":[{"@type":"ReadAction","target":["https:\/\/relaxsrl.com\/de\/newsletter-policy\/"]}]},{"@type":"BreadcrumbList","@id":"https:\/\/relaxsrl.com\/de\/newsletter-policy\/#breadcrumb","itemListElement":[{"@type":"ListItem","position":1,"name":"Newsletter Policy"}]}]}},"_links":{"self":[{"href":"https:\/\/relaxsrl.com\/de\/wp-json\/wp\/v2\/pages\/22831"}],"collection":[{"href":"https:\/\/relaxsrl.com\/de\/wp-json\/wp\/v2\/pages"}],"about":[{"href":"https:\/\/relaxsrl.com\/de\/wp-json\/wp\/v2\/types\/page"}],"author":[{"embeddable":true,"href":"https:\/\/relaxsrl.com\/de\/wp-json\/wp\/v2\/users\/3"}],"replies":[{"embeddable":true,"href":"https:\/\/relaxsrl.com\/de\/wp-json\/wp\/v2\/comments?post=22831"}],"version-history":[{"count":4,"href":"https:\/\/relaxsrl.com\/de\/wp-json\/wp\/v2\/pages\/22831\/revisions"}],"predecessor-version":[{"id":28977,"href":"https:\/\/relaxsrl.com\/de\/wp-json\/wp\/v2\/pages\/22831\/revisions\/28977"}],"wp:featuredmedia":[{"embeddable":true,"href":"https:\/\/relaxsrl.com\/de\/wp-json\/wp\/v2\/media\/25662"}],"wp:attachment":[{"href":"https:\/\/relaxsrl.com\/de\/wp-json\/wp\/v2\/media?parent=22831"}],"curies":[{"name":"wp","href":"https:\/\/api.w.org\/{rel}","templated":true}]}}