{"id":22834,"date":"2022-08-11T11:07:08","date_gmt":"2022-08-11T09:07:08","guid":{"rendered":"https:\/\/relaxsrl.com\/montage-mit-oder-ohne-duschwanne\/"},"modified":"2022-11-18T15:59:12","modified_gmt":"2022-11-18T14:59:12","slug":"montage-mit-oder-ohne-duschwanne","status":"publish","type":"page","link":"https:\/\/relaxsrl.com\/de\/montage-mit-oder-ohne-duschwanne\/","title":{"rendered":"Montage mit oder ohne Duschwanne"},"content":{"rendered":"<p>[vc_row full_width=&#8220;stretch_row&#8220; content_placement=&#8220;middle&#8220; el_class=&#8220;intro-row&#8220;][vc_column][vc_column_text]<\/p>\n<h1>Installation mit oder ohne Duschwanne<\/h1>\n<p>[\/vc_column_text][\/vc_column][\/vc_row][vc_row el_class=&#8220;row-path&#8220;][vc_column][vc_column_text][\/vc_column_text][\/vc_column][\/vc_row][vc_row][vc_column width=&#8220;1\/6&#8243;][\/vc_column][vc_column width=&#8220;2\/3&#8243;][vc_column_text el_class=&#8220;txt-blue abstract weight500&#8243;]Wie montiert man eine Duschabtrennung mit einer Duschwanne? Und ohne Duschwanne? Hier sind einige kurze Anweisungen, die f\u00fcr die Organisation und Durchf\u00fchrung einer hochmodernen Installation unerl\u00e4sslich sind.[\/vc_column_text][vc_empty_space height=&#8220;35px&#8220;][\/vc_column][\/vc_row][vc_row][vc_column width=&#8220;1\/6&#8243;][\/vc_column][vc_column width=&#8220;2\/3&#8243;][vc_column_text]<\/p>\n<h2>Duschabtrennung mit Duschwanne<\/h2>\n<p>Um eine perfekte Installation der Duschabtrennung bei Vorhandensein einer Duschwanne zu gew\u00e4hrleisten, sind die zu beachtenden Regeln einfach:<\/p>\n<ol>\n<li><strong>Die Ma\u00dfe m\u00fcssen nach dem Einbau der Wanne <\/strong> und der Wandverkleidung genommen werden, da zu ber\u00fccksichtigen ist, dass aus einer 90&#215;90 cm gro\u00dfen Duschwanne nach dem Einbau und Verfliesen 88,5&#215;88,5 cm &lt;\/li werden &gt;<\/li>\n<li><strong>Die Abmessungen m\u00fcssen sorgf\u00e4ltig auf der Zeichnung <\/strong> des Reliefs angegeben werden, da eine Innen- oder Au\u00dfenkante, wenn sie falsch interpretiert wird, zu einer Duschabtrennung mit falschen Abmessungen f\u00fchrt.<\/li>\n<\/ol>\n<p>[\/vc_column_text][vc_empty_space height=&#8220;20px&#8220;][vc_single_image image=&#8220;5631&#8243; img_size=&#8220;full&#8220;][vc_empty_space height=&#8220;40px&#8220;][vc_column_text]Beispiel: Eine Duschwanne mit den Ma\u00dfen 70 x 100 cm hat nach dem Verfliesen ein Nutzma\u00df von 68,5 x 98,5 cm. Die korrekten Abmessungen der Duschabtrennung sind daher: 67-69&#215;97-99 cm, angegeben wie in der Abbildung au\u00dfen auf der Verkaufsverpackung.[\/vc_column_text][vc_empty_space height=&#8220;20px&#8220;][vc_single_image image=&#8220;5683&#8243; img_size=&#8220;full&#8220;][vc_empty_space height=&#8220;40px&#8220;][vc_column_text]Ein letzter wichtiger Schritt, bevor Sie fortfahren, ist die \u00dcberpr\u00fcfung, ob die Duschwanne in beiden Richtungen (L\u00e4ngs- und Querrichtung) eben ist. Schlie\u00dflich muss auch die Blase der W\u00e4nde best\u00e4tigt werden, auf denen die Duschkabine ruhen wird.[\/vc_column_text][vc_empty_space height=&#8220;20px&#8220;][vc_single_image image=&#8220;5689&#8243; img_size=&#8220;full&#8220;][vc_empty_space height=&#8220;40px&#8220;][vc_column_text]<\/p>\n<h3>Installieren Sie die Duschwanne der Kabine in der Nische<\/h3>\n<p>Eine der m\u00f6glichen Montagevarianten der Duschabtrennung mit Duschwanne ist die der Nische. Bei einer Nischenduschabtrennung m\u00fcssen die Reliefs so genau wie m\u00f6glich sein, um eine perfekte Positionierung zu haben. In der Abbildung sehen Sie die 3 H\u00f6hen, auf denen die Vermessung durchgef\u00fchrt werden soll: unten (L1), in der Mitte (L2) und oben (L3). Da die W\u00e4nde in den Nischen des Hauses sehr oft nicht perfekt eben sind, ist unter den 3 Ma\u00dfen das kleinste Ma\u00df, auf das man sich beziehen kann.[\/vc_column_text][vc_empty_space height=&#8220;20px&#8220;][vc_single_image image=&#8220;5693&#8243; img_size=&#8220;full&#8220;][vc_empty_space height=&#8220;40px&#8220;][vc_column_text]<\/p>\n<h3>Montieren Sie die Duschwanne der Eckkabine<\/h3>\n<p>Die Duschabtrennung mit Eckduschwanne ist eine der g\u00e4ngigsten L\u00f6sungen. F\u00fcr eine perfekte Montage messen Sie bei einer Duschabtrennung mit zwei Seiten den Abstand von der gefliesten Wand bis zur Au\u00dfenkante der Duschwanne (P und L)[\/vc_column_text][vc_empty_space height=&#8220;20px&#8220;][vc_column_text]<\/p>\n<h3>Montieren Sie die Duschwanne der dreiseitigen Kabine<\/h3>\n<p>Bei einer Duschabtrennung mit drei Seiten muss der Abstand zwischen den beiden Au\u00dfenkanten und anschlie\u00dfend zwischen der Wand (mit den Fliesen) und der Vorderkante der Duschabtrennung gemessen werden.[\/vc_column_text][vc_empty_space height=&#8220;20px&#8220;][vc_single_image image=&#8220;5698&#8243; img_size=&#8220;full&#8220;][vc_empty_space height=&#8220;40px&#8220;][vc_column_text]<\/p>\n<h3>Montieren Sie die halbrunde Duschwanne<\/h3>\n<p>Eine Duschabtrennung mit einer halbrunden Wanne ben\u00f6tigt die n\u00f6tige Aufmerksamkeit. Wir haben ein einfaches Diagramm vorbereitet, mit dem Sie die Messungen verstehen k\u00f6nnen, wobei:<\/p>\n<ul>\n<li>P, L sind die Abmessungen der Platte<\/li>\n<li>A, B sind die geraden Teile der Platte<\/li>\n<\/ul>\n<p>Aus dem Radius wird die Kr\u00fcmmung und damit die Gesamtabmessungen im Badezimmer berechnet.[\/vc_column_text][vc_empty_space height=&#8220;20px&#8220;][vc_single_image image=&#8220;5651&#8243; img_size=&#8220;full&#8220;][vc_empty_space height=&#8220;40px&#8220;][\/vc_column][\/vc_row][vc_row][vc_column width=&#8220;1\/6&#8243;][\/vc_column][vc_column width=&#8220;2\/3&#8243;][vc_column_text]<\/p>\n<h2>Duschabtrennung ohne Duschwanne<\/h2>\n<p>Der letzte zu ber\u00fccksichtigende Fall ist die Montage der Duschkabine, falls Sie sich gegen den Einbau einer Duschwanne entscheiden. Diese besondere Art der Installation erfordert immer eine <strong>pr\u00e4ventive \u00dcberpr\u00fcfung <\/strong> des Niveaus der <strong> Neigung der Aufstellfl\u00e4che <\/strong> und der <strong> umgebenden W\u00e4nde <\/strong> . Die Standgr\u00f6\u00dfe (minimale oder maximale Erweiterbarkeit) muss die exakte Best\u00fcckungsgr\u00f6\u00dfe beinhalten.[\/vc_column_text][vc_empty_space height=&#8220;20px&#8220;][vc_single_image image=&#8220;5702&#8243; img_size=&#8220;full&#8220;][vc_empty_space height=&#8220;100px&#8220;][\/vc_column][\/vc_row]<\/p>\n","protected":false},"excerpt":{"rendered":"<p>[vc_row full_width=&#8220;stretch_row&#8220; content_placement=&#8220;middle&#8220; el_class=&#8220;intro-row&#8220;][vc_column][vc_column_text] Installation mit oder ohne Duschwanne [\/vc_column_text][\/vc_column][\/vc_row][vc_row el_class=&#8220;row-path&#8220;][vc_column][vc_column_text][\/vc_column_text][\/vc_column][\/vc_row][vc_row][vc_column width=&#8220;1\/6&#8243;][\/vc_column][vc_column width=&#8220;2\/3&#8243;][vc_column_text el_class=&#8220;txt-blue abstract weight500&#8243;]Wie montiert man eine Duschabtrennung mit einer Duschwanne? Und ohne Duschwanne? Hier sind einige kurze Anweisungen, die f\u00fcr die Organisation und Durchf\u00fchrung einer hochmodernen Installation unerl\u00e4sslich sind.[\/vc_column_text][vc_empty_space height=&#8220;35px&#8220;][\/vc_column][\/vc_row][vc_row][vc_column width=&#8220;1\/6&#8243;][\/vc_column][vc_column width=&#8220;2\/3&#8243;][vc_column_text] Duschabtrennung mit Duschwanne Um eine perfekte Installation der Duschabtrennung bei [&hellip;]<\/p>\n","protected":false},"author":3,"featured_media":25662,"parent":0,"menu_order":0,"comment_status":"closed","ping_status":"closed","template":"","meta":[],"acf":[],"yoast_head":"<!-- This site is optimized with the Yoast SEO Premium plugin v18.4 (Yoast SEO v18.8) - https:\/\/yoast.com\/wordpress\/plugins\/seo\/ -->\n<title>Montage mit oder ohne Duschwanne - Relax srl<\/title>\n<meta name=\"description\" content=\"Wie montiert man eine Duschabtrennung mit einer Duschwanne? Und ohne Dusche? Hier sind einige kurze Anweisungen f\u00fcr Sie.\" \/>\n<meta name=\"robots\" content=\"index, follow, max-snippet:-1, max-image-preview:large, max-video-preview:-1\" \/>\n<link rel=\"canonical\" href=\"https:\/\/relaxsrl.com\/de\/montage-mit-oder-ohne-duschwanne\/\" \/>\n<meta property=\"og:locale\" content=\"de_DE\" \/>\n<meta property=\"og:type\" content=\"article\" \/>\n<meta property=\"og:title\" content=\"Montage mit oder ohne Duschwanne - Relax srl\" \/>\n<meta property=\"og:description\" content=\"Wie montiert man eine Duschabtrennung mit einer Duschwanne? Und ohne Dusche? Hier sind einige kurze Anweisungen f\u00fcr Sie.\" \/>\n<meta property=\"og:url\" content=\"https:\/\/relaxsrl.com\/de\/montage-mit-oder-ohne-duschwanne\/\" \/>\n<meta property=\"og:site_name\" content=\"Relax srl\" \/>\n<meta property=\"article:modified_time\" content=\"2022-11-18T14:59:12+00:00\" \/>\n<meta name=\"twitter:card\" content=\"summary_large_image\" \/>\n<meta name=\"twitter:label1\" content=\"Gesch\u00e4tzte Lesezeit\" \/>\n\t<meta name=\"twitter:data1\" content=\"4 Minuten\" \/>\n<script type=\"application\/ld+json\" class=\"yoast-schema-graph\">{\"@context\":\"https:\/\/schema.org\",\"@graph\":[{\"@type\":\"WebSite\",\"@id\":\"https:\/\/relaxsrl.com\/#website\",\"url\":\"https:\/\/relaxsrl.com\/\",\"name\":\"Relax srl\",\"description\":\"\",\"potentialAction\":[{\"@type\":\"SearchAction\",\"target\":{\"@type\":\"EntryPoint\",\"urlTemplate\":\"https:\/\/relaxsrl.com\/?s={search_term_string}\"},\"query-input\":\"required name=search_term_string\"}],\"inLanguage\":\"de-DE\"},{\"@type\":\"ImageObject\",\"inLanguage\":\"de-DE\",\"@id\":\"https:\/\/relaxsrl.com\/de\/montage-mit-oder-ohne-duschwanne\/#primaryimage\",\"url\":\"https:\/\/relaxsrl.com\/website\/wp-content\/uploads\/2023\/02\/X_NEUTRA_RELAX.jpg\",\"contentUrl\":\"https:\/\/relaxsrl.com\/website\/wp-content\/uploads\/2023\/02\/X_NEUTRA_RELAX.jpg\",\"width\":500,\"height\":500},{\"@type\":\"WebPage\",\"@id\":\"https:\/\/relaxsrl.com\/de\/montage-mit-oder-ohne-duschwanne\/#webpage\",\"url\":\"https:\/\/relaxsrl.com\/de\/montage-mit-oder-ohne-duschwanne\/\",\"name\":\"Montage mit oder ohne Duschwanne - Relax srl\",\"isPartOf\":{\"@id\":\"https:\/\/relaxsrl.com\/#website\"},\"primaryImageOfPage\":{\"@id\":\"https:\/\/relaxsrl.com\/de\/montage-mit-oder-ohne-duschwanne\/#primaryimage\"},\"datePublished\":\"2022-08-11T09:07:08+00:00\",\"dateModified\":\"2022-11-18T14:59:12+00:00\",\"description\":\"Wie montiert man eine Duschabtrennung mit einer Duschwanne? Und ohne Dusche? Hier sind einige kurze Anweisungen f\u00fcr Sie.\",\"breadcrumb\":{\"@id\":\"https:\/\/relaxsrl.com\/de\/montage-mit-oder-ohne-duschwanne\/#breadcrumb\"},\"inLanguage\":\"de-DE\",\"potentialAction\":[{\"@type\":\"ReadAction\",\"target\":[\"https:\/\/relaxsrl.com\/de\/montage-mit-oder-ohne-duschwanne\/\"]}]},{\"@type\":\"BreadcrumbList\",\"@id\":\"https:\/\/relaxsrl.com\/de\/montage-mit-oder-ohne-duschwanne\/#breadcrumb\",\"itemListElement\":[{\"@type\":\"ListItem\",\"position\":1,\"name\":\"Montage mit oder ohne Duschwanne\"}]}]}<\/script>\n<!-- \/ Yoast SEO Premium plugin. -->","yoast_head_json":{"title":"Montage mit oder ohne Duschwanne - Relax srl","description":"Wie montiert man eine Duschabtrennung mit einer Duschwanne? Und ohne Dusche? Hier sind einige kurze Anweisungen f\u00fcr Sie.","robots":{"index":"index","follow":"follow","max-snippet":"max-snippet:-1","max-image-preview":"max-image-preview:large","max-video-preview":"max-video-preview:-1"},"canonical":"https:\/\/relaxsrl.com\/de\/montage-mit-oder-ohne-duschwanne\/","og_locale":"de_DE","og_type":"article","og_title":"Montage mit oder ohne Duschwanne - Relax srl","og_description":"Wie montiert man eine Duschabtrennung mit einer Duschwanne? Und ohne Dusche? Hier sind einige kurze Anweisungen f\u00fcr Sie.","og_url":"https:\/\/relaxsrl.com\/de\/montage-mit-oder-ohne-duschwanne\/","og_site_name":"Relax srl","article_modified_time":"2022-11-18T14:59:12+00:00","twitter_card":"summary_large_image","twitter_misc":{"Gesch\u00e4tzte Lesezeit":"4 Minuten"},"schema":{"@context":"https:\/\/schema.org","@graph":[{"@type":"WebSite","@id":"https:\/\/relaxsrl.com\/#website","url":"https:\/\/relaxsrl.com\/","name":"Relax srl","description":"","potentialAction":[{"@type":"SearchAction","target":{"@type":"EntryPoint","urlTemplate":"https:\/\/relaxsrl.com\/?s={search_term_string}"},"query-input":"required name=search_term_string"}],"inLanguage":"de-DE"},{"@type":"ImageObject","inLanguage":"de-DE","@id":"https:\/\/relaxsrl.com\/de\/montage-mit-oder-ohne-duschwanne\/#primaryimage","url":"https:\/\/relaxsrl.com\/website\/wp-content\/uploads\/2023\/02\/X_NEUTRA_RELAX.jpg","contentUrl":"https:\/\/relaxsrl.com\/website\/wp-content\/uploads\/2023\/02\/X_NEUTRA_RELAX.jpg","width":500,"height":500},{"@type":"WebPage","@id":"https:\/\/relaxsrl.com\/de\/montage-mit-oder-ohne-duschwanne\/#webpage","url":"https:\/\/relaxsrl.com\/de\/montage-mit-oder-ohne-duschwanne\/","name":"Montage mit oder ohne Duschwanne - Relax srl","isPartOf":{"@id":"https:\/\/relaxsrl.com\/#website"},"primaryImageOfPage":{"@id":"https:\/\/relaxsrl.com\/de\/montage-mit-oder-ohne-duschwanne\/#primaryimage"},"datePublished":"2022-08-11T09:07:08+00:00","dateModified":"2022-11-18T14:59:12+00:00","description":"Wie montiert man eine Duschabtrennung mit einer Duschwanne? Und ohne Dusche? Hier sind einige kurze Anweisungen f\u00fcr Sie.","breadcrumb":{"@id":"https:\/\/relaxsrl.com\/de\/montage-mit-oder-ohne-duschwanne\/#breadcrumb"},"inLanguage":"de-DE","potentialAction":[{"@type":"ReadAction","target":["https:\/\/relaxsrl.com\/de\/montage-mit-oder-ohne-duschwanne\/"]}]},{"@type":"BreadcrumbList","@id":"https:\/\/relaxsrl.com\/de\/montage-mit-oder-ohne-duschwanne\/#breadcrumb","itemListElement":[{"@type":"ListItem","position":1,"name":"Montage mit oder ohne Duschwanne"}]}]}},"_links":{"self":[{"href":"https:\/\/relaxsrl.com\/de\/wp-json\/wp\/v2\/pages\/22834"}],"collection":[{"href":"https:\/\/relaxsrl.com\/de\/wp-json\/wp\/v2\/pages"}],"about":[{"href":"https:\/\/relaxsrl.com\/de\/wp-json\/wp\/v2\/types\/page"}],"author":[{"embeddable":true,"href":"https:\/\/relaxsrl.com\/de\/wp-json\/wp\/v2\/users\/3"}],"replies":[{"embeddable":true,"href":"https:\/\/relaxsrl.com\/de\/wp-json\/wp\/v2\/comments?post=22834"}],"version-history":[{"count":4,"href":"https:\/\/relaxsrl.com\/de\/wp-json\/wp\/v2\/pages\/22834\/revisions"}],"predecessor-version":[{"id":24624,"href":"https:\/\/relaxsrl.com\/de\/wp-json\/wp\/v2\/pages\/22834\/revisions\/24624"}],"wp:featuredmedia":[{"embeddable":true,"href":"https:\/\/relaxsrl.com\/de\/wp-json\/wp\/v2\/media\/25662"}],"wp:attachment":[{"href":"https:\/\/relaxsrl.com\/de\/wp-json\/wp\/v2\/media?parent=22834"}],"curies":[{"name":"wp","href":"https:\/\/api.w.org\/{rel}","templated":true}]}}