{"id":22838,"date":"2022-08-11T11:09:02","date_gmt":"2022-08-11T09:09:02","guid":{"rendered":"https:\/\/relaxsrl.com\/montage-einer-wasserdichten-duschabtrennung\/"},"modified":"2022-08-11T11:09:04","modified_gmt":"2022-08-11T09:09:04","slug":"montage-einer-wasserdichten-duschabtrennung","status":"publish","type":"page","link":"https:\/\/relaxsrl.com\/de\/montage-einer-wasserdichten-duschabtrennung\/","title":{"rendered":"Montage einer wasserdichten Duschabtrennung"},"content":{"rendered":"<p>[vc_row full_width=&#8220;stretch_row&#8220; content_placement=&#8220;middle&#8220; el_class=&#8220;intro-row&#8220;][vc_column][vc_column_text]<\/p>\n<h1> Montage von wasserdichten Duschabtrennungen <\/h1>\n<p>[\/vc_column_text][\/vc_column][\/vc_row][vc_row el_class=&#8220;row-path&#8220;][vc_column][vc_column_text][\/vc_column_text][\/vc_column][\/vc_row][vc_row][vc_column width=&#8220;1\/6&#8243;][\/vc_column][vc_column width=&#8220;2\/3&#8243;][vc_column_text el_class=&#8220;txt-blue abstract weight500&#8243;]Fachleute, die sich mit der Installation von Duschabtrennungen befassen, m\u00fcssen der Phase der Silikonbeschichtung besondere Aufmerksamkeit widmen, die f\u00fcr die Gew\u00e4hrleistung der Wasserdichtigkeit und bis zu einem gewissen Grad auch f\u00fcr die Gesundheit des Badezimmers unerl\u00e4sslich ist.[\/vc_column_text][vc_empty_space height=&#8220;35px&#8220;][\/vc_column][\/vc_row][vc_row][vc_column width=&#8220;1\/6&#8243;][\/vc_column][vc_column width=&#8220;2\/3&#8243;][vc_column_text]<\/p>\n<h2>Silikonbeschichtung<\/h2>\n<p>Der Prozess des Silikonisierens, also des Abdichtens der Duschabtrennung, ist bei der Montage der Duschabtrennung von wesentlicher Bedeutung und muss daher in allen seinen Teilen pr\u00e4zise sein. Fahren Sie fort, indem Sie den <strong>\u00e4u\u00dferen Teil der Duschabtrennung silikonisieren. <\/strong> Dies ist die einzige Methode, die Zuverl\u00e4ssigkeit und Langlebigkeit auf Dauer garantiert.<br \/>\nIn den 24 Stunden nach dem Eingriff wird empfohlen, weder die Duschkabine zu benutzen noch die T\u00fcren zu \u00f6ffnen oder Wasser flie\u00dfen zu lassen.<\/p>\n<p>&nbsp;<\/p>\n<p><strong>Achtung<\/strong>: Silikon darf aus hygienischen Gr\u00fcnden niemals innerhalb der Duschabtrennung verwendet werden. Tats\u00e4chlich k\u00f6nnte sich in diesem Fall Schimmel oder Wasserstau in den Profilen bilden, ein Zustand, der auf jeden Fall vermieden werden sollte.[\/vc_column_text][vc_empty_space height=&#8220;20px&#8220;][vc_single_image image=&#8220;5709&#8243; img_size=&#8220;full&#8220;][vc_empty_space height=&#8220;100px&#8220;][\/vc_column][\/vc_row]<\/p>\n","protected":false},"excerpt":{"rendered":"<p>[vc_row full_width=&#8220;stretch_row&#8220; content_placement=&#8220;middle&#8220; el_class=&#8220;intro-row&#8220;][vc_column][vc_column_text] Montage von wasserdichten Duschabtrennungen [\/vc_column_text][\/vc_column][\/vc_row][vc_row el_class=&#8220;row-path&#8220;][vc_column][vc_column_text][\/vc_column_text][\/vc_column][\/vc_row][vc_row][vc_column width=&#8220;1\/6&#8243;][\/vc_column][vc_column width=&#8220;2\/3&#8243;][vc_column_text el_class=&#8220;txt-blue abstract weight500&#8243;]Fachleute, die sich mit der Installation von Duschabtrennungen befassen, m\u00fcssen der Phase der Silikonbeschichtung besondere Aufmerksamkeit widmen, die f\u00fcr die Gew\u00e4hrleistung der Wasserdichtigkeit und bis zu einem gewissen Grad auch f\u00fcr die Gesundheit des Badezimmers unerl\u00e4sslich ist.[\/vc_column_text][vc_empty_space height=&#8220;35px&#8220;][\/vc_column][\/vc_row][vc_row][vc_column width=&#8220;1\/6&#8243;][\/vc_column][vc_column width=&#8220;2\/3&#8243;][vc_column_text] Silikonbeschichtung [&hellip;]<\/p>\n","protected":false},"author":3,"featured_media":25662,"parent":0,"menu_order":0,"comment_status":"closed","ping_status":"closed","template":"","meta":[],"acf":[],"yoast_head":"<!-- This site is optimized with the Yoast SEO Premium plugin v18.4 (Yoast SEO v18.8) - https:\/\/yoast.com\/wordpress\/plugins\/seo\/ -->\n<title>Montage einer wasserdichten Duschabtrennung - Relax srl<\/title>\n<meta name=\"description\" content=\"Wer sich um die Montage der Duschabtrennung k\u00fcmmert, muss besonders auf die Silikonbeschichtung achten, die die Wasserdichtheit garantiert.\" \/>\n<meta name=\"robots\" content=\"index, follow, max-snippet:-1, max-image-preview:large, max-video-preview:-1\" \/>\n<link rel=\"canonical\" href=\"https:\/\/relaxsrl.com\/de\/montage-einer-wasserdichten-duschabtrennung\/\" \/>\n<meta property=\"og:locale\" content=\"de_DE\" \/>\n<meta property=\"og:type\" content=\"article\" \/>\n<meta property=\"og:title\" content=\"Montage einer wasserdichten Duschabtrennung - Relax srl\" \/>\n<meta property=\"og:description\" content=\"Wer sich um die Montage der Duschabtrennung k\u00fcmmert, muss besonders auf die Silikonbeschichtung achten, die die Wasserdichtheit garantiert.\" \/>\n<meta property=\"og:url\" content=\"https:\/\/relaxsrl.com\/de\/montage-einer-wasserdichten-duschabtrennung\/\" \/>\n<meta property=\"og:site_name\" content=\"Relax srl\" \/>\n<meta property=\"article:modified_time\" content=\"2022-08-11T09:09:04+00:00\" \/>\n<meta name=\"twitter:card\" content=\"summary_large_image\" \/>\n<meta name=\"twitter:label1\" content=\"Gesch\u00e4tzte Lesezeit\" \/>\n\t<meta name=\"twitter:data1\" content=\"1 Minute\" \/>\n<script type=\"application\/ld+json\" class=\"yoast-schema-graph\">{\"@context\":\"https:\/\/schema.org\",\"@graph\":[{\"@type\":\"WebSite\",\"@id\":\"https:\/\/relaxsrl.com\/#website\",\"url\":\"https:\/\/relaxsrl.com\/\",\"name\":\"Relax srl\",\"description\":\"\",\"potentialAction\":[{\"@type\":\"SearchAction\",\"target\":{\"@type\":\"EntryPoint\",\"urlTemplate\":\"https:\/\/relaxsrl.com\/?s={search_term_string}\"},\"query-input\":\"required name=search_term_string\"}],\"inLanguage\":\"de-DE\"},{\"@type\":\"ImageObject\",\"inLanguage\":\"de-DE\",\"@id\":\"https:\/\/relaxsrl.com\/de\/montage-einer-wasserdichten-duschabtrennung\/#primaryimage\",\"url\":\"https:\/\/relaxsrl.com\/website\/wp-content\/uploads\/2023\/02\/X_NEUTRA_RELAX.jpg\",\"contentUrl\":\"https:\/\/relaxsrl.com\/website\/wp-content\/uploads\/2023\/02\/X_NEUTRA_RELAX.jpg\",\"width\":500,\"height\":500},{\"@type\":\"WebPage\",\"@id\":\"https:\/\/relaxsrl.com\/de\/montage-einer-wasserdichten-duschabtrennung\/#webpage\",\"url\":\"https:\/\/relaxsrl.com\/de\/montage-einer-wasserdichten-duschabtrennung\/\",\"name\":\"Montage einer wasserdichten Duschabtrennung - Relax srl\",\"isPartOf\":{\"@id\":\"https:\/\/relaxsrl.com\/#website\"},\"primaryImageOfPage\":{\"@id\":\"https:\/\/relaxsrl.com\/de\/montage-einer-wasserdichten-duschabtrennung\/#primaryimage\"},\"datePublished\":\"2022-08-11T09:09:02+00:00\",\"dateModified\":\"2022-08-11T09:09:04+00:00\",\"description\":\"Wer sich um die Montage der Duschabtrennung k\u00fcmmert, muss besonders auf die Silikonbeschichtung achten, die die Wasserdichtheit garantiert.\",\"breadcrumb\":{\"@id\":\"https:\/\/relaxsrl.com\/de\/montage-einer-wasserdichten-duschabtrennung\/#breadcrumb\"},\"inLanguage\":\"de-DE\",\"potentialAction\":[{\"@type\":\"ReadAction\",\"target\":[\"https:\/\/relaxsrl.com\/de\/montage-einer-wasserdichten-duschabtrennung\/\"]}]},{\"@type\":\"BreadcrumbList\",\"@id\":\"https:\/\/relaxsrl.com\/de\/montage-einer-wasserdichten-duschabtrennung\/#breadcrumb\",\"itemListElement\":[{\"@type\":\"ListItem\",\"position\":1,\"name\":\"Montage einer wasserdichten Duschabtrennung\"}]}]}<\/script>\n<!-- \/ Yoast SEO Premium plugin. -->","yoast_head_json":{"title":"Montage einer wasserdichten Duschabtrennung - Relax srl","description":"Wer sich um die Montage der Duschabtrennung k\u00fcmmert, muss besonders auf die Silikonbeschichtung achten, die die Wasserdichtheit garantiert.","robots":{"index":"index","follow":"follow","max-snippet":"max-snippet:-1","max-image-preview":"max-image-preview:large","max-video-preview":"max-video-preview:-1"},"canonical":"https:\/\/relaxsrl.com\/de\/montage-einer-wasserdichten-duschabtrennung\/","og_locale":"de_DE","og_type":"article","og_title":"Montage einer wasserdichten Duschabtrennung - Relax srl","og_description":"Wer sich um die Montage der Duschabtrennung k\u00fcmmert, muss besonders auf die Silikonbeschichtung achten, die die Wasserdichtheit garantiert.","og_url":"https:\/\/relaxsrl.com\/de\/montage-einer-wasserdichten-duschabtrennung\/","og_site_name":"Relax srl","article_modified_time":"2022-08-11T09:09:04+00:00","twitter_card":"summary_large_image","twitter_misc":{"Gesch\u00e4tzte Lesezeit":"1 Minute"},"schema":{"@context":"https:\/\/schema.org","@graph":[{"@type":"WebSite","@id":"https:\/\/relaxsrl.com\/#website","url":"https:\/\/relaxsrl.com\/","name":"Relax srl","description":"","potentialAction":[{"@type":"SearchAction","target":{"@type":"EntryPoint","urlTemplate":"https:\/\/relaxsrl.com\/?s={search_term_string}"},"query-input":"required name=search_term_string"}],"inLanguage":"de-DE"},{"@type":"ImageObject","inLanguage":"de-DE","@id":"https:\/\/relaxsrl.com\/de\/montage-einer-wasserdichten-duschabtrennung\/#primaryimage","url":"https:\/\/relaxsrl.com\/website\/wp-content\/uploads\/2023\/02\/X_NEUTRA_RELAX.jpg","contentUrl":"https:\/\/relaxsrl.com\/website\/wp-content\/uploads\/2023\/02\/X_NEUTRA_RELAX.jpg","width":500,"height":500},{"@type":"WebPage","@id":"https:\/\/relaxsrl.com\/de\/montage-einer-wasserdichten-duschabtrennung\/#webpage","url":"https:\/\/relaxsrl.com\/de\/montage-einer-wasserdichten-duschabtrennung\/","name":"Montage einer wasserdichten Duschabtrennung - Relax srl","isPartOf":{"@id":"https:\/\/relaxsrl.com\/#website"},"primaryImageOfPage":{"@id":"https:\/\/relaxsrl.com\/de\/montage-einer-wasserdichten-duschabtrennung\/#primaryimage"},"datePublished":"2022-08-11T09:09:02+00:00","dateModified":"2022-08-11T09:09:04+00:00","description":"Wer sich um die Montage der Duschabtrennung k\u00fcmmert, muss besonders auf die Silikonbeschichtung achten, die die Wasserdichtheit garantiert.","breadcrumb":{"@id":"https:\/\/relaxsrl.com\/de\/montage-einer-wasserdichten-duschabtrennung\/#breadcrumb"},"inLanguage":"de-DE","potentialAction":[{"@type":"ReadAction","target":["https:\/\/relaxsrl.com\/de\/montage-einer-wasserdichten-duschabtrennung\/"]}]},{"@type":"BreadcrumbList","@id":"https:\/\/relaxsrl.com\/de\/montage-einer-wasserdichten-duschabtrennung\/#breadcrumb","itemListElement":[{"@type":"ListItem","position":1,"name":"Montage einer wasserdichten Duschabtrennung"}]}]}},"_links":{"self":[{"href":"https:\/\/relaxsrl.com\/de\/wp-json\/wp\/v2\/pages\/22838"}],"collection":[{"href":"https:\/\/relaxsrl.com\/de\/wp-json\/wp\/v2\/pages"}],"about":[{"href":"https:\/\/relaxsrl.com\/de\/wp-json\/wp\/v2\/types\/page"}],"author":[{"embeddable":true,"href":"https:\/\/relaxsrl.com\/de\/wp-json\/wp\/v2\/users\/3"}],"replies":[{"embeddable":true,"href":"https:\/\/relaxsrl.com\/de\/wp-json\/wp\/v2\/comments?post=22838"}],"version-history":[{"count":3,"href":"https:\/\/relaxsrl.com\/de\/wp-json\/wp\/v2\/pages\/22838\/revisions"}],"predecessor-version":[{"id":22841,"href":"https:\/\/relaxsrl.com\/de\/wp-json\/wp\/v2\/pages\/22838\/revisions\/22841"}],"wp:featuredmedia":[{"embeddable":true,"href":"https:\/\/relaxsrl.com\/de\/wp-json\/wp\/v2\/media\/25662"}],"wp:attachment":[{"href":"https:\/\/relaxsrl.com\/de\/wp-json\/wp\/v2\/media?parent=22838"}],"curies":[{"name":"wp","href":"https:\/\/api.w.org\/{rel}","templated":true}]}}