{"id":22842,"date":"2022-08-11T11:15:32","date_gmt":"2022-08-11T09:15:32","guid":{"rendered":"https:\/\/relaxsrl.com\/materialen-und-bauteile\/"},"modified":"2022-11-18T16:08:13","modified_gmt":"2022-11-18T15:08:13","slug":"materialen-und-bauteile","status":"publish","type":"page","link":"https:\/\/relaxsrl.com\/de\/materialen-und-bauteile\/","title":{"rendered":"Materialen und bauteile"},"content":{"rendered":"<p>[vc_row full_width=&#8220;stretch_row&#8220; content_placement=&#8220;middle&#8220; el_class=&#8220;intro-row&#8220;][vc_column][vc_column_text]<\/p>\n<h1>Materialen und bauteile<\/h1>\n<p>[\/vc_column_text][\/vc_column][\/vc_row][vc_row el_class=&#8220;row-path&#8220;][vc_column][vc_column_text][\/vc_column_text][\/vc_column][\/vc_row][vc_row][vc_column width=&#8220;1\/6&#8243;][\/vc_column][vc_column width=&#8220;2\/3&#8243;][vc_column_text el_class=&#8220;txt-blue abstract weight500&#8243;]Die Qualit\u00e4t unserer L\u00f6sungen ist durch die italienische Herkunft zertifiziert. Relax zielt, aufgrund eines Unternehmensbeschlusses, auf die Mitarbeit der besten italienischen Lieferanten, um bei jedem einzelnen Produkt Sicherheit und Qualit\u00e4t zu gew\u00e4hrleisten.[\/vc_column_text][vc_empty_space height=&#8220;35px&#8220;][\/vc_column][\/vc_row][vc_row][vc_column width=&#8220;1\/6&#8243;][\/vc_column][vc_column width=&#8220;2\/3&#8243;][vc_column_text]<\/p>\n<h2>Materialen: Glas<\/h2>\n<p>Transparent, kompakt, wasserdicht und umweltfreundlich. Glas ist eines der Materialien, welches wir wegen seiner vielen Qualit\u00e4ten am meisten sch\u00e4tzen.<br \/>\nWir verwenden in unseren Produkten nur geh\u00e4rtetes Glas (oder Sicherheitsglas), da:<\/p>\n<ul>\n<li>Bei einem Bruch zersplittert es in sehr kleine, nicht scharfe St\u00fccke, was es somit sicher macht<\/li>\n<li>Es kann hohen Temperaturschwankungen widerstehen, dies garantiert eine hohe Haltbarkeit.<\/li>\n<\/ul>\n<p>[\/vc_column_text][vc_empty_space height=&#8220;40px&#8220;][\/vc_column][\/vc_row][vc_row][vc_column width=&#8220;1\/6&#8243;][\/vc_column][vc_column width=&#8220;2\/3&#8243;][vc_column_text]<\/p>\n<h2>Materialen: Profile aus aluminium<\/h2>\n<p>Aluminium ist das einzige Material, das wir f\u00fcr unsere Profile verwenden. Die Gr\u00fcnde daf\u00fcr sind:<\/p>\n<ul>\n<li><strong>Es ist 100% recyclebar. Es kann unbegrenzt wieder verschmolzen werden<\/strong><\/li>\n<li><strong>Es ist umweltfreundlich. Es setzt keine sch\u00e4dlichen Stoffe in die Umwelt frei.<\/strong><\/li>\n<li><strong>Es ist langlebig. Es bleibt im \u00e4u\u00dferen Erscheinungsbild unver\u00e4ndert.<\/strong><\/li>\n<li><strong>Es ist praktisch. Es ben\u00f6tigt keine Instandhaltung&lt;\/strong<\/strong><\/li>\n<li><strong>Es ist leicht. Die Duschkabine mit Aluprofilen ist leichter zu transportieren und zu bewegen.<\/strong><\/li>\n<\/ul>\n<p>[\/vc_column_text][vc_empty_space height=&#8220;40px&#8220;][\/vc_column][\/vc_row][vc_row][vc_column width=&#8220;1\/6&#8243;][\/vc_column][vc_column width=&#8220;2\/3&#8243;][vc_column_text]<\/p>\n<h2>Bauteile: Scharniere<\/h2>\n<p>In einigen Zusammenstellungen sind unsere Scharniere das Ergebnis einer sorgf\u00e4ltigen Untersuchung unserer Forschungs- und Entwicklungsabteilung. Nach der Forschung werden diese produziert und mehrmals in allen m\u00f6glichen Situationen getestet, jeder Art von mechanischem Stress ausgesetzt und dann von unserer T\u00dcV S\u00dcD-Zertifizierungsstelle zertifiziert.<br \/>\nUnsere Scharniere st\u00fctzen sich auf 3 Leitlinien:<\/p>\n<ul>\n<li><strong>Sie sind innovativ: praktisch und optisch.<\/strong><\/li>\n<li><strong>Sie sind sicher: Sie sind bis auf das kleinste Merkmal geplant<\/strong><\/li>\n<li><strong>Sie sind langlebig: Sie sind mit \u00fcber 20.000 \u00d6ffnungen und Schlie\u00dfungen zertifiziert<\/strong><\/li>\n<\/ul>\n<p>[\/vc_column_text][vc_empty_space height=&#8220;40px&#8220;][\/vc_column][\/vc_row][vc_row][vc_column width=&#8220;1\/6&#8243;][\/vc_column][vc_column width=&#8220;2\/3&#8243;][vc_column_text]<\/p>\n<h2>Bauteile: Schiebesysteme<\/h2>\n<p>Wichtiger Bestandteil einer Duschkabine mit Schiebet\u00fcr sind die von uns verwendeten Schiebesysteme, die nur f\u00fcr unsere Produkte gedacht und realisiert wurden. Das macht sie einzigartig.<br \/>\nDie Schiebesysteme, die wir bei Relax verwenden, unterscheiden sich in Reibungslosigkeit, Ger\u00e4uschlosigkeit und Tragf\u00e4higkeit.<br \/>\nMan findet sie in allen Duschkabinen mit Schiebet\u00fcr, von 4 bis 8 mm, vom g\u00fcnstigsten bis zum teuersten Produkt, ohne Unterschiede, denn Qualit\u00e4t ist uns wichtig.[\/vc_column_text][vc_empty_space height=&#8220;40px&#8220;][\/vc_column][\/vc_row][vc_row][vc_column width=&#8220;1\/6&#8243;][\/vc_column][vc_column width=&#8220;2\/3&#8243;][vc_column_text]<\/p>\n<h2>Bauteile: Dichtungen<\/h2>\n<p>Zuletzt, die Dichtungen. Wir stellen pers\u00f6nlich sicher, dass unsere Dichtungen alle Tests f\u00fcr Wasserbest\u00e4ndigkeit bestehen, dies ein wichtiger Schritt, um dem Kunden ein funktionales Produkt in all seinen Facetten zu garantieren. F\u00fcr unsere Duschkabinen haben wir Dichtungen gew\u00e4hlt, die UV best\u00e4ndig sind, um das Vergilben zu verhindern, recyclebar, um Nachhaltigkeit zu garantieren, formbar, damit sie sich leichter zu reinigen und zu montieren sind.[\/vc_column_text][vc_empty_space height=&#8220;100px&#8220;][\/vc_column][\/vc_row]<\/p>\n","protected":false},"excerpt":{"rendered":"<p>[vc_row full_width=&#8220;stretch_row&#8220; content_placement=&#8220;middle&#8220; el_class=&#8220;intro-row&#8220;][vc_column][vc_column_text] Materialen und bauteile [\/vc_column_text][\/vc_column][\/vc_row][vc_row el_class=&#8220;row-path&#8220;][vc_column][vc_column_text][\/vc_column_text][\/vc_column][\/vc_row][vc_row][vc_column width=&#8220;1\/6&#8243;][\/vc_column][vc_column width=&#8220;2\/3&#8243;][vc_column_text el_class=&#8220;txt-blue abstract weight500&#8243;]Die Qualit\u00e4t unserer L\u00f6sungen ist durch die italienische Herkunft zertifiziert. Relax zielt, aufgrund eines Unternehmensbeschlusses, auf die Mitarbeit der besten italienischen Lieferanten, um bei jedem einzelnen Produkt Sicherheit und Qualit\u00e4t zu gew\u00e4hrleisten.[\/vc_column_text][vc_empty_space height=&#8220;35px&#8220;][\/vc_column][\/vc_row][vc_row][vc_column width=&#8220;1\/6&#8243;][\/vc_column][vc_column width=&#8220;2\/3&#8243;][vc_column_text] Materialen: Glas Transparent, kompakt, wasserdicht und umweltfreundlich. [&hellip;]<\/p>\n","protected":false},"author":3,"featured_media":22245,"parent":0,"menu_order":0,"comment_status":"closed","ping_status":"closed","template":"","meta":[],"acf":[],"yoast_head":"<!-- This site is optimized with the Yoast SEO Premium plugin v18.4 (Yoast SEO v18.8) - https:\/\/yoast.com\/wordpress\/plugins\/seo\/ -->\n<title>Materialen und bauteile - Relax srl<\/title>\n<meta name=\"description\" content=\"Finden Sie heraus, was Relax von anderen Herstellern von Duschabtrennungen unterscheidet. Erfahren Sie mehr \u00fcber die Materialien.\" \/>\n<meta name=\"robots\" content=\"index, follow, max-snippet:-1, max-image-preview:large, max-video-preview:-1\" \/>\n<link rel=\"canonical\" href=\"https:\/\/relaxsrl.com\/de\/materialen-und-bauteile\/\" \/>\n<meta property=\"og:locale\" content=\"de_DE\" \/>\n<meta property=\"og:type\" content=\"article\" \/>\n<meta property=\"og:title\" content=\"Materialen und bauteile - Relax srl\" \/>\n<meta property=\"og:description\" content=\"Finden Sie heraus, was Relax von anderen Herstellern von Duschabtrennungen unterscheidet. Erfahren Sie mehr \u00fcber die Materialien.\" \/>\n<meta property=\"og:url\" content=\"https:\/\/relaxsrl.com\/de\/materialen-und-bauteile\/\" \/>\n<meta property=\"og:site_name\" content=\"Relax srl\" \/>\n<meta property=\"article:modified_time\" content=\"2022-11-18T15:08:13+00:00\" \/>\n<meta name=\"twitter:card\" content=\"summary_large_image\" \/>\n<meta name=\"twitter:label1\" content=\"Gesch\u00e4tzte Lesezeit\" \/>\n\t<meta name=\"twitter:data1\" content=\"3 Minuten\" \/>\n<script type=\"application\/ld+json\" class=\"yoast-schema-graph\">{\"@context\":\"https:\/\/schema.org\",\"@graph\":[{\"@type\":\"WebSite\",\"@id\":\"https:\/\/relaxsrl.com\/#website\",\"url\":\"https:\/\/relaxsrl.com\/\",\"name\":\"Relax srl\",\"description\":\"\",\"potentialAction\":[{\"@type\":\"SearchAction\",\"target\":{\"@type\":\"EntryPoint\",\"urlTemplate\":\"https:\/\/relaxsrl.com\/?s={search_term_string}\"},\"query-input\":\"required name=search_term_string\"}],\"inLanguage\":\"de-DE\"},{\"@type\":\"ImageObject\",\"inLanguage\":\"de-DE\",\"@id\":\"https:\/\/relaxsrl.com\/de\/materialen-und-bauteile\/#primaryimage\",\"url\":\"https:\/\/relaxsrl.com\/website\/wp-content\/uploads\/2022\/07\/Articoli-Blog4-3.jpg\",\"contentUrl\":\"https:\/\/relaxsrl.com\/website\/wp-content\/uploads\/2022\/07\/Articoli-Blog4-3.jpg\",\"width\":730,\"height\":600},{\"@type\":\"WebPage\",\"@id\":\"https:\/\/relaxsrl.com\/de\/materialen-und-bauteile\/#webpage\",\"url\":\"https:\/\/relaxsrl.com\/de\/materialen-und-bauteile\/\",\"name\":\"Materialen und bauteile - Relax srl\",\"isPartOf\":{\"@id\":\"https:\/\/relaxsrl.com\/#website\"},\"primaryImageOfPage\":{\"@id\":\"https:\/\/relaxsrl.com\/de\/materialen-und-bauteile\/#primaryimage\"},\"datePublished\":\"2022-08-11T09:15:32+00:00\",\"dateModified\":\"2022-11-18T15:08:13+00:00\",\"description\":\"Finden Sie heraus, was Relax von anderen Herstellern von Duschabtrennungen unterscheidet. Erfahren Sie mehr \u00fcber die Materialien.\",\"breadcrumb\":{\"@id\":\"https:\/\/relaxsrl.com\/de\/materialen-und-bauteile\/#breadcrumb\"},\"inLanguage\":\"de-DE\",\"potentialAction\":[{\"@type\":\"ReadAction\",\"target\":[\"https:\/\/relaxsrl.com\/de\/materialen-und-bauteile\/\"]}]},{\"@type\":\"BreadcrumbList\",\"@id\":\"https:\/\/relaxsrl.com\/de\/materialen-und-bauteile\/#breadcrumb\",\"itemListElement\":[{\"@type\":\"ListItem\",\"position\":1,\"name\":\"Materialen und bauteile\"}]}]}<\/script>\n<!-- \/ Yoast SEO Premium plugin. -->","yoast_head_json":{"title":"Materialen und bauteile - Relax srl","description":"Finden Sie heraus, was Relax von anderen Herstellern von Duschabtrennungen unterscheidet. Erfahren Sie mehr \u00fcber die Materialien.","robots":{"index":"index","follow":"follow","max-snippet":"max-snippet:-1","max-image-preview":"max-image-preview:large","max-video-preview":"max-video-preview:-1"},"canonical":"https:\/\/relaxsrl.com\/de\/materialen-und-bauteile\/","og_locale":"de_DE","og_type":"article","og_title":"Materialen und bauteile - Relax srl","og_description":"Finden Sie heraus, was Relax von anderen Herstellern von Duschabtrennungen unterscheidet. Erfahren Sie mehr \u00fcber die Materialien.","og_url":"https:\/\/relaxsrl.com\/de\/materialen-und-bauteile\/","og_site_name":"Relax srl","article_modified_time":"2022-11-18T15:08:13+00:00","twitter_card":"summary_large_image","twitter_misc":{"Gesch\u00e4tzte Lesezeit":"3 Minuten"},"schema":{"@context":"https:\/\/schema.org","@graph":[{"@type":"WebSite","@id":"https:\/\/relaxsrl.com\/#website","url":"https:\/\/relaxsrl.com\/","name":"Relax srl","description":"","potentialAction":[{"@type":"SearchAction","target":{"@type":"EntryPoint","urlTemplate":"https:\/\/relaxsrl.com\/?s={search_term_string}"},"query-input":"required name=search_term_string"}],"inLanguage":"de-DE"},{"@type":"ImageObject","inLanguage":"de-DE","@id":"https:\/\/relaxsrl.com\/de\/materialen-und-bauteile\/#primaryimage","url":"https:\/\/relaxsrl.com\/website\/wp-content\/uploads\/2022\/07\/Articoli-Blog4-3.jpg","contentUrl":"https:\/\/relaxsrl.com\/website\/wp-content\/uploads\/2022\/07\/Articoli-Blog4-3.jpg","width":730,"height":600},{"@type":"WebPage","@id":"https:\/\/relaxsrl.com\/de\/materialen-und-bauteile\/#webpage","url":"https:\/\/relaxsrl.com\/de\/materialen-und-bauteile\/","name":"Materialen und bauteile - Relax srl","isPartOf":{"@id":"https:\/\/relaxsrl.com\/#website"},"primaryImageOfPage":{"@id":"https:\/\/relaxsrl.com\/de\/materialen-und-bauteile\/#primaryimage"},"datePublished":"2022-08-11T09:15:32+00:00","dateModified":"2022-11-18T15:08:13+00:00","description":"Finden Sie heraus, was Relax von anderen Herstellern von Duschabtrennungen unterscheidet. Erfahren Sie mehr \u00fcber die Materialien.","breadcrumb":{"@id":"https:\/\/relaxsrl.com\/de\/materialen-und-bauteile\/#breadcrumb"},"inLanguage":"de-DE","potentialAction":[{"@type":"ReadAction","target":["https:\/\/relaxsrl.com\/de\/materialen-und-bauteile\/"]}]},{"@type":"BreadcrumbList","@id":"https:\/\/relaxsrl.com\/de\/materialen-und-bauteile\/#breadcrumb","itemListElement":[{"@type":"ListItem","position":1,"name":"Materialen und bauteile"}]}]}},"_links":{"self":[{"href":"https:\/\/relaxsrl.com\/de\/wp-json\/wp\/v2\/pages\/22842"}],"collection":[{"href":"https:\/\/relaxsrl.com\/de\/wp-json\/wp\/v2\/pages"}],"about":[{"href":"https:\/\/relaxsrl.com\/de\/wp-json\/wp\/v2\/types\/page"}],"author":[{"embeddable":true,"href":"https:\/\/relaxsrl.com\/de\/wp-json\/wp\/v2\/users\/3"}],"replies":[{"embeddable":true,"href":"https:\/\/relaxsrl.com\/de\/wp-json\/wp\/v2\/comments?post=22842"}],"version-history":[{"count":3,"href":"https:\/\/relaxsrl.com\/de\/wp-json\/wp\/v2\/pages\/22842\/revisions"}],"predecessor-version":[{"id":24626,"href":"https:\/\/relaxsrl.com\/de\/wp-json\/wp\/v2\/pages\/22842\/revisions\/24626"}],"wp:featuredmedia":[{"embeddable":true,"href":"https:\/\/relaxsrl.com\/de\/wp-json\/wp\/v2\/media\/22245"}],"wp:attachment":[{"href":"https:\/\/relaxsrl.com\/de\/wp-json\/wp\/v2\/media?parent=22842"}],"curies":[{"name":"wp","href":"https:\/\/api.w.org\/{rel}","templated":true}]}}