{"id":22851,"date":"2022-08-11T11:20:50","date_gmt":"2022-08-11T09:20:50","guid":{"rendered":"https:\/\/relaxsrl.com\/abruf-von-haendlerinformationen\/"},"modified":"2022-11-18T15:52:51","modified_gmt":"2022-11-18T14:52:51","slug":"abruf-von-haendlerinformationen","status":"publish","type":"page","link":"https:\/\/relaxsrl.com\/de\/abruf-von-haendlerinformationen\/","title":{"rendered":"Abruf von H\u00e4ndlerinformationen"},"content":{"rendered":"<p>[vc_row full_width=&#8220;stretch_row&#8220; content_placement=&#8220;middle&#8220; el_class=&#8220;intro-row&#8220;][vc_column width=&#8220;5\/12&#8243;][vc_column_text]<\/p>\n<h1>Bereich f\u00fcr die H\u00e4ndler<\/h1>\n<p>[\/vc_column_text][\/vc_column][vc_column width=&#8220;7\/12&#8243;][\/vc_column][\/vc_row][vc_row el_class=&#8220;row-path&#8220;][vc_column][vc_column_text][\/vc_column_text][\/vc_column][\/vc_row][vc_row][vc_column][vc_column_text]<\/p>\n<h3 style=\"text-align: center;\">Wo Sie Ihre zugeh\u00f6rige E-Mail finden<\/h3>\n<div class=\"teiler-blau teiler-blau-mitte\"><\/div>\n<p style=\"text-align: center;\">Sie k\u00f6nnen Informationen zu Ihrem Reseller-Profil auf Bestellbest\u00e4tigungen oder DDT unten auf der Seite abrufen.<\/p>\n<p>[\/vc_column_text][vc_empty_space height=&#8220;50px&#8220;][\/vc_column][\/vc_row][vc_row][vc_column][vc_gallery interval=&#8220;3&#8243; images=&#8220;19736,19741&#8243; img_size=&#8220;1200&#215;800&#8243;][\/vc_column][\/vc_row][vc_row][vc_column][vc_empty_space height=&#8220;100px&#8220;][\/vc_column][\/vc_row]<\/p>\n","protected":false},"excerpt":{"rendered":"<p>[vc_row full_width=&#8220;stretch_row&#8220; content_placement=&#8220;middle&#8220; el_class=&#8220;intro-row&#8220;][vc_column width=&#8220;5\/12&#8243;][vc_column_text] Bereich f\u00fcr die H\u00e4ndler [\/vc_column_text][\/vc_column][vc_column width=&#8220;7\/12&#8243;][\/vc_column][\/vc_row][vc_row el_class=&#8220;row-path&#8220;][vc_column][vc_column_text][\/vc_column_text][\/vc_column][\/vc_row][vc_row][vc_column][vc_column_text] Wo Sie Ihre zugeh\u00f6rige E-Mail finden Sie k\u00f6nnen Informationen zu Ihrem Reseller-Profil auf Bestellbest\u00e4tigungen oder DDT unten auf der Seite abrufen. [\/vc_column_text][vc_empty_space height=&#8220;50px&#8220;][\/vc_column][\/vc_row][vc_row][vc_column][vc_gallery interval=&#8220;3&#8243; images=&#8220;19736,19741&#8243; img_size=&#8220;1200&#215;800&#8243;][\/vc_column][\/vc_row][vc_row][vc_column][vc_empty_space height=&#8220;100px&#8220;][\/vc_column][\/vc_row]<\/p>\n","protected":false},"author":3,"featured_media":25662,"parent":0,"menu_order":0,"comment_status":"closed","ping_status":"closed","template":"","meta":[],"acf":[],"yoast_head":"<!-- This site is optimized with the Yoast SEO Premium plugin v18.4 (Yoast SEO v18.8) - https:\/\/yoast.com\/wordpress\/plugins\/seo\/ -->\n<title>Abruf von H\u00e4ndlerinformationen - Relax srl<\/title>\n<meta name=\"description\" content=\"Wenn Sie Ihr Passwort oder Ihre Kontonummer vergessen haben, befolgen Sie bitte diese Schritte, um wieder Zugriff auf Ihr Konto zu erhalten.\" \/>\n<meta name=\"robots\" content=\"noindex, follow\" \/>\n<meta property=\"og:locale\" content=\"de_DE\" \/>\n<meta property=\"og:type\" content=\"article\" \/>\n<meta property=\"og:title\" content=\"Abruf von H\u00e4ndlerinformationen - Relax srl\" \/>\n<meta property=\"og:description\" content=\"Wenn Sie Ihr Passwort oder Ihre Kontonummer vergessen haben, befolgen Sie bitte diese Schritte, um wieder Zugriff auf Ihr Konto zu erhalten.\" \/>\n<meta property=\"og:url\" content=\"https:\/\/relaxsrl.com\/de\/abruf-von-haendlerinformationen\/\" \/>\n<meta property=\"og:site_name\" content=\"Relax srl\" \/>\n<meta property=\"article:modified_time\" content=\"2022-11-18T14:52:51+00:00\" \/>\n<meta property=\"og:image\" content=\"https:\/\/relaxsrl.com\/website\/wp-content\/uploads\/2023\/02\/X_NEUTRA_RELAX.jpg\" \/>\n\t<meta property=\"og:image:width\" content=\"500\" \/>\n\t<meta property=\"og:image:height\" content=\"500\" \/>\n\t<meta property=\"og:image:type\" content=\"image\/jpeg\" \/>\n<meta name=\"twitter:card\" content=\"summary_large_image\" \/>\n<meta name=\"twitter:label1\" content=\"Gesch\u00e4tzte Lesezeit\" \/>\n\t<meta name=\"twitter:data1\" content=\"1 Minute\" \/>\n<script type=\"application\/ld+json\" class=\"yoast-schema-graph\">{\"@context\":\"https:\/\/schema.org\",\"@graph\":[{\"@type\":\"WebSite\",\"@id\":\"https:\/\/relaxsrl.com\/#website\",\"url\":\"https:\/\/relaxsrl.com\/\",\"name\":\"Relax srl\",\"description\":\"\",\"potentialAction\":[{\"@type\":\"SearchAction\",\"target\":{\"@type\":\"EntryPoint\",\"urlTemplate\":\"https:\/\/relaxsrl.com\/?s={search_term_string}\"},\"query-input\":\"required name=search_term_string\"}],\"inLanguage\":\"de-DE\"},{\"@type\":\"ImageObject\",\"inLanguage\":\"de-DE\",\"@id\":\"https:\/\/relaxsrl.com\/de\/abruf-von-haendlerinformationen\/#primaryimage\",\"url\":\"https:\/\/relaxsrl.com\/website\/wp-content\/uploads\/2023\/02\/X_NEUTRA_RELAX.jpg\",\"contentUrl\":\"https:\/\/relaxsrl.com\/website\/wp-content\/uploads\/2023\/02\/X_NEUTRA_RELAX.jpg\",\"width\":500,\"height\":500},{\"@type\":\"WebPage\",\"@id\":\"https:\/\/relaxsrl.com\/de\/abruf-von-haendlerinformationen\/#webpage\",\"url\":\"https:\/\/relaxsrl.com\/de\/abruf-von-haendlerinformationen\/\",\"name\":\"Abruf von H\u00e4ndlerinformationen - Relax srl\",\"isPartOf\":{\"@id\":\"https:\/\/relaxsrl.com\/#website\"},\"primaryImageOfPage\":{\"@id\":\"https:\/\/relaxsrl.com\/de\/abruf-von-haendlerinformationen\/#primaryimage\"},\"datePublished\":\"2022-08-11T09:20:50+00:00\",\"dateModified\":\"2022-11-18T14:52:51+00:00\",\"description\":\"Wenn Sie Ihr Passwort oder Ihre Kontonummer vergessen haben, befolgen Sie bitte diese Schritte, um wieder Zugriff auf Ihr Konto zu erhalten.\",\"breadcrumb\":{\"@id\":\"https:\/\/relaxsrl.com\/de\/abruf-von-haendlerinformationen\/#breadcrumb\"},\"inLanguage\":\"de-DE\",\"potentialAction\":[{\"@type\":\"ReadAction\",\"target\":[\"https:\/\/relaxsrl.com\/de\/abruf-von-haendlerinformationen\/\"]}]},{\"@type\":\"BreadcrumbList\",\"@id\":\"https:\/\/relaxsrl.com\/de\/abruf-von-haendlerinformationen\/#breadcrumb\",\"itemListElement\":[{\"@type\":\"ListItem\",\"position\":1,\"name\":\"Login Bereich f\u00fcr die H\u00e4ndler\",\"item\":\"https:\/\/relaxsrl.com\/de\/login-bereich-fuer-die-haendler\/\"},{\"@type\":\"ListItem\",\"position\":2,\"name\":\"Abruf von H\u00e4ndlerinformationen\"}]}]}<\/script>\n<!-- \/ Yoast SEO Premium plugin. -->","yoast_head_json":{"title":"Abruf von H\u00e4ndlerinformationen - Relax srl","description":"Wenn Sie Ihr Passwort oder Ihre Kontonummer vergessen haben, befolgen Sie bitte diese Schritte, um wieder Zugriff auf Ihr Konto zu erhalten.","robots":{"index":"noindex","follow":"follow"},"og_locale":"de_DE","og_type":"article","og_title":"Abruf von H\u00e4ndlerinformationen - Relax srl","og_description":"Wenn Sie Ihr Passwort oder Ihre Kontonummer vergessen haben, befolgen Sie bitte diese Schritte, um wieder Zugriff auf Ihr Konto zu erhalten.","og_url":"https:\/\/relaxsrl.com\/de\/abruf-von-haendlerinformationen\/","og_site_name":"Relax srl","article_modified_time":"2022-11-18T14:52:51+00:00","og_image":[{"width":500,"height":500,"url":"https:\/\/relaxsrl.com\/website\/wp-content\/uploads\/2023\/02\/X_NEUTRA_RELAX.jpg","type":"image\/jpeg"}],"twitter_card":"summary_large_image","twitter_misc":{"Gesch\u00e4tzte Lesezeit":"1 Minute"},"schema":{"@context":"https:\/\/schema.org","@graph":[{"@type":"WebSite","@id":"https:\/\/relaxsrl.com\/#website","url":"https:\/\/relaxsrl.com\/","name":"Relax srl","description":"","potentialAction":[{"@type":"SearchAction","target":{"@type":"EntryPoint","urlTemplate":"https:\/\/relaxsrl.com\/?s={search_term_string}"},"query-input":"required name=search_term_string"}],"inLanguage":"de-DE"},{"@type":"ImageObject","inLanguage":"de-DE","@id":"https:\/\/relaxsrl.com\/de\/abruf-von-haendlerinformationen\/#primaryimage","url":"https:\/\/relaxsrl.com\/website\/wp-content\/uploads\/2023\/02\/X_NEUTRA_RELAX.jpg","contentUrl":"https:\/\/relaxsrl.com\/website\/wp-content\/uploads\/2023\/02\/X_NEUTRA_RELAX.jpg","width":500,"height":500},{"@type":"WebPage","@id":"https:\/\/relaxsrl.com\/de\/abruf-von-haendlerinformationen\/#webpage","url":"https:\/\/relaxsrl.com\/de\/abruf-von-haendlerinformationen\/","name":"Abruf von H\u00e4ndlerinformationen - Relax srl","isPartOf":{"@id":"https:\/\/relaxsrl.com\/#website"},"primaryImageOfPage":{"@id":"https:\/\/relaxsrl.com\/de\/abruf-von-haendlerinformationen\/#primaryimage"},"datePublished":"2022-08-11T09:20:50+00:00","dateModified":"2022-11-18T14:52:51+00:00","description":"Wenn Sie Ihr Passwort oder Ihre Kontonummer vergessen haben, befolgen Sie bitte diese Schritte, um wieder Zugriff auf Ihr Konto zu erhalten.","breadcrumb":{"@id":"https:\/\/relaxsrl.com\/de\/abruf-von-haendlerinformationen\/#breadcrumb"},"inLanguage":"de-DE","potentialAction":[{"@type":"ReadAction","target":["https:\/\/relaxsrl.com\/de\/abruf-von-haendlerinformationen\/"]}]},{"@type":"BreadcrumbList","@id":"https:\/\/relaxsrl.com\/de\/abruf-von-haendlerinformationen\/#breadcrumb","itemListElement":[{"@type":"ListItem","position":1,"name":"Login Bereich f\u00fcr die H\u00e4ndler","item":"https:\/\/relaxsrl.com\/de\/login-bereich-fuer-die-haendler\/"},{"@type":"ListItem","position":2,"name":"Abruf von H\u00e4ndlerinformationen"}]}]}},"_links":{"self":[{"href":"https:\/\/relaxsrl.com\/de\/wp-json\/wp\/v2\/pages\/22851"}],"collection":[{"href":"https:\/\/relaxsrl.com\/de\/wp-json\/wp\/v2\/pages"}],"about":[{"href":"https:\/\/relaxsrl.com\/de\/wp-json\/wp\/v2\/types\/page"}],"author":[{"embeddable":true,"href":"https:\/\/relaxsrl.com\/de\/wp-json\/wp\/v2\/users\/3"}],"replies":[{"embeddable":true,"href":"https:\/\/relaxsrl.com\/de\/wp-json\/wp\/v2\/comments?post=22851"}],"version-history":[{"count":7,"href":"https:\/\/relaxsrl.com\/de\/wp-json\/wp\/v2\/pages\/22851\/revisions"}],"predecessor-version":[{"id":24622,"href":"https:\/\/relaxsrl.com\/de\/wp-json\/wp\/v2\/pages\/22851\/revisions\/24622"}],"wp:featuredmedia":[{"embeddable":true,"href":"https:\/\/relaxsrl.com\/de\/wp-json\/wp\/v2\/media\/25662"}],"wp:attachment":[{"href":"https:\/\/relaxsrl.com\/de\/wp-json\/wp\/v2\/media?parent=22851"}],"curies":[{"name":"wp","href":"https:\/\/api.w.org\/{rel}","templated":true}]}}