{"id":22858,"date":"2022-08-11T11:24:37","date_gmt":"2022-08-11T09:24:37","guid":{"rendered":"https:\/\/relaxsrl.com\/informationen-zur-rekrutierung\/"},"modified":"2022-11-18T15:41:08","modified_gmt":"2022-11-18T14:41:08","slug":"informationen-zur-rekrutierung","status":"publish","type":"page","link":"https:\/\/relaxsrl.com\/de\/informationen-zur-rekrutierung\/","title":{"rendered":"Informationen zur Rekrutierung"},"content":{"rendered":"<p>[vc_row][vc_column][vc_column_text]<\/p>\n<h1>Einstellungsinformationen<\/h1>\n<p><strong> BETREFF: Informationen gem\u00e4\u00df und f\u00fcr die Zwecke von Artikeln 13 und 14 der EU-DSGVO 2016\/679 und der geltenden nationalen Gesetzgebung zum Schutz der Verarbeitung personenbezogener Daten. <\/strong><\/p>\n<p>&nbsp;<\/p>\n<p>Mit diesen Informationen stellt RELAX SRL dem Interessenten die in den Artikeln genannten Informationen zur Verf\u00fcgung 13 und 14 der DSGVO 2016\/679 \u00fcber die Verarbeitung der ihn betreffenden personenbezogenen Daten.<\/p>\n<p>&nbsp;<\/p>\n<p><strong> Datenverantwortlicher. <\/strong><\/p>\n<p>Der Datenverantwortliche ist RELAX SRL mit Sitz in Via Leonardo da Vinci, 2A &#8211; 30020 Torre di Mosto (VE).<\/p>\n<p>&nbsp;<\/p>\n<p><strong>Zweck und Rechtsgrundlage der Verarbeitung.<\/strong><\/p>\n<p>Die Erhebung und Verarbeitung personenbezogener Daten erfolgt zu folgenden Zwecken:<\/p>\n<ol>\n<li>die Verwaltung von E-Recruiting und insbesondere des Lebenslaufs, der \u00fcber den Kontakt auf der Website gesendet wird, ausschlie\u00dflich zum Zweck der Beantwortung der an uns gesendeten Anfragen und zum Zweck der Bewertung des Profils f\u00fcr die m\u00f6gliche Einrichtung eines Arbeitsverh\u00e4ltnis o berufliche Zusammenarbeit (Verarbeitung erforderlich f\u00fcr die Durchf\u00fchrung vorvertraglicher Ma\u00dfnahmen, die auf Anfrage der interessierten Partei gem\u00e4\u00df Art. 6 Abs. b) DSGVO 2016\/679 ergriffen werden);<\/li>\n<\/ol>\n<p>&nbsp;<\/p>\n<p>Bitte beachten Sie, dass keine besonderen Kategorien von Daten (sog. sensible Daten) oder Daten \u00fcber strafrechtliche Verurteilungen und Straftaten im Curriculum enthalten sein d\u00fcrfen, es sei denn, sie sind nach geltendem Arbeitsvermittlungsrecht f\u00fcr die Begr\u00fcndung des Besch\u00e4ftigungsverh\u00e4ltnisses erforderlich. ; in Bezug auf Daten \u00fcber die Gesundheit von behinderten Arbeitnehmern, in Anwendung des Gesetzes vom 12. M\u00e4rz 1999, n. 68 \u201eRegeln f\u00fcr das Recht auf Arbeit f\u00fcr Behinderte\u201c wird festgelegt, dass keine Pathologie angegeben wird, sondern nur der Besitz der Voraussetzungen angegeben wird. Abweichend von Ihnen angegebene besondere Kategorien von Daten werden bei der Profilauswertung nicht ber\u00fccksichtigt und in keinem Fall verarbeitet.<\/p>\n<p>&nbsp;<\/p>\n<p>Die Erhebung und Aufzeichnung von Daten erfolgt unter Einhaltung der in Art. 6 Abs. 1 lit. 5 DSGVO 2016\/679, d. h.: f\u00fcr bestimmte, ausdr\u00fcckliche und legitime Zwecke und in einer mit diesen Zwecken vereinbaren Weise im Rahmen der f\u00fcr den Gesch\u00e4ftsbetrieb erforderlichen Verarbeitung; exakt und ggf. mit den entsprechenden Updates. Damit sie in Bezug auf die Erhebungszwecke relevant, vollst\u00e4ndig und nicht \u00fcbertrieben sind; damit ihre Aufbewahrung f\u00fcr den Zeitraum funktioniert, der f\u00fcr den Zweck erforderlich ist, f\u00fcr den sie erhoben und anschlie\u00dfend gem\u00e4\u00df der DSGVO 2016\/679 und den geltenden nationalen Rechtsvorschriften verarbeitet werden.<\/p>\n<p>Personenbezogene Daten k\u00f6nnen sowohl mit Papier- als auch mit elektronischen Hilfsmitteln oder in jedem Fall, die f\u00fcr die Aufzeichnung und Speicherung der Daten geeignet sind, und in jedem Fall so verarbeitet werden, dass ihre Sicherheit gew\u00e4hrleistet und die Vertraulichkeit der betroffenen Person gesch\u00fctzt wird. Spezifische Sicherheitsma\u00dfnahmen werden eingehalten, um Datenverlust, illegale oder falsche Verwendung und unbefugten Zugriff in voller \u00dcbereinstimmung mit Art. 32 der DSGVO 2016\/679 und der geltenden nationalen Gesetzgebung.<\/p>\n<p>&nbsp;<\/p>\n<p><strong> Obligatorischer oder optionaler Charakter der Bereitstellung von Daten und Folgen einer Verweigerung der Bereitstellung. <\/strong><\/p>\n<p>Die Bereitstellung von Daten ist nicht obligatorisch, sondern optional; Jede Weigerung, sie ganz oder teilweise bereitzustellen, kann jedoch dazu f\u00fchren, dass die Anfragen des Interessenten nicht beantwortet und \/ oder mit der Bewertung seines beruflichen Profils fortgefahren werden k\u00f6nnen.<\/p>\n<p>&nbsp;<\/p>\n<p><strong> Datenkommunikation. <\/strong><\/p>\n<p>Unbeschadet der Einhaltung der geltenden Vorschriften und insbesondere der in Art. 5 DSGVO 2016\/679 d\u00fcrfen die erhobenen und verarbeiteten Daten ausschlie\u00dflich zur Verfolgung der in dieser Erkl\u00e4rung genannten Zwecke \u00fcbermittelt werden an:<\/p>\n<ul>\n<li>Unternehmen, die derselben Unternehmensgruppe angeh\u00f6ren;<\/li>\n<li>Fachkr\u00e4fte und Berater, Beratungsunternehmen, Unternehmen der Personalauswahl, \u00f6ffentliche Arbeitsvermittlungen, \u00f6ffentliche und private Bildungseinrichtungen;<\/li>\n<li>Insbesondere Personen, die Behandlungen im Auftrag des Datenverantwortlichen als Manager gem\u00e4\u00df Art. 28 DSGVO 2016\/679, wie beispielsweise und nicht beschr\u00e4nkt auf: Fachleute und \/ oder Unternehmen, die mit der Durchf\u00fchrung von Beratungst\u00e4tigkeiten im Bereich Arbeitsrecht, Technik-IT beauftragt sind. Die vollst\u00e4ndige und aktualisierte Liste der Manager ist f\u00fcr die dazu Berechtigten auf Anfrage am Hauptsitz des Datenverantwortlichen erh\u00e4ltlich;<\/li>\n<li>Subjekte, die nach geltendem Recht zum Zugriff auf Daten berechtigt sind und\/oder denen Daten in \u00dcbereinstimmung mit gesetzlichen Verpflichtungen \u00fcbermittelt werden m\u00fcssen.<\/li>\n<\/ul>\n<p>Personenbezogene Daten k\u00f6nnen von Mitarbeitern und Mitarbeitern verarbeitet werden, die den zust\u00e4ndigen B\u00fcros des Datenverantwortlichen zugeordnet sind und die ausdr\u00fccklich zur Verarbeitung der Verarbeitung gem\u00e4\u00df Art. 29 der DSGVO 2016\/679 und der geltenden nationalen Gesetzgebung.<\/p>\n<p>&nbsp;<\/p>\n<p><strong> \u00dcbermittlung von Daten ins Ausland. <\/strong><\/p>\n<p>Personenbezogene Daten d\u00fcrfen nur zur Verfolgung der in diesen Informationen genannten Zwecke oder aus ausschlie\u00dflich technischen Gr\u00fcnden im Zusammenhang mit der Struktur des Unternehmensinformationssystems und \/ oder der Anwendung technischer und organisatorischer Sicherheitsma\u00dfnahmen ins Ausland \u00fcbermittelt und \/ oder \u00fcbermittelt werden geeignet durch den Datenverantwortlichen (Art. 32 GDPR 2016\/679) und ausschlie\u00dflich in \u00dcbereinstimmung mit Art. 44 s.s. der DSGVO 2016\/679.<\/p>\n<p>&nbsp;<\/p>\n<p><strong> Datenaufbewahrungszeiten. <\/strong><\/p>\n<p>Die Daten werden in unseren Archiven auch nach dem Vorstellungsgespr\u00e4ch gespeichert, um alle m\u00f6glichen Verpflichtungen im Zusammenhang mit dieser T\u00e4tigkeit zu erf\u00fcllen, und in jedem Fall f\u00fcr einen Zeitraum, der die Erreichung der Zwecke, f\u00fcr die sie verarbeitet werden, nicht \u00fcberschreitet ( \u201eErhaltungsbegrenzungsprinzip\u201c gem\u00e4\u00df Art. 5 DSGVO 2016\/679). Insbesondere werden die Daten vom Datenverantwortlichen je nach Berufsprofil f\u00fcr einen Zeitraum von 24 bis 60 Monaten aufbewahrt, wobei zu beachten ist, dass der aufstrebende Kandidat die Bewerbung alle 3 Monate aktualisieren und \/ oder erneut best\u00e4tigen muss. , oder in je nach Berufsprofil jedenfalls sp\u00e4testens innerhalb von 15 Monaten; andernfalls oder im Falle einer Einstellung werden die Daten gel\u00f6scht. In Bezug auf die gesetzlich vorgesehenen besonderen Verj\u00e4hrungsfristen k\u00f6nnen die Daten, die f\u00fcr die Geltendmachung, Aus\u00fcbung oder Verteidigung eines Rechts erforderlich sind, l\u00e4ngeren Aufbewahrungsfristen unterliegen.<\/p>\n<p>Die \u00dcberpr\u00fcfung der Veraltung der gespeicherten Daten in Bezug auf die Zwecke, f\u00fcr die sie erhoben wurden, erfolgt regelm\u00e4\u00dfig.<\/p>\n<p>&nbsp;<\/p>\n<p><strong> Rechte der interessierten Partei. <\/strong><\/p>\n<p>Die interessierte Partei kann die Rechte innerhalb der Grenzen und unter den in den Artikeln festgelegten Bedingungen aus\u00fcben von 15 bis 22 der DSGVO 2016\/679. Insbesondere weist die DSGVO 2016\/679 dem Interessenten folgende Rechte zu:<\/p>\n<ul>\n<li>Auskunftsrecht (Artikel 15 der DSGVO 2016\/679);<\/li>\n<li>Recht auf Berichtigung unrichtiger personenbezogener Daten und Recht auf Erg\u00e4nzung unvollst\u00e4ndiger personenbezogener Daten (Artikel 16 der DSGVO 2016\/679);<\/li>\n<li>Recht auf L\u00f6schung (Artikel 17 DSGVO 2016\/679);<\/li>\n<li>Recht auf Einschr\u00e4nkung der Verarbeitung (Artikel 18 der DSGVO 2016\/679);<\/li>\n<li>Recht, die Empf\u00e4nger, denen Berichtigungen oder L\u00f6schungen oder Einschr\u00e4nkungen der Verarbeitung mitgeteilt wurden, zu verlangen (Artikel 19 der DSGVO 2016\/679);<\/li>\n<li>Recht auf Daten\u00fcbertragbarkeit (Artikel 20 DSGVO 2016\/679);<\/li>\n<li>Recht auf Widerspruch (Artikel 21 DSGVO 2016\/679);<\/li>\n<li>Recht, nicht einer ausschlie\u00dflich auf einer automatisierten Verarbeitung beruhenden Entscheidung unterworfen zu werden (Artikel 22 DSGVO 2016\/679).<\/li>\n<\/ul>\n<p>Im Falle der Unterzeichnung einer Einwilligung in die Verarbeitung ist zu beachten, dass die interessierte Partei diese jederzeit, unbeschadet der zwingenden Verpflichtungen, die durch die zum Zeitpunkt des Widerrufsantrags geltenden Rechtsvorschriften vorgesehen sind, durch Kontaktaufnahme widerrufen kann den Datenverantwortlichen unter der folgenden Adresse per E-Mail: info@relaxsrl.com.<\/p>\n<p>&nbsp;<\/p>\n<p><strong> Beschwerderecht. <\/strong><\/p>\n<p>Der Interessent, der der Ansicht ist, dass die Verarbeitung personenbezogener Daten gegen die Bestimmungen der DSGVO 2016\/679 verst\u00f6\u00dft, hat das Recht, eine Beschwerde bei der Aufsichtsbeh\u00f6rde des Staates der Europ\u00e4ischen Union einzureichen, in dem er seinen gew\u00f6hnlichen Aufenthalt hat, arbeitet oder des Ortes, an dem die mutma\u00dfliche Verletzung stattgefunden hat, gem\u00e4\u00df Art. 77 DSGVO 2016\/679, oder die zust\u00e4ndigen Justizbeh\u00f6rden zu beauftragen.<\/p>\n<p>&nbsp;<\/p>\n<p>&nbsp;<\/p>\n<p>Torre di Mosto, 11.11.2021<\/p>\n<p>&nbsp;<\/p>\n<p>RELAX SRL[\/vc_column_text][vc_empty_space height=&#8220;100px&#8220;][\/vc_column][\/vc_row]<\/p>\n","protected":false},"excerpt":{"rendered":"<p>[vc_row][vc_column][vc_column_text] Einstellungsinformationen BETREFF: Informationen gem\u00e4\u00df und f\u00fcr die Zwecke von Artikeln 13 und 14 der EU-DSGVO 2016\/679 und der geltenden nationalen Gesetzgebung zum Schutz der Verarbeitung personenbezogener Daten. &nbsp; Mit diesen Informationen stellt RELAX SRL dem Interessenten die in den Artikeln genannten Informationen zur Verf\u00fcgung 13 und 14 der DSGVO 2016\/679 \u00fcber die Verarbeitung der [&hellip;]<\/p>\n","protected":false},"author":3,"featured_media":25662,"parent":0,"menu_order":0,"comment_status":"closed","ping_status":"closed","template":"","meta":[],"acf":[],"yoast_head":"<!-- This site is optimized with the Yoast SEO Premium plugin v18.4 (Yoast SEO v18.8) - https:\/\/yoast.com\/wordpress\/plugins\/seo\/ -->\n<title>Informationen zur Rekrutierung - Relax srl<\/title>\n<meta name=\"description\" content=\"RELAX SRL stellt dem Interessenten Informationen \u00fcber die Verarbeitung der ihn betreffenden personenbezogenen Daten zur Verf\u00fcgung.\" \/>\n<meta name=\"robots\" content=\"noindex, follow\" \/>\n<meta property=\"og:locale\" content=\"de_DE\" \/>\n<meta property=\"og:type\" content=\"article\" \/>\n<meta property=\"og:title\" content=\"Informationen zur Rekrutierung - Relax srl\" \/>\n<meta property=\"og:description\" content=\"RELAX SRL stellt dem Interessenten Informationen \u00fcber die Verarbeitung der ihn betreffenden personenbezogenen Daten zur Verf\u00fcgung.\" \/>\n<meta property=\"og:url\" content=\"https:\/\/relaxsrl.com\/de\/informationen-zur-rekrutierung\/\" \/>\n<meta property=\"og:site_name\" content=\"Relax srl\" \/>\n<meta property=\"article:modified_time\" content=\"2022-11-18T14:41:08+00:00\" \/>\n<meta property=\"og:image\" content=\"https:\/\/relaxsrl.com\/website\/wp-content\/uploads\/2023\/02\/X_NEUTRA_RELAX.jpg\" \/>\n\t<meta property=\"og:image:width\" content=\"500\" \/>\n\t<meta property=\"og:image:height\" content=\"500\" \/>\n\t<meta property=\"og:image:type\" content=\"image\/jpeg\" \/>\n<meta name=\"twitter:card\" content=\"summary_large_image\" \/>\n<meta name=\"twitter:label1\" content=\"Gesch\u00e4tzte Lesezeit\" \/>\n\t<meta name=\"twitter:data1\" content=\"6 Minuten\" \/>\n<script type=\"application\/ld+json\" class=\"yoast-schema-graph\">{\"@context\":\"https:\/\/schema.org\",\"@graph\":[{\"@type\":\"WebSite\",\"@id\":\"https:\/\/relaxsrl.com\/#website\",\"url\":\"https:\/\/relaxsrl.com\/\",\"name\":\"Relax srl\",\"description\":\"\",\"potentialAction\":[{\"@type\":\"SearchAction\",\"target\":{\"@type\":\"EntryPoint\",\"urlTemplate\":\"https:\/\/relaxsrl.com\/?s={search_term_string}\"},\"query-input\":\"required name=search_term_string\"}],\"inLanguage\":\"de-DE\"},{\"@type\":\"ImageObject\",\"inLanguage\":\"de-DE\",\"@id\":\"https:\/\/relaxsrl.com\/de\/informationen-zur-rekrutierung\/#primaryimage\",\"url\":\"https:\/\/relaxsrl.com\/website\/wp-content\/uploads\/2023\/02\/X_NEUTRA_RELAX.jpg\",\"contentUrl\":\"https:\/\/relaxsrl.com\/website\/wp-content\/uploads\/2023\/02\/X_NEUTRA_RELAX.jpg\",\"width\":500,\"height\":500},{\"@type\":\"WebPage\",\"@id\":\"https:\/\/relaxsrl.com\/de\/informationen-zur-rekrutierung\/#webpage\",\"url\":\"https:\/\/relaxsrl.com\/de\/informationen-zur-rekrutierung\/\",\"name\":\"Informationen zur Rekrutierung - Relax srl\",\"isPartOf\":{\"@id\":\"https:\/\/relaxsrl.com\/#website\"},\"primaryImageOfPage\":{\"@id\":\"https:\/\/relaxsrl.com\/de\/informationen-zur-rekrutierung\/#primaryimage\"},\"datePublished\":\"2022-08-11T09:24:37+00:00\",\"dateModified\":\"2022-11-18T14:41:08+00:00\",\"description\":\"RELAX SRL stellt dem Interessenten Informationen \u00fcber die Verarbeitung der ihn betreffenden personenbezogenen Daten zur Verf\u00fcgung.\",\"breadcrumb\":{\"@id\":\"https:\/\/relaxsrl.com\/de\/informationen-zur-rekrutierung\/#breadcrumb\"},\"inLanguage\":\"de-DE\",\"potentialAction\":[{\"@type\":\"ReadAction\",\"target\":[\"https:\/\/relaxsrl.com\/de\/informationen-zur-rekrutierung\/\"]}]},{\"@type\":\"BreadcrumbList\",\"@id\":\"https:\/\/relaxsrl.com\/de\/informationen-zur-rekrutierung\/#breadcrumb\",\"itemListElement\":[{\"@type\":\"ListItem\",\"position\":1,\"name\":\"Informationen zur Rekrutierung\"}]}]}<\/script>\n<!-- \/ Yoast SEO Premium plugin. -->","yoast_head_json":{"title":"Informationen zur Rekrutierung - Relax srl","description":"RELAX SRL stellt dem Interessenten Informationen \u00fcber die Verarbeitung der ihn betreffenden personenbezogenen Daten zur Verf\u00fcgung.","robots":{"index":"noindex","follow":"follow"},"og_locale":"de_DE","og_type":"article","og_title":"Informationen zur Rekrutierung - Relax srl","og_description":"RELAX SRL stellt dem Interessenten Informationen \u00fcber die Verarbeitung der ihn betreffenden personenbezogenen Daten zur Verf\u00fcgung.","og_url":"https:\/\/relaxsrl.com\/de\/informationen-zur-rekrutierung\/","og_site_name":"Relax srl","article_modified_time":"2022-11-18T14:41:08+00:00","og_image":[{"width":500,"height":500,"url":"https:\/\/relaxsrl.com\/website\/wp-content\/uploads\/2023\/02\/X_NEUTRA_RELAX.jpg","type":"image\/jpeg"}],"twitter_card":"summary_large_image","twitter_misc":{"Gesch\u00e4tzte Lesezeit":"6 Minuten"},"schema":{"@context":"https:\/\/schema.org","@graph":[{"@type":"WebSite","@id":"https:\/\/relaxsrl.com\/#website","url":"https:\/\/relaxsrl.com\/","name":"Relax srl","description":"","potentialAction":[{"@type":"SearchAction","target":{"@type":"EntryPoint","urlTemplate":"https:\/\/relaxsrl.com\/?s={search_term_string}"},"query-input":"required name=search_term_string"}],"inLanguage":"de-DE"},{"@type":"ImageObject","inLanguage":"de-DE","@id":"https:\/\/relaxsrl.com\/de\/informationen-zur-rekrutierung\/#primaryimage","url":"https:\/\/relaxsrl.com\/website\/wp-content\/uploads\/2023\/02\/X_NEUTRA_RELAX.jpg","contentUrl":"https:\/\/relaxsrl.com\/website\/wp-content\/uploads\/2023\/02\/X_NEUTRA_RELAX.jpg","width":500,"height":500},{"@type":"WebPage","@id":"https:\/\/relaxsrl.com\/de\/informationen-zur-rekrutierung\/#webpage","url":"https:\/\/relaxsrl.com\/de\/informationen-zur-rekrutierung\/","name":"Informationen zur Rekrutierung - Relax srl","isPartOf":{"@id":"https:\/\/relaxsrl.com\/#website"},"primaryImageOfPage":{"@id":"https:\/\/relaxsrl.com\/de\/informationen-zur-rekrutierung\/#primaryimage"},"datePublished":"2022-08-11T09:24:37+00:00","dateModified":"2022-11-18T14:41:08+00:00","description":"RELAX SRL stellt dem Interessenten Informationen \u00fcber die Verarbeitung der ihn betreffenden personenbezogenen Daten zur Verf\u00fcgung.","breadcrumb":{"@id":"https:\/\/relaxsrl.com\/de\/informationen-zur-rekrutierung\/#breadcrumb"},"inLanguage":"de-DE","potentialAction":[{"@type":"ReadAction","target":["https:\/\/relaxsrl.com\/de\/informationen-zur-rekrutierung\/"]}]},{"@type":"BreadcrumbList","@id":"https:\/\/relaxsrl.com\/de\/informationen-zur-rekrutierung\/#breadcrumb","itemListElement":[{"@type":"ListItem","position":1,"name":"Informationen zur Rekrutierung"}]}]}},"_links":{"self":[{"href":"https:\/\/relaxsrl.com\/de\/wp-json\/wp\/v2\/pages\/22858"}],"collection":[{"href":"https:\/\/relaxsrl.com\/de\/wp-json\/wp\/v2\/pages"}],"about":[{"href":"https:\/\/relaxsrl.com\/de\/wp-json\/wp\/v2\/types\/page"}],"author":[{"embeddable":true,"href":"https:\/\/relaxsrl.com\/de\/wp-json\/wp\/v2\/users\/3"}],"replies":[{"embeddable":true,"href":"https:\/\/relaxsrl.com\/de\/wp-json\/wp\/v2\/comments?post=22858"}],"version-history":[{"count":5,"href":"https:\/\/relaxsrl.com\/de\/wp-json\/wp\/v2\/pages\/22858\/revisions"}],"predecessor-version":[{"id":24619,"href":"https:\/\/relaxsrl.com\/de\/wp-json\/wp\/v2\/pages\/22858\/revisions\/24619"}],"wp:featuredmedia":[{"embeddable":true,"href":"https:\/\/relaxsrl.com\/de\/wp-json\/wp\/v2\/media\/25662"}],"wp:attachment":[{"href":"https:\/\/relaxsrl.com\/de\/wp-json\/wp\/v2\/media?parent=22858"}],"curies":[{"name":"wp","href":"https:\/\/api.w.org\/{rel}","templated":true}]}}