{"id":22876,"date":"2022-08-11T11:50:49","date_gmt":"2022-08-11T09:50:49","guid":{"rendered":"https:\/\/relaxsrl.com\/flat\/"},"modified":"2022-09-16T11:36:52","modified_gmt":"2022-09-16T09:36:52","slug":"flat","status":"publish","type":"page","link":"https:\/\/relaxsrl.com\/de\/produkte\/kollektionen-2\/flat\/","title":{"rendered":"Flat"},"content":{"rendered":"<p>[vc_row full_width=&#8220;stretch_row&#8220; equal_height=&#8220;yes&#8220; el_class=&#8220;row-header-collezione-prodotti&#8220; css=&#8220;.vc_custom_1632995356850{background-image: url(http:\/\/relaxsrl.com\/wp-content\/uploads\/2021\/09\/collezione-flat.jpg?id=2710) !important;}&#8220;][vc_column width=&#8220;1\/2&#8243; el_class=&#8220;col-sx-header-collezione-prodotti&#8220;][vc_column_text el_class=&#8220;header-collezione-prodotti-txt&#8220;]<\/p>\n<h1>Flat, die praktische Duschkabine<\/h1>\n<p>Duschkabinen mit Schiebet\u00fcren f\u00fcr alle, die einfache, aber bis ins kleinste Detail gepflegte Produkte m\u00f6chten. Mit einer Einstellung von 7 cm ist diese in jeder Situation besonders anpassungsf\u00e4hig. Ausgestattet mit exzentrische, verstellbare Polster.[\/vc_column_text][\/vc_column][vc_column width=&#8220;1\/2&#8243; el_class=&#8220;col-dx-header-collezione-prodotti&#8220;][vc_single_image image=&#8220;2127&#8243; img_size=&#8220;full&#8220; alignment=&#8220;center&#8220; el_class=&#8220;row-header-prodotto-img&#8220;][\/vc_column][\/vc_row][vc_row el_class=&#8220;row-path&#8220;][vc_column][vc_column_text][\/vc_column_text][\/vc_column][\/vc_row][vc_row][vc_column]<div class=\"woocommerce columns-4 \"><ul class=\"products columns-4\">\n<li class=\"product type-product post-21066 status-publish first instock product_cat-3-lati-de product_cat-3-lati-en product_cat-3-lati-fr product_cat-3- product_cat-angolare-de product_cat-angolare-en product_cat-angulaire product_cat-box-doccia-de product_cat-box-doccia-en product_cat-cabina-doccia-piccola product_cat-cabine-de-douche product_cat-collections product_cat-collections-en product_cat-angulaire-coulissante product_cat-flat-ru product_cat-flat-fr product_cat-flat-de product_cat-flat-en product_cat-selection-guide-en product_cat-guida-alla-scelta-de product_cat-guide-de-selection product_cat-guide-de-selection-petite-cabine-de-douche product_cat-collezioni-de product_cat-scorrevole-de-2 product_cat-scorrevole product_cat-scorrevole-de product_cat-scorrevole-fr product_cat-angular-sliding product_cat-selection-guide-small-shower-enclosure product_cat-tipologia-prodotto-en product_cat-tipologia-prodotto-de product_cat-type-de-produit product_cat-1618 product_cat-1568 product_cat-1604 product_cat-3--- product_cat-1632 product_cat-1594 product_cat-1617 product_cat-1626 has-post-thumbnail shipping-taxable product-type-simple\">\n\t<div class=\"woocommerce-loop-product__short_description\" itemprop=\"description\"><a href=\"https:\/\/relaxsrl.com\/de\/produkt\/flat-a-flat-a\/\" class=\"woocommerce-LoopProduct-link woocommerce-loop-product__link\"><p>Flat A+A ist eine eckige Duschkabine mit doppelter Schiebet\u00fcr.<\/p>\n<\/a><\/div><\/li>\n<li class=\"product type-product post-21065 status-publish instock product_cat-3-lati-de product_cat-3-lati-en product_cat-3-lati-fr product_cat-3- product_cat-box-doccia-de product_cat-box-doccia-en product_cat-cabine-de-douche product_cat-collections product_cat-collections-en product_cat-niche-coulissante product_cat-flat-de product_cat-flat-en product_cat-flat-ru product_cat-flat-fr product_cat-nicchia-de product_cat-niche-fr product_cat-niche product_cat-collezioni-de product_cat-scorrevole-fr product_cat-scorrevole-de-2 product_cat-scorrevole product_cat-scorrevole-de-5 product_cat-niche-sliding product_cat-tipologia-prodotto-en product_cat-tipologia-prodotto-de product_cat-type-de-produit product_cat-1618 product_cat-1568 product_cat-1637 product_cat-3--- product_cat-1639 product_cat-1617 has-post-thumbnail shipping-taxable product-type-simple\">\n\t<div class=\"woocommerce-loop-product__short_description\" itemprop=\"description\"><a href=\"https:\/\/relaxsrl.com\/de\/produkt\/flat-sc1\/\" class=\"woocommerce-LoopProduct-link woocommerce-loop-product__link\"><p>Flat SC1 ist eine Duschkabine in einer Nische mit Schiebet\u00fcr.<\/p>\n<\/a><\/div><\/li>\n<li class=\"product type-product post-21064 status-publish instock product_cat-3-lati-de product_cat-3-lati-en product_cat-3-lati-fr product_cat-3- product_cat-angolare-de product_cat-angolare-en product_cat-angulaire product_cat-box-doccia-de product_cat-box-doccia-en product_cat-cabine-de-douche product_cat-collections product_cat-collections-en product_cat-angulaire-coulissante product_cat-flat-de product_cat-flat-en product_cat-flat-ru product_cat-flat-fr product_cat-collezioni-de product_cat-scorrevole-fr product_cat-scorrevole-de-2 product_cat-scorrevole-de product_cat-scorrevole product_cat-angular-sliding product_cat-tipologia-prodotto-en product_cat-tipologia-prodotto-de product_cat-type-de-produit product_cat-1618 product_cat-1568 product_cat-3--- product_cat-1632 product_cat-1617 product_cat-1626 has-post-thumbnail shipping-taxable product-type-simple\">\n\t<div class=\"woocommerce-loop-product__short_description\" itemprop=\"description\"><a href=\"https:\/\/relaxsrl.com\/de\/produkt\/flat-sc1-flat-f\/\" class=\"woocommerce-LoopProduct-link woocommerce-loop-product__link\"><p>Box doccia angolare con porta scorrevole e lato fisso.<\/p>\n<\/a><\/div><\/li>\n<li class=\"product type-product post-21063 status-publish last instock product_cat-3-lati-de product_cat-3-lati-en product_cat-3-lati-fr product_cat-3- product_cat-box-doccia-de product_cat-box-doccia-en product_cat-cabine-de-douche product_cat-collections product_cat-collections-en product_cat-coulissante product_cat-flat-fr product_cat-flat-ru product_cat-flat-de product_cat-flat-en product_cat-collezioni-de product_cat-scorrevole-fr product_cat-scorrevole-de-4 product_cat-scorrevole-de-2 product_cat-scorrevole product_cat-semi-circulaire product_cat-semicircolari-de product_cat-semicircular product_cat-semicircular-sliding product_cat-tipologia-prodotto-en product_cat-tipologia-prodotto-de product_cat-type-de-produit product_cat-1618 product_cat-1568 product_cat-1641 product_cat-3--- product_cat-1643 product_cat-1617 has-post-thumbnail shipping-taxable product-type-simple\">\n\t<div class=\"woocommerce-loop-product__short_description\" itemprop=\"description\"><a href=\"https:\/\/relaxsrl.com\/de\/produkt\/flat-r2-s\/\" class=\"woocommerce-LoopProduct-link woocommerce-loop-product__link\"><p>Flat R2 ist eine eckige halbkreisf\u00f6rmige Duschkabine mit doppelter Schiebet\u00fcr.<\/p>\n<\/a><\/div><\/li>\n<\/ul>\n<\/div>[\/vc_column][\/vc_row]<\/p>\n","protected":false},"excerpt":{"rendered":"<p>[vc_row full_width=&#8220;stretch_row&#8220; equal_height=&#8220;yes&#8220; el_class=&#8220;row-header-collezione-prodotti&#8220; css=&#8220;.vc_custom_1632995356850{background-image: url(http:\/\/relaxsrl.com\/wp-content\/uploads\/2021\/09\/collezione-flat.jpg?id=2710) !important;}&#8220;][vc_column width=&#8220;1\/2&#8243; el_class=&#8220;col-sx-header-collezione-prodotti&#8220;][vc_column_text el_class=&#8220;header-collezione-prodotti-txt&#8220;] Flat, die praktische Duschkabine Duschkabinen mit Schiebet\u00fcren f\u00fcr alle, die einfache, aber bis ins kleinste Detail gepflegte Produkte m\u00f6chten. Mit einer Einstellung von 7 cm ist diese in jeder Situation besonders anpassungsf\u00e4hig. Ausgestattet mit exzentrische, verstellbare Polster.[\/vc_column_text][\/vc_column][vc_column width=&#8220;1\/2&#8243; el_class=&#8220;col-dx-header-collezione-prodotti&#8220;][vc_single_image image=&#8220;2127&#8243; img_size=&#8220;full&#8220; alignment=&#8220;center&#8220; el_class=&#8220;row-header-prodotto-img&#8220;][\/vc_column][\/vc_row][vc_row el_class=&#8220;row-path&#8220;][vc_column][vc_column_text][\/vc_column_text][\/vc_column][\/vc_row][vc_row][vc_column][\/vc_column][\/vc_row]<\/p>\n","protected":false},"author":3,"featured_media":2127,"parent":32052,"menu_order":0,"comment_status":"closed","ping_status":"closed","template":"","meta":[],"acf":[],"yoast_head":"<!-- This site is optimized with the Yoast SEO Premium plugin v18.4 (Yoast SEO v18.8) - https:\/\/yoast.com\/wordpress\/plugins\/seo\/ -->\n<title>Flat - Relax srl<\/title>\n<meta name=\"description\" content=\"Duschkabinen mit Schiebet\u00fcren f\u00fcr alle, die einfache, aber bis ins kleinste Detail gepflegte Produkte m\u00f6chten.\" \/>\n<meta name=\"robots\" content=\"index, follow, max-snippet:-1, max-image-preview:large, max-video-preview:-1\" \/>\n<link rel=\"canonical\" href=\"https:\/\/relaxsrl.com\/de\/produkte\/kollektionen-2\/flat\/\" \/>\n<meta property=\"og:locale\" content=\"de_DE\" \/>\n<meta property=\"og:type\" content=\"article\" \/>\n<meta property=\"og:title\" content=\"Flat - Relax srl\" \/>\n<meta property=\"og:description\" content=\"Duschkabinen mit Schiebet\u00fcren f\u00fcr alle, die einfache, aber bis ins kleinste Detail gepflegte Produkte m\u00f6chten.\" \/>\n<meta property=\"og:url\" content=\"https:\/\/relaxsrl.com\/de\/produkte\/kollektionen-2\/flat\/\" \/>\n<meta property=\"og:site_name\" content=\"Relax srl\" \/>\n<meta property=\"article:modified_time\" content=\"2022-09-16T09:36:52+00:00\" \/>\n<meta name=\"twitter:card\" content=\"summary_large_image\" \/>\n<meta name=\"twitter:label1\" content=\"Gesch\u00e4tzte Lesezeit\" \/>\n\t<meta name=\"twitter:data1\" content=\"1 Minute\" \/>\n<script type=\"application\/ld+json\" class=\"yoast-schema-graph\">{\"@context\":\"https:\/\/schema.org\",\"@graph\":[{\"@type\":\"WebSite\",\"@id\":\"https:\/\/relaxsrl.com\/#website\",\"url\":\"https:\/\/relaxsrl.com\/\",\"name\":\"Relax srl\",\"description\":\"\",\"potentialAction\":[{\"@type\":\"SearchAction\",\"target\":{\"@type\":\"EntryPoint\",\"urlTemplate\":\"https:\/\/relaxsrl.com\/?s={search_term_string}\"},\"query-input\":\"required name=search_term_string\"}],\"inLanguage\":\"de-DE\"},{\"@type\":\"ImageObject\",\"inLanguage\":\"de-DE\",\"@id\":\"https:\/\/relaxsrl.com\/de\/produkte\/kollektionen-2\/flat\/#primaryimage\",\"url\":\"https:\/\/relaxsrl.com\/website\/wp-content\/uploads\/2021\/09\/FLAT_AA_1.jpg\",\"contentUrl\":\"https:\/\/relaxsrl.com\/website\/wp-content\/uploads\/2021\/09\/FLAT_AA_1.jpg\",\"width\":800,\"height\":1110,\"caption\":\"Duschkabine mit doppelter Eckschiebet\u00fcr. Flache Sammlung\"},{\"@type\":\"WebPage\",\"@id\":\"https:\/\/relaxsrl.com\/de\/produkte\/kollektionen-2\/flat\/#webpage\",\"url\":\"https:\/\/relaxsrl.com\/de\/produkte\/kollektionen-2\/flat\/\",\"name\":\"Flat - Relax srl\",\"isPartOf\":{\"@id\":\"https:\/\/relaxsrl.com\/#website\"},\"primaryImageOfPage\":{\"@id\":\"https:\/\/relaxsrl.com\/de\/produkte\/kollektionen-2\/flat\/#primaryimage\"},\"datePublished\":\"2022-08-11T09:50:49+00:00\",\"dateModified\":\"2022-09-16T09:36:52+00:00\",\"description\":\"Duschkabinen mit Schiebet\u00fcren f\u00fcr alle, die einfache, aber bis ins kleinste Detail gepflegte Produkte m\u00f6chten.\",\"breadcrumb\":{\"@id\":\"https:\/\/relaxsrl.com\/de\/produkte\/kollektionen-2\/flat\/#breadcrumb\"},\"inLanguage\":\"de-DE\",\"potentialAction\":[{\"@type\":\"ReadAction\",\"target\":[\"https:\/\/relaxsrl.com\/de\/produkte\/kollektionen-2\/flat\/\"]}]},{\"@type\":\"BreadcrumbList\",\"@id\":\"https:\/\/relaxsrl.com\/de\/produkte\/kollektionen-2\/flat\/#breadcrumb\",\"itemListElement\":[{\"@type\":\"ListItem\",\"position\":1,\"name\":\"Produkte\",\"item\":\"https:\/\/relaxsrl.com\/de\/produkte\/\"},{\"@type\":\"ListItem\",\"position\":2,\"name\":\"Kollektionen\",\"item\":\"https:\/\/relaxsrl.com\/de\/produkte\/kollektionen-old-non-usare\/\"},{\"@type\":\"ListItem\",\"position\":3,\"name\":\"Flat\"}]}]}<\/script>\n<!-- \/ Yoast SEO Premium plugin. -->","yoast_head_json":{"title":"Flat - Relax srl","description":"Duschkabinen mit Schiebet\u00fcren f\u00fcr alle, die einfache, aber bis ins kleinste Detail gepflegte Produkte m\u00f6chten.","robots":{"index":"index","follow":"follow","max-snippet":"max-snippet:-1","max-image-preview":"max-image-preview:large","max-video-preview":"max-video-preview:-1"},"canonical":"https:\/\/relaxsrl.com\/de\/produkte\/kollektionen-2\/flat\/","og_locale":"de_DE","og_type":"article","og_title":"Flat - Relax srl","og_description":"Duschkabinen mit Schiebet\u00fcren f\u00fcr alle, die einfache, aber bis ins kleinste Detail gepflegte Produkte m\u00f6chten.","og_url":"https:\/\/relaxsrl.com\/de\/produkte\/kollektionen-2\/flat\/","og_site_name":"Relax srl","article_modified_time":"2022-09-16T09:36:52+00:00","twitter_card":"summary_large_image","twitter_misc":{"Gesch\u00e4tzte Lesezeit":"1 Minute"},"schema":{"@context":"https:\/\/schema.org","@graph":[{"@type":"WebSite","@id":"https:\/\/relaxsrl.com\/#website","url":"https:\/\/relaxsrl.com\/","name":"Relax srl","description":"","potentialAction":[{"@type":"SearchAction","target":{"@type":"EntryPoint","urlTemplate":"https:\/\/relaxsrl.com\/?s={search_term_string}"},"query-input":"required name=search_term_string"}],"inLanguage":"de-DE"},{"@type":"ImageObject","inLanguage":"de-DE","@id":"https:\/\/relaxsrl.com\/de\/produkte\/kollektionen-2\/flat\/#primaryimage","url":"https:\/\/relaxsrl.com\/website\/wp-content\/uploads\/2021\/09\/FLAT_AA_1.jpg","contentUrl":"https:\/\/relaxsrl.com\/website\/wp-content\/uploads\/2021\/09\/FLAT_AA_1.jpg","width":800,"height":1110,"caption":"Duschkabine mit doppelter Eckschiebet\u00fcr. Flache Sammlung"},{"@type":"WebPage","@id":"https:\/\/relaxsrl.com\/de\/produkte\/kollektionen-2\/flat\/#webpage","url":"https:\/\/relaxsrl.com\/de\/produkte\/kollektionen-2\/flat\/","name":"Flat - Relax srl","isPartOf":{"@id":"https:\/\/relaxsrl.com\/#website"},"primaryImageOfPage":{"@id":"https:\/\/relaxsrl.com\/de\/produkte\/kollektionen-2\/flat\/#primaryimage"},"datePublished":"2022-08-11T09:50:49+00:00","dateModified":"2022-09-16T09:36:52+00:00","description":"Duschkabinen mit Schiebet\u00fcren f\u00fcr alle, die einfache, aber bis ins kleinste Detail gepflegte Produkte m\u00f6chten.","breadcrumb":{"@id":"https:\/\/relaxsrl.com\/de\/produkte\/kollektionen-2\/flat\/#breadcrumb"},"inLanguage":"de-DE","potentialAction":[{"@type":"ReadAction","target":["https:\/\/relaxsrl.com\/de\/produkte\/kollektionen-2\/flat\/"]}]},{"@type":"BreadcrumbList","@id":"https:\/\/relaxsrl.com\/de\/produkte\/kollektionen-2\/flat\/#breadcrumb","itemListElement":[{"@type":"ListItem","position":1,"name":"Produkte","item":"https:\/\/relaxsrl.com\/de\/produkte\/"},{"@type":"ListItem","position":2,"name":"Kollektionen","item":"https:\/\/relaxsrl.com\/de\/produkte\/kollektionen-old-non-usare\/"},{"@type":"ListItem","position":3,"name":"Flat"}]}]}},"_links":{"self":[{"href":"https:\/\/relaxsrl.com\/de\/wp-json\/wp\/v2\/pages\/22876"}],"collection":[{"href":"https:\/\/relaxsrl.com\/de\/wp-json\/wp\/v2\/pages"}],"about":[{"href":"https:\/\/relaxsrl.com\/de\/wp-json\/wp\/v2\/types\/page"}],"author":[{"embeddable":true,"href":"https:\/\/relaxsrl.com\/de\/wp-json\/wp\/v2\/users\/3"}],"replies":[{"embeddable":true,"href":"https:\/\/relaxsrl.com\/de\/wp-json\/wp\/v2\/comments?post=22876"}],"version-history":[{"count":5,"href":"https:\/\/relaxsrl.com\/de\/wp-json\/wp\/v2\/pages\/22876\/revisions"}],"predecessor-version":[{"id":23734,"href":"https:\/\/relaxsrl.com\/de\/wp-json\/wp\/v2\/pages\/22876\/revisions\/23734"}],"up":[{"embeddable":true,"href":"https:\/\/relaxsrl.com\/de\/wp-json\/wp\/v2\/pages\/32052"}],"wp:featuredmedia":[{"embeddable":true,"href":"https:\/\/relaxsrl.com\/de\/wp-json\/wp\/v2\/media\/2127"}],"wp:attachment":[{"href":"https:\/\/relaxsrl.com\/de\/wp-json\/wp\/v2\/media?parent=22876"}],"curies":[{"name":"wp","href":"https:\/\/api.w.org\/{rel}","templated":true}]}}