{"id":22888,"date":"2022-08-11T11:54:03","date_gmt":"2022-08-11T09:54:03","guid":{"rendered":"https:\/\/relaxsrl.com\/bobox\/"},"modified":"2022-12-16T15:27:08","modified_gmt":"2022-12-16T14:27:08","slug":"bobox","status":"publish","type":"page","link":"https:\/\/relaxsrl.com\/de\/produkte\/kollektionen-2\/bobox\/","title":{"rendered":"Bobox"},"content":{"rendered":"<p>[vc_row full_width=&#8220;stretch_row&#8220; equal_height=&#8220;yes&#8220; el_class=&#8220;row-header-collezione-prodotti&#8220; css=&#8220;.vc_custom_1632992553721{background-image: url(http:\/\/relaxsrl.com\/wp-content\/uploads\/2021\/09\/collezione-bobox.jpg?id=2698) !important;}&#8220;][vc_column width=&#8220;1\/2&#8243; el_class=&#8220;col-sx-header-collezione-prodotti&#8220; offset=&#8220;vc_hidden-xs&#8220;][vc_column_text el_class=&#8220;header-collezione-prodotti-txt&#8220;]<\/p>\n<h1>Bobox, die Design-Duschkabine<\/h1>\n<p>Walk-in Duschkabinen, die durch gebogene Kristalle mit abgerundeten Ecken gekennzeichnet sind. Die Kr\u00fcmmung nach innen verbessert die Wasserspeicherung und macht das Produkt einzigartig. Die Bobox Duschkabinen sind modular und k\u00f6nnen mit T\u00fcr und Dach erg\u00e4nzt werden.[\/vc_column_text][vc_empty_space height=&#8220;20px&#8220;][vc_single_image image=&#8220;11125&#8243; el_class=&#8220;header-collezione-prodotti-txt&#8220;][vc_column_text el_class=&#8220;header-collezione-prodotti-txt header-collezione-prodotti-txt-designer&#8220;]Designer: G.Diana[\/vc_column_text][\/vc_column][vc_column width=&#8220;1\/2&#8243; el_class=&#8220;col-dx-header-collezione-prodotti&#8220;][vc_single_image image=&#8220;2115&#8243; img_size=&#8220;full&#8220; alignment=&#8220;center&#8220; el_class=&#8220;row-header-prodotto-img&#8220;][\/vc_column][\/vc_row][vc_row full_width=&#8220;stretch_row&#8220; equal_height=&#8220;yes&#8220; el_class=&#8220;row-header-collezione-prodotti&#8220; css=&#8220;.vc_custom_1632992553721{background-image: url(http:\/\/relaxsrl.com\/wp-content\/uploads\/2021\/09\/collezione-bobox.jpg?id=2698) !important;}&#8220;][vc_column width=&#8220;1\/2&#8243; el_class=&#8220;col-sx-header-collezione-prodotti&#8220; offset=&#8220;vc_hidden-lg vc_hidden-md vc_hidden-sm&#8220;][vc_column_text el_class=&#8220;header-collezione-prodotti-txt&#8220;]<\/p>\n<h1>Bobox, die Design-Duschkabine<\/h1>\n<p>Walk-in Duschkabinen, die durch gebogene Kristalle mit abgerundeten Ecken gekennzeichnet sind. Die Kr\u00fcmmung nach innen verbessert die Wasserspeicherung und macht das Produkt einzigartig. Die Bobox Duschkabinen sind modular und k\u00f6nnen mit T\u00fcr und Dach erg\u00e4nzt werden.[\/vc_column_text][vc_single_image image=&#8220;11132&#8243; el_class=&#8220;header-collezione-prodotti-txt&#8220;][vc_column_text el_class=&#8220;header-collezione-prodotti-txt&#8220;]Designer: G.Diana[\/vc_column_text][\/vc_column][\/vc_row][vc_row el_class=&#8220;row-path&#8220;][vc_column][vc_column_text][\/vc_column_text][\/vc_column][\/vc_row][vc_row][vc_column]<div class=\"woocommerce columns-4 \"><ul class=\"products columns-4\">\n<li class=\"product type-product post-20967 status-publish first instock product_cat-3-lati-fr product_cat-3-lati-de product_cat-3-lati-en product_cat-3- product_cat-bobox-fr product_cat-bobox-de product_cat-bobox-en product_cat-bobox-ru product_cat-box-doccia-de product_cat-box-doccia-en product_cat-cabine-de-douche product_cat-collections product_cat-collections-en product_cat-nicchia-de product_cat-niche-fr product_cat-niche product_cat-collezioni-de product_cat-tipologia-prodotto-en product_cat-tipologia-prodotto-de product_cat-type-de-produit product_cat-walk-in-en-5 product_cat-3-lati-walk-in-fr product_cat-walk-in-de-4 product_cat-walk-in-de product_cat-walk-in-de-3 product_cat-niche-walk-in product_cat-walk-in-fr product_cat-walk-in-en-4 product_cat-walk-in-en product_cat-1618 product_cat-1568 product_cat-1637 product_cat-1640 product_cat-1649 product_cat-3---- product_cat-1617 has-post-thumbnail shipping-taxable product-type-simple\">\n\t<div class=\"woocommerce-loop-product__short_description\" itemprop=\"description\"><a href=\"https:\/\/relaxsrl.com\/de\/produkt\/bobox-a-in-nische\/\" class=\"woocommerce-LoopProduct-link woocommerce-loop-product__link\"><p>Begehbare Duschkabine, die sich durch das abgerundete Glas auszeichnet.<\/p>\n<\/a><\/div><\/li>\n<li class=\"product type-product post-21217 status-publish instock product_cat-3-lati-en product_cat-3-lati-fr product_cat-3-lati-de product_cat-3- product_cat-angolare-de product_cat-angolare-en product_cat-angulaire product_cat-bobox-ru product_cat-bobox-de product_cat-bobox-en product_cat-bobox-fr product_cat-box-doccia-de product_cat-box-doccia-en product_cat-cabine-de-douche product_cat-collections-en product_cat-collections product_cat-guida-alla-scelta-de product_cat-selection-guide-en product_cat-guide-de-selection product_cat-collezioni-de product_cat-tipologia-prodotto-en product_cat-tipologia-prodotto-de product_cat-type-de-produit product_cat-walk-in-en-5 product_cat-3-lati-walk-in-fr product_cat-walk-in-de-4 product_cat-walk-in-en-2 product_cat-walk-in-de-7 product_cat-angulaire-walk-in product_cat-walk-in-fr product_cat-walk-in-de product_cat-guide-de-selection-walk-in product_cat-walk-in-en product_cat-walk-in-de-5 product_cat-walk-in-en-3 product_cat-1618 product_cat-1568 product_cat-3---- product_cat-1615 product_cat-1636 product_cat-1649 product_cat-1594 product_cat-1617 product_cat-1626 has-post-thumbnail shipping-taxable product-type-simple\">\n\t<div class=\"woocommerce-loop-product__short_description\" itemprop=\"description\"><a href=\"https:\/\/relaxsrl.com\/de\/produkt\/bobox-a\/\" class=\"woocommerce-LoopProduct-link woocommerce-loop-product__link\"><p>Begehbare Duschkabine, die sich durch das abgerundete Glas auszeichnet.<\/p>\n<\/a><\/div><\/li>\n<li class=\"product type-product post-7934 status-publish instock product_cat-3-lati-fr product_cat-3-lati-de product_cat-3-lati-en product_cat-3- product_cat-angolare-en product_cat-angolare-de product_cat-angulaire product_cat-angulaire-battante product_cat-battente product_cat-battente-fr product_cat-battente-de-2 product_cat-battente-de-3 product_cat-bobox-fr product_cat-bobox-de product_cat-bobox-en product_cat-bobox-ru product_cat-box-doccia-de product_cat-box-doccia-en product_cat-cabine-de-douche product_cat-collections product_cat-collections-en product_cat-hinged product_cat-collezioni-de product_cat-tipologia-prodotto-en product_cat-tipologia-prodotto-de product_cat-type-de-produit product_cat-1618 product_cat-1568 product_cat-1627 product_cat-3-- product_cat-1617 product_cat-1626 has-post-thumbnail shipping-taxable product-type-simple\">\n\t<div class=\"woocommerce-loop-product__short_description\" itemprop=\"description\"><a href=\"https:\/\/relaxsrl.com\/de\/produkt\/bobox-a-bobox-ab\/\" class=\"woocommerce-LoopProduct-link woocommerce-loop-product__link\"><p>Duschabtrennung mit Fl\u00fcgelt\u00fcr mit abgerundeten Ecken.<\/p>\n<\/a><\/div><\/li>\n<li class=\"product type-product post-21216 status-publish last instock product_cat-bobox-fr product_cat-bobox-en product_cat-bobox-ru product_cat-bobox-de product_cat-box-doccia-de product_cat-box-doccia-en product_cat-box-doccia-di-design product_cat-cabine-de-douche product_cat-guide-de-selection-cabine-de-douche-design product_cat-collections-en product_cat-collections product_cat-selection-guide-design-shower-enclosures product_cat-guida-alla-scelta-de product_cat-selection-guide-en product_cat-guide-de-selection product_cat-nicchia-de product_cat-niche product_cat-niche-fr product_cat-collezioni-de product_cat-tipologia-prodotto-en product_cat-tipologia-prodotto-de product_cat-type-de-produit product_cat-walk-in-de product_cat-niche-walk-in product_cat-walk-in-de-3 product_cat-walk-in-fr product_cat-walk-in-en-4 product_cat-walk-in-en product_cat-1600 product_cat-1618 product_cat-1568 product_cat-1637 product_cat-1640 product_cat-1649 product_cat-1594 product_cat-1617 has-post-thumbnail shipping-taxable product-type-simple\">\n\t<div class=\"woocommerce-loop-product__short_description\" itemprop=\"description\"><a href=\"https:\/\/relaxsrl.com\/de\/produkt\/bobox-c\/\" class=\"woocommerce-LoopProduct-link woocommerce-loop-product__link\"><p>Begehbare Duschabtrennung, die sich durch einen doppelten Glasradius auszeichnet.<\/p>\n<\/a><\/div><\/li>\n<\/ul>\n<\/div>[\/vc_column][\/vc_row]<\/p>\n","protected":false},"excerpt":{"rendered":"<p>[vc_row full_width=&#8220;stretch_row&#8220; equal_height=&#8220;yes&#8220; el_class=&#8220;row-header-collezione-prodotti&#8220; css=&#8220;.vc_custom_1632992553721{background-image: url(http:\/\/relaxsrl.com\/wp-content\/uploads\/2021\/09\/collezione-bobox.jpg?id=2698) !important;}&#8220;][vc_column width=&#8220;1\/2&#8243; el_class=&#8220;col-sx-header-collezione-prodotti&#8220; offset=&#8220;vc_hidden-xs&#8220;][vc_column_text el_class=&#8220;header-collezione-prodotti-txt&#8220;] Bobox, die Design-Duschkabine Walk-in Duschkabinen, die durch gebogene Kristalle mit abgerundeten Ecken gekennzeichnet sind. Die Kr\u00fcmmung nach innen verbessert die Wasserspeicherung und macht das Produkt einzigartig. Die Bobox Duschkabinen sind modular und k\u00f6nnen mit T\u00fcr und Dach erg\u00e4nzt werden.[\/vc_column_text][vc_empty_space height=&#8220;20px&#8220;][vc_single_image image=&#8220;11125&#8243; el_class=&#8220;header-collezione-prodotti-txt&#8220;][vc_column_text el_class=&#8220;header-collezione-prodotti-txt header-collezione-prodotti-txt-designer&#8220;]Designer: [&hellip;]<\/p>\n","protected":false},"author":3,"featured_media":2115,"parent":32052,"menu_order":0,"comment_status":"closed","ping_status":"closed","template":"","meta":[],"acf":[],"yoast_head":"<!-- This site is optimized with the Yoast SEO Premium plugin v18.4 (Yoast SEO v18.8) - https:\/\/yoast.com\/wordpress\/plugins\/seo\/ -->\n<title>Bobox - Relax srl<\/title>\n<meta name=\"description\" content=\"Walk-in Duschkabinen, die durch gebogene Kristalle mit abgerundeten Ecken gekennzeichnet sind.\" \/>\n<meta name=\"robots\" content=\"index, follow, max-snippet:-1, max-image-preview:large, max-video-preview:-1\" \/>\n<link rel=\"canonical\" href=\"https:\/\/relaxsrl.com\/de\/produkte\/kollektionen-2\/bobox\/\" \/>\n<meta property=\"og:locale\" content=\"de_DE\" \/>\n<meta property=\"og:type\" content=\"article\" \/>\n<meta property=\"og:title\" content=\"Bobox - Relax srl\" \/>\n<meta property=\"og:description\" content=\"Walk-in Duschkabinen, die durch gebogene Kristalle mit abgerundeten Ecken gekennzeichnet sind.\" \/>\n<meta property=\"og:url\" content=\"https:\/\/relaxsrl.com\/de\/produkte\/kollektionen-2\/bobox\/\" \/>\n<meta property=\"og:site_name\" content=\"Relax srl\" \/>\n<meta property=\"article:modified_time\" content=\"2022-12-16T14:27:08+00:00\" \/>\n<meta property=\"og:image\" content=\"https:\/\/relaxsrl.com\/website\/wp-content\/uploads\/2021\/09\/BOBOX_AAB_3-1.jpg\" \/>\n\t<meta property=\"og:image:width\" content=\"800\" \/>\n\t<meta property=\"og:image:height\" content=\"1110\" \/>\n\t<meta property=\"og:image:type\" content=\"image\/jpeg\" \/>\n<meta name=\"twitter:card\" content=\"summary_large_image\" \/>\n<meta name=\"twitter:label1\" content=\"Gesch\u00e4tzte Lesezeit\" \/>\n\t<meta name=\"twitter:data1\" content=\"1 Minute\" \/>\n<script type=\"application\/ld+json\" class=\"yoast-schema-graph\">{\"@context\":\"https:\/\/schema.org\",\"@graph\":[{\"@type\":\"WebSite\",\"@id\":\"https:\/\/relaxsrl.com\/#website\",\"url\":\"https:\/\/relaxsrl.com\/\",\"name\":\"Relax srl\",\"description\":\"\",\"potentialAction\":[{\"@type\":\"SearchAction\",\"target\":{\"@type\":\"EntryPoint\",\"urlTemplate\":\"https:\/\/relaxsrl.com\/?s={search_term_string}\"},\"query-input\":\"required name=search_term_string\"}],\"inLanguage\":\"de-DE\"},{\"@type\":\"ImageObject\",\"inLanguage\":\"de-DE\",\"@id\":\"https:\/\/relaxsrl.com\/de\/produkte\/kollektionen-2\/bobox\/#primaryimage\",\"url\":\"https:\/\/relaxsrl.com\/website\/wp-content\/uploads\/2021\/09\/BOBOX_AAB_3-1.jpg\",\"contentUrl\":\"https:\/\/relaxsrl.com\/website\/wp-content\/uploads\/2021\/09\/BOBOX_AAB_3-1.jpg\",\"width\":800,\"height\":1110,\"caption\":\"Eckduschkabine mit europ\u00e4ischem Grauglas, Bobox-Kollektion\"},{\"@type\":\"WebPage\",\"@id\":\"https:\/\/relaxsrl.com\/de\/produkte\/kollektionen-2\/bobox\/#webpage\",\"url\":\"https:\/\/relaxsrl.com\/de\/produkte\/kollektionen-2\/bobox\/\",\"name\":\"Bobox - Relax srl\",\"isPartOf\":{\"@id\":\"https:\/\/relaxsrl.com\/#website\"},\"primaryImageOfPage\":{\"@id\":\"https:\/\/relaxsrl.com\/de\/produkte\/kollektionen-2\/bobox\/#primaryimage\"},\"datePublished\":\"2022-08-11T09:54:03+00:00\",\"dateModified\":\"2022-12-16T14:27:08+00:00\",\"description\":\"Walk-in Duschkabinen, die durch gebogene Kristalle mit abgerundeten Ecken gekennzeichnet sind.\",\"breadcrumb\":{\"@id\":\"https:\/\/relaxsrl.com\/de\/produkte\/kollektionen-2\/bobox\/#breadcrumb\"},\"inLanguage\":\"de-DE\",\"potentialAction\":[{\"@type\":\"ReadAction\",\"target\":[\"https:\/\/relaxsrl.com\/de\/produkte\/kollektionen-2\/bobox\/\"]}]},{\"@type\":\"BreadcrumbList\",\"@id\":\"https:\/\/relaxsrl.com\/de\/produkte\/kollektionen-2\/bobox\/#breadcrumb\",\"itemListElement\":[{\"@type\":\"ListItem\",\"position\":1,\"name\":\"Produkte\",\"item\":\"https:\/\/relaxsrl.com\/de\/produkte\/\"},{\"@type\":\"ListItem\",\"position\":2,\"name\":\"Kollektionen\",\"item\":\"https:\/\/relaxsrl.com\/de\/produkte\/kollektionen-old-non-usare\/\"},{\"@type\":\"ListItem\",\"position\":3,\"name\":\"Bobox\"}]}]}<\/script>\n<!-- \/ Yoast SEO Premium plugin. -->","yoast_head_json":{"title":"Bobox - Relax srl","description":"Walk-in Duschkabinen, die durch gebogene Kristalle mit abgerundeten Ecken gekennzeichnet sind.","robots":{"index":"index","follow":"follow","max-snippet":"max-snippet:-1","max-image-preview":"max-image-preview:large","max-video-preview":"max-video-preview:-1"},"canonical":"https:\/\/relaxsrl.com\/de\/produkte\/kollektionen-2\/bobox\/","og_locale":"de_DE","og_type":"article","og_title":"Bobox - Relax srl","og_description":"Walk-in Duschkabinen, die durch gebogene Kristalle mit abgerundeten Ecken gekennzeichnet sind.","og_url":"https:\/\/relaxsrl.com\/de\/produkte\/kollektionen-2\/bobox\/","og_site_name":"Relax srl","article_modified_time":"2022-12-16T14:27:08+00:00","og_image":[{"width":800,"height":1110,"url":"https:\/\/relaxsrl.com\/website\/wp-content\/uploads\/2021\/09\/BOBOX_AAB_3-1.jpg","type":"image\/jpeg"}],"twitter_card":"summary_large_image","twitter_misc":{"Gesch\u00e4tzte Lesezeit":"1 Minute"},"schema":{"@context":"https:\/\/schema.org","@graph":[{"@type":"WebSite","@id":"https:\/\/relaxsrl.com\/#website","url":"https:\/\/relaxsrl.com\/","name":"Relax srl","description":"","potentialAction":[{"@type":"SearchAction","target":{"@type":"EntryPoint","urlTemplate":"https:\/\/relaxsrl.com\/?s={search_term_string}"},"query-input":"required name=search_term_string"}],"inLanguage":"de-DE"},{"@type":"ImageObject","inLanguage":"de-DE","@id":"https:\/\/relaxsrl.com\/de\/produkte\/kollektionen-2\/bobox\/#primaryimage","url":"https:\/\/relaxsrl.com\/website\/wp-content\/uploads\/2021\/09\/BOBOX_AAB_3-1.jpg","contentUrl":"https:\/\/relaxsrl.com\/website\/wp-content\/uploads\/2021\/09\/BOBOX_AAB_3-1.jpg","width":800,"height":1110,"caption":"Eckduschkabine mit europ\u00e4ischem Grauglas, Bobox-Kollektion"},{"@type":"WebPage","@id":"https:\/\/relaxsrl.com\/de\/produkte\/kollektionen-2\/bobox\/#webpage","url":"https:\/\/relaxsrl.com\/de\/produkte\/kollektionen-2\/bobox\/","name":"Bobox - Relax srl","isPartOf":{"@id":"https:\/\/relaxsrl.com\/#website"},"primaryImageOfPage":{"@id":"https:\/\/relaxsrl.com\/de\/produkte\/kollektionen-2\/bobox\/#primaryimage"},"datePublished":"2022-08-11T09:54:03+00:00","dateModified":"2022-12-16T14:27:08+00:00","description":"Walk-in Duschkabinen, die durch gebogene Kristalle mit abgerundeten Ecken gekennzeichnet sind.","breadcrumb":{"@id":"https:\/\/relaxsrl.com\/de\/produkte\/kollektionen-2\/bobox\/#breadcrumb"},"inLanguage":"de-DE","potentialAction":[{"@type":"ReadAction","target":["https:\/\/relaxsrl.com\/de\/produkte\/kollektionen-2\/bobox\/"]}]},{"@type":"BreadcrumbList","@id":"https:\/\/relaxsrl.com\/de\/produkte\/kollektionen-2\/bobox\/#breadcrumb","itemListElement":[{"@type":"ListItem","position":1,"name":"Produkte","item":"https:\/\/relaxsrl.com\/de\/produkte\/"},{"@type":"ListItem","position":2,"name":"Kollektionen","item":"https:\/\/relaxsrl.com\/de\/produkte\/kollektionen-old-non-usare\/"},{"@type":"ListItem","position":3,"name":"Bobox"}]}]}},"_links":{"self":[{"href":"https:\/\/relaxsrl.com\/de\/wp-json\/wp\/v2\/pages\/22888"}],"collection":[{"href":"https:\/\/relaxsrl.com\/de\/wp-json\/wp\/v2\/pages"}],"about":[{"href":"https:\/\/relaxsrl.com\/de\/wp-json\/wp\/v2\/types\/page"}],"author":[{"embeddable":true,"href":"https:\/\/relaxsrl.com\/de\/wp-json\/wp\/v2\/users\/3"}],"replies":[{"embeddable":true,"href":"https:\/\/relaxsrl.com\/de\/wp-json\/wp\/v2\/comments?post=22888"}],"version-history":[{"count":8,"href":"https:\/\/relaxsrl.com\/de\/wp-json\/wp\/v2\/pages\/22888\/revisions"}],"predecessor-version":[{"id":24954,"href":"https:\/\/relaxsrl.com\/de\/wp-json\/wp\/v2\/pages\/22888\/revisions\/24954"}],"up":[{"embeddable":true,"href":"https:\/\/relaxsrl.com\/de\/wp-json\/wp\/v2\/pages\/32052"}],"wp:featuredmedia":[{"embeddable":true,"href":"https:\/\/relaxsrl.com\/de\/wp-json\/wp\/v2\/media\/2115"}],"wp:attachment":[{"href":"https:\/\/relaxsrl.com\/de\/wp-json\/wp\/v2\/media?parent=22888"}],"curies":[{"name":"wp","href":"https:\/\/api.w.org\/{rel}","templated":true}]}}