{"id":22892,"date":"2022-08-11T11:54:38","date_gmt":"2022-08-11T09:54:38","guid":{"rendered":"https:\/\/relaxsrl.com\/axia\/"},"modified":"2022-12-16T15:26:32","modified_gmt":"2022-12-16T14:26:32","slug":"axia","status":"publish","type":"page","link":"https:\/\/relaxsrl.com\/de\/produkte\/kollektionen-2\/axia\/","title":{"rendered":"Axia"},"content":{"rendered":"<p>[vc_row full_width=&#8220;stretch_row&#8220; equal_height=&#8220;yes&#8220; el_class=&#8220;row-header-collezione-prodotti&#8220; css=&#8220;.vc_custom_1632994519688{background-image: url(http:\/\/relaxsrl.com\/wp-content\/uploads\/2021\/09\/collezione-axia.jpg?id=2694) !important;}&#8220;][vc_column width=&#8220;1\/2&#8243; el_class=&#8220;col-sx-header-collezione-prodotti&#8220;][vc_column_text el_class=&#8220;header-collezione-prodotti-txt&#8220;]<\/p>\n<h1>Axia, die Duschkabine mit sichtbarer Schiebeleiste<\/h1>\n<p>Das Konzept dieser Duschkabinen-Kollektion basiert auf der \u00e4sthetischen Funktionsforschung. Die Schiebeschiene auf Sicht der T\u00fcren verziert die Kristall-Transparenz. Es ist auch m\u00f6glich, das Soft-Close-System an den T\u00fcren anzubringen. Ausgestattet mit einem niedrigeren Schnell-Entriegelungssystem der T\u00fcre f\u00fcr eine einfache Reinigung.[\/vc_column_text][\/vc_column][vc_column width=&#8220;1\/2&#8243; el_class=&#8220;col-dx-header-collezione-prodotti&#8220;][vc_single_image image=&#8220;2111&#8243; img_size=&#8220;full&#8220; alignment=&#8220;center&#8220; el_class=&#8220;row-header-prodotto-img&#8220;][\/vc_column][\/vc_row][vc_row el_class=&#8220;row-path&#8220;][vc_column][vc_column_text][\/vc_column_text][\/vc_column][\/vc_row][vc_row][vc_column]<div class=\"woocommerce columns-4 \"><ul class=\"products columns-4\">\n<li class=\"product type-product post-21158 status-publish first instock product_cat-3-lati-de product_cat-3-lati-en product_cat-3-lati-fr product_cat-3- product_cat-angolare-en product_cat-angolare-de product_cat-angulaire product_cat-axia-fr product_cat-axia-en product_cat-axia-de product_cat-axia-ru product_cat-box-doccia-en product_cat-box-doccia-de product_cat-box-doccia-industriale product_cat-cabine-de-douche product_cat-guide-de-selection-cabines-de-douche-industrielles product_cat-collections-en product_cat-collections product_cat-angulaire-coulissante product_cat-guide-de-selection-coulissante product_cat-guida-alla-scelta-de product_cat-selection-guide-en product_cat-guide-de-selection product_cat-selection-guide product_cat-collezioni-de product_cat-scorrevole-fr product_cat-scorrevole-de-6 product_cat-selection-guide-scorrevole product_cat-scorrevole product_cat-scorrevole-de product_cat-scorrevole-de-2 product_cat-angular-sliding product_cat-tipologia-prodotto-de product_cat-tipologia-prodotto-en product_cat-type-de-produit product_cat-1618 product_cat-1568 product_cat-1599 product_cat-1632 product_cat-3--- product_cat-1610 product_cat-1594 product_cat-1617 product_cat-1626 has-post-thumbnail shipping-taxable product-type-simple\">\n\t<div class=\"woocommerce-loop-product__short_description\" itemprop=\"description\"><a href=\"https:\/\/relaxsrl.com\/de\/produkt\/axia-sf-axia-f\/\" class=\"woocommerce-LoopProduct-link woocommerce-loop-product__link\"><p>Duschabtrennung mit Schiebet\u00fcr und sichtbarem Schiebesystem.<\/p>\n<\/a><\/div><\/li>\n<li class=\"product type-product post-21160 status-publish instock product_cat-axia-en product_cat-axia-fr product_cat-axia-de product_cat-axia-ru product_cat-box-doccia-en product_cat-box-doccia-de product_cat-cabine-de-douche product_cat-collections product_cat-collections-en product_cat-niche-coulissante product_cat-guida-alla-scelta-de product_cat-selection-guide-en product_cat-guide-de-selection product_cat-nicchia-de-2 product_cat-nicchia-de product_cat-niche product_cat-guide-de-selection-niche product_cat-selection-guide-niche product_cat-niche-fr product_cat-collezioni-de product_cat-scorrevole-de-5 product_cat-niche-sliding product_cat-tipologia-prodotto-de product_cat-tipologia-prodotto-en product_cat-type-de-produit product_cat-1618 product_cat-1568 product_cat-1607 product_cat-1637 product_cat-1639 product_cat-1594 product_cat-1617 has-post-thumbnail shipping-taxable product-type-simple\">\n\t<div class=\"woocommerce-loop-product__short_description\" itemprop=\"description\"><a href=\"https:\/\/relaxsrl.com\/de\/produkt\/axia-sc1\/\" class=\"woocommerce-LoopProduct-link woocommerce-loop-product__link\"><p>Duschabtrennung in Nische mit Schiebet\u00fcr und sichtbarem Schiebesystem.<\/p>\n<\/a><\/div><\/li>\n<li class=\"product type-product post-21062 status-publish instock product_cat-axia-de product_cat-axia-ru product_cat-box-doccia-de product_cat-collezioni-de product_cat-scorrevole-de-3 product_cat-sopravasca-de product_cat-sopravasca-de-2 product_cat-tipologia-prodotto-de product_cat-1618 product_cat-1568 product_cat----ru product_cat-1645 product_cat-1647 product_cat-1617 has-post-thumbnail shipping-taxable product-type-simple\">\n\t<div class=\"woocommerce-loop-product__short_description\" itemprop=\"description\"><a href=\"https:\/\/relaxsrl.com\/de\/produkt\/axia-sf-v-axia-f-v\/\" class=\"woocommerce-LoopProduct-link woocommerce-loop-product__link\"><p>Die SF-V+F-V-Zusammensetzung ist ein Badewannenaufsatz mit Schiebet\u00fcr und 8mm geh\u00e4rtetem Glas.<\/p>\n<\/a><\/div><\/li>\n<li class=\"product type-product post-21060 status-publish last instock product_cat-axia-de product_cat-axia-ru product_cat-box-doccia-de product_cat-guida-alla-scelta-de product_cat-collezioni-de product_cat-scorrevole-de-3 product_cat-sopravasca-de product_cat-sopravasca-de-2 product_cat-sopravasca-de-3 product_cat-tipologia-prodotto-de product_cat-1618 product_cat-1568 product_cat-1645 product_cat----ru product_cat-1614 product_cat-1647 product_cat-1594 product_cat-1617 has-post-thumbnail shipping-taxable product-type-simple\">\n\t<div class=\"woocommerce-loop-product__short_description\" itemprop=\"description\"><a href=\"https:\/\/relaxsrl.com\/de\/produkt\/axia-sc1-v\/\" class=\"woocommerce-LoopProduct-link woocommerce-loop-product__link\"><p>Sopravasca in nicchia con apertura scorrevole. Vetro da 8 mm.<\/p>\n<\/a><\/div><\/li>\n<\/ul>\n<\/div>[\/vc_column][\/vc_row]<\/p>\n","protected":false},"excerpt":{"rendered":"<p>[vc_row full_width=&#8220;stretch_row&#8220; equal_height=&#8220;yes&#8220; el_class=&#8220;row-header-collezione-prodotti&#8220; css=&#8220;.vc_custom_1632994519688{background-image: url(http:\/\/relaxsrl.com\/wp-content\/uploads\/2021\/09\/collezione-axia.jpg?id=2694) !important;}&#8220;][vc_column width=&#8220;1\/2&#8243; el_class=&#8220;col-sx-header-collezione-prodotti&#8220;][vc_column_text el_class=&#8220;header-collezione-prodotti-txt&#8220;] Axia, die Duschkabine mit sichtbarer Schiebeleiste Das Konzept dieser Duschkabinen-Kollektion basiert auf der \u00e4sthetischen Funktionsforschung. Die Schiebeschiene auf Sicht der T\u00fcren verziert die Kristall-Transparenz. Es ist auch m\u00f6glich, das Soft-Close-System an den T\u00fcren anzubringen. Ausgestattet mit einem niedrigeren Schnell-Entriegelungssystem der T\u00fcre f\u00fcr eine einfache Reinigung.[\/vc_column_text][\/vc_column][vc_column [&hellip;]<\/p>\n","protected":false},"author":3,"featured_media":2111,"parent":32052,"menu_order":0,"comment_status":"closed","ping_status":"closed","template":"","meta":[],"acf":[],"yoast_head":"<!-- This site is optimized with the Yoast SEO Premium plugin v18.4 (Yoast SEO v18.8) - https:\/\/yoast.com\/wordpress\/plugins\/seo\/ -->\n<title>Axia - Relax srl<\/title>\n<meta name=\"description\" content=\"Das Konzept dieser Duschkabinen-Kollektion basiert auf der \u00e4sthetischen Funktionsforschung. Die Schiebeschiene auf Sicht der T\u00fcren verziert die Kristall-Transparenz.\" \/>\n<meta name=\"robots\" content=\"index, follow, max-snippet:-1, max-image-preview:large, max-video-preview:-1\" \/>\n<link rel=\"canonical\" href=\"https:\/\/relaxsrl.com\/de\/produkte\/kollektionen-2\/axia\/\" \/>\n<meta property=\"og:locale\" content=\"de_DE\" \/>\n<meta property=\"og:type\" content=\"article\" \/>\n<meta property=\"og:title\" content=\"Axia - Relax srl\" \/>\n<meta property=\"og:description\" content=\"Das Konzept dieser Duschkabinen-Kollektion basiert auf der \u00e4sthetischen Funktionsforschung. Die Schiebeschiene auf Sicht der T\u00fcren verziert die Kristall-Transparenz.\" \/>\n<meta property=\"og:url\" content=\"https:\/\/relaxsrl.com\/de\/produkte\/kollektionen-2\/axia\/\" \/>\n<meta property=\"og:site_name\" content=\"Relax srl\" \/>\n<meta property=\"article:modified_time\" content=\"2022-12-16T14:26:32+00:00\" \/>\n<meta property=\"og:image\" content=\"https:\/\/relaxsrl.com\/website\/wp-content\/uploads\/2021\/09\/AXIA_SFF_2.jpg\" \/>\n\t<meta property=\"og:image:width\" content=\"800\" \/>\n\t<meta property=\"og:image:height\" content=\"1110\" \/>\n\t<meta property=\"og:image:type\" content=\"image\/jpeg\" \/>\n<meta name=\"twitter:card\" content=\"summary_large_image\" \/>\n<meta name=\"twitter:label1\" content=\"Gesch\u00e4tzte Lesezeit\" \/>\n\t<meta name=\"twitter:data1\" content=\"1 Minute\" \/>\n<script type=\"application\/ld+json\" class=\"yoast-schema-graph\">{\"@context\":\"https:\/\/schema.org\",\"@graph\":[{\"@type\":\"WebSite\",\"@id\":\"https:\/\/relaxsrl.com\/#website\",\"url\":\"https:\/\/relaxsrl.com\/\",\"name\":\"Relax srl\",\"description\":\"\",\"potentialAction\":[{\"@type\":\"SearchAction\",\"target\":{\"@type\":\"EntryPoint\",\"urlTemplate\":\"https:\/\/relaxsrl.com\/?s={search_term_string}\"},\"query-input\":\"required name=search_term_string\"}],\"inLanguage\":\"de-DE\"},{\"@type\":\"ImageObject\",\"inLanguage\":\"de-DE\",\"@id\":\"https:\/\/relaxsrl.com\/de\/produkte\/kollektionen-2\/axia\/#primaryimage\",\"url\":\"https:\/\/relaxsrl.com\/website\/wp-content\/uploads\/2021\/09\/AXIA_SFF_2.jpg\",\"contentUrl\":\"https:\/\/relaxsrl.com\/website\/wp-content\/uploads\/2021\/09\/AXIA_SFF_2.jpg\",\"width\":800,\"height\":1110,\"caption\":\"Duschabtrennung mit Schiebet\u00fcr und sichtbarem Schiebesystem. Axia-Sammlung\"},{\"@type\":\"WebPage\",\"@id\":\"https:\/\/relaxsrl.com\/de\/produkte\/kollektionen-2\/axia\/#webpage\",\"url\":\"https:\/\/relaxsrl.com\/de\/produkte\/kollektionen-2\/axia\/\",\"name\":\"Axia - Relax srl\",\"isPartOf\":{\"@id\":\"https:\/\/relaxsrl.com\/#website\"},\"primaryImageOfPage\":{\"@id\":\"https:\/\/relaxsrl.com\/de\/produkte\/kollektionen-2\/axia\/#primaryimage\"},\"datePublished\":\"2022-08-11T09:54:38+00:00\",\"dateModified\":\"2022-12-16T14:26:32+00:00\",\"description\":\"Das Konzept dieser Duschkabinen-Kollektion basiert auf der \u00e4sthetischen Funktionsforschung. Die Schiebeschiene auf Sicht der T\u00fcren verziert die Kristall-Transparenz.\",\"breadcrumb\":{\"@id\":\"https:\/\/relaxsrl.com\/de\/produkte\/kollektionen-2\/axia\/#breadcrumb\"},\"inLanguage\":\"de-DE\",\"potentialAction\":[{\"@type\":\"ReadAction\",\"target\":[\"https:\/\/relaxsrl.com\/de\/produkte\/kollektionen-2\/axia\/\"]}]},{\"@type\":\"BreadcrumbList\",\"@id\":\"https:\/\/relaxsrl.com\/de\/produkte\/kollektionen-2\/axia\/#breadcrumb\",\"itemListElement\":[{\"@type\":\"ListItem\",\"position\":1,\"name\":\"Produkte\",\"item\":\"https:\/\/relaxsrl.com\/de\/produkte\/\"},{\"@type\":\"ListItem\",\"position\":2,\"name\":\"Kollektionen\",\"item\":\"https:\/\/relaxsrl.com\/de\/produkte\/kollektionen-old-non-usare\/\"},{\"@type\":\"ListItem\",\"position\":3,\"name\":\"Axia\"}]}]}<\/script>\n<!-- \/ Yoast SEO Premium plugin. -->","yoast_head_json":{"title":"Axia - Relax srl","description":"Das Konzept dieser Duschkabinen-Kollektion basiert auf der \u00e4sthetischen Funktionsforschung. Die Schiebeschiene auf Sicht der T\u00fcren verziert die Kristall-Transparenz.","robots":{"index":"index","follow":"follow","max-snippet":"max-snippet:-1","max-image-preview":"max-image-preview:large","max-video-preview":"max-video-preview:-1"},"canonical":"https:\/\/relaxsrl.com\/de\/produkte\/kollektionen-2\/axia\/","og_locale":"de_DE","og_type":"article","og_title":"Axia - Relax srl","og_description":"Das Konzept dieser Duschkabinen-Kollektion basiert auf der \u00e4sthetischen Funktionsforschung. Die Schiebeschiene auf Sicht der T\u00fcren verziert die Kristall-Transparenz.","og_url":"https:\/\/relaxsrl.com\/de\/produkte\/kollektionen-2\/axia\/","og_site_name":"Relax srl","article_modified_time":"2022-12-16T14:26:32+00:00","og_image":[{"width":800,"height":1110,"url":"https:\/\/relaxsrl.com\/website\/wp-content\/uploads\/2021\/09\/AXIA_SFF_2.jpg","type":"image\/jpeg"}],"twitter_card":"summary_large_image","twitter_misc":{"Gesch\u00e4tzte Lesezeit":"1 Minute"},"schema":{"@context":"https:\/\/schema.org","@graph":[{"@type":"WebSite","@id":"https:\/\/relaxsrl.com\/#website","url":"https:\/\/relaxsrl.com\/","name":"Relax srl","description":"","potentialAction":[{"@type":"SearchAction","target":{"@type":"EntryPoint","urlTemplate":"https:\/\/relaxsrl.com\/?s={search_term_string}"},"query-input":"required name=search_term_string"}],"inLanguage":"de-DE"},{"@type":"ImageObject","inLanguage":"de-DE","@id":"https:\/\/relaxsrl.com\/de\/produkte\/kollektionen-2\/axia\/#primaryimage","url":"https:\/\/relaxsrl.com\/website\/wp-content\/uploads\/2021\/09\/AXIA_SFF_2.jpg","contentUrl":"https:\/\/relaxsrl.com\/website\/wp-content\/uploads\/2021\/09\/AXIA_SFF_2.jpg","width":800,"height":1110,"caption":"Duschabtrennung mit Schiebet\u00fcr und sichtbarem Schiebesystem. Axia-Sammlung"},{"@type":"WebPage","@id":"https:\/\/relaxsrl.com\/de\/produkte\/kollektionen-2\/axia\/#webpage","url":"https:\/\/relaxsrl.com\/de\/produkte\/kollektionen-2\/axia\/","name":"Axia - Relax srl","isPartOf":{"@id":"https:\/\/relaxsrl.com\/#website"},"primaryImageOfPage":{"@id":"https:\/\/relaxsrl.com\/de\/produkte\/kollektionen-2\/axia\/#primaryimage"},"datePublished":"2022-08-11T09:54:38+00:00","dateModified":"2022-12-16T14:26:32+00:00","description":"Das Konzept dieser Duschkabinen-Kollektion basiert auf der \u00e4sthetischen Funktionsforschung. Die Schiebeschiene auf Sicht der T\u00fcren verziert die Kristall-Transparenz.","breadcrumb":{"@id":"https:\/\/relaxsrl.com\/de\/produkte\/kollektionen-2\/axia\/#breadcrumb"},"inLanguage":"de-DE","potentialAction":[{"@type":"ReadAction","target":["https:\/\/relaxsrl.com\/de\/produkte\/kollektionen-2\/axia\/"]}]},{"@type":"BreadcrumbList","@id":"https:\/\/relaxsrl.com\/de\/produkte\/kollektionen-2\/axia\/#breadcrumb","itemListElement":[{"@type":"ListItem","position":1,"name":"Produkte","item":"https:\/\/relaxsrl.com\/de\/produkte\/"},{"@type":"ListItem","position":2,"name":"Kollektionen","item":"https:\/\/relaxsrl.com\/de\/produkte\/kollektionen-old-non-usare\/"},{"@type":"ListItem","position":3,"name":"Axia"}]}]}},"_links":{"self":[{"href":"https:\/\/relaxsrl.com\/de\/wp-json\/wp\/v2\/pages\/22892"}],"collection":[{"href":"https:\/\/relaxsrl.com\/de\/wp-json\/wp\/v2\/pages"}],"about":[{"href":"https:\/\/relaxsrl.com\/de\/wp-json\/wp\/v2\/types\/page"}],"author":[{"embeddable":true,"href":"https:\/\/relaxsrl.com\/de\/wp-json\/wp\/v2\/users\/3"}],"replies":[{"embeddable":true,"href":"https:\/\/relaxsrl.com\/de\/wp-json\/wp\/v2\/comments?post=22892"}],"version-history":[{"count":11,"href":"https:\/\/relaxsrl.com\/de\/wp-json\/wp\/v2\/pages\/22892\/revisions"}],"predecessor-version":[{"id":24951,"href":"https:\/\/relaxsrl.com\/de\/wp-json\/wp\/v2\/pages\/22892\/revisions\/24951"}],"up":[{"embeddable":true,"href":"https:\/\/relaxsrl.com\/de\/wp-json\/wp\/v2\/pages\/32052"}],"wp:featuredmedia":[{"embeddable":true,"href":"https:\/\/relaxsrl.com\/de\/wp-json\/wp\/v2\/media\/2111"}],"wp:attachment":[{"href":"https:\/\/relaxsrl.com\/de\/wp-json\/wp\/v2\/media?parent=22892"}],"curies":[{"name":"wp","href":"https:\/\/api.w.org\/{rel}","templated":true}]}}