{"id":22896,"date":"2022-08-11T12:00:24","date_gmt":"2022-08-11T10:00:24","guid":{"rendered":"https:\/\/relaxsrl.com\/byblos\/"},"modified":"2022-12-16T15:28:59","modified_gmt":"2022-12-16T14:28:59","slug":"byblos","status":"publish","type":"page","link":"https:\/\/relaxsrl.com\/de\/produkte\/kollektionen-2\/byblos\/","title":{"rendered":"Byblos"},"content":{"rendered":"<p>[vc_row full_width=&#8220;stretch_row&#8220; equal_height=&#8220;yes&#8220; el_class=&#8220;row-header-collezione-prodotti&#8220; css=&#8220;.vc_custom_1635241614522{background-image: url(http:\/\/relaxsrl.com\/wp-content\/uploads\/2021\/10\/Byblos.jpg?id=8984) !important;}&#8220;][vc_column width=&#8220;1\/2&#8243; el_class=&#8220;col-sx-header-collezione-prodotti&#8220; offset=&#8220;vc_hidden-xs&#8220;][vc_column_text el_class=&#8220;header-collezione-prodotti-txt&#8220;]<\/p>\n<h1> Byblos, weiche Duschk\u00f6pfe und S\u00e4ulen <\/h1>\n<p>Duschk\u00f6pfe und -s\u00e4ulen mit integrierten Byblos-Duschk\u00f6pfen, die sich durch weiche Formen auszeichnen. Sie wurden von Research &#038; amp; Relax-Ausbau und bei der Duschs\u00e4ule auch in der Version mit Wasserfallfunktion erh\u00e4ltlich.[\/vc_column_text][vc_column_text el_class=&#8220;header-collezione-prodotti-txt header-collezione-prodotti-txt-designer&#8220;]Designer: G.Diana[\/vc_column_text][\/vc_column][vc_column width=&#8220;1\/2&#8243; el_class=&#8220;col-dx-header-collezione-prodotti&#8220;][vc_single_image image=&#8220;9209&#8243; img_size=&#8220;full&#8220; alignment=&#8220;center&#8220; el_class=&#8220;row-header-prodotto-img&#8220;][\/vc_column][\/vc_row][vc_row full_width=&#8220;stretch_row&#8220; equal_height=&#8220;yes&#8220; el_class=&#8220;row-header-collezione-prodotti&#8220; css=&#8220;.vc_custom_1635241614522{background-image: url(http:\/\/relaxsrl.com\/wp-content\/uploads\/2021\/10\/Byblos.jpg?id=8984) !important;}&#8220;][vc_column width=&#8220;1\/2&#8243; el_class=&#8220;col-sx-header-collezione-prodotti&#8220; offset=&#8220;vc_hidden-lg vc_hidden-md vc_hidden-sm&#8220;][vc_column_text el_class=&#8220;header-collezione-prodotti-txt&#8220;]<\/p>\n<h1> Byblos, weiche Duschk\u00f6pfe und S\u00e4ulen <\/h1>\n<p>Duschk\u00f6pfe und -s\u00e4ulen mit integrierten Byblos-Duschk\u00f6pfen, die sich durch weiche Formen auszeichnen. Sie wurden von Research &#038; amp; Relax-Ausbau und bei der Duschs\u00e4ule auch in der Version mit Wasserfallfunktion erh\u00e4ltlich.[\/vc_column_text][vc_column_text el_class=&#8220;header-collezione-prodotti-txt&#8220;]Designer: G.Diana[\/vc_column_text][\/vc_column][\/vc_row][vc_row el_class=&#8220;row-path&#8220;][vc_column][vc_column_text][\/vc_column_text][\/vc_column][\/vc_row][vc_row][vc_column]<div class=\"woocommerce columns-4 \"><ul class=\"products columns-4\">\n<li class=\"product type-product post-20980 status-publish first instock product_cat-byblos-de product_cat-byblos-ru product_cat-byblos-fr product_cat-collections product_cat-complementi-de product_cat-complements-fr product_cat-collezioni-de product_cat-tipologia-prodotto-de product_cat-type-de-produit product_cat-1650 product_cat-1568 product_cat-1617 has-post-thumbnail shipping-taxable product-type-simple\">\n\t<div class=\"woocommerce-loop-product__short_description\" itemprop=\"description\"><a href=\"https:\/\/relaxsrl.com\/de\/produkt\/byblos-s\/\" class=\"woocommerce-LoopProduct-link woocommerce-loop-product__link\"><p>Traditioneller Duschkopf aus Edelstahl mit weichen und geschwungenen Formen.<\/p>\n<\/a><\/div><\/li>\n<li class=\"product type-product post-20979 status-publish instock product_cat-byblos-de product_cat-byblos-ru product_cat-byblos-fr product_cat-collections product_cat-complementi-de product_cat-complements-fr product_cat-collezioni-de product_cat-tipologia-prodotto-de product_cat-type-de-produit product_cat-1650 product_cat-1568 product_cat-1617 has-post-thumbnail shipping-taxable product-type-simple\">\n\t<div class=\"woocommerce-loop-product__short_description\" itemprop=\"description\"><a href=\"https:\/\/relaxsrl.com\/de\/produkt\/byblos-sc\/\" class=\"woocommerce-LoopProduct-link woocommerce-loop-product__link\"><p>Duschkopf aus Edelstahl mit weichen und geschwungenen Formen und integrierter Wasserfallfunktion.<\/p>\n<\/a><\/div><\/li>\n<\/ul>\n<\/div>[\/vc_column][\/vc_row]<\/p>\n","protected":false},"excerpt":{"rendered":"<p>[vc_row full_width=&#8220;stretch_row&#8220; equal_height=&#8220;yes&#8220; el_class=&#8220;row-header-collezione-prodotti&#8220; css=&#8220;.vc_custom_1635241614522{background-image: url(http:\/\/relaxsrl.com\/wp-content\/uploads\/2021\/10\/Byblos.jpg?id=8984) !important;}&#8220;][vc_column width=&#8220;1\/2&#8243; el_class=&#8220;col-sx-header-collezione-prodotti&#8220; offset=&#8220;vc_hidden-xs&#8220;][vc_column_text el_class=&#8220;header-collezione-prodotti-txt&#8220;] Byblos, weiche Duschk\u00f6pfe und S\u00e4ulen Duschk\u00f6pfe und -s\u00e4ulen mit integrierten Byblos-Duschk\u00f6pfen, die sich durch weiche Formen auszeichnen. Sie wurden von Research &#038; amp; Relax-Ausbau und bei der Duschs\u00e4ule auch in der Version mit Wasserfallfunktion erh\u00e4ltlich.[\/vc_column_text][vc_column_text el_class=&#8220;header-collezione-prodotti-txt header-collezione-prodotti-txt-designer&#8220;]Designer: G.Diana[\/vc_column_text][\/vc_column][vc_column width=&#8220;1\/2&#8243; el_class=&#8220;col-dx-header-collezione-prodotti&#8220;][vc_single_image image=&#8220;9209&#8243; img_size=&#8220;full&#8220; alignment=&#8220;center&#8220; el_class=&#8220;row-header-prodotto-img&#8220;][\/vc_column][\/vc_row][vc_row [&hellip;]<\/p>\n","protected":false},"author":3,"featured_media":9209,"parent":32052,"menu_order":0,"comment_status":"closed","ping_status":"closed","template":"","meta":[],"acf":[],"yoast_head":"<!-- This site is optimized with the Yoast SEO Premium plugin v18.4 (Yoast SEO v18.8) - https:\/\/yoast.com\/wordpress\/plugins\/seo\/ -->\n<title>Byblos - Relax srl<\/title>\n<meta name=\"description\" content=\"Duschk\u00f6pfe und -s\u00e4ulen mit integrierten Byblos-Duschk\u00f6pfen, die sich durch weiche Formen auszeichnen. Erfahren Sie mehr \u00fcber die Byblos-Kollektion.\" \/>\n<meta name=\"robots\" content=\"index, follow, max-snippet:-1, max-image-preview:large, max-video-preview:-1\" \/>\n<link rel=\"canonical\" href=\"https:\/\/relaxsrl.com\/de\/produkte\/kollektionen-2\/byblos\/\" \/>\n<meta property=\"og:locale\" content=\"de_DE\" \/>\n<meta property=\"og:type\" content=\"article\" \/>\n<meta property=\"og:title\" content=\"Byblos - Relax srl\" \/>\n<meta property=\"og:description\" content=\"Duschk\u00f6pfe und -s\u00e4ulen mit integrierten Byblos-Duschk\u00f6pfen, die sich durch weiche Formen auszeichnen. Erfahren Sie mehr \u00fcber die Byblos-Kollektion.\" \/>\n<meta property=\"og:url\" content=\"https:\/\/relaxsrl.com\/de\/produkte\/kollektionen-2\/byblos\/\" \/>\n<meta property=\"og:site_name\" content=\"Relax srl\" \/>\n<meta property=\"article:modified_time\" content=\"2022-12-16T14:28:59+00:00\" \/>\n<meta property=\"og:image\" content=\"https:\/\/relaxsrl.com\/website\/wp-content\/uploads\/2021\/10\/BYBLOS-SC_immagineprincipale-1.jpg\" \/>\n\t<meta property=\"og:image:width\" content=\"800\" \/>\n\t<meta property=\"og:image:height\" content=\"1110\" \/>\n\t<meta property=\"og:image:type\" content=\"image\/jpeg\" \/>\n<meta name=\"twitter:card\" content=\"summary_large_image\" \/>\n<meta name=\"twitter:label1\" content=\"Gesch\u00e4tzte Lesezeit\" \/>\n\t<meta name=\"twitter:data1\" content=\"1 Minute\" \/>\n<script type=\"application\/ld+json\" class=\"yoast-schema-graph\">{\"@context\":\"https:\/\/schema.org\",\"@graph\":[{\"@type\":\"WebSite\",\"@id\":\"https:\/\/relaxsrl.com\/#website\",\"url\":\"https:\/\/relaxsrl.com\/\",\"name\":\"Relax srl\",\"description\":\"\",\"potentialAction\":[{\"@type\":\"SearchAction\",\"target\":{\"@type\":\"EntryPoint\",\"urlTemplate\":\"https:\/\/relaxsrl.com\/?s={search_term_string}\"},\"query-input\":\"required name=search_term_string\"}],\"inLanguage\":\"de-DE\"},{\"@type\":\"ImageObject\",\"inLanguage\":\"de-DE\",\"@id\":\"https:\/\/relaxsrl.com\/de\/produkte\/kollektionen-2\/byblos\/#primaryimage\",\"url\":\"https:\/\/relaxsrl.com\/website\/wp-content\/uploads\/2021\/10\/BYBLOS-SC_immagineprincipale-1.jpg\",\"contentUrl\":\"https:\/\/relaxsrl.com\/website\/wp-content\/uploads\/2021\/10\/BYBLOS-SC_immagineprincipale-1.jpg\",\"width\":800,\"height\":1110,\"caption\":\"Byblos Duschkopf mit abgerundeten Formen\"},{\"@type\":\"WebPage\",\"@id\":\"https:\/\/relaxsrl.com\/de\/produkte\/kollektionen-2\/byblos\/#webpage\",\"url\":\"https:\/\/relaxsrl.com\/de\/produkte\/kollektionen-2\/byblos\/\",\"name\":\"Byblos - Relax srl\",\"isPartOf\":{\"@id\":\"https:\/\/relaxsrl.com\/#website\"},\"primaryImageOfPage\":{\"@id\":\"https:\/\/relaxsrl.com\/de\/produkte\/kollektionen-2\/byblos\/#primaryimage\"},\"datePublished\":\"2022-08-11T10:00:24+00:00\",\"dateModified\":\"2022-12-16T14:28:59+00:00\",\"description\":\"Duschk\u00f6pfe und -s\u00e4ulen mit integrierten Byblos-Duschk\u00f6pfen, die sich durch weiche Formen auszeichnen. Erfahren Sie mehr \u00fcber die Byblos-Kollektion.\",\"breadcrumb\":{\"@id\":\"https:\/\/relaxsrl.com\/de\/produkte\/kollektionen-2\/byblos\/#breadcrumb\"},\"inLanguage\":\"de-DE\",\"potentialAction\":[{\"@type\":\"ReadAction\",\"target\":[\"https:\/\/relaxsrl.com\/de\/produkte\/kollektionen-2\/byblos\/\"]}]},{\"@type\":\"BreadcrumbList\",\"@id\":\"https:\/\/relaxsrl.com\/de\/produkte\/kollektionen-2\/byblos\/#breadcrumb\",\"itemListElement\":[{\"@type\":\"ListItem\",\"position\":1,\"name\":\"Produkte\",\"item\":\"https:\/\/relaxsrl.com\/de\/produkte\/\"},{\"@type\":\"ListItem\",\"position\":2,\"name\":\"Kollektionen\",\"item\":\"https:\/\/relaxsrl.com\/de\/produkte\/kollektionen-old-non-usare\/\"},{\"@type\":\"ListItem\",\"position\":3,\"name\":\"Byblos\"}]}]}<\/script>\n<!-- \/ Yoast SEO Premium plugin. -->","yoast_head_json":{"title":"Byblos - Relax srl","description":"Duschk\u00f6pfe und -s\u00e4ulen mit integrierten Byblos-Duschk\u00f6pfen, die sich durch weiche Formen auszeichnen. Erfahren Sie mehr \u00fcber die Byblos-Kollektion.","robots":{"index":"index","follow":"follow","max-snippet":"max-snippet:-1","max-image-preview":"max-image-preview:large","max-video-preview":"max-video-preview:-1"},"canonical":"https:\/\/relaxsrl.com\/de\/produkte\/kollektionen-2\/byblos\/","og_locale":"de_DE","og_type":"article","og_title":"Byblos - Relax srl","og_description":"Duschk\u00f6pfe und -s\u00e4ulen mit integrierten Byblos-Duschk\u00f6pfen, die sich durch weiche Formen auszeichnen. Erfahren Sie mehr \u00fcber die Byblos-Kollektion.","og_url":"https:\/\/relaxsrl.com\/de\/produkte\/kollektionen-2\/byblos\/","og_site_name":"Relax srl","article_modified_time":"2022-12-16T14:28:59+00:00","og_image":[{"width":800,"height":1110,"url":"https:\/\/relaxsrl.com\/website\/wp-content\/uploads\/2021\/10\/BYBLOS-SC_immagineprincipale-1.jpg","type":"image\/jpeg"}],"twitter_card":"summary_large_image","twitter_misc":{"Gesch\u00e4tzte Lesezeit":"1 Minute"},"schema":{"@context":"https:\/\/schema.org","@graph":[{"@type":"WebSite","@id":"https:\/\/relaxsrl.com\/#website","url":"https:\/\/relaxsrl.com\/","name":"Relax srl","description":"","potentialAction":[{"@type":"SearchAction","target":{"@type":"EntryPoint","urlTemplate":"https:\/\/relaxsrl.com\/?s={search_term_string}"},"query-input":"required name=search_term_string"}],"inLanguage":"de-DE"},{"@type":"ImageObject","inLanguage":"de-DE","@id":"https:\/\/relaxsrl.com\/de\/produkte\/kollektionen-2\/byblos\/#primaryimage","url":"https:\/\/relaxsrl.com\/website\/wp-content\/uploads\/2021\/10\/BYBLOS-SC_immagineprincipale-1.jpg","contentUrl":"https:\/\/relaxsrl.com\/website\/wp-content\/uploads\/2021\/10\/BYBLOS-SC_immagineprincipale-1.jpg","width":800,"height":1110,"caption":"Byblos Duschkopf mit abgerundeten Formen"},{"@type":"WebPage","@id":"https:\/\/relaxsrl.com\/de\/produkte\/kollektionen-2\/byblos\/#webpage","url":"https:\/\/relaxsrl.com\/de\/produkte\/kollektionen-2\/byblos\/","name":"Byblos - Relax srl","isPartOf":{"@id":"https:\/\/relaxsrl.com\/#website"},"primaryImageOfPage":{"@id":"https:\/\/relaxsrl.com\/de\/produkte\/kollektionen-2\/byblos\/#primaryimage"},"datePublished":"2022-08-11T10:00:24+00:00","dateModified":"2022-12-16T14:28:59+00:00","description":"Duschk\u00f6pfe und -s\u00e4ulen mit integrierten Byblos-Duschk\u00f6pfen, die sich durch weiche Formen auszeichnen. Erfahren Sie mehr \u00fcber die Byblos-Kollektion.","breadcrumb":{"@id":"https:\/\/relaxsrl.com\/de\/produkte\/kollektionen-2\/byblos\/#breadcrumb"},"inLanguage":"de-DE","potentialAction":[{"@type":"ReadAction","target":["https:\/\/relaxsrl.com\/de\/produkte\/kollektionen-2\/byblos\/"]}]},{"@type":"BreadcrumbList","@id":"https:\/\/relaxsrl.com\/de\/produkte\/kollektionen-2\/byblos\/#breadcrumb","itemListElement":[{"@type":"ListItem","position":1,"name":"Produkte","item":"https:\/\/relaxsrl.com\/de\/produkte\/"},{"@type":"ListItem","position":2,"name":"Kollektionen","item":"https:\/\/relaxsrl.com\/de\/produkte\/kollektionen-old-non-usare\/"},{"@type":"ListItem","position":3,"name":"Byblos"}]}]}},"_links":{"self":[{"href":"https:\/\/relaxsrl.com\/de\/wp-json\/wp\/v2\/pages\/22896"}],"collection":[{"href":"https:\/\/relaxsrl.com\/de\/wp-json\/wp\/v2\/pages"}],"about":[{"href":"https:\/\/relaxsrl.com\/de\/wp-json\/wp\/v2\/types\/page"}],"author":[{"embeddable":true,"href":"https:\/\/relaxsrl.com\/de\/wp-json\/wp\/v2\/users\/3"}],"replies":[{"embeddable":true,"href":"https:\/\/relaxsrl.com\/de\/wp-json\/wp\/v2\/comments?post=22896"}],"version-history":[{"count":14,"href":"https:\/\/relaxsrl.com\/de\/wp-json\/wp\/v2\/pages\/22896\/revisions"}],"predecessor-version":[{"id":24966,"href":"https:\/\/relaxsrl.com\/de\/wp-json\/wp\/v2\/pages\/22896\/revisions\/24966"}],"up":[{"embeddable":true,"href":"https:\/\/relaxsrl.com\/de\/wp-json\/wp\/v2\/pages\/32052"}],"wp:featuredmedia":[{"embeddable":true,"href":"https:\/\/relaxsrl.com\/de\/wp-json\/wp\/v2\/media\/9209"}],"wp:attachment":[{"href":"https:\/\/relaxsrl.com\/de\/wp-json\/wp\/v2\/media?parent=22896"}],"curies":[{"name":"wp","href":"https:\/\/api.w.org\/{rel}","templated":true}]}}