{"id":22913,"date":"2022-08-11T15:40:50","date_gmt":"2022-08-11T13:40:50","guid":{"rendered":"https:\/\/relaxsrl.com\/produkte\/badezimmerambiente\/"},"modified":"2024-11-18T14:45:11","modified_gmt":"2024-11-18T13:45:11","slug":"badezimmerambiente","status":"publish","type":"page","link":"https:\/\/relaxsrl.com\/de\/produkte\/badezimmerambiente\/","title":{"rendered":"Badezimmerambiente"},"content":{"rendered":"<p>[vc_row full_width=&#8220;stretch_row&#8220; content_placement=&#8220;middle&#8220; el_class=&#8220;intro-row&#8220;][vc_column width=&#8220;7\/12&#8243;][vc_column_text]<\/p>\n<h1>Badezimmerambiente<\/h1>\n<p>[\/vc_column_text][\/vc_column][vc_column width=&#8220;5\/12&#8243;][vc_column_text el_class=&#8220;abstract&#8220;]Welcher Badezimmerstil passt zu Ihnen und Ihren Bed\u00fcrfnissen? Entdecken Sie dies unter einigen Beispielen von Badezimmern, die mit Relax-Produkten eingerichtet sind, die nach hohen Qualit\u00e4tsstandards und mit der Pflege des besten Made in Italy hergestellt wurden.[\/vc_column_text][\/vc_column][\/vc_row][vc_row el_class=&#8220;row-path&#8220;][vc_column][vc_column_text][\/vc_column_text][\/vc_column][\/vc_row][vc_row equal_height=&#8220;yes&#8220; content_placement=&#8220;middle&#8220; el_class=&#8220;row-ambiente&#8220;][vc_column width=&#8220;7\/12&#8243;][vc_single_image image=&#8220;3294&#8243; img_size=&#8220;full&#8220; onclick=&#8220;custom_link&#8220; link=&#8220;https:\/\/relaxsrl.com\/de\/produkte\/badezimmerambiente\/zeitgenoessischer-stil\/&#8220;][\/vc_column][vc_column width=&#8220;5\/12&#8243; css=&#8220;.vc_custom_1633336028114{background-image: url(http:\/\/relaxsrl.com\/wp-content\/uploads\/2021\/10\/EVOX-SC1-OPACO.jpg?id=3287) !important;background-position: center !important;background-repeat: no-repeat !important;background-size: cover !important;}&#8220; el_class=&#8220;col-text&#8220;][vc_column_text]<\/p>\n<h3 style=\"text-align: center;\">Zeitgen\u00f6ssischer Stil<\/h3>\n<p style=\"text-align: center;\">Ein zeitgen\u00f6ssisches Bad unterstreicht die R\u00e4ume, verbindet mit Harmonie und Eleganz raffinierte Formen und praktische Einrichtungen, die auf ihre Funktionalit\u00e4t abgestimmt sind.<\/p>\n<p>[\/vc_column_text][vc_btn title=&#8220;FINDE MEHR HERAUS&#8220; style=&#8220;classic&#8220; shape=&#8220;square&#8220; color=&#8220;white&#8220; align=&#8220;center&#8220; link=&#8220;url:https%3A%2F%2Frelaxsrl.com%2Fde%2Fprodukte%2Fbadezimmerambiente%2Fzeitgenoessischer-stil%2F|title:Zeitgen%C3%B6ssischer%20Stil&#8220; el_class=&#8220;btn-default-white&#8220;][\/vc_column][\/vc_row][vc_row equal_height=&#8220;yes&#8220; content_placement=&#8220;middle&#8220; el_class=&#8220;row-ambiente&#8220;][vc_column width=&#8220;5\/12&#8243; css=&#8220;.vc_custom_1731937437809{background-image: url(https:\/\/relaxsrl.com\/website\/wp-content\/uploads\/2024\/11\/RUSTICO4.jpg?id=31403) !important;background-position: center !important;background-repeat: no-repeat !important;background-size: cover !important;}&#8220; el_class=&#8220;col-text&#8220;][vc_column_text]<\/p>\n<h3 style=\"text-align: center;\">Rustikaler Stil<\/h3>\n<p style=\"text-align: center;\">Linien, Formen, Wohnstile, die eine nat\u00fcrliche Welt inspirieren, bestehen aus gem\u00fctlicher Atmosph\u00e4re und warmen Farben. Das Bad im edlen Landhausstil ist immer angesagt.<\/p>\n<p>[\/vc_column_text][vc_btn title=&#8220;FINDE MEHR HERAUS&#8220; style=&#8220;classic&#8220; shape=&#8220;square&#8220; color=&#8220;white&#8220; align=&#8220;center&#8220; link=&#8220;url:https%3A%2F%2Frelaxsrl.com%2Fde%2Fprodukte%2Fbadezimmerambiente%2Frustikaler-stil%2F|title:Rustikaler%20Stil&#8220; el_class=&#8220;btn-default-white&#8220;][\/vc_column][vc_column width=&#8220;7\/12&#8243;][vc_single_image image=&#8220;31398&#8243; img_size=&#8220;full&#8220; onclick=&#8220;custom_link&#8220; link=&#8220;https:\/\/relaxsrl.com\/de\/produkte\/badezimmerambiente\/rustikaler-stil\/&#8220;][\/vc_column][\/vc_row][vc_row equal_height=&#8220;yes&#8220; content_placement=&#8220;middle&#8220; el_class=&#8220;row-ambiente&#8220;][vc_column width=&#8220;7\/12&#8243;][vc_single_image image=&#8220;4537&#8243; img_size=&#8220;full&#8220; onclick=&#8220;custom_link&#8220; link=&#8220;https:\/\/relaxsrl.com\/de\/produkte\/badezimmerambiente\/moderner-stil\/&#8220;][\/vc_column][vc_column width=&#8220;5\/12&#8243; css=&#8220;.vc_custom_1633524697981{background-image: url(http:\/\/relaxsrl.com\/wp-content\/uploads\/2021\/10\/BOBOX-A-OPACO-1.jpg?id=4538) !important;background-position: center !important;background-repeat: no-repeat !important;background-size: cover !important;}&#8220; el_class=&#8220;col-text&#8220;][vc_column_text]<\/p>\n<h3 style=\"text-align: center;\">Moderner Stil<\/h3>\n<p style=\"text-align: center;\">Passend zu jeder Situation bezaubert das moderne Bad mit sanften T\u00f6nen und einer cleveren Anordnung der Elemente.<\/p>\n<p>[\/vc_column_text][vc_btn title=&#8220;FINDE MEHR HERAUS&#8220; style=&#8220;classic&#8220; shape=&#8220;square&#8220; color=&#8220;white&#8220; align=&#8220;center&#8220; link=&#8220;url:https%3A%2F%2Frelaxsrl.com%2Fde%2Fprodukte%2Fbadezimmerambiente%2Fmoderner-stil%2F|title:Moderner%20Stil&#8220; el_class=&#8220;btn-default-white&#8220;][\/vc_column][\/vc_row][vc_row equal_height=&#8220;yes&#8220; content_placement=&#8220;middle&#8220; el_class=&#8220;row-ambiente&#8220;][vc_column width=&#8220;5\/12&#8243; css=&#8220;.vc_custom_1635403441150{background-image: url(http:\/\/relaxsrl.com\/wp-content\/uploads\/2021\/10\/WALL-PAF1-OPACO.jpg?id=3312) !important;background-position: center !important;background-repeat: no-repeat !important;background-size: cover !important;}&#8220; el_class=&#8220;col-text&#8220;][vc_column_text]<\/p>\n<h3 style=\"text-align: center;\">Haus am Meer Stil<\/h3>\n<p style=\"text-align: center;\">Das Bad f\u00fcr das Haus am Meer spricht von Sch\u00f6nheit und Geselligkeit, das nat\u00fcrliche Licht, das die R\u00e4ume zum Leben erweckt, wird zum Blickfang. Sogar in der Stadt.<\/p>\n<p>[\/vc_column_text][vc_btn title=&#8220;FINDE MEHR HERAUS&#8220; style=&#8220;classic&#8220; shape=&#8220;square&#8220; color=&#8220;white&#8220; align=&#8220;center&#8220; link=&#8220;url:https%3A%2F%2Frelaxsrl.com%2Fde%2Fprodukte%2Fbadezimmerambiente%2Fstil-haus-am-meer%2F|title:Haus%20am%20Meer%20Stil&#8220; el_class=&#8220;btn-default-white&#8220;][\/vc_column][vc_column width=&#8220;7\/12&#8243;][vc_single_image image=&#8220;9115&#8243; img_size=&#8220;full&#8220; onclick=&#8220;custom_link&#8220; link=&#8220;https:\/\/relaxsrl.com\/de\/produkte\/badezimmerambiente\/stil-haus-am-meer\/&#8220;][\/vc_column][\/vc_row][vc_row equal_height=&#8220;yes&#8220; content_placement=&#8220;middle&#8220; el_class=&#8220;row-ambiente&#8220;][vc_column width=&#8220;7\/12&#8243;][vc_single_image image=&#8220;9119&#8243; img_size=&#8220;full&#8220; onclick=&#8220;custom_link&#8220; link=&#8220;https:\/\/relaxsrl.com\/de\/produkte\/badezimmerambiente\/style-wellnessbereich\/&#8220;][\/vc_column][vc_column width=&#8220;5\/12&#8243; css=&#8220;.vc_custom_1635403476480{background-image: url(http:\/\/relaxsrl.com\/wp-content\/uploads\/2021\/10\/BENESSERE-OPACO-1.jpg?id=9362) !important;background-position: center !important;background-repeat: no-repeat !important;background-size: cover !important;}&#8220; el_class=&#8220;col-text&#8220;][vc_column_text]<\/p>\n<h3 style=\"text-align: center;\">Stil Wellnessbereich<\/h3>\n<p style=\"text-align: center;\">Ein Wohlf\u00fchlraum f\u00fcr einen Raum der K\u00f6rperkultur und des Wohlbefindens \u2013 sowohl im h\u00e4uslichen als auch im \u00f6ffentlichen Bereich.<\/p>\n<p>[\/vc_column_text][vc_btn title=&#8220;FINDE MEHR HERAUS&#8220; style=&#8220;classic&#8220; shape=&#8220;square&#8220; color=&#8220;white&#8220; align=&#8220;center&#8220; link=&#8220;url:https%3A%2F%2Frelaxsrl.com%2Fde%2Fprodukte%2Fbadezimmerambiente%2Fstyle-wellnessbereich%2F|title:Stil%20Wellnessbereich&#8220; el_class=&#8220;btn-default-white&#8220;][\/vc_column][\/vc_row][vc_row equal_height=&#8220;yes&#8220; content_placement=&#8220;middle&#8220; el_class=&#8220;row-ambiente&#8220;][vc_column width=&#8220;5\/12&#8243; css=&#8220;.vc_custom_1633336341985{background-image: url(http:\/\/relaxsrl.com\/wp-content\/uploads\/2021\/10\/COVER-AFF3-OPACO.jpg?id=3328) !important;background-position: center !important;background-repeat: no-repeat !important;background-size: cover !important;}&#8220; el_class=&#8220;col-text&#8220;][vc_column_text]<\/p>\n<h3 style=\"text-align: center;\">Mansarden Stil<\/h3>\n<p style=\"text-align: center;\">Ein Badezimmer im Dachgeschoss-Stil, mit den offenen Decken, oft mit sichtbaren Holzbalken und ma\u00dfgefertigte L\u00f6sungen, wertet Relax auch diese R\u00e4ume auf.<\/p>\n<p>[\/vc_column_text][vc_btn title=&#8220;FINDE MEHR HERAUS&#8220; style=&#8220;classic&#8220; shape=&#8220;square&#8220; color=&#8220;white&#8220; align=&#8220;center&#8220; link=&#8220;url:https%3A%2F%2Frelaxsrl.com%2Fde%2Fprodukte%2Fbadezimmerambiente%2Fstil-der-mansarde%2F|title:Mansarden%20Stil&#8220; el_class=&#8220;btn-default-white&#8220;][\/vc_column][vc_column width=&#8220;7\/12&#8243;][vc_single_image image=&#8220;3335&#8243; img_size=&#8220;full&#8220; onclick=&#8220;custom_link&#8220; link=&#8220;https:\/\/relaxsrl.com\/de\/produkte\/badezimmerambiente\/stil-der-mansarde\/&#8220;][\/vc_column][\/vc_row]<\/p>\n","protected":false},"excerpt":{"rendered":"<p>[vc_row full_width=&#8220;stretch_row&#8220; content_placement=&#8220;middle&#8220; el_class=&#8220;intro-row&#8220;][vc_column width=&#8220;7\/12&#8243;][vc_column_text] Badezimmerambiente [\/vc_column_text][\/vc_column][vc_column width=&#8220;5\/12&#8243;][vc_column_text el_class=&#8220;abstract&#8220;]Welcher Badezimmerstil passt zu Ihnen und Ihren Bed\u00fcrfnissen? Entdecken Sie dies unter einigen Beispielen von Badezimmern, die mit Relax-Produkten eingerichtet sind, die nach hohen Qualit\u00e4tsstandards und mit der Pflege des besten Made in Italy hergestellt wurden.[\/vc_column_text][\/vc_column][\/vc_row][vc_row el_class=&#8220;row-path&#8220;][vc_column][vc_column_text][\/vc_column_text][\/vc_column][\/vc_row][vc_row equal_height=&#8220;yes&#8220; content_placement=&#8220;middle&#8220; el_class=&#8220;row-ambiente&#8220;][vc_column width=&#8220;7\/12&#8243;][vc_single_image image=&#8220;3294&#8243; img_size=&#8220;full&#8220; onclick=&#8220;custom_link&#8220; link=&#8220;https:\/\/relaxsrl.com\/de\/produkte\/badezimmerambiente\/zeitgenoessischer-stil\/&#8220;][\/vc_column][vc_column width=&#8220;5\/12&#8243; css=&#8220;.vc_custom_1633336028114{background-image: [&hellip;]<\/p>\n","protected":false},"author":3,"featured_media":3294,"parent":22867,"menu_order":0,"comment_status":"closed","ping_status":"closed","template":"","meta":[],"acf":[],"yoast_head":"<!-- This site is optimized with the Yoast SEO Premium plugin v18.4 (Yoast SEO v18.8) - https:\/\/yoast.com\/wordpress\/plugins\/seo\/ -->\n<title>Badezimmerambiente - Relax srl<\/title>\n<meta name=\"description\" content=\"Welcher Badezimmerstil passt zu Ihnen und Ihren Bed\u00fcrfnissen? Manchmal ist das nicht einfach.\" \/>\n<meta name=\"robots\" content=\"index, follow, max-snippet:-1, max-image-preview:large, max-video-preview:-1\" \/>\n<link rel=\"canonical\" href=\"https:\/\/relaxsrl.com\/de\/produkte\/badezimmerambiente\/\" \/>\n<meta property=\"og:locale\" content=\"de_DE\" \/>\n<meta property=\"og:type\" content=\"article\" \/>\n<meta property=\"og:title\" content=\"Badezimmerambiente - Relax srl\" \/>\n<meta property=\"og:description\" content=\"Welcher Badezimmerstil passt zu Ihnen und Ihren Bed\u00fcrfnissen? Manchmal ist das nicht einfach.\" \/>\n<meta property=\"og:url\" content=\"https:\/\/relaxsrl.com\/de\/produkte\/badezimmerambiente\/\" \/>\n<meta property=\"og:site_name\" content=\"Relax srl\" \/>\n<meta property=\"article:modified_time\" content=\"2024-11-18T13:45:11+00:00\" \/>\n<meta property=\"og:image\" content=\"https:\/\/relaxsrl.com\/website\/wp-content\/uploads\/2021\/10\/EVOX-SC1.jpg\" \/>\n\t<meta property=\"og:image:width\" content=\"961\" \/>\n\t<meta property=\"og:image:height\" content=\"660\" \/>\n\t<meta property=\"og:image:type\" content=\"image\/jpeg\" \/>\n<meta name=\"twitter:card\" content=\"summary_large_image\" \/>\n<meta name=\"twitter:label1\" content=\"Gesch\u00e4tzte Lesezeit\" \/>\n\t<meta name=\"twitter:data1\" content=\"2 Minuten\" \/>\n<script type=\"application\/ld+json\" class=\"yoast-schema-graph\">{\"@context\":\"https:\/\/schema.org\",\"@graph\":[{\"@type\":\"WebSite\",\"@id\":\"https:\/\/relaxsrl.com\/#website\",\"url\":\"https:\/\/relaxsrl.com\/\",\"name\":\"Relax srl\",\"description\":\"\",\"potentialAction\":[{\"@type\":\"SearchAction\",\"target\":{\"@type\":\"EntryPoint\",\"urlTemplate\":\"https:\/\/relaxsrl.com\/?s={search_term_string}\"},\"query-input\":\"required name=search_term_string\"}],\"inLanguage\":\"de-DE\"},{\"@type\":\"ImageObject\",\"inLanguage\":\"de-DE\",\"@id\":\"https:\/\/relaxsrl.com\/de\/produkte\/badezimmerambiente\/#primaryimage\",\"url\":\"https:\/\/relaxsrl.com\/website\/wp-content\/uploads\/2021\/10\/EVOX-SC1.jpg\",\"contentUrl\":\"https:\/\/relaxsrl.com\/website\/wp-content\/uploads\/2021\/10\/EVOX-SC1.jpg\",\"width\":961,\"height\":660,\"caption\":\"Duschabtrennung im modernen Stil mit schwarzen Profilen, in Nische\"},{\"@type\":\"WebPage\",\"@id\":\"https:\/\/relaxsrl.com\/de\/produkte\/badezimmerambiente\/#webpage\",\"url\":\"https:\/\/relaxsrl.com\/de\/produkte\/badezimmerambiente\/\",\"name\":\"Badezimmerambiente - Relax srl\",\"isPartOf\":{\"@id\":\"https:\/\/relaxsrl.com\/#website\"},\"primaryImageOfPage\":{\"@id\":\"https:\/\/relaxsrl.com\/de\/produkte\/badezimmerambiente\/#primaryimage\"},\"datePublished\":\"2022-08-11T13:40:50+00:00\",\"dateModified\":\"2024-11-18T13:45:11+00:00\",\"description\":\"Welcher Badezimmerstil passt zu Ihnen und Ihren Bed\u00fcrfnissen? Manchmal ist das nicht einfach.\",\"breadcrumb\":{\"@id\":\"https:\/\/relaxsrl.com\/de\/produkte\/badezimmerambiente\/#breadcrumb\"},\"inLanguage\":\"de-DE\",\"potentialAction\":[{\"@type\":\"ReadAction\",\"target\":[\"https:\/\/relaxsrl.com\/de\/produkte\/badezimmerambiente\/\"]}]},{\"@type\":\"BreadcrumbList\",\"@id\":\"https:\/\/relaxsrl.com\/de\/produkte\/badezimmerambiente\/#breadcrumb\",\"itemListElement\":[{\"@type\":\"ListItem\",\"position\":1,\"name\":\"Produkte\",\"item\":\"https:\/\/relaxsrl.com\/de\/produkte\/\"},{\"@type\":\"ListItem\",\"position\":2,\"name\":\"Badezimmerambiente\"}]}]}<\/script>\n<!-- \/ Yoast SEO Premium plugin. -->","yoast_head_json":{"title":"Badezimmerambiente - Relax srl","description":"Welcher Badezimmerstil passt zu Ihnen und Ihren Bed\u00fcrfnissen? Manchmal ist das nicht einfach.","robots":{"index":"index","follow":"follow","max-snippet":"max-snippet:-1","max-image-preview":"max-image-preview:large","max-video-preview":"max-video-preview:-1"},"canonical":"https:\/\/relaxsrl.com\/de\/produkte\/badezimmerambiente\/","og_locale":"de_DE","og_type":"article","og_title":"Badezimmerambiente - Relax srl","og_description":"Welcher Badezimmerstil passt zu Ihnen und Ihren Bed\u00fcrfnissen? Manchmal ist das nicht einfach.","og_url":"https:\/\/relaxsrl.com\/de\/produkte\/badezimmerambiente\/","og_site_name":"Relax srl","article_modified_time":"2024-11-18T13:45:11+00:00","og_image":[{"width":961,"height":660,"url":"https:\/\/relaxsrl.com\/website\/wp-content\/uploads\/2021\/10\/EVOX-SC1.jpg","type":"image\/jpeg"}],"twitter_card":"summary_large_image","twitter_misc":{"Gesch\u00e4tzte Lesezeit":"2 Minuten"},"schema":{"@context":"https:\/\/schema.org","@graph":[{"@type":"WebSite","@id":"https:\/\/relaxsrl.com\/#website","url":"https:\/\/relaxsrl.com\/","name":"Relax srl","description":"","potentialAction":[{"@type":"SearchAction","target":{"@type":"EntryPoint","urlTemplate":"https:\/\/relaxsrl.com\/?s={search_term_string}"},"query-input":"required name=search_term_string"}],"inLanguage":"de-DE"},{"@type":"ImageObject","inLanguage":"de-DE","@id":"https:\/\/relaxsrl.com\/de\/produkte\/badezimmerambiente\/#primaryimage","url":"https:\/\/relaxsrl.com\/website\/wp-content\/uploads\/2021\/10\/EVOX-SC1.jpg","contentUrl":"https:\/\/relaxsrl.com\/website\/wp-content\/uploads\/2021\/10\/EVOX-SC1.jpg","width":961,"height":660,"caption":"Duschabtrennung im modernen Stil mit schwarzen Profilen, in Nische"},{"@type":"WebPage","@id":"https:\/\/relaxsrl.com\/de\/produkte\/badezimmerambiente\/#webpage","url":"https:\/\/relaxsrl.com\/de\/produkte\/badezimmerambiente\/","name":"Badezimmerambiente - Relax srl","isPartOf":{"@id":"https:\/\/relaxsrl.com\/#website"},"primaryImageOfPage":{"@id":"https:\/\/relaxsrl.com\/de\/produkte\/badezimmerambiente\/#primaryimage"},"datePublished":"2022-08-11T13:40:50+00:00","dateModified":"2024-11-18T13:45:11+00:00","description":"Welcher Badezimmerstil passt zu Ihnen und Ihren Bed\u00fcrfnissen? Manchmal ist das nicht einfach.","breadcrumb":{"@id":"https:\/\/relaxsrl.com\/de\/produkte\/badezimmerambiente\/#breadcrumb"},"inLanguage":"de-DE","potentialAction":[{"@type":"ReadAction","target":["https:\/\/relaxsrl.com\/de\/produkte\/badezimmerambiente\/"]}]},{"@type":"BreadcrumbList","@id":"https:\/\/relaxsrl.com\/de\/produkte\/badezimmerambiente\/#breadcrumb","itemListElement":[{"@type":"ListItem","position":1,"name":"Produkte","item":"https:\/\/relaxsrl.com\/de\/produkte\/"},{"@type":"ListItem","position":2,"name":"Badezimmerambiente"}]}]}},"_links":{"self":[{"href":"https:\/\/relaxsrl.com\/de\/wp-json\/wp\/v2\/pages\/22913"}],"collection":[{"href":"https:\/\/relaxsrl.com\/de\/wp-json\/wp\/v2\/pages"}],"about":[{"href":"https:\/\/relaxsrl.com\/de\/wp-json\/wp\/v2\/types\/page"}],"author":[{"embeddable":true,"href":"https:\/\/relaxsrl.com\/de\/wp-json\/wp\/v2\/users\/3"}],"replies":[{"embeddable":true,"href":"https:\/\/relaxsrl.com\/de\/wp-json\/wp\/v2\/comments?post=22913"}],"version-history":[{"count":7,"href":"https:\/\/relaxsrl.com\/de\/wp-json\/wp\/v2\/pages\/22913\/revisions"}],"predecessor-version":[{"id":31408,"href":"https:\/\/relaxsrl.com\/de\/wp-json\/wp\/v2\/pages\/22913\/revisions\/31408"}],"up":[{"embeddable":true,"href":"https:\/\/relaxsrl.com\/de\/wp-json\/wp\/v2\/pages\/22867"}],"wp:featuredmedia":[{"embeddable":true,"href":"https:\/\/relaxsrl.com\/de\/wp-json\/wp\/v2\/media\/3294"}],"wp:attachment":[{"href":"https:\/\/relaxsrl.com\/de\/wp-json\/wp\/v2\/media?parent=22913"}],"curies":[{"name":"wp","href":"https:\/\/api.w.org\/{rel}","templated":true}]}}